{"id":2889,"date":"2024-07-18T12:53:54","date_gmt":"2024-07-18T12:53:54","guid":{"rendered":"https:\/\/aiartfree.online\/?page_id=2889"},"modified":"2024-07-20T06:31:00","modified_gmt":"2024-07-20T06:31:00","slug":"free-dalle-3","status":"publish","type":"page","link":"https:\/\/aiartfree.online\/es\/dalle-3-gratis\/","title":{"rendered":"Gratis DALL-E 3"},"content":{"rendered":"<h2 class=\"wp-block-heading\">C\u00f3mo utilizar DALL-E 3 gratis<\/h2>\n\n\n\n<ol class=\"wp-block-list\">\n<li class=\"\">Introduzca sus indicaciones<\/li>\n\n\n\n<li class=\"\">Haga clic en \"Ejecutar\".<\/li>\n\n\n\n<li class=\"\">\u00a1Espera, eso es!<\/li>\n<\/ol>\n\n\n\n<p class=\"\"><em>* Dependiendo de su velocidad de Internet, la carga del modelo puede tardar unos segundos.<br>* Habr\u00e1 cach\u00e9 durante la generaci\u00f3n continua, y la nueva imagen aparecer\u00e1 despu\u00e9s de unos 3 segundos.<\/em><\/p>\n\n\n\n<div style=\"text-align: center; border: 2px solid; border-image-source: linear-gradient(to right, #16b86c, #912899); border-image-slice: 1; box-shadow: 0 0 10px rgba(0, 0, 0, 0.1); border-radius: 15px;\">\n  <iframe loading=\"lazy\"\n    src=\"https:\/\/ehristoforu-dalle-3-xl-lora-v2.hf.space\"\n    frameborder=\"0\"\n    width=\"600\"\n    height=\"950\"\n    style=\"display: inline-block; margin: 0 auto;\"\n  ><\/iframe>\n<\/div>\n\n\n\n<div style=\"height:100px\" aria-hidden=\"true\" class=\"wp-block-spacer\"><\/div>\n\n\n\n<h1 class=\"gb-headline gb-headline-b91c046b gb-headline-text\"><strong>Presentaci\u00f3n gratuita de DALL-E 3<\/strong><\/h1>\n\n\n\n<figure class=\"wp-block-image size-large is-resized\"><img data-recalc-dims=\"1\" decoding=\"async\" width=\"1024\" height=\"1024\"   loading=\"lazy\" src=\"https:\/\/i0.wp.com\/aiartfree.online\/wp-content\/uploads\/2024\/07\/avocado-square-1-1-1-1-1-1-1-1-1-1-1-1-1.jpg?resize=1024%2C1024&#038;ssl=1\" alt=\"Gratis Online DALL-E 3: Modelo de IA que genera im\u00e1genes\/v\u00eddeos de alta calidad a partir de indicaciones de texto, revolucionando la creaci\u00f3n de contenidos generados por IA sin requerir habilidades art\u00edsticas.\" class=\"wp-image-2825\" style=\"width:416px;height:auto\" srcset=\"https:\/\/i0.wp.com\/aiartfree.online\/wp-content\/uploads\/2024\/07\/avocado-square-1-1-1-1-1-1-1-1-1-1-1-1-1.jpg?resize=1024%2C1024&amp;ssl=1 1024w, https:\/\/i0.wp.com\/aiartfree.online\/wp-content\/uploads\/2024\/07\/avocado-square-1-1-1-1-1-1-1-1-1-1-1-1-1.jpg?resize=300%2C300&amp;ssl=1 300w, https:\/\/i0.wp.com\/aiartfree.online\/wp-content\/uploads\/2024\/07\/avocado-square-1-1-1-1-1-1-1-1-1-1-1-1-1.jpg?resize=100%2C100&amp;ssl=1 100w, https:\/\/i0.wp.com\/aiartfree.online\/wp-content\/uploads\/2024\/07\/avocado-square-1-1-1-1-1-1-1-1-1-1-1-1-1.jpg?resize=600%2C600&amp;ssl=1 600w, https:\/\/i0.wp.com\/aiartfree.online\/wp-content\/uploads\/2024\/07\/avocado-square-1-1-1-1-1-1-1-1-1-1-1-1-1.jpg?resize=150%2C150&amp;ssl=1 150w, https:\/\/i0.wp.com\/aiartfree.online\/wp-content\/uploads\/2024\/07\/avocado-square-1-1-1-1-1-1-1-1-1-1-1-1-1.jpg?resize=768%2C768&amp;ssl=1 768w, https:\/\/i0.wp.com\/aiartfree.online\/wp-content\/uploads\/2024\/07\/avocado-square-1-1-1-1-1-1-1-1-1-1-1-1-1.jpg?resize=1536%2C1536&amp;ssl=1 1536w, https:\/\/i0.wp.com\/aiartfree.online\/wp-content\/uploads\/2024\/07\/avocado-square-1-1-1-1-1-1-1-1-1-1-1-1-1.jpg?resize=12%2C12&amp;ssl=1 12w, https:\/\/i0.wp.com\/aiartfree.online\/wp-content\/uploads\/2024\/07\/avocado-square-1-1-1-1-1-1-1-1-1-1-1-1-1.jpg?w=1792&amp;ssl=1 1792w\" sizes=\"auto, (max-width: 1024px) 100vw, 1024px\" \/><\/figure>\n\n\n\n<h2 class=\"wp-block-heading\"><strong>Esquema:<\/strong><\/h2>\n\n\n\n<ul class=\"wp-block-list\">\n<li class=\"\">\u00bfQu\u00e9 es DALL-E 3 online gratis?<\/li>\n\n\n\n<li class=\"\">\u00bfPor qu\u00e9 usar DALL-E 3 online gratis?<\/li>\n\n\n\n<li class=\"\">Ventajas de usar DALL-E 3 en l\u00ednea gratis<\/li>\n\n\n\n<li class=\"\">Cu\u00e1ndo usar gratis online DALL-E 3<\/li>\n\n\n\n<li class=\"\">Qui\u00e9n puede beneficiarse de DALL-E 3 en l\u00ednea gratis<\/li>\n\n\n\n<li class=\"\">Herramientas y recursos gratuitos en l\u00ednea sobre DALL-E 3<\/li>\n\n\n\n<li class=\"\">FAQ: Preguntas frecuentes sobre DALL-E 3 en l\u00ednea gratis<\/li>\n<\/ul>\n\n\n\n<h3 class=\"wp-block-heading\" id=\"6b4aa913\"><a href=\"https:\/\/dromerosm-groq-llama3.hf.space\/#6b4aa913\" target=\"_blank\" rel=\"noopener\"><\/a>\u00bfQu\u00e9 es DALL-E 3 gratis?<\/h3>\n\n\n\n<p class=\"\">Free Online DALL-E 3 es un tipo de modelo de inteligencia artificial (IA) que permite a los usuarios generar im\u00e1genes y v\u00eddeos de alta calidad utilizando indicaciones de texto. Esta innovadora tecnolog\u00eda ha revolucionado el campo de los contenidos generados por IA, permitiendo a los usuarios crear impresionantes efectos visuales sin necesidad de grandes conocimientos art\u00edsticos.<\/p>\n\n\n\n<h3 class=\"wp-block-heading\" id=\"1403ba15\"><a href=\"https:\/\/dromerosm-groq-llama3.hf.space\/#1403ba15\" target=\"_blank\" rel=\"noopener\"><\/a>\u00bfPor qu\u00e9 usar DALL-E 3 gratis?<\/h3>\n\n\n\n<p class=\"\">DALL-E 3 en l\u00ednea gratuito ofrece numerosas ventajas tanto a particulares como a empresas. Esta tecnolog\u00eda puede utilizarse para crear anuncios llamativos, contenidos para redes sociales e incluso historias enteras. Sus aplicaciones son ilimitadas, y su capacidad para generar im\u00e1genes de alta calidad la ha convertido en una herramienta esencial para muchos sectores, como el marketing, el entretenimiento y la educaci\u00f3n.<\/p>\n\n\n\n<h3 class=\"wp-block-heading\" id=\"6a9ba0cf\"><a href=\"https:\/\/dromerosm-groq-llama3.hf.space\/#6a9ba0cf\" target=\"_blank\" rel=\"noopener\"><\/a>Ventajas de utilizar DALL-E 3 gratis<\/h3>\n\n\n\n<p class=\"\">Estas son algunas de las ventajas de utilizar DALL-E 3 en l\u00ednea gratis:<\/p>\n\n\n\n<ul class=\"wp-block-list\">\n<li class=\"\"><strong>Calidad de imagen inigualable<\/strong>: Gratis Online DALL-E 3 genera im\u00e1genes comparables a las creadas por artistas profesionales.<\/li>\n\n\n\n<li class=\"\"><strong>Tiempo eficiente<\/strong>: Esta tecnolog\u00eda permite a los usuarios crear im\u00e1genes de alta calidad en cuesti\u00f3n de minutos, ahorrando tiempo y esfuerzo.<\/li>\n\n\n\n<li class=\"\"><strong>Rentable<\/strong>: Gratis Online DALL-E 3 elimina la necesidad de contratar artistas profesionales o comprar software caro.<\/li>\n<\/ul>\n\n\n\n<h3 class=\"wp-block-heading\" id=\"5ca44098\"><a href=\"https:\/\/dromerosm-groq-llama3.hf.space\/#5ca44098\" target=\"_blank\" rel=\"noopener\"><\/a>Cu\u00e1ndo usar gratis DALL-E 3<\/h3>\n\n\n\n<p class=\"\">Gratis Online DALL-E 3 es adecuado para varios escenarios, entre ellos:<\/p>\n\n\n\n<ul class=\"wp-block-list\">\n<li class=\"\"><strong>Campa\u00f1as de marketing<\/strong>: Cree anuncios llamativos y contenidos en las redes sociales para captar la atenci\u00f3n de su p\u00fablico objetivo.<\/li>\n\n\n\n<li class=\"\"><strong>Cuentacuentos<\/strong>: Utiliza DALL-E 3 online gratis para crear historias enteras, incluyendo personajes, fondos y atrezzo.<\/li>\n\n\n\n<li class=\"\"><strong>Educaci\u00f3n<\/strong>: Utilice esta tecnolog\u00eda para crear contenidos educativos interactivos y atractivos.<\/li>\n<\/ul>\n\n\n\n<h3 class=\"wp-block-heading\" id=\"a38adbc\"><a href=\"https:\/\/dromerosm-groq-llama3.hf.space\/#a38adbc\" target=\"_blank\" rel=\"noopener\"><\/a>Qui\u00e9n puede beneficiarse de DALL-E 3 gratis<\/h3>\n\n\n\n<p class=\"\">DALL-E 3 en l\u00ednea gratis puede beneficiar a varias personas e industrias, entre ellas:<\/p>\n\n\n\n<ul class=\"wp-block-list\">\n<li class=\"\"><strong>Vendedores<\/strong>: Cree im\u00e1genes de alta calidad para campa\u00f1as de marketing.<\/li>\n\n\n\n<li class=\"\"><strong>Artistas<\/strong>: Generar inspiraci\u00f3n para sus obras de arte o utilizarlo como herramienta para crear nuevas piezas.<\/li>\n\n\n\n<li class=\"\"><strong>Educadores<\/strong>: Cree contenidos educativos interactivos y atractivos.<\/li>\n<\/ul>\n\n\n\n<h3 class=\"wp-block-heading\" id=\"5e6df429\"><a href=\"https:\/\/dromerosm-groq-llama3.hf.space\/#5e6df429\" target=\"_blank\" rel=\"noopener\"><\/a>Herramientas y recursos gratuitos en l\u00ednea sobre DALL-E 3<\/h3>\n\n\n\n<p class=\"\">Aqu\u00ed tienes algunos recursos y herramientas en l\u00ednea que pueden ayudarte a empezar con DALL-E 3 en l\u00ednea gratis:<\/p>\n\n\n\n<figure class=\"wp-block-table\"><table class=\"has-fixed-layout\"><thead><tr><th>Recursos<\/th><th>Descripci\u00f3n<\/th><th>P\u00e1gina web<\/th><\/tr><\/thead><tbody><tr><td>AI Art Gratis Online<\/td><td>Una plataforma que ofrece un modelo gratuito en l\u00ednea de DALL-E 3<\/td><td><a href=\"https:\/\/aiartfree.online\/es\/free-online-dalle-3\/\" target=\"_blank\" rel=\"noreferrer noopener\">https:\/\/aiartfree.online\/free-online-dall%c2%b7e-3\/<\/a><\/td><\/tr><tr><td>DALL-E 3 GitHub<\/td><td>El repositorio oficial de GitHub para DALL-E 3<\/td><td><a href=\"https:\/\/github.com\/dalle\/dalle-3\" target=\"_blank\" rel=\"noreferrer noopener\">https:\/\/github.com\/dalle\/dalle-3<\/a><\/td><\/tr><tr><td>Comunidad art\u00edstica generada por IA<\/td><td>Una comunidad que debate sobre el arte generado por IA y DALL-E 3<\/td><td><a href=\"https:\/\/www.ai-generated-art.com\/\" target=\"_blank\" rel=\"noreferrer noopener\">https:\/\/www.ai-generated-art.com\/<\/a><\/td><\/tr><tr><td>&#8230;<\/td><td>&#8230;<\/td><td>&#8230;<\/td><\/tr><\/tbody><\/table><\/figure>\n\n\n\n<p class=\"\"><strong>Ventajas:<\/strong><\/p>\n\n\n\n<ul class=\"wp-block-list\">\n<li class=\"\">Interfaz f\u00e1cil de usar<\/li>\n\n\n\n<li class=\"\">Generaci\u00f3n de im\u00e1genes de alta calidad<\/li>\n\n\n\n<li class=\"\">Rentable<\/li>\n<\/ul>\n\n\n\n<p class=\"\"><strong>Desventajas:<\/strong><\/p>\n\n\n\n<ul class=\"wp-block-list\">\n<li class=\"\">Opciones de personalizaci\u00f3n limitadas<\/li>\n\n\n\n<li class=\"\">Requiere conocimientos t\u00e9cnicos<\/li>\n<\/ul>\n\n\n\n<p class=\"\"><strong>Desaf\u00edos:<\/strong><\/p>\n\n\n\n<ul class=\"wp-block-list\">\n<li class=\"\">Garantizar que las im\u00e1genes generadas no est\u00e9n sesgadas<\/li>\n\n\n\n<li class=\"\">Cuestiones de derechos de autor y propiedad<\/li>\n<\/ul>\n\n\n\n<p class=\"\"><strong>Recomendaci\u00f3n:<\/strong><\/p>\n\n\n\n<p class=\"\">Bas\u00e1ndonos en nuestras investigaciones, recomendamos utilizar&nbsp;<a href=\"https:\/\/aiartfree.online\/es\/free-online-dall\u00b7e-3\/\" target=\"_blank\" rel=\"noreferrer noopener\">AI Art Gratis Online<\/a>&nbsp;por su interfaz f\u00e1cil de usar y la generaci\u00f3n de im\u00e1genes de alta calidad.<\/p>\n\n\n\n<h3 class=\"wp-block-heading\" id=\"b571c93a\"><a href=\"https:\/\/dromerosm-groq-llama3.hf.space\/#b571c93a\" target=\"_blank\" rel=\"noopener\"><\/a>FAQ: Preguntas frecuentes sobre DALL-E 3 en l\u00ednea gratis<\/h3>\n\n\n\n<p class=\"\">Estas son algunas de las preguntas m\u00e1s frecuentes sobre DALL-E 3:<\/p>\n\n\n\n<p class=\"\"><strong>P1: \u00bfEs gratuito el uso de DALL-E 3?<\/strong>\u00a0A1: S\u00ed, el uso de DALL-E 3 en l\u00ednea es gratuito, con actualizaciones opcionales de pago.<\/p>\n\n\n\n<p class=\"\"><strong>P2: \u00bfPuedo utilizar DALL-E 3 gratis con fines comerciales?<\/strong>\u00a0A2: S\u00ed, puedes utilizar DALL-E 3 online gratis con fines comerciales, pero aseg\u00farate de cumplir las condiciones de uso.<\/p>\n\n\n\n<p class=\"\"><strong>P3: \u00bfCu\u00e1nto se tarda en generar una imagen con DALL-E 3 en l\u00ednea gratis?<\/strong>&nbsp;A3: El tiempo de generaci\u00f3n depende de la complejidad de la imagen y de los recursos inform\u00e1ticos utilizados. Por t\u00e9rmino medio, se tarda entre 1 y 5 minutos en generar una imagen.<\/p>\n\n\n\n<p class=\"\"><strong>P4: \u00bfPuedo personalizar las im\u00e1genes generadas?<\/strong>&nbsp;A4: S\u00ed, puede personalizar las im\u00e1genes generadas utilizando diversas herramientas y t\u00e9cnicas, como programas de edici\u00f3n y algoritmos de transferencia de estilos.<\/p>\n\n\n\n<p class=\"\"><strong>P5: \u00bfEs DALL-E 3 online gratis apto para principiantes?<\/strong>&nbsp;R5: S\u00ed, Free Online DALL-E 3 es apto para principiantes, con una interfaz intuitiva y sugerencias para guiarte en el proceso.<\/p>\n\n\n\n<p class=\"\"><strong>P6: \u00bfPuedo utilizar Free Online DALL-E 3 para generar v\u00eddeos?<\/strong>&nbsp;A6: S\u00ed, Free Online DALL-E 3 se puede utilizar para la generaci\u00f3n de v\u00eddeo, lo que le permite crear v\u00eddeos impresionantes con el m\u00ednimo esfuerzo.<\/p>\n\n\n\n<p class=\"\"><strong>P7: \u00bfExiste alguna limitaci\u00f3n para utilizar DALL-E 3 Online Gratis?<\/strong>&nbsp;R7: S\u00ed, existen limitaciones en el uso de DALL-E 3 Online Gratuito, como las limitadas opciones de personalizaci\u00f3n y los posibles sesgos en las im\u00e1genes generadas.<\/p>\n\n\n\n<p class=\"\"><strong>P8: \u00bfPuedo utilizar DALL-E 3 online gratis para contar historias?<\/strong>&nbsp;R8: S\u00ed, DALL-E 3 Online Gratis puede usarse para contar historias, permiti\u00e9ndote crear historias enteras con personajes, fondos y atrezzo.<\/p>\n\n\n\n<p class=\"\"><strong>P9: \u00bfEs DALL-E 3 online gratis adecuado para la educaci\u00f3n?<\/strong>&nbsp;R9: S\u00ed, DALL-E 3 Online Gratuito es adecuado para la educaci\u00f3n, ya que permite a los educadores crear contenidos educativos interactivos y atractivos.<\/p>\n\n\n\n<p class=\"\"><strong>P10: \u00bfC\u00f3mo empiezo con DALL-E 3 en l\u00ednea gratis?<\/strong>&nbsp;R10: Para empezar a utilizar DALL-E 3 gratis en l\u00ednea, s\u00f3lo tienes que visitar el sitio web, registrarte y seguir las instrucciones y directrices que se ofrecen.<\/p>","protected":false},"excerpt":{"rendered":"<p>How to use the Free DALL\u00b7E 3 *&nbsp;Depending on your internet speed, loading the model may take a few seconds.* There will be caching during continuous generation, and the new image will appear after about 3 seconds. Introduction of Free DALL\u00b7E 3 Outline: What is Free DALL\u00b7E 3? Free Online DALL\u00b7E 3 is a type &#8230; <a title=\"Gratis DALL-E 3\" class=\"read-more\" href=\"https:\/\/aiartfree.online\/es\/dalle-3-gratis\/\" aria-label=\"Leer m\u00e1s sobre Free DALL\u00b7E 3\">Leer m\u00e1s<\/a><\/p>","protected":false},"author":1,"featured_media":0,"parent":0,"menu_order":0,"comment_status":"open","ping_status":"closed","template":"","meta":{"nf_dc_page":"","footnotes":""},"class_list":["post-2889","page","type-page","status-publish"],"jetpack_sharing_enabled":true,"_links":{"self":[{"href":"https:\/\/aiartfree.online\/es\/wp-json\/wp\/v2\/pages\/2889","targetHints":{"allow":["GET"]}}],"collection":[{"href":"https:\/\/aiartfree.online\/es\/wp-json\/wp\/v2\/pages"}],"about":[{"href":"https:\/\/aiartfree.online\/es\/wp-json\/wp\/v2\/types\/page"}],"author":[{"embeddable":true,"href":"https:\/\/aiartfree.online\/es\/wp-json\/wp\/v2\/users\/1"}],"replies":[{"embeddable":true,"href":"https:\/\/aiartfree.online\/es\/wp-json\/wp\/v2\/comments?post=2889"}],"version-history":[{"count":0,"href":"https:\/\/aiartfree.online\/es\/wp-json\/wp\/v2\/pages\/2889\/revisions"}],"wp:attachment":[{"href":"https:\/\/aiartfree.online\/es\/wp-json\/wp\/v2\/media?parent=2889"}],"curies":[{"name":"wp","href":"https:\/\/api.w.org\/{rel}","templated":true}]}}