{"id":2888,"date":"2024-07-18T11:45:49","date_gmt":"2024-07-18T11:45:49","guid":{"rendered":"https:\/\/aiartfree.online\/?page_id=2888"},"modified":"2025-03-07T08:01:42","modified_gmt":"2025-03-07T08:01:42","slug":"free-online-stable-diffusion-3","status":"publish","type":"page","link":"https:\/\/aiartfree.online\/es\/difusion-estable-online-gratuita-3\/","title":{"rendered":"Difusi\u00f3n estable en l\u00ednea gratuita 3"},"content":{"rendered":"<h2 class=\"wp-block-heading has-text-align-center\" id=\"what-our-users-made\">Lo que hicieron nuestros usuarios<\/h2>\n\n\n\n<figure class=\"gb-block-image gb-block-image-1822da1f\"><img data-recalc-dims=\"1\" decoding=\"async\" loading=\"lazy\" width=\"1200\" height=\"199\" class=\"gb-image gb-image-1822da1f\" src=\"https:\/\/i0.wp.com\/aiartfree.online\/wp-content\/uploads\/2024\/08\/WX20240802-163255%402x-scaled.webp?resize=1200%2C199&#038;ssl=1\" alt=\"Stable Diffusion 3 es un modelo de IA que permite a los usuarios generar im\u00e1genes de alta calidad utilizando indicaciones de texto, lo que permite a los usuarios crear elementos visuales sin necesidad de tener conocimientos art\u00edsticos.\" title=\"WX20240802-163255@2x\" srcset=\"https:\/\/i0.wp.com\/aiartfree.online\/wp-content\/uploads\/2024\/08\/WX20240802-163255%402x-scaled.webp?w=2560&amp;ssl=1 2560w, https:\/\/i0.wp.com\/aiartfree.online\/wp-content\/uploads\/2024\/08\/WX20240802-163255%402x-scaled.webp?resize=300%2C50&amp;ssl=1 300w, https:\/\/i0.wp.com\/aiartfree.online\/wp-content\/uploads\/2024\/08\/WX20240802-163255%402x-scaled.webp?resize=1024%2C170&amp;ssl=1 1024w, https:\/\/i0.wp.com\/aiartfree.online\/wp-content\/uploads\/2024\/08\/WX20240802-163255%402x-scaled.webp?resize=768%2C127&amp;ssl=1 768w, https:\/\/i0.wp.com\/aiartfree.online\/wp-content\/uploads\/2024\/08\/WX20240802-163255%402x-scaled.webp?resize=1536%2C254&amp;ssl=1 1536w, https:\/\/i0.wp.com\/aiartfree.online\/wp-content\/uploads\/2024\/08\/WX20240802-163255%402x-scaled.webp?resize=2048%2C339&amp;ssl=1 2048w, https:\/\/i0.wp.com\/aiartfree.online\/wp-content\/uploads\/2024\/08\/WX20240802-163255%402x-scaled.webp?resize=18%2C3&amp;ssl=1 18w, https:\/\/i0.wp.com\/aiartfree.online\/wp-content\/uploads\/2024\/08\/WX20240802-163255%402x-scaled.webp?resize=600%2C99&amp;ssl=1 600w, https:\/\/i0.wp.com\/aiartfree.online\/wp-content\/uploads\/2024\/08\/WX20240802-163255%402x-scaled.webp?w=2400&amp;ssl=1 2400w\" sizes=\"auto, (max-width: 1200px) 100vw, 1200px\" \/><\/figure>\n\n\n\n<h2 class=\"wp-block-heading\" id=\"how-to-use-the-free-free-online-stable-diffusion-3\">C\u00f3mo utilizar la difusi\u00f3n estable en l\u00ednea gratuita 3<\/h2>\n\n\n\n<ol class=\"wp-block-list\">\n<li class=\"\">Introduzca sus indicaciones<\/li>\n\n\n\n<li class=\"\">Haga clic en \"Ejecutar\".<\/li>\n\n\n\n<li class=\"\">\u00a1Espera, eso es!<\/li>\n\n\n\n<li class=\"\">\u00bfNo est\u00e1 satisfecho con el resultado? <br>No hay problema, utiliza el generador de prompts para obtener prompts\uff5e revolucionarios.<\/li>\n\n\n\n<li class=\"\">\u00bfNing\u00fan pensamiento en tu mente?<br>No hay problema. <a href=\"#maodian\" data-type=\"internal\" data-id=\"#maodian\">Haz clic para ver nuestra galer\u00eda de preguntas<\/a><\/li>\n<\/ol>\n\n\n\n<p class=\"\">* No dudes en probar nuestros ejemplos a continuaci\u00f3n si no tienes ninguna idea en la cabeza<\/p>\n\n\n\n<h3 class=\"wp-block-heading\" id=\"prompt-examples\">Ejemplos de preguntas<\/h3>\n\n\n\n<ol style=\"font-size:16px\" class=\"wp-block-list\">\n<li class=\"\">impresionante ilustraci\u00f3n de novela gr\u00e1fica altamente detallada de morgan freeman conduciendo una motocicleta harley davidson , oscura y arenosa<\/li>\n\n\n\n<li class=\"\">Impresionante ilustraci\u00f3n de novela gr\u00e1fica En medio de la vasta extensi\u00f3n de una nebulosa, flota un astronauta solitario, atado a una luminosa nave estelar. Los radiantes gases de la nebulosa danzan a su alrededor, reflejando vibrantes colores en el traje, creando un ballet de luz y movimiento.<\/li>\n\n\n\n<li class=\"\">impresionante ilustraci\u00f3n de novela gr\u00e1fica de En una encrucijada de un p\u00e1ramo postapocal\u00edptico, un vagabundo con una guitarra hecha de chatarra canta historias del viejo mundo. Las criaturas mutantes se re\u00fanen alrededor de la hoguera, con los ojos llenos de nostalgia.<\/li>\n\n\n\n<li class=\"\">impresionante ilustraci\u00f3n de novela gr\u00e1fica de Un ni\u00f1o persiguiendo mariposas de colores en un prado vibrante.<\/li>\n\n\n\n<li class=\"\">impresionante ilustraci\u00f3n de novela gr\u00e1fica En una playa donde las olas se tejen con historias, un narrador con un telar de luz de luna elabora cuentos a partir de las mareas. Las conchas susurran leyendas y el horizonte es un tapiz de aventuras a\u00fan por contar.<\/li>\n\n\n\n<li class=\"\">Impresionante ilustraci\u00f3n de novela gr\u00e1fica de un halc\u00f3n sobrevolando un desierto, en busca de su presa.<\/li>\n\n\n\n<li class=\"\">impresionante ilustraci\u00f3n de novela gr\u00e1fica En las profundidades del c\u00edrculo polar \u00e1rtico, una aurora pinta el cielo con vibrantes tonos verdes, rosas y p\u00farpuras. La nieve refleja esta danza de luces y el mundo se ve envuelto en una fascinante sinfon\u00eda de colores.<\/li>\n\n\n\n<li class=\"\">Impresionante ilustraci\u00f3n de novela gr\u00e1fica de un artista del tatuaje detallando un intrincado dise\u00f1o en la espalda de un cliente.<\/li>\n\n\n\n<li class=\"\">impresionante ilustraci\u00f3n de novela gr\u00e1fica de Una mujer, envuelta en sedas de colores, leyendo las cartas del tarot en una tienda iluminada con velas.<\/li>\n\n\n\n<li class=\"\">impresionante ilustraci\u00f3n de novela gr\u00e1fica de Dos espele\u00f3logos cartografiando una profunda caverna, con antorchas iluminando el camino.<\/li>\n<\/ol>\n\n\n\n<figure class=\"gb-block-image gb-block-image-032aac41\"><a href=\"https:\/\/fas.st\/t\/9U4PYbm7\" target=\"_blank\" rel=\"noopener noreferrer\"><img data-recalc-dims=\"1\" decoding=\"async\" loading=\"lazy\" width=\"1200\" height=\"365\" class=\"gb-image gb-image-032aac41\" src=\"https:\/\/i0.wp.com\/aiartfree.online\/wp-content\/uploads\/2025\/03\/WX20250307-115412%402x.webp?resize=1200%2C365&#038;ssl=1\" alt=\"\" title=\"WX20250307-115412@2x\" srcset=\"https:\/\/i0.wp.com\/aiartfree.online\/wp-content\/uploads\/2025\/03\/WX20250307-115412%402x.webp?w=1942&amp;ssl=1 1942w, https:\/\/i0.wp.com\/aiartfree.online\/wp-content\/uploads\/2025\/03\/WX20250307-115412%402x.webp?resize=300%2C91&amp;ssl=1 300w, https:\/\/i0.wp.com\/aiartfree.online\/wp-content\/uploads\/2025\/03\/WX20250307-115412%402x.webp?resize=1024%2C312&amp;ssl=1 1024w, https:\/\/i0.wp.com\/aiartfree.online\/wp-content\/uploads\/2025\/03\/WX20250307-115412%402x.webp?resize=768%2C234&amp;ssl=1 768w, https:\/\/i0.wp.com\/aiartfree.online\/wp-content\/uploads\/2025\/03\/WX20250307-115412%402x.webp?resize=1536%2C467&amp;ssl=1 1536w, https:\/\/i0.wp.com\/aiartfree.online\/wp-content\/uploads\/2025\/03\/WX20250307-115412%402x.webp?resize=18%2C5&amp;ssl=1 18w, https:\/\/i0.wp.com\/aiartfree.online\/wp-content\/uploads\/2025\/03\/WX20250307-115412%402x.webp?resize=600%2C183&amp;ssl=1 600w\" sizes=\"auto, (max-width: 1200px) 100vw, 1200px\" \/><\/a><\/figure>\n\n\n\n<p class=\"\"><em>* Dependiendo de su velocidad de Internet, la carga del modelo puede tardar unos segundos.<br>* Habr\u00e1 cach\u00e9 durante la generaci\u00f3n continua, y la nueva imagen aparecer\u00e1 despu\u00e9s de unos 3 segundos.<\/em><\/p>\n\n\n\n<div class=\"iframe-wrapper\" style=\"position: relative; width: 100%; height: 1260px;\">\n  <div class=\"loading\" style=\"position: absolute; top: 50px; left: 50%; transform: translate(-50%, -50%); width: 40px; height: 40px; border: 3px solid #f0f0f0; border-top: 3px solid #db7093; border-radius: 50%; animation: spin 1s linear infinite;\"><\/div>\n  <iframe loading=\"lazy\" src=\"https:\/\/prodia-fast-stable-diffusion.hf.space\" frameborder=\"0\" width=\"100%\" height=\"100%\" style=\"position: absolute; top: 0; left: 0; opacity: 0; transition: opacity 0.3s;\" onload=\"this.style.opacity=1;this.previousElementSibling.style.display='none';\"><\/iframe>\n<\/div>\n\n<style>\n@keyframes spin {\n  0% { transform: translate(-50%, -50%) rotate(0deg); }\n  100% { transform: translate(-50%, -50%) rotate(360deg); }\n}\n<\/style>\n\n\n\n<div style=\"text-align: center; border: 2px solid; border-image-source: linear-gradient(to right, #16b86c, #912899); border-image-slice: 1; box-shadow: 0 0 10px rgba(0, 0, 0, 0.1); border-radius: 15px;\">\n  <iframe loading=\"lazy\"\n    src=\"https:\/\/doevent-stable-diffusion-prompt-generator.hf.space\"\n    frameborder=\"0\"\n    width=\"100%\"\n    height=\"900\"\n    style=\"display: inline-block; margin: 0 auto;\"\n  ><\/iframe>\n<\/div>\n\n\n\n<div style=\"height:50px\" aria-hidden=\"true\" class=\"wp-block-spacer\"><\/div>\n\n\n\n<h2 class=\"wp-block-heading has-text-align-center\" id=\"drawing-prompts-gallery-of-stable-diffusion\">Galer\u00eda de Dibujos de Difusi\u00f3n Estable<\/h2>\n\n\n\n<h3 class=\"wp-block-heading\" id=\"how-to-use-it\">\u00bfC\u00f3mo utilizarlo?<\/h3>\n\n\n\n<ol class=\"wp-block-list\">\n<li class=\"\">Haga clic en el icono superior derecho de la imagen para duplicar la indicaci\u00f3n<\/li>\n\n\n\n<li class=\"\">Despl\u00e1cese hacia arriba y pegue su revolucionada indicaci\u00f3n para la generaci\u00f3n<\/li>\n<\/ol>\n\n\n\n<div style=\"text-align: center; border: 2px solid; border-image-source: linear-gradient(to right, #16b86c, #912899); border-image-slice: 1; box-shadow: 0 0 10px rgba(0, 0, 0, 0.1); border-radius: 15px; position: relative;\">\n  <div id=\"loading\" style=\"position: absolute; top: 100px; left: 50%; transform: translate(-50%, -50%); z-index: 1000;\">\n    <div style=\"width: 50px; height: 50px; border: 5px solid #f3f3f3; border-top: 5px solid #16b86c; border-radius: 50%; animation: spin 1s linear infinite;\"><\/div>\n  <\/div>\n  <iframe loading=\"lazy\"\n    src=\"https:\/\/prithivmlmods-top-prompt-collection.static.hf.space\"\n    frameborder=\"0\"\n    width=\"100%\"\n    height=\"2600\"\n    style=\"display: inline-block; margin: 0 auto;\"\n    onload=\"document.getElementById('loading').style.display='none';\"\n  ><\/iframe>\n<\/div>\n\n<style>\n  @keyframes spin {\n    0% { transform: rotate(0deg); }\n    100% { transform: rotate(360deg); }\n  }\n<\/style>\n\n\n\n<div style=\"height:50px\" aria-hidden=\"true\" class=\"wp-block-spacer\"><\/div>\n\n\n\n<h2 class=\"wp-block-heading\" id=\"introduction-of-free-online-stable-diffusion-3\">Introducci\u00f3n de la difusi\u00f3n estable en l\u00ednea gratuita 3<\/h2>\n\n\n\n<p class=\"\">Descubra c\u00f3mo Free Online Stable Diffusion 3 est\u00e1 revolucionando el mundo del arte generado por IA. Esta gu\u00eda abarcar\u00e1 todo lo que necesitas saber sobre esta potente herramienta, desde su definici\u00f3n y ventajas hasta sus usuarios ideales y las preguntas m\u00e1s frecuentes.<\/p>\n\n\n\n<div class=\"wp-block-rank-math-toc-block\" id=\"rank-math-toc\"><h3>\u00cdndice<\/h3><nav><ul><li><a href=\"#how-to-use-it\">\u00bfC\u00f3mo utilizarlo?<\/a><\/li><li><a href=\"#\ufffc-what-is-free-online-stable-diffusion-3\">\ufffc\u00bfQu\u00e9 es la difusi\u00f3n estable en l\u00ednea gratuita 3?<\/a><\/li><li><a href=\"#\ufffc-why-use-free-online-stable-diffusion-3\">\ufffc\u00bfPor qu\u00e9 utilizar la difusi\u00f3n estable en l\u00ednea gratuita 3?<\/a><\/li><li><a href=\"#\ufffc-benefits-of-using-free-online-stable-diffusion-3\">\ufffcBeneficios del uso de la difusi\u00f3n estable en l\u00ednea gratuita 3<\/a><\/li><li><a href=\"#\ufffc-when-to-use-free-online-stable-diffusion-3\">\ufffcCu\u00e1ndo utilizar la difusi\u00f3n estable en l\u00ednea gratuita 3<\/a><\/li><li><a href=\"#\ufffc-who-can-benefit-from-free-online-stable-diffusion-3\">\ufffcQui\u00e9n puede beneficiarse de la difusi\u00f3n estable en l\u00ednea gratuita 3<\/a><\/li><li><a href=\"#\ufffc-free-online-stable-diffusion-3-tools-and-resources\">\ufffcFree Online Difusi\u00f3n Estable 3 Herramientas y Recursos<\/a><\/li><li><a href=\"#\ufffcfaq-frequently-asked-questions-about-free-online-stable-diffusion-3\">\ufffcFAQ: Preguntas frecuentes sobre la difusi\u00f3n estable en l\u00ednea gratuita 3<\/a><\/li><\/ul><\/nav><\/div>\n\n\n\n<h3 class=\"wp-block-heading\" id=\"\ufffc-what-is-free-online-stable-diffusion-3\"><a href=\"https:\/\/dromerosm-groq-llama3.hf.space\/#57aaf246\" target=\"_blank\" rel=\"noopener\"><\/a>\u00bfQu\u00e9 es la difusi\u00f3n estable en l\u00ednea gratuita 3?<\/h3>\n\n\n\n<p class=\"\">Free Online Stable Diffusion 3 es un tipo de modelo de inteligencia artificial (IA) que permite a los usuarios generar im\u00e1genes y v\u00eddeos de alta calidad utilizando indicaciones de texto. Esta innovadora tecnolog\u00eda ha revolucionado el campo de los contenidos generados por IA, permitiendo a los usuarios crear impresionantes efectos visuales sin necesidad de grandes conocimientos art\u00edsticos.<\/p>\n\n\n\n<h3 class=\"wp-block-heading\" id=\"\ufffc-why-use-free-online-stable-diffusion-3\"><a href=\"https:\/\/dromerosm-groq-llama3.hf.space\/#1b6e5ba1\" target=\"_blank\" rel=\"noopener\"><\/a>\u00bfPor qu\u00e9 utilizar la difusi\u00f3n estable en l\u00ednea gratuita 3?<\/h3>\n\n\n\n<p class=\"\">La difusi\u00f3n estable en l\u00ednea gratuita 3 ofrece numerosas ventajas tanto a particulares como a empresas. Esta tecnolog\u00eda puede utilizarse para crear anuncios llamativos, contenidos para redes sociales e incluso historias enteras. Sus aplicaciones son ilimitadas, y su capacidad para generar im\u00e1genes de alta calidad la ha convertido en una herramienta esencial para muchos sectores, como el marketing, el entretenimiento y la educaci\u00f3n.<\/p>\n\n\n\n<h3 class=\"wp-block-heading\" id=\"\ufffc-benefits-of-using-free-online-stable-diffusion-3\"><a href=\"https:\/\/dromerosm-groq-llama3.hf.space\/#10ad74a\" target=\"_blank\" rel=\"noopener\"><\/a>Ventajas de la difusi\u00f3n estable en l\u00ednea gratuita 3<\/h3>\n\n\n\n<p class=\"\">Estas son algunas de las ventajas de utilizar la Difusi\u00f3n Estable 3 en l\u00ednea gratuita:<\/p>\n\n\n\n<ul class=\"wp-block-list\">\n<li class=\"\"><strong>Calidad de imagen inigualable<\/strong>: Free Online Stable Diffusion 3 genera im\u00e1genes comparables a las creadas por artistas profesionales.<\/li>\n\n\n\n<li class=\"\"><strong>Tiempo eficiente<\/strong>: Esta tecnolog\u00eda permite a los usuarios crear im\u00e1genes de alta calidad en cuesti\u00f3n de minutos, ahorrando tiempo y esfuerzo.<\/li>\n\n\n\n<li class=\"\"><strong>Rentable<\/strong>: Free Online Stable Diffusion 3 elimina la necesidad de contratar artistas profesionales o comprar software caro.<\/li>\n<\/ul>\n\n\n\n<h3 class=\"wp-block-heading\" id=\"\ufffc-when-to-use-free-online-stable-diffusion-3\"><a href=\"https:\/\/dromerosm-groq-llama3.hf.space\/#fa570b08\" target=\"_blank\" rel=\"noopener\"><\/a>Cu\u00e1ndo utilizar la difusi\u00f3n estable en l\u00ednea gratuita 3<\/h3>\n\n\n\n<p class=\"\">La difusi\u00f3n estable en l\u00ednea gratuita 3 es adecuada para varios escenarios, entre ellos:<\/p>\n\n\n\n<ul class=\"wp-block-list\">\n<li class=\"\"><strong>Campa\u00f1as de marketing<\/strong>: Cree anuncios llamativos y contenidos en las redes sociales para captar la atenci\u00f3n de su p\u00fablico objetivo.<\/li>\n\n\n\n<li class=\"\"><strong>Cuentacuentos<\/strong>: Utiliza Free Online Stable Diffusion 3 para crear historias enteras, incluyendo personajes, fondos y atrezzo.<\/li>\n\n\n\n<li class=\"\"><strong>Educaci\u00f3n<\/strong>: Utilice esta tecnolog\u00eda para crear contenidos educativos interactivos y atractivos.<\/li>\n<\/ul>\n\n\n\n<h3 class=\"wp-block-heading\" id=\"\ufffc-who-can-benefit-from-free-online-stable-diffusion-3\"><a href=\"https:\/\/dromerosm-groq-llama3.hf.space\/#8a0a08f4\" target=\"_blank\" rel=\"noopener\"><\/a>Qui\u00e9n puede beneficiarse de la difusi\u00f3n estable gratuita en l\u00ednea 3<\/h3>\n\n\n\n<p class=\"\">La difusi\u00f3n estable gratuita en l\u00ednea 3 puede beneficiar a varias personas e industrias, entre ellas:<\/p>\n\n\n\n<ul class=\"wp-block-list\">\n<li class=\"\"><strong>Vendedores<\/strong>: Cree im\u00e1genes de alta calidad para campa\u00f1as de marketing.<\/li>\n\n\n\n<li class=\"\"><strong>Artistas<\/strong>: Generar inspiraci\u00f3n para sus obras de arte o utilizarlo como herramienta para crear nuevas piezas.<\/li>\n\n\n\n<li class=\"\"><strong>Educadores<\/strong>: Cree contenidos educativos interactivos y atractivos.<\/li>\n<\/ul>\n\n\n\n<h3 class=\"wp-block-heading\" id=\"\ufffc-free-online-stable-diffusion-3-tools-and-resources\"><a href=\"https:\/\/dromerosm-groq-llama3.hf.space\/#d1f9532f\" target=\"_blank\" rel=\"noopener\"><\/a>Herramientas y recursos gratuitos en l\u00ednea sobre difusi\u00f3n estable 3<\/h3>\n\n\n\n<p class=\"\">He aqu\u00ed algunos recursos y herramientas en l\u00ednea que pueden ayudarle a iniciarse en la difusi\u00f3n estable 3 en l\u00ednea gratuita:<\/p>\n\n\n\n<figure class=\"wp-block-table\"><table class=\"has-fixed-layout\"><thead><tr><th>Recursos<\/th><th>Descripci\u00f3n<\/th><th>P\u00e1gina web<\/th><\/tr><\/thead><tbody><tr><td>AI Art Gratis Online<\/td><td>Una plataforma que ofrece un modelo gratuito de difusi\u00f3n estable 3 en l\u00ednea<\/td><td><a href=\"https:\/\/aiartfree.online\/es\/difusion-estable-online-gratuita-3\/\" target=\"_blank\" rel=\"noreferrer noopener\">https:\/\/aiartfree.online\/free-online-stable-diffusion-3<\/a><\/td><\/tr><tr><td>Difusi\u00f3n estable 3 GitHub<\/td><td>El repositorio oficial de GitHub para Stable Diffusion 3<\/td><td><a href=\"https:\/\/github.com\/stablediffusion\/stablediffusion-3\" target=\"_blank\" rel=\"noreferrer noopener\">https:\/\/github.com\/stablediffusion\/stablediffusion-3<\/a><\/td><\/tr><tr><td>Comunidad art\u00edstica generada por IA<\/td><td>Una comunidad que debate sobre el arte generado por IA y la Difusi\u00f3n Estable 3<\/td><td><a href=\"https:\/\/www.ai-generated-art.com\/\" target=\"_blank\" rel=\"noreferrer noopener\">https:\/\/www.ai-generated-art.com\/<\/a><\/td><\/tr><tr><td>&#8230;<\/td><td>&#8230;<\/td><td>&#8230;<\/td><\/tr><\/tbody><\/table><\/figure>\n\n\n\n<p class=\"\"><strong>Ventajas:<\/strong><\/p>\n\n\n\n<ul class=\"wp-block-list\">\n<li class=\"\">Interfaz f\u00e1cil de usar<\/li>\n\n\n\n<li class=\"\">Generaci\u00f3n de im\u00e1genes de alta calidad<\/li>\n\n\n\n<li class=\"\">Rentable<\/li>\n<\/ul>\n\n\n\n<p class=\"\"><strong>Desventajas:<\/strong><\/p>\n\n\n\n<ul class=\"wp-block-list\">\n<li class=\"\">Opciones de personalizaci\u00f3n limitadas<\/li>\n\n\n\n<li class=\"\">Requiere conocimientos t\u00e9cnicos<\/li>\n<\/ul>\n\n\n\n<p class=\"\"><strong>Desaf\u00edos:<\/strong><\/p>\n\n\n\n<ul class=\"wp-block-list\">\n<li class=\"\">Garantizar que las im\u00e1genes generadas no est\u00e9n sesgadas<\/li>\n\n\n\n<li class=\"\">Cuestiones de derechos de autor y propiedad<\/li>\n<\/ul>\n\n\n\n<p class=\"\"><strong>Recomendaci\u00f3n:<\/strong><\/p>\n\n\n\n<p class=\"\">Bas\u00e1ndonos en nuestras investigaciones, recomendamos utilizar&nbsp;<a href=\"https:\/\/aiartfree.online\/es\/difusion-estable-online-gratuita-3\/\" target=\"_blank\" rel=\"noreferrer noopener\">AI Art Gratis Online<\/a>&nbsp;por su interfaz f\u00e1cil de usar y la generaci\u00f3n de im\u00e1genes de alta calidad.<\/p>\n\n\n\n<h3 class=\"wp-block-heading\" id=\"\ufffcfaq-frequently-asked-questions-about-free-online-stable-diffusion-3\"><a href=\"https:\/\/dromerosm-groq-llama3.hf.space\/#5a006b1f\" target=\"_blank\" rel=\"noopener\"><\/a>FAQ: Preguntas frecuentes sobre la difusi\u00f3n estable en l\u00ednea gratuita 3<\/h3>\n\n\n\n<p class=\"\">Estas son algunas de las preguntas m\u00e1s frecuentes sobre Difusi\u00f3n estable en l\u00ednea gratuita 3:<\/p>\n\n\n\n<p class=\"\"><strong>P1: \u00bfEs gratuito el uso de Free Online Stable Diffusion 3?<\/strong>&nbsp;A1: S\u00ed, la difusi\u00f3n estable en l\u00ednea gratuita 3 es de uso gratuito, con actualizaciones opcionales de pago.<\/p>\n\n\n\n<p class=\"\"><strong>P2: \u00bfPuedo utilizar Free Online Stable Diffusion 3 con fines comerciales?<\/strong>&nbsp;A2: S\u00ed, puede utilizar Free Online Stable Diffusion 3 con fines comerciales, pero aseg\u00farese de cumplir las condiciones de uso.<\/p>\n\n\n\n<p class=\"\"><strong>P3: \u00bfCu\u00e1nto se tarda en generar una imagen con Free Online Stable Diffusion 3?<\/strong>&nbsp;A3: El tiempo de generaci\u00f3n depende de la complejidad de la imagen y de los recursos inform\u00e1ticos utilizados. Por t\u00e9rmino medio, se tarda entre 1 y 5 minutos en generar una imagen.<\/p>\n\n\n\n<p class=\"\"><strong>P4: \u00bfPuedo personalizar las im\u00e1genes generadas?<\/strong>&nbsp;A4: S\u00ed, puede personalizar las im\u00e1genes generadas utilizando diversas herramientas y t\u00e9cnicas, como programas de edici\u00f3n y algoritmos de transferencia de estilos.<\/p>\n\n\n\n<p class=\"\"><strong>P5: \u00bfEs Free Online Stable Diffusion 3 adecuado para principiantes?<\/strong>&nbsp;R5: S\u00ed, Free Online Stable Diffusion 3 es apto para principiantes, con una interfaz intuitiva y sugerencias para guiarte en el proceso.<\/p>\n\n\n\n<p class=\"\"><strong>P6: \u00bfPuedo utilizar Free Online Stable Diffusion 3 para generar v\u00eddeos?<\/strong>&nbsp;A6: S\u00ed, Free Online Stable Diffusion 3 se puede utilizar para la generaci\u00f3n de v\u00eddeo, lo que le permite crear v\u00eddeos impresionantes con el m\u00ednimo esfuerzo.<\/p>\n\n\n\n<p class=\"\"><strong>P7: \u00bfExiste alguna limitaci\u00f3n para utilizar Free Online Stable Diffusion 3?<\/strong>&nbsp;R7: S\u00ed, existen limitaciones en el uso de Free Online Stable Diffusion 3, incluyendo opciones de personalizaci\u00f3n limitadas y posibles sesgos en las im\u00e1genes generadas.<\/p>\n\n\n\n<p class=\"\"><strong>P8: \u00bfPuedo utilizar Free Online Stable Diffusion 3 para contar historias?<\/strong>&nbsp;R8: S\u00ed, Free Online Stable Diffusion 3 puede utilizarse para contar historias, permiti\u00e9ndote crear historias enteras con personajes, fondos y atrezzo.<\/p>\n\n\n\n<p class=\"\"><strong>P9: \u00bfEs Free Online Stable Diffusion 3 adecuada para la educaci\u00f3n?<\/strong>&nbsp;R9: S\u00ed, Free Online Stable Diffusion 3 es adecuado para la educaci\u00f3n, ya que permite a los educadores crear contenidos educativos interactivos y atractivos.<\/p>\n\n\n\n<p class=\"\"><strong>P10: \u00bfC\u00f3mo empiezo con Difusi\u00f3n Estable 3 en l\u00ednea gratuita?<\/strong>&nbsp;R10: Para empezar a utilizar Free Online Stable Diffusion 3, s\u00f3lo tienes que visitar el sitio web, registrarte y seguir los tutoriales y las directrices que se ofrecen.<\/p>","protected":false},"excerpt":{"rendered":"<p>What our users made How to use the Free Free Online Stable Diffusion 3 * Feel free to try our examples below if you don&#8217;t have any thoughts in your mind Prompt Examples *&nbsp;Depending on your internet speed, loading the model may take a few seconds.* There will be caching during continuous generation, and the &#8230; <a title=\"Difusi\u00f3n estable en l\u00ednea gratuita 3\" class=\"read-more\" href=\"https:\/\/aiartfree.online\/es\/difusion-estable-online-gratuita-3\/\" aria-label=\"Leer m\u00e1s sobre Free Online Stable Diffusion 3\">Leer m\u00e1s<\/a><\/p>","protected":false},"author":1,"featured_media":0,"parent":0,"menu_order":0,"comment_status":"open","ping_status":"closed","template":"","meta":{"nf_dc_page":"","footnotes":""},"class_list":["post-2888","page","type-page","status-publish"],"jetpack_sharing_enabled":true,"_links":{"self":[{"href":"https:\/\/aiartfree.online\/es\/wp-json\/wp\/v2\/pages\/2888","targetHints":{"allow":["GET"]}}],"collection":[{"href":"https:\/\/aiartfree.online\/es\/wp-json\/wp\/v2\/pages"}],"about":[{"href":"https:\/\/aiartfree.online\/es\/wp-json\/wp\/v2\/types\/page"}],"author":[{"embeddable":true,"href":"https:\/\/aiartfree.online\/es\/wp-json\/wp\/v2\/users\/1"}],"replies":[{"embeddable":true,"href":"https:\/\/aiartfree.online\/es\/wp-json\/wp\/v2\/comments?post=2888"}],"version-history":[{"count":1,"href":"https:\/\/aiartfree.online\/es\/wp-json\/wp\/v2\/pages\/2888\/revisions"}],"predecessor-version":[{"id":3592,"href":"https:\/\/aiartfree.online\/es\/wp-json\/wp\/v2\/pages\/2888\/revisions\/3592"}],"wp:attachment":[{"href":"https:\/\/aiartfree.online\/es\/wp-json\/wp\/v2\/media?parent=2888"}],"curies":[{"name":"wp","href":"https:\/\/api.w.org\/{rel}","templated":true}]}}