{"id":2887,"date":"2024-07-18T11:05:14","date_gmt":"2024-07-18T11:05:14","guid":{"rendered":"https:\/\/aiartfree.online\/?page_id=2887"},"modified":"2025-03-07T08:20:04","modified_gmt":"2025-03-07T08:20:04","slug":"free-online-midjourney","status":"publish","type":"page","link":"https:\/\/aiartfree.online\/es\/midjourney-online-gratis\/","title":{"rendered":"Viaje intermedio gratuito en l\u00ednea"},"content":{"rendered":"<h2 class=\"wp-block-heading has-text-align-center\" id=\"what-our-users-made\">Lo que hicieron nuestros usuarios<\/h2>\n\n\n\n<figure class=\"gb-block-image gb-block-image-1822da1f\"><img data-recalc-dims=\"1\" decoding=\"async\" loading=\"lazy\" width=\"1200\" height=\"763\" class=\"gb-image gb-image-1822da1f\" src=\"https:\/\/i0.wp.com\/aiartfree.online\/wp-content\/uploads\/2024\/08\/WX20240802-170918%402x.jpg?resize=1200%2C763&#038;ssl=1\" alt=\"Midjourney es una herramienta basada en IA que permite a los usuarios generar im\u00e1genes a partir de mensajes de texto. Aqu\u00ed es donde entra Midjourney online gratis. Sin l\u00edmite, sin registro\" title=\"WX20240802-170918@2x\" srcset=\"https:\/\/i0.wp.com\/aiartfree.online\/wp-content\/uploads\/2024\/08\/WX20240802-170918%402x.jpg?w=1918&amp;ssl=1 1918w, https:\/\/i0.wp.com\/aiartfree.online\/wp-content\/uploads\/2024\/08\/WX20240802-170918%402x.jpg?resize=300%2C191&amp;ssl=1 300w, https:\/\/i0.wp.com\/aiartfree.online\/wp-content\/uploads\/2024\/08\/WX20240802-170918%402x.jpg?resize=1024%2C651&amp;ssl=1 1024w, https:\/\/i0.wp.com\/aiartfree.online\/wp-content\/uploads\/2024\/08\/WX20240802-170918%402x.jpg?resize=768%2C489&amp;ssl=1 768w, https:\/\/i0.wp.com\/aiartfree.online\/wp-content\/uploads\/2024\/08\/WX20240802-170918%402x.jpg?resize=1536%2C977&amp;ssl=1 1536w, https:\/\/i0.wp.com\/aiartfree.online\/wp-content\/uploads\/2024\/08\/WX20240802-170918%402x.jpg?resize=18%2C12&amp;ssl=1 18w, https:\/\/i0.wp.com\/aiartfree.online\/wp-content\/uploads\/2024\/08\/WX20240802-170918%402x.jpg?resize=600%2C382&amp;ssl=1 600w\" sizes=\"auto, (max-width: 1200px) 100vw, 1200px\" \/><\/figure>\n\n\n\n<h2 class=\"wp-block-heading\" id=\"how-to-use-the-free-online-midjourney\">C\u00f3mo utilizar el viaje intermedio gratuito en l\u00ednea<\/h2>\n\n\n\n<ol class=\"wp-block-list\">\n<li class=\"\">Introduzca sus indicaciones<\/li>\n\n\n\n<li class=\"\">Haga clic en \"Generar\".<\/li>\n\n\n\n<li class=\"\">\u00a1Espera, eso es!<\/li>\n<\/ol>\n\n\n\n<p class=\"\">* No dudes en probar nuestros ejemplos a continuaci\u00f3n si no tienes ninguna idea en la cabeza<\/p>\n\n\n\n<h3 class=\"wp-block-heading\" id=\"prompt-examples\">Ejemplos de preguntas<\/h3>\n\n\n\n<ol style=\"font-size:16px\" class=\"wp-block-list\">\n<li class=\"\">impresionante ilustraci\u00f3n de novela gr\u00e1fica altamente detallada de morgan freeman conduciendo una motocicleta harley davidson , oscura y arenosa<\/li>\n\n\n\n<li class=\"\">Impresionante ilustraci\u00f3n de novela gr\u00e1fica En medio de la vasta extensi\u00f3n de una nebulosa, flota un astronauta solitario, atado a una luminosa nave estelar. Los radiantes gases de la nebulosa danzan a su alrededor, reflejando vibrantes colores en el traje, creando un ballet de luz y movimiento.<\/li>\n\n\n\n<li class=\"\">impresionante ilustraci\u00f3n de novela gr\u00e1fica de En una encrucijada de un p\u00e1ramo postapocal\u00edptico, un vagabundo con una guitarra hecha de chatarra canta historias del viejo mundo. Las criaturas mutantes se re\u00fanen alrededor de la hoguera, con los ojos llenos de nostalgia.<\/li>\n\n\n\n<li class=\"\">impresionante ilustraci\u00f3n de novela gr\u00e1fica de Un ni\u00f1o persiguiendo mariposas de colores en un prado vibrante.<\/li>\n\n\n\n<li class=\"\">impresionante ilustraci\u00f3n de novela gr\u00e1fica En una playa donde las olas se tejen con historias, un narrador con un telar de luz de luna elabora cuentos a partir de las mareas. Las conchas susurran leyendas y el horizonte es un tapiz de aventuras a\u00fan por contar.<\/li>\n\n\n\n<li class=\"\">Impresionante ilustraci\u00f3n de novela gr\u00e1fica de un halc\u00f3n sobrevolando un desierto, en busca de su presa.<\/li>\n\n\n\n<li class=\"\">impresionante ilustraci\u00f3n de novela gr\u00e1fica En las profundidades del c\u00edrculo polar \u00e1rtico, una aurora pinta el cielo con vibrantes tonos verdes, rosas y p\u00farpuras. La nieve refleja esta danza de luces y el mundo se ve envuelto en una fascinante sinfon\u00eda de colores.<\/li>\n\n\n\n<li class=\"\">Impresionante ilustraci\u00f3n de novela gr\u00e1fica de un artista del tatuaje detallando un intrincado dise\u00f1o en la espalda de un cliente.<\/li>\n\n\n\n<li class=\"\">impresionante ilustraci\u00f3n de novela gr\u00e1fica de Una mujer, envuelta en sedas de colores, leyendo las cartas del tarot en una tienda iluminada con velas.<\/li>\n\n\n\n<li class=\"\">impresionante ilustraci\u00f3n de novela gr\u00e1fica de Dos espele\u00f3logos cartografiando una profunda caverna, con antorchas iluminando el camino.<\/li>\n<\/ol>\n\n\n\n<figure class=\"gb-block-image gb-block-image-032aac41\"><a href=\"https:\/\/fas.st\/t\/9U4PYbm7\" target=\"_blank\" rel=\"noopener noreferrer\"><img data-recalc-dims=\"1\" decoding=\"async\" loading=\"lazy\" width=\"1200\" height=\"365\" class=\"gb-image gb-image-032aac41\" src=\"https:\/\/i0.wp.com\/aiartfree.online\/wp-content\/uploads\/2025\/03\/WX20250307-115412%402x.webp?resize=1200%2C365&#038;ssl=1\" alt=\"\" title=\"WX20250307-115412@2x\" srcset=\"https:\/\/i0.wp.com\/aiartfree.online\/wp-content\/uploads\/2025\/03\/WX20250307-115412%402x.webp?w=1942&amp;ssl=1 1942w, https:\/\/i0.wp.com\/aiartfree.online\/wp-content\/uploads\/2025\/03\/WX20250307-115412%402x.webp?resize=300%2C91&amp;ssl=1 300w, https:\/\/i0.wp.com\/aiartfree.online\/wp-content\/uploads\/2025\/03\/WX20250307-115412%402x.webp?resize=1024%2C312&amp;ssl=1 1024w, https:\/\/i0.wp.com\/aiartfree.online\/wp-content\/uploads\/2025\/03\/WX20250307-115412%402x.webp?resize=768%2C234&amp;ssl=1 768w, https:\/\/i0.wp.com\/aiartfree.online\/wp-content\/uploads\/2025\/03\/WX20250307-115412%402x.webp?resize=1536%2C467&amp;ssl=1 1536w, https:\/\/i0.wp.com\/aiartfree.online\/wp-content\/uploads\/2025\/03\/WX20250307-115412%402x.webp?resize=18%2C5&amp;ssl=1 18w, https:\/\/i0.wp.com\/aiartfree.online\/wp-content\/uploads\/2025\/03\/WX20250307-115412%402x.webp?resize=600%2C183&amp;ssl=1 600w\" sizes=\"auto, (max-width: 1200px) 100vw, 1200px\" \/><\/a><\/figure>\n\n\n\n<p class=\"\"><em>* Dependiendo de su velocidad de Internet, la carga del modelo puede tardar unos segundos.<br>* Habr\u00e1 cach\u00e9 durante la generaci\u00f3n continua, y la nueva imagen aparecer\u00e1 despu\u00e9s de unos 3 segundos.<\/em><\/p>\n\n\n\n<div class=\"iframe-wrapper\" style=\"position: relative; width: 100%; height: 1230px;\">\n  <div class=\"loading\" style=\"position: absolute; top: 50px; left: 50%; transform: translate(-50%, -50%); width: 40px; height: 40px; border: 3px solid #f0f0f0; border-top: 3px solid #db7093; border-radius: 50%; animation: spin 1s linear infinite;\"><\/div>\n  <iframe loading=\"lazy\" src=\"https:\/\/predatortoabuse-realistic-image-generator-model.static.hf.space\" frameborder=\"0\" width=\"100%\" height=\"100%\" style=\"position: absolute; top: 0; left: 0; opacity: 0; transition: opacity 0.3s;\" onload=\"this.style.opacity=1;this.previousElementSibling.style.display='none';\"><\/iframe>\n<\/div>\n\n<style>\n@keyframes spin {\n  0% { transform: translate(-50%, -50%) rotate(0deg); }\n  100% { transform: translate(-50%, -50%) rotate(360deg); }\n}\n<\/style>\n\n\n\n<div style=\"height:100px\" aria-hidden=\"true\" class=\"wp-block-spacer\"><\/div>\n\n\n\n<h2 class=\"wp-block-heading\" id=\"introduction-of-free-online-midjourney\"><strong>Introducci\u00f3n del viaje intermedio gratuito en l\u00ednea<\/strong><\/h2>\n\n\n\n<p class=\"\">Midjourney es una herramienta basada en IA que permite a los usuarios generar im\u00e1genes a partir de mensajes de texto. Con el auge del arte generado por IA, Midjourney se ha convertido en una herramienta popular entre creativos y entusiastas del arte. Sin embargo, no todo el mundo puede permitirse pagar por el servicio. Aqu\u00ed es donde entra en juego el Midjourney online gratuito. En este art\u00edculo, exploraremos qu\u00e9 es el Midjourney online gratuito, por qu\u00e9 deber\u00edas usarlo, sus ventajas, cu\u00e1ndo usarlo y qui\u00e9n puede beneficiarse de \u00e9l. Tambi\u00e9n analizaremos algunas de las mejores herramientas y sitios web gratuitos para Midjourney online, sus ventajas e inconvenientes, y responderemos a algunas de las preguntas m\u00e1s frecuentes.<\/p>\n\n\n\n<div class=\"wp-block-rank-math-toc-block\" id=\"rank-math-toc\"><h3>\u00cdndice<\/h3><nav><ul><li><a href=\"#prompt-examples\">Ejemplos de preguntas<\/a><\/li><li><a href=\"#\ufffc-what-is-free-online-midjourney\">\ufffc\u00bfQu\u00e9 es el viaje intermedio gratuito en l\u00ednea?<\/a><\/li><li><a href=\"#\ufffc-why-use-free-online-midjourney\">\ufffc\u00bfPor qu\u00e9 utilizar el viaje intermedio gratuito en l\u00ednea?<\/a><\/li><li><a href=\"#\ufffc-benefits-of-using-free-online-midjourney\">\ufffcBeneficios de utilizar el viaje intermedio gratuito en l\u00ednea<\/a><ul><li><a href=\"#\ufffc-1-cost-effective\">\ufffc1. Rentable<\/a><\/li><li><a href=\"#\ufffc-2-experimentation\">\ufffc2. Experimentaci\u00f3n<\/a><\/li><li><a href=\"#\ufffc-3-accessibility\">\ufffc3. Accesibilidad<\/a><\/li><\/ul><\/li><li><a href=\"#\ufffc-when-to-use-free-online-midjourney\">\ufffcCu\u00e1ndo utilizar el viaje intermedio gratuito en l\u00ednea<\/a><\/li><li><a href=\"#\ufffc-who-can-benefit-from-free-online-midjourney\">\ufffcQui\u00e9n puede beneficiarse del viaje intermedio gratuito en l\u00ednea<\/a><ul><li><a href=\"#\ufffc-1-creatives\">\ufffc1. Creativos<\/a><\/li><li><a href=\"#\ufffc-2-students\">\ufffc2. Estudiantes<\/a><\/li><li><a href=\"#\ufffc-3-hobbyists\">\ufffc3. Aficionados<\/a><\/li><\/ul><\/li><li><a href=\"#\ufffc-free-online-midjourney-tools-and-websites\">\ufffcFree Online Midjourney Tools and Websites (en ingl\u00e9s)<\/a><\/li><li><a href=\"#\ufffc-pros-and-cons-of-free-online-midjourney-tools-and-websites\">\ufffcPros y contras de las herramientas y sitios web gratuitos en l\u00ednea para el medio viaje<\/a><\/li><li><a href=\"#\ufffc-top-recommendation\">\ufffcTop Recomendaci\u00f3n<\/a><\/li><li><a href=\"#\ufffcfaq\">\ufffcFAQ<\/a><ul><li><a href=\"#\ufffc-1-is-free-online-midjourney-safe-to-use\">\ufffc1. Es seguro utilizar Midjourney online gratis?<\/a><\/li><li><a href=\"#\ufffc-2-can-i-use-free-online-midjourney-for-commercial-purposes\">\ufffc2. Puedo utilizar Midjourney gratis en l\u00ednea con fines comerciales?<\/a><\/li><\/ul><\/li><li><a href=\"#\ufffc-3-how-do-i-use-free-online-midjourney\">\ufffc3. C\u00f3mo puedo utilizar Midjourney en l\u00ednea gratis?<\/a><\/li><\/ul><\/nav><\/div>\n\n\n\n<h3 class=\"wp-block-heading\" id=\"\ufffc-what-is-free-online-midjourney\"><a href=\"https:\/\/dromerosm-groq-llama3.hf.space\/#what-is-free-online-midjourney\" target=\"_blank\" rel=\"noopener\"><\/a><strong>\u00bfQu\u00e9 es el viaje intermedio gratuito en l\u00ednea?<\/strong><\/h3>\n\n\n\n<p class=\"\">Midjourney es una plataforma web gratuita que permite a los usuarios acceder a las funciones de generaci\u00f3n de im\u00e1genes basadas en IA de Midjourney. Estas plataformas no requieren que los usuarios abonen una cuota de suscripci\u00f3n ni ninguna otra forma de pago para utilizar el servicio.<\/p>\n\n\n\n<h3 class=\"wp-block-heading\" id=\"\ufffc-why-use-free-online-midjourney\"><a href=\"https:\/\/dromerosm-groq-llama3.hf.space\/#why-use-free-online-midjourney\" target=\"_blank\" rel=\"noopener\"><\/a><strong>\u00bfPor qu\u00e9 utilizar el viaje intermedio gratuito en l\u00ednea?<\/strong><\/h3>\n\n\n\n<p class=\"\">Midjourney es una gran opci\u00f3n para quienes quieran experimentar con el arte generado por IA sin gastarse un dineral. Permite a los usuarios probar diferentes textos, experimentar con distintos estilos y crear im\u00e1genes \u00fanicas sin incurrir en ning\u00fan gasto.<\/p>\n\n\n\n<h3 class=\"wp-block-heading\" id=\"\ufffc-benefits-of-using-free-online-midjourney\"><a href=\"https:\/\/dromerosm-groq-llama3.hf.space\/#benefits-of-using-free-online-midjourney\" target=\"_blank\" rel=\"noopener\"><\/a><strong>Ventajas de utilizar el viaje intermedio gratuito en l\u00ednea<\/strong><\/h3>\n\n\n\n<h4 class=\"wp-block-heading\" id=\"\ufffc-1-cost-effective\"><a href=\"https:\/\/dromerosm-groq-llama3.hf.space\/#1-cost-effective\" target=\"_blank\" rel=\"noopener\"><\/a>1. Rentable<\/h4>\n\n\n\n<p class=\"\">Midjourney online gratuito es una opci\u00f3n rentable para quienes deseen acceder a las funciones de generaci\u00f3n de im\u00e1genes basadas en IA de Midjourney sin tener que pagar una cuota de suscripci\u00f3n.<\/p>\n\n\n\n<h4 class=\"wp-block-heading\" id=\"\ufffc-2-experimentation\"><a href=\"https:\/\/dromerosm-groq-llama3.hf.space\/#c8062562\" target=\"_blank\" rel=\"noopener\"><\/a>2. Experimentaci\u00f3n<\/h4>\n\n\n\n<p class=\"\">Midjourney online gratuito permite a los usuarios experimentar con diferentes textos, estilos e im\u00e1genes sin incurrir en ning\u00fan coste.<\/p>\n\n\n\n<h4 class=\"wp-block-heading\" id=\"\ufffc-3-accessibility\"><a href=\"https:\/\/dromerosm-groq-llama3.hf.space\/#3-accessibility\" target=\"_blank\" rel=\"noopener\"><\/a>3. Accesibilidad<\/h4>\n\n\n\n<p class=\"\">El Midjourney gratuito en l\u00ednea pone el arte generado por IA al alcance de todos, independientemente de su nivel de ingresos o ubicaci\u00f3n.<\/p>\n\n\n\n<h3 class=\"wp-block-heading\" id=\"\ufffc-when-to-use-free-online-midjourney\"><a href=\"https:\/\/dromerosm-groq-llama3.hf.space\/#when-to-use-free-online-midjourney\" target=\"_blank\" rel=\"noopener\"><\/a><strong>Cu\u00e1ndo utilizar el viaje intermedio gratuito en l\u00ednea<\/strong><\/h3>\n\n\n\n<p class=\"\">Midjourney online gratuito es adecuado para cualquiera que quiera experimentar con el arte generado por IA, creativos que quieran probar nuevas ideas y estudiantes que quieran aprender sobre la generaci\u00f3n de im\u00e1genes con IA.<\/p>\n\n\n\n<h3 class=\"wp-block-heading\" id=\"\ufffc-who-can-benefit-from-free-online-midjourney\"><a href=\"https:\/\/dromerosm-groq-llama3.hf.space\/#who-can-benefit-from-free-online-midjourney\" target=\"_blank\" rel=\"noopener\"><\/a><strong>Qui\u00e9n puede beneficiarse del viaje intermedio gratuito en l\u00ednea<\/strong><\/h3>\n\n\n\n<p class=\"\">Midjourney en l\u00ednea gratis es adecuado para:<\/p>\n\n\n\n<h4 class=\"wp-block-heading\" id=\"\ufffc-1-creatives\"><a href=\"https:\/\/dromerosm-groq-llama3.hf.space\/#765b3dbc\" target=\"_blank\" rel=\"noopener\"><\/a>1. Creativos<\/h4>\n\n\n\n<p class=\"\">Midjourney online gratuito es una gran opci\u00f3n para los creativos que quieren experimentar con nuevas ideas y crear im\u00e1genes \u00fanicas.<\/p>\n\n\n\n<h4 class=\"wp-block-heading\" id=\"\ufffc-2-students\"><a href=\"https:\/\/dromerosm-groq-llama3.hf.space\/#c65bfb05\" target=\"_blank\" rel=\"noopener\"><\/a>2. Estudiantes<\/h4>\n\n\n\n<p class=\"\">Los estudiantes que quieran aprender sobre la generaci\u00f3n de im\u00e1genes mediante IA pueden beneficiarse del uso gratuito en l\u00ednea de Midjourney.<\/p>\n\n\n\n<h4 class=\"wp-block-heading\" id=\"\ufffc-3-hobbyists\"><a href=\"https:\/\/dromerosm-groq-llama3.hf.space\/#147c273b\" target=\"_blank\" rel=\"noopener\"><\/a>3. Aficionados<\/h4>\n\n\n\n<p class=\"\">Los aficionados que quieran probar el arte generado por IA sin incurrir en gastos pueden beneficiarse del uso gratuito en l\u00ednea de Midjourney.<\/p>\n\n\n\n<h3 class=\"wp-block-heading\" id=\"\ufffc-free-online-midjourney-tools-and-websites\"><a href=\"https:\/\/dromerosm-groq-llama3.hf.space\/#free-online-midjourney-tools-and-websites\" target=\"_blank\" rel=\"noopener\"><\/a><strong>Herramientas y sitios web gratuitos en l\u00ednea para la mitad del viaje<\/strong><\/h3>\n\n\n\n<p class=\"\">\u00c9stas son algunas de las mejores herramientas y p\u00e1ginas web gratuitas en l\u00ednea sobre viajes intermedios:<\/p>\n\n\n\n<figure class=\"wp-block-table\"><table class=\"has-fixed-layout\"><thead><tr><th>P\u00e1gina web<\/th><th>Descripci\u00f3n<\/th><\/tr><\/thead><tbody><tr><td><a href=\"https:\/\/aiartfree.online\/es\/midjourney-online-gratis\/\" target=\"_blank\" rel=\"noreferrer noopener\">AI Art Gratis Online<\/a><\/td><td>AI Art Free Online es una herramienta gratuita en l\u00ednea que permite a los usuarios generar im\u00e1genes a partir de mensajes de texto.<\/td><\/tr><tr><td><a href=\"https:\/\/deepdreamgenerator.com\/\" target=\"_blank\" rel=\"noreferrer noopener\">Generador de sue\u00f1os profundos<\/a><\/td><td>Deep Dream Generator es una herramienta online gratuita que utiliza una red neuronal para generar im\u00e1genes a partir de mensajes de texto.<\/td><\/tr><tr><td><a href=\"https:\/\/www.artbreeder.com\/\" target=\"_blank\" rel=\"noreferrer noopener\">Artbreeder<\/a><\/td><td>Artbreeder es una plataforma en l\u00ednea gratuita que permite a los usuarios generar obras de arte originales utilizando una combinaci\u00f3n de IA y aportaciones de los usuarios.<\/td><\/tr><tr><td><a href=\"https:\/\/prism.app\/\" target=\"_blank\" rel=\"noreferrer noopener\">Prisma<\/a><\/td><td>Prism es una herramienta online gratuita que utiliza la inteligencia artificial para generar im\u00e1genes a partir de mensajes de texto.<\/td><\/tr><tr><td><a href=\"https:\/\/mydeepart.com\/\" target=\"_blank\" rel=\"noreferrer noopener\">MyDeepArt<\/a><\/td><td>MyDeepArt es una herramienta gratuita en l\u00ednea que permite a los usuarios generar im\u00e1genes a partir de mensajes de texto.<\/td><\/tr><\/tbody><\/table><\/figure>\n\n\n\n<h3 class=\"wp-block-heading\" id=\"\ufffc-pros-and-cons-of-free-online-midjourney-tools-and-websites\"><a href=\"https:\/\/dromerosm-groq-llama3.hf.space\/#pros-and-cons-of-free-online-midjourney-tools-and-websites\" target=\"_blank\" rel=\"noopener\"><\/a><strong>Ventajas e inconvenientes de las herramientas y sitios web gratuitos en l\u00ednea sobre el medio viaje<\/strong><\/h3>\n\n\n\n<figure class=\"wp-block-table\"><table class=\"has-fixed-layout\"><thead><tr><th>P\u00e1gina web<\/th><th>Pros<\/th><th>Contras<\/th><\/tr><\/thead><tbody><tr><td>AI Art Gratis Online<\/td><td>Econ\u00f3mico y f\u00e1cil de usar<\/td><td>Funciones limitadas<\/td><\/tr><tr><td>Generador de sue\u00f1os profundos<\/td><td>Genera im\u00e1genes de alta calidad, f\u00e1cil de usar<\/td><td>Opciones de personalizaci\u00f3n limitadas<\/td><\/tr><tr><td>Artbreeder<\/td><td>Permite un alto nivel de personalizaci\u00f3n, genera im\u00e1genes \u00fanicas<\/td><td>Curva de aprendizaje pronunciada<\/td><\/tr><tr><td>Prisma<\/td><td>Tiempo de procesamiento r\u00e1pido, im\u00e1genes de alta calidad<\/td><td>Funciones limitadas<\/td><\/tr><tr><td>MyDeepArt<\/td><td>Genera im\u00e1genes de alta calidad, f\u00e1cil de usar<\/td><td>Opciones de personalizaci\u00f3n limitadas<\/td><\/tr><\/tbody><\/table><\/figure>\n\n\n\n<h3 class=\"wp-block-heading\" id=\"\ufffc-top-recommendation\"><a href=\"https:\/\/dromerosm-groq-llama3.hf.space\/#top-recommendation\" target=\"_blank\" rel=\"noopener\"><\/a><strong>Recomendaci\u00f3n superior<\/strong><\/h3>\n\n\n\n<p class=\"\">Bas\u00e1ndonos en nuestras investigaciones, recomendamos encarecidamente&nbsp;<a href=\"https:\/\/aiartfree.online\/es\/midjourney-online-gratis\/\" target=\"_blank\" rel=\"noreferrer noopener\">AI Art Gratis Online<\/a>&nbsp;por su facilidad de uso, rentabilidad e im\u00e1genes de alta calidad.<\/p>\n\n\n\n<h3 class=\"wp-block-heading\" id=\"\ufffcfaq\"><a href=\"https:\/\/dromerosm-groq-llama3.hf.space\/#faq\" target=\"_blank\" rel=\"noopener\"><\/a><strong>PREGUNTAS FRECUENTES<\/strong><\/h3>\n\n\n\n<p class=\"\">Estas son algunas de las preguntas m\u00e1s frecuentes sobre Midjourney online gratis:<\/p>\n\n\n\n<h4 class=\"wp-block-heading\" id=\"\ufffc-1-is-free-online-midjourney-safe-to-use\"><a href=\"https:\/\/dromerosm-groq-llama3.hf.space\/#f3b6b435\" target=\"_blank\" rel=\"noopener\"><\/a>1. \u00bfEs seguro utilizar Midjourney online gratis?<\/h4>\n\n\n\n<p class=\"\">S\u00ed, es seguro utilizar Midjourney online gratis. Sin embargo, siempre es una buena idea leer los t\u00e9rminos y condiciones de cada sitio web antes de utilizar sus servicios.<\/p>\n\n\n\n<h4 class=\"wp-block-heading\" id=\"\ufffc-2-can-i-use-free-online-midjourney-for-commercial-purposes\"><a href=\"https:\/\/dromerosm-groq-llama3.hf.space\/#a6471d09\" target=\"_blank\" rel=\"noopener\"><\/a>2. \u00bfPuedo utilizar Midjourney online gratis con fines comerciales?<\/h4>\n\n\n\n<p class=\"\">Algunas herramientas y sitios web gratuitos de Midjourney permiten el uso comercial, mientras que otros no. Aseg\u00farate de consultar los t\u00e9rminos y condiciones de cada sitio web antes de utilizar sus servicios con fines comerciales.<\/p>\n\n\n\n<h3 class=\"wp-block-heading\" id=\"\ufffc-3-how-do-i-use-free-online-midjourney\"><a href=\"https:\/\/dromerosm-groq-llama3.hf.space\/#e4d0e51e\" target=\"_blank\" rel=\"noopener\"><\/a>3. \u00bfC\u00f3mo se utiliza el Midjourney gratuito en l\u00ednea?<\/h3>\n\n\n\n<p class=\"\">Utilizar Midjourney online gratis es muy sencillo. S\u00f3lo tiene que ir al sitio web, introducir el texto que desee y hacer clic en Generar. A continuaci\u00f3n, puede descargar la imagen generada o utilizarla para el fin que desee.<\/p>\n\n\n\n<p class=\"\">Aqu\u00ed hay 10 sitios web que proporcionan la informaci\u00f3n m\u00e1s reciente sobre Midjourney en l\u00ednea gratis:<\/p>\n\n\n\n<ol class=\"wp-block-list\">\n<li class=\"\"><a href=\"https:\/\/aiartfree.online\/es\/midjourney-online-gratis\/\" target=\"_blank\" rel=\"noreferrer noopener\">AI Art Gratis Online<\/a>&nbsp;- AI Art Free Online es una herramienta gratuita que genera im\u00e1genes a partir de textos.<\/li>\n\n\n\n<li class=\"\"><a href=\"https:\/\/deepdreamgenerator.com\/\" target=\"_blank\" rel=\"noreferrer noopener\">Generador de sue\u00f1os profundos<\/a>&nbsp;- Deep Dream Generator utiliza una red neuronal para generar im\u00e1genes a partir de mensajes de texto.<\/li>\n\n\n\n<li class=\"\"><a href=\"https:\/\/www.artbreeder.com\/\" target=\"_blank\" rel=\"noreferrer noopener\">Artbreeder<\/a>&nbsp;- Artbreeder es una plataforma en l\u00ednea gratuita que permite a los usuarios generar obras de arte originales utilizando una combinaci\u00f3n de IA y aportaciones de los usuarios.<\/li>\n\n\n\n<li class=\"\"><a href=\"https:\/\/prism.app\/\" target=\"_blank\" rel=\"noreferrer noopener\">Prisma<\/a>&nbsp;- Prism es una herramienta online gratuita que utiliza la inteligencia artificial para generar im\u00e1genes a partir de mensajes de texto.<\/li>\n\n\n\n<li class=\"\"><a href=\"https:\/\/mydeepart.com\/\" target=\"_blank\" rel=\"noreferrer noopener\">MyDeepArt<\/a>&nbsp;- MyDeepArt es una herramienta gratuita en l\u00ednea que permite a los usuarios generar im\u00e1genes a partir de mensajes de texto.<\/li>\n\n\n\n<li class=\"\"><a href=\"https:\/\/midjourney.com\/\" target=\"_blank\" rel=\"noreferrer noopener\">A mitad de camino<\/a>&nbsp;- Midjourney es una plataforma de generaci\u00f3n de im\u00e1genes basada en IA que ofrece una prueba gratuita.<\/li>\n\n\n\n<li class=\"\"><a href=\"https:\/\/techcrunch.com\/\" target=\"_blank\" rel=\"noreferrer noopener\">TechCrunch<\/a>&nbsp;- TechCrunch ofrece las \u00faltimas noticias y actualizaciones sobre arte generado por IA y herramientas gratuitas en l\u00ednea Midjourney.<\/li>\n\n\n\n<li class=\"\"><a href=\"https:\/\/www.theverge.com\/\" target=\"_blank\" rel=\"noreferrer noopener\">The Verge<\/a>&nbsp;- The Verge ofrece las \u00faltimas noticias y actualizaciones sobre el arte generado por IA y las herramientas gratuitas en l\u00ednea Midjourney.<\/li>\n\n\n\n<li class=\"\"><a href=\"https:\/\/news.artnet.com\/\" target=\"_blank\" rel=\"noreferrer noopener\">Artnet<\/a>&nbsp;- Artnet ofrece las \u00faltimas noticias y actualizaciones sobre arte generado por IA y herramientas Midjourney gratuitas en l\u00ednea.<\/li>\n\n\n\n<li class=\"\"><a href=\"https:\/\/aitimejournal.com\/\" target=\"_blank\" rel=\"noreferrer noopener\">AI Diario del tiempo<\/a>&nbsp;- AI Time Journal ofrece las \u00faltimas noticias y actualizaciones sobre el arte generado por IA y las herramientas gratuitas en l\u00ednea Midjourney.<\/li>\n<\/ol>","protected":false},"excerpt":{"rendered":"<p>What our users made How to use the Free Online Midjourney * Feel free to try our examples below if you don&#8217;t have any thoughts in your mind Prompt Examples *&nbsp;Depending on your internet speed, loading the model may take a few seconds.* There will be caching during continuous generation, and the new image will &#8230; <a title=\"Viaje intermedio gratuito en l\u00ednea\" class=\"read-more\" href=\"https:\/\/aiartfree.online\/es\/midjourney-online-gratis\/\" aria-label=\"Leer m\u00e1s sobre Free Online Midjourney\">Leer m\u00e1s<\/a><\/p>","protected":false},"author":1,"featured_media":3528,"parent":0,"menu_order":0,"comment_status":"open","ping_status":"closed","template":"","meta":{"nf_dc_page":"","footnotes":""},"class_list":["post-2887","page","type-page","status-publish","has-post-thumbnail"],"jetpack_sharing_enabled":true,"_links":{"self":[{"href":"https:\/\/aiartfree.online\/es\/wp-json\/wp\/v2\/pages\/2887","targetHints":{"allow":["GET"]}}],"collection":[{"href":"https:\/\/aiartfree.online\/es\/wp-json\/wp\/v2\/pages"}],"about":[{"href":"https:\/\/aiartfree.online\/es\/wp-json\/wp\/v2\/types\/page"}],"author":[{"embeddable":true,"href":"https:\/\/aiartfree.online\/es\/wp-json\/wp\/v2\/users\/1"}],"replies":[{"embeddable":true,"href":"https:\/\/aiartfree.online\/es\/wp-json\/wp\/v2\/comments?post=2887"}],"version-history":[{"count":2,"href":"https:\/\/aiartfree.online\/es\/wp-json\/wp\/v2\/pages\/2887\/revisions"}],"predecessor-version":[{"id":3599,"href":"https:\/\/aiartfree.online\/es\/wp-json\/wp\/v2\/pages\/2887\/revisions\/3599"}],"wp:featuredmedia":[{"embeddable":true,"href":"https:\/\/aiartfree.online\/es\/wp-json\/wp\/v2\/media\/3528"}],"wp:attachment":[{"href":"https:\/\/aiartfree.online\/es\/wp-json\/wp\/v2\/media?parent=2887"}],"curies":[{"name":"wp","href":"https:\/\/api.w.org\/{rel}","templated":true}]}}