{"id":2880,"date":"2024-07-17T14:18:31","date_gmt":"2024-07-17T14:18:31","guid":{"rendered":"https:\/\/aiartfree.online\/?page_id=2880"},"modified":"2024-07-20T10:51:32","modified_gmt":"2024-07-20T10:51:32","slug":"ai-image-enhancer","status":"publish","type":"page","link":"https:\/\/aiartfree.online\/es\/mejorador-de-imagen-ai\/","title":{"rendered":"AI Image Enhancer"},"content":{"rendered":"<h2 class=\"wp-block-heading\">C\u00f3mo utilizar AI Image Enhancer<\/h2>\n\n\n\n<ol class=\"wp-block-list\">\n<li class=\"\">Suelte o cargue su imagen<\/li>\n\n\n\n<li class=\"\">Haga clic en \"Enviar\".<\/li>\n\n\n\n<li class=\"\">\u00a1Espera, eso es!<\/li>\n<\/ol>\n\n\n\n<p class=\"\"><em>* Dependiendo de su velocidad de Internet, la carga del modelo puede tardar unos segundos.<br>* Habr\u00e1 cach\u00e9 durante la generaci\u00f3n continua, y la nueva imagen aparecer\u00e1 despu\u00e9s de unos 3 segundos.<\/em><\/p>\n\n\n\n<div style=\"text-align: center;\">\n  <iframe loading=\"lazy\"\n    src=\"https:\/\/sczhou-codeformer.hf.space\"\n    frameborder=\"0\"\n    width=\"1200\"\n    height=\"2500\"\n    style=\"display: inline-block; margin: 0 auto;\"\n  ><\/iframe>\n<\/div>\n\n\n\n<div style=\"height:50px\" aria-hidden=\"true\" class=\"wp-block-spacer\"><\/div>\n\n\n\n<h2 class=\"wp-block-heading\">Introducci\u00f3n a AI Image Enhancer<\/h2>\n\n\n\n<p class=\"\">Mejorar la calidad de las im\u00e1genes es crucial para diversos sectores, desde el inmobiliario hasta el marketing en redes sociales. Con el auge de la inteligencia artificial, herramientas como AI Image Enhancer han revolucionado la forma de aumentar la resoluci\u00f3n de las fotos y mejorar la calidad general de la imagen. En este art\u00edculo, exploraremos los beneficios de los mejoradores de imagen de IA, los mejores escenarios para su uso, y proporcionaremos una gu\u00eda completa de las mejores herramientas disponibles en la actualidad.<\/p>\n\n\n\n<figure class=\"wp-block-image size-large is-resized\"><img data-recalc-dims=\"1\" decoding=\"async\" width=\"1024\" height=\"568\"   loading=\"lazy\" src=\"https:\/\/i0.wp.com\/aiartfree.online\/wp-content\/uploads\/2024\/07\/WX20240717-181127%402x-1-1-1-1-1-1.jpg?resize=1024%2C568&#038;ssl=1\" alt=\"AI Image Enhancer\" class=\"wp-image-2881\" style=\"width:591px;height:auto\" srcset=\"https:\/\/i0.wp.com\/aiartfree.online\/wp-content\/uploads\/2024\/07\/WX20240717-181127%402x-1-1-1-1-1-1.jpg?resize=1024%2C568&amp;ssl=1 1024w, https:\/\/i0.wp.com\/aiartfree.online\/wp-content\/uploads\/2024\/07\/WX20240717-181127%402x-1-1-1-1-1-1.jpg?resize=300%2C166&amp;ssl=1 300w, https:\/\/i0.wp.com\/aiartfree.online\/wp-content\/uploads\/2024\/07\/WX20240717-181127%402x-1-1-1-1-1-1.jpg?resize=768%2C426&amp;ssl=1 768w, https:\/\/i0.wp.com\/aiartfree.online\/wp-content\/uploads\/2024\/07\/WX20240717-181127%402x-1-1-1-1-1-1.jpg?resize=1536%2C852&amp;ssl=1 1536w, https:\/\/i0.wp.com\/aiartfree.online\/wp-content\/uploads\/2024\/07\/WX20240717-181127%402x-1-1-1-1-1-1.jpg?resize=2048%2C1136&amp;ssl=1 2048w, https:\/\/i0.wp.com\/aiartfree.online\/wp-content\/uploads\/2024\/07\/WX20240717-181127%402x-1-1-1-1-1-1.jpg?resize=18%2C10&amp;ssl=1 18w, https:\/\/i0.wp.com\/aiartfree.online\/wp-content\/uploads\/2024\/07\/WX20240717-181127%402x-1-1-1-1-1-1.jpg?resize=600%2C333&amp;ssl=1 600w\" sizes=\"auto, (max-width: 1024px) 100vw, 1024px\" \/><\/figure>\n\n\n\n<h2 class=\"wp-block-heading\">\u00cdndice<\/h2>\n\n\n\n<ol class=\"wp-block-list\">\n<li class=\"\">\u00bfQu\u00e9 es un potenciador de imagen de IA?<\/li>\n\n\n\n<li class=\"\">\u00bfPor qu\u00e9 utilizar un potenciador de imagen de IA?<\/li>\n\n\n\n<li class=\"\">Ventajas de utilizar un mejorador de im\u00e1genes de IA<\/li>\n\n\n\n<li class=\"\">Cu\u00e1ndo utilizar un potenciador de imagen de IA<\/li>\n\n\n\n<li class=\"\">\u00bfQui\u00e9n deber\u00eda utilizar un potenciador de imagen de IA?<\/li>\n\n\n\n<li class=\"\">Las 10 mejores herramientas de AI para mejorar im\u00e1genes<\/li>\n\n\n\n<li class=\"\">La mejor herramienta de mejora de im\u00e1genes AI<\/li>\n\n\n\n<li class=\"\">PREGUNTAS FRECUENTES<\/li>\n<\/ol>\n\n\n\n<h3 class=\"wp-block-heading\">\u00bfQu\u00e9 es un potenciador de imagen de IA?<\/h3>\n\n\n\n<p class=\"\">Un mejorador de im\u00e1genes AI es una herramienta de inteligencia artificial dise\u00f1ada para mejorar la calidad de las im\u00e1genes. Estas herramientas pueden aumentar la resoluci\u00f3n de las fotos, mejorar su claridad y escalarlas para hacerlas m\u00e1s n\u00edtidas y detalladas. Mediante el uso de algoritmos avanzados, los mejoradores de imagen de IA pueden detectar y corregir imperfecciones, haciendo que las fotos parezcan m\u00e1s profesionales y visualmente atractivas.<\/p>\n\n\n\n<h3 class=\"wp-block-heading\">\u00bfPor qu\u00e9 utilizar un potenciador de imagen de IA?<\/h3>\n\n\n\n<p class=\"\">El uso de un AI Image Enhancer es esencial para cualquiera que desee mejorar la calidad de sus im\u00e1genes de forma r\u00e1pida y eficiente. Ya seas dise\u00f1ador gr\u00e1fico, agente inmobiliario o gestor de redes sociales, mejorar la calidad de las im\u00e1genes puede marcar una diferencia significativa en la percepci\u00f3n de tu trabajo. Los realzadores de im\u00e1genes con IA ahorran tiempo automatizando el proceso de mejora de la resoluci\u00f3n y la calidad, lo que le permite centrarse en otras tareas importantes.<\/p>\n\n\n\n<h3 class=\"wp-block-heading\">Ventajas de utilizar un mejorador de im\u00e1genes de IA<\/h3>\n\n\n\n<ol class=\"wp-block-list\">\n<li class=\"\"><strong>Aumentar la resoluci\u00f3n de las fotos<\/strong>: Los realzadores de imagen AI pueden aumentar la escala de las im\u00e1genes, haci\u00e9ndolas adecuadas para impresiones de alta calidad y grandes pantallas.<\/li>\n\n\n\n<li class=\"\"><strong>Mejorar la claridad de las fotos<\/strong>: Estas herramientas mejoran la nitidez de la imagen, eliminando la borrosidad y haciendo m\u00e1s visibles los detalles.<\/li>\n\n\n\n<li class=\"\"><strong>Mejorar la calidad general<\/strong>: Los mejoradores de im\u00e1genes AI pueden ajustar los colores, el contraste y el brillo para producir im\u00e1genes de alta calidad.<\/li>\n\n\n\n<li class=\"\"><strong>Ahorrar tiempo<\/strong>: La automatizaci\u00f3n del proceso de mejora reduce el tiempo necesario para editar manualmente las im\u00e1genes.<\/li>\n\n\n\n<li class=\"\"><strong>Rentable<\/strong>: Invertir en mejoradores de im\u00e1genes AI puede ahorrar dinero en comparaci\u00f3n con la contrataci\u00f3n de editores de fotos profesionales.<\/li>\n<\/ol>\n\n\n\n<h3 class=\"wp-block-heading\">Cu\u00e1ndo utilizar un potenciador de imagen de IA<\/h3>\n\n\n\n<p class=\"\">Los realzadores de imagen AI son adecuados para diversos escenarios, entre ellos:<\/p>\n\n\n\n<ul class=\"wp-block-list\">\n<li class=\"\"><strong>Inmobiliario<\/strong>: Mejorar las fotos de los inmuebles para atraer a posibles compradores.<\/li>\n\n\n\n<li class=\"\"><strong>Redes sociales<\/strong>: Creaci\u00f3n de im\u00e1genes de alta calidad para entradas y anuncios.<\/li>\n\n\n\n<li class=\"\"><strong>Dise\u00f1o gr\u00e1fico<\/strong>: Mejora de las im\u00e1genes para su uso en medios digitales e impresos.<\/li>\n\n\n\n<li class=\"\"><strong>Comercio electr\u00f3nico<\/strong>: Mejorar las fotos de los productos para aumentar las ventas.<\/li>\n\n\n\n<li class=\"\"><strong>Fotograf\u00eda<\/strong>: Aumento de escala de im\u00e1genes para impresiones y carteras.<\/li>\n<\/ul>\n\n\n\n<h3 class=\"wp-block-heading\">\u00bfQui\u00e9n deber\u00eda utilizar un potenciador de imagen de IA?<\/h3>\n\n\n\n<p class=\"\">AI Image Enhancers son beneficiosos para:<\/p>\n\n\n\n<ul class=\"wp-block-list\">\n<li class=\"\"><strong>Fot\u00f3grafos<\/strong>: Para mejorar y realzar sus im\u00e1genes.<\/li>\n\n\n\n<li class=\"\"><strong>Agentes inmobiliarios<\/strong>: Mejorar las im\u00e1genes de los inmuebles para los listados.<\/li>\n\n\n\n<li class=\"\"><strong>Dise\u00f1adores gr\u00e1ficos<\/strong>: Para garantizar im\u00e1genes de alta calidad para sus proyectos.<\/li>\n\n\n\n<li class=\"\"><strong>Gestores de redes sociales<\/strong>: Para crear entradas visualmente atractivas.<\/li>\n\n\n\n<li class=\"\"><strong>Empresas de comercio electr\u00f3nico<\/strong>: Para realzar la imagen de los productos y atraer a los clientes.<\/li>\n<\/ul>\n\n\n\n<h3 class=\"wp-block-heading\">Las 10 mejores herramientas de AI para mejorar im\u00e1genes<\/h3>\n\n\n\n<p class=\"\">He aqu\u00ed un resumen de las 10 principales herramientas de mejora de imagen con IA, incluidas sus ventajas y retos:<\/p>\n\n\n\n<figure class=\"wp-block-table\"><table class=\"has-fixed-layout\"><thead><tr><th>Nombre de la herramienta<\/th><th>Resumen<\/th><th>Pros<\/th><th>Contras<\/th><th>Ventajas<\/th><th>Desaf\u00edos<\/th><th>Recomendaciones<\/th><\/tr><\/thead><tbody><tr><td><strong><a href=\"https:\/\/aiartfree.online\/es\/mejorador-de-imagen-ai\/\" target=\"_blank\" data-type=\"link\" data-id=\"https:\/\/aiartfree.online\/ai-image-enhancer\" rel=\"noreferrer noopener\">AI Image Enhancer<\/a><\/strong><\/td><td>Mejora la calidad de imagen de forma r\u00e1pida y sencilla<\/td><td>F\u00e1cil de usar, gratuito<\/td><td>Funciones limitadas<\/td><td>Ideal para principiantes<\/td><td>Opciones avanzadas limitadas<\/td><td>Ideal para soluciones r\u00e1pidas<\/td><\/tr><tr><td><strong>Mejoremos<\/strong><\/td><td>Ampl\u00eda las im\u00e1genes hasta 16 veces<\/td><td>Resultados de alta calidad<\/td><td>Por suscripci\u00f3n<\/td><td>Calidad profesional<\/td><td>Requiere pago<\/td><td>Lo mejor para uso profesional<\/td><\/tr><tr><td><strong>Vance AI<\/strong><\/td><td>Mejorador de imagen basado en IA<\/td><td>M\u00faltiples opciones de mejora<\/td><td>Algunas funciones son de pago<\/td><td>Herramientas vers\u00e1tiles<\/td><td>Requiere suscripci\u00f3n Premium<\/td><td>Bueno para un uso vers\u00e1til<\/td><\/tr><tr><td><strong>Imagen profunda<\/strong><\/td><td>Procesamiento por lotes<\/td><td>Maneja varias im\u00e1genes a la vez<\/td><td>Requiere abrir una cuenta<\/td><td>Tiempo eficiente<\/td><td>Configuraci\u00f3n inicial necesaria<\/td><td>Lo mejor para mejoras masivas<\/td><\/tr><tr><td><strong>Waifu2x<\/strong><\/td><td>Mejorador de imagen centrado en el anime<\/td><td>Especializado para obras de arte<\/td><td>Limitado al estilo anime<\/td><td>Ideal para im\u00e1genes de anime<\/td><td>Aplicaci\u00f3n limitada<\/td><td>Lo mejor para los artistas de anime<\/td><\/tr><tr><td><strong><a href=\"https:\/\/www.fotor.com\/\" data-type=\"link\" data-id=\"https:\/\/www.fotor.com\/\" rel=\"nofollow noopener\" target=\"_blank\">Fotor<\/a><\/strong><\/td><td>Editor de fotos en l\u00ednea con funciones de mejora<\/td><td>Amplias herramientas de edici\u00f3n<\/td><td>Anuncios en la versi\u00f3n gratuita<\/td><td>Soluci\u00f3n todo en uno<\/td><td>Versi\u00f3n gratuita con publicidad<\/td><td>Bueno para un uso ocasional<\/td><\/tr><tr><td><strong>ImgLarger<\/strong><\/td><td>Herramienta de ampliaci\u00f3n de IA<\/td><td>Buenos resultados de escalado<\/td><td>Requiere conexi\u00f3n a Internet<\/td><td>Escalado de alta calidad<\/td><td>Depende de la velocidad de Internet<\/td><td>Lo mejor para el uso en l\u00ednea<\/td><\/tr><tr><td><strong>Fotos de lujo<\/strong><\/td><td>Mejorador de imagen en l\u00ednea<\/td><td>Interfaz f\u00e1cil de usar<\/td><td>Uso gratuito limitado<\/td><td>F\u00e1cil de usar<\/td><td>Limitado al uso en l\u00ednea<\/td><td>Lo mejor para un uso ocasional<\/td><\/tr><tr><td><strong>Mejora de la imagen<\/strong><\/td><td>Mejora basada en la IA<\/td><td>Tratamiento eficaz<\/td><td>Funciones de pago<\/td><td>R\u00e1pido y eficaz<\/td><td>Por suscripci\u00f3n<\/td><td>Lo mejor para un uso regular<\/td><\/tr><tr><td><strong>AI Image Enlarger<\/strong><\/td><td>Especialista en ampliaci\u00f3n de im\u00e1genes<\/td><td>Ampliaci\u00f3n de alta calidad<\/td><td>Limitaciones de la versi\u00f3n gratuita<\/td><td>Gran calidad de ampliaci\u00f3n<\/td><td>Opciones gratuitas limitadas<\/td><td>Lo mejor para una ampliaci\u00f3n de alta calidad<\/td><\/tr><\/tbody><\/table><\/figure>\n\n\n\n<h3 class=\"wp-block-heading\">La mejor herramienta de mejora de im\u00e1genes AI<\/h3>\n\n\n\n<p class=\"\">Entre las diversas herramientas disponibles, el mejor potenciador de im\u00e1genes AI es <a href=\"https:\/\/aiartfree.online\/es\/mejorador-de-imagen-ai\/\">AI Image Enhancer<\/a>. Ofrece una combinaci\u00f3n perfecta de funciones avanzadas, facilidad de uso y resultados de alta calidad, por lo que es ideal tanto para profesionales como para usuarios ocasionales.<\/p>\n\n\n\n<h3 class=\"wp-block-heading\">PREGUNTAS FRECUENTES<\/h3>\n\n\n\n<ol class=\"wp-block-list\">\n<li class=\"\"><strong>\u00bfQu\u00e9 es un potenciador de imagen de IA?<\/strong> Un AI Image Enhancer es una herramienta que utiliza la inteligencia artificial para mejorar la calidad y la resoluci\u00f3n de las im\u00e1genes.<\/li>\n\n\n\n<li class=\"\"><strong>\u00bfC\u00f3mo mejora la IA la calidad de imagen?<\/strong> Los algoritmos de IA analizan y mejoran los detalles de la imagen, corrigiendo imperfecciones y aumentando la resoluci\u00f3n.<\/li>\n\n\n\n<li class=\"\"><strong>\u00bfMerece la pena invertir en un potenciador de imagen de IA?<\/strong> S\u00ed, ahorra tiempo y produce resultados de alta calidad, lo que la convierte en una herramienta valiosa para muchos usuarios.<\/li>\n\n\n\n<li class=\"\"><strong>\u00bfPueden los mejoradores de im\u00e1genes por IA procesar lotes?<\/strong> Algunas herramientas como Deep Image ofrecen funciones de procesamiento por lotes.<\/li>\n\n\n\n<li class=\"\"><strong>\u00bfExisten herramientas gratuitas para mejorar las im\u00e1genes AI?<\/strong> S\u00ed, herramientas como Enhance.Pho.to ofrecen funciones b\u00e1sicas de mejora gratuitas.<\/li>\n\n\n\n<li class=\"\"><strong>\u00bfCu\u00e1l es el mejor potenciador de im\u00e1genes AI para uso profesional?<\/strong> AI Image Enhancer se recomienda por sus funciones avanzadas y sus resultados de alta calidad.<\/li>\n\n\n\n<li class=\"\"><strong>\u00bfPueden utilizarse los realzadores de imagen de IA para las im\u00e1genes de las redes sociales?<\/strong> S\u00ed, son ideales para crear im\u00e1genes de alta calidad para publicaciones en redes sociales.<\/li>\n\n\n\n<li class=\"\"><strong>\u00bfAdmiten los realzadores de imagen por IA la conversi\u00f3n ascendente?<\/strong> S\u00ed, muchos mejoradores de im\u00e1genes de IA pueden escalar im\u00e1genes a resoluciones m\u00e1s altas.<\/li>\n\n\n\n<li class=\"\"><strong>\u00bfSon f\u00e1ciles de usar los realzadores de imagen por IA?<\/strong> La mayor\u00eda de los realzadores de im\u00e1genes AI son f\u00e1ciles de usar y est\u00e1n dise\u00f1ados para facilitar su uso.<\/li>\n\n\n\n<li class=\"\"><strong>\u00bfQu\u00e9 sectores se benefician de los potenciadores de imagen de IA?<\/strong> Sectores como el inmobiliario, el comercio electr\u00f3nico, el dise\u00f1o gr\u00e1fico y las redes sociales pueden beneficiarse enormemente del uso de potenciadores de imagen de IA.<\/li>\n<\/ol>","protected":false},"excerpt":{"rendered":"<p>How to use AI Image Enhancer *&nbsp;Depending on your internet speed, loading the model may take a few seconds.* There will be caching during continuous generation, and the new image will appear after about 3 seconds. Introduction of AI Image Enhancer Enhancing image quality is crucial for various industries, from real estate to social media &#8230; <a title=\"AI Image Enhancer\" class=\"read-more\" href=\"https:\/\/aiartfree.online\/es\/mejorador-de-imagen-ai\/\" aria-label=\"Leer m\u00e1s sobre AI Image Enhancer\">Leer m\u00e1s<\/a><\/p>","protected":false},"author":1,"featured_media":0,"parent":0,"menu_order":0,"comment_status":"open","ping_status":"closed","template":"","meta":{"nf_dc_page":"","footnotes":""},"class_list":["post-2880","page","type-page","status-publish"],"jetpack_sharing_enabled":true,"_links":{"self":[{"href":"https:\/\/aiartfree.online\/es\/wp-json\/wp\/v2\/pages\/2880","targetHints":{"allow":["GET"]}}],"collection":[{"href":"https:\/\/aiartfree.online\/es\/wp-json\/wp\/v2\/pages"}],"about":[{"href":"https:\/\/aiartfree.online\/es\/wp-json\/wp\/v2\/types\/page"}],"author":[{"embeddable":true,"href":"https:\/\/aiartfree.online\/es\/wp-json\/wp\/v2\/users\/1"}],"replies":[{"embeddable":true,"href":"https:\/\/aiartfree.online\/es\/wp-json\/wp\/v2\/comments?post=2880"}],"version-history":[{"count":0,"href":"https:\/\/aiartfree.online\/es\/wp-json\/wp\/v2\/pages\/2880\/revisions"}],"wp:attachment":[{"href":"https:\/\/aiartfree.online\/es\/wp-json\/wp\/v2\/media?parent=2880"}],"curies":[{"name":"wp","href":"https:\/\/api.w.org\/{rel}","templated":true}]}}