{"id":2853,"date":"2024-07-17T13:47:43","date_gmt":"2024-07-17T13:47:43","guid":{"rendered":"https:\/\/aiartfree.online\/?page_id=2853"},"modified":"2024-07-20T09:39:23","modified_gmt":"2024-07-20T09:39:23","slug":"free-pixar-ai-generator","status":"publish","type":"page","link":"https:\/\/aiartfree.online\/es\/generador-ai-pixar-gratis\/","title":{"rendered":"Generador Pixar AI gratuito"},"content":{"rendered":"<h2 class=\"wp-block-heading\">C\u00f3mo utilizar el generador Pixar AI gratuito<\/h2>\n\n\n\n<ol class=\"wp-block-list\">\n<li class=\"\">Introduzca sus indicaciones<\/li>\n\n\n\n<li class=\"\">Haga clic en \"Ejecutar\".<\/li>\n\n\n\n<li class=\"\">\u00a1Espera, eso es!<\/li>\n<\/ol>\n\n\n\n<p class=\"\"><em>* Dependiendo de su velocidad de Internet, la carga del modelo puede tardar unos segundos.<br>* Habr\u00e1 cach\u00e9 durante la generaci\u00f3n continua, y la nueva imagen aparecer\u00e1 despu\u00e9s de unos 3 segundos.<\/em><\/p>\n\n\n\n<h3 class=\"wp-block-heading\">Ejemplo de entrada<\/h3>\n\n\n\n<ul class=\"wp-block-list\">\n<li class=\"\">Un hombre joven con pelo ondulado casta\u00f1o claro y ojos marrones claros sentado en un sill\u00f3n y mirando directamente a la c\u00e1mara, estilo pixar, disney pixar, fondo de oficina, ultra detallado, 1 hombre<\/li>\n\n\n\n<li class=\"\">Dibujos animados 3D soleado imagen brillante al estilo Pixar : superh\u00e9roe : traje completo : cinematogr\u00e1fico -ar 68:128 -stylize 750 -v 5.2<\/li>\n\n\n\n<li class=\"\">3d imagen, linda chica, en el estilo de Pixar, -ar 1:2 ,-stylize 750.<\/li>\n<\/ul>\n\n\n\n<div style=\"text-align: center; border: 2px solid; border-image-source: linear-gradient(to right, #16b86c, #912899); border-image-slice: 1; box-shadow: 0 0 10px rgba(0, 0, 0, 0.1); border-radius: 15px;\">\n  <iframe loading=\"lazy\"\n    src=\"https:\/\/ucanbaklava-stablediffusionapi-disney-pixar-cartoon.hf.space\"\n    frameborder=\"0\"\n    width=\"800\"\n    height=\"500\"\n    style=\"display: inline-block; margin: 0 auto;\"\n  ><\/iframe>\n<\/div>\n\n\n\n<div style=\"height:50px\" aria-hidden=\"true\" class=\"wp-block-spacer\"><\/div>\n\n\n\n<h2 class=\"wp-block-heading\" id=\"introduction-of-free-online-pixar-ai-generator\"><strong>Introducci\u00f3n del generador Pixar AI gratuito<\/strong><\/h2>\n\n\n\n<figure class=\"wp-block-image size-full is-resized\"><img data-recalc-dims=\"1\" decoding=\"async\" width=\"938\" height=\"626\"   loading=\"lazy\" src=\"https:\/\/i0.wp.com\/aiartfree.online\/wp-content\/uploads\/2024\/07\/WX20240717-174206%402x.jpg?resize=938%2C626&#038;ssl=1\" alt=\"Generador online gratuito de IA de Pixar\" class=\"wp-image-2852\" style=\"width:530px;height:auto\" srcset=\"https:\/\/i0.wp.com\/aiartfree.online\/wp-content\/uploads\/2024\/07\/WX20240717-174206%402x.jpg?w=938&amp;ssl=1 938w, https:\/\/i0.wp.com\/aiartfree.online\/wp-content\/uploads\/2024\/07\/WX20240717-174206%402x.jpg?resize=300%2C200&amp;ssl=1 300w, https:\/\/i0.wp.com\/aiartfree.online\/wp-content\/uploads\/2024\/07\/WX20240717-174206%402x.jpg?resize=768%2C513&amp;ssl=1 768w, https:\/\/i0.wp.com\/aiartfree.online\/wp-content\/uploads\/2024\/07\/WX20240717-174206%402x.jpg?resize=18%2C12&amp;ssl=1 18w, https:\/\/i0.wp.com\/aiartfree.online\/wp-content\/uploads\/2024\/07\/WX20240717-174206%402x.jpg?resize=600%2C400&amp;ssl=1 600w\" sizes=\"auto, (max-width: 938px) 100vw, 938px\" \/><\/figure>\n\n\n\n<h3 class=\"wp-block-heading\" id=\"what-is-a-free-online-pixar-ai-generator\"><a href=\"https:\/\/dromerosm-groq-llama3.hf.space\/#what-is-a-free-online-pixar-ai-generator\" target=\"_blank\" rel=\"noopener\"><\/a><strong>\u00bfQu\u00e9 es un generador Pixar AI gratuito?<\/strong><\/h3>\n\n\n\n<p class=\"\">Un generador de IA de Pixar en l\u00ednea gratuito es una herramienta que permite a los usuarios generar obras de arte al estilo Pixar utilizando inteligencia artificial (IA) sin ning\u00fan coste econ\u00f3mico. Esta innovadora tecnolog\u00eda utiliza algoritmos de aprendizaje autom\u00e1tico para crear impresionantes animaciones e im\u00e1genes que recuerdan a las queridas pel\u00edculas de Pixar.<\/p>\n\n\n\n<p class=\"\"><strong>\u00cdndice<\/strong><\/p>\n\n\n\n<ol class=\"wp-block-list\">\n<li class=\"\"><a href=\"https:\/\/dromerosm-groq-llama3.hf.space\/#what-is-a-free-online-pixar-ai-generator\" target=\"_blank\" rel=\"noopener\">\u00bfQu\u00e9 es un generador online gratuito de IA de Pixar?<\/a><\/li>\n\n\n\n<li class=\"\"><a href=\"https:\/\/dromerosm-groq-llama3.hf.space\/#why-use-a-free-online-pixar-ai-generator\" target=\"_blank\" rel=\"noopener\">\u00bfPor qu\u00e9 utilizar un generador gratuito de IA de Pixar?<\/a><\/li>\n\n\n\n<li class=\"\"><a href=\"https:\/\/dromerosm-groq-llama3.hf.space\/#benefits-of-using-a-free-online-pixar-ai-generator\" target=\"_blank\" rel=\"noopener\">Ventajas de utilizar un generador gratuito de IA de Pixar en l\u00ednea<\/a><\/li>\n\n\n\n<li class=\"\"><a href=\"https:\/\/dromerosm-groq-llama3.hf.space\/#when-to-use-a-free-online-pixar-ai-generator\" target=\"_blank\" rel=\"noopener\">Cu\u00e1ndo utilizar un generador gratuito de IA de Pixar en l\u00ednea<\/a><\/li>\n\n\n\n<li class=\"\"><a href=\"https:\/\/dromerosm-groq-llama3.hf.space\/#who-can-benefit-from-a-free-online-pixar-ai-generator\" target=\"_blank\" rel=\"noopener\">\u00bfQui\u00e9n puede beneficiarse de un generador gratuito de IA de Pixar en l\u00ednea?<\/a><\/li>\n\n\n\n<li class=\"\"><a href=\"https:\/\/dromerosm-groq-llama3.hf.space\/#related-information-and-tools\" target=\"_blank\" rel=\"noopener\">Informaci\u00f3n y herramientas relacionadas<\/a><\/li>\n\n\n\n<li class=\"\"><a href=\"https:\/\/dromerosm-groq-llama3.hf.space\/#faqs\" target=\"_blank\" rel=\"noopener\">Preguntas frecuentes<\/a><\/li>\n<\/ol>\n\n\n\n<h3 class=\"wp-block-heading\" id=\"why-use-a-free-online-pixar-ai-generator\"><a href=\"https:\/\/dromerosm-groq-llama3.hf.space\/#why-use-a-free-online-pixar-ai-generator\" target=\"_blank\" rel=\"noopener\"><\/a><strong>\u00bfPor qu\u00e9 utilizar un generador Pixar AI gratuito?<\/strong><\/h3>\n\n\n\n<p class=\"\">Con la creciente demanda de im\u00e1genes de alta calidad en diversos sectores, un generador Pixar AI gratuito en l\u00ednea puede cambiar las reglas del juego. Esta herramienta permite crear animaciones e im\u00e1genes asombrosas sin necesidad de tener mucha experiencia en dise\u00f1o gr\u00e1fico. Adem\u00e1s, ahorra tiempo y recursos, por lo que es una opci\u00f3n atractiva para profesionales y empresarios ocupados.<\/p>\n\n\n\n<h3 class=\"wp-block-heading\" id=\"benefits-of-using-a-free-online-pixar-ai-generator\"><a href=\"https:\/\/dromerosm-groq-llama3.hf.space\/#benefits-of-using-a-free-online-pixar-ai-generator\" target=\"_blank\" rel=\"noopener\"><\/a><strong>Ventajas de utilizar un generador gratuito de IA de Pixar<\/strong><\/h3>\n\n\n\n<p class=\"\">Algunos de los beneficios de usar un Generador de IA Pixar Online Gratis incluyen:<\/p>\n\n\n\n<ul class=\"wp-block-list\">\n<li class=\"\"><strong>Rentable<\/strong>: No es necesario gastar dinero en costosos programas de dise\u00f1o gr\u00e1fico ni contratar a un dise\u00f1ador profesional.<\/li>\n\n\n\n<li class=\"\"><strong>Ahorro de tiempo<\/strong>: Genere r\u00e1pidamente im\u00e1genes de alta calidad con el m\u00ednimo esfuerzo.<\/li>\n\n\n\n<li class=\"\"><strong>Accesibilidad<\/strong>: No se requiere experiencia previa en dise\u00f1o gr\u00e1fico para utilizar la herramienta.<\/li>\n\n\n\n<li class=\"\"><strong>Flexibilidad<\/strong>: Puede utilizarse para diversos fines, como las redes sociales, la publicidad y la educaci\u00f3n.<\/li>\n<\/ul>\n\n\n\n<h3 class=\"wp-block-heading\" id=\"when-to-use-a-free-online-pixar-ai-generator\"><a href=\"https:\/\/dromerosm-groq-llama3.hf.space\/#when-to-use-a-free-online-pixar-ai-generator\" target=\"_blank\" rel=\"noopener\"><\/a><strong>Cu\u00e1ndo utilizar un generador Pixar AI gratuito<\/strong><\/h3>\n\n\n\n<p class=\"\">Un generador de IA Pixar en l\u00ednea gratuito se puede utilizar en varios escenarios, incluyendo:<\/p>\n\n\n\n<ul class=\"wp-block-list\">\n<li class=\"\"><strong>Marketing en redes sociales<\/strong>: Crea im\u00e1genes atractivas para campa\u00f1as en las redes sociales.<\/li>\n\n\n\n<li class=\"\"><strong>Publicidad<\/strong>: Desarrolle anuncios llamativos para promociones en l\u00ednea y fuera de l\u00ednea.<\/li>\n\n\n\n<li class=\"\"><strong>Educaci\u00f3n<\/strong>: Utiliza la herramienta para crear materiales educativos, como v\u00eddeos e infograf\u00edas.<\/li>\n\n\n\n<li class=\"\"><strong>Creaci\u00f3n de contenidos<\/strong>: Genera im\u00e1genes para entradas de blog, v\u00eddeos y otros contenidos en l\u00ednea.<\/li>\n<\/ul>\n\n\n\n<h3 class=\"wp-block-heading\" id=\"who-can-benefit-from-a-free-online-pixar-ai-generator\"><a href=\"https:\/\/dromerosm-groq-llama3.hf.space\/#who-can-benefit-from-a-free-online-pixar-ai-generator\" target=\"_blank\" rel=\"noopener\"><\/a><strong>\u00bfQui\u00e9n puede beneficiarse de un generador gratuito de IA de Pixar?<\/strong><\/h3>\n\n\n\n<p class=\"\">Individuos de varias industrias y profesiones pueden beneficiarse del uso de un Generador de AI Pixar Online Gratis, incluyendo:<\/p>\n\n\n\n<ul class=\"wp-block-list\">\n<li class=\"\"><strong>Vendedores<\/strong>: Crea im\u00e1genes atractivas para las redes sociales y las campa\u00f1as publicitarias.<\/li>\n\n\n\n<li class=\"\"><strong>Educadores<\/strong>: Desarrollar materiales educativos interactivos y atractivos.<\/li>\n\n\n\n<li class=\"\"><strong>Creadores de contenidos<\/strong>: Genere im\u00e1genes de alta calidad para entradas de blog, v\u00eddeos y otros contenidos en l\u00ednea.<\/li>\n\n\n\n<li class=\"\"><strong>Empresarios<\/strong>: Utiliza la herramienta para crear impresionantes efectos visuales para promociones y publicidad empresarial.<\/li>\n<\/ul>\n\n\n\n<h3 class=\"wp-block-heading\" id=\"related-information-and-tools\"><a href=\"https:\/\/dromerosm-groq-llama3.hf.space\/#related-information-and-tools\" target=\"_blank\" rel=\"noopener\"><\/a><strong>Informaci\u00f3n y herramientas relacionadas<\/strong><\/h3>\n\n\n\n<p class=\"\">Aqu\u00ed hay 10 sitios web que proporcionan informaci\u00f3n y herramientas relacionadas con Generadores de IA Pixar Online Gratis:<\/p>\n\n\n\n<figure class=\"wp-block-table\"><table class=\"has-fixed-layout\"><thead><tr><th>P\u00e1gina web<\/th><th>Descripci\u00f3n<\/th><\/tr><\/thead><tbody><tr><td><a href=\"https:\/\/aiartfree.online\/es\/free-online-pixar-ai-generator\/\" target=\"_blank\" rel=\"noreferrer noopener\">aiartfree.online<\/a><\/td><td>Ofrece un generador online gratuito de Pixar AI con varias plantillas y dise\u00f1os.<\/td><\/tr><tr><td><a href=\"https:\/\/pix2pix.io\/\" target=\"_blank\" rel=\"noreferrer noopener nofollow\">pix2pix.io<\/a><\/td><td>Una plataforma que utiliza la IA para generar im\u00e1genes a partir de bocetos.<\/td><\/tr><tr><td><a href=\"https:\/\/deepdreamgenerator.com\/\" target=\"_blank\" rel=\"noreferrer noopener nofollow\">deepdreamgenerator.com<\/a><\/td><td>Una herramienta web que utiliza la IA para generar im\u00e1genes surrealistas.<\/td><\/tr><tr><td><a href=\"https:\/\/www.artbreeder.com\/\" target=\"_blank\" rel=\"noreferrer noopener nofollow\">artbreeder.com<\/a><\/td><td>Una plataforma que permite a los usuarios crear y evolucionar obras de arte originales utilizando IA.<\/td><\/tr><tr><td><a href=\"https:\/\/ganbreeder.app\/\" target=\"_blank\" rel=\"noreferrer noopener nofollow\">ganbreeder.app<\/a><\/td><td>Una herramienta web que utiliza la IA para generar obras de arte.<\/td><\/tr><tr><td><a href=\"https:\/\/prism.app\/\" target=\"_blank\" rel=\"noreferrer noopener nofollow\">aplicaci\u00f3n.prisma<\/a><\/td><td>Una plataforma que ofrece herramientas de dise\u00f1o basadas en IA, incluido un generador al estilo Pixar.<\/td><\/tr><tr><td><a href=\"https:\/\/adicraft.org\/\" target=\"_blank\" rel=\"noreferrer noopener nofollow\">adicraft.org<\/a><\/td><td>Organizaci\u00f3n sin \u00e1nimo de lucro que proporciona herramientas de dise\u00f1o basadas en IA, incluido un generador al estilo Pixar.<\/td><\/tr><tr><td><a href=\"https:\/\/aiartist.io\/\" target=\"_blank\" rel=\"noreferrer noopener nofollow\">aiartist.io<\/a><\/td><td>Una plataforma que ofrece herramientas de dise\u00f1o basadas en IA, incluido un generador al estilo Pixar.<\/td><\/tr><tr><td><a href=\"https:\/\/ai-generated-art.org\/\" target=\"_blank\" rel=\"noreferrer noopener nofollow\">_AI-generated-art.org<\/a><\/td><td>Sitio web que ofrece informaci\u00f3n y recursos sobre arte generado por IA.<\/td><\/tr><tr><td><a href=\"https:\/\/generative-art.org\/\" target=\"_blank\" rel=\"noreferrer noopener nofollow\">arte generativo.org<\/a><\/td><td>Sitio web que ofrece informaci\u00f3n y recursos sobre arte generativo.<\/td><\/tr><\/tbody><\/table><\/figure>\n\n\n\n<p class=\"\"><strong>Ventajas, desventajas, puntos fuertes, puntos d\u00e9biles y recomendaciones<\/strong><\/p>\n\n\n\n<ul class=\"wp-block-list\">\n<li class=\"\"><strong>Ventajas<\/strong>: Rentable, ahorra tiempo, accesible y flexible.<\/li>\n\n\n\n<li class=\"\"><strong>Desventajas<\/strong>: Opciones de personalizaci\u00f3n limitadas, dependencia de algoritmos de IA y posibles problemas de calidad.<\/li>\n\n\n\n<li class=\"\"><strong>Puntos fuertes<\/strong>: Puede generar im\u00e1genes de alta calidad, ideales para profesionales y empresarios ocupados.<\/li>\n\n\n\n<li class=\"\"><strong>Puntos d\u00e9biles<\/strong>: Puede requerir algunos conocimientos de dise\u00f1o gr\u00e1fico, control limitado sobre la producci\u00f3n.<\/li>\n\n\n\n<li class=\"\"><strong>Recomendaci\u00f3n<\/strong>: Utiliza una plataforma en l\u00ednea de confianza como aiartfree.online para obtener im\u00e1genes de alta calidad al estilo Pixar.<\/li>\n<\/ul>\n\n\n\n<h3 class=\"wp-block-heading\" id=\"faqs\"><a href=\"https:\/\/dromerosm-groq-llama3.hf.space\/#faqs\" target=\"_blank\" rel=\"noopener\"><\/a><strong>Preguntas frecuentes<\/strong><\/h3>\n\n\n\n<ol class=\"wp-block-list\">\n<li class=\"\"><strong>P: \u00bfEs f\u00e1cil de usar el generador Pixar AI?<\/strong>&nbsp;R: S\u00ed, la mayor\u00eda de las plataformas en l\u00ednea ofrecen interfaces f\u00e1ciles de usar que requieren una experiencia m\u00ednima en dise\u00f1o gr\u00e1fico.<\/li>\n\n\n\n<li class=\"\"><strong>P: \u00bfPuedo personalizar el resultado de un generador Pixar AI gratuito?<\/strong>&nbsp;R: S\u00ed, la mayor\u00eda de las plataformas ofrecen opciones de personalizaci\u00f3n, como esquemas de color y plantillas.<\/li>\n\n\n\n<li class=\"\"><strong>P: \u00bfLos generadores Pixar AI gratuitos son s\u00f3lo para profesionales?<\/strong>&nbsp;R: No, cualquiera puede utilizar estas herramientas, incluidos particulares, empresarios y educadores.<\/li>\n\n\n\n<li class=\"\"><strong>P: \u00bfPuedo utilizar un generador Pixar AI gratuito con fines comerciales?<\/strong>&nbsp;R: S\u00ed, la mayor\u00eda de las plataformas permiten el uso comercial, pero aseg\u00farate de comprobar los t\u00e9rminos y condiciones.<\/li>\n\n\n\n<li class=\"\"><strong>P: \u00bfCu\u00e1nto tiempo se tarda en generar una imagen con el Generador Pixar AI gratuito?<\/strong>&nbsp;R: El tiempo de procesamiento var\u00eda en funci\u00f3n de la plataforma y la complejidad del dise\u00f1o.<\/li>\n\n\n\n<li class=\"\"><strong>P: \u00bfPuedo cargar mis propias im\u00e1genes en un generador Pixar AI gratuito?<\/strong>&nbsp;R: S\u00ed, algunas plataformas permiten a los usuarios subir sus propias im\u00e1genes para editarlas y mejorarlas.<\/li>\n\n\n\n<li class=\"\"><strong>P: \u00bfSon caros los generadores de IA Pixar gratuitos en l\u00ednea?<\/strong>&nbsp;R: No, la mayor\u00eda de las plataformas ofrecen servicios gratuitos o de bajo coste, y algunas ofrecen funciones premium de pago.<\/li>\n\n\n\n<li class=\"\"><strong>P: \u00bfPuedo utilizar un generador de IA Pixar gratuito en l\u00ednea con fines educativos?<\/strong>&nbsp;R: S\u00ed, muchas plataformas ofrecen recursos y herramientas educativas para estudiantes y profesores.<\/li>\n\n\n\n<li class=\"\"><strong>P: \u00bfC\u00f3mo funciona un generador gratuito de IA de Pixar en l\u00ednea?<\/strong>&nbsp;R: Estas herramientas utilizan algoritmos de aprendizaje autom\u00e1tico para generar im\u00e1genes basadas en las entradas del usuario y en plantillas de dise\u00f1o.<\/li>\n\n\n\n<li class=\"\"><strong>P: \u00bfEs adecuado para el marketing en redes sociales un generador Pixar AI gratuito en l\u00ednea?<\/strong>&nbsp;R: S\u00ed, estas herramientas pueden utilizarse para crear im\u00e1genes atractivas para campa\u00f1as en las redes sociales.<\/li>\n<\/ol>","protected":false},"excerpt":{"rendered":"<p>How to use the Free Pixar AI Generator *&nbsp;Depending on your internet speed, loading the model may take a few seconds.* There will be caching during continuous generation, and the new image will appear after about 3 seconds. Example Input Introduction of Free Pixar AI Generator What is a Free Pixar AI Generator? A Free &#8230; <a title=\"Generador Pixar AI gratuito\" class=\"read-more\" href=\"https:\/\/aiartfree.online\/es\/generador-ai-pixar-gratis\/\" aria-label=\"Leer m\u00e1s sobre Free Pixar AI Generator\">Leer m\u00e1s<\/a><\/p>","protected":false},"author":1,"featured_media":0,"parent":0,"menu_order":0,"comment_status":"open","ping_status":"closed","template":"","meta":{"nf_dc_page":"","footnotes":""},"class_list":["post-2853","page","type-page","status-publish"],"jetpack_sharing_enabled":true,"_links":{"self":[{"href":"https:\/\/aiartfree.online\/es\/wp-json\/wp\/v2\/pages\/2853","targetHints":{"allow":["GET"]}}],"collection":[{"href":"https:\/\/aiartfree.online\/es\/wp-json\/wp\/v2\/pages"}],"about":[{"href":"https:\/\/aiartfree.online\/es\/wp-json\/wp\/v2\/types\/page"}],"author":[{"embeddable":true,"href":"https:\/\/aiartfree.online\/es\/wp-json\/wp\/v2\/users\/1"}],"replies":[{"embeddable":true,"href":"https:\/\/aiartfree.online\/es\/wp-json\/wp\/v2\/comments?post=2853"}],"version-history":[{"count":0,"href":"https:\/\/aiartfree.online\/es\/wp-json\/wp\/v2\/pages\/2853\/revisions"}],"wp:attachment":[{"href":"https:\/\/aiartfree.online\/es\/wp-json\/wp\/v2\/media?parent=2853"}],"curies":[{"name":"wp","href":"https:\/\/api.w.org\/{rel}","templated":true}]}}