{"id":3444,"date":"2024-08-02T05:54:16","date_gmt":"2024-08-02T05:54:16","guid":{"rendered":"https:\/\/aiartfree.online\/?page_id=3444"},"modified":"2025-03-07T08:03:21","modified_gmt":"2025-03-07T08:03:21","slug":"ai-picture-generator","status":"publish","type":"page","link":"https:\/\/aiartfree.online\/de\/ai-bild-generator\/","title":{"rendered":"AI-Bild-Generator"},"content":{"rendered":"<h2 class=\"wp-block-heading has-text-align-center\">Was unsere Nutzer gemacht haben<\/h2>\n\n\n\n<figure class=\"gb-block-image gb-block-image-1822da1f\"><img data-recalc-dims=\"1\" decoding=\"async\" loading=\"lazy\" width=\"1112\" height=\"576\" class=\"gb-image gb-image-1822da1f\" src=\"https:\/\/i0.wp.com\/aiartfree.online\/wp-content\/uploads\/2024\/08\/WX20240802-111707%402x.jpg?resize=1112%2C576&#038;ssl=1\" alt=\"Erstellen Sie m\u00fchelos beeindruckende und einzigartige Bilder mit AI Art Free. Unser 100% kostenloser AI-Bildgenerator bietet unbegrenzten Zugang und hochwertige Ergebnisse, die sich perfekt f\u00fcr soziale Medien, Marketing und den pers\u00f6nlichen Gebrauch eignen. Sie brauchen sich nicht anzumelden - geben Sie einfach eine Texteingabe ein und lassen Sie unsere KI Ihre Ideen in wundersch\u00f6ne Bilder verwandeln. Entdecken Sie noch heute die unendlichen M\u00f6glichkeiten mit unserem leistungsstarken und benutzerfreundlichen Tool!\" title=\"WX20240802-111707@2x\" srcset=\"https:\/\/i0.wp.com\/aiartfree.online\/wp-content\/uploads\/2024\/08\/WX20240802-111707%402x.jpg?w=1112&amp;ssl=1 1112w, https:\/\/i0.wp.com\/aiartfree.online\/wp-content\/uploads\/2024\/08\/WX20240802-111707%402x.jpg?resize=300%2C155&amp;ssl=1 300w, https:\/\/i0.wp.com\/aiartfree.online\/wp-content\/uploads\/2024\/08\/WX20240802-111707%402x.jpg?resize=1024%2C530&amp;ssl=1 1024w, https:\/\/i0.wp.com\/aiartfree.online\/wp-content\/uploads\/2024\/08\/WX20240802-111707%402x.jpg?resize=768%2C398&amp;ssl=1 768w, https:\/\/i0.wp.com\/aiartfree.online\/wp-content\/uploads\/2024\/08\/WX20240802-111707%402x.jpg?resize=18%2C9&amp;ssl=1 18w, https:\/\/i0.wp.com\/aiartfree.online\/wp-content\/uploads\/2024\/08\/WX20240802-111707%402x.jpg?resize=600%2C311&amp;ssl=1 600w\" sizes=\"auto, (max-width: 1112px) 100vw, 1112px\" \/><\/figure>\n\n\n\n<h2 class=\"wp-block-heading\">So verwenden Sie den AI Picture Generator<\/h2>\n\n\n\n<ol class=\"wp-block-list\">\n<li class=\"\">Laden Sie Ihre Audiodatei hoch<\/li>\n\n\n\n<li class=\"\">Klicken Sie auf \"\u00dcbersetzen\".<\/li>\n\n\n\n<li class=\"\">Moment, das ist es!<\/li>\n<\/ol>\n\n\n\n<p class=\"\">* Probieren Sie unsere Beispiele aus, wenn Ihnen noch nichts einf\u00e4llt<\/p>\n\n\n\n<h2 class=\"wp-block-heading\">Beispiele f\u00fcr Aufforderungen<\/h2>\n\n\n\n<ol style=\"font-size:16px\" class=\"wp-block-list\">\n<li class=\"\">atemberaubende, hochdetaillierte grafische roman-illustration von morgan freeman auf einem harley davidson motorrad, dunkel und d\u00fcster<\/li>\n\n\n\n<li class=\"\">Atemberaubende Graphic-Novel-Illustration Inmitten der unermesslichen Weiten eines Nebels schwebt ein einsamer Astronaut, der an ein leuchtendes Raumschiff gefesselt ist. Die leuchtenden Gase des Nebels tanzen um ihn herum und spiegeln die leuchtenden Farben auf seinem Anzug wider, sodass ein Ballett aus Licht und Bewegung entsteht.<\/li>\n\n\n\n<li class=\"\">Atemberaubende Graphic-Novel-Illustration von An einer Kreuzung in einem postapokalyptischen \u00d6dland singt ein Wanderer mit einer Gitarre aus Altmetall Geschichten aus der alten Welt. Mutierte Kreaturen versammeln sich um das Lagerfeuer, ihre Augen sind voller Sehnsucht.<\/li>\n\n\n\n<li class=\"\">Atemberaubende Graphic-Novel-Illustration eines Kindes, das bunte Schmetterlinge auf einer lebendigen Wiese jagt.<\/li>\n\n\n\n<li class=\"\">Atemberaubende Graphic-Novel-Illustration An einem Strand, an dem die Wellen mit Geschichten verwoben sind, bastelt ein Geschichtenerz\u00e4hler mit einem Webstuhl aus Mondlicht Geschichten aus den Gezeiten. Muscheln fl\u00fcstern Legenden, und der Horizont ist ein Wandteppich aus Abenteuern, die noch erz\u00e4hlt werden m\u00fcssen.<\/li>\n\n\n\n<li class=\"\">Atemberaubende Graphic-Novel-Illustration eines Falken, der auf der Suche nach Beute \u00fcber der W\u00fcste schwebt.<\/li>\n\n\n\n<li class=\"\">atemberaubende Graphic-Novel-Illustration Tief im Polarkreis f\u00e4rbt ein Polarlicht den Himmel mit leuchtenden Gr\u00fcn-, Rosa- und Violettt\u00f6nen. Der Schnee unter uns spiegelt diesen Tanz der Lichter wider, und die Welt ist in eine faszinierende Symphonie der Farben geh\u00fcllt.<\/li>\n\n\n\n<li class=\"\">Atemberaubende Graphic-Novel-Illustration eines T\u00e4towierers, der ein kompliziertes Muster auf dem R\u00fccken eines Kunden ausarbeitet.<\/li>\n\n\n\n<li class=\"\">Atemberaubende Graphic-Novel-Illustration einer in bunte Seidenstoffe geh\u00fcllten Frau, die in einem von Kerzen beleuchteten Zelt Tarotkarten liest.<\/li>\n\n\n\n<li class=\"\">Atemberaubende Graphic-Novel-Illustration von zwei H\u00f6hlenforschern, die eine tiefe H\u00f6hle auskundschaften, w\u00e4hrend Fackeln den Weg erleuchten.<\/li>\n<\/ol>\n\n\n\n<figure class=\"gb-block-image gb-block-image-032aac41\"><a href=\"https:\/\/fas.st\/t\/9U4PYbm7\" target=\"_blank\" rel=\"noopener noreferrer\"><img data-recalc-dims=\"1\" decoding=\"async\" loading=\"lazy\" width=\"1200\" height=\"365\" class=\"gb-image gb-image-032aac41\" src=\"https:\/\/i0.wp.com\/aiartfree.online\/wp-content\/uploads\/2025\/03\/WX20250307-115412%402x.webp?resize=1200%2C365&#038;ssl=1\" alt=\"\" title=\"WX20250307-115412@2x\" srcset=\"https:\/\/i0.wp.com\/aiartfree.online\/wp-content\/uploads\/2025\/03\/WX20250307-115412%402x.webp?w=1942&amp;ssl=1 1942w, https:\/\/i0.wp.com\/aiartfree.online\/wp-content\/uploads\/2025\/03\/WX20250307-115412%402x.webp?resize=300%2C91&amp;ssl=1 300w, https:\/\/i0.wp.com\/aiartfree.online\/wp-content\/uploads\/2025\/03\/WX20250307-115412%402x.webp?resize=1024%2C312&amp;ssl=1 1024w, https:\/\/i0.wp.com\/aiartfree.online\/wp-content\/uploads\/2025\/03\/WX20250307-115412%402x.webp?resize=768%2C234&amp;ssl=1 768w, https:\/\/i0.wp.com\/aiartfree.online\/wp-content\/uploads\/2025\/03\/WX20250307-115412%402x.webp?resize=1536%2C467&amp;ssl=1 1536w, https:\/\/i0.wp.com\/aiartfree.online\/wp-content\/uploads\/2025\/03\/WX20250307-115412%402x.webp?resize=18%2C5&amp;ssl=1 18w, https:\/\/i0.wp.com\/aiartfree.online\/wp-content\/uploads\/2025\/03\/WX20250307-115412%402x.webp?resize=600%2C183&amp;ssl=1 600w\" sizes=\"auto, (max-width: 1200px) 100vw, 1200px\" \/><\/a><\/figure>\n\n\n\n<p class=\"\"><em>* Abh\u00e4ngig von Ihrer Internetgeschwindigkeit kann das Laden des Modells <\/em>bis zu 10 Sekunden \u2193<\/p>\n\n\n\n<div class=\"iframe-wrapper\" style=\"position: relative; width: 100%; height: 1000px;\">\n  <div class=\"loading\" style=\"position: absolute; top: 50px; left: 50%; transform: translate(-50%, -50%); width: 40px; height: 40px; border: 3px solid #f0f0f0; border-top: 3px solid #db7093; border-radius: 50%; animation: spin 1s linear infinite;\"><\/div>\n  <iframe loading=\"lazy\" src=\"https:\/\/ap123-sdxl-lightning.hf.space\" frameborder=\"0\" width=\"100%\" height=\"100%\" style=\"position: absolute; top: 0; left: 0; opacity: 0; transition: opacity 0.3s;\" onload=\"this.style.opacity=1;this.previousElementSibling.style.display='none';\"><\/iframe>\n<\/div>\n\n<style>\n@keyframes spin {\n  0% { transform: translate(-50%, -50%) rotate(0deg); }\n  100% { transform: translate(-50%, -50%) rotate(360deg); }\n}\n<\/style>\n\n\n\n<div style=\"height:80px\" aria-hidden=\"true\" class=\"wp-block-spacer\"><\/div>\n\n\n\n<h2 class=\"wp-block-heading\">AI-Bild-Generator: Der ultimative Leitfaden<\/h2>\n\n\n\n<h3 class=\"wp-block-heading\">Gliederung<\/h3>\n\n\n\n<p class=\"\">KI-Bildgeneratoren revolutionieren die Art und Weise, wie wir Bilder erstellen, und bieten 100% kostenlose, unbegrenzte, hochwertige und einzigartige Bilder. In diesem Leitfaden werden die Definition, die Vorteile, die Funktionen, die Zielgruppe, die Anwendungsf\u00e4lle, die Vorteile f\u00fcr die Branche und die Herausforderungen untersucht. Au\u00dferdem stellen wir die wichtigsten Tools vor und bieten einen FAQ-Bereich f\u00fcr h\u00e4ufig gestellte Fragen.<\/p>\n\n\n\n<h3 class=\"wp-block-heading\">Inhalts\u00fcbersicht<\/h3>\n\n\n\n<ul class=\"wp-block-list\">\n<li class=\"\"><a href=\"#what-is-an-ai-picture-generator\">Was ist ein AI-Bildgenerator?<\/a><\/li>\n\n\n\n<li class=\"\"><a href=\"#why-use-an-ai-picture-generator\">Warum einen AI-Bildgenerator verwenden?<\/a><\/li>\n\n\n\n<li class=\"\"><a href=\"#main-features-of-ai-picture-generators\">Hauptmerkmale der AI-Bildgeneratoren<\/a>\n<ul class=\"wp-block-list\">\n<li class=\"\"><a href=\"#100-free\">100% Frei<\/a><\/li>\n\n\n\n<li class=\"\"><a href=\"#unlimited-usage\">Unbegrenzte Nutzung<\/a><\/li>\n\n\n\n<li class=\"\"><a href=\"#high-quality-outputs\">Hochqualitative Ausgaben<\/a><\/li>\n<\/ul>\n<\/li>\n\n\n\n<li class=\"\"><a href=\"#who-should-use-ai-picture-generators\">Wer sollte AI-Bildgeneratoren verwenden?<\/a><\/li>\n\n\n\n<li class=\"\"><a href=\"#industry-applications-of-ai-picture-generators\">Industrieanwendungen von AI-Bildgeneratoren<\/a><\/li>\n\n\n\n<li class=\"\"><a href=\"#how-to-use-an-ai-picture-generator\">Wie man einen AI-Bildgenerator verwendet<\/a><\/li>\n\n\n\n<li class=\"\"><a href=\"#ai-picture-generator-use-cases\">AI Picture Generator Anwendungsf\u00e4lle<\/a>\n<ul class=\"wp-block-list\">\n<li class=\"\"><a href=\"#social-media-content-creation\">Erstellung von Inhalten f\u00fcr soziale Medien<\/a><\/li>\n\n\n\n<li class=\"\"><a href=\"#marketing-and-advertising\">Marketing und Werbung<\/a><\/li>\n\n\n\n<li class=\"\"><a href=\"#website-design\">Website-Design<\/a><\/li>\n<\/ul>\n<\/li>\n\n\n\n<li class=\"\"><a href=\"#top-10-ai-picture-generators-and-their-pros-and-cons\">Die 10 besten AI-Bildgeneratoren und ihre Vor- und Nachteile<\/a><\/li>\n\n\n\n<li class=\"\"><a href=\"#pros-cons-and-challenges-in-the-ai-picture-generator-industry\">Pro, Kontra und Herausforderungen in der KI-Bildgeneratorbranche<\/a><\/li>\n\n\n\n<li class=\"\"><a href=\"#faq\">FAQ<\/a><\/li>\n\n\n\n<li class=\"\"><a href=\"#summary-and-call-to-action\">Zusammenfassung und Aufruf zum Handeln<\/a><\/li>\n<\/ul>\n\n\n\n<h3 class=\"wp-block-heading\">Was ist ein AI-Bildgenerator?<\/h3>\n\n\n\n<p class=\"\">Ein KI-Bildgenerator ist ein Werkzeug, das k\u00fcnstliche Intelligenz einsetzt, um Bilder auf der Grundlage von Textvorgaben zu erstellen. Diese Tools k\u00f6nnen einzigartige, qualitativ hochwertige Bilder auf der Grundlage von Beschreibungen des Nutzers erstellen und erm\u00f6glichen so Kreativit\u00e4t und Effizienz bei der Bilderstellung.<\/p>\n\n\n\n<h3 class=\"wp-block-heading\">Warum einen AI-Bildgenerator verwenden?<\/h3>\n\n\n\n<p class=\"\">AI-Bildgeneratoren bieten zahlreiche Vorteile:<\/p>\n\n\n\n<ul class=\"wp-block-list\">\n<li class=\"\"><strong>100% Frei:<\/strong> Viele Tools, wie zum Beispiel <a href=\"https:\/\/aiartfree.online\/de\/ai-bild-generator\/\">AI Art Free<\/a>bieten freien Zugang.<\/li>\n\n\n\n<li class=\"\"><strong>Unbegrenzte Nutzung:<\/strong> Keine Beschr\u00e4nkung der Anzahl der erzeugten Bilder.<\/li>\n\n\n\n<li class=\"\"><strong>Qualitativ hochwertige Ausgaben:<\/strong> Produziert Bilder in professioneller Qualit\u00e4t.<\/li>\n\n\n\n<li class=\"\"><strong>Keine Anmeldung erforderlich:<\/strong> Einfacher und schneller Zugang.<\/li>\n\n\n\n<li class=\"\"><strong>KI-generierte Bilder:<\/strong> Sorgt f\u00fcr Originalit\u00e4t und Kreativit\u00e4t.<\/li>\n<\/ul>\n\n\n\n<h3 class=\"wp-block-heading\">Hauptmerkmale der AI-Bildgeneratoren<\/h3>\n\n\n\n<h4 class=\"wp-block-heading\">100% Frei<\/h4>\n\n\n\n<p class=\"\">AI-Bildgeneratoren wie <a href=\"https:\/\/aiartfree.online\/de\/ai-bild-generator\/\">AI Art Free<\/a> bieten v\u00f6llig kostenlose Dienste an, die f\u00fcr jedermann zug\u00e4nglich sind.<\/p>\n\n\n\n<h4 class=\"wp-block-heading\">Unbegrenzte Nutzung<\/h4>\n\n\n\n<p class=\"\">Mit diesen Werkzeugen k\u00f6nnen die Benutzer eine unbegrenzte Anzahl von Bildern erstellen, die ihrer Kreativit\u00e4t keine Grenzen setzen.<\/p>\n\n\n\n<h4 class=\"wp-block-heading\">Hochqualitative Ausgaben<\/h4>\n\n\n\n<p class=\"\">AI-Bildgeneratoren erzeugen hochaufl\u00f6sende Bilder in professioneller Qualit\u00e4t, die f\u00fcr verschiedene Anwendungen geeignet sind.<\/p>\n\n\n\n<h3 class=\"wp-block-heading\">Wer sollte AI-Bildgeneratoren verwenden?<\/h3>\n\n\n\n<ul class=\"wp-block-list\">\n<li class=\"\"><strong>Ersteller von Inhalten:<\/strong> Blogger, Vlogger und Social-Media-Influencer.<\/li>\n\n\n\n<li class=\"\"><strong>Vermarkter:<\/strong> Werbefachleute, die einzigartiges Bildmaterial ben\u00f6tigen.<\/li>\n\n\n\n<li class=\"\"><strong>Web-Designer:<\/strong> Entwickler, die individuelle Bilder f\u00fcr Websites suchen.<\/li>\n\n\n\n<li class=\"\"><strong>K\u00fcnstler:<\/strong> Personen, die KI-generierte Kunst erforschen m\u00f6chten.<\/li>\n<\/ul>\n\n\n\n<h3 class=\"wp-block-heading\">Industrieanwendungen von AI-Bildgeneratoren<\/h3>\n\n\n\n<ul class=\"wp-block-list\">\n<li class=\"\"><strong>Werbung:<\/strong> Erstellung von auff\u00e4lligem Bildmaterial f\u00fcr Marketingkampagnen.<\/li>\n\n\n\n<li class=\"\"><strong>Elektronischer Handel:<\/strong> Gestaltung von Produktbildern und Verbesserung von Online-Angeboten.<\/li>\n\n\n\n<li class=\"\"><strong>Medien und Unterhaltung:<\/strong> Erstellung von Bildmaterial f\u00fcr Ver\u00f6ffentlichungen und Multimedia-Projekte.<\/li>\n\n\n\n<li class=\"\"><strong>Bildung:<\/strong> Erstellung von Lehrmaterial und visuellen Hilfsmitteln.<\/li>\n<\/ul>\n\n\n\n<h3 class=\"wp-block-heading\">Wie man einen AI-Bildgenerator verwendet<\/h3>\n\n\n\n<ol class=\"wp-block-list\">\n<li class=\"\"><strong>Geben Sie eine Textaufforderung ein:<\/strong> Beschreiben Sie das Bild, das Sie erstellen m\u00f6chten.<\/li>\n\n\n\n<li class=\"\"><strong>W\u00e4hlen Sie Pr\u00e4ferenzen:<\/strong> W\u00e4hlen Sie Stil, Aufl\u00f6sung und andere Einstellungen.<\/li>\n\n\n\n<li class=\"\"><strong>Bild generieren:<\/strong> Klicken Sie auf , um das Bild zu erstellen.<\/li>\n\n\n\n<li class=\"\"><strong>Herunterladen und verwenden:<\/strong> Speichern und verwenden Sie das erzeugte Bild.<\/li>\n<\/ol>\n\n\n\n<h3 class=\"wp-block-heading\">AI Picture Generator Anwendungsf\u00e4lle<\/h3>\n\n\n\n<h4 class=\"wp-block-heading\">Erstellung von Inhalten f\u00fcr soziale Medien<\/h4>\n\n\n\n<p class=\"\">KI-generierte Bilder k\u00f6nnen Social-Media-Beitr\u00e4ge, Geschichten und Anzeigen mit einzigartigem Bildmaterial aufwerten.<\/p>\n\n\n\n<h4 class=\"wp-block-heading\">Marketing und Werbung<\/h4>\n\n\n\n<p class=\"\">Unternehmen k\u00f6nnen KI-generierte Bilder f\u00fcr Werbematerialien, Anzeigen und Banner verwenden.<\/p>\n\n\n\n<h4 class=\"wp-block-heading\">Website-Design<\/h4>\n\n\n\n<p class=\"\">Webentwickler k\u00f6nnen benutzerdefinierte Grafiken f\u00fcr Websites erstellen und so f\u00fcr ein einzigartiges und professionelles Aussehen sorgen.<\/p>\n\n\n\n<h3 class=\"wp-block-heading\">Die 10 besten AI-Bildgeneratoren und ihre Vor- und Nachteile<\/h3>\n\n\n\n<figure class=\"wp-block-table\"><table class=\"has-fixed-layout\"><thead><tr><th>Werkzeug<\/th><th>Website<\/th><th>Profis<\/th><th>Nachteile<\/th><\/tr><\/thead><tbody><tr><td>AI Art Free<\/td><td><a href=\"https:\/\/aiartfree.online\/de\/ai-bild-generator\/\">aiartfree.online<\/a><\/td><td>100% Kostenlos, unbegrenzt, qualitativ hochwertig<\/td><td>Keine<\/td><\/tr><tr><td>DALL-E 2<\/td><td><a href=\"https:\/\/www.openai.com\/dall-e-2\" target=\"_blank\" rel=\"noopener\">openai.de<\/a><\/td><td>Hochwertig, kreativ<\/td><td>Begrenzte freie Nutzung<\/td><\/tr><tr><td>DeepArt<\/td><td><a href=\"https:\/\/deepart.io\" target=\"_blank\" rel=\"noopener\">deepart.io<\/a><\/td><td>K\u00fcnstlerische Stile, einmalige Bilder<\/td><td>Bezahlte Pl\u00e4ne<\/td><\/tr><tr><td>Kunstz\u00fcchter<\/td><td><a href=\"https:\/\/artbreeder.com\" target=\"_blank\" rel=\"noopener\">artbreeder.com<\/a><\/td><td>Kollaborativ, anpassbar<\/td><td>Lernkurve<\/td><\/tr><tr><td>NachtCafe<\/td><td><a>nightcafe.studio<\/a><\/td><td>Einfache Bedienung, vielf\u00e4ltige Stile<\/td><td>Einige kostenpflichtige Funktionen<\/td><\/tr><tr><td>Startbahn ML<\/td><td><a href=\"https:\/\/runwayml.com\" target=\"_blank\" rel=\"noopener\">runwayml.com<\/a><\/td><td>Professionelle Werkzeuge, vielseitig<\/td><td>Abonnement erforderlich<\/td><\/tr><tr><td>Gro\u00dfer Schlaf<\/td><td><a href=\"https:\/\/bigsleep.dev\" target=\"_blank\" rel=\"noopener\">bigsleep.dev<\/a><\/td><td>Realistische Bilder, Open Source<\/td><td>Erfordert technische Kenntnisse<\/td><\/tr><tr><td>PaintsChainer<\/td><td><a>paintschainer.preferred.tech<\/a><\/td><td>AI-F\u00e4rbung, Benutzerfreundlichkeit<\/td><td>Eingeschr\u00e4nkte Funktionen<\/td><\/tr><tr><td>Picas<\/td><td><a href=\"https:\/\/picas.tech\" target=\"_blank\" rel=\"noopener\">picas.tech<\/a><\/td><td>Schnelle, kreative Filter<\/td><td>Bilder mit Wasserzeichen<\/td><\/tr><tr><td>GauGAN<\/td><td><a href=\"https:\/\/nvidia.com\/research\/ai\/augan\" target=\"_blank\" rel=\"noopener\">nvidia.de<\/a><\/td><td>Realistische Landschaften, hohe Qualit\u00e4t<\/td><td>Erfordert GPU<\/td><\/tr><\/tbody><\/table><\/figure>\n\n\n\n<h3 class=\"wp-block-heading\">Pro, Kontra und Herausforderungen in der KI-Bildgeneratorbranche<\/h3>\n\n\n\n<h4 class=\"wp-block-heading\">Profis<\/h4>\n\n\n\n<ul class=\"wp-block-list\">\n<li class=\"\"><strong>Zug\u00e4nglichkeit:<\/strong> Tools wie AI Art Free bieten kostenlosen, unbegrenzten Zugang.<\/li>\n\n\n\n<li class=\"\"><strong>Kreativit\u00e4t:<\/strong> AI kann einzigartige und kreative Bilder produzieren.<\/li>\n\n\n\n<li class=\"\"><strong>Effizienz:<\/strong> Spart Zeit bei der Erstellung von Bildmaterial.<\/li>\n<\/ul>\n\n\n\n<h4 class=\"wp-block-heading\">Nachteile<\/h4>\n\n\n\n<ul class=\"wp-block-list\">\n<li class=\"\"><strong>Variabilit\u00e4t der Qualit\u00e4t:<\/strong> Einige Tools k\u00f6nnen widerspr\u00fcchliche Ergebnisse liefern.<\/li>\n\n\n\n<li class=\"\"><strong>Lernkurve:<\/strong> Erfordert ein gewisses Verst\u00e4ndnis f\u00fcr die effektive Nutzung.<\/li>\n\n\n\n<li class=\"\"><strong>Abh\u00e4ngigkeit von Textprompts:<\/strong> Die Qualit\u00e4t der Bilder h\u00e4ngt von der Qualit\u00e4t der Beschreibungen ab.<\/li>\n<\/ul>\n\n\n\n<h4 class=\"wp-block-heading\">Herausforderungen<\/h4>\n\n\n\n<ul class=\"wp-block-list\">\n<li class=\"\"><strong>Ethische Belange:<\/strong> Fragen im Zusammenhang mit Urheberrecht und Originalit\u00e4t.<\/li>\n\n\n\n<li class=\"\"><strong>Technische Beschr\u00e4nkungen:<\/strong> Einige Tools erfordern fortschrittliche Hardware.<\/li>\n\n\n\n<li class=\"\"><strong>Markts\u00e4ttigung:<\/strong> Es gibt so viele Tools, dass es schwierig ist, das beste auszuw\u00e4hlen.<\/li>\n<\/ul>\n\n\n\n<h3 class=\"wp-block-heading\">FAQ<\/h3>\n\n\n\n<ol class=\"wp-block-list\">\n<li class=\"\"><strong>Ist dieses Bild KI-generiert?<\/strong>\n<ul class=\"wp-block-list\">\n<li class=\"\">KI-generierte Bilder werden mithilfe von Algorithmen auf der Grundlage von Texteingaben erstellt.<\/li>\n<\/ul>\n<\/li>\n\n\n\n<li class=\"\"><strong>Woran erkennt man, dass ein Bild von einer k\u00fcnstlichen Intelligenz generiert wurde?<\/strong>\n<ul class=\"wp-block-list\">\n<li class=\"\">Achten Sie auf einzigartige, oft surreale Elemente und das Fehlen von Unvollkommenheiten, die in der von Menschen geschaffenen Kunst zu finden sind.<\/li>\n<\/ul>\n<\/li>\n\n\n\n<li class=\"\"><strong>Wie erzeugt man AI-Bilder?<\/strong>\n<ul class=\"wp-block-list\">\n<li class=\"\">Verwenden Sie Tools wie <a href=\"https:\/\/aiartfree.online\/de\/ai-bild-generator\/\">AI Art Free<\/a> durch Eingabe von Textaufforderungen.<\/li>\n<\/ul>\n<\/li>\n\n\n\n<li class=\"\"><strong>Wie erzeugt man Bilder mit AI?<\/strong>\n<ul class=\"wp-block-list\">\n<li class=\"\">Geben Sie eine Textbeschreibung ein und lassen Sie die KI das Bild bearbeiten und erstellen.<\/li>\n<\/ul>\n<\/li>\n\n\n\n<li class=\"\"><strong>Wie kann man KI-generierte Bilder erstellen?<\/strong>\n<ul class=\"wp-block-list\">\n<li class=\"\">Verwenden Sie AI-Bildgeneratoren, um Textbeschreibungen in Bilder umzuwandeln.<\/li>\n<\/ul>\n<\/li>\n\n\n\n<li class=\"\"><strong>Welches ist der beste AI-Bildgenerator?<\/strong>\n<ul class=\"wp-block-list\">\n<li class=\"\"><a href=\"https:\/\/aiartfree.online\/de\/ai-bild-generator\/\">AI Art Free<\/a> ist wegen seiner kostenlosen und unbegrenzten Funktionen sehr zu empfehlen.<\/li>\n<\/ul>\n<\/li>\n\n\n\n<li class=\"\"><strong>K\u00f6nnen KI-generierte Bilder kommerziell genutzt werden?<\/strong>\n<ul class=\"wp-block-list\">\n<li class=\"\">Ja, viele KI-Bildgeneratoren erlauben die kommerzielle Nutzung, aber pr\u00fcfen Sie die Bedingungen des jeweiligen Tools.<\/li>\n<\/ul>\n<\/li>\n\n\n\n<li class=\"\"><strong>Sind KI-generierte Bilder urheberrechtsfrei?<\/strong>\n<ul class=\"wp-block-list\">\n<li class=\"\">H\u00e4ufig ja, aber \u00fcberpr\u00fcfen Sie das mit dem jeweiligen Werkzeug.<\/li>\n<\/ul>\n<\/li>\n\n\n\n<li class=\"\"><strong>Welchen Stil k\u00f6nnen KI-generierte Bilder haben?<\/strong>\n<ul class=\"wp-block-list\">\n<li class=\"\">AI kann verschiedene Stile erzeugen, von realistischer bis hin zu abstrakter Kunst.<\/li>\n<\/ul>\n<\/li>\n\n\n\n<li class=\"\"><strong>Wie k\u00f6nnen wir KI-generierte Bilder verbessern?<\/strong>\n<ul class=\"wp-block-list\">\n<li class=\"\">Verwenden Sie Bildbearbeitungsprogramme, um die Bilder zu verfeinern und zu verbessern.<\/li>\n<\/ul>\n<\/li>\n<\/ol>\n\n\n\n<h3 class=\"wp-block-heading\">Zusammenfassung<\/h3>\n\n\n\n<p class=\"\">AI-Bildgeneratoren wie <a href=\"https:\/\/aiartfree.online\/de\/ai-bild-generator\/\">AI Art Free<\/a> bietet 100% kostenlose, unbegrenzte, hochwertige und einzigartige L\u00f6sungen f\u00fcr die Bilderstellung. Diese Tools richten sich an eine Vielzahl von Nutzern, von Content-Erstellern bis hin zu Vermarktern, und bieten eine effiziente und kreative M\u00f6glichkeit zur Erstellung von Bildmaterial. Machen Sie sich die Zukunft der Bilderstellung mit KI zu eigen und verwandeln Sie Ihre visuellen Inhalte m\u00fchelos.<\/p>\n\n\n\n<p class=\"\">Sind Sie bereit, beeindruckende Bilder zu erstellen? Besuchen Sie <a href=\"https:\/\/aiartfree.online\/de\/ai-bild-generator\/\">AI Art Free<\/a> und fangen Sie noch heute an, Geld zu verdienen!<\/p>\n\n\n\n<p class=\"\"><\/p>","protected":false},"excerpt":{"rendered":"<p>What our users made How to use the AI Picture Generator * Feel free to try our examples below if you don&#8217;t have any thoughts in your mind Prompt Examples *&nbsp;Depending on your internet speed, loading the model may take up to 10 seconds \u2193 AI Picture Generator: The Ultimate Guide Outline AI picture generators &#8230; <a title=\"AI-Bild-Generator\" class=\"read-more\" href=\"https:\/\/aiartfree.online\/de\/ai-bild-generator\/\" aria-label=\"Mehr Informationen \u00fcber AI Picture Generator\">Weiterlesen<\/a><\/p>","protected":false},"author":1,"featured_media":3468,"parent":0,"menu_order":0,"comment_status":"open","ping_status":"closed","template":"","meta":{"nf_dc_page":"","footnotes":""},"class_list":["post-3444","page","type-page","status-publish","has-post-thumbnail"],"jetpack_sharing_enabled":true,"_links":{"self":[{"href":"https:\/\/aiartfree.online\/de\/wp-json\/wp\/v2\/pages\/3444","targetHints":{"allow":["GET"]}}],"collection":[{"href":"https:\/\/aiartfree.online\/de\/wp-json\/wp\/v2\/pages"}],"about":[{"href":"https:\/\/aiartfree.online\/de\/wp-json\/wp\/v2\/types\/page"}],"author":[{"embeddable":true,"href":"https:\/\/aiartfree.online\/de\/wp-json\/wp\/v2\/users\/1"}],"replies":[{"embeddable":true,"href":"https:\/\/aiartfree.online\/de\/wp-json\/wp\/v2\/comments?post=3444"}],"version-history":[{"count":1,"href":"https:\/\/aiartfree.online\/de\/wp-json\/wp\/v2\/pages\/3444\/revisions"}],"predecessor-version":[{"id":3594,"href":"https:\/\/aiartfree.online\/de\/wp-json\/wp\/v2\/pages\/3444\/revisions\/3594"}],"wp:featuredmedia":[{"embeddable":true,"href":"https:\/\/aiartfree.online\/de\/wp-json\/wp\/v2\/media\/3468"}],"wp:attachment":[{"href":"https:\/\/aiartfree.online\/de\/wp-json\/wp\/v2\/media?parent=3444"}],"curies":[{"name":"wp","href":"https:\/\/api.w.org\/{rel}","templated":true}]}}