{"id":3416,"date":"2024-08-01T09:41:23","date_gmt":"2024-08-01T09:41:23","guid":{"rendered":"https:\/\/aiartfree.online\/?page_id=3416"},"modified":"2024-08-02T11:15:00","modified_gmt":"2024-08-02T11:15:00","slug":"html-code-generator","status":"publish","type":"page","link":"https:\/\/aiartfree.online\/de\/html-code-generator\/","title":{"rendered":"HTML-Code-Generator"},"content":{"rendered":"<h2 class=\"wp-block-heading has-text-align-center\">Vorher vs. Nachher<\/h2>\n\n\n\n<figure class=\"gb-block-image gb-block-image-1822da1f\"><img data-recalc-dims=\"1\" decoding=\"async\" loading=\"lazy\" width=\"1200\" height=\"707\" class=\"gb-image gb-image-1822da1f\" src=\"https:\/\/i0.wp.com\/aiartfree.online\/wp-content\/uploads\/2024\/08\/WX20240801-145150%402x-jpg.webp?resize=1200%2C707&#038;ssl=1\" alt=\"HTML Code Generator - Kostenlose Online-Screenshots in HTML-Codes\" title=\"WX20240801-145150@2x\" srcset=\"https:\/\/i0.wp.com\/aiartfree.online\/wp-content\/uploads\/2024\/08\/WX20240801-145150%402x-jpg.webp?w=1904&amp;ssl=1 1904w, https:\/\/i0.wp.com\/aiartfree.online\/wp-content\/uploads\/2024\/08\/WX20240801-145150%402x-jpg.webp?resize=300%2C177&amp;ssl=1 300w, https:\/\/i0.wp.com\/aiartfree.online\/wp-content\/uploads\/2024\/08\/WX20240801-145150%402x-jpg.webp?resize=1024%2C603&amp;ssl=1 1024w, https:\/\/i0.wp.com\/aiartfree.online\/wp-content\/uploads\/2024\/08\/WX20240801-145150%402x-jpg.webp?resize=768%2C453&amp;ssl=1 768w, https:\/\/i0.wp.com\/aiartfree.online\/wp-content\/uploads\/2024\/08\/WX20240801-145150%402x-jpg.webp?resize=1536%2C905&amp;ssl=1 1536w, https:\/\/i0.wp.com\/aiartfree.online\/wp-content\/uploads\/2024\/08\/WX20240801-145150%402x-jpg.webp?resize=18%2C12&amp;ssl=1 18w, https:\/\/i0.wp.com\/aiartfree.online\/wp-content\/uploads\/2024\/08\/WX20240801-145150%402x-jpg.webp?resize=600%2C354&amp;ssl=1 600w\" sizes=\"auto, (max-width: 1200px) 100vw, 1200px\" \/><\/figure>\n\n\n\n<h2 class=\"wp-block-heading\">So verwenden Sie den HTML-Code-Generator<\/h2>\n\n\n\n<ol class=\"wp-block-list\">\n<li class=\"\">Laden Sie den Screenshot Ihrer Lieblingsseite hoch<\/li>\n\n\n\n<li class=\"\">Klicken Sie auf \"Abschicken\".<\/li>\n\n\n\n<li class=\"\">Moment, das ist es!<\/li>\n<\/ol>\n\n\n\n<p class=\"\">* Probieren Sie unsere Beispiele aus, wenn Ihnen noch nichts einf\u00e4llt<\/p>\n\n\n\n<p class=\"\"><em>* Abh\u00e4ngig von Ihrer Internetgeschwindigkeit kann das Laden des Modells <\/em>bis zu 10 Sekunden \u2193<\/p>\n\n\n\n<div class=\"iframe-wrapper\" style=\"position: relative; width: 100%; height: 1800px;\">\n  <div class=\"loading\" style=\"position: absolute; top: 50px; left: 50%; transform: translate(-50%, -50%); width: 40px; height: 40px; border: 3px solid #f0f0f0; border-top: 3px solid #db7093; border-radius: 50%; animation: spin 1s linear infinite;\"><\/div>\n  <iframe loading=\"lazy\" src=\"https:\/\/huggingfacem4-screenshot2html.hf.space\" frameborder=\"0\" width=\"100%\" height=\"100%\" style=\"position: absolute; top: 0; left: 0; opacity: 0; transition: opacity 0.3s;\" onload=\"this.style.opacity=1;this.previousElementSibling.style.display='none';\"><\/iframe>\n<\/div>\n\n<style>\n@keyframes spin {\n  0% { transform: translate(-50%, -50%) rotate(0deg); }\n  100% { transform: translate(-50%, -50%) rotate(360deg); }\n}\n<\/style>\n\n\n\n<div style=\"height:80px\" aria-hidden=\"true\" class=\"wp-block-spacer\"><\/div>\n\n\n\n<h2 class=\"wp-block-heading\">Effiziente und benutzerfreundliche HTML-Code-Generatoren: Das ultimative Werkzeug f\u00fcr die Webentwicklung<\/h2>\n\n\n\n<h3 class=\"wp-block-heading\">Was ist der HTML-Code-Generator?<\/h3>\n\n\n\n<p class=\"\">Ein HTML-Code-Generator ist ein Werkzeug, das den Prozess der Erstellung von HTML-Code vereinfacht. Es erm\u00f6glicht den Nutzern, HTML-Code schnell und effizient zu erstellen, ohne den Code manuell schreiben zu m\u00fcssen. Diese Tools sind vor allem f\u00fcr Personen n\u00fctzlich, die keine umfassende Erfahrung im Programmieren haben, aber HTML-Code f\u00fcr verschiedene Zwecke wie Webentwicklung, E-Mail-Vorlagen oder das Einbetten von Medien erstellen m\u00fcssen.<\/p>\n\n\n\n<h3 class=\"wp-block-heading\">Warum einen HTML-Code-Generator verwenden?<\/h3>\n\n\n\n<h4 class=\"wp-block-heading\">Wichtige Vorteile<\/h4>\n\n\n\n<ul class=\"wp-block-list\">\n<li class=\"\"><strong>Wirkungsgrad<\/strong>: Beschleunigt den Kodierungsprozess erheblich.<\/li>\n\n\n\n<li class=\"\"><strong>Benutzerfreundlich<\/strong>: Erfordert keine vorherigen Programmierkenntnisse.<\/li>\n\n\n\n<li class=\"\"><strong>Fehlerreduzierung<\/strong>: Minimiert Kodierungsfehler und sorgt f\u00fcr sauberen Code.<\/li>\n\n\n\n<li class=\"\"><strong>Vielseitigkeit<\/strong>: Kann eine Vielzahl von HTML-Elementen erzeugen.<\/li>\n\n\n\n<li class=\"\"><strong>Personalisierung<\/strong>: Erm\u00f6glicht es den Benutzern, den generierten Code nach Bedarf anzupassen.<\/li>\n<\/ul>\n\n\n\n<h4 class=\"wp-block-heading\">H\u00e4ufig gesuchte Benutzerfragen<\/h4>\n\n\n\n<ol class=\"wp-block-list\">\n<li class=\"\"><strong>Wie generiert man HTML-Code aus Bildschirmfotos?<\/strong>\n<ul class=\"wp-block-list\">\n<li class=\"\">Verwenden Sie unser empfohlenes Tool: <a href=\"https:\/\/aiartfree.online\/de\/html-code-generator\/\">HTML-Code-Generator<\/a><\/li>\n<\/ul>\n<\/li>\n\n\n\n<li class=\"\"><strong>Kann Adobe XD HTML-Code erzeugen?<\/strong>\n<ul class=\"wp-block-list\">\n<li class=\"\">Adobe XD ist in erster Linie ein Design-Werkzeug und generiert nicht direkt HTML-Code.<\/li>\n<\/ul>\n<\/li>\n\n\n\n<li class=\"\"><strong>Wie generiert man automatisch HTML-Code in VSCode?<\/strong>\n<ul class=\"wp-block-list\">\n<li class=\"\">Verwenden Sie Erweiterungen wie Emmet, um automatisch HTML-Code in VSCode zu generieren.<\/li>\n<\/ul>\n<\/li>\n<\/ol>\n\n\n\n<h3 class=\"wp-block-heading\">Hauptmerkmale von HTML-Code-Generatoren<\/h3>\n\n\n\n<h4 class=\"wp-block-heading\">HTML-Text-Generator<\/h4>\n\n\n\n<p class=\"\">Erm\u00f6glicht Benutzern die Eingabe von Text und den Empfang des entsprechenden HTML-Codes.<\/p>\n\n\n\n<h4 class=\"wp-block-heading\">Tabelle HTML Creator<\/h4>\n\n\n\n<p class=\"\">Generiert HTML-Code f\u00fcr Tabellen und erleichtert so die Erstellung komplexer Tabellenstrukturen.<\/p>\n\n\n\n<h4 class=\"wp-block-heading\">AI HTML-Generator<\/h4>\n\n\n\n<p class=\"\">Verwendet k\u00fcnstliche Intelligenz, um HTML-Code zu generieren, wodurch der Prozess schneller und intuitiver wird.<\/p>\n\n\n\n<h4 class=\"wp-block-heading\">HTML-Tabellenersteller<\/h4>\n\n\n\n<p class=\"\">Vereinfacht die Erstellung von HTML-Tabellen durch eine leicht zu bedienende Schnittstelle.<\/p>\n\n\n\n<h4 class=\"wp-block-heading\">HTML-Code aus Text generieren<\/h4>\n\n\n\n<p class=\"\">Wandelt einfachen Text in formatierten HTML-Code um.<\/p>\n\n\n\n<h4 class=\"wp-block-heading\">HTML-Code aus Bild generieren<\/h4>\n\n\n\n<p class=\"\">Konvertiert Bilder in HTML-Code, n\u00fctzlich zum Einbetten von Medien in Webseiten.<\/p>\n\n\n\n<h4 class=\"wp-block-heading\">Keine Anmeldung erforderlich<\/h4>\n\n\n\n<p class=\"\">Benutzer k\u00f6nnen HTML-Code generieren, ohne ein Konto erstellen zu m\u00fcssen.<\/p>\n\n\n\n<h4 class=\"wp-block-heading\">100% Kostenlose und unbeschr\u00e4nkte Nutzung<\/h4>\n\n\n\n<p class=\"\">Die Nutzung des Tools ist v\u00f6llig kostenlos und die Anzahl der zu erstellenden Codes ist nicht begrenzt.<\/p>\n\n\n\n<h3 class=\"wp-block-heading\">Zielpublikum und Verwendungszwecke<\/h3>\n\n\n\n<h4 class=\"wp-block-heading\">Geeignet f\u00fcr:<\/h4>\n\n\n\n<ul class=\"wp-block-list\">\n<li class=\"\"><strong>Web-Entwickler<\/strong>: F\u00fcr die schnelle Erstellung und das Prototyping von Webseiten.<\/li>\n\n\n\n<li class=\"\"><strong>Gestalter<\/strong>: Zum Einbetten von Gestaltungselementen in HTML.<\/li>\n\n\n\n<li class=\"\"><strong>Sch\u00f6pfer von Inhalten<\/strong>: Zur Formatierung von Inhalten f\u00fcr Blogs, E-Mails und Websites.<\/li>\n\n\n\n<li class=\"\"><strong>Studenten und P\u00e4dagogen<\/strong>: Zum Lernen und Lehren von HTML.<\/li>\n<\/ul>\n\n\n\n<h4 class=\"wp-block-heading\">Industrieanwendungen:<\/h4>\n\n\n\n<ul class=\"wp-block-list\">\n<li class=\"\"><strong>Elektronischer Gesch\u00e4ftsverkehr<\/strong>: Erstellung von Produktlisten und -beschreibungen.<\/li>\n\n\n\n<li class=\"\"><strong>Digitales Marketing<\/strong>: Gestaltung von E-Mail-Vorlagen und Landing Pages.<\/li>\n\n\n\n<li class=\"\"><strong>Bildung<\/strong>: Unterricht in HTML und Webentwicklung.<\/li>\n\n\n\n<li class=\"\"><strong>Medien und Unterhaltung<\/strong>: Einbettung von Multimedia-Inhalten in Websites.<\/li>\n<\/ul>\n\n\n\n<h3 class=\"wp-block-heading\">Wie man einen HTML-Code-Generator verwendet<\/h3>\n\n\n\n<ol class=\"wp-block-list\">\n<li class=\"\"><strong>Zugriff auf das Tool<\/strong>\n<ul class=\"wp-block-list\">\n<li class=\"\">Besuchen Sie <a href=\"https:\/\/aiartfree.online\/de\/html-code-generator\/\">HTML-Code-Generator<\/a>.<\/li>\n<\/ul>\n<\/li>\n\n\n\n<li class=\"\"><strong>W\u00e4hlen Sie die Art des Codes<\/strong>\n<ul class=\"wp-block-list\">\n<li class=\"\">W\u00e4hlen Sie zwischen Optionen wie Text, Tabelle oder Bild-zu-Code.<\/li>\n<\/ul>\n<\/li>\n\n\n\n<li class=\"\"><strong>Eingabe Ihres Inhalts<\/strong>\n<ul class=\"wp-block-list\">\n<li class=\"\">Geben Sie den Text ein oder laden Sie das Bild hoch, das Sie konvertieren m\u00f6chten.<\/li>\n<\/ul>\n<\/li>\n\n\n\n<li class=\"\"><strong>Erzeugen des Codes<\/strong>\n<ul class=\"wp-block-list\">\n<li class=\"\">Klicken Sie auf die Schaltfl\u00e4che Generieren, um Ihren HTML-Code zu erhalten.<\/li>\n<\/ul>\n<\/li>\n\n\n\n<li class=\"\"><strong>Kopieren und verwenden<\/strong>\n<ul class=\"wp-block-list\">\n<li class=\"\">Kopieren Sie den generierten Code und f\u00fcgen Sie ihn in Ihr Projekt ein.<\/li>\n<\/ul>\n<\/li>\n<\/ol>\n\n\n\n<h3 class=\"wp-block-heading\">Anwendungsf\u00e4lle von HTML-Code-Generatoren<\/h3>\n\n\n\n<h4 class=\"wp-block-heading\">Web-Entwicklung<\/h4>\n\n\n\n<p class=\"\">Strukturierte Webseiten mit minimalem Aufwand erstellen.<\/p>\n\n\n\n<h4 class=\"wp-block-heading\">E-Mail-Marketing<\/h4>\n\n\n\n<p class=\"\">Entwerfen von responsiven E-Mail-Vorlagen.<\/p>\n\n\n\n<h4 class=\"wp-block-heading\">Bloggen<\/h4>\n\n\n\n<p class=\"\">Formatierung von Blogbeitr\u00e4gen mit HTML zur besseren Darstellung.<\/p>\n\n\n\n<h4 class=\"wp-block-heading\">Online-Bildung<\/h4>\n\n\n\n<p class=\"\">Unterst\u00fctzung der Sch\u00fcler beim \u00dcben und Verstehen der HTML-Codierung.<\/p>\n\n\n\n<h4 class=\"wp-block-heading\">Digitale Werbung<\/h4>\n\n\n\n<p class=\"\">Erstellung von Werbebannern und Landing Pages.<\/p>\n\n\n\n<h3 class=\"wp-block-heading\">Informationen von 10 verwandten Websites<\/h3>\n\n\n\n<figure class=\"wp-block-table\"><table class=\"has-fixed-layout\"><thead><tr><th>Website<\/th><th>Eigenschaften<\/th><th>Vorteile<\/th><th>Herausforderungen<\/th><th>URL<\/th><\/tr><\/thead><tbody><tr><td><strong><a href=\"https:\/\/aiartfree.online\/de\/html-code-generator\/\" data-type=\"link\" data-id=\"https:\/\/aiartfree.online\/html-code-generator\">HTML-Code-Generator aus Screenshots<\/a><\/strong><\/td><td>HTML-Code Beispiele, Tutorials<\/td><td>Umfassend, kostenlos<\/td><td>Grundlegende Merkmale<\/td><td><a href=\"https:\/\/aiartfree.online\/de\/html-code-generator\/\">https:\/\/aiartfree.online\/html-code-generator<\/a><\/td><\/tr><tr><td>Code Versch\u00f6nern<\/td><td>HTML-Betrachter, Minifier<\/td><td>Einfach zu bedienen, schnell<\/td><td>Anzeigen vorhanden<\/td><td>codebeautify.org<\/td><\/tr><tr><td>HTML Online<\/td><td>HTML-Editor, Reiniger<\/td><td>Benutzerfreundlich, kostenlos<\/td><td>Begrenzte Anpassung<\/td><td>html-cleaner.com<\/td><\/tr><tr><td>HTML-Code-Generator<\/td><td>Text zu HTML, Tabellengenerator<\/td><td>Effizient, keine Anmeldung<\/td><td>Grundlegendes Design<\/td><td>html-code-generator.com<\/td><\/tr><tr><td>Pinegrow<\/td><td>Visueller HTML-Editor<\/td><td>Professionelle Eigenschaften<\/td><td>Teuer<\/td><td>pinegrow.com<\/td><\/tr><tr><td>HTML5-Editor<\/td><td>Online-HTML-Editor<\/td><td>Kostenlos, keine Anmeldung<\/td><td>Anzeigen vorhanden<\/td><td>html5-editor.net<\/td><\/tr><tr><td>Quackit<\/td><td>HTML Code Tutorials, Beispiele<\/td><td>P\u00e4dagogisch, Kostenlos<\/td><td>Grundlegende Merkmale<\/td><td>quackit.de<\/td><\/tr><tr><td>FreeFormatter<\/td><td>HTML-Formatierer, Versch\u00f6nerer<\/td><td>Schnell, kostenlos<\/td><td>Anzeigen vorhanden<\/td><td>freiformatter.de<\/td><\/tr><tr><td>JSFiddle<\/td><td>Online-Editor, HTML, CSS, JS<\/td><td>Kollaborativ, vielseitig<\/td><td>Erfordert Login<\/td><td>jsfiddle.net<\/td><\/tr><tr><td>HTML-Tabellen-Generator<\/td><td>Tabellenersteller, Anpassung<\/td><td>Einfach zu bedienen, kostenlos<\/td><td>Eingeschr\u00e4nkte Funktionen<\/td><td>rapidtables.com<\/td><\/tr><\/tbody><\/table><\/figure>\n\n\n\n<h3 class=\"wp-block-heading\">Vor- und Nachteile der HTML-Code-Generierungsindustrie<\/h3>\n\n\n\n<h4 class=\"wp-block-heading\">Vorteile:<\/h4>\n\n\n\n<ul class=\"wp-block-list\">\n<li class=\"\"><strong>Erreichbarkeit<\/strong>: Die Tools sind kostenlos online verf\u00fcgbar.<\/li>\n\n\n\n<li class=\"\"><strong>Zeitsparend<\/strong>: Beschleunigt den Kodierungsprozess.<\/li>\n\n\n\n<li class=\"\"><strong>Benutzerfreundlich<\/strong>: Geeignet f\u00fcr Anf\u00e4nger und Profis.<\/li>\n<\/ul>\n\n\n\n<h4 class=\"wp-block-heading\">Nachteile:<\/h4>\n\n\n\n<ul class=\"wp-block-list\">\n<li class=\"\"><strong>Grenzen der Anpassung<\/strong>: Einige Tools bieten nur begrenzte Anpassungsm\u00f6glichkeiten.<\/li>\n\n\n\n<li class=\"\"><strong>Internet-Abh\u00e4ngigkeit<\/strong>: Erfordert eine Internetverbindung.<\/li>\n\n\n\n<li class=\"\"><strong>Lernkurve<\/strong>: Einige fortgeschrittene Funktionen m\u00fcssen m\u00f6glicherweise erlernt werden.<\/li>\n<\/ul>\n\n\n\n<h4 class=\"wp-block-heading\">Vorteile und Herausforderungen:<\/h4>\n\n\n\n<ul class=\"wp-block-list\">\n<li class=\"\"><strong>Vorteile<\/strong>: Effizienz, Genauigkeit, Vielseitigkeit.<\/li>\n\n\n\n<li class=\"\"><strong>Herausforderungen<\/strong>: Personalisierung, Internetabh\u00e4ngigkeit, Lernanforderungen.<\/li>\n<\/ul>\n\n\n\n<h4 class=\"wp-block-heading\">Empfehlungen:<\/h4>\n\n\n\n<ul class=\"wp-block-list\">\n<li class=\"\">Verwenden Sie seri\u00f6se Tools mit starker Unterst\u00fctzung.<\/li>\n\n\n\n<li class=\"\">Kombiniert mit manueller Codierung f\u00fcr komplexere Aufgaben.<\/li>\n\n\n\n<li class=\"\">Aktualisieren Sie regelm\u00e4\u00dfig Ihr Wissen \u00fcber neue Tools und Funktionen.<\/li>\n<\/ul>\n\n\n\n<h3 class=\"wp-block-heading\">FAQ<\/h3>\n\n\n\n<ol class=\"wp-block-list\">\n<li class=\"\"><strong>Wie generiert man HTML-Code aus Bildschirmfotos?<\/strong>\n<ul class=\"wp-block-list\">\n<li class=\"\">Verwenden Sie unser empfohlenes Tool: <a href=\"https:\/\/aiartfree.online\/de\/html-code-generator\/\">HTML-Code-Generator<\/a><\/li>\n<\/ul>\n<\/li>\n\n\n\n<li class=\"\"><strong>Kann Adobe XD HTML-Code erzeugen?<\/strong>\n<ul class=\"wp-block-list\">\n<li class=\"\">Adobe XD generiert nicht direkt HTML-Code.<\/li>\n<\/ul>\n<\/li>\n\n\n\n<li class=\"\"><strong>Wie generiert man automatisch HTML-Code in VSCode?<\/strong>\n<ul class=\"wp-block-list\">\n<li class=\"\">Verwenden Sie Erweiterungen wie Emmet.<\/li>\n<\/ul>\n<\/li>\n\n\n\n<li class=\"\"><strong>Wie erzeugt man HTML-Code?<\/strong>\n<ul class=\"wp-block-list\">\n<li class=\"\">Verwenden Sie unser empfohlenes Tool: <a href=\"https:\/\/aiartfree.online\/de\/html-code-generator\/\">HTML-Code-Generator<\/a><\/li>\n<\/ul>\n<\/li>\n\n\n\n<li class=\"\"><strong>Wie erzeugt man HTML-Code aus einem Bild?<\/strong>\n<ul class=\"wp-block-list\">\n<li class=\"\">Verwenden Sie unser empfohlenes Tool: <a href=\"https:\/\/aiartfree.online\/de\/html-code-generator\/\">HTML-Code-Generator<\/a><\/li>\n<\/ul>\n<\/li>\n\n\n\n<li class=\"\"><strong>Gibt es einen kostenlosen HTML-Code-Generator?<\/strong>\n<ul class=\"wp-block-list\">\n<li class=\"\">Ja, viele Tools sind 100% kostenlos und unbegrenzt.<\/li>\n<\/ul>\n<\/li>\n\n\n\n<li class=\"\"><strong>Kann ich HTML-Code generieren, ohne mich anzumelden?<\/strong>\n<ul class=\"wp-block-list\">\n<li class=\"\">Ja, unser Tool erfordert keine Anmeldung.<\/li>\n<\/ul>\n<\/li>\n\n\n\n<li class=\"\"><strong>Welches ist der beste HTML-Code-Generator?<\/strong>\n<ul class=\"wp-block-list\">\n<li class=\"\">Unser Tool ist aufgrund seiner Funktionen und seiner Benutzerfreundlichkeit sehr zu empfehlen.<\/li>\n<\/ul>\n<\/li>\n\n\n\n<li class=\"\"><strong>Wie kann man eine Tabelle in HTML einfach erstellen?<\/strong>\n<ul class=\"wp-block-list\">\n<li class=\"\">Verwenden Sie ein Werkzeug zur Erstellung von HTML-Tabellen.<\/li>\n<\/ul>\n<\/li>\n\n\n\n<li class=\"\"><strong>Kann ich HTML-Code f\u00fcr Text generieren?<\/strong><\/li>\n<\/ol>\n\n\n\n<ul class=\"wp-block-list\">\n<li class=\"\">Ja, verwenden Sie unseren HTML-Textgenerator.<\/li>\n<\/ul>\n\n\n\n<h3 class=\"wp-block-heading\">Zusammenfassung<\/h3>\n\n\n\n<h4 class=\"wp-block-heading\">Wichtigste Vorteile:<\/h4>\n\n\n\n<ul class=\"wp-block-list\">\n<li class=\"\"><strong>Wirkungsgrad<\/strong>: Beschleunigt den Kodierungsprozess.<\/li>\n\n\n\n<li class=\"\"><strong>Benutzerfreundlich<\/strong>: Geeignet f\u00fcr alle Schwierigkeitsgrade.<\/li>\n\n\n\n<li class=\"\"><strong>Vielseitigkeit<\/strong>: Erzeugt verschiedene HTML-Elemente.<\/li>\n<\/ul>\n\n\n\n<p class=\"\">Benutzen Sie unser <a href=\"https:\/\/aiartfree.online\/de\/html-code-generator\/\">HTML-Code-Generator<\/a> heute, um m\u00fchelos HTML-Code zu erstellen und Ihre Webentwicklungsprojekte zu verbessern.<\/p>\n\n\n\n<p class=\"\">Wenn Sie weitere Fragen haben, k\u00f6nnen Sie diese stellen <a href=\"https:\/\/chatgpt4o.space\/\" target=\"_blank\" data-type=\"link\" data-id=\"https:\/\/chatgpt4o.space\/\" rel=\"noreferrer noopener\">kostenloser Online-Chat GPT 4o<\/a>.<br><\/p>","protected":false},"excerpt":{"rendered":"<p>Before vs After How to use the HTML Code Generator * Feel free to try our examples below if you don&#8217;t have any thoughts in your mind *&nbsp;Depending on your internet speed, loading the model may take up to 10 seconds \u2193 Efficient and User-Friendly HTML Code Generators: The Ultimate Tool for Web Development What &#8230; <a title=\"HTML-Code-Generator\" class=\"read-more\" href=\"https:\/\/aiartfree.online\/de\/html-code-generator\/\" aria-label=\"Mehr Informationen \u00fcber HTML Code Generator\">Weiterlesen<\/a><\/p>","protected":false},"author":1,"featured_media":3427,"parent":0,"menu_order":0,"comment_status":"open","ping_status":"closed","template":"","meta":{"nf_dc_page":"","footnotes":""},"class_list":["post-3416","page","type-page","status-publish","has-post-thumbnail"],"jetpack_sharing_enabled":true,"_links":{"self":[{"href":"https:\/\/aiartfree.online\/de\/wp-json\/wp\/v2\/pages\/3416","targetHints":{"allow":["GET"]}}],"collection":[{"href":"https:\/\/aiartfree.online\/de\/wp-json\/wp\/v2\/pages"}],"about":[{"href":"https:\/\/aiartfree.online\/de\/wp-json\/wp\/v2\/types\/page"}],"author":[{"embeddable":true,"href":"https:\/\/aiartfree.online\/de\/wp-json\/wp\/v2\/users\/1"}],"replies":[{"embeddable":true,"href":"https:\/\/aiartfree.online\/de\/wp-json\/wp\/v2\/comments?post=3416"}],"version-history":[{"count":0,"href":"https:\/\/aiartfree.online\/de\/wp-json\/wp\/v2\/pages\/3416\/revisions"}],"wp:featuredmedia":[{"embeddable":true,"href":"https:\/\/aiartfree.online\/de\/wp-json\/wp\/v2\/media\/3427"}],"wp:attachment":[{"href":"https:\/\/aiartfree.online\/de\/wp-json\/wp\/v2\/media?parent=3416"}],"curies":[{"name":"wp","href":"https:\/\/api.w.org\/{rel}","templated":true}]}}