{"id":3412,"date":"2024-08-01T08:56:22","date_gmt":"2024-08-01T08:56:22","guid":{"rendered":"https:\/\/aiartfree.online\/?page_id=3412"},"modified":"2024-08-01T09:11:21","modified_gmt":"2024-08-01T09:11:21","slug":"speech-to-text","status":"publish","type":"page","link":"https:\/\/aiartfree.online\/de\/sprache-zu-text\/","title":{"rendered":"Sprache zu Text"},"content":{"rendered":"<h2 class=\"wp-block-heading\">So verwenden Sie die Funktion \"Sprache in Text<\/h2>\n\n\n\n<ol class=\"wp-block-list\">\n<li class=\"\">Laden Sie Ihre Audiodatei hoch, warten Sie eine Sekunde<\/li>\n\n\n\n<li class=\"\">Klicken Sie auf \"Audio transkribieren\".<\/li>\n\n\n\n<li class=\"\">Moment, das ist es!<\/li>\n<\/ol>\n\n\n\n<p class=\"\">* Datensatz ist derzeit nicht verf\u00fcgbar<\/p>\n\n\n\n<p class=\"\"><em>* Abh\u00e4ngig von Ihrer Internetgeschwindigkeit kann das Laden des Modells <\/em>bis zu 10 Sekunden \u2193<\/p>\n\n\n\n<div style=\"text-align: center; border: 2px solid; border-image-source: linear-gradient(to right, #16b86c, #912899); border-image-slice: 1; box-shadow: 0 0 10px rgba(0, 0, 0, 0.1); border-radius: 15px; position: relative;\">\n  <div class=\"loading\" style=\"position: absolute; top: 100px; left: 50%; transform: translate(-50%, -50%); width: 40px; height: 40px; border: 3px solid #f0f0f0; border-top: 3px solid #16b86c; border-radius: 50%; animation: spin 1s linear infinite;\"><\/div>\n  <iframe loading=\"lazy\"\n    src=\"https:\/\/xenova-whisper-web.static.hf.space\"\n    frameborder=\"0\"\n    width=\"100%\"\n    height=\"900\"\n    style=\"display: inline-block; margin: 0 auto; opacity: 0; transition: opacity 0.3s;\"\n    onload=\"this.style.opacity=1;this.previousElementSibling.style.display='none';\"\n  ><\/iframe>\n<\/div>\n<style>\n@keyframes spin {\n  0% { transform: translate(-50%, -50%) rotate(0deg); }\n  100% { transform: translate(-50%, -50%) rotate(360deg); }\n}\n<\/style>\n\n\n\n<div style=\"height:80px\" aria-hidden=\"true\" class=\"wp-block-spacer\"><\/div>\n\n\n\n<h2 class=\"wp-block-heading\">Der ultimative Leitfaden f\u00fcr die Umwandlung von Sprache in Text<\/h2>\n\n\n\n<h3 class=\"wp-block-heading\">Kurzer \u00dcberblick<\/h3>\n\n\n\n<p class=\"\">Dieser Artikel gibt einen umfassenden \u00dcberblick \u00fcber die Speech-to-Text-Technologie, einschlie\u00dflich ihrer Definition, Vorteile, Hauptmerkmale, Zielgruppe und Anwendungshinweise. Er hebt verschiedene Anwendungsf\u00e4lle hervor und bietet einen detaillierten Vergleich von Top-Tools und Informationen von 10 einschl\u00e4gigen Websites. Der Artikel schlie\u00dft mit einer Er\u00f6rterung der Vor- und Nachteile f\u00fcr die Branche und Antworten auf h\u00e4ufig gestellte Fragen.<\/p>\n\n\n\n<figure class=\"wp-block-image size-large is-resized\"><img data-recalc-dims=\"1\" data-dominant-color=\"f3f5f6\" data-has-transparency=\"false\" decoding=\"async\" width=\"1024\" height=\"616\"   loading=\"lazy\" src=\"https:\/\/i0.wp.com\/aiartfree.online\/wp-content\/uploads\/2024\/08\/WX20240801-130434%402x-1-1024x616.webp?resize=1024%2C616&#038;ssl=1\" alt=\"Speech to Text, auch bekannt als Spracherkennung oder Spracherkennung, ist eine Technologie, die gesprochene Worte in geschriebenen Text umwandelt. Sie nutzt hochentwickelte Algorithmen und k\u00fcnstliche Intelligenz, um menschliche Sprache in Echtzeit oder aus aufgezeichneten Audiodateien zu verstehen und zu transkribieren.\" class=\"wp-image-3418 not-transparent\" style=\"--dominant-color: #f3f5f6; width:691px;height:auto\" srcset=\"https:\/\/i0.wp.com\/aiartfree.online\/wp-content\/uploads\/2024\/08\/WX20240801-130434%402x-1-jpg.webp?resize=1024%2C616&amp;ssl=1 1024w, https:\/\/i0.wp.com\/aiartfree.online\/wp-content\/uploads\/2024\/08\/WX20240801-130434%402x-1-jpg.webp?resize=300%2C180&amp;ssl=1 300w, https:\/\/i0.wp.com\/aiartfree.online\/wp-content\/uploads\/2024\/08\/WX20240801-130434%402x-1-jpg.webp?resize=768%2C462&amp;ssl=1 768w, https:\/\/i0.wp.com\/aiartfree.online\/wp-content\/uploads\/2024\/08\/WX20240801-130434%402x-1-jpg.webp?resize=1536%2C923&amp;ssl=1 1536w, https:\/\/i0.wp.com\/aiartfree.online\/wp-content\/uploads\/2024\/08\/WX20240801-130434%402x-1-jpg.webp?resize=18%2C12&amp;ssl=1 18w, https:\/\/i0.wp.com\/aiartfree.online\/wp-content\/uploads\/2024\/08\/WX20240801-130434%402x-1-jpg.webp?resize=600%2C361&amp;ssl=1 600w, https:\/\/i0.wp.com\/aiartfree.online\/wp-content\/uploads\/2024\/08\/WX20240801-130434%402x-1-jpg.webp?w=1898&amp;ssl=1 1898w\" sizes=\"auto, (max-width: 1024px) 100vw, 1024px\" \/><\/figure>\n\n\n\n<h3 class=\"wp-block-heading\">Inhalts\u00fcbersicht<\/h3>\n\n\n\n<ol class=\"wp-block-list\">\n<li class=\"\"><a href=\"#what-is-speech-to-text\">Was ist Speech to Text?<\/a><\/li>\n\n\n\n<li class=\"\"><a href=\"#why-use-speech-to-text\">Warum Speech to Text verwenden?<\/a><\/li>\n\n\n\n<li class=\"\"><a href=\"#main-features-of-speech-to-text\">Hauptmerkmale von Speech to Text<\/a><\/li>\n\n\n\n<li class=\"\"><a href=\"#who-should-use-speech-to-text\">Wer sollte Speech to Text verwenden?<\/a><\/li>\n\n\n\n<li class=\"\"><a href=\"#how-to-use-speech-to-text\">Verwenden von Sprache in Text<\/a><\/li>\n\n\n\n<li class=\"\"><a href=\"#speech-to-text-use-cases\">Anwendungsf\u00e4lle von Speech to Text<\/a><\/li>\n\n\n\n<li class=\"\"><a href=\"#top-10-tools-and-information\">Top 10 Tools und Informationen<\/a><\/li>\n\n\n\n<li class=\"\"><a href=\"#industry-pros-and-cons\">Industrie Pro und Kontra<\/a><\/li>\n\n\n\n<li class=\"\"><a href=\"#faq\">FAQ<\/a><\/li>\n\n\n\n<li class=\"\"><a href=\"#summary\">Zusammenfassung<\/a><\/li>\n<\/ol>\n\n\n\n<h2 class=\"wp-block-heading\">Was ist Speech to Text?<\/h2>\n\n\n\n<p class=\"\">Speech to Text, auch bekannt als Spracherkennung oder Spracherkennung, ist eine Technologie, die gesprochene Worte in geschriebenen Text umwandelt. Sie nutzt hochentwickelte Algorithmen und k\u00fcnstliche Intelligenz, um menschliche Sprache in Echtzeit oder aus aufgezeichneten Audiodateien zu verstehen und zu transkribieren.<\/p>\n\n\n\n<h2 class=\"wp-block-heading\">Warum Speech to Text verwenden?<\/h2>\n\n\n\n<p class=\"\">Die Speech-to-Text-Technologie bietet zahlreiche Vorteile, die sie zu einem unverzichtbaren Werkzeug f\u00fcr verschiedene Benutzer und Branchen machen. Zu den wichtigsten Vorteilen geh\u00f6ren:<\/p>\n\n\n\n<ul class=\"wp-block-list\">\n<li class=\"\"><strong>Wirkungsgrad<\/strong>: Beschleunigt den Prozess der Erstellung schriftlicher Inhalte.<\/li>\n\n\n\n<li class=\"\"><strong>Erreichbarkeit<\/strong>: Unterst\u00fctzt Personen mit Behinderungen oder solche, die eine Spracheingabe bevorzugen.<\/li>\n\n\n\n<li class=\"\"><strong>Bequemlichkeit<\/strong>: Erm\u00f6glicht Freihandbetrieb und Multitasking.<\/li>\n\n\n\n<li class=\"\"><strong>Genauigkeit<\/strong>: Fortschrittliche Algorithmen reduzieren Fehler und verbessern die Transkriptionsqualit\u00e4t.<\/li>\n\n\n\n<li class=\"\"><strong>Vielseitigkeit<\/strong>: Unterst\u00fctzt mehrere Sprachen und kann mit anderen Tools wie Google Docs und Google Drive integriert werden.<\/li>\n<\/ul>\n\n\n\n<h2 class=\"wp-block-heading\">Hauptmerkmale von Speech to Text<\/h2>\n\n\n\n<h3 class=\"wp-block-heading\">Echtzeit-Transkription<\/h3>\n\n\n\n<p class=\"\">Wandelt gesprochene Worte sofort in Text um, gibt sofortiges Feedback und erm\u00f6glicht eine nahtlose Kommunikation und Dokumentation.<\/p>\n\n\n\n<h3 class=\"wp-block-heading\">Audiodatei Transkription<\/h3>\n\n\n\n<p class=\"\">Verarbeitet vorab aufgezeichnete Audiodateien und erleichtert so die Transkription von Besprechungen, Vortr\u00e4gen und Interviews.<\/p>\n\n\n\n<h3 class=\"wp-block-heading\">Mehrsprachige Unterst\u00fctzung<\/h3>\n\n\n\n<p class=\"\">Erkennt und transkribiert Sprache in verschiedenen Sprachen und richtet sich an ein globales Publikum.<\/p>\n\n\n\n<h3 class=\"wp-block-heading\">Spracheingabe und -steuerung<\/h3>\n\n\n\n<p class=\"\">Erm\u00f6glicht Nutzern die Eingabe und Steuerung ihrer Ger\u00e4te \u00fcber Sprachbefehle und verbessert so die Produktivit\u00e4t und Zug\u00e4nglichkeit.<\/p>\n\n\n\n<h3 class=\"wp-block-heading\">Umgang mit Hintergrundger\u00e4uschen<\/h3>\n\n\n\n<p class=\"\">Filtert Hintergrundger\u00e4usche heraus, um die Genauigkeit der Transkription zu verbessern und eine klare und pr\u00e4zise Textausgabe zu gew\u00e4hrleisten.<\/p>\n\n\n\n<h2 class=\"wp-block-heading\">Wer sollte Speech to Text verwenden?<\/h2>\n\n\n\n<h3 class=\"wp-block-heading\">Menschen mit Behinderungen<\/h3>\n\n\n\n<p class=\"\">Ein wertvolles Hilfsmittel f\u00fcr Menschen mit k\u00f6rperlichen Einschr\u00e4nkungen, das ihnen die Interaktion mit der Technik \u00fcber Sprachbefehle erm\u00f6glicht.<\/p>\n\n\n\n<h3 class=\"wp-block-heading\">Fachleute und Studenten<\/h3>\n\n\n\n<p class=\"\">Ideal f\u00fcr die Erstellung von Dokumenten, Notizen und die schnelle und genaue Transkription von Besprechungen oder Vortr\u00e4gen.<\/p>\n\n\n\n<h3 class=\"wp-block-heading\">Sch\u00f6pfer von Inhalten<\/h3>\n\n\n\n<p class=\"\">Verbessert die Effizienz der Inhaltserstellung, indem gesprochene Ideen in Text umgewandelt werden, was Zeit und M\u00fche spart.<\/p>\n\n\n\n<h3 class=\"wp-block-heading\">Mehrsprachige Benutzer<\/h3>\n\n\n\n<p class=\"\">Unterst\u00fctzt Benutzer, die Sprache in verschiedenen Sprachen transkribieren m\u00fcssen, und erleichtert so die Kommunikation und Dokumentation \u00fcber sprachliche Barrieren hinweg.<\/p>\n\n\n\n<h2 class=\"wp-block-heading\">Verwenden von Sprache in Text<\/h2>\n\n\n\n<h3 class=\"wp-block-heading\">Schritt-f\u00fcr-Schritt-Anleitung<\/h3>\n\n\n\n<ol class=\"wp-block-list\">\n<li class=\"\"><strong>W\u00e4hlen Sie ein Werkzeug<\/strong>: W\u00e4hlen Sie ein zuverl\u00e4ssiges Sprache-zu-Text-Tool wie <a href=\"https:\/\/aiartfree.online\/de\/sprache-zu-text\/\">aiartfree.online<\/a>.<\/li>\n\n\n\n<li class=\"\"><strong>\u00d6ffnen Sie die Anwendung<\/strong>: Rufen Sie die Web-App auf Ihrem Ger\u00e4t auf.<\/li>\n\n\n\n<li class=\"\"><strong>Tippen Sie auf das Mikrofon<\/strong>: Aktivieren Sie das Mikrofon, um die Aufnahme zu starten.<\/li>\n\n\n\n<li class=\"\"><strong>Sprechen Sie klar und deutlich<\/strong>: Achten Sie darauf, deutlich zu sprechen und Hintergrundger\u00e4usche zu vermeiden.<\/li>\n\n\n\n<li class=\"\"><strong>Bearbeiten und Speichern<\/strong>: \u00dcberpr\u00fcfen Sie die Transkription auf Richtigkeit, nehmen Sie die erforderlichen \u00c4nderungen vor und speichern Sie das Dokument.<\/li>\n<\/ol>\n\n\n\n<h2 class=\"wp-block-heading\">Anwendungsf\u00e4lle von Speech to Text<\/h2>\n\n\n\n<h3 class=\"wp-block-heading\">Akademische Transkription<\/h3>\n\n\n\n<p class=\"\">Studenten und Lehrkr\u00e4fte k\u00f6nnen Vorlesungen und Forschungsinterviews zum einfachen Nachschlagen und Lernen transkribieren.<\/p>\n\n\n\n<h3 class=\"wp-block-heading\">Gesch\u00e4ftstreffen<\/h3>\n\n\n\n<p class=\"\">Fachleute k\u00f6nnen Besprechungen, Brainstorming-Sitzungen und Konferenzen transkribieren, um genaue Aufzeichnungen zu erstellen und auszutauschen.<\/p>\n\n\n\n<h3 class=\"wp-block-heading\">Erstellung von Inhalten<\/h3>\n\n\n\n<p class=\"\">Schriftsteller und Blogger k\u00f6nnen ihre Ideen und Inhalte diktieren und so den Schreibprozess beschleunigen.<\/p>\n\n\n\n<h3 class=\"wp-block-heading\">Erreichbarkeit<\/h3>\n\n\n\n<p class=\"\">Menschen mit Behinderungen k\u00f6nnen Sprache in Text umwandeln, um die Interaktion mit der Technologie zu erleichtern und um Dokumente ohne Tippen zu erstellen.<\/p>\n\n\n\n<h3 class=\"wp-block-heading\">Kundenbetreuung<\/h3>\n\n\n\n<p class=\"\">Unternehmen k\u00f6nnen Kundenanrufe zu Qualit\u00e4tskontroll- und Schulungszwecken transkribieren.<\/p>\n\n\n\n<h2 class=\"wp-block-heading\">Top 10 Tools und Informationen<\/h2>\n\n\n\n<figure class=\"wp-block-table\"><table class=\"has-fixed-layout\"><thead><tr><th>Werkzeug\/Website<\/th><th>Eigenschaften<\/th><th>Vorteile<\/th><th>Herausforderungen<\/th><th>Empfehlungen<\/th><\/tr><\/thead><tbody><tr><td><a>Google Docs Spracheingabe<\/a><\/td><td>Integration mit Google Docs, Echtzeit-Transkription<\/td><td>Einfach zu benutzen, keine Anmeldung erforderlich<\/td><td>Erfordert eine Internetverbindung<\/td><td>Ideal f\u00fcr Google Drive-Benutzer<\/td><\/tr><tr><td><a href=\"https:\/\/otter.ai\/\" target=\"_blank\" rel=\"noopener\">Otter.ai<\/a><\/td><td>Erweiterte KI, Echtzeit-Transkription<\/td><td>Unterst\u00fctzt mehrere Sprachen, kollaborative Funktionen<\/td><td>Eingeschr\u00e4nkte kostenlose Version<\/td><td>Optimal f\u00fcr die Zusammenarbeit im Team<\/td><\/tr><tr><td><a href=\"https:\/\/www.rev.com\/\" target=\"_blank\" rel=\"noopener\">Rev.com<\/a><\/td><td>Menschliche Transkriptionsdienste<\/td><td>Hohe Genauigkeit, schneller Durchsatz<\/td><td>Bezahlte Dienstleistung<\/td><td>Geeignet f\u00fcr hochwertige Transkriptionen<\/td><\/tr><tr><td><a href=\"https:\/\/www.temi.com\/\" target=\"_blank\" rel=\"noopener\">Temi.com<\/a><\/td><td>Automatisierte Transkription<\/td><td>Erschwinglich, schnell<\/td><td>Geringere Genauigkeit als bei menschlichen Dienstleistungen<\/td><td>Gut f\u00fcr schnelle, kosteng\u00fcnstige Transkriptionen<\/td><\/tr><tr><td><a href=\"https:\/\/www.descript.com\/\" target=\"_blank\" rel=\"noopener\">Beschreibung<\/a><\/td><td>Audio- und Videotranskription, Bearbeitungsfunktionen<\/td><td>Integriert in Bearbeitungssoftware, pr\u00e4zise<\/td><td>Erfordert ein Abonnement<\/td><td>Ideal f\u00fcr Podcaster und Videobearbeiter<\/td><\/tr><tr><td><a href=\"https:\/\/www.trint.com\/\" target=\"_blank\" rel=\"noopener\">Trint<\/a><\/td><td>AI-Transkription, Bearbeitungswerkzeuge<\/td><td>Hohe Genauigkeit, einfach zu bedienen<\/td><td>Eingeschr\u00e4nkte kostenlose Version<\/td><td>Am besten f\u00fcr Journalisten und Forscher<\/td><\/tr><tr><td><a href=\"https:\/\/sonix.ai\/\" target=\"_blank\" rel=\"noopener\">Sonix.ai<\/a><\/td><td>Automatisierte Transkription, Unterst\u00fctzung mehrerer Sprachen<\/td><td>Pr\u00e4zise, schnell<\/td><td>Abonnement erforderlich<\/td><td>Ideal f\u00fcr mehrsprachige Benutzer<\/td><\/tr><tr><td><a href=\"https:\/\/www.speechtexter.com\/\" target=\"_blank\" rel=\"noopener\">RedeTexter<\/a><\/td><td>Echtzeit-Transkription, unterst\u00fctzt viele Sprachen<\/td><td>Kostenlos, keine Anmeldung erforderlich<\/td><td>Internetverbindung erforderlich<\/td><td>Am besten f\u00fcr Gelegenheitsnutzer<\/td><\/tr><tr><td><a>Nuance Drache<\/a><\/td><td>Professionelle Transkriptionssoftware<\/td><td>\u00c4u\u00dferst pr\u00e4zise, anpassbar<\/td><td>Teuer<\/td><td>Geeignet f\u00fcr den professionellen Einsatz<\/td><\/tr><tr><td><a href=\"https:\/\/azure.microsoft.com\/en-us\/services\/cognitive-services\/speech-to-text\/\" target=\"_blank\" rel=\"noopener\">Microsoft Azure-Sprache<\/a><\/td><td>Cloud-basiert, skalierbar<\/td><td>Hohe Genauigkeit, integrierbar mit anderen Microsoft-Diensten<\/td><td>Erfordert technische Kenntnisse<\/td><td>Am besten f\u00fcr Unternehmensl\u00f6sungen geeignet<\/td><\/tr><\/tbody><\/table><\/figure>\n\n\n\n<h2 class=\"wp-block-heading\">Industrie Pro und Kontra<\/h2>\n\n\n\n<h3 class=\"wp-block-heading\">Profis<\/h3>\n\n\n\n<ul class=\"wp-block-list\">\n<li class=\"\"><strong>Wirkungsgrad<\/strong>: Beschleunigt den Transkriptionsprozess.<\/li>\n\n\n\n<li class=\"\"><strong>Erreichbarkeit<\/strong>: Erleichtert den Zugang zur Technologie f\u00fcr Menschen mit Behinderungen.<\/li>\n\n\n\n<li class=\"\"><strong>Mehrsprachige Unterst\u00fctzung<\/strong>: Erleichtert die Kommunikation in mehreren Sprachen.<\/li>\n<\/ul>\n\n\n\n<h3 class=\"wp-block-heading\">Nachteile<\/h3>\n\n\n\n<ul class=\"wp-block-list\">\n<li class=\"\"><strong>Genauigkeit<\/strong>: Hat m\u00f6glicherweise Schwierigkeiten mit Akzenten und Hintergrundger\u00e4uschen.<\/li>\n\n\n\n<li class=\"\"><strong>Datenschutz<\/strong>: Bedenken hinsichtlich der Sicherheit der transkribierten Daten.<\/li>\n\n\n\n<li class=\"\"><strong>Kosten<\/strong>: Einige hochwertige Tools erfordern Abonnements oder Geb\u00fchren.<\/li>\n<\/ul>\n\n\n\n<h2 class=\"wp-block-heading\">FAQ<\/h2>\n\n\n\n<h3 class=\"wp-block-heading\">Welches ist das beste kostenlose Programm zur Umwandlung von Sprache in Text?<\/h3>\n\n\n\n<p class=\"\">Das beste kostenlose Tool ist <a>Google Docs Spracheingabe<\/a>die eine einfache Integration bietet und keine Anmeldung erfordert.<\/p>\n\n\n\n<h3 class=\"wp-block-heading\">Wie genau ist Sprache-zu-Text-Software?<\/h3>\n\n\n\n<p class=\"\">Die Genauigkeit variiert je nach Tool, aber fortschrittliche KI-Modelle wie die von Otter.ai und Rev.com bieten eine hohe Genauigkeit.<\/p>\n\n\n\n<h3 class=\"wp-block-heading\">Kann Sprache-zu-Text mehrere Sprachen verarbeiten?<\/h3>\n\n\n\n<p class=\"\">Ja, viele Tools unterst\u00fctzen mehrere Sprachen, darunter Otter.ai und Sonix.ai.<\/p>\n\n\n\n<h3 class=\"wp-block-heading\">Ist Sprache-zu-Text sicher?<\/h3>\n\n\n\n<p class=\"\">Die meisten seri\u00f6sen Tools verf\u00fcgen \u00fcber strenge Sicherheitsvorkehrungen, doch sollten Sie immer die Datenschutzrichtlinien der jeweiligen Anbieter pr\u00fcfen.<\/p>\n\n\n\n<h3 class=\"wp-block-heading\">Kann ich Sprache-zu-Text auch offline nutzen?<\/h3>\n\n\n\n<p class=\"\">Einige Tools bieten Offline-Funktionen, aber die meisten erfordern eine Internetverbindung f\u00fcr die Echtzeitverarbeitung.<\/p>\n\n\n\n<h3 class=\"wp-block-heading\">Wie kann ich die Transkriptionsgenauigkeit verbessern?<\/h3>\n\n\n\n<p class=\"\">Sprechen Sie deutlich, minimieren Sie Hintergrundger\u00e4usche und verwenden Sie ein hochwertiges Mikrofon.<\/p>\n\n\n\n<h3 class=\"wp-block-heading\">Gibt es Sprach-zu-Text-Anwendungen f\u00fcr Mobiltelefone?<\/h3>\n\n\n\n<p class=\"\">Ja, viele Tools wie Google Docs Voice Typing und Otter.ai bieten mobile Apps an.<\/p>\n\n\n\n<h3 class=\"wp-block-heading\">Kann ich den transkribierten Text bearbeiten?<\/h3>\n\n\n\n<p class=\"\">Ja, die meisten Tools erm\u00f6glichen es Ihnen, die Transkription zu bearbeiten, um sie genauer zu machen.<\/p>\n\n\n\n<h3 class=\"wp-block-heading\">Was sind die Haupteinsatzgebiete von Sprache-zu-Text?<\/h3>\n\n\n\n<p class=\"\">Zu den \u00fcblichen Einsatzgebieten geh\u00f6ren die akademische Transkription, gesch\u00e4ftliche Besprechungen, die Erstellung von Inhalten, die Barrierefreiheit und der Kundendienst.<\/p>\n\n\n\n<h3 class=\"wp-block-heading\">Wie integriere ich Sprache-zu-Text mit anderen Tools?<\/h3>\n\n\n\n<p class=\"\">Viele Tools bieten Integrationen mit Plattformen wie Google Drive, Microsoft Office und verschiedenen Bearbeitungsprogrammen.<\/p>\n\n\n\n<h2 class=\"wp-block-heading\">Zusammenfassung<\/h2>\n\n\n\n<p class=\"\">Die Speech-to-Text-Technologie bietet zahlreiche Vorteile, darunter h\u00f6here Effizienz, bessere Zug\u00e4nglichkeit und vielseitige Sprachunterst\u00fctzung. Tools wie <a href=\"https:\/\/aiartfree.online\/de\/sprache-zu-text\/\">aiartfree.online<\/a> und Google Docs Voice Typing bieten zuverl\u00e4ssige und benutzerfreundliche Optionen. Ob f\u00fcr den beruflichen, akademischen oder privaten Gebrauch - der Einsatz von Sprache-zu-Text kann Aufgaben rationalisieren und die Produktivit\u00e4t steigern. Probieren Sie diese Tools noch heute aus und erleben Sie, wie einfach es ist, gesprochene Worte in geschriebenen Text umzuwandeln!<\/p>","protected":false},"excerpt":{"rendered":"<p>How to use the Speech to Text * Record is currently not available *\u00a0Depending on your internet speed, loading the model may take up to 10 seconds \u2193 The Ultimate Guide to Speech to Text Summary Outline This article provides a comprehensive overview of speech-to-text technology, including its definition, advantages, main features, target audience, and &#8230; <a title=\"Sprache zu Text\" class=\"read-more\" href=\"https:\/\/aiartfree.online\/de\/sprache-zu-text\/\" aria-label=\"Mehr Informationen \u00fcber Speech to Text\">Weiterlesen<\/a><\/p>","protected":false},"author":1,"featured_media":3418,"parent":0,"menu_order":0,"comment_status":"closed","ping_status":"closed","template":"","meta":{"nf_dc_page":"","footnotes":""},"class_list":["post-3412","page","type-page","status-publish","has-post-thumbnail"],"jetpack_sharing_enabled":true,"_links":{"self":[{"href":"https:\/\/aiartfree.online\/de\/wp-json\/wp\/v2\/pages\/3412","targetHints":{"allow":["GET"]}}],"collection":[{"href":"https:\/\/aiartfree.online\/de\/wp-json\/wp\/v2\/pages"}],"about":[{"href":"https:\/\/aiartfree.online\/de\/wp-json\/wp\/v2\/types\/page"}],"author":[{"embeddable":true,"href":"https:\/\/aiartfree.online\/de\/wp-json\/wp\/v2\/users\/1"}],"replies":[{"embeddable":true,"href":"https:\/\/aiartfree.online\/de\/wp-json\/wp\/v2\/comments?post=3412"}],"version-history":[{"count":0,"href":"https:\/\/aiartfree.online\/de\/wp-json\/wp\/v2\/pages\/3412\/revisions"}],"wp:featuredmedia":[{"embeddable":true,"href":"https:\/\/aiartfree.online\/de\/wp-json\/wp\/v2\/media\/3418"}],"wp:attachment":[{"href":"https:\/\/aiartfree.online\/de\/wp-json\/wp\/v2\/media?parent=3412"}],"curies":[{"name":"wp","href":"https:\/\/api.w.org\/{rel}","templated":true}]}}