{"id":3411,"date":"2024-08-01T09:21:04","date_gmt":"2024-08-01T09:21:04","guid":{"rendered":"https:\/\/aiartfree.online\/?page_id=3411"},"modified":"2024-08-02T11:14:38","modified_gmt":"2024-08-02T11:14:38","slug":"photo-enhancer","status":"publish","type":"page","link":"https:\/\/aiartfree.online\/de\/fotoverstarker\/","title":{"rendered":"Photo Enhancer"},"content":{"rendered":"<h2 class=\"wp-block-heading has-text-align-center\" id=\"before-vs-after\">Vorher vs. Nachher<\/h2>\n\n\n\n<figure class=\"gb-block-image gb-block-image-1822da1f\"><img data-recalc-dims=\"1\" decoding=\"async\" loading=\"lazy\" width=\"1200\" height=\"429\" class=\"gb-image gb-image-1822da1f\" src=\"https:\/\/i0.wp.com\/aiartfree.online\/wp-content\/uploads\/2024\/08\/WX20240801-131344%402x-jpg.webp?resize=1200%2C429&#038;ssl=1\" alt=\"AI photo enhancer verbessert die Qualit\u00e4t von Bildern durch verschiedene Anpassungen und Verbesserungen. Bietet die besten kostenlosen Online AI Bildverbesserungswerkzeuge, ohne Limit.\" title=\"WX20240801-131344@2x\" srcset=\"https:\/\/i0.wp.com\/aiartfree.online\/wp-content\/uploads\/2024\/08\/WX20240801-131344%402x-jpg.webp?w=1500&amp;ssl=1 1500w, https:\/\/i0.wp.com\/aiartfree.online\/wp-content\/uploads\/2024\/08\/WX20240801-131344%402x-jpg.webp?resize=300%2C107&amp;ssl=1 300w, https:\/\/i0.wp.com\/aiartfree.online\/wp-content\/uploads\/2024\/08\/WX20240801-131344%402x-jpg.webp?resize=1024%2C366&amp;ssl=1 1024w, https:\/\/i0.wp.com\/aiartfree.online\/wp-content\/uploads\/2024\/08\/WX20240801-131344%402x-jpg.webp?resize=768%2C274&amp;ssl=1 768w, https:\/\/i0.wp.com\/aiartfree.online\/wp-content\/uploads\/2024\/08\/WX20240801-131344%402x-jpg.webp?resize=18%2C6&amp;ssl=1 18w, https:\/\/i0.wp.com\/aiartfree.online\/wp-content\/uploads\/2024\/08\/WX20240801-131344%402x-jpg.webp?resize=600%2C214&amp;ssl=1 600w\" sizes=\"auto, (max-width: 1200px) 100vw, 1200px\" \/><\/figure>\n\n\n\n<h2 class=\"wp-block-heading\" id=\"how-to-use-the-photo-enhancer\">So verwenden Sie den Photo Enhancer<\/h2>\n\n\n\n<ol class=\"wp-block-list\">\n<li class=\"\">Drop oder Upload Ihres Bildes<\/li>\n\n\n\n<li class=\"\">Klicken Sie auf \"Abschicken\".<\/li>\n\n\n\n<li class=\"\">Moment, das ist es!<\/li>\n<\/ol>\n\n\n\n<p class=\"\">* Probieren Sie unsere Beispiele aus, wenn Ihnen noch nichts einf\u00e4llt<\/p>\n\n\n\n<p class=\"\"><em>* Abh\u00e4ngig von Ihrer Internetgeschwindigkeit kann das Laden des Modells <\/em>bis zu 10 Sekunden \u2193<\/p>\n\n\n\n<div class=\"iframe-wrapper\" style=\"position: relative; width: 100%; height: 1580px;\">\n  <div class=\"loading\" style=\"position: absolute; top: 50px; left: 50%; transform: translate(-50%, -50%); width: 40px; height: 40px; border: 3px solid #f0f0f0; border-top: 3px solid #db7093; border-radius: 50%; animation: spin 1s linear infinite;\"><\/div>\n  <iframe loading=\"lazy\" src=\"https:\/\/xintao-gfpgan.hf.space\" frameborder=\"0\" width=\"100%\" height=\"100%\" style=\"position: absolute; top: 0; left: 0; opacity: 0; transition: opacity 0.3s;\" onload=\"this.style.opacity=1;this.previousElementSibling.style.display='none';\"><\/iframe>\n<\/div>\n\n<style>\n@keyframes spin {\n  0% { transform: translate(-50%, -50%) rotate(0deg); }\n  100% { transform: translate(-50%, -50%) rotate(360deg); }\n}\n<\/style>\n\n\n\n<div style=\"height:80px\" aria-hidden=\"true\" class=\"wp-block-spacer\"><\/div>\n\n\n\n<h2 class=\"wp-block-heading\" id=\"enhance-your-photos-with-ai-the-ultimate-guide\">Verbessern Sie Ihre Fotos mit AI: Der ultimative Leitfaden<\/h2>\n\n\n\n<div class=\"wp-block-rank-math-toc-block\" id=\"rank-math-toc\"><h3>Inhalts\u00fcbersicht<\/h3><nav><ul><li><a href=\"#outline\">Gliederung<\/a><\/li><li><a href=\"#table-of-contents\">Inhalts\u00fcbersicht<\/a><\/li><li><a href=\"#what-is-a-photo-enhancer\">Was ist ein Photo Enhancer?<\/a><\/li><li><a href=\"#why-use-a-photo-enhancer\">Warum einen Photo Enhancer verwenden?<\/a><\/li><li><a href=\"#main-features-of-photo-enhancers\">Hauptmerkmale von Photo Enhancers<\/a><ul><li><a href=\"#ai-powered-enhancements\">KI-gest\u00fctzte Erweiterungen<\/a><\/li><li><a href=\"#increase-photo-resolution\">Fotoaufl\u00f6sung erh\u00f6hen<\/a><\/li><li><a href=\"#improve-photo-quality\">Verbessern Sie die Fotoqualit\u00e4t<\/a><\/li><li><a href=\"#reduce-noise-and-sharpen-details\">Rauschen reduzieren und Details sch\u00e4rfen<\/a><\/li><\/ul><\/li><li><a href=\"#target-audience-and-uses\">Zielpublikum und Verwendungszwecke<\/a><\/li><li><a href=\"#industry-applications\">Anwendungen in der Industrie<\/a><ul><li><a href=\"#e-commerce\">Elektronischer Gesch\u00e4ftsverkehr<\/a><\/li><li><a href=\"#photography\">Fotografie<\/a><\/li><li><a href=\"#social-media\">Soziale Medien<\/a><\/li><li><a href=\"#graphic-design\">Grafisches Design<\/a><\/li><\/ul><\/li><li><a href=\"#how-to-use-a-photo-enhancer\">Verwendung eines Photo Enhancers<\/a><\/li><li><a href=\"#real-world-usage-cases\">Anwendungsf\u00e4lle aus der realen Welt<\/a><ul><li><a href=\"#product-photography\">Produktfotografie<\/a><\/li><li><a href=\"#family-photos\">Familienfotos<\/a><\/li><li><a href=\"#social-media-posts\">Beitr\u00e4ge in sozialen Medien<\/a><\/li><\/ul><\/li><li><a href=\"#comparison-of-top-10-photo-enhancer-tools\">Vergleich der 10 besten Fotoverbesserungstools<\/a><\/li><li><a href=\"#industry-pros-and-cons\">Industrie Pro und Kontra<\/a><ul><li><a href=\"#pros\">Profis<\/a><\/li><li><a href=\"#cons\">Nachteile<\/a><\/li><\/ul><\/li><li><a href=\"#faq\">FAQ<\/a><\/li><li><a href=\"#summary\">Zusammenfassung<\/a><\/li><\/ul><\/nav><\/div>\n\n\n\n<h3 class=\"wp-block-heading\" id=\"outline\">Gliederung<\/h3>\n\n\n\n<p class=\"\">In diesem umfassenden Leitfaden erkunden wir die Welt der Fotobearbeitung mit KI-Technologie. Wir befassen uns mit der Definition, den Vorteilen, den Funktionen, der Zielgruppe, den Anwendungen in der Branche, den Anwendungshinweisen, den Beispielen aus der Praxis und bieten einen detaillierten Vergleich von 10 beliebten Tools. Au\u00dferdem gehen wir auf h\u00e4ufig gestellte Fragen ein und fassen die wichtigsten Vorteile der Verwendung von KI-Fotoverbesserern zusammen, zusammen mit einem Aufruf zum Handeln.<\/p>\n\n\n\n<h3 class=\"wp-block-heading\" id=\"table-of-contents\">Inhalts\u00fcbersicht<\/h3>\n\n\n\n<ol class=\"wp-block-list\">\n<li class=\"\"><a href=\"#what-is-a-photo-enhancer\">Was ist ein Photo Enhancer?<\/a><\/li>\n\n\n\n<li class=\"\"><a href=\"#why-use-a-photo-enhancer\">Warum einen Photo Enhancer verwenden?<\/a><\/li>\n\n\n\n<li class=\"\"><a href=\"#main-features-of-photo-enhancers\">Hauptmerkmale von Photo Enhancers<\/a><\/li>\n\n\n\n<li class=\"\"><a href=\"#target-audience-and-uses\">Zielpublikum und Verwendungszwecke<\/a><\/li>\n\n\n\n<li class=\"\"><a href=\"#industry-applications\">Anwendungen in der Industrie<\/a><\/li>\n\n\n\n<li class=\"\"><a href=\"#how-to-use-a-photo-enhancer\">Verwendung eines Photo Enhancers<\/a><\/li>\n\n\n\n<li class=\"\"><a href=\"#real-world-usage-cases\">Anwendungsf\u00e4lle aus der realen Welt<\/a><\/li>\n\n\n\n<li class=\"\"><a href=\"#comparison-of-top-10-photo-enhancer-tools\">Vergleich der 10 besten Fotoverbesserungstools<\/a><\/li>\n\n\n\n<li class=\"\"><a href=\"#industry-pros-and-cons\">Industrie Pro und Kontra<\/a><\/li>\n\n\n\n<li class=\"\"><a href=\"#faq\">FAQ<\/a><\/li>\n\n\n\n<li class=\"\"><a href=\"#summary-and-call-to-action\">Zusammenfassung und Aufruf zum Handeln<\/a><\/li>\n<\/ol>\n\n\n\n<h3 class=\"wp-block-heading\" id=\"what-is-a-photo-enhancer\">Was ist ein Photo Enhancer?<\/h3>\n\n\n\n<p class=\"\">Ein Fotoverbesserer ist ein Werkzeug oder eine Software, die die Qualit\u00e4t von Bildern durch verschiedene Anpassungen und Verbesserungen verbessert. Dies kann die Erh\u00f6hung der Aufl\u00f6sung, die Reduzierung von Rauschen, die Sch\u00e4rfung von Details und die Verbesserung der Farbgenauigkeit umfassen. KI-gest\u00fctzte Fotoverbesserer nutzen fortschrittliche Algorithmen und maschinelle Lernverfahren, um Bilder automatisch zu analysieren und zu verbessern.<\/p>\n\n\n\n<h3 class=\"wp-block-heading\" id=\"why-use-a-photo-enhancer\">Warum einen Photo Enhancer verwenden?<\/h3>\n\n\n\n<p class=\"\">Die Verwendung eines Photo Enhancers bietet mehrere entscheidende Vorteile:<\/p>\n\n\n\n<ol class=\"wp-block-list\">\n<li class=\"\"><strong>Verbesserte Fotoqualit\u00e4t<\/strong>: Verbessern Sie die Klarheit, Sch\u00e4rfe und Gesamtqualit\u00e4t Ihrer Bilder.<\/li>\n\n\n\n<li class=\"\"><strong>AI Image Enhancer<\/strong>: Nutzen Sie die Leistung der k\u00fcnstlichen Intelligenz, um mit minimalem Aufwand hervorragende Ergebnisse zu erzielen.<\/li>\n\n\n\n<li class=\"\"><strong>Verbesserndes Werkzeug f\u00fcr Fachleute<\/strong>: Perfekt f\u00fcr Grafikdesigner, Fotografen und Social Media Influencer, die hochwertige Bilder ben\u00f6tigen.<\/li>\n\n\n\n<li class=\"\"><strong>Keine Anmeldung erforderlich<\/strong>: Viele Werkzeuge, wie <a href=\"https:\/\/aiartfree.online\/de\/fotoverstarker\/\">AI Art Free Photo Enhancer<\/a>bieten kostenlosen, unbegrenzten Zugang, ohne dass man sich anmelden muss.<\/li>\n\n\n\n<li class=\"\"><strong>Vielseitigkeit<\/strong>: Ideal zur Verbesserung von Produktbildern, Familienfotos und Posts in sozialen Medien.<\/li>\n\n\n\n<li class=\"\"><strong>Benutzerfreundlich<\/strong>: Einfache Benutzeroberfl\u00e4chen machen es jedem leicht, sie zu benutzen, unabh\u00e4ngig vom technischen Niveau.<\/li>\n<\/ol>\n\n\n\n<h3 class=\"wp-block-heading\" id=\"main-features-of-photo-enhancers\">Hauptmerkmale von Photo Enhancers<\/h3>\n\n\n\n<h4 class=\"wp-block-heading\" id=\"ai-powered-enhancements\">KI-gest\u00fctzte Erweiterungen<\/h4>\n\n\n\n<p class=\"\">KI-Algorithmen analysieren und verbessern Bilder automatisch und sorgen so f\u00fcr optimale Qualit\u00e4t bei minimalen manuellen Anpassungen.<\/p>\n\n\n\n<h4 class=\"wp-block-heading\" id=\"increase-photo-resolution\">Fotoaufl\u00f6sung erh\u00f6hen<\/h4>\n\n\n\n<p class=\"\">Verbessern Sie die Aufl\u00f6sung von Bildern niedriger Qualit\u00e4t, um sie f\u00fcr den Druck oder die professionelle Verwendung geeignet zu machen.<\/p>\n\n\n\n<h4 class=\"wp-block-heading\" id=\"improve-photo-quality\">Verbessern Sie die Fotoqualit\u00e4t<\/h4>\n\n\n\n<p class=\"\">Passen Sie Helligkeit, Kontrast und Farbbalance an, um das Beste aus Ihren Fotos herauszuholen.<\/p>\n\n\n\n<h4 class=\"wp-block-heading\" id=\"reduce-noise-and-sharpen-details\">Rauschen reduzieren und Details sch\u00e4rfen<\/h4>\n\n\n\n<p class=\"\">Entfernen Sie unerw\u00fcnschtes Rauschen und Unsch\u00e4rfe aus Bildern, um sie klarer und detaillierter zu machen.<\/p>\n\n\n\n<h3 class=\"wp-block-heading\" id=\"target-audience-and-uses\">Zielpublikum und Verwendungszwecke<\/h3>\n\n\n\n<p class=\"\">Fotoverbesserer sind n\u00fctzlich f\u00fcr:<\/p>\n\n\n\n<ul class=\"wp-block-list\">\n<li class=\"\"><strong>Grafik-Designer<\/strong>: Verbessern Sie Bilder f\u00fcr Designprojekte.<\/li>\n\n\n\n<li class=\"\"><strong>Fotografen<\/strong>: Verbessern Sie die Qualit\u00e4t der Fotos f\u00fcr Ihre Kunden.<\/li>\n\n\n\n<li class=\"\"><strong>Influencer in den sozialen Medien<\/strong>: Erstellen Sie hochwertige Inhalte f\u00fcr die Plattformen der sozialen Medien.<\/li>\n\n\n\n<li class=\"\"><strong>E-Commerce-Verk\u00e4ufer<\/strong>: Machen Sie Produktfotos f\u00fcr potenzielle K\u00e4ufer attraktiver.<\/li>\n\n\n\n<li class=\"\"><strong>Familien<\/strong>: Bewahren und versch\u00f6nern Sie Ihre wertvollen Familienfotos.<\/li>\n<\/ul>\n\n\n\n<h3 class=\"wp-block-heading\" id=\"industry-applications\">Anwendungen in der Industrie<\/h3>\n\n\n\n<h4 class=\"wp-block-heading\" id=\"e-commerce\">Elektronischer Gesch\u00e4ftsverkehr<\/h4>\n\n\n\n<p class=\"\">Verbessern Sie die Produktbilder, um sie ansprechender zu gestalten und den Absatz zu steigern.<\/p>\n\n\n\n<h4 class=\"wp-block-heading\" id=\"photography\">Fotografie<\/h4>\n\n\n\n<p class=\"\">Professionelle Fotografen k\u00f6nnen Fotoverbesserer einsetzen, um die Qualit\u00e4t ihrer Arbeit zu verbessern und ihre Kunden zufrieden zu stellen.<\/p>\n\n\n\n<h4 class=\"wp-block-heading\" id=\"social-media\">Soziale Medien<\/h4>\n\n\n\n<p class=\"\">Influencer und Vermarkter k\u00f6nnen aufmerksamkeitsstarke Beitr\u00e4ge erstellen, die in der \u00fcberf\u00fcllten Social-Media-Landschaft hervorstechen.<\/p>\n\n\n\n<h4 class=\"wp-block-heading\" id=\"graphic-design\">Grafisches Design<\/h4>\n\n\n\n<p class=\"\">Designer k\u00f6nnen die Qualit\u00e4t der in ihren Projekten verwendeten Bilder verbessern, was zu einer besseren und professionelleren Arbeit f\u00fchrt.<\/p>\n\n\n\n<p class=\"\"><\/p>\n\n\n\n<h3 class=\"wp-block-heading\" id=\"how-to-use-a-photo-enhancer\">Verwendung eines Photo Enhancers<\/h3>\n\n\n\n<ol class=\"wp-block-list\">\n<li class=\"\"><strong>Ihr Foto hochladen<\/strong>: W\u00e4hlen Sie das Bild aus, das Sie verbessern m\u00f6chten.<\/li>\n\n\n\n<li class=\"\"><strong>W\u00e4hlen Sie Erweiterungsoptionen<\/strong>: W\u00e4hlen Sie die gew\u00fcnschten Einstellungen (z. B. Aufl\u00f6sung erh\u00f6hen, Rauschen reduzieren).<\/li>\n\n\n\n<li class=\"\"><strong>Erweiterungen anwenden<\/strong>: Lassen Sie die KI-Algorithmen ihre Magie wirken.<\/li>\n\n\n\n<li class=\"\"><strong>Verbessertes Foto herunterladen<\/strong>: Speichern Sie das verbesserte Bild auf Ihrem Ger\u00e4t.<\/li>\n<\/ol>\n\n\n\n<h3 class=\"wp-block-heading\" id=\"real-world-usage-cases\">Anwendungsf\u00e4lle aus der realen Welt<\/h3>\n\n\n\n<h4 class=\"wp-block-heading\" id=\"product-photography\">Produktfotografie<\/h4>\n\n\n\n<p class=\"\">E-Commerce-Verk\u00e4ufer verwenden Fotoverbesserer, um Produktbilder attraktiver zu gestalten, was zu h\u00f6heren Konversionsraten f\u00fchrt.<\/p>\n\n\n\n<h4 class=\"wp-block-heading\" id=\"family-photos\">Familienfotos<\/h4>\n\n\n\n<p class=\"\">Einzelpersonen verbessern alte Familienfotos, um Erinnerungen mit mehr Klarheit und Details zu bewahren.<\/p>\n\n\n\n<h4 class=\"wp-block-heading\" id=\"social-media-posts\">Beitr\u00e4ge in sozialen Medien<\/h4>\n\n\n\n<p class=\"\">Influencer verbessern Fotos, um beeindruckende Inhalte zu erstellen, die mehr Follower und Engagement anziehen.<\/p>\n\n\n\n<h3 class=\"wp-block-heading\" id=\"comparison-of-top-10-photo-enhancer-tools\">Vergleich der 10 besten Fotoverbesserungstools<\/h3>\n\n\n\n<figure class=\"wp-block-table\"><table class=\"has-fixed-layout\"><thead><tr><th>Werkzeug Name<\/th><th>Eigenschaften<\/th><th>Profis<\/th><th>Nachteile<\/th><th>Website<\/th><\/tr><\/thead><tbody><tr><td><strong>AI Art Free Photo Enhancer<\/strong><\/td><td>KI-gesteuert, unbegrenzte Nutzung, keine Anmeldung<\/td><td>100% kostenlos, einfach zu benutzen<\/td><td>Eingeschr\u00e4nkte erweiterte Funktionen<\/td><td><a href=\"https:\/\/aiartfree.online\/de\/fotoverstarker\/\">AI Art Free<\/a><\/td><\/tr><tr><td><strong>Adobe Photoshop<\/strong><\/td><td>Erweiterte Bearbeitungswerkzeuge, AI-Verbesserungen<\/td><td>Professionelle Qualit\u00e4t, hochgradig anpassbar<\/td><td>Teuer, steile Lernkurve<\/td><td><a href=\"https:\/\/www.adobe.com\/products\/photoshop.html\" target=\"_blank\" rel=\"noopener\">Adobe Photoshop<\/a><\/td><\/tr><tr><td><strong>Luminar AI<\/strong><\/td><td>KI-unterst\u00fctzte Bearbeitung, Vorlagen<\/td><td>Benutzerfreundliche, schnelle Bearbeitung<\/td><td>Erfordert Kauf<\/td><td><a>Luminar AI<\/a><\/td><\/tr><tr><td><strong>Fotor<\/strong><\/td><td>Online-Editor, KI-Verbesserungen<\/td><td>Kostenlose Version verf\u00fcgbar, einfach zu benutzen<\/td><td>Eingeschr\u00e4nkte Funktionen in der kostenlosen Version<\/td><td><a href=\"https:\/\/www.fotor.com\/\" target=\"_blank\" rel=\"noopener\">Fotor<\/a><\/td><\/tr><tr><td><strong>GIMP<\/strong><\/td><td>Open-Source, anpassbare Tools<\/td><td>Kostenlose, leistungsstarke Funktionen<\/td><td>Weniger intuitive Schnittstelle<\/td><td><a href=\"https:\/\/www.gimp.org\/\" target=\"_blank\" rel=\"noopener\">GIMP<\/a><\/td><\/tr><tr><td><strong>Pixlr<\/strong><\/td><td>Webbasiert, KI-Tools, schnelle Bearbeitungen<\/td><td>Kostenlose Basisversion, mobile App<\/td><td>Werbeeinblendungen in der kostenlosen Version, eingeschr\u00e4nkte Funktionen<\/td><td><a href=\"https:\/\/pixlr.com\/\" target=\"_blank\" rel=\"noopener\">Pixlr<\/a><\/td><\/tr><tr><td><strong>PhotoScape X<\/strong><\/td><td>Benutzerfreundliche Stapelverarbeitung, KI-Werkzeuge<\/td><td>Kostenlos, benutzerfreundlich<\/td><td>Eingeschr\u00e4nkte erweiterte Funktionen<\/td><td><a>PhotoScape X<\/a><\/td><\/tr><tr><td><strong>Verbessern.Pho.to<\/strong><\/td><td>Online-Enhancer, automatische Anpassungen<\/td><td>Kostenlos, keine Anmeldung erforderlich<\/td><td>Begrenzte manuelle Kontrolle<\/td><td><a>Verbessern.Pho.to<\/a><\/td><\/tr><tr><td><strong>Verbessern wir<\/strong><\/td><td>KI-gest\u00fctztes Upscaling, Rauschunterdr\u00fcckung<\/td><td>Hochwertige Ergebnisse, einfache Anwendung<\/td><td>Eingeschr\u00e4nkte kostenlose Version, f\u00fcr die volle Nutzung sind Credits erforderlich<\/td><td><a href=\"https:\/\/letsenhance.io\/\" target=\"_blank\" rel=\"noopener\">Verbessern wir<\/a><\/td><\/tr><tr><td><strong>BeFunky<\/strong><\/td><td>Bildbearbeitung, AI-Effekte, Vorlagen<\/td><td>Kostenlose Basisversion, einfache Schnittstelle<\/td><td>Premium-Funktionen erfordern ein Abonnement<\/td><td><a href=\"https:\/\/www.befunky.com\/\" target=\"_blank\" rel=\"noopener\">BeFunky<\/a><\/td><\/tr><\/tbody><\/table><\/figure>\n\n\n\n<h3 class=\"wp-block-heading\" id=\"industry-pros-and-cons\">Industrie Pro und Kontra<\/h3>\n\n\n\n<h4 class=\"wp-block-heading\" id=\"pros\">Profis<\/h4>\n\n\n\n<ul class=\"wp-block-list\">\n<li class=\"\"><strong>Verbesserte Bildqualit\u00e4t<\/strong>: KI-Tools verbessern die Bildqualit\u00e4t erheblich.<\/li>\n\n\n\n<li class=\"\"><strong>Benutzerfreundlich<\/strong>: Einfache Handhabung f\u00fcr Profis und Amateure.<\/li>\n\n\n\n<li class=\"\"><strong>Kosteng\u00fcnstig<\/strong>: Viele Tools sind kostenlos oder erschwinglich.<\/li>\n<\/ul>\n\n\n\n<h4 class=\"wp-block-heading\" id=\"cons\">Nachteile<\/h4>\n\n\n\n<ul class=\"wp-block-list\">\n<li class=\"\"><strong>Abh\u00e4ngigkeit von KI<\/strong>: Die Ergebnisse k\u00f6nnen je nach KI-Algorithmus variieren.<\/li>\n\n\n\n<li class=\"\"><strong>Begrenzte Anpassung<\/strong>: Einige Werkzeuge bieten begrenzte manuelle Einstellm\u00f6glichkeiten.<\/li>\n\n\n\n<li class=\"\"><strong>Bearbeitungszeit<\/strong>: Die Verarbeitung von Bildern mit hoher Aufl\u00f6sung kann l\u00e4nger dauern.<\/li>\n<\/ul>\n\n\n\n<h3 class=\"wp-block-heading\" id=\"faq\">FAQ<\/h3>\n\n\n\n<ol class=\"wp-block-list\">\n<li class=\"\"><strong>Wie kann man ein Foto verbessern?<\/strong>\n<ul class=\"wp-block-list\">\n<li class=\"\">Laden Sie Ihr Foto in ein AI-Fotoverbesserungsprogramm hoch und wenden Sie die gew\u00fcnschten Verbesserungen an.<\/li>\n<\/ul>\n<\/li>\n\n\n\n<li class=\"\"><strong>Wie kann man die Aufl\u00f6sung von Fotos verbessern?<\/strong>\n<ul class=\"wp-block-list\">\n<li class=\"\">Verwenden Sie Tools wie AI Art Free Photo Enhancer, um die Aufl\u00f6sung Ihrer Bilder zu erh\u00f6hen.<\/li>\n<\/ul>\n<\/li>\n\n\n\n<li class=\"\"><strong>Wie kann man die Fotoqualit\u00e4t verbessern?<\/strong>\n<ul class=\"wp-block-list\">\n<li class=\"\">Passen Sie Helligkeit, Kontrast und Farbbalance mit einem AI-Fotoverbesserer an.<\/li>\n<\/ul>\n<\/li>\n\n\n\n<li class=\"\"><strong>Wie kann man ein unscharfes Foto verbessern?<\/strong>\n<ul class=\"wp-block-list\">\n<li class=\"\">Verwenden Sie die Sch\u00e4rfefunktion in einem AI-Fotoverbesserer, um Unsch\u00e4rfe zu reduzieren.<\/li>\n<\/ul>\n<\/li>\n\n\n\n<li class=\"\"><strong>Wie verbessert man die Fotoqualit\u00e4t in Photoshop?<\/strong>\n<ul class=\"wp-block-list\">\n<li class=\"\">Verwenden Sie die in Photoshop integrierten Werkzeuge wie Sch\u00e4rfen, Rauschunterdr\u00fcckung und Farbkorrektur.<\/li>\n<\/ul>\n<\/li>\n\n\n\n<li class=\"\"><strong>K\u00f6nnen KI-Fotoverbesserer alte Fotos verbessern?<\/strong>\n<ul class=\"wp-block-list\">\n<li class=\"\">Ja, AI-Fotoverbesserer k\u00f6nnen die Qualit\u00e4t alter Fotos wiederherstellen und verbessern.<\/li>\n<\/ul>\n<\/li>\n\n\n\n<li class=\"\"><strong>Gibt es kostenlose Fotobearbeitungsprogramme?<\/strong>\n<ul class=\"wp-block-list\">\n<li class=\"\">Ja, Tools wie AI Art Free Photo Enhancer k\u00f6nnen kostenlos und unbegrenzt genutzt werden.<\/li>\n<\/ul>\n<\/li>\n\n\n\n<li class=\"\"><strong>Muss ich mich anmelden, um ein Photo Enhancer zu benutzen?<\/strong>\n<ul class=\"wp-block-list\">\n<li class=\"\">F\u00fcr viele Tools ist keine Anmeldung erforderlich, so dass Sie Ihre Fotos schnell und einfach verbessern k\u00f6nnen.<\/li>\n<\/ul>\n<\/li>\n\n\n\n<li class=\"\"><strong>Welches sind die besten Tools f\u00fcr die Fotobearbeitung?<\/strong>\n<ul class=\"wp-block-list\">\n<li class=\"\">AI Art Free Photo Enhancer, zusammen mit anderen beliebten Tools, die in der Vergleichstabelle aufgef\u00fchrt sind.<\/li>\n<\/ul>\n<\/li>\n\n\n\n<li class=\"\"><strong>Wie lange dauert es, ein Foto zu verbessern?<\/strong>\n<ul class=\"wp-block-list\">\n<li class=\"\">Die Bearbeitungszeit h\u00e4ngt von der Bildgr\u00f6\u00dfe und dem verwendeten Werkzeug ab.<\/li>\n<\/ul>\n<\/li>\n<\/ol>\n\n\n\n<h3 class=\"wp-block-heading\" id=\"summary\">Zusammenfassung<\/h3>\n\n\n\n<p class=\"\">Das Verbessern von Fotos mit KI-Technologie bietet zahlreiche Vorteile, darunter verbesserte Qualit\u00e4t, Benutzerfreundlichkeit und Vielseitigkeit. Egal, ob Sie ein professioneller Fotograf, Grafikdesigner oder einfach jemand sind, der seine pers\u00f6nlichen Fotos verbessern m\u00f6chte, KI-Fotoverbesserer wie <a href=\"https:\/\/aiartfree.online\/de\/fotoverstarker\/\">AI Art Free Photo Enhancer<\/a> bieten eine leistungsstarke L\u00f6sung. Testen Sie es noch heute und erleben Sie den Unterschied in der Qualit\u00e4t Ihrer Fotos!<\/p>","protected":false},"excerpt":{"rendered":"<p>Before vs After How to use the Photo Enhancer * Feel free to try our examples below if you don&#8217;t have any thoughts in your mind *&nbsp;Depending on your internet speed, loading the model may take up to 10 seconds \u2193 Enhance Your Photos with AI: The Ultimate Guide Outline In this comprehensive guide, we&#8217;ll &#8230; <a title=\"Photo Enhancer\" class=\"read-more\" href=\"https:\/\/aiartfree.online\/de\/fotoverstarker\/\" aria-label=\"Mehr Informationen \u00fcber Photo Enhancer\">Weiterlesen<\/a><\/p>","protected":false},"author":1,"featured_media":3420,"parent":0,"menu_order":0,"comment_status":"open","ping_status":"closed","template":"","meta":{"nf_dc_page":"","footnotes":""},"class_list":["post-3411","page","type-page","status-publish","has-post-thumbnail"],"jetpack_sharing_enabled":true,"_links":{"self":[{"href":"https:\/\/aiartfree.online\/de\/wp-json\/wp\/v2\/pages\/3411","targetHints":{"allow":["GET"]}}],"collection":[{"href":"https:\/\/aiartfree.online\/de\/wp-json\/wp\/v2\/pages"}],"about":[{"href":"https:\/\/aiartfree.online\/de\/wp-json\/wp\/v2\/types\/page"}],"author":[{"embeddable":true,"href":"https:\/\/aiartfree.online\/de\/wp-json\/wp\/v2\/users\/1"}],"replies":[{"embeddable":true,"href":"https:\/\/aiartfree.online\/de\/wp-json\/wp\/v2\/comments?post=3411"}],"version-history":[{"count":0,"href":"https:\/\/aiartfree.online\/de\/wp-json\/wp\/v2\/pages\/3411\/revisions"}],"wp:featuredmedia":[{"embeddable":true,"href":"https:\/\/aiartfree.online\/de\/wp-json\/wp\/v2\/media\/3420"}],"wp:attachment":[{"href":"https:\/\/aiartfree.online\/de\/wp-json\/wp\/v2\/media?parent=3411"}],"curies":[{"name":"wp","href":"https:\/\/api.w.org\/{rel}","templated":true}]}}