{"id":3382,"date":"2024-07-31T11:37:49","date_gmt":"2024-07-31T11:37:49","guid":{"rendered":"https:\/\/aiartfree.online\/?page_id=3382"},"modified":"2024-08-02T09:24:10","modified_gmt":"2024-08-02T09:24:10","slug":"ai-clothes-changer","status":"publish","type":"page","link":"https:\/\/aiartfree.online\/de\/ai-kleiderwechsler\/","title":{"rendered":"AI-Kleiderwechsler"},"content":{"rendered":"<h2 class=\"wp-block-heading has-text-align-center\" id=\"before-vs-after\">Vorher vs. Nachher<\/h2>\n\n\n\n<figure class=\"gb-block-image gb-block-image-1822da1f\"><img data-recalc-dims=\"1\" decoding=\"async\" loading=\"lazy\" width=\"1200\" height=\"388\" class=\"gb-image gb-image-1822da1f\" src=\"https:\/\/i0.wp.com\/aiartfree.online\/wp-content\/uploads\/2024\/07\/WX20240731-151956%402x-scaled.webp?resize=1200%2C388&#038;ssl=1\" alt=\"AI Clothes Changer - Kleiderwechsel mit AI [kostenlos, ohne Limit]\" title=\"WX20240731-151956@2x\" srcset=\"https:\/\/i0.wp.com\/aiartfree.online\/wp-content\/uploads\/2024\/07\/WX20240731-151956%402x-scaled.webp?w=2560&amp;ssl=1 2560w, https:\/\/i0.wp.com\/aiartfree.online\/wp-content\/uploads\/2024\/07\/WX20240731-151956%402x-scaled.webp?resize=300%2C97&amp;ssl=1 300w, https:\/\/i0.wp.com\/aiartfree.online\/wp-content\/uploads\/2024\/07\/WX20240731-151956%402x-scaled.webp?resize=1024%2C331&amp;ssl=1 1024w, https:\/\/i0.wp.com\/aiartfree.online\/wp-content\/uploads\/2024\/07\/WX20240731-151956%402x-scaled.webp?resize=768%2C249&amp;ssl=1 768w, https:\/\/i0.wp.com\/aiartfree.online\/wp-content\/uploads\/2024\/07\/WX20240731-151956%402x-scaled.webp?resize=1536%2C497&amp;ssl=1 1536w, https:\/\/i0.wp.com\/aiartfree.online\/wp-content\/uploads\/2024\/07\/WX20240731-151956%402x-scaled.webp?resize=2048%2C663&amp;ssl=1 2048w, https:\/\/i0.wp.com\/aiartfree.online\/wp-content\/uploads\/2024\/07\/WX20240731-151956%402x-scaled.webp?resize=18%2C6&amp;ssl=1 18w, https:\/\/i0.wp.com\/aiartfree.online\/wp-content\/uploads\/2024\/07\/WX20240731-151956%402x-scaled.webp?resize=600%2C194&amp;ssl=1 600w, https:\/\/i0.wp.com\/aiartfree.online\/wp-content\/uploads\/2024\/07\/WX20240731-151956%402x-scaled.webp?w=2400&amp;ssl=1 2400w\" sizes=\"auto, (max-width: 1200px) 100vw, 1200px\" \/><\/figure>\n\n\n\n<h2 class=\"wp-block-heading\" id=\"how-to-use-the-ai-clothes-changer\">So verwenden Sie den AI Clothes Changer<\/h2>\n\n\n\n<ol class=\"wp-block-list\">\n<li class=\"\">Drop oder Upload Ihres Bildes<\/li>\n\n\n\n<li class=\"\">Drop oder Upload Ihres Kleidungsbildes<\/li>\n\n\n\n<li class=\"\">Klicken Sie auf \"Anprobe\".<\/li>\n\n\n\n<li class=\"\">Moment, das ist es!<\/li>\n<\/ol>\n\n\n\n<p class=\"\">* Probieren Sie unsere Beispiele aus, wenn Ihnen noch nichts einf\u00e4llt<\/p>\n\n\n\n<p class=\"\"><em>* Abh\u00e4ngig von Ihrer Internetgeschwindigkeit kann das Laden des Modells <\/em>bis zu 10 Sekunden \u2193<\/p>\n\n\n\n<div class=\"iframe-wrapper\" style=\"position: relative; width: 100%; height: 1600px;\">\n  <div class=\"loading\" style=\"position: absolute; top: 50px; left: 50%; transform: translate(-50%, -50%); width: 40px; height: 40px; border: 3px solid #f0f0f0; border-top: 3px solid #db7093; border-radius: 50%; animation: spin 1s linear infinite;\"><\/div>\n  <iframe loading=\"lazy\" src=\"https:\/\/yisol-idm-vton.hf.space\" frameborder=\"0\" width=\"100%\" height=\"100%\" style=\"position: absolute; top: 0; left: 0; opacity: 0; transition: opacity 0.3s;\" onload=\"this.style.opacity=1;this.previousElementSibling.style.display='none';\"><\/iframe>\n<\/div>\n\n<style>\n@keyframes spin {\n  0% { transform: translate(-50%, -50%) rotate(0deg); }\n  100% { transform: translate(-50%, -50%) rotate(360deg); }\n}\n<\/style>\n\n\n\n<div style=\"height:80px\" aria-hidden=\"true\" class=\"wp-block-spacer\"><\/div>\n\n\n\n<h2 class=\"wp-block-heading\" id=\"ai-clothes-changer-the-ultimate-guide-to-virtual-fashion-transformation\">AI Clothes Changer: Der ultimative Leitfaden f\u00fcr die virtuelle Modetransformation<\/h2>\n\n\n\n<p class=\"\">Dieser umfassende Leitfaden erforscht die Welt der KI-Kleiderwechslertechnologie, ihre Anwendungen und wie sie die Modeindustrie revolutioniert. Wir decken alles ab, von der Definition \u00fcber praktische Anwendungsf\u00e4lle bis hin zu den besten verf\u00fcgbaren Tools.<\/p>\n\n\n\n<div class=\"wp-block-rank-math-toc-block\" id=\"rank-math-toc\"><h2>Inhalts\u00fcbersicht<\/h2><nav><ul><li><a href=\"#what-is-ai-clothes-changer\">Was ist AI Clothes Changer?<\/a><\/li><li><a href=\"#why-use-ai-clothes-changer\">Warum AI Clothes Changer verwenden?<\/a><\/li><li><a href=\"#main-features-of-ai-clothes-changer\">Hauptmerkmale von AI Clothes Changer<\/a><ul><li><a href=\"#h-3-virtual-outfit-swapping\">H3: Virtueller Outfit-Tausch<\/a><\/li><li><a href=\"#h-3-color-modification\">H3: \u00c4nderung der Farbe<\/a><\/li><li><a href=\"#h-3-style-transfer\">H3: Stil\u00fcbertragung<\/a><\/li><li><a href=\"#h-3-text-to-image-generation\">H3: Text-zu-Bild-Generierung<\/a><\/li><\/ul><\/li><li><a href=\"#who-can-benefit-from-ai-clothes-changer\">Wer kann von AI Clothes Changer profitieren?<\/a><\/li><li><a href=\"#industries-utilizing-ai-clothes-changer\">Branchen, die AI-Kleiderwechsler nutzen<\/a><\/li><li><a href=\"#how-to-use-ai-clothes-changer\">Wie man AI Clothes Changer benutzt<\/a><\/li><li><a href=\"#ai-clothes-changer-use-cases\">AI-Kleiderwechsler Anwendungsf\u00e4lle<\/a><ul><li><a href=\"#h-3-virtual-try-on-for-online-shopping\">H3: Virtuelle Anprobe beim Online-Einkauf<\/a><\/li><li><a href=\"#h-3-fashion-design-prototyping\">H3: Modedesign Prototyping<\/a><\/li><li><a href=\"#h-3-social-media-content-creation\">H3: Erstellung von Inhalten f\u00fcr soziale Medien<\/a><\/li><li><a href=\"#h-3-virtual-makeovers\">H3: Virtuelles Umstyling<\/a><\/li><\/ul><\/li><li><a href=\"#top-10-ai-clothes-changer-tools-and-information\">Top 10 AI-Kleiderwechsler Tools und Informationen<\/a><\/li><li><a href=\"#pros-cons-advantages-challenges-and-recommendations-for-the-ai-clothes-changer-industry\">Pro, Kontra, Vorteile, Herausforderungen und Empfehlungen f\u00fcr die KI-Kleiderwechslerbranche<\/a><\/li><li><a href=\"#pros\">Profis<\/a><ul><li><a href=\"#cons\">Nachteile<\/a><\/li><li><a href=\"#advantages\">Vorteile<\/a><\/li><li><a href=\"#challenges\">Herausforderungen<\/a><\/li><li><a href=\"#recommendations\">Empfehlungen<\/a><\/li><\/ul><\/li><li><a href=\"#frequently-asked-questions-faq\">H\u00e4ufig gestellte Fragen (FAQ)<\/a><\/li><li><a href=\"#conclusion\">Schlussfolgerung<\/a><\/li><\/ul><\/nav><\/div>\n\n\n\n<h3 class=\"wp-block-heading\" id=\"what-is-ai-clothes-changer\">Was ist AI Clothes Changer?<\/h3>\n\n\n\n<p class=\"\">AI Clothes Changer ist eine innovative Technologie, die k\u00fcnstliche Intelligenz nutzt, um Kleidung auf Bildern digital zu ver\u00e4ndern oder zu ersetzen. Mit diesem KI-Tool k\u00f6nnen Nutzer virtuell verschiedene Outfits anprobieren, die Farbe der Kleidung \u00e4ndern und mit verschiedenen Stilen experimentieren, ohne ihre Kleidung physisch zu wechseln.<\/p>\n\n\n\n<h3 class=\"wp-block-heading\" id=\"why-use-ai-clothes-changer\">Warum AI Clothes Changer verwenden?<\/h3>\n\n\n\n<p class=\"\">Die Verwendung eines KI-W\u00e4schewechslers bietet zahlreiche Vorteile:<\/p>\n\n\n\n<ul class=\"wp-block-list\">\n<li class=\"\">Zeitsparend: Schnelles Visualisieren von Outfit\u00e4nderungen ohne physische Anprobe<\/li>\n\n\n\n<li class=\"\">Kosteng\u00fcnstig: Vor dem Kauf mit verschiedenen Modellen experimentieren<\/li>\n\n\n\n<li class=\"\">Kreativit\u00e4tsschub: Entdecken Sie m\u00fchelos neue Modekombinationen<\/li>\n\n\n\n<li class=\"\">Personalisierung: Outfits auf individuelle Vorlieben zuschneiden<\/li>\n\n\n\n<li class=\"\">Nachhaltigkeit: Weniger Abfall durch virtuelle Anprobe von Kleidungsst\u00fccken<\/li>\n<\/ul>\n\n\n\n<h3 class=\"wp-block-heading\" id=\"main-features-of-ai-clothes-changer\">Hauptmerkmale von AI Clothes Changer<\/h3>\n\n\n\n<h4 class=\"wp-block-heading\" id=\"h-3-virtual-outfit-swapping\">H3: Virtueller Outfit-Tausch<\/h4>\n\n\n\n<p class=\"\">Mit AI Clothes Changer k\u00f6nnen Nutzer einfach ein Bild hochladen und mit ein paar Klicks ganze Outfits austauschen.<\/p>\n\n\n\n<h4 class=\"wp-block-heading\" id=\"h-3-color-modification\">H3: \u00c4nderung der Farbe<\/h4>\n\n\n\n<p class=\"\">\u00c4ndern Sie die Farbe von Kleidungsst\u00fccken im Handumdrehen, um verschiedene Varianten desselben Kleidungsst\u00fccks zu visualisieren.<\/p>\n\n\n\n<h4 class=\"wp-block-heading\" id=\"h-3-style-transfer\">H3: Stil\u00fcbertragung<\/h4>\n\n\n\n<p class=\"\">Wenden Sie den Stil eines Outfits auf ein anderes an und schaffen Sie so einzigartige Modekombinationen.<\/p>\n\n\n\n<h4 class=\"wp-block-heading\" id=\"h-3-text-to-image-generation\">H3: Text-zu-Bild-Generierung<\/h4>\n\n\n\n<p class=\"\">Einige fortschrittliche KI-Kleiderwechsler verwenden Textaufforderungen, um v\u00f6llig neue Outfits zu erstellen.<\/p>\n\n\n\n<h3 class=\"wp-block-heading\" id=\"who-can-benefit-from-ai-clothes-changer\">Wer kann von AI Clothes Changer profitieren?<\/h3>\n\n\n\n<ul class=\"wp-block-list\">\n<li class=\"\">Modebegeisterte<\/li>\n\n\n\n<li class=\"\">Online-Eink\u00e4ufer<\/li>\n\n\n\n<li class=\"\">Modedesigner<\/li>\n\n\n\n<li class=\"\">E-Commerce-Unternehmen<\/li>\n\n\n\n<li class=\"\">Influencer in den sozialen Medien<\/li>\n\n\n\n<li class=\"\">Fotografen und Modelle<\/li>\n<\/ul>\n\n\n\n<h3 class=\"wp-block-heading\" id=\"industries-utilizing-ai-clothes-changer\">Branchen, die AI-Kleiderwechsler nutzen<\/h3>\n\n\n\n<ul class=\"wp-block-list\">\n<li class=\"\">Mode-Einzelhandel<\/li>\n\n\n\n<li class=\"\">Elektronischer Gesch\u00e4ftsverkehr<\/li>\n\n\n\n<li class=\"\">Werbung und Marketing<\/li>\n\n\n\n<li class=\"\">Unterhaltung und Medien<\/li>\n\n\n\n<li class=\"\">Pers\u00f6nliche Styling-Dienste<\/li>\n\n\n\n<li class=\"\">Ausbildung im Bereich Mode<\/li>\n<\/ul>\n\n\n\n<h3 class=\"wp-block-heading\" id=\"how-to-use-ai-clothes-changer\">Wie man AI Clothes Changer benutzt<\/h3>\n\n\n\n<ol class=\"wp-block-list\">\n<li class=\"\">W\u00e4hlen Sie ein KI-Kleiderwechsler-Tool (z. B. https:\/\/aiartfree.online\/ai-clothes-changer\/)<\/li>\n\n\n\n<li class=\"\">Laden Sie Ihr Foto hoch oder w\u00e4hlen Sie ein Modellbild aus<\/li>\n\n\n\n<li class=\"\">W\u00e4hlen Sie das gew\u00fcnschte Outfit oder den gew\u00fcnschten Stil<\/li>\n\n\n\n<li class=\"\">Verwenden Sie Textaufforderungen oder visuelle Auswahlen, um \u00c4nderungen festzulegen.<\/li>\n\n\n\n<li class=\"\">Anwenden der AI-generierten \u00c4nderungen<\/li>\n\n\n\n<li class=\"\">Feinabstimmung und Anpassung nach Bedarf<\/li>\n\n\n\n<li class=\"\">Speichern und teilen Sie Ihr transformiertes Bild<\/li>\n<\/ol>\n\n\n\n<h3 class=\"wp-block-heading\" id=\"ai-clothes-changer-use-cases\">AI-Kleiderwechsler Anwendungsf\u00e4lle<\/h3>\n\n\n\n<h4 class=\"wp-block-heading\" id=\"h-3-virtual-try-on-for-online-shopping\">H3: Virtuelle Anprobe beim Online-Einkauf<\/h4>\n\n\n\n<p class=\"\">Die Kunden k\u00f6nnen sich vor dem Kauf ein Bild davon machen, wie die Kleidung an ihnen aussehen wird.<\/p>\n\n\n\n<h4 class=\"wp-block-heading\" id=\"h-3-fashion-design-prototyping\">H3: Modedesign Prototyping<\/h4>\n\n\n\n<p class=\"\">Designer k\u00f6nnen neue Bekleidungsentw\u00fcrfe schnell iterieren und visualisieren.<\/p>\n\n\n\n<h4 class=\"wp-block-heading\" id=\"h-3-social-media-content-creation\">H3: Erstellung von Inhalten f\u00fcr soziale Medien<\/h4>\n\n\n\n<p class=\"\">Influencer k\u00f6nnen abwechslungsreiche Modeinhalte erstellen, ohne zahlreiche Outfitwechsel vornehmen zu m\u00fcssen.<\/p>\n\n\n\n<h4 class=\"wp-block-heading\" id=\"h-3-virtual-makeovers\">H3: Virtuelles Umstyling<\/h4>\n\n\n\n<p class=\"\">Die Benutzer k\u00f6nnen mit verschiedenen Stilen und Looks f\u00fcr private oder berufliche Zwecke experimentieren.<\/p>\n\n\n\n<h3 class=\"wp-block-heading\" id=\"top-10-ai-clothes-changer-tools-and-information\">Top 10 AI-Kleiderwechsler Tools und Informationen<\/h3>\n\n\n\n<figure class=\"wp-block-table\"><table class=\"has-fixed-layout\"><thead><tr><th>Werkzeug\/Website<\/th><th>Profis<\/th><th>Nachteile<\/th><th>Eigenschaften<\/th><th>URL<\/th><\/tr><\/thead><tbody><tr><td>AIArtFree AI-Kleiderwechsler<\/td><td>100% Kostenlos, unbegrenzte Nutzung, keine Anmeldung erforderlich<\/td><td>Kann begrenzte erweiterte Funktionen haben<\/td><td>Einfach zu bedienende Benutzeroberfl\u00e4che, breite Palette an Bekleidungsoptionen<\/td><td><a href=\"https:\/\/aiartfree.online\/de\/ai-kleiderwechsler\/\">https:\/\/aiartfree.online\/ai-clothes-changer\/<\/a><\/td><\/tr><tr><td>DALL-E 2<\/td><td>Leistungsstarke AI-generierte Bilder<\/td><td>Erfordert ein OpenAI-Konto<\/td><td>Text-zu-Bild-Generierung, Stil\u00fcbertragung<\/td><td><a href=\"https:\/\/openai.com\/dall-e-2\" target=\"_blank\" rel=\"noopener\">https:\/\/openai.com\/dall-e-2<\/a><\/td><\/tr><tr><td>Midjourney<\/td><td>Hochwertige AI-generierte Mode<\/td><td>Bezahlter Dienst, Lernkurve<\/td><td>Erweiterte Texteingabeaufforderungen, einzigartiger Stil<\/td><td>https:\/\/www.midjourney.com<\/td><\/tr><tr><td>Stabile Diffusion<\/td><td>Open-Source, anpassbar<\/td><td>Erfordert technische Kenntnisse<\/td><td>Hochgradig flexibel, gemeinschaftsorientiert<\/td><td>https:\/\/stability.ai<\/td><\/tr><tr><td>Dress Up AI<\/td><td>Spezialisiert auf die virtuelle Anprobe<\/td><td>Begrenzte kostenlose Optionen<\/td><td>Realistische Bekleidungssimulation<\/td><td>https:\/\/dressupaionline.com<\/td><\/tr><tr><td>Vue.ai<\/td><td>L\u00f6sung auf Unternehmensebene<\/td><td>Teuer f\u00fcr Einzelpersonen<\/td><td>Erweiterte AI-Funktionen, E-Commerce-Integration<\/td><td>https:\/\/vue.ai<\/td><\/tr><tr><td>Pixlr<\/td><td>Kostenlose Grundfunktionen<\/td><td>Premium-Funktionen erfordern ein Abonnement<\/td><td>Benutzerfreundliche Oberfl\u00e4che, Fotobearbeitungswerkzeuge<\/td><td>https:\/\/pixlr.com<\/td><\/tr><tr><td>Canva<\/td><td>Vielseitige Designplattform<\/td><td>Begrenzte AI-Kleiderwechsel-Funktionen<\/td><td>Einfach zu bedienen, Vorlagen verf\u00fcgbar<\/td><td>https:\/\/www.canva.com<\/td><\/tr><tr><td>Adobe Firefly<\/td><td>Leistungsstarke AI-Bilderzeugung<\/td><td>Erfordert Creative Cloud-Abonnement<\/td><td>Hochwertige Ausgaben, Integration mit Adobe Suite<\/td><td>https:\/\/www.adobe.com\/sensei\/generative-ai\/firefly.html<\/td><\/tr><tr><td>Startbahn ML<\/td><td>Erweiterte KI-Tools f\u00fcr Kreative<\/td><td>Steile Lernkurve<\/td><td>Videobearbeitung, Bilderzeugung<\/td><td>https:\/\/runwayml.com<\/td><\/tr><\/tbody><\/table><\/figure>\n\n\n\n<h3 class=\"wp-block-heading\" id=\"pros-cons-advantages-challenges-and-recommendations-for-the-ai-clothes-changer-industry\">Pro, Kontra, Vorteile, Herausforderungen und Empfehlungen f\u00fcr die KI-Kleiderwechslerbranche<\/h3>\n\n\n\n<h3 class=\"wp-block-heading\" id=\"pros\">Profis<\/h3>\n\n\n\n<ul class=\"wp-block-list\">\n<li class=\"\">Verbessert das Online-Einkaufserlebnis<\/li>\n\n\n\n<li class=\"\">Reduziert die R\u00fcckgabequoten im elektronischen Handel<\/li>\n\n\n\n<li class=\"\">F\u00f6rdert die Kreativit\u00e4t im Modedesign<\/li>\n<\/ul>\n\n\n\n<h4 class=\"wp-block-heading\" id=\"cons\">Nachteile<\/h4>\n\n\n\n<ul class=\"wp-block-list\">\n<li class=\"\">Potenzielle Bedenken hinsichtlich des Datenschutzes bei Nutzerbildern<\/li>\n\n\n\n<li class=\"\">Die Passgenauigkeit in der Realit\u00e4t ist m\u00f6glicherweise nicht immer gegeben.<\/li>\n<\/ul>\n\n\n\n<h4 class=\"wp-block-heading\" id=\"advantages\">Vorteile<\/h4>\n\n\n\n<ul class=\"wp-block-list\">\n<li class=\"\">Nachhaltige Alternative zu physischem Modeabfall<\/li>\n\n\n\n<li class=\"\">Demokratisiert das Experimentieren mit Mode<\/li>\n<\/ul>\n\n\n\n<h4 class=\"wp-block-heading\" id=\"challenges\">Herausforderungen<\/h4>\n\n\n\n<ul class=\"wp-block-list\">\n<li class=\"\">Sicherstellung fotorealistischer Ergebnisse<\/li>\n\n\n\n<li class=\"\">Gleichgewicht zwischen Benutzerfreundlichkeit und erweiterten Funktionen<\/li>\n<\/ul>\n\n\n\n<h4 class=\"wp-block-heading\" id=\"recommendations\">Empfehlungen<\/h4>\n\n\n\n<ul class=\"wp-block-list\">\n<li class=\"\">Investitionen in die Verbesserung der KI-Genauigkeit und des Realismus<\/li>\n\n\n\n<li class=\"\">Vorrang f\u00fcr den Schutz der Privatsph\u00e4re und der Daten der Nutzer<\/li>\n\n\n\n<li class=\"\">Zusammenarbeit mit Modemarken f\u00fcr authentische digitale Kataloge<\/li>\n<\/ul>\n\n\n\n<h3 class=\"wp-block-heading\" id=\"frequently-asked-questions-faq\">H\u00e4ufig gestellte Fragen (FAQ)<\/h3>\n\n\n\n<ol class=\"wp-block-list\">\n<li class=\"\">F: Ist die Nutzung von AI Clothes Changer kostenlos?<br>A: Einige Tools wie AIArtFree bieten 100% kostenlos und unbegrenzt an, w\u00e4hrend andere kostenpflichtige Funktionen haben k\u00f6nnen.<\/li>\n\n\n\n<li class=\"\">F: Muss ich mich anmelden, um einen KI-Kleiderwechsler zu benutzen?<br>A: Nicht immer. Tools wie AIArtFree (https:\/\/aiartfree.online\/ai-clothes-changer\/) bieten Dienste an, f\u00fcr die man sich nicht anmelden muss.<\/li>\n\n\n\n<li class=\"\">F: Kann AI Clothes Changer mit jedem Foto funktionieren?<br>A: Die meisten Tools funktionieren am besten mit klaren, von vorne aufgenommenen Fotos. Die fortgeschrittene KI kann jedoch verschiedene Posen und Hintergr\u00fcnde verarbeiten.<\/li>\n\n\n\n<li class=\"\">F: Wie genau stellen die KI-Kleiderwechsler echte Kleidung dar?<br>A: Die Genauigkeit variiert je nach Tool, aber f\u00fchrende KI-Technologien sind in ihren Darstellungen zunehmend realistisch.<\/li>\n\n\n\n<li class=\"\">F: Kann AI Clothes Changer individuelle Designs erstellen?<br>A: Ja, einige fortschrittliche Tools erm\u00f6glichen es den Benutzern, einzigartige Designs mit Hilfe von Textvorgaben oder von KI-generierten Mustern zu erstellen.<\/li>\n\n\n\n<li class=\"\">F: Ist es m\u00f6glich, mit diesen Werkzeugen nur die Farbe der Kleidung zu \u00e4ndern?<br>A: Auf jeden Fall! Viele KI-Kleiderwechsler bieten die M\u00f6glichkeit, nur die Farbe der vorhandenen Kleidungsst\u00fccke zu \u00e4ndern.<\/li>\n\n\n\n<li class=\"\">F: Gibt es KI-Kleiderwechsler speziell f\u00fcr Modedesigner?<br>A: Ja, Tools wie Vue.ai und Adobe Firefly richten sich mit ihren erweiterten Funktionen an professionelle Designer.<\/li>\n\n\n\n<li class=\"\">F: Kann AI Clothes Changer auch f\u00fcr Videoinhalte verwendet werden?<br>A: Einige fortschrittliche Tools wie Runway ML bieten Videobearbeitungsfunktionen mit KI-Kleiderwechsel-Funktionen.<\/li>\n\n\n\n<li class=\"\">F: Wie gehen AI Clothes Changers mit Accessoires und mehrlagiger Kleidung um?<br>A: Anspruchsvollere KI-Tools k\u00f6nnen komplexe Outfits, einschlie\u00dflich Accessoires und Schichten, verwalten, aber einfachere Tools haben m\u00f6glicherweise Grenzen.<\/li>\n\n\n\n<li class=\"\">F: Gibt es ethische Bedenken beim Einsatz von KI-Kleiderwechslern?<br>A: Die Hauptbedenken betreffen den Schutz der Nutzerdaten und den m\u00f6glichen Missbrauch zur Erstellung irref\u00fchrender Bilder. Es ist wichtig, diese Tools verantwortungsvoll zu nutzen.<\/li>\n<\/ol>\n\n\n\n<h3 class=\"wp-block-heading\" id=\"conclusion\">Schlussfolgerung<\/h3>\n\n\n\n<p class=\"\">Die KI-Kleiderwechslertechnologie revolutioniert die Modebranche und bietet beispiellose M\u00f6glichkeiten f\u00fcr Kreativit\u00e4t, Nachhaltigkeit und Personalisierung. Von einzelnen Nutzern bis hin zu gro\u00dfen Modemarken - die Anwendungen sind vielf\u00e4ltig und wirkungsvoll. Tools wie der AI Clothes Changer von AIArtFree (https:\/\/aiartfree.online\/ai-clothes-changer\/) sind f\u00fcr viele die erste Wahl, um diese aufregende Technologie zu erforschen - kostenlos und benutzerfreundlich. Ganz gleich, ob Sie Modebegeisterter, Designer oder E-Commerce-Profi sind, die Nutzung von AI Clothes Changer kann Ihr Modeerlebnis und Ihren Workflow erheblich verbessern. Experimentieren Sie noch heute mit diesem innovativen KI-Fotoeditor und ver\u00e4ndern Sie Ihren Umgang mit Mode!<\/p>\n\n\n\n<p class=\"\"><\/p>","protected":false},"excerpt":{"rendered":"<p>Before vs After How to use the AI Clothes Changer * Feel free to try our examples below if you don&#8217;t have any thoughts in your mind *&nbsp;Depending on your internet speed, loading the model may take up to 10 seconds \u2193 AI Clothes Changer: The Ultimate Guide to Virtual Fashion Transformation This comprehensive guide &#8230; <a title=\"AI-Kleiderwechsler\" class=\"read-more\" href=\"https:\/\/aiartfree.online\/de\/ai-kleiderwechsler\/\" aria-label=\"Mehr Informationen \u00fcber AI Clothes Changer\">Weiterlesen<\/a><\/p>","protected":false},"author":1,"featured_media":3386,"parent":0,"menu_order":0,"comment_status":"open","ping_status":"closed","template":"","meta":{"nf_dc_page":"","footnotes":""},"class_list":["post-3382","page","type-page","status-publish","has-post-thumbnail"],"jetpack_sharing_enabled":true,"_links":{"self":[{"href":"https:\/\/aiartfree.online\/de\/wp-json\/wp\/v2\/pages\/3382","targetHints":{"allow":["GET"]}}],"collection":[{"href":"https:\/\/aiartfree.online\/de\/wp-json\/wp\/v2\/pages"}],"about":[{"href":"https:\/\/aiartfree.online\/de\/wp-json\/wp\/v2\/types\/page"}],"author":[{"embeddable":true,"href":"https:\/\/aiartfree.online\/de\/wp-json\/wp\/v2\/users\/1"}],"replies":[{"embeddable":true,"href":"https:\/\/aiartfree.online\/de\/wp-json\/wp\/v2\/comments?post=3382"}],"version-history":[{"count":0,"href":"https:\/\/aiartfree.online\/de\/wp-json\/wp\/v2\/pages\/3382\/revisions"}],"wp:featuredmedia":[{"embeddable":true,"href":"https:\/\/aiartfree.online\/de\/wp-json\/wp\/v2\/media\/3386"}],"wp:attachment":[{"href":"https:\/\/aiartfree.online\/de\/wp-json\/wp\/v2\/media?parent=3382"}],"curies":[{"name":"wp","href":"https:\/\/api.w.org\/{rel}","templated":true}]}}