{"id":3366,"date":"2024-07-31T07:54:51","date_gmt":"2024-07-31T07:54:51","guid":{"rendered":"https:\/\/aiartfree.online\/?page_id=3366"},"modified":"2024-08-02T10:41:37","modified_gmt":"2024-08-02T10:41:37","slug":"ai-background-generator","status":"publish","type":"page","link":"https:\/\/aiartfree.online\/de\/ai-hintergrund-generator\/","title":{"rendered":"AI-Hintergrund-Generator"},"content":{"rendered":"<h2 class=\"wp-block-heading has-text-align-center\" id=\"before-vs-after\">Vorher vs. Nachher<\/h2>\n\n\n\n<figure class=\"gb-block-image gb-block-image-1822da1f\"><img data-recalc-dims=\"1\" decoding=\"async\" loading=\"lazy\" width=\"1200\" height=\"423\" class=\"gb-image gb-image-1822da1f\" src=\"https:\/\/i0.wp.com\/aiartfree.online\/wp-content\/uploads\/2024\/07\/WX20240731-145349%402x-scaled.webp?resize=1200%2C423&#038;ssl=1\" alt=\"AI Hintergrund-Generator | Kostenloser Hintergrund-Wechsler, Unbegrenzt\" title=\"WX20240731-145349@2x\" srcset=\"https:\/\/i0.wp.com\/aiartfree.online\/wp-content\/uploads\/2024\/07\/WX20240731-145349%402x-scaled.webp?w=2560&amp;ssl=1 2560w, https:\/\/i0.wp.com\/aiartfree.online\/wp-content\/uploads\/2024\/07\/WX20240731-145349%402x-scaled.webp?resize=300%2C106&amp;ssl=1 300w, https:\/\/i0.wp.com\/aiartfree.online\/wp-content\/uploads\/2024\/07\/WX20240731-145349%402x-scaled.webp?resize=1024%2C361&amp;ssl=1 1024w, https:\/\/i0.wp.com\/aiartfree.online\/wp-content\/uploads\/2024\/07\/WX20240731-145349%402x-scaled.webp?resize=768%2C271&amp;ssl=1 768w, https:\/\/i0.wp.com\/aiartfree.online\/wp-content\/uploads\/2024\/07\/WX20240731-145349%402x-scaled.webp?resize=1536%2C541&amp;ssl=1 1536w, https:\/\/i0.wp.com\/aiartfree.online\/wp-content\/uploads\/2024\/07\/WX20240731-145349%402x-scaled.webp?resize=2048%2C721&amp;ssl=1 2048w, https:\/\/i0.wp.com\/aiartfree.online\/wp-content\/uploads\/2024\/07\/WX20240731-145349%402x-scaled.webp?resize=18%2C6&amp;ssl=1 18w, https:\/\/i0.wp.com\/aiartfree.online\/wp-content\/uploads\/2024\/07\/WX20240731-145349%402x-scaled.webp?resize=600%2C211&amp;ssl=1 600w, https:\/\/i0.wp.com\/aiartfree.online\/wp-content\/uploads\/2024\/07\/WX20240731-145349%402x-scaled.webp?w=2400&amp;ssl=1 2400w\" sizes=\"auto, (max-width: 1200px) 100vw, 1200px\" \/><\/figure>\n\n\n\n<h2 class=\"wp-block-heading\" id=\"how-to-use-the-ai-background-generator\">So verwenden Sie den AI Background Generator<\/h2>\n\n\n\n<ol class=\"wp-block-list\">\n<li class=\"\">Drop oder Upload Ihres Bildes<\/li>\n\n\n\n<li class=\"\">Geben Sie Ihre Eingabeaufforderung ein (W\u00e4hlen Sie <strong>Hintergrund entfernen<\/strong> wenn Ihr Bild einen Hintergrund hat, um ein besseres Ergebnis zu erzielen)<\/li>\n\n\n\n<li class=\"\">Klicken Sie auf \"Erzeugen\".<\/li>\n\n\n\n<li class=\"\">Moment, das ist es!<\/li>\n<\/ol>\n\n\n\n<p class=\"\">* Probieren Sie unsere Beispiele aus, wenn Ihnen noch nichts einf\u00e4llt<\/p>\n\n\n\n<p class=\"\"><em>* Je nach Ihrer Internetgeschwindigkeit kann das Laden des Modells einige Sekunden dauern.<br>* W\u00e4hrend der kontinuierlichen Generierung werden die Bilder zwischengespeichert, und das neue Bild wird nach etwa 3 Sekunden angezeigt.<\/em><\/p>\n\n\n<div class=\"gb-container gb-container-968be51b\">\n\n<div class=\"iframe-wrapper\" style=\"position: relative; width: 100%; height: 2650px;\">\n  <div class=\"loading\" style=\"position: absolute; top: 100px; left: 50%; transform: translate(-50%, -50%); width: 40px; height: 40px; border: 3px solid #f0f0f0; border-top: 3px solid #db7093; border-radius: 50%; animation: spin 1s linear infinite;\"><\/div>\n  <iframe loading=\"lazy\" src=\"https:\/\/fotographerai-fai-fuzer.hf.space\" frameborder=\"0\" width=\"100%\" height=\"100%\" style=\"position: absolute; top: 0; left: 0; opacity: 0; transition: opacity 0.3s;\" onload=\"this.style.opacity=1;this.previousElementSibling.style.display='none';\"><\/iframe>\n<\/div>\n\n<style>\n@keyframes spin {\n  0% { transform: translate(-50%, -50%) rotate(0deg); }\n  100% { transform: translate(-50%, -50%) rotate(360deg); }\n}\n<\/style>\n\n<\/div>\n\n\n<div style=\"height:100px\" aria-hidden=\"true\" class=\"wp-block-spacer\"><\/div>\n\n\n\n<h2 class=\"wp-block-heading\" id=\"ai-background-generator-revolutionizing-image-creation\">AI-Hintergrund-Generator: Revolutionierung der Bilderstellung<\/h2>\n\n\n\n<p class=\"\">Dieser Artikel besch\u00e4ftigt sich mit der Welt der KI-Hintergrundgeneratoren, ihren Vorteilen und wie sie die digitale Bildbearbeitung ver\u00e4ndern. Wir behandeln alles von grundlegenden Konzepten bis hin zu fortgeschrittenen Anwendungen und helfen Ihnen zu verstehen, warum dieses Tool f\u00fcr Kreative und Unternehmen gleicherma\u00dfen unverzichtbar wird.<\/p>\n\n\n\n<div class=\"wp-block-rank-math-toc-block\" id=\"rank-math-toc\"><h3>Inhalts\u00fcbersicht<\/h3><nav><ul><li><a href=\"#what-is-an-ai-background-generator\">Was ist ein AI Background Generator?<\/a><\/li><li><a href=\"#why-use-an-ai-background-generator\">Warum einen AI-Hintergrundgenerator verwenden?<\/a><\/li><li><a href=\"#main-features-of-ai-background-generators\">Hauptmerkmale der AI-Hintergrundgeneratoren<\/a><ul><li><a href=\"#1-image-generation-from-text\">1. Bilderzeugung aus Text<\/a><\/li><li><a href=\"#2-style-transfer\">2. Stil\u00fcbertragung<\/a><\/li><li><a href=\"#3-background-removal-and-replacement\">3. Entfernen und Ersetzen des Hintergrunds<\/a><\/li><li><a href=\"#4-resolution-enhancement\">4. Verbesserung der Aufl\u00f6sung<\/a><\/li><\/ul><\/li><li><a href=\"#who-should-use-ai-background-generators\">Wer sollte AI-Hintergrundgeneratoren verwenden?<\/a><\/li><li><a href=\"#industries-benefiting-from-ai-background-generators\">Branchen, die von KI-Hintergrundgeneratoren profitieren<\/a><\/li><li><a href=\"#how-to-use-an-ai-background-generator\">Wie man einen AI-Hintergrundgenerator verwendet<\/a><\/li><li><a href=\"#use-cases-for-ai-background-generators\">Anwendungsf\u00e4lle f\u00fcr AI-Hintergrundgeneratoren<\/a><ul><li><a href=\"#e-commerce-product-images\">E-Commerce Produktbilder<\/a><\/li><li><a href=\"#social-media-content\">Inhalt der sozialen Medien<\/a><\/li><li><a href=\"#video-production\">Video-Produktion<\/a><\/li><li><a href=\"#website-design\">Website-Design<\/a><\/li><\/ul><\/li><li><a href=\"#10-ai-background-generator-tools-pros-cons-and-features\">10 AI Background Generator Tools: Vorteile, Nachteile und Funktionen<\/a><\/li><li><a href=\"#advantages-challenges-and-recommendations-for-the-ai-background-generation-industry\">Vorteile, Herausforderungen und Empfehlungen f\u00fcr die KI-Hintergrunderzeugungsbranche<\/a><ul><li><a href=\"#advantages\">Vorteile<\/a><\/li><li><a href=\"#challenges\">Herausforderungen<\/a><\/li><li><a href=\"#recommendations\">Empfehlungen<\/a><\/li><\/ul><\/li><li><a href=\"#faq\">FAQ<\/a><\/li><li><a href=\"#conclusion\">Schlussfolgerung<\/a><\/li><\/ul><\/nav><\/div>\n\n\n\n<h3 class=\"wp-block-heading\" id=\"what-is-an-ai-background-generator\">Was ist ein AI Background Generator?<\/h3>\n\n\n\n<p class=\"\">Ein KI-Hintergrundgenerator ist ein hochmodernes Tool, das k\u00fcnstliche Intelligenz nutzt, um beeindruckende, einzigartige Hintergr\u00fcnde f\u00fcr verschiedene digitale Projekte zu erstellen. Mit dieser Technologie Nr. 1 k\u00f6nnen Benutzer hochwertige Bilder erstellen, ohne dass sie \u00fcber umfassende Grafikdesign-Kenntnisse oder teure Software verf\u00fcgen m\u00fcssen.<\/p>\n\n\n\n<h3 class=\"wp-block-heading\" id=\"why-use-an-ai-background-generator\">Warum einen AI-Hintergrundgenerator verwenden?<\/h3>\n\n\n\n<p class=\"\">Die Verwendung eines KI-Hintergrundgenerators bietet zahlreiche Vorteile:<\/p>\n\n\n\n<ol class=\"wp-block-list\">\n<li class=\"\">Zeitsparend: Hintergr\u00fcnde in Sekundenschnelle generieren<\/li>\n\n\n\n<li class=\"\">Kosteng\u00fcnstig: Viele Optionen sind 100% kostenlos und unbegrenzt<\/li>\n\n\n\n<li class=\"\">Vielseitig: Erstellen Sie Hintergr\u00fcnde f\u00fcr verschiedene Zwecke<\/li>\n\n\n\n<li class=\"\">Keine Designkenntnisse erforderlich: KI \u00fcbernimmt die schwere Arbeit<\/li>\n\n\n\n<li class=\"\">Anpassbar: Anpassung der Ausgaben an Ihre spezifischen Bed\u00fcrfnisse<\/li>\n<\/ol>\n\n\n\n<h3 class=\"wp-block-heading\" id=\"main-features-of-ai-background-generators\">Hauptmerkmale der AI-Hintergrundgeneratoren<\/h3>\n\n\n\n<h4 class=\"wp-block-heading\" id=\"1-image-generation-from-text\">1. Bilderzeugung aus Text<\/h4>\n\n\n\n<p class=\"\">KI-Hintergrundgeneratoren k\u00f6nnen Bilder auf der Grundlage von Textbeschreibungen erstellen und erm\u00f6glichen so unglaublich spezifische und individuelle Ergebnisse.<\/p>\n\n\n\n<h4 class=\"wp-block-heading\" id=\"2-style-transfer\">2. Stil\u00fcbertragung<\/h4>\n\n\n\n<p class=\"\">Wenden Sie k\u00fcnstlerische Stile auf vorhandene Bilder an oder erstellen Sie neue Bilder in bestimmten Stilen, von fotorealistisch bis abstrakt.<\/p>\n\n\n\n<h4 class=\"wp-block-heading\" id=\"3-background-removal-and-replacement\">3. Entfernen und Ersetzen des Hintergrunds<\/h4>\n\n\n\n<p class=\"\">Einfaches Entfernen und \u00c4ndern des Hintergrunds von Fotos, ideal f\u00fcr Produktbilder oder Portr\u00e4ts.<\/p>\n\n\n\n<h4 class=\"wp-block-heading\" id=\"4-resolution-enhancement\">4. Verbesserung der Aufl\u00f6sung<\/h4>\n\n\n\n<p class=\"\">Skalieren und verbessern Sie die Qualit\u00e4t vorhandener Bilder oder erstellen Sie hochaufl\u00f6sende Hintergr\u00fcnde von Grund auf neu.<\/p>\n\n\n\n<h3 class=\"wp-block-heading\" id=\"who-should-use-ai-background-generators\">Wer sollte AI-Hintergrundgeneratoren verwenden?<\/h3>\n\n\n\n<ul class=\"wp-block-list\">\n<li class=\"\">Grafikdesigner<\/li>\n\n\n\n<li class=\"\">Vermarkter sozialer Medien<\/li>\n\n\n\n<li class=\"\">E-Commerce-Unternehmen<\/li>\n\n\n\n<li class=\"\">Spieleentwickler (z. B. f\u00fcr Dnd-Hintergrundgenerator-KI)<\/li>\n\n\n\n<li class=\"\">Ersteller von Inhalten<\/li>\n\n\n\n<li class=\"\">Fotografen<\/li>\n<\/ul>\n\n\n\n<h3 class=\"wp-block-heading\" id=\"industries-benefiting-from-ai-background-generators\">Branchen, die von KI-Hintergrundgeneratoren profitieren<\/h3>\n\n\n\n<ul class=\"wp-block-list\">\n<li class=\"\">Werbung und Marketing<\/li>\n\n\n\n<li class=\"\">E-Commerce und Produktfotografie<\/li>\n\n\n\n<li class=\"\">Spiele und Unterhaltung<\/li>\n\n\n\n<li class=\"\">Immobilien<\/li>\n\n\n\n<li class=\"\">Mode und Lebensstil<\/li>\n\n\n\n<li class=\"\">Bildung und e-learning<\/li>\n<\/ul>\n\n\n\n<h3 class=\"wp-block-heading\" id=\"how-to-use-an-ai-background-generator\">Wie man einen AI-Hintergrundgenerator verwendet<\/h3>\n\n\n\n<ol class=\"wp-block-list\">\n<li class=\"\">W\u00e4hlen Sie ein zuverl\u00e4ssiges AI-Hintergrundgenerator-Tool<\/li>\n\n\n\n<li class=\"\">W\u00e4hlen Sie die gew\u00fcnschte Funktion (z. B. neues Bild erzeugen, Hintergrund entfernen)<\/li>\n\n\n\n<li class=\"\">Textbeschreibung eingeben oder ein Bild hochladen<\/li>\n\n\n\n<li class=\"\">Einstellungen nach Bedarf anpassen<\/li>\n\n\n\n<li class=\"\">Erzeugen Sie den Hintergrund<\/li>\n\n\n\n<li class=\"\">Laden Sie Ihren neuen Hintergrund herunter und verwenden Sie ihn<\/li>\n<\/ol>\n\n\n\n<h3 class=\"wp-block-heading\" id=\"use-cases-for-ai-background-generators\">Anwendungsf\u00e4lle f\u00fcr AI-Hintergrundgeneratoren<\/h3>\n\n\n\n<h4 class=\"wp-block-heading\" id=\"e-commerce-product-images\">E-Commerce Produktbilder<\/h4>\n\n\n\n<p class=\"\">Erstellen Sie professionell aussehende Produktbilder mit von ai generierten sch\u00f6nen Blumenbildern mit unscharfem Hintergrund oder anderen geeigneten Kontexten.<\/p>\n\n\n\n<h4 class=\"wp-block-heading\" id=\"social-media-content\">Inhalt der sozialen Medien<\/h4>\n\n\n\n<p class=\"\">Erstellen Sie auff\u00e4llige Hintergr\u00fcnde f\u00fcr Beitr\u00e4ge, Geschichten und Anzeigen.<\/p>\n\n\n\n<h4 class=\"wp-block-heading\" id=\"video-production\">Video-Produktion<\/h4>\n\n\n\n<p class=\"\">Erstellen Sie einzigartige Kulissen f\u00fcr Videoprojekte, virtuelle Sets oder Greenscreen-Ersatz.<\/p>\n\n\n\n<h4 class=\"wp-block-heading\" id=\"website-design\">Website-Design<\/h4>\n\n\n\n<p class=\"\">Entwickeln Sie individuelle Hintergr\u00fcnde f\u00fcr Webseiten, Kopfzeilen und Banner.<\/p>\n\n\n\n<h3 class=\"wp-block-heading\" id=\"10-ai-background-generator-tools-pros-cons-and-features\">10 AI Background Generator Tools: Vorteile, Nachteile und Funktionen<\/h3>\n\n\n\n<figure class=\"wp-block-table\"><table class=\"has-fixed-layout\"><thead><tr><th>Werkzeug<\/th><th>Profis<\/th><th>Nachteile<\/th><th>Eigenschaften<\/th><th>URL<\/th><\/tr><\/thead><tbody><tr><td>AIArtFree<\/td><td>100% Kostenlos, keine Anmeldung, unbegrenzte Nutzung<\/td><td>Eingeschr\u00e4nkte erweiterte Funktionen<\/td><td>AI-Hintergrundgenerator, Hintergrundentfernung<\/td><td><a href=\"https:\/\/aiartfree.online\/de\/ai-hintergrund-generator\/\">https:\/\/aiartfree.online\/ai-background-generator\/<\/a><\/td><\/tr><tr><td>DALL-E 2<\/td><td>Hochwertige Ausgaben, vielseitig<\/td><td>Kostenpflichtiger Dienst, OpenAI-Konto erforderlich<\/td><td>Text-zu-Bild-Generierung, Bildbearbeitung<\/td><td><a href=\"https:\/\/openai.com\/dall-e-2\" target=\"_blank\" rel=\"noreferrer noopener\">https:\/\/openai.com\/dall-e-2<\/a><\/td><\/tr><tr><td>Midjourney<\/td><td>K\u00fcnstlerische Leistungen, gemeinschaftsorientiert<\/td><td>Kostenpflichtiger Dienst, Discord-basierte Schnittstelle<\/td><td>Text-zu-Bild-Generierung, Stilanpassung<\/td><td>https:\/\/www.midjourney.com<\/td><\/tr><tr><td>Stabile Diffusion<\/td><td>Open-Source, anpassbar<\/td><td>Erfordert technische Kenntnisse zur Einrichtung<\/td><td>Text-zu-Bild-Generierung, Bild-zu-Bild-\u00dcbersetzung<\/td><td>https:\/\/stability.ai<\/td><\/tr><tr><td>Canva<\/td><td>Benutzerfreundliche Oberfl\u00e4che, integrierte Entwurfswerkzeuge<\/td><td>Begrenzte AI-Funktionen in der kostenlosen Version<\/td><td>Hintergrundentfernung, Bilderzeugung (mit Magic Studio)<\/td><td>https:\/\/www.canva.com<\/td><\/tr><tr><td>Entfernen.bg<\/td><td>Spezialisiert auf Hintergrundentfernung, API verf\u00fcgbar<\/td><td>Nur auf die Entfernung des Hintergrunds beschr\u00e4nkt<\/td><td>Automatische Hintergrundentfernung, Personenerkennung<\/td><td>https:\/\/www.remove.bg<\/td><\/tr><tr><td>Pixlr<\/td><td>Kostenlose Basisversion, webbasiert<\/td><td>Erweiterte Funktionen erfordern ein Abonnement<\/td><td>AI-Hintergrundentfernung, Bildbearbeitungswerkzeuge<\/td><td>https:\/\/pixlr.com<\/td><\/tr><tr><td>FotoRaum<\/td><td>Mobilfreundlich, Gut f\u00fcr Produktfotos<\/td><td>Alle Funktionen erfordern ein Abonnement<\/td><td>Hintergrundentfernung, Objektentfernung, AI-Bilderzeugung<\/td><td>https:\/\/www.photoroom.com<\/td><\/tr><tr><td>Kunstz\u00fcchter<\/td><td>Einzigartige Bild\u00fcberblendungsfunktionen<\/td><td>Lernkurve f\u00fcr beste Ergebnisse<\/td><td>Bildmischung, Stil\u00fcbertragung<\/td><td>https:\/\/www.artbreeder.com<\/td><\/tr><tr><td>Fotor<\/td><td>Einfach zu bedienen, mehrere AI-Tools<\/td><td>Einige Funktionen sind hinter einer Bezahlschranke gesperrt<\/td><td>Hintergrundentfernung, AI Art Generator, Fotoeffekte<\/td><td>https:\/\/www.fotor.com<\/td><\/tr><\/tbody><\/table><figcaption class=\"wp-element-caption\">Diese Tabelle bietet einen umfassenden \u00dcberblick \u00fcber verschiedene AI-Hintergrundgeneratoren, einschlie\u00dflich ihrer Vor- und Nachteile, Hauptmerkmale und URLs.<\/figcaption><\/figure>\n\n\n\n<h3 class=\"wp-block-heading\" id=\"advantages-challenges-and-recommendations-for-the-ai-background-generation-industry\">Vorteile, Herausforderungen und Empfehlungen f\u00fcr die KI-Hintergrunderzeugungsbranche<\/h3>\n\n\n\n<h4 class=\"wp-block-heading\" id=\"advantages\">Vorteile<\/h4>\n\n\n\n<ul class=\"wp-block-list\">\n<li class=\"\">Rasche Innovation in der KI-Technologie<\/li>\n\n\n\n<li class=\"\">Steigende Nachfrage in verschiedenen Sektoren<\/li>\n\n\n\n<li class=\"\">Potenzial f\u00fcr die Integration mit anderen KI-Tools<\/li>\n<\/ul>\n\n\n\n<h4 class=\"wp-block-heading\" id=\"challenges\">Herausforderungen<\/h4>\n\n\n\n<ul class=\"wp-block-list\">\n<li class=\"\">Urheberrecht und ethische Bedenken<\/li>\n\n\n\n<li class=\"\">Sicherstellung von Bildqualit\u00e4t und Konsistenz<\/li>\n\n\n\n<li class=\"\">Ausgleich zwischen Automatisierung und menschlicher Kreativit\u00e4t<\/li>\n<\/ul>\n\n\n\n<h4 class=\"wp-block-heading\" id=\"recommendations\">Empfehlungen<\/h4>\n\n\n\n<ul class=\"wp-block-list\">\n<li class=\"\">Schwerpunkt auf benutzerfreundlichen Schnittstellen<\/li>\n\n\n\n<li class=\"\">Entwicklung branchenspezifischer Funktionen<\/li>\n\n\n\n<li class=\"\">Vorrang f\u00fcr ethische KI-Praktiken und Transparenz<\/li>\n<\/ul>\n\n\n\n<h3 class=\"wp-block-heading\" id=\"faq\">FAQ<\/h3>\n\n\n\n<ol class=\"wp-block-list\">\n<li class=\"\">Wie erzeugt man einen AI-Hintergrund in Photoshop?<br>Photoshop bietet zwar einige KI-Funktionen, aber die Verwendung eines speziellen Tools wie https:\/\/aiartfree.online\/ai-background-generator\/ ist schneller, einfacher und kostenlos.<\/li>\n\n\n\n<li class=\"\">Wie erzeugt man einen AI-Hintergrund in Photoshop?<br>Anstatt Photoshop zu verwenden, k\u00f6nnen Sie unseren kostenlosen AI-Hintergrundgenerator ausprobieren, um schnellere und einfachere Ergebnisse zu erzielen.<\/li>\n\n\n\n<li class=\"\">Wie kann AI einen Hintergrund erzeugen?<br>Besuchen Sie https:\/\/aiartfree.online\/ai-background-generator\/, geben Sie Ihre gew\u00fcnschte Beschreibung ein oder laden Sie ein Bild hoch, und lassen Sie die KI einen Hintergrund f\u00fcr Sie erstellen.<\/li>\n\n\n\n<li class=\"\">Kann ich AI-generierte Hintergr\u00fcnde kommerziell nutzen?<br>Das h\u00e4ngt vom jeweiligen Tool und seinen Nutzungsbedingungen ab. Pr\u00fcfen Sie vor der kommerziellen Nutzung immer die Lizenzvereinbarung.<\/li>\n\n\n\n<li class=\"\">Sind AI-Hintergrundgeneratoren kostenlos?<br>Viele Tools bieten kostenlose Optionen an, wie unser kostenloser und unbegrenzter Generator 100% auf https:\/\/aiartfree.online\/ai-background-generator\/.<\/li>\n\n\n\n<li class=\"\">K\u00f6nnen KI-Hintergrundgeneratoren realistische Bilder erzeugen?<br>Ja, viele KI-Tools k\u00f6nnen sehr realistische Hintergr\u00fcnde und Bilder erstellen.<\/li>\n\n\n\n<li class=\"\">Wie entferne ich den Hintergrund aus einem vorhandenen Bild?<br>Die meisten AI-Hintergrundgeneratoren bieten Funktionen zum Entfernen des Hintergrunds. Laden Sie einfach Ihr Bild hoch und w\u00e4hlen Sie die Option \"Hintergrund entfernen\".<\/li>\n\n\n\n<li class=\"\">Kann ich Hintergr\u00fcnde f\u00fcr bestimmte Themen wie Fantasy oder Science-Fiction erstellen?<br>Unbedingt! KI-Generatoren k\u00f6nnen auf der Grundlage Ihrer Textbeschreibungen Hintergr\u00fcnde f\u00fcr verschiedene Themen erstellen.<\/li>\n\n\n\n<li class=\"\">Gibt es irgendwelche Einschr\u00e4nkungen f\u00fcr KI-generierte Hintergr\u00fcnde?<br>KI-Generatoren sind zwar leistungsf\u00e4hig, k\u00f6nnen aber manchmal Ungereimtheiten oder unrealistische Elemente erzeugen. \u00dcberpr\u00fcfen Sie die Ergebnisse immer und bearbeiten Sie sie gegebenenfalls.<\/li>\n\n\n\n<li class=\"\">Wie kann ich die Einzigartigkeit meiner KI-generierten Hintergr\u00fcnde sicherstellen?<br>Verwenden Sie bestimmte Vorgaben, kombinieren Sie mehrere Generationen oder f\u00fcgen Sie eine pers\u00f6nliche Note hinzu, um Ihre Hintergr\u00fcnde wirklich einzigartig zu machen.<\/li>\n<\/ol>\n\n\n\n<h3 class=\"wp-block-heading\" id=\"conclusion\">Schlussfolgerung<\/h3>\n\n\n\n<p class=\"\">KI-Hintergrundgeneratoren revolutionieren die Art und Weise, wie wir digitale Bilder erstellen und bearbeiten. Mit Tools wie https:\/\/aiartfree.online\/ai-background-generator\/, die 100% kostenlos, unbegrenzt und ohne Anmeldung anbieten, ist es einfacher denn je, atemberaubendes Bildmaterial f\u00fcr jedes Projekt zu erstellen. Egal, ob Sie ein professioneller Designer oder ein Gelegenheitsdesigner sind, AI-Hintergrundgeneratoren bieten eine zug\u00e4ngliche, effiziente und leistungsstarke L\u00f6sung f\u00fcr Ihre Bildanforderungen. Testen Sie noch heute einen und erleben Sie die Zukunft der digitalen Kreativit\u00e4t!<\/p>","protected":false},"excerpt":{"rendered":"<p>Before vs After How to use the AI Background Generator * Feel free to try our examples below if you don&#8217;t have any thoughts in your mind *&nbsp;Depending on your internet speed, loading the model may take a few seconds.* There will be caching during continuous generation, and the new image will appear after about &#8230; <a title=\"AI-Hintergrund-Generator\" class=\"read-more\" href=\"https:\/\/aiartfree.online\/de\/ai-hintergrund-generator\/\" aria-label=\"Mehr Informationen \u00fcber AI Background Generator\">Weiterlesen<\/a><\/p>","protected":false},"author":1,"featured_media":3377,"parent":0,"menu_order":0,"comment_status":"open","ping_status":"closed","template":"","meta":{"nf_dc_page":"","footnotes":""},"class_list":["post-3366","page","type-page","status-publish","has-post-thumbnail"],"jetpack_sharing_enabled":true,"_links":{"self":[{"href":"https:\/\/aiartfree.online\/de\/wp-json\/wp\/v2\/pages\/3366","targetHints":{"allow":["GET"]}}],"collection":[{"href":"https:\/\/aiartfree.online\/de\/wp-json\/wp\/v2\/pages"}],"about":[{"href":"https:\/\/aiartfree.online\/de\/wp-json\/wp\/v2\/types\/page"}],"author":[{"embeddable":true,"href":"https:\/\/aiartfree.online\/de\/wp-json\/wp\/v2\/users\/1"}],"replies":[{"embeddable":true,"href":"https:\/\/aiartfree.online\/de\/wp-json\/wp\/v2\/comments?post=3366"}],"version-history":[{"count":0,"href":"https:\/\/aiartfree.online\/de\/wp-json\/wp\/v2\/pages\/3366\/revisions"}],"wp:featuredmedia":[{"embeddable":true,"href":"https:\/\/aiartfree.online\/de\/wp-json\/wp\/v2\/media\/3377"}],"wp:attachment":[{"href":"https:\/\/aiartfree.online\/de\/wp-json\/wp\/v2\/media?parent=3366"}],"curies":[{"name":"wp","href":"https:\/\/api.w.org\/{rel}","templated":true}]}}