{"id":3351,"date":"2024-07-30T17:07:44","date_gmt":"2024-07-30T17:07:44","guid":{"rendered":"https:\/\/aiartfree.online\/?page_id=3351"},"modified":"2024-08-16T10:09:07","modified_gmt":"2024-08-16T10:09:07","slug":"ai-voice-generator","status":"publish","type":"page","link":"https:\/\/aiartfree.online\/de\/ki-stimmengenerator\/","title":{"rendered":"AI-Stimmengenerator"},"content":{"rendered":"<h2 class=\"wp-block-heading\" id=\"how-to-use-the-ai-voice-generator\">So verwenden Sie den AI Voice Generator<\/h2>\n\n\n\n<ol class=\"wp-block-list\">\n<li class=\"\">Geben Sie Ihren Text ein<\/li>\n\n\n\n<li class=\"\">W\u00e4hlen Sie eine Stimme<\/li>\n\n\n\n<li class=\"\">Klicken Sie auf \"Abschicken\".<\/li>\n\n\n\n<li class=\"\">Moment, das ist es!<\/li>\n<\/ol>\n\n\n\n<p class=\"\">* Probieren Sie unsere Beispiele aus, wenn Ihnen noch nichts einf\u00e4llt<\/p>\n\n\n\n<p class=\"\"><em>* Abh\u00e4ngig von Ihrer Internetgeschwindigkeit kann das Laden des Modells <\/em>bis zu 10 Sekunden \u2193<\/p>\n\n\n\n<div class=\"iframe-wrapper\" style=\"position: relative; width: 100%; height: 1000px;\">\n  <div class=\"loading\" style=\"position: absolute; top: 50px; left: 50%; transform: translate(-50%, -50%); width: 40px; height: 40px; border: 3px solid #f0f0f0; border-top: 3px solid #db7093; border-radius: 50%; animation: spin 1s linear infinite;\"><\/div>\n  <iframe loading=\"lazy\" src=\"https:\/\/innoai-edge-tts-text-to-speech.hf.space\" frameborder=\"0\" width=\"100%\" height=\"100%\" style=\"position: absolute; top: 0; left: 0; opacity: 0; transition: opacity 0.3s;\" onload=\"this.style.opacity=1;this.previousElementSibling.style.display='none';\"><\/iframe>\n<\/div>\n\n<style>\n@keyframes spin {\n  0% { transform: translate(-50%, -50%) rotate(0deg); }\n  100% { transform: translate(-50%, -50%) rotate(360deg); }\n}\n<\/style>\n\n\n\n<div style=\"height:80px\" aria-hidden=\"true\" class=\"wp-block-spacer\"><\/div>\n\n\n\n<h2 class=\"wp-block-heading\" id=\"the-ultimate-guide-to-ai-voice-generators\">Der ultimative Leitfaden f\u00fcr AI-Stimmengeneratoren<\/h2>\n\n\n\n<h3 class=\"wp-block-heading\" id=\"outline\">Gliederung<\/h3>\n\n\n\n<p class=\"\">KI-Stimmengeneratoren haben die Art und Weise, wie wir Audioinhalte erstellen, revolutioniert und bieten hochwertige, ultrarealistische Stimmen, die wie menschliche Sprache klingen. Dieser Leitfaden befasst sich mit der Definition, den Vorteilen, den Funktionen, der Zielgruppe, den Einsatzm\u00f6glichkeiten in der Branche, den Schritt-f\u00fcr-Schritt-Anleitungen, den Anwendungsf\u00e4llen, den Tools, den Vor- und Nachteilen sowie den h\u00e4ufig gestellten Fragen zu KI-Stimmengeneratoren.<\/p>\n\n\n\n<figure class=\"wp-block-image size-large is-resized\"><img data-recalc-dims=\"1\" data-dominant-color=\"52455b\" data-has-transparency=\"false\" decoding=\"async\" width=\"1024\" height=\"585\"   loading=\"lazy\" src=\"https:\/\/i0.wp.com\/aiartfree.online\/wp-content\/uploads\/2024\/08\/out-0-1.webp?resize=1024%2C585&#038;ssl=1\" alt=\"Entdecken Sie den besten AI Voice Generator bei AIArtFree. Erzeugen Sie m\u00fchelos hochwertige, ultra-realistische Stimmen f\u00fcr die Erstellung von Inhalten und Voiceovers. Ohne Limit. Bester KI-Stimmengenerator - 100% Kostenlos, unbegrenzt, ohne Anmeldung\" class=\"wp-image-3458 not-transparent\" style=\"--dominant-color: #52455b; width:598px;height:auto\" srcset=\"https:\/\/i0.wp.com\/aiartfree.online\/wp-content\/uploads\/2024\/08\/out-0-1.webp?resize=1024%2C585&amp;ssl=1 1024w, https:\/\/i0.wp.com\/aiartfree.online\/wp-content\/uploads\/2024\/08\/out-0-1.webp?resize=300%2C171&amp;ssl=1 300w, https:\/\/i0.wp.com\/aiartfree.online\/wp-content\/uploads\/2024\/08\/out-0-1.webp?resize=768%2C439&amp;ssl=1 768w, https:\/\/i0.wp.com\/aiartfree.online\/wp-content\/uploads\/2024\/08\/out-0-1.webp?resize=18%2C10&amp;ssl=1 18w, https:\/\/i0.wp.com\/aiartfree.online\/wp-content\/uploads\/2024\/08\/out-0-1.webp?resize=600%2C343&amp;ssl=1 600w, https:\/\/i0.wp.com\/aiartfree.online\/wp-content\/uploads\/2024\/08\/out-0-1.webp?w=1344&amp;ssl=1 1344w\" sizes=\"auto, (max-width: 1024px) 100vw, 1024px\" \/><\/figure>\n\n\n\n<div class=\"wp-block-rank-math-toc-block\" id=\"rank-math-toc\"><h3>Inhalts\u00fcbersicht<\/h3><nav><ul><li><a href=\"#outline\">Gliederung<\/a><\/li><li><a href=\"#what-is-an-ai-voice-generator\">Was ist ein AI-Stimmengenerator?<\/a><\/li><li><a href=\"#why-use-an-ai-voice-generator\">Warum einen AI-Stimmengenerator verwenden?<\/a><\/li><li><a href=\"#main-features-of-ai-voice-generators\">Hauptmerkmale der AI-Stimmengeneratoren<\/a><ul><li><a href=\"#text-to-speech-ai\">Text to Speech AI<\/a><\/li><li><a href=\"#ultra-realistic-voices\">Ultrarealistische Stimmen<\/a><\/li><li><a href=\"#generative-ai\">Generative KI<\/a><\/li><li><a href=\"#multiple-languages-and-accents\">Mehrere Sprachen und Akzente<\/a><\/li><li><a href=\"#high-quality-voiceovers\">Hochwertige Voiceovers<\/a><\/li><\/ul><\/li><li><a href=\"#who-should-use-ai-voice-generators\">Wer sollte AI-Stimmengeneratoren verwenden?<\/a><\/li><li><a href=\"#industry-uses-of-ai-voice-generators\">Industrielle Anwendungen von AI-Stimmengeneratoren<\/a><ul><li><a href=\"#media-and-entertainment\">Medien und Unterhaltung<\/a><\/li><li><a href=\"#education\">Bildung<\/a><\/li><li><a href=\"#customer-service\">Kundenbetreuung<\/a><\/li><li><a href=\"#marketing\">Marketing<\/a><\/li><\/ul><\/li><li><a href=\"#how-to-use-an-ai-voice-generator\">Wie man einen AI-Stimmengenerator verwendet<\/a><\/li><li><a href=\"#ai-voice-generator-usage-cases\">AI Voice Generator Anwendungsf\u00e4lle<\/a><ul><li><a href=\"#content-creation\">Erstellung von Inhalten<\/a><\/li><li><a href=\"#education-1\">Bildung<\/a><\/li><li><a href=\"#business-communication\">Business-Kommunikation<\/a><\/li><li><a href=\"#marketing-2\">Marketing<\/a><\/li><\/ul><\/li><li><a href=\"#top-10-ai-voice-generator-tools\">Top 10 AI-Stimmengenerator-Tools<\/a><\/li><li><a href=\"#industry-pros-and-cons\">Industrie Pro und Kontra<\/a><ul><li><a href=\"#pros\">Profis<\/a><\/li><li><a href=\"#cons\">Nachteile<\/a><\/li><li><a href=\"#advantages\">Vorteile<\/a><\/li><li><a href=\"#challenges\">Herausforderungen<\/a><\/li><li><a href=\"#suggestions\">Vorschl\u00e4ge<\/a><\/li><\/ul><\/li><li><a href=\"#frequently-asked-questions\">H\u00e4ufig gestellte Fragen<\/a><\/li><\/ul><\/nav><\/div>\n\n\n\n<h3 class=\"wp-block-heading\" id=\"what-is-an-ai-voice-generator\">Was ist ein AI-Stimmengenerator?<\/h3>\n\n\n\n<p class=\"\">Ein AI Voice Generator ist eine Softwareanwendung, die k\u00fcnstliche Intelligenz nutzt, um Text in realistische, menschen\u00e4hnliche Sprache umzuwandeln. Er nutzt fortschrittliche neuronale Netze und generative KI, um hochwertiges Audio zu erzeugen, das in verschiedenen Anwendungen verwendet werden kann, von der Erstellung von Inhalten bis hin zu Voiceovers und dar\u00fcber hinaus.<\/p>\n\n\n\n<h3 class=\"wp-block-heading\" id=\"why-use-an-ai-voice-generator\">Warum einen AI-Stimmengenerator verwenden?<\/h3>\n\n\n\n<p class=\"\">Der Einsatz eines KI-Stimmengenerators bietet zahlreiche Vorteile:<\/p>\n\n\n\n<ul class=\"wp-block-list\">\n<li class=\"\"><strong>100% Frei<\/strong>: Viele Plattformen bieten kostenlose Versionen f\u00fcr Nutzer an.<\/li>\n\n\n\n<li class=\"\"><strong>Unbegrenzte Nutzung<\/strong>: Erstellen Sie so viele Voiceovers wie n\u00f6tig, ohne Einschr\u00e4nkungen.<\/li>\n\n\n\n<li class=\"\"><strong>Keine Anmeldung erforderlich<\/strong>: Einfacher Zugang, ohne dass Sie ein Konto ben\u00f6tigen.<\/li>\n\n\n\n<li class=\"\"><strong>Hochwertiger Output<\/strong>: Erzeugt Stimmen, die fast identisch mit der menschlichen Sprache klingen.<\/li>\n\n\n\n<li class=\"\"><strong>Breite Sprach- und Akzentunterst\u00fctzung<\/strong>: Kann Stimmen in mehreren Sprachen und Akzenten erzeugen.<\/li>\n\n\n\n<li class=\"\"><strong>Effizienz und Geschwindigkeit<\/strong>: Erzeugt schnell Audio aus Text und spart so Zeit und M\u00fche.<\/li>\n\n\n\n<li class=\"\"><strong>Globale Publikumsreichweite<\/strong>: Erm\u00f6glicht den Zugang zu Inhalten f\u00fcr ein breiteres Publikum durch Unterst\u00fctzung verschiedener Sprachen.<\/li>\n<\/ul>\n\n\n\n<h3 class=\"wp-block-heading\" id=\"main-features-of-ai-voice-generators\">Hauptmerkmale der AI-Stimmengeneratoren<\/h3>\n\n\n\n<h4 class=\"wp-block-heading\" id=\"text-to-speech-ai\">Text to Speech AI<\/h4>\n\n\n\n<p class=\"\">Wandelt geschriebenen Text in gesprochene Worte mit nat\u00fcrlich klingender Stimme um.<\/p>\n\n\n\n<h4 class=\"wp-block-heading\" id=\"ultra-realistic-voices\">Ultrarealistische Stimmen<\/h4>\n\n\n\n<p class=\"\">Erzeugt Stimmen, die von echten menschlichen Stimmen nicht zu unterscheiden sind, um das H\u00f6rerlebnis zu verbessern.<\/p>\n\n\n\n<h4 class=\"wp-block-heading\" id=\"generative-ai\">Generative KI<\/h4>\n\n\n\n<p class=\"\">Verwendet fortschrittliche KI-Modelle, um vielf\u00e4ltige und hochwertige Audioausgaben zu produzieren.<\/p>\n\n\n\n<h4 class=\"wp-block-heading\" id=\"multiple-languages-and-accents\">Mehrere Sprachen und Akzente<\/h4>\n\n\n\n<p class=\"\">Unterst\u00fctzt eine Vielzahl von Sprachen und Akzenten und richtet sich an ein globales Publikum.<\/p>\n\n\n\n<h4 class=\"wp-block-heading\" id=\"high-quality-voiceovers\">Hochwertige Voiceovers<\/h4>\n\n\n\n<p class=\"\">Erstellt professionelle Sprachaufnahmen f\u00fcr verschiedene Anwendungen, einschlie\u00dflich Videos und Pr\u00e4sentationen.<\/p>\n\n\n\n<h3 class=\"wp-block-heading\" id=\"who-should-use-ai-voice-generators\">Wer sollte AI-Stimmengeneratoren verwenden?<\/h3>\n\n\n\n<ul class=\"wp-block-list\">\n<li class=\"\"><strong>Sch\u00f6pfer von Inhalten<\/strong>: Verbessert Videos, Podcasts und andere Multimedia-Inhalte mit realistischen Sprachaufnahmen.<\/li>\n\n\n\n<li class=\"\"><strong>P\u00e4dagogen<\/strong>: Konvertiert Lehrmaterial in ein Audioformat und macht so das Lernen leichter zug\u00e4nglich.<\/li>\n\n\n\n<li class=\"\"><strong>Unternehmen<\/strong>: Verbessert den Kundenservice durch automatisierte, aber menschen\u00e4hnliche Antworten.<\/li>\n\n\n\n<li class=\"\"><strong>Vermarkter<\/strong>: Erstellt ansprechende Audioinhalte f\u00fcr Werbung und soziale Medien.<\/li>\n<\/ul>\n\n\n\n<h3 class=\"wp-block-heading\" id=\"industry-uses-of-ai-voice-generators\">Industrielle Anwendungen von AI-Stimmengeneratoren<\/h3>\n\n\n\n<h4 class=\"wp-block-heading\" id=\"media-and-entertainment\">Medien und Unterhaltung<\/h4>\n\n\n\n<p class=\"\">Wird f\u00fcr Voiceover in Videos, Filmen und Animationen verwendet.<\/p>\n\n\n\n<h4 class=\"wp-block-heading\" id=\"education\">Bildung<\/h4>\n\n\n\n<p class=\"\">Hilft bei der Erstellung von H\u00f6rb\u00fcchern und E-Learning-Inhalten.<\/p>\n\n\n\n<h4 class=\"wp-block-heading\" id=\"customer-service\">Kundenbetreuung<\/h4>\n\n\n\n<p class=\"\">Unterst\u00fctzt Sprachassistenten und automatisierte Kundensupportsysteme.<\/p>\n\n\n\n<h4 class=\"wp-block-heading\" id=\"marketing\">Marketing<\/h4>\n\n\n\n<p class=\"\">Erzeugt Audioanzeigen und Werbeinhalte.<\/p>\n\n\n\n<h3 class=\"wp-block-heading\" id=\"how-to-use-an-ai-voice-generator\">Wie man einen AI-Stimmengenerator verwendet<\/h3>\n\n\n\n<ol class=\"wp-block-list\">\n<li class=\"\"><strong>W\u00e4hlen Sie ein Werkzeug<\/strong>: W\u00e4hlen Sie ein Werkzeug wie&nbsp;<a href=\"https:\/\/aiartfree.online\/de\/ki-stimmengenerator\/\">AI-Stimmengenerator<\/a>.<\/li>\n\n\n\n<li class=\"\"><strong>Text eingeben<\/strong>: Geben Sie den Text ein, den Sie in Sprache umwandeln m\u00f6chten.<\/li>\n\n\n\n<li class=\"\"><strong>Stimme und Sprache ausw\u00e4hlen<\/strong>: W\u00e4hlen Sie die gew\u00fcnschten Sprach- und Spracheinstellungen.<\/li>\n\n\n\n<li class=\"\"><strong>Audio generieren<\/strong>: Klicken Sie auf die Schaltfl\u00e4che \"Erzeugen\", um das Voiceover zu erstellen.<\/li>\n\n\n\n<li class=\"\"><strong>Herunterladen und verwenden<\/strong>: Laden Sie die erzeugte Audiodatei f\u00fcr Ihr Projekt herunter.<\/li>\n<\/ol>\n\n\n\n<h3 class=\"wp-block-heading\" id=\"ai-voice-generator-usage-cases\">AI Voice Generator Anwendungsf\u00e4lle<\/h3>\n\n\n\n<h4 class=\"wp-block-heading\" id=\"content-creation\">Erstellung von Inhalten<\/h4>\n\n\n\n<p class=\"\">Erstellung von Voiceovers f\u00fcr YouTube-Videos, Podcasts und andere Multimedia-Inhalte.<\/p>\n\n\n\n<h4 class=\"wp-block-heading\" id=\"education-1\">Bildung<\/h4>\n\n\n\n<p class=\"\">Erstellung von Audioversionen von Lehrb\u00fcchern und Lernmaterialien.<\/p>\n\n\n\n<h4 class=\"wp-block-heading\" id=\"business-communication\">Business-Kommunikation<\/h4>\n\n\n\n<p class=\"\">Verbesserung interaktiver Sprachdialogsysteme (IVR) mit realistischen Stimmen.<\/p>\n\n\n\n<h4 class=\"wp-block-heading\" id=\"marketing-2\">Marketing<\/h4>\n\n\n\n<p class=\"\">Produktion von Audiowerbung f\u00fcr verschiedene Plattformen.<\/p>\n\n\n\n<h3 class=\"wp-block-heading\" id=\"top-10-ai-voice-generator-tools\">Top 10 AI-Stimmengenerator-Tools<\/h3>\n\n\n\n<figure class=\"wp-block-table\"><table class=\"has-fixed-layout\"><thead><tr><th>Werkzeug<\/th><th>Eigenschaften<\/th><th>Vorteile<\/th><th>Herausforderungen<\/th><th>URL<\/th><\/tr><\/thead><tbody><tr><td><strong>AI-Stimmengenerator<\/strong><\/td><td>100% Kostenlos, keine Anmeldung, hochwertige Stimmen<\/td><td>Unbegrenzte Nutzung, einfach zu bedienen<\/td><td>Eingeschr\u00e4nkte erweiterte Funktionen<\/td><td><a href=\"https:\/\/aiartfree.online\/de\/ki-stimmengenerator\/\">aiartfree.online\/ai-voice-generator<\/a><\/td><\/tr><tr><td><strong>Google Text-to-Speech<\/strong><\/td><td>Unterst\u00fctzt mehrere Sprachen und Akzente<\/td><td>Hochwertiger Output<\/td><td>Erfordert ein Google-Konto<\/td><td>cloud.google.com\/text-to-speech<\/td><\/tr><tr><td><strong>Amazone Polly<\/strong><\/td><td>Gro\u00dfe Auswahl an Stimmen, Echtzeitverarbeitung<\/td><td>Skalierbarkeit<\/td><td>Die Kosten k\u00f6nnen sich summieren<\/td><td>aws.amazon.com\/polly<\/td><\/tr><tr><td><strong>IBM Watson Text to Speech<\/strong><\/td><td>Anpassbare Stimmen, hohe Qualit\u00e4t<\/td><td>Erweiterte Funktionen<\/td><td>Struktur der Preisgestaltung<\/td><td>ibm.com\/cloud\/watson-text-to-speech<\/td><\/tr><tr><td><strong>Microsoft Azure TTS<\/strong><\/td><td>Neuronale Stimmen, umfangreiche Sprachunterst\u00fctzung<\/td><td>Integration mit Azure-Diensten<\/td><td>Preisgestaltung<\/td><td>azure.microsoft.com\/services\/cognitive-services\/text-to-speech<\/td><\/tr><tr><td><strong>iSpeech<\/strong><\/td><td>Einfach zu bedienen, mehrere Sprachen<\/td><td>Eingeschr\u00e4nkte kostenlose Version<\/td><td>&#8211;<\/td><td>ispeech.org<\/td><\/tr><tr><td><strong>ResponsiveVoice<\/strong><\/td><td>Webbasierte, einfache Integration<\/td><td>Grundlegende Stimmen<\/td><td>Eingeschr\u00e4nkte Funktionen in der kostenlosen Version<\/td><td>responsivevoice.org<\/td><\/tr><tr><td><strong>NaturalReader<\/strong><\/td><td>Einfache Benutzeroberfl\u00e4che, hochwertige Stimmen<\/td><td>Offline-Zugang<\/td><td>Begrenzte Anpassungsm\u00f6glichkeiten<\/td><td>naturalreaders.com<\/td><\/tr><tr><td><strong>Balabolka<\/strong><\/td><td>Kostenlos, unterst\u00fctzt verschiedene Formate<\/td><td>Grundlegende Schnittstelle<\/td><td>&#8211;<\/td><td>balabolka.site<\/td><\/tr><tr><td><strong>ReadSpeaker<\/strong><\/td><td>Anpassbare, hochwertige Stimmen<\/td><td>Erweiterte Funktionen<\/td><td>Kosten<\/td><td><a href=\"https:\/\/readspeaker.com\/\" target=\"_blank\" rel=\"noopener\">vorleser.de<\/a><\/td><\/tr><\/tbody><\/table><\/figure>\n\n\n\n<h3 class=\"wp-block-heading\" id=\"industry-pros-and-cons\">Industrie Pro und Kontra<\/h3>\n\n\n\n<h4 class=\"wp-block-heading\" id=\"pros\">Profis<\/h4>\n\n\n\n<ul class=\"wp-block-list\">\n<li class=\"\"><strong>Erreichbarkeit<\/strong>: Macht den Inhalt f\u00fcr sehbehinderte Nutzer zug\u00e4nglich.<\/li>\n\n\n\n<li class=\"\"><strong>Wirkungsgrad<\/strong>: Spart Zeit bei der Erstellung von Inhalten.<\/li>\n\n\n\n<li class=\"\"><strong>Kosteng\u00fcnstig<\/strong>: Reduziert den Bedarf an menschlichen Sprechern.<\/li>\n\n\n\n<li class=\"\"><strong>Skalierbarkeit<\/strong>: Leicht skalierbar f\u00fcr gro\u00dfe Projekte.<\/li>\n<\/ul>\n\n\n\n<h4 class=\"wp-block-heading\" id=\"cons\">Nachteile<\/h4>\n\n\n\n<ul class=\"wp-block-list\">\n<li class=\"\"><strong>Qualit\u00e4tsabweichung<\/strong>: Die Qualit\u00e4t kann zwischen verschiedenen Werkzeugen variieren.<\/li>\n\n\n\n<li class=\"\"><strong>Akzent und sprachliche Beschr\u00e4nkungen<\/strong>: Nicht alle Akzente und Sprachen werden gleicherma\u00dfen unterst\u00fctzt.<\/li>\n\n\n\n<li class=\"\"><strong>Erstmalige Einrichtung<\/strong>: Einige Tools erfordern eine gewisse Einarbeitungszeit.<\/li>\n<\/ul>\n\n\n\n<h4 class=\"wp-block-heading\" id=\"advantages\">Vorteile<\/h4>\n\n\n\n<ul class=\"wp-block-list\">\n<li class=\"\"><strong>Hochwertiger Output<\/strong>: Erzeugt Audio in professioneller Qualit\u00e4t.<\/li>\n\n\n\n<li class=\"\"><strong>Personalisierung<\/strong>: Erm\u00f6glicht die Anpassung von Stimme und Sprache.<\/li>\n\n\n\n<li class=\"\"><strong>Integration<\/strong>: Kann in verschiedene Anwendungen integriert werden.<\/li>\n<\/ul>\n\n\n\n<h4 class=\"wp-block-heading\" id=\"challenges\">Herausforderungen<\/h4>\n\n\n\n<ul class=\"wp-block-list\">\n<li class=\"\"><strong>Kosten<\/strong>: Erweiterte Funktionen k\u00f6nnen ihren Preis haben.<\/li>\n\n\n\n<li class=\"\"><strong>Technische Anforderungen<\/strong>: F\u00fcr einige Tools sind technische Kenntnisse erforderlich.<\/li>\n\n\n\n<li class=\"\"><strong>Nat\u00fcrlichkeit der Stimme<\/strong>: Perfekte Nat\u00fcrlichkeit zu erreichen, kann eine Herausforderung sein.<\/li>\n<\/ul>\n\n\n\n<h4 class=\"wp-block-heading\" id=\"suggestions\">Vorschl\u00e4ge<\/h4>\n\n\n\n<ul class=\"wp-block-list\">\n<li class=\"\"><strong>W\u00e4hlen Sie das richtige Werkzeug<\/strong>: W\u00e4hlen Sie ein Werkzeug, das Ihren Bed\u00fcrfnissen und Ihrem Budget entspricht.<\/li>\n\n\n\n<li class=\"\"><strong>Experiment<\/strong>: Testen Sie verschiedene Einstellungen, um die besten Ergebnisse zu erzielen.<\/li>\n\n\n\n<li class=\"\"><strong>Bleiben Sie auf dem Laufenden<\/strong>: Bleiben Sie auf dem Laufenden \u00fcber die neuesten Entwicklungen in der KI-Sprachtechnologie.<\/li>\n<\/ul>\n\n\n\n<h3 class=\"wp-block-heading\" id=\"frequently-asked-questions\">H\u00e4ufig gestellte Fragen<\/h3>\n\n\n\n<ol class=\"wp-block-list\">\n<li class=\"\"><strong>Welchen KI-Stimmengenerator verwenden alle?<\/strong><br>Die meisten Menschen verwenden Tools wie Google Text-to-Speech und Amazon Polly wegen ihrer hohen Qualit\u00e4t und Zuverl\u00e4ssigkeit.<\/li>\n\n\n\n<li class=\"\"><strong>Wie benutzt man einen KI-Stimmengenerator?<\/strong><br>W\u00e4hlen Sie ein Tool aus, geben Sie Ihren Text ein, w\u00e4hlen Sie die Spracheinstellungen, erstellen Sie das Audio und laden Sie es herunter.<\/li>\n\n\n\n<li class=\"\"><strong>Welches ist der beste KI-Stimmengenerator?<\/strong><br>Welcher KI-Sprachgenerator am besten geeignet ist, h\u00e4ngt von Ihren Bed\u00fcrfnissen ab, aber zu den besten Optionen geh\u00f6ren AI Voice Generator, Google Text-to-Speech und Amazon Polly.<\/li>\n\n\n\n<li class=\"\"><strong>Wie erzeugt man eine KI-Stimme?<\/strong><br>Verwenden Sie ein KI-Stimmengenerator-Tool, geben Sie Ihren Text ein, w\u00e4hlen Sie die Einstellungen und erzeugen Sie die Stimme.<\/li>\n\n\n\n<li class=\"\"><strong>Wie erstellt man einen KI-Stimmengenerator?<\/strong><br>Die Erstellung eines KI-Stimmengenerators erfordert fortgeschrittene Programmierkenntnisse und Wissen \u00fcber maschinelles Lernen und neuronale Netze.<\/li>\n\n\n\n<li class=\"\"><strong>Welche sind die besten kostenlosen AI-Stimmengeneratoren?<\/strong><br>AI Voice Generator und iSpeech sind beliebte kostenlose Optionen.<\/li>\n\n\n\n<li class=\"\"><strong>K\u00f6nnen KI-Stimmengeneratoren Texte vorlesen?<\/strong><br>Ja, KI-Sprachgeneratoren k\u00f6nnen Text in Sprache umwandeln und laut vorlesen.<\/li>\n<\/ol>","protected":false},"excerpt":{"rendered":"<p>How to use the AI Voice Generator * Feel free to try our examples below if you don&#8217;t have any thoughts in your mind *&nbsp;Depending on your internet speed, loading the model may take up to 10 seconds \u2193 The Ultimate Guide to AI Voice Generators Outline AI Voice Generators have revolutionized the way we &#8230; <a title=\"AI-Stimmengenerator\" class=\"read-more\" href=\"https:\/\/aiartfree.online\/de\/ki-stimmengenerator\/\" aria-label=\"Mehr Informationen \u00fcber AI Voice Generator\">Weiterlesen<\/a><\/p>","protected":false},"author":1,"featured_media":3458,"parent":0,"menu_order":0,"comment_status":"open","ping_status":"closed","template":"","meta":{"nf_dc_page":"","footnotes":""},"class_list":["post-3351","page","type-page","status-publish","has-post-thumbnail"],"jetpack_sharing_enabled":true,"_links":{"self":[{"href":"https:\/\/aiartfree.online\/de\/wp-json\/wp\/v2\/pages\/3351","targetHints":{"allow":["GET"]}}],"collection":[{"href":"https:\/\/aiartfree.online\/de\/wp-json\/wp\/v2\/pages"}],"about":[{"href":"https:\/\/aiartfree.online\/de\/wp-json\/wp\/v2\/types\/page"}],"author":[{"embeddable":true,"href":"https:\/\/aiartfree.online\/de\/wp-json\/wp\/v2\/users\/1"}],"replies":[{"embeddable":true,"href":"https:\/\/aiartfree.online\/de\/wp-json\/wp\/v2\/comments?post=3351"}],"version-history":[{"count":0,"href":"https:\/\/aiartfree.online\/de\/wp-json\/wp\/v2\/pages\/3351\/revisions"}],"wp:featuredmedia":[{"embeddable":true,"href":"https:\/\/aiartfree.online\/de\/wp-json\/wp\/v2\/media\/3458"}],"wp:attachment":[{"href":"https:\/\/aiartfree.online\/de\/wp-json\/wp\/v2\/media?parent=3351"}],"curies":[{"name":"wp","href":"https:\/\/api.w.org\/{rel}","templated":true}]}}