{"id":3340,"date":"2024-07-30T15:52:48","date_gmt":"2024-07-30T15:52:48","guid":{"rendered":"https:\/\/aiartfree.online\/?page_id=3340"},"modified":"2024-08-02T10:02:12","modified_gmt":"2024-08-02T10:02:12","slug":"transcript","status":"publish","type":"page","link":"https:\/\/aiartfree.online\/de\/abschrift\/","title":{"rendered":"Abschrift"},"content":{"rendered":"<h2 class=\"wp-block-heading\" id=\"how-to-use-transcript\" style=\"font-size:23px\">Verwendung von Transcript<\/h2>\n\n\n\n<ol class=\"wp-block-list\">\n<li class=\"\">W\u00e4hlen Sie <strong>Mikrofon<\/strong> oder <strong>Audio-Datei<\/strong> oder <strong>YouTube<\/strong> von der oberen Registerkarte<\/li>\n\n\n\n<li class=\"\">Laden Sie Ihre Inhalte hoch<\/li>\n\n\n\n<li class=\"\">W\u00e4hlen Sie \"Zeitstempel zur\u00fcckgeben\".<\/li>\n\n\n\n<li class=\"\">Klicken Sie auf \"Abschicken\".<\/li>\n\n\n\n<li class=\"\">Moment, das ist es!<\/li>\n<\/ol>\n\n\n\n<p class=\"\">* <em>Je nach Ihrer Internetgeschwindigkeit kann das Laden des Modells einige Sekunden dauern.<\/em> \u2193<\/p>\n\n\n\n<div class=\"iframe-wrapper\" style=\"position: relative; width: 100%; height: 1400px;\">\n  <div class=\"loading\" style=\"position: absolute; top: 50px; left: 50%; transform: translate(-50%, -50%); width: 40px; height: 40px; border: 3px solid #f0f0f0; border-top: 3px solid #db7093; border-radius: 50%; animation: spin 1s linear infinite;\"><\/div>\n  <iframe loading=\"lazy\" src=\"https:\/\/sanchit-gandhi-whisper-jax.hf.space\" frameborder=\"0\" width=\"100%\" height=\"100%\" style=\"position: absolute; top: 0; left: 0; opacity: 0; transition: opacity 0.3s;\" onload=\"this.style.opacity=1;this.previousElementSibling.style.display='none';\"><\/iframe>\n<\/div>\n\n<style>\n@keyframes spin {\n  0% { transform: translate(-50%, -50%) rotate(0deg); }\n  100% { transform: translate(-50%, -50%) rotate(360deg); }\n}\n<\/style>\n\n\n\n<div style=\"height:60px\" aria-hidden=\"true\" class=\"wp-block-spacer\"><\/div>\n\n\n\n<h2 class=\"wp-block-heading\" id=\"how-to-use-transcript-services-your-ultimate-guide\">Wie man Transcript Services nutzt: Ihr ultimativer Leitfaden<\/h2>\n\n\n\n<h3 class=\"wp-block-heading\" id=\"introduction\">Einf\u00fchrung<\/h3>\n\n\n\n<p class=\"\">Transkriptionsdienste haben die Art und Weise, wie wir mit Audio- und Videoinhalten umgehen, revolutioniert, indem sie gesprochene Worte in geschriebenen Text umwandeln. Ganz gleich, ob Sie studieren, berufst\u00e4tig sind oder Inhalte erstellen - wenn Sie die Besonderheiten der Transkription kennen, k\u00f6nnen Sie Ihre Produktivit\u00e4t und Zug\u00e4nglichkeit erheblich verbessern.<\/p>\n\n\n\n<figure class=\"wp-block-image size-large is-resized\"><img data-recalc-dims=\"1\" data-dominant-color=\"b7aaa7\" data-has-transparency=\"false\" decoding=\"async\" width=\"1024\" height=\"640\"   loading=\"lazy\" src=\"https:\/\/i0.wp.com\/aiartfree.online\/wp-content\/uploads\/2024\/07\/WX20240730-200353%402x-1024x640.webp?resize=1024%2C640&#038;ssl=1\" alt=\"Die Nr. 1 unter den kostenlosen und unbegrenzten Transkriptionsdiensten. Keine Anmeldung. Konvertieren Sie Audio in Text, YouTube-Videos Transkription, Holen Sie sich Ihre High School und College Transkripte online\" class=\"wp-image-3345 not-transparent\" style=\"--dominant-color: #b7aaa7; width:578px;height:auto\" srcset=\"https:\/\/i0.wp.com\/aiartfree.online\/wp-content\/uploads\/2024\/07\/WX20240730-200353%402x.jpg?resize=1024%2C640&amp;ssl=1 1024w, https:\/\/i0.wp.com\/aiartfree.online\/wp-content\/uploads\/2024\/07\/WX20240730-200353%402x.jpg?resize=300%2C188&amp;ssl=1 300w, https:\/\/i0.wp.com\/aiartfree.online\/wp-content\/uploads\/2024\/07\/WX20240730-200353%402x.jpg?resize=768%2C480&amp;ssl=1 768w, https:\/\/i0.wp.com\/aiartfree.online\/wp-content\/uploads\/2024\/07\/WX20240730-200353%402x.jpg?resize=1536%2C960&amp;ssl=1 1536w, https:\/\/i0.wp.com\/aiartfree.online\/wp-content\/uploads\/2024\/07\/WX20240730-200353%402x.jpg?resize=18%2C12&amp;ssl=1 18w, https:\/\/i0.wp.com\/aiartfree.online\/wp-content\/uploads\/2024\/07\/WX20240730-200353%402x.jpg?resize=600%2C375&amp;ssl=1 600w, https:\/\/i0.wp.com\/aiartfree.online\/wp-content\/uploads\/2024\/07\/WX20240730-200353%402x.jpg?w=1808&amp;ssl=1 1808w\" sizes=\"auto, (max-width: 1024px) 100vw, 1024px\" \/><\/figure>\n\n\n\n<div class=\"wp-block-rank-math-toc-block\" id=\"rank-math-toc\"><h3>Inhalts\u00fcbersicht<\/h3><nav><ul><li><a href=\"#introduction\">Einf\u00fchrung<\/a><\/li><li><a href=\"#what-is-transcript\">Was ist Transcript?<\/a><\/li><li><a href=\"#why-use-transcript-services\">Warum Transcript Services nutzen?<\/a><\/li><li><a href=\"#main-features-of-transcript-services\">Hauptmerkmale von Transcript Services<\/a><ul><li><a href=\"#100-free\">100% Frei<\/a><\/li><li><a href=\"#unlimited-transcription\">Unbegrenzte Transkription<\/a><\/li><li><a href=\"#no-1-choice\">Nr.1 Wahl<\/a><\/li><li><a href=\"#no-sign-up-required\">Keine Anmeldung erforderlich<\/a><\/li><\/ul><\/li><li><a href=\"#who-should-use-transcription-services\">Wer sollte Transkriptionsdienste nutzen?<\/a><\/li><li><a href=\"#industries-benefiting-from-transcription-services\">Branchen, die von Transkriptionsdiensten profitieren<\/a><\/li><li><a href=\"#how-to-use-transcription-services-step-by-step\">Wie man Transkriptionsdienste nutzt: Schritt f\u00fcr Schritt<\/a><\/li><li><a href=\"#use-cases-of-transcription-services\">Anwendungsf\u00e4lle von Transkriptionsdiensten<\/a><\/li><li><a href=\"#top-10-transcription-tools-and-resources\">Top 10 Transkriptionstools und Ressourcen<\/a><\/li><li><a href=\"#advantages-disadvantages-and-challenges-in-the-transcription-industry\">Vorteile, Nachteile und Herausforderungen in der Transkriptionsbranche<\/a><ul><li><a href=\"#advantages\">Vorteile<\/a><\/li><li><a href=\"#disadvantages\">Benachteiligungen<\/a><\/li><li><a href=\"#challenges\">Herausforderungen<\/a><\/li><\/ul><\/li><li><a href=\"#frequently-asked-questions-faq\">H\u00e4ufig gestellte Fragen (FAQ)<\/a><\/li><li><a href=\"#conclusion\">Schlussfolgerung<\/a><\/li><\/ul><\/nav><\/div>\n\n\n\n<h3 class=\"wp-block-heading\" id=\"what-is-transcript\">Was ist Transcript?<\/h3>\n\n\n\n<p class=\"\">Unter Transkription versteht man die Umwandlung von gesprochener Sprache in geschriebenen Text. Mit diesem Dienst k\u00f6nnen Sie verschiedene Formen von Audiodateien, darunter Interviews, Vortr\u00e4ge, Podcasts und Videos, in lesbare Dokumente transkribieren.<\/p>\n\n\n\n<h3 class=\"wp-block-heading\" id=\"why-use-transcript-services\">Warum Transcript Services nutzen?<\/h3>\n\n\n\n<p class=\"\">Transkriptionsdienste bieten zahlreiche Vorteile:<\/p>\n\n\n\n<ul class=\"wp-block-list\">\n<li class=\"\"><strong>Zug\u00e4nglichkeit:<\/strong> Abschriften machen Inhalte auch f\u00fcr H\u00f6rgesch\u00e4digte zug\u00e4nglich.<\/li>\n\n\n\n<li class=\"\"><strong>Durchsuchbarkeit:<\/strong> Textdokumente k\u00f6nnen leicht durchsucht, indiziert und referenziert werden.<\/li>\n\n\n\n<li class=\"\"><strong>Genauigkeit:<\/strong> Professionelle Transkriptionsdienste gew\u00e4hrleisten eine hohe Genauigkeit des transkribierten Inhalts.<\/li>\n\n\n\n<li class=\"\"><strong>Effizienz:<\/strong> Spart Zeit im Vergleich zur manuellen Transkription.<\/li>\n<\/ul>\n\n\n\n<h3 class=\"wp-block-heading\" id=\"main-features-of-transcript-services\">Hauptmerkmale von Transcript Services<\/h3>\n\n\n\n<h4 class=\"wp-block-heading\" id=\"100-free\">100% Frei<\/h4>\n\n\n\n<p class=\"\">Viele Transkriptionsdienste bieten kostenlose Tarife an, so dass sie f\u00fcr jeden ohne finanzielle Einschr\u00e4nkungen zug\u00e4nglich sind.<\/p>\n\n\n\n<h4 class=\"wp-block-heading\" id=\"unlimited-transcription\">Unbegrenzte Transkription<\/h4>\n\n\n\n<p class=\"\">Einige Dienste bieten unbegrenzte Transkriptionsm\u00f6glichkeiten, so dass die Nutzer so viele Dateien wie n\u00f6tig transkribieren k\u00f6nnen.<\/p>\n\n\n\n<h4 class=\"wp-block-heading\" id=\"no-1-choice\">Nr.1 Wahl<\/h4>\n\n\n\n<p class=\"\">F\u00fchrende Transkriptionsdienste werden aufgrund ihrer Zuverl\u00e4ssigkeit, Genauigkeit und Benutzerfreundlichkeit oft als die erste Wahl angesehen.<\/p>\n\n\n\n<h4 class=\"wp-block-heading\" id=\"no-sign-up-required\">Keine Anmeldung erforderlich<\/h4>\n\n\n\n<p class=\"\">Einige Plattformen bieten Transkriptionsdienste an, ohne dass eine Registrierung erforderlich ist.<\/p>\n\n\n\n<h3 class=\"wp-block-heading\" id=\"who-should-use-transcription-services\">Wer sollte Transkriptionsdienste nutzen?<\/h3>\n\n\n\n<p class=\"\">Transkriptionsdienste sind ideal f\u00fcr:<\/p>\n\n\n\n<ul class=\"wp-block-list\">\n<li class=\"\"><strong>Studenten:<\/strong> Umwandlung von Vorlesungen und Diskussionen in Notizen.<\/li>\n\n\n\n<li class=\"\"><strong>Fachleute:<\/strong> F\u00fcr die Erstellung von Sitzungsprotokollen und die Transkription von Interviews.<\/li>\n\n\n\n<li class=\"\"><strong>Ersteller von Inhalten:<\/strong> Generierung von Textinhalten aus Podcasts und Videos.<\/li>\n\n\n\n<li class=\"\"><strong>Forscher:<\/strong> F\u00fcr die Dokumentation m\u00fcndlicher \u00dcberlieferungen und Interviews.<\/li>\n<\/ul>\n\n\n\n<h3 class=\"wp-block-heading\" id=\"industries-benefiting-from-transcription-services\">Branchen, die von Transkriptionsdiensten profitieren<\/h3>\n\n\n\n<p class=\"\">Transkriptionsdienste sind in verschiedenen Branchen von Vorteil, z. B:<\/p>\n\n\n\n<ul class=\"wp-block-list\">\n<li class=\"\"><strong>Bildung:<\/strong> F\u00fcr Vorlesungstranskriptionen und Forschungsunterlagen.<\/li>\n\n\n\n<li class=\"\"><strong>Medien:<\/strong> Transkribieren von Interviews und Erstellen von Untertiteln.<\/li>\n\n\n\n<li class=\"\"><strong>Rechtlich:<\/strong> F\u00fcr Gerichtsprotokolle und juristische Unterlagen.<\/li>\n\n\n\n<li class=\"\"><strong>Gesundheitswesen:<\/strong> F\u00fcr die Transkription von medizinischen Diktaten und Patientenakten.<\/li>\n<\/ul>\n\n\n\n<h3 class=\"wp-block-heading\" id=\"how-to-use-transcription-services-step-by-step\">Wie man Transkriptionsdienste nutzt: Schritt f\u00fcr Schritt<\/h3>\n\n\n\n<ol class=\"wp-block-list\">\n<li class=\"\"><strong>W\u00e4hlen Sie einen Dienst:<\/strong> W\u00e4hlen Sie einen Transkriptionsdienst, der Ihren Anforderungen entspricht. Empfohlenes Tool: <a href=\"https:\/\/aiartfree.online\/de\/abschrift\/\">https:\/\/aiartfree.online\/transcript<\/a>.<\/li>\n\n\n\n<li class=\"\"><strong>Audio-\/Videodatei hochladen:<\/strong> Laden Sie die Datei hoch, die Sie transkribieren m\u00f6chten.<\/li>\n\n\n\n<li class=\"\"><strong>Voreinstellungen festlegen:<\/strong> W\u00e4hlen Sie die gew\u00fcnschten Einstellungen wie Sprache, Format und besondere Anforderungen.<\/li>\n\n\n\n<li class=\"\"><strong>Transkription starten:<\/strong> Starten Sie den Transkriptionsprozess.<\/li>\n\n\n\n<li class=\"\"><strong>\u00dcberpr\u00fcfen und bearbeiten:<\/strong> Sobald die Transkription abgeschlossen ist, \u00fcberpr\u00fcfen Sie sie und nehmen Sie die erforderlichen \u00c4nderungen vor.<\/li>\n\n\n\n<li class=\"\"><strong>Herunterladen und verwenden:<\/strong> Laden Sie die endg\u00fcltige Abschrift zu Ihrer Verwendung herunter.<\/li>\n<\/ol>\n\n\n\n<h3 class=\"wp-block-heading\" id=\"use-cases-of-transcription-services\">Anwendungsf\u00e4lle von Transkriptionsdiensten<\/h3>\n\n\n\n<ul class=\"wp-block-list\">\n<li class=\"\"><strong>Akademische Forschung:<\/strong> Transkription von Interviews f\u00fcr die qualitative Forschung.<\/li>\n\n\n\n<li class=\"\"><strong>Erstellung von Inhalten:<\/strong> Erstellung von Blogbeitr\u00e4gen und Artikeln aus Podcasts.<\/li>\n\n\n\n<li class=\"\"><strong>Rechtliche Dokumentation:<\/strong> Abschrift von Zeugenaussagen und Gerichtsverhandlungen.<\/li>\n\n\n\n<li class=\"\"><strong>Gesch\u00e4ftstreffen:<\/strong> Erstellung detaillierter Sitzungsprotokolle.<\/li>\n<\/ul>\n\n\n\n<h3 class=\"wp-block-heading\" id=\"top-10-transcription-tools-and-resources\">Top 10 Transkriptionstools und Ressourcen<\/h3>\n\n\n\n<p class=\"\">Die folgende Tabelle fasst die 10 besten Transkriptionstools und ihre Funktionen zusammen:<\/p>\n\n\n\n<figure class=\"wp-block-table\"><table class=\"has-fixed-layout\"><thead><tr><th>Werkzeug\/Website<\/th><th>Eigenschaften<\/th><th>Profis<\/th><th>Nachteile<\/th><th>URL<\/th><\/tr><\/thead><tbody><tr><td><strong>AI Art Free<\/strong><\/td><td>Audio-zu-Text, Video-Transkription<\/td><td>Kostenlos, keine Anmeldung, unbegrenzt<\/td><td>Begrenzte Anpassungsm\u00f6glichkeiten<\/td><td><a href=\"https:\/\/aiartfree.online\/de\/abschrift\/\">Link<\/a><\/td><\/tr><tr><td><strong>TranscribeMe<\/strong><\/td><td>Hohe Genauigkeit, menschliche und AI-Transkription<\/td><td>Zuverl\u00e4ssig, mehrere Formate<\/td><td>Bezahlte Dienstleistung<\/td><td><a href=\"https:\/\/www.transcribeme.com\" target=\"_blank\" rel=\"noopener\">Link<\/a><\/td><\/tr><tr><td><strong>Otter.ai<\/strong><\/td><td>Echtzeit-Transkription, Tools f\u00fcr die Zusammenarbeit<\/td><td>Einfach zu bedienen, mobile App<\/td><td>Begrenzter kostenloser Plan<\/td><td><a href=\"https:\/\/otter.ai\" target=\"_blank\" rel=\"noopener\">Link<\/a><\/td><\/tr><tr><td><strong>Sonix<\/strong><\/td><td>Automatisierte Transkription, mehrsprachige Unterst\u00fctzung<\/td><td>Schnell, genau<\/td><td>Abonnement erforderlich<\/td><td><a href=\"https:\/\/sonix.ai\" target=\"_blank\" rel=\"noopener\">Link<\/a><\/td><\/tr><tr><td><strong>Rev.<\/strong><\/td><td>Menschliche Transkription, Untertitelung<\/td><td>Hohe Qualit\u00e4t, kurze Bearbeitungszeit<\/td><td>Teuer<\/td><td><a href=\"https:\/\/www.rev.com\" target=\"_blank\" rel=\"noopener\">Link<\/a><\/td><\/tr><tr><td><strong>Temi<\/strong><\/td><td>Erschwingliche automatische Transkription<\/td><td>Schnell, benutzerfreundlich<\/td><td>Nicht immer genau<\/td><td><a href=\"https:\/\/www.temi.com\" target=\"_blank\" rel=\"noopener\">Link<\/a><\/td><\/tr><tr><td><strong>Beschreibung<\/strong><\/td><td>Audio- und Videobearbeitung, Transkription<\/td><td>Vielseitig, leistungsstark<\/td><td>Lernkurve<\/td><td><a href=\"https:\/\/www.descript.com\" target=\"_blank\" rel=\"noopener\">Link<\/a><\/td><\/tr><tr><td><strong>Trint<\/strong><\/td><td>KI-gest\u00fctzte Transkriptions- und Bearbeitungstools<\/td><td>Pr\u00e4zise, flexibel<\/td><td>Teuer<\/td><td><a href=\"https:\/\/trint.com\" target=\"_blank\" rel=\"noopener\">Link<\/a><\/td><\/tr><tr><td><strong>Gl\u00fccklicher Schreiber<\/strong><\/td><td>Mehrsprachige, kollaborative Tools<\/td><td>Akkurat, gute Unterst\u00fctzung<\/td><td>Abonnement erforderlich<\/td><td><a href=\"https:\/\/www.happyscribe.com\" target=\"_blank\" rel=\"noopener\">Link<\/a><\/td><\/tr><tr><td><strong>Scribie<\/strong><\/td><td>Manuelle und automatische Transkription<\/td><td>Erschwinglich, genau<\/td><td>Begrenzter kostenloser Plan<\/td><td><a href=\"https:\/\/www.scribie.com\" target=\"_blank\" rel=\"noopener\">Link<\/a><\/td><\/tr><\/tbody><\/table><\/figure>\n\n\n\n<h3 class=\"wp-block-heading\" id=\"advantages-disadvantages-and-challenges-in-the-transcription-industry\">Vorteile, Nachteile und Herausforderungen in der Transkriptionsbranche<\/h3>\n\n\n\n<h4 class=\"wp-block-heading\" id=\"advantages\">Vorteile<\/h4>\n\n\n\n<ul class=\"wp-block-list\">\n<li class=\"\"><strong>Verbesserte Zug\u00e4nglichkeit:<\/strong> Macht die Inhalte f\u00fcr alle zug\u00e4nglich.<\/li>\n\n\n\n<li class=\"\"><strong>Gesteigerte Produktivit\u00e4t:<\/strong> Spart Zeit und M\u00fche bei der Umwandlung von Sprache in Text.<\/li>\n\n\n\n<li class=\"\"><strong>Bessere Dokumentation:<\/strong> Genaue Aufzeichnungen von Sitzungen, Gespr\u00e4chen und mehr.<\/li>\n<\/ul>\n\n\n\n<h4 class=\"wp-block-heading\" id=\"disadvantages\">Benachteiligungen<\/h4>\n\n\n\n<ul class=\"wp-block-list\">\n<li class=\"\"><strong>Kosten:<\/strong> Einige Dienstleistungen k\u00f6nnen teuer sein.<\/li>\n\n\n\n<li class=\"\"><strong>Probleme mit der Genauigkeit:<\/strong> Automatisierte Dienste sind m\u00f6glicherweise nicht immer genau.<\/li>\n\n\n\n<li class=\"\"><strong>Bedenken bez\u00fcglich des Datenschutzes:<\/strong> Der Umgang mit sensiblen Informationen kann ein Problem darstellen.<\/li>\n<\/ul>\n\n\n\n<h4 class=\"wp-block-heading\" id=\"challenges\">Herausforderungen<\/h4>\n\n\n\n<ul class=\"wp-block-list\">\n<li class=\"\"><strong>Sprachliche Variabilit\u00e4t:<\/strong> Akzente, Dialekte und schlechte Audioqualit\u00e4t k\u00f6nnen die Genauigkeit beeintr\u00e4chtigen.<\/li>\n\n\n\n<li class=\"\"><strong>Technische Beschr\u00e4nkungen:<\/strong> Die KI-Transkription k\u00e4mpft noch immer mit dem Kontext und den Homophonen.<\/li>\n<\/ul>\n\n\n\n<h3 class=\"wp-block-heading\" id=\"frequently-asked-questions-faq\">H\u00e4ufig gestellte Fragen (FAQ)<\/h3>\n\n\n\n<ol class=\"wp-block-list\">\n<li class=\"\"><strong>Wo findet die Transkription statt?<\/strong> Die Transkription findet \u00fcberall dort statt, wo gesprochene Sprache in Text umgewandelt werden muss, was h\u00e4ufig durch Transkriptionsdienste und Software geschieht.<\/li>\n\n\n\n<li class=\"\"><strong>Wie erhalte ich Zeugnisse der High School?<\/strong> Abiturzeugnisse erhalten Sie bei der Verwaltung Ihrer Schule oder \u00fcber deren Online-Portal.<\/li>\n\n\n\n<li class=\"\"><strong>Was ist Transkription?<\/strong> Unter Transkription versteht man die Umwandlung von gesprochener Sprache in geschriebenen Text.<\/li>\n\n\n\n<li class=\"\"><strong>Wo findet die Transkription statt?<\/strong> Die Transkription findet in verschiedenen Bereichen statt, z. B. in Schulen, B\u00fcros und bei Transkriptionsdienstleistern.<\/li>\n\n\n\n<li class=\"\"><strong>Wie bekomme ich eine Abschrift von Aeries?<\/strong> Um ein Transkript von Aeries zu erhalten, loggen Sie sich in Ihr Aeries-Konto ein, navigieren Sie zum Abschnitt Transkripte und folgen Sie den Anweisungen, um Ihr Transkript anzufordern.<\/li>\n\n\n\n<li class=\"\"><strong>Welche Arten von Abschriften gibt es?<\/strong> Zu den Arten von Abschriften geh\u00f6ren akademische Abschriften, medizinische Abschriften, juristische Abschriften und Medienabschriften.<\/li>\n\n\n\n<li class=\"\"><strong>Wie kann man YouTube-Videos transkribieren?<\/strong> Verwenden Sie Tools wie <a href=\"https:\/\/aiartfree.online\/de\/abschrift\/\">https:\/\/aiartfree.online\/transcript<\/a> um YouTube-Videos hochzuladen und Abschriften zu erhalten.<\/li>\n\n\n\n<li class=\"\"><strong>Was ist eine IRS-Abschrift?<\/strong> Eine IRS-Abschrift ist eine Zusammenfassung Ihrer Steuererkl\u00e4rungsdaten, die vom Internal Revenue Service bereitgestellt wird.<\/li>\n\n\n\n<li class=\"\"><strong>Wie erhalte ich Abschriften von Hochschulen?<\/strong> Fordern Sie bei der Zulassungsstelle Ihrer Hochschule oder den Online-Diensten Ihrer Hochschule Abschriften an.<\/li>\n\n\n\n<li class=\"\"><strong>Was sind Transkriptionsjobs?<\/strong> Bei der Transkription geht es darum, Audioaufnahmen anzuh\u00f6ren und das Geh\u00f6rte in ein schriftliches Format abzutippen.<\/li>\n<\/ol>\n\n\n\n<h3 class=\"wp-block-heading\" id=\"conclusion\">Schlussfolgerung<\/h3>\n\n\n\n<p class=\"\">Transkriptionsdienste bieten eine Vielzahl von Vorteilen, von der Verbesserung der Zug\u00e4nglichkeit bis zur Steigerung der Produktivit\u00e4t. Mit Tools wie <a href=\"https:\/\/aiartfree.online\/de\/abschrift\/\">https:\/\/aiartfree.online\/transcript<\/a>k\u00f6nnen Sie Ihre Audio- und Videodateien m\u00fchelos in Text umwandeln. Informieren Sie sich \u00fcber die besten Tools, lernen Sie ihre Funktionen kennen und w\u00e4hlen Sie den richtigen Dienst f\u00fcr Ihre Bed\u00fcrfnisse. Beginnen Sie noch heute mit dem Transkribieren und sch\u00f6pfen Sie das volle Potenzial Ihrer Inhalte aus!<\/p>\n\n\n\n<p class=\"\">Besuchen Sie <a href=\"https:\/\/aiartfree.online\/de\/abschrift\/\">https:\/\/aiartfree.online\/transcript<\/a> und erleben Sie den besten kostenlosen und unbegrenzten Transkriptionsservice ohne l\u00e4stige Anmeldung!<\/p>","protected":false},"excerpt":{"rendered":"<p>How to use Transcript * Depending on your internet speed, loading the model may take a few seconds. \u2193 How to Use Transcript Services: Your Ultimate Guide Introduction Transcription services have revolutionized the way we handle audio and video content by converting spoken words into written text. Whether you&#8217;re a student, professional, or content creator, &#8230; <a title=\"Abschrift\" class=\"read-more\" href=\"https:\/\/aiartfree.online\/de\/abschrift\/\" aria-label=\"Mehr Informationen \u00fcber Transcript\">Weiterlesen<\/a><\/p>","protected":false},"author":1,"featured_media":3345,"parent":0,"menu_order":0,"comment_status":"open","ping_status":"closed","template":"","meta":{"nf_dc_page":"","footnotes":""},"class_list":["post-3340","page","type-page","status-publish","has-post-thumbnail"],"jetpack_sharing_enabled":true,"_links":{"self":[{"href":"https:\/\/aiartfree.online\/de\/wp-json\/wp\/v2\/pages\/3340","targetHints":{"allow":["GET"]}}],"collection":[{"href":"https:\/\/aiartfree.online\/de\/wp-json\/wp\/v2\/pages"}],"about":[{"href":"https:\/\/aiartfree.online\/de\/wp-json\/wp\/v2\/types\/page"}],"author":[{"embeddable":true,"href":"https:\/\/aiartfree.online\/de\/wp-json\/wp\/v2\/users\/1"}],"replies":[{"embeddable":true,"href":"https:\/\/aiartfree.online\/de\/wp-json\/wp\/v2\/comments?post=3340"}],"version-history":[{"count":0,"href":"https:\/\/aiartfree.online\/de\/wp-json\/wp\/v2\/pages\/3340\/revisions"}],"wp:featuredmedia":[{"embeddable":true,"href":"https:\/\/aiartfree.online\/de\/wp-json\/wp\/v2\/media\/3345"}],"wp:attachment":[{"href":"https:\/\/aiartfree.online\/de\/wp-json\/wp\/v2\/media?parent=3340"}],"curies":[{"name":"wp","href":"https:\/\/api.w.org\/{rel}","templated":true}]}}