{"id":3319,"date":"2024-07-30T11:47:20","date_gmt":"2024-07-30T11:47:20","guid":{"rendered":"https:\/\/aiartfree.online\/?page_id=3319"},"modified":"2025-03-07T08:27:06","modified_gmt":"2025-03-07T08:27:06","slug":"youtube-transcript","status":"publish","type":"page","link":"https:\/\/aiartfree.online\/de\/youtube-transkript\/","title":{"rendered":"YouTube Mitschnitt"},"content":{"rendered":"<h2 class=\"wp-block-heading\" style=\"font-size:23px\">So verwenden Sie YouTube Transcript<\/h2>\n\n\n\n<ol class=\"wp-block-list\">\n<li class=\"\">W\u00e4hlen Sie <strong>YouTube<\/strong> von der oberen Registerkarte<\/li>\n\n\n\n<li class=\"\">F\u00fcgen Sie Ihre YouTube-URL ein<\/li>\n\n\n\n<li class=\"\">W\u00e4hlen Sie \"Zeitstempel zur\u00fcckgeben\".<\/li>\n\n\n\n<li class=\"\">Klicken Sie auf \"Abschicken\".<\/li>\n\n\n\n<li class=\"\">Moment, das ist es!<\/li>\n<\/ol>\n\n\n\n<figure class=\"gb-block-image gb-block-image-4dfafe81\"><a href=\"https:\/\/fas.st\/t\/XmtmoHSk\" target=\"_blank\" rel=\"noopener noreferrer\"><img data-recalc-dims=\"1\" decoding=\"async\" loading=\"lazy\" width=\"1200\" height=\"368\" class=\"gb-image gb-image-4dfafe81\" src=\"https:\/\/i0.wp.com\/aiartfree.online\/wp-content\/uploads\/2025\/03\/WX20250307-114300%402x.webp?resize=1200%2C368&#038;ssl=1\" alt=\"\" title=\"WX20250307-114300@2x\" srcset=\"https:\/\/i0.wp.com\/aiartfree.online\/wp-content\/uploads\/2025\/03\/WX20250307-114300%402x.webp?w=1900&amp;ssl=1 1900w, https:\/\/i0.wp.com\/aiartfree.online\/wp-content\/uploads\/2025\/03\/WX20250307-114300%402x.webp?resize=300%2C92&amp;ssl=1 300w, https:\/\/i0.wp.com\/aiartfree.online\/wp-content\/uploads\/2025\/03\/WX20250307-114300%402x.webp?resize=1024%2C314&amp;ssl=1 1024w, https:\/\/i0.wp.com\/aiartfree.online\/wp-content\/uploads\/2025\/03\/WX20250307-114300%402x.webp?resize=768%2C235&amp;ssl=1 768w, https:\/\/i0.wp.com\/aiartfree.online\/wp-content\/uploads\/2025\/03\/WX20250307-114300%402x.webp?resize=1536%2C471&amp;ssl=1 1536w, https:\/\/i0.wp.com\/aiartfree.online\/wp-content\/uploads\/2025\/03\/WX20250307-114300%402x.webp?resize=18%2C6&amp;ssl=1 18w, https:\/\/i0.wp.com\/aiartfree.online\/wp-content\/uploads\/2025\/03\/WX20250307-114300%402x.webp?resize=600%2C184&amp;ssl=1 600w\" sizes=\"auto, (max-width: 1200px) 100vw, 1200px\" \/><\/a><\/figure>\n\n\n\n<p class=\"\">* <em>Je nach Ihrer Internetgeschwindigkeit kann das Laden des Modells einige Sekunden dauern.<\/em> \u2193<\/p>\n\n\n\n<style>\n  .iframe-container {\n    text-align: center;\n    border: 2px solid;\n    border-image-source: linear-gradient(to right, #16b86c, #912899);\n    border-image-slice: 1;\n    box-shadow: 0 0 10px rgba(0, 0, 0, 0.1);\n    border-radius: 15px;\n    position: relative; \/* \u4f7f loader \u7edd\u5bf9\u5b9a\u4f4d\u6709\u6548 *\/\n  }\n  .loader {\n    position: absolute;\n    top: 100px;\n    left: 50%;\n    transform: translate(-50%, -50%);\n    width: 40px;\n    height: 40px;\n    border: 4px solid #f3f3f3;\n    border-top: 4px solid #9834db;\n    border-radius: 50%;\n    animation: spin 1s linear infinite;\n  }\n  @keyframes spin {\n    0% { transform: translate(-50%, -50%) rotate(0deg); }\n    100% { transform: translate(-50%, -50%) rotate(360deg); }\n  }\n  iframe {\n    width: 100%;\n    height: 1550px;\n    border: none;\n    display: inline-block;\n    margin: 0 auto;\n    opacity: 0;\n    transition: opacity 0.3s ease;\n  }\n<\/style>\n\n<div class=\"iframe-container\">\n  <div id=\"loader\" class=\"loader\"><\/div>\n  <iframe\n    src=\"https:\/\/sanchit-gandhi-whisper-jax.hf.space\"\n    frameborder=\"0\"\n    onload=\"this.style.opacity=1;document.getElementById('loader').style.display='none';\"\n  ><\/iframe>\n<\/div>\n\n\n\n<div style=\"height:60px\" aria-hidden=\"true\" class=\"wp-block-spacer\"><\/div>\n\n\n\n<h2 class=\"wp-block-heading\">Der ultimative Leitfaden f\u00fcr YouTube Transkript<\/h2>\n\n\n\n<h3 class=\"wp-block-heading\">Inhalts\u00fcbersicht<\/h3>\n\n\n\n<ol class=\"wp-block-list\">\n<li class=\"\"><a href=\"#introduction\">Einf\u00fchrung<\/a><\/li>\n\n\n\n<li class=\"\"><a href=\"#what-is-a-youtube-transcript\">Was ist ein YouTube-Transkript?<\/a><\/li>\n\n\n\n<li class=\"\"><a href=\"#why-use-youtube-transcripts\">Warum YouTube-Transkripte verwenden?<\/a><\/li>\n\n\n\n<li class=\"\"><a href=\"#main-features-of-youtube-transcripts\">Hauptmerkmale von YouTube-Transkripten<\/a>\n<ul class=\"wp-block-list\">\n<li class=\"\"><a href=\"#transcription-accuracy\">Transkriptionsgenauigkeit<\/a><\/li>\n\n\n\n<li class=\"\"><a href=\"#time-stamped-transcripts\">Zeitgestempelte Abschriften<\/a><\/li>\n\n\n\n<li class=\"\"><a href=\"#download-options\">Optionen herunterladen<\/a><\/li>\n\n\n\n<li class=\"\"><a href=\"#editing-and-customization\">Editieren und Anpassen<\/a><\/li>\n<\/ul>\n<\/li>\n\n\n\n<li class=\"\"><a href=\"#who-should-use-youtube-transcripts\">Wer sollte YouTube-Transkripte verwenden?<\/a><\/li>\n\n\n\n<li class=\"\"><a href=\"#industries-benefiting-from-youtube-transcripts\">Branchen, die von YouTube-Transkripten profitieren<\/a><\/li>\n\n\n\n<li class=\"\"><a href=\"#how-to-use-youtube-transcripts\">So verwenden Sie YouTube-Transkripte<\/a><\/li>\n\n\n\n<li class=\"\"><a href=\"#use-cases-of-youtube-transcripts\">Anwendungsf\u00e4lle von YouTube-Transkripten<\/a>\n<ul class=\"wp-block-list\">\n<li class=\"\"><a href=\"#content-creators\">Sch\u00f6pfer von Inhalten<\/a><\/li>\n\n\n\n<li class=\"\"><a href=\"#educators\">P\u00e4dagogen<\/a><\/li>\n\n\n\n<li class=\"\"><a href=\"#marketers\">Vermarkter<\/a><\/li>\n<\/ul>\n<\/li>\n\n\n\n<li class=\"\"><a href=\"#top-10-youtube-transcript-tools-and-information\">Die 10 besten YouTube-Transkriptions-Tools und Informationen<\/a><\/li>\n\n\n\n<li class=\"\"><a href=\"#advantages-disadvantages-and-challenges-in-the-industry\">Vorteile, Nachteile und Herausforderungen in der Industrie<\/a><\/li>\n\n\n\n<li class=\"\"><a href=\"#faq\">FAQ<\/a><\/li>\n\n\n\n<li class=\"\"><a href=\"#conclusion\">Schlussfolgerung<\/a><\/li>\n<\/ol>\n\n\n\n<h3 class=\"wp-block-heading\">Einf\u00fchrung<\/h3>\n\n\n\n<p class=\"\">Im digitalen Zeitalter ist die Zug\u00e4nglichkeit von Inhalten von entscheidender Bedeutung. Eines der n\u00fctzlichsten Instrumente zur Verbesserung der Zug\u00e4nglichkeit und des Engagements ist das YouTube-Transkript. In diesem Leitfaden erfahren Sie, was ein YouTube-Transkript ist, warum es so wichtig ist und wie Sie es effektiv nutzen k\u00f6nnen. Au\u00dferdem stellen wir die besten verf\u00fcgbaren Tools vor, darunter unsere Top-Empfehlung, <a href=\"https:\/\/aiartfree.online\/de\/youtube-transkript\/\">https:\/\/aiartfree.online\/youtube-transcript\/<\/a>und bieten einen umfassenden FAQ-Bereich zur Beantwortung h\u00e4ufiger Fragen.<\/p>\n\n\n\n<figure class=\"wp-block-image size-full is-resized\"><img data-recalc-dims=\"1\" data-dominant-color=\"987d7b\" data-has-transparency=\"false\" decoding=\"async\" width=\"1024\" height=\"710\"   loading=\"lazy\" src=\"https:\/\/i0.wp.com\/aiartfree.online\/wp-content\/uploads\/2024\/07\/image-28-jpg.webp?resize=1024%2C710&#038;ssl=1\" alt=\"YouTube Mitschnitt\" class=\"wp-image-3337 not-transparent\" style=\"--dominant-color: #987d7b; width:561px;height:auto\" srcset=\"https:\/\/i0.wp.com\/aiartfree.online\/wp-content\/uploads\/2024\/07\/image-28-jpg.webp?w=1024&amp;ssl=1 1024w, https:\/\/i0.wp.com\/aiartfree.online\/wp-content\/uploads\/2024\/07\/image-28-jpg.webp?resize=300%2C208&amp;ssl=1 300w, https:\/\/i0.wp.com\/aiartfree.online\/wp-content\/uploads\/2024\/07\/image-28-jpg.webp?resize=768%2C533&amp;ssl=1 768w, https:\/\/i0.wp.com\/aiartfree.online\/wp-content\/uploads\/2024\/07\/image-28-jpg.webp?resize=18%2C12&amp;ssl=1 18w, https:\/\/i0.wp.com\/aiartfree.online\/wp-content\/uploads\/2024\/07\/image-28-jpg.webp?resize=600%2C416&amp;ssl=1 600w\" sizes=\"auto, (max-width: 1024px) 100vw, 1024px\" \/><\/figure>\n\n\n\n<h3 class=\"wp-block-heading\">Was ist ein YouTube-Transkript?<\/h3>\n\n\n\n<p class=\"\">Ein YouTube-Transkript ist eine textuelle Darstellung des gesprochenen Inhalts eines YouTube-Videos. Sie erfasst jedes gesprochene Wort, oft mit Zeitstempeln, und erleichtert es den Zuschauern, dem Video zu folgen, nach bestimmten Inhalten zu suchen und die Informationen auf verschiedene Weise zu nutzen.<\/p>\n\n\n\n<h3 class=\"wp-block-heading\">Warum YouTube-Transkripte verwenden?<\/h3>\n\n\n\n<p class=\"\">Die Verwendung von YouTube-Transkripten bietet zahlreiche Vorteile:<\/p>\n\n\n\n<ol class=\"wp-block-list\">\n<li class=\"\"><strong>Erreichbarkeit<\/strong>: Transkripte machen Inhalte auch f\u00fcr Menschen mit H\u00f6rbehinderungen zug\u00e4nglich.<\/li>\n\n\n\n<li class=\"\"><strong>Durchsuchbarkeit<\/strong>: Texttranskripte verbessern die Suchmaschinenoptimierung (SEO), indem sie Videoinhalte nach Schl\u00fcsselw\u00f6rtern durchsuchbar machen.<\/li>\n\n\n\n<li class=\"\"><strong>Wiederverwendung von Inhalten<\/strong>: Abschriften k\u00f6nnen als Blogbeitr\u00e4ge, Artikel oder Inhalte f\u00fcr soziale Medien weiterverwendet werden.<\/li>\n\n\n\n<li class=\"\"><strong>Verstehen<\/strong>: Nicht-Muttersprachler k\u00f6nnen Videoinhalte besser verstehen, wenn sie mitlesen.<\/li>\n\n\n\n<li class=\"\"><strong>Verlobung<\/strong>: Transkripte halten die Zuschauer bei der Stange, indem sie ihnen erm\u00f6glichen, dem Video in Textform zu folgen.<\/li>\n<\/ol>\n\n\n\n<h3 class=\"wp-block-heading\">Hauptmerkmale von YouTube-Transkripten<\/h3>\n\n\n\n<h4 class=\"wp-block-heading\">Transkriptionsgenauigkeit<\/h4>\n\n\n\n<p class=\"\">Eine genaue Transkription ist entscheidend f\u00fcr den Nutzen einer Abschrift. Die besten Tools bieten hohe Genauigkeitsraten und reduzieren die Notwendigkeit umfangreicher manueller Korrekturen.<\/p>\n\n\n\n<h4 class=\"wp-block-heading\">Zeitgestempelte Abschriften<\/h4>\n\n\n\n<p class=\"\">Zeitstempel erm\u00f6glichen es den Nutzern, einfach durch das Video zu navigieren und bei Bedarf zu bestimmten Teilen des Inhalts zu springen.<\/p>\n\n\n\n<h4 class=\"wp-block-heading\">Optionen herunterladen<\/h4>\n\n\n\n<p class=\"\">Die besten Tools bieten verschiedene Download-Formate (z. B. SRT, TXT), um die Kompatibilit\u00e4t mit verschiedenen Plattformen und Software zu gew\u00e4hrleisten.<\/p>\n\n\n\n<h4 class=\"wp-block-heading\">Editieren und Anpassen<\/h4>\n\n\n\n<p class=\"\">Durch die M\u00f6glichkeit, Abschriften zu bearbeiten und anzupassen, wird sichergestellt, dass sie den spezifischen Bed\u00fcrfnissen der Benutzer entsprechen, z. B. durch Hinzuf\u00fcgen von Notizen oder Korrigieren von Ungenauigkeiten.<\/p>\n\n\n\n<h3 class=\"wp-block-heading\">Wer sollte YouTube-Transkripte verwenden?<\/h3>\n\n\n\n<ul class=\"wp-block-list\">\n<li class=\"\"><strong>Sch\u00f6pfer von Inhalten<\/strong>: Um SEO und Engagement zu verbessern.<\/li>\n\n\n\n<li class=\"\"><strong>P\u00e4dagogen<\/strong>: Bereitstellung zug\u00e4nglicher Lernmaterialien.<\/li>\n\n\n\n<li class=\"\"><strong>Vermarkter<\/strong>: Zur Extraktion von Inhalten f\u00fcr Kampagnen und Analysen.<\/li>\n\n\n\n<li class=\"\"><strong>Forscher<\/strong>: Transkription von Interviews und Pr\u00e4sentationen f\u00fcr die Datenanalyse.<\/li>\n\n\n\n<li class=\"\"><strong>Betrachter<\/strong>: Zum Mitverfolgen der Videos und zur Verbesserung des Verst\u00e4ndnisses.<\/li>\n<\/ul>\n\n\n\n<h3 class=\"wp-block-heading\">Branchen, die von YouTube-Transkripten profitieren<\/h3>\n\n\n\n<ul class=\"wp-block-list\">\n<li class=\"\"><strong>Bildung<\/strong>: Verbesserung der Lernressourcen.<\/li>\n\n\n\n<li class=\"\"><strong>Marketing<\/strong>: Verbesserung der Reichweite und des Engagements von Inhalten.<\/li>\n\n\n\n<li class=\"\"><strong>Unterhaltung<\/strong>: Inhalte f\u00fcr ein breiteres Publikum zug\u00e4nglich machen.<\/li>\n\n\n\n<li class=\"\"><strong>Forschung<\/strong>: Erleichterung der Datenanalyse und -dokumentation.<\/li>\n\n\n\n<li class=\"\"><strong>Gesundheitswesen<\/strong>: Transkribieren von medizinischen Vorlesungen und Seminaren f\u00fcr die berufliche Weiterbildung.<\/li>\n<\/ul>\n\n\n\n<h3 class=\"wp-block-heading\">So verwenden Sie YouTube-Transkripte<\/h3>\n\n\n\n<ol class=\"wp-block-list\">\n<li class=\"\"><strong>Werkzeug zum Finden einer Abschrift<\/strong>: Verwenden Sie ein zuverl\u00e4ssiges Tool wie <a href=\"https:\/\/aiartfree.online\/de\/youtube-transkript\/\">https:\/\/aiartfree.online\/youtube-transcript\/<\/a>.<\/li>\n\n\n\n<li class=\"\"><strong>Das Video hochladen oder verlinken<\/strong>: Geben Sie den Link zum YouTube-Video an.<\/li>\n\n\n\n<li class=\"\"><strong>Abschrift generieren<\/strong>: Erlauben Sie dem Tool, das Video zu verarbeiten und das Transkript zu erstellen.<\/li>\n\n\n\n<li class=\"\"><strong>Bearbeiten und Anpassen<\/strong>: Nehmen Sie alle erforderlichen \u00c4nderungen an der Abschrift vor.<\/li>\n\n\n\n<li class=\"\"><strong>Herunterladen<\/strong>: Speichern Sie die Abschrift in dem von Ihnen gew\u00fcnschten Format.<\/li>\n<\/ol>\n\n\n\n<h3 class=\"wp-block-heading\">Anwendungsf\u00e4lle von YouTube-Transkripten<\/h3>\n\n\n\n<h4 class=\"wp-block-heading\">Sch\u00f6pfer von Inhalten<\/h4>\n\n\n\n<p class=\"\">Inhaltsersteller k\u00f6nnen Transkripte verwenden, um die Suchmaschinenoptimierung zu verbessern und ihre Videos besser auffindbar zu machen. Transkripte k\u00f6nnen auch in Blogbeitr\u00e4gen oder Social-Media-Inhalten wiederverwendet werden.<\/p>\n\n\n\n<h4 class=\"wp-block-heading\">P\u00e4dagogen<\/h4>\n\n\n\n<p class=\"\">Lehrkr\u00e4fte k\u00f6nnen Sch\u00fclern Abschriften zur Verf\u00fcgung stellen, um das Lernen und die Zug\u00e4nglichkeit zu verbessern. Abschriften sind auch f\u00fcr die Erstellung von Studienmaterialien und Referenzdokumenten n\u00fctzlich.<\/p>\n\n\n\n<h4 class=\"wp-block-heading\">Vermarkter<\/h4>\n\n\n\n<p class=\"\">Marketingfachleute k\u00f6nnen Transkripte verwenden, um wichtige Informationen f\u00fcr Kampagnen zu extrahieren, Blogbeitr\u00e4ge zu erstellen und das Verhalten und die Vorlieben der Verbraucher zu analysieren.<\/p>\n\n\n\n<h3 class=\"wp-block-heading\">Die 10 besten YouTube-Transkriptions-Tools und Informationen<\/h3>\n\n\n\n<figure class=\"wp-block-table\"><table class=\"has-fixed-layout\"><thead><tr><th>Website<\/th><th>Vorteile<\/th><th>Benachteiligungen<\/th><th>Herausforderungen<\/th><th>Vorschl\u00e4ge<\/th><\/tr><\/thead><tbody><tr><td><a href=\"https:\/\/aiartfree.online\/de\/youtube-transkript\/\">YouTube Mitschnitt<\/a><\/td><td>100% Kostenlos, unbegrenzt, ohne Anmeldung, hohe Genauigkeit<\/td><td>Begrenzte Sprachunterst\u00fctzung<\/td><td>Gew\u00e4hrleistung einer hohen Genauigkeit in allen Videos<\/td><td>Sprachunterst\u00fctzung ausbauen<\/td><\/tr><tr><td>otter.ai<\/td><td>Genaue, kollaborative Funktionen<\/td><td>Abonnement erforderlich<\/td><td>Kostenmanagement f\u00fcr gro\u00dfe Teams<\/td><td>Erschwinglichere Pl\u00e4ne anbieten<\/td><\/tr><tr><td>rev.com<\/td><td>Professionelle Genauigkeit, schnelle Bearbeitung<\/td><td>Kostspielig f\u00fcr lange Videos<\/td><td>Beibehaltung der Erschwinglichkeit<\/td><td>Einf\u00fchrung von Preisstaffeln<\/td><\/tr><tr><td>temi.de<\/td><td>Erschwinglich, benutzerfreundlich<\/td><td>Die Genauigkeit kann variieren<\/td><td>Gleichgewicht zwischen Kosten und Qualit\u00e4t<\/td><td>Verbesserung der Genauigkeit<\/td><\/tr><tr><td>transcribeme.com<\/td><td>Hohe Genauigkeit, menschliche Transkription verf\u00fcgbar<\/td><td>Teuer<\/td><td>Verwaltung der Transkriptionskosten<\/td><td>Angebot von Rabatten f\u00fcr Gro\u00dfauftr\u00e4ge<\/td><\/tr><tr><td>sonix.ai<\/td><td>Schnell, Integrierbar mit Bearbeitungssoftware<\/td><td>Abonnement erforderlich<\/td><td>Rechtfertigung der Abonnementkosten<\/td><td>Bieten Sie mehr Versuchsoptionen an<\/td><\/tr><tr><td>scribie.com<\/td><td>Erschwingliche, manuelle Transkription verf\u00fcgbar<\/td><td>Eingeschr\u00e4nkte Funktionen<\/td><td>Erweiterung des Funktionsumfangs<\/td><td>Funktionen erweitern<\/td><\/tr><tr><td>Gl\u00fcckwunschschreiben.de<\/td><td>Mehrsprachige Unterst\u00fctzung, Benutzerfreundlichkeit<\/td><td>Abonnement erforderlich<\/td><td>Kostenmanagement<\/td><td>Einf\u00fchrung einer flexibleren Preisgestaltung<\/td><\/tr><tr><td>descript.com<\/td><td>Bearbeitungsfunktionen, hohe Genauigkeit<\/td><td>Steilere Lernkurve<\/td><td>Benutzerfreundliche Schnittstelle<\/td><td>Vereinfachung der Schnittstelle<\/td><\/tr><tr><td><a href=\"https:\/\/trint.com\" target=\"_blank\" rel=\"noopener\">trint.com<\/a><\/td><td>Schnell, Tools f\u00fcr die Zusammenarbeit<\/td><td>Teuer f\u00fcr Einzelnutzer<\/td><td>Kosteneffizienz<\/td><td>Mehr individuelle Nutzungspl\u00e4ne anbieten<\/td><\/tr><\/tbody><\/table><\/figure>\n\n\n\n<h3 class=\"wp-block-heading\">Vorteile, Nachteile und Herausforderungen in der Industrie<\/h3>\n\n\n\n<h4 class=\"wp-block-heading\">Vorteile<\/h4>\n\n\n\n<ul class=\"wp-block-list\">\n<li class=\"\">Verbesserte Zug\u00e4nglichkeit und Engagement.<\/li>\n\n\n\n<li class=\"\">Verbessertes SEO und Auffindbarkeit.<\/li>\n\n\n\n<li class=\"\">Vielseitige Wiederverwendung von Inhalten.<\/li>\n<\/ul>\n\n\n\n<h4 class=\"wp-block-heading\">Benachteiligungen<\/h4>\n\n\n\n<ul class=\"wp-block-list\">\n<li class=\"\">Unterschiedliche Genauigkeit bei verschiedenen Werkzeugen.<\/li>\n\n\n\n<li class=\"\">Kosten im Zusammenhang mit hochwertigen Transkriptionsdiensten.<\/li>\n<\/ul>\n\n\n\n<h4 class=\"wp-block-heading\">Herausforderungen<\/h4>\n\n\n\n<ul class=\"wp-block-list\">\n<li class=\"\">Abw\u00e4gen zwischen Kosten und Genauigkeit.<\/li>\n\n\n\n<li class=\"\">Gew\u00e4hrleistung von mehrsprachiger Unterst\u00fctzung und Anpassungsm\u00f6glichkeiten.<\/li>\n<\/ul>\n\n\n\n<h4 class=\"wp-block-heading\">Vorschl\u00e4ge<\/h4>\n\n\n\n<ul class=\"wp-block-list\">\n<li class=\"\">Erweiterung der Sprachunterst\u00fctzung.<\/li>\n\n\n\n<li class=\"\">Bieten Sie flexiblere und erschwinglichere Preispl\u00e4ne an.<\/li>\n\n\n\n<li class=\"\">Verbesserung der Benutzeroberfl\u00e4chen f\u00fcr bessere Benutzerfreundlichkeit.<\/li>\n<\/ul>\n\n\n\n<h3 class=\"wp-block-heading\">FAQ<\/h3>\n\n\n\n<ol class=\"wp-block-list\">\n<li class=\"\"><strong>Wie erh\u00e4lt man eine Abschrift eines YouTube-Videos?<\/strong>\n<ul class=\"wp-block-list\">\n<li class=\"\">Verwenden Sie ein Tool wie <a href=\"https:\/\/aiartfree.online\/de\/youtube-transkript\/\">https:\/\/aiartfree.online\/youtube-transcript\/<\/a> zur einfachen Erstellung von Abschriften.<\/li>\n<\/ul>\n<\/li>\n\n\n\n<li class=\"\"><strong>Wie kann ich eine Abschrift bei YouTube herunterladen?<\/strong>\n<ul class=\"wp-block-list\">\n<li class=\"\">Verwenden Sie die integrierte Abschriftfunktion von YouTube oder ein Tool eines Drittanbieters, um die Abschrift herunterzuladen.<\/li>\n<\/ul>\n<\/li>\n\n\n\n<li class=\"\"><strong>Wie bekomme ich eine Abschrift eines YouTube-Videos?<\/strong>\n<ul class=\"wp-block-list\">\n<li class=\"\">Kopieren Sie den Videolink und verwenden Sie ein Transkriptionstool, um das Transkript zu erstellen und herunterzuladen.<\/li>\n<\/ul>\n<\/li>\n\n\n\n<li class=\"\"><strong>Wie bekomme ich die Abschrift eines YouTube-Videos?<\/strong>\n<ul class=\"wp-block-list\">\n<li class=\"\">Nutzen Sie Online-Tools wie <a href=\"https:\/\/aiartfree.online\/de\/\">aiartfree.online<\/a> zur einfachen Erstellung von Abschriften.<\/li>\n<\/ul>\n<\/li>\n\n\n\n<li class=\"\"><strong>Wie erh\u00e4lt man eine Abschrift von einem YouTube-Video?<\/strong>\n<ul class=\"wp-block-list\">\n<li class=\"\">F\u00fcgen Sie den Videolink in ein Tool zur Erstellung von Transkripten ein und laden Sie die Ausgabe herunter.<\/li>\n<\/ul>\n<\/li>\n\n\n\n<li class=\"\"><strong>Wie kann ich eine Abschrift von YouTube herunterladen?<\/strong>\n<ul class=\"wp-block-list\">\n<li class=\"\">Nutzen Sie Dienste von Drittanbietern, um die Abschrift in verschiedenen Formaten herunterzuladen.<\/li>\n<\/ul>\n<\/li>\n\n\n\n<li class=\"\"><strong>Wie erh\u00e4lt man eine YouTube-Abschrift?<\/strong>\n<ul class=\"wp-block-list\">\n<li class=\"\">Greifen Sie \u00fcber YouTube auf das Transkript des Videos zu oder nutzen Sie externe Tools f\u00fcr erweiterte Funktionen.<\/li>\n<\/ul>\n<\/li>\n\n\n\n<li class=\"\"><strong>Wie kann ich eine Abschrift f\u00fcr YouTube-Videos erstellen?<\/strong>\n<ul class=\"wp-block-list\">\n<li class=\"\">Nutzen Sie automatische Transkriptionsdienste f\u00fcr schnelle und genaue Ergebnisse.<\/li>\n<\/ul>\n<\/li>\n\n\n\n<li class=\"\"><strong>Wie bearbeitet man ein YouTube-Transkript?<\/strong>\n<ul class=\"wp-block-list\">\n<li class=\"\">Laden Sie die Abschrift herunter und verwenden Sie eine Textbearbeitungssoftware, um \u00c4nderungen vorzunehmen.<\/li>\n<\/ul>\n<\/li>\n\n\n\n<li class=\"\"><strong>Wie verwendet man eine YouTube-Abschrift?<\/strong>\n<ul class=\"wp-block-list\">\n<li class=\"\">Folgen Sie dem Video, suchen Sie nach bestimmten Begriffen oder nutzen Sie die Inhalte f\u00fcr andere Zwecke.<\/li>\n<\/ul>\n<\/li>\n<\/ol>\n\n\n\n<figure class=\"wp-block-image size-large is-resized\"><img data-recalc-dims=\"1\" data-dominant-color=\"888685\" data-has-transparency=\"false\" decoding=\"async\" width=\"1024\" height=\"490\"   loading=\"lazy\" src=\"https:\/\/i0.wp.com\/aiartfree.online\/wp-content\/uploads\/2024\/07\/WX20240730-201649%402x-1024x490.webp?resize=1024%2C490&#038;ssl=1\" alt=\"\" class=\"wp-image-3349 not-transparent\" style=\"--dominant-color: #888685; width:700px;height:auto\" srcset=\"https:\/\/i0.wp.com\/aiartfree.online\/wp-content\/uploads\/2024\/07\/WX20240730-201649%402x.jpg?resize=1024%2C490&amp;ssl=1 1024w, https:\/\/i0.wp.com\/aiartfree.online\/wp-content\/uploads\/2024\/07\/WX20240730-201649%402x.jpg?resize=300%2C144&amp;ssl=1 300w, https:\/\/i0.wp.com\/aiartfree.online\/wp-content\/uploads\/2024\/07\/WX20240730-201649%402x.jpg?resize=768%2C367&amp;ssl=1 768w, https:\/\/i0.wp.com\/aiartfree.online\/wp-content\/uploads\/2024\/07\/WX20240730-201649%402x.jpg?resize=1536%2C735&amp;ssl=1 1536w, https:\/\/i0.wp.com\/aiartfree.online\/wp-content\/uploads\/2024\/07\/WX20240730-201649%402x.jpg?resize=18%2C9&amp;ssl=1 18w, https:\/\/i0.wp.com\/aiartfree.online\/wp-content\/uploads\/2024\/07\/WX20240730-201649%402x.jpg?resize=600%2C287&amp;ssl=1 600w, https:\/\/i0.wp.com\/aiartfree.online\/wp-content\/uploads\/2024\/07\/WX20240730-201649%402x.jpg?w=1944&amp;ssl=1 1944w\" sizes=\"auto, (max-width: 1024px) 100vw, 1024px\" \/><\/figure>\n\n\n\n<h3 class=\"wp-block-heading\">Schlussfolgerung<\/h3>\n\n\n\n<p class=\"\">YouTube-Transkripte sind von unsch\u00e4tzbarem Wert f\u00fcr die Verbesserung der Zug\u00e4nglichkeit, SEO und die Wiederverwendung von Inhalten. Durch die Verwendung zuverl\u00e4ssiger Tools wie <a href=\"https:\/\/aiartfree.online\/de\/youtube-transkript\/\">https:\/\/aiartfree.online\/youtube-transcript\/<\/a>k\u00f6nnen Sie problemlos Abschriften erstellen, bearbeiten und herunterladen. Nutzen Sie die Vorteile von Transkripten, um Ihre Videoinhalte zu verbessern und ein breiteres Publikum zu erreichen.<\/p>\n\n\n\n<p class=\"\"><\/p>","protected":false},"excerpt":{"rendered":"<p>How to use YouTube Transcript * Depending on your internet speed, loading the model may take a few seconds. \u2193 The Ultimate Guide For YouTube Transcript Table of Contents Introduction In the digital age, content accessibility is paramount. One of the most useful tools for enhancing accessibility and engagement is the YouTube transcript. This guide &#8230; <a title=\"YouTube Mitschnitt\" class=\"read-more\" href=\"https:\/\/aiartfree.online\/de\/youtube-transkript\/\" aria-label=\"Mehr Informationen \u00fcber YouTube Transcript\">Weiterlesen<\/a><\/p>","protected":false},"author":1,"featured_media":3349,"parent":0,"menu_order":0,"comment_status":"open","ping_status":"closed","template":"","meta":{"nf_dc_page":"","footnotes":""},"class_list":["post-3319","page","type-page","status-publish","has-post-thumbnail"],"jetpack_sharing_enabled":true,"_links":{"self":[{"href":"https:\/\/aiartfree.online\/de\/wp-json\/wp\/v2\/pages\/3319","targetHints":{"allow":["GET"]}}],"collection":[{"href":"https:\/\/aiartfree.online\/de\/wp-json\/wp\/v2\/pages"}],"about":[{"href":"https:\/\/aiartfree.online\/de\/wp-json\/wp\/v2\/types\/page"}],"author":[{"embeddable":true,"href":"https:\/\/aiartfree.online\/de\/wp-json\/wp\/v2\/users\/1"}],"replies":[{"embeddable":true,"href":"https:\/\/aiartfree.online\/de\/wp-json\/wp\/v2\/comments?post=3319"}],"version-history":[{"count":1,"href":"https:\/\/aiartfree.online\/de\/wp-json\/wp\/v2\/pages\/3319\/revisions"}],"predecessor-version":[{"id":3604,"href":"https:\/\/aiartfree.online\/de\/wp-json\/wp\/v2\/pages\/3319\/revisions\/3604"}],"wp:featuredmedia":[{"embeddable":true,"href":"https:\/\/aiartfree.online\/de\/wp-json\/wp\/v2\/media\/3349"}],"wp:attachment":[{"href":"https:\/\/aiartfree.online\/de\/wp-json\/wp\/v2\/media?parent=3319"}],"curies":[{"name":"wp","href":"https:\/\/api.w.org\/{rel}","templated":true}]}}