{"id":3302,"date":"2024-07-29T14:27:33","date_gmt":"2024-07-29T14:27:33","guid":{"rendered":"https:\/\/aiartfree.online\/?page_id=3302"},"modified":"2024-07-31T13:42:45","modified_gmt":"2024-07-31T13:42:45","slug":"deepfake","status":"publish","type":"page","link":"https:\/\/aiartfree.online\/de\/deepfake\/","title":{"rendered":"Deepfake"},"content":{"rendered":"<h2 class=\"wp-block-heading has-text-align-center\">Vorher vs. Nachher<\/h2>\n\n\n\n<figure class=\"gb-block-image gb-block-image-1822da1f\"><img data-recalc-dims=\"1\" decoding=\"async\" loading=\"lazy\" width=\"1200\" height=\"638\" class=\"gb-image gb-image-1822da1f\" src=\"https:\/\/i0.wp.com\/aiartfree.online\/wp-content\/uploads\/2024\/07\/421722273567_.pic_hd-copy-jpg.webp?resize=1200%2C638&#038;ssl=1\" alt=\"Entdecken Sie, wie die Deepfake-Technologie die digitalen Medien revolutioniert. Das beste kostenlose Tool zum Erstellen von Deepfakes, Erkunden von vertauschten Gesichtern und unbegrenzten KI-Anwendungen.\" title=\"421722273567_.pic_hd Kopie\" srcset=\"https:\/\/i0.wp.com\/aiartfree.online\/wp-content\/uploads\/2024\/07\/421722273567_.pic_hd-copy-jpg.webp?w=1652&amp;ssl=1 1652w, https:\/\/i0.wp.com\/aiartfree.online\/wp-content\/uploads\/2024\/07\/421722273567_.pic_hd-copy-jpg.webp?resize=300%2C159&amp;ssl=1 300w, https:\/\/i0.wp.com\/aiartfree.online\/wp-content\/uploads\/2024\/07\/421722273567_.pic_hd-copy-jpg.webp?resize=1024%2C544&amp;ssl=1 1024w, https:\/\/i0.wp.com\/aiartfree.online\/wp-content\/uploads\/2024\/07\/421722273567_.pic_hd-copy-jpg.webp?resize=768%2C408&amp;ssl=1 768w, https:\/\/i0.wp.com\/aiartfree.online\/wp-content\/uploads\/2024\/07\/421722273567_.pic_hd-copy-jpg.webp?resize=1536%2C816&amp;ssl=1 1536w, https:\/\/i0.wp.com\/aiartfree.online\/wp-content\/uploads\/2024\/07\/421722273567_.pic_hd-copy-jpg.webp?resize=18%2C10&amp;ssl=1 18w, https:\/\/i0.wp.com\/aiartfree.online\/wp-content\/uploads\/2024\/07\/421722273567_.pic_hd-copy-jpg.webp?resize=600%2C319&amp;ssl=1 600w\" sizes=\"auto, (max-width: 1200px) 100vw, 1200px\" \/><\/figure>\n\n\n\n<h2 class=\"wp-block-heading\">Wie man Deepfake benutzt<\/h2>\n\n\n\n<ol class=\"wp-block-list\">\n<li class=\"\">Drop oder Upload Ihrer<strong> Zielbild<\/strong><\/li>\n\n\n\n<li class=\"\">Drop oder Upload Ihrer<strong> Quelle Bild<\/strong><\/li>\n\n\n\n<li class=\"\">Klicken Sie auf \"Abschicken\".<\/li>\n\n\n\n<li class=\"\">Moment, das ist es!<\/li>\n<\/ol>\n\n\n\n<p class=\"\"><em>* Abh\u00e4ngig von Ihrer Internetgeschwindigkeit kann das Laden des Modells einige Sekunden dauern. \u2193<\/em><\/p>\n\n\n\n<div style=\"text-align: center; border: 2px solid; border-image-source: linear-gradient(to right, #16b86c, #912899); border-image-slice: 1; box-shadow: 0 0 10px rgba(0, 0, 0, 0.1); border-radius: 15px;\">\n  <iframe loading=\"lazy\"\n    src=\"https:\/\/bingbing520-Swap-Face-Model.hf.space\"\n    frameborder=\"0\"\n    width=\"100%\"\n    height=\"1000\"\n    style=\"display: inline-block; margin: 0 auto;\"\n  ><\/iframe>\n<\/div>\n\n\n\n<div style=\"height:50px\" aria-hidden=\"true\" class=\"wp-block-spacer\"><\/div>\n\n\n\n<h2 class=\"wp-block-heading\">Erforschung der Welt der Deepfakes: Definition, Einsatzm\u00f6glichkeiten und Top-Tools<\/h2>\n\n\n\n<p class=\"\">Die Deepfake-Technologie hat die Art und Weise, wie wir mit digitalen Medien interagieren, revolutioniert und bietet nie dagewesene M\u00f6glichkeiten und Herausforderungen. Dieser Artikel befasst sich mit der Definition, den Anwendungen und den besten Tools f\u00fcr die Erstellung und Erkennung von Deepfakes.<\/p>\n\n\n\n<figure class=\"wp-block-image size-large is-resized\"><img data-recalc-dims=\"1\" data-dominant-color=\"75716f\" data-has-transparency=\"false\" decoding=\"async\" width=\"1024\" height=\"544\"   loading=\"lazy\" src=\"https:\/\/i0.wp.com\/aiartfree.online\/wp-content\/uploads\/2024\/07\/421722273567_.pic_hd-copy-1024x544.webp?resize=1024%2C544&#038;ssl=1\" alt=\"Entdecken Sie, wie die Deepfake-Technologie die digitalen Medien revolutioniert. Das beste kostenlose Tool zum Erstellen von Deepfakes, Erkunden von vertauschten Gesichtern und unbegrenzten KI-Anwendungen.\" class=\"wp-image-3313 not-transparent\" style=\"--dominant-color: #75716f; width:990px;height:auto\" srcset=\"https:\/\/i0.wp.com\/aiartfree.online\/wp-content\/uploads\/2024\/07\/421722273567_.pic_hd-copy-jpg.webp?resize=1024%2C544&amp;ssl=1 1024w, https:\/\/i0.wp.com\/aiartfree.online\/wp-content\/uploads\/2024\/07\/421722273567_.pic_hd-copy-jpg.webp?resize=300%2C159&amp;ssl=1 300w, https:\/\/i0.wp.com\/aiartfree.online\/wp-content\/uploads\/2024\/07\/421722273567_.pic_hd-copy-jpg.webp?resize=768%2C408&amp;ssl=1 768w, https:\/\/i0.wp.com\/aiartfree.online\/wp-content\/uploads\/2024\/07\/421722273567_.pic_hd-copy-jpg.webp?resize=1536%2C816&amp;ssl=1 1536w, https:\/\/i0.wp.com\/aiartfree.online\/wp-content\/uploads\/2024\/07\/421722273567_.pic_hd-copy-jpg.webp?resize=18%2C10&amp;ssl=1 18w, https:\/\/i0.wp.com\/aiartfree.online\/wp-content\/uploads\/2024\/07\/421722273567_.pic_hd-copy-jpg.webp?resize=600%2C319&amp;ssl=1 600w, https:\/\/i0.wp.com\/aiartfree.online\/wp-content\/uploads\/2024\/07\/421722273567_.pic_hd-copy-jpg.webp?w=1652&amp;ssl=1 1652w\" sizes=\"auto, (max-width: 1024px) 100vw, 1024px\" \/><\/figure>\n\n\n\n<h3 class=\"wp-block-heading\">Inhalts\u00fcbersicht<\/h3>\n\n\n\n<ol class=\"wp-block-list\">\n<li class=\"\"><a href=\"#what-is-deepfake\">Was ist Deepfake?<\/a><\/li>\n\n\n\n<li class=\"\"><a href=\"#why-use-deepfake\">Warum Deepfake verwenden?<\/a><\/li>\n\n\n\n<li class=\"\"><a href=\"#who-can-benefit-from-deepfake-technology\">Wer kann von der Deepfake-Technologie profitieren?<\/a><\/li>\n\n\n\n<li class=\"\"><a href=\"#top-10-deepfake-tools\">Top 10 Deepfake-Tools<\/a><\/li>\n\n\n\n<li class=\"\"><a href=\"#faq\">FAQ<\/a><\/li>\n\n\n\n<li class=\"\"><a href=\"#other-relevant-information\">Andere relevante Informationen<\/a><\/li>\n<\/ol>\n\n\n\n<h3 class=\"wp-block-heading\">Was ist Deepfake?<\/h3>\n\n\n\n<p class=\"\">Deepfake-Technologie bezieht sich auf synthetische Medien, bei denen eine Person in einem vorhandenen Bild oder Video durch das Abbild einer anderen Person ersetzt wird. Dazu wird k\u00fcnstliche Intelligenz (KI) eingesetzt, insbesondere Generative Adversarial Networks (GANs) und neuronale Netze. Der Begriff \"Deepfake\" ist eine Kombination aus \"Deep Learning\" und \"Fake\" und beschreibt den Prozess und das Ergebnis dieser Technologie.<\/p>\n\n\n\n<h3 class=\"wp-block-heading\">Warum Deepfake verwenden?<\/h3>\n\n\n\n<p class=\"\">Die Deepfake-Technologie bietet zahlreiche Anwendungsm\u00f6glichkeiten:<\/p>\n\n\n\n<ul class=\"wp-block-list\">\n<li class=\"\"><strong>Unterhaltung<\/strong>: Realistische Spezialeffekte schaffen und historische Figuren in Filmen zum Leben erwecken.<\/li>\n\n\n\n<li class=\"\"><strong>Bildung<\/strong>: Simulation von Szenarien zu Schulungszwecken oder Erstellung von ansprechenden Bildungsinhalten.<\/li>\n\n\n\n<li class=\"\"><strong>Marketing<\/strong>: Personalisierte Werbung, in der der Betrachter sich selbst oder einen Prominenten sieht, der f\u00fcr ein Produkt wirbt.<\/li>\n\n\n\n<li class=\"\"><strong>Soziale Medien<\/strong>: Produktion von ansprechenden und viralen Inhalten.<\/li>\n<\/ul>\n\n\n\n<p class=\"\">Es ist jedoch wichtig, das Potenzial des Missbrauchs zu erkennen, wie z. B. die Verbreitung von Fehlinformationen oder die Erstellung von Deepfake-Pornos, was ethische und rechtliche Bedenken aufwirft.<\/p>\n\n\n\n<h3 class=\"wp-block-heading\">Wer kann von der Deepfake-Technologie profitieren?<\/h3>\n\n\n\n<ul class=\"wp-block-list\">\n<li class=\"\"><strong>Film- und Fernsehindustrie<\/strong>: Zur Erzeugung realistischer Effekte und posthumer Auff\u00fchrungen.<\/li>\n\n\n\n<li class=\"\"><strong>Bildungsinstitutionen<\/strong>: F\u00fcr die Entwicklung interaktiver Lernmaterialien.<\/li>\n\n\n\n<li class=\"\"><strong>Marketing-Agenturen<\/strong>: Um personalisierte Werbekampagnen zu erstellen.<\/li>\n\n\n\n<li class=\"\"><strong>Influencer in den sozialen Medien<\/strong>: Fesselnde Inhalte produzieren.<\/li>\n\n\n\n<li class=\"\"><strong>Sicherheitsagenturen<\/strong>: F\u00fcr Schulungszwecke und die Entwicklung von Erkennungsmechanismen.<\/li>\n<\/ul>\n\n\n\n<h3 class=\"wp-block-heading\">Top 10 Deepfake-Tools<\/h3>\n\n\n\n<figure class=\"wp-block-table\"><table class=\"has-fixed-layout\"><thead><tr><th>Werkzeug<\/th><th>Website<\/th><th>Vorteile<\/th><th>Benachteiligungen<\/th><th>Herausforderungen<\/th><th>Empfehlungen<\/th><\/tr><\/thead><tbody><tr><td>DeepFaceLab<\/td><td><a href=\"https:\/\/github.com\/iperov\/DeepFaceLab\" target=\"_blank\" rel=\"noopener\">https:\/\/github.com\/iperov\/DeepFaceLab<\/a><\/td><td>Open-Source, hochgradig anpassbar<\/td><td>Steile Lernkurve<\/td><td>Erfordert leistungsstarke Hardware<\/td><td>Am besten f\u00fcr erfahrene Benutzer<\/td><\/tr><tr><td>Deepfake | Kostenlos Online<\/td><td><a href=\"https:\/\/aiartfree.online\/de\/deepfake\/\" target=\"_blank\" rel=\"noreferrer noopener\">https:\/\/faceswap.dev\/<\/a><\/td><td>Einfach zu bedienen, schnelle Ergebnisse<\/td><td>Keine mobile App<\/td><td>Begrenzte Anpassungsm\u00f6glichkeiten<\/td><td>Gut f\u00fcr Anf\u00e4nger mit technischem Interesse<\/td><\/tr><tr><td>Zao<\/td><td><a href=\"https:\/\/apps.apple.com\/cn\/app\/zao\/id1465199127\" target=\"_blank\" rel=\"noopener\">https:\/\/apps.apple.com\/cn\/app\/zao\/id1465199127<\/a><\/td><td>Einfach zu bedienen, schnelle Ergebnisse<\/td><td>Bedenken hinsichtlich des Datenschutzes<\/td><td>Begrenzte Anpassungsm\u00f6glichkeiten<\/td><td>Ideal f\u00fcr Gelegenheitsnutzer<\/td><\/tr><tr><td>Umgestaltung<\/td><td><a href=\"https:\/\/reface.app\/\" target=\"_blank\" rel=\"noopener\">https:\/\/reface.app\/<\/a><\/td><td>Benutzerfreundliche, mobile App<\/td><td>Mit Wasserzeichen versehene Ergebnisse<\/td><td>Begrenzt auf kurze Clips<\/td><td>Gro\u00dfartig f\u00fcr Nutzer sozialer Medien<\/td><\/tr><tr><td>MyHeritage Tiefe Nostalgie<\/td><td><a>https:\/\/www.myheritage.com\/deep-nostalgia<\/a><\/td><td>Animiert Fotos, einfach zu bedienen<\/td><td>Beschr\u00e4nkt auf historische Fotos<\/td><td>Abonnement-basiert<\/td><td>Perfekt f\u00fcr Genealogie-Enthusiasten<\/td><\/tr><tr><td>AvengeThem<\/td><td><a href=\"https:\/\/aveng-them.com\/\" target=\"_blank\" rel=\"noopener\">https:\/\/aveng-them.com\/<\/a><\/td><td>Spa\u00df und Unterhaltung, Superhelden-Themen<\/td><td>Begrenzte Anwendung<\/td><td>Nicht realistisch<\/td><td>Gut f\u00fcr Unterhaltung<\/td><\/tr><tr><td>Deep Art-Effekte<\/td><td><a href=\"https:\/\/www.deeparteffects.com\/\" target=\"_blank\" rel=\"noopener\">https:\/\/www.deeparteffects.com\/<\/a><\/td><td>K\u00fcnstlerische Verwandlungen<\/td><td>Nicht f\u00fcr realistische Deepfakes<\/td><td>Abonnement-basiert<\/td><td>Ideal f\u00fcr K\u00fcnstler<\/td><\/tr><tr><td>Deepfakes Web<\/td><td><a href=\"https:\/\/deepfakesweb.com\/\" target=\"_blank\" rel=\"noopener\">https:\/\/deepfakesweb.com\/<\/a><\/td><td>Webbasiert, keine Installation erforderlich<\/td><td>Abonnement erforderlich<\/td><td>Langsame Verarbeitung<\/td><td>Praktisch f\u00fcr den gelegentlichen Gebrauch<\/td><\/tr><tr><td>Morphin<\/td><td><a href=\"https:\/\/morphinapp.com\/\" target=\"_blank\" rel=\"noopener\">https:\/\/morphinapp.com\/<\/a><\/td><td>Spa\u00df, einfach zu bedienen<\/td><td>Begrenzt auf GIFs<\/td><td>Nicht geeignet f\u00fcr ernsthafte Anwendungen<\/td><td>Am besten f\u00fcr den gelegentlichen Gebrauch<\/td><\/tr><\/tbody><\/table><\/figure>\n\n\n\n<h3 class=\"wp-block-heading\">FAQ<\/h3>\n\n\n\n<ol class=\"wp-block-list\">\n<li class=\"\"><strong>Was ist ein Deepfake?<\/strong>\n<ul class=\"wp-block-list\">\n<li class=\"\">Ein Deepfake ist ein synthetisches Medium, bei dem das Abbild einer Person mithilfe von KI durch das einer anderen Person ersetzt wird.<\/li>\n<\/ul>\n<\/li>\n\n\n\n<li class=\"\"><strong>Wie funktioniert die Deepfake-Technologie?<\/strong>\n<ul class=\"wp-block-list\">\n<li class=\"\">Es verwendet Deep-Learning-Algorithmen und GANs, um realistische Ver\u00e4nderungen in Videos oder Bildern zu erzeugen.<\/li>\n<\/ul>\n<\/li>\n\n\n\n<li class=\"\"><strong>Sind Deepfakes legal?<\/strong>\n<ul class=\"wp-block-list\">\n<li class=\"\">Die Rechtm\u00e4\u00dfigkeit von Deepfakes variiert je nach Gerichtsbarkeit und Kontext, insbesondere in Bezug auf Fragen wie Einwilligung und Verleumdung.<\/li>\n<\/ul>\n<\/li>\n\n\n\n<li class=\"\"><strong>Wie kann ich ein Deepfake erstellen?<\/strong>\n<ul class=\"wp-block-list\">\n<li class=\"\">Verwendung von Tools wie DeepFaceLab oder FaceSwap, aber beachten Sie die ethischen und rechtlichen Folgen.<\/li>\n<\/ul>\n<\/li>\n\n\n\n<li class=\"\"><strong>Was sind die Gefahren von Deepfakes?<\/strong>\n<ul class=\"wp-block-list\">\n<li class=\"\">Sie k\u00f6nnen dazu verwendet werden, Fehlinformationen zu verbreiten, nicht einvernehmliche explizite Inhalte zu erstellen und den Ruf zu sch\u00e4digen.<\/li>\n<\/ul>\n<\/li>\n\n\n\n<li class=\"\"><strong>K\u00f6nnen F\u00e4lschungen erkannt werden?<\/strong>\n<ul class=\"wp-block-list\">\n<li class=\"\">Ja, durch verschiedene Erkennungstechniken und Tools, die zur Erkennung synthetischer Medien entwickelt wurden.<\/li>\n<\/ul>\n<\/li>\n\n\n\n<li class=\"\"><strong>Was ist die Zukunft der Deepfake-Technologie?<\/strong>\n<ul class=\"wp-block-list\">\n<li class=\"\">Sie wird sich mit Fortschritten bei den Erstellungs- und Erkennungstechnologien weiterentwickeln.<\/li>\n<\/ul>\n<\/li>\n\n\n\n<li class=\"\"><strong>K\u00f6nnen Deepfakes f\u00fcr das Gute eingesetzt werden?<\/strong>\n<ul class=\"wp-block-list\">\n<li class=\"\">Ja, unter anderem in den Bereichen Unterhaltung, Bildung und Marketing.<\/li>\n<\/ul>\n<\/li>\n\n\n\n<li class=\"\"><strong>Wie genau sind Deepfakes?<\/strong>\n<ul class=\"wp-block-list\">\n<li class=\"\">Die Genauigkeit h\u00e4ngt von der Qualit\u00e4t der Eingabedaten und der Ausgereiftheit der verwendeten Instrumente ab.<\/li>\n<\/ul>\n<\/li>\n\n\n\n<li class=\"\"><strong>Welches ist das beste Deepfake-Tool?<\/strong>\n<ul class=\"wp-block-list\">\n<li class=\"\">Dies h\u00e4ngt von Ihren Bed\u00fcrfnissen ab; f\u00fcr fortgeschrittene Nutzer wird DeepFaceLab empfohlen, w\u00e4hrend Reface f\u00fcr Gelegenheitsnutzer geeignet ist.<\/li>\n<\/ul>\n<\/li>\n<\/ol>\n\n\n\n<h3 class=\"wp-block-heading\">Andere relevante Informationen<\/h3>\n\n\n\n<p class=\"\">Die durch KI und maschinelles Lernen angetriebene Deepfake-Technologie verschiebt die Grenzen dessen, was mit digitalen Medien m\u00f6glich ist. Von den beeindruckenden visuellen Effekten in Filmen bis hin zu den ethischen Herausforderungen von Fehlinformationen - Deepfakes sind ein zweischneidiges Schwert, mit dem die Gesellschaft vorsichtig umgehen muss. Schl\u00fcsselfiguren wie Facebook-Gr\u00fcnder Mark Zuckerberg und Vorf\u00e4lle im Zusammenhang mit Fake News und Videos von politischen Pers\u00f6nlichkeiten wie Donald Trump verdeutlichen die anhaltende Relevanz und Wirkung dieser Technologie.<\/p>\n\n\n\n<p class=\"\">Zusammenfassend l\u00e4sst sich sagen, dass die Deepfake-Technologie zwar aufregende M\u00f6glichkeiten bietet, aber auch gro\u00dfe Verantwortung und Herausforderungen mit sich bringt. In dem Ma\u00dfe, wie sich die Technologie weiterentwickelt, m\u00fcssen sich auch unsere Ans\u00e4tze f\u00fcr ihre Nutzung und Regulierung weiterentwickeln.<\/p>","protected":false},"excerpt":{"rendered":"<p>Before vs After How to use Deepfake *&nbsp;Depending on your internet speed, loading the model may take a few seconds. \u2193 Exploring the World of Deepfakes: Definition, Uses, and Top Tools Deepfake technology has revolutionized the way we interact with digital media, offering unprecedented possibilities and challenges. This article will delve into the definition, applications, &#8230; <a title=\"Deepfake\" class=\"read-more\" href=\"https:\/\/aiartfree.online\/de\/deepfake\/\" aria-label=\"Mehr Informationen \u00fcber Deepfake\">Weiterlesen<\/a><\/p>","protected":false},"author":1,"featured_media":3313,"parent":0,"menu_order":0,"comment_status":"open","ping_status":"closed","template":"","meta":{"nf_dc_page":"","footnotes":""},"class_list":["post-3302","page","type-page","status-publish","has-post-thumbnail"],"jetpack_sharing_enabled":true,"_links":{"self":[{"href":"https:\/\/aiartfree.online\/de\/wp-json\/wp\/v2\/pages\/3302","targetHints":{"allow":["GET"]}}],"collection":[{"href":"https:\/\/aiartfree.online\/de\/wp-json\/wp\/v2\/pages"}],"about":[{"href":"https:\/\/aiartfree.online\/de\/wp-json\/wp\/v2\/types\/page"}],"author":[{"embeddable":true,"href":"https:\/\/aiartfree.online\/de\/wp-json\/wp\/v2\/users\/1"}],"replies":[{"embeddable":true,"href":"https:\/\/aiartfree.online\/de\/wp-json\/wp\/v2\/comments?post=3302"}],"version-history":[{"count":0,"href":"https:\/\/aiartfree.online\/de\/wp-json\/wp\/v2\/pages\/3302\/revisions"}],"wp:featuredmedia":[{"embeddable":true,"href":"https:\/\/aiartfree.online\/de\/wp-json\/wp\/v2\/media\/3313"}],"wp:attachment":[{"href":"https:\/\/aiartfree.online\/de\/wp-json\/wp\/v2\/media?parent=3302"}],"curies":[{"name":"wp","href":"https:\/\/api.w.org\/{rel}","templated":true}]}}