{"id":3281,"date":"2024-07-28T12:00:16","date_gmt":"2024-07-28T12:00:16","guid":{"rendered":"https:\/\/aiartfree.online\/?page_id=3281"},"modified":"2024-08-02T11:09:05","modified_gmt":"2024-08-02T11:09:05","slug":"watermark-remover","status":"publish","type":"page","link":"https:\/\/aiartfree.online\/de\/wasserzeichen-entferner\/","title":{"rendered":"Wasserzeichen-Entferner"},"content":{"rendered":"<h2 class=\"wp-block-heading has-text-align-center\" id=\"before-vs-after\">Vorher vs. Nachher<\/h2>\n\n\n\n<figure class=\"gb-block-image gb-block-image-1822da1f\"><img data-recalc-dims=\"1\" decoding=\"async\" loading=\"lazy\" width=\"1024\" height=\"518\" class=\"gb-image gb-image-1822da1f\" src=\"https:\/\/i0.wp.com\/aiartfree.online\/wp-content\/uploads\/2024\/07\/WX20240729-171649%402x-1024x518.webp?resize=1024%2C518&#038;ssl=1\" alt=\"Ein Wasserzeichen-Entferner verwendet KI, um Logos, Text oder Grafiken, die Fotos oder Videos \u00fcberlagert sind, zu l\u00f6schen und die urspr\u00fcnglichen Medien durch Entfernen von Eigentumsmarkierungen wiederherzustellen.\" title=\"WX20240729-171649@2x\" srcset=\"https:\/\/i0.wp.com\/aiartfree.online\/wp-content\/uploads\/2024\/07\/WX20240729-171649%402x-scaled.webp?resize=1024%2C518&amp;ssl=1 1024w, https:\/\/i0.wp.com\/aiartfree.online\/wp-content\/uploads\/2024\/07\/WX20240729-171649%402x-scaled.webp?resize=300%2C152&amp;ssl=1 300w, https:\/\/i0.wp.com\/aiartfree.online\/wp-content\/uploads\/2024\/07\/WX20240729-171649%402x-scaled.webp?resize=768%2C388&amp;ssl=1 768w, https:\/\/i0.wp.com\/aiartfree.online\/wp-content\/uploads\/2024\/07\/WX20240729-171649%402x-scaled.webp?resize=1536%2C777&amp;ssl=1 1536w, https:\/\/i0.wp.com\/aiartfree.online\/wp-content\/uploads\/2024\/07\/WX20240729-171649%402x-scaled.webp?resize=2048%2C1036&amp;ssl=1 2048w, https:\/\/i0.wp.com\/aiartfree.online\/wp-content\/uploads\/2024\/07\/WX20240729-171649%402x-scaled.webp?resize=18%2C9&amp;ssl=1 18w, https:\/\/i0.wp.com\/aiartfree.online\/wp-content\/uploads\/2024\/07\/WX20240729-171649%402x-scaled.webp?resize=600%2C303&amp;ssl=1 600w, https:\/\/i0.wp.com\/aiartfree.online\/wp-content\/uploads\/2024\/07\/WX20240729-171649%402x-scaled.webp?w=2400&amp;ssl=1 2400w\" sizes=\"auto, (max-width: 1024px) 100vw, 1024px\" \/><\/figure>\n\n\n\n<h2 class=\"wp-block-heading\" id=\"how-to-use-watermark-remover\">So verwenden Sie Watermark Remover<\/h2>\n\n\n\n<ol class=\"wp-block-list\">\n<li class=\"\">Drop oder Upload Ihres Bildes<\/li>\n\n\n\n<li class=\"\"><strong>Zeichnen (Pinsel) Sie den Teil des Bildes, den Sie entfernen m\u00f6chten<\/strong><\/li>\n\n\n\n<li class=\"\">Klicken Sie auf \"Abschicken\".<\/li>\n\n\n\n<li class=\"\">Moment, das ist es!<\/li>\n<\/ol>\n\n\n\n<p class=\"\"><em>* Je nach Ihrer Internetgeschwindigkeit kann das Laden des Modells einige Sekunden dauern.<br>* W\u00e4hrend der kontinuierlichen Generierung werden die Bilder zwischengespeichert, und das neue Bild wird nach etwa 3 Sekunden angezeigt.<\/em><\/p>\n\n\n\n<div style=\"text-align: center; border: 2px solid; border-image-source: linear-gradient(to right, #16b86c, #912899); border-image-slice: 1; box-shadow: 0 0 10px rgba(0, 0, 0, 0.1); border-radius: 15px; position: relative;\">\n  <div id=\"loading\" style=\"position: absolute; top: 100px; left: 50%; transform: translate(-50%, -50%); z-index: 1000;\">\n    <div style=\"width: 50px; height: 50px; border: 5px solid #f3f3f3; border-top: 5px solid #16b86c; border-radius: 50%; animation: spin 1s linear infinite;\"><\/div>\n  <\/div>\n  <iframe loading=\"lazy\"\n    src=\"https:\/\/rooc-remove-photo-object.hf.space\"\n    frameborder=\"0\"\n    width=\"100%\"\n    height=\"2500\"\n    style=\"display: inline-block; margin: 0 auto;\"\n    onload=\"document.getElementById('loading').style.display='none';\"\n  ><\/iframe>\n<\/div>\n\n<style>\n  @keyframes spin {\n    0% { transform: rotate(0deg); }\n    100% { transform: rotate(360deg); }\n  }\n<\/style>\n\n\n\n<div style=\"height:50px\" aria-hidden=\"true\" class=\"wp-block-spacer\"><\/div>\n\n\n\n<h2 class=\"wp-block-heading\" id=\"introduction-of-watermark-remover\">Einf\u00fchrung des Wasserzeichen-Entferners<\/h2>\n\n\n\n<div class=\"wp-block-rank-math-toc-block\" id=\"rank-math-toc\"><h3>Inhalts\u00fcbersicht<\/h3><nav><ul><li><a href=\"#what-is-a-watermark-remover\">Was ist ein Wasserzeichen-Entferner?<\/a><\/li><li><a href=\"#why-use-a-watermark-remover\">Warum einen Wasserzeichenentferner verwenden?<\/a><\/li><li><a href=\"#who-can-benefit-from-using-a-watermark-remover\">Wer kann von der Verwendung eines Wasserzeichenentferners profitieren?<\/a><\/li><li><a href=\"#top-10-watermark-remover-tools-features-pros-cons-advantages-challenges-and-suggestions\">Top 10 Wasserzeichen-Entferner-Tools: Eigenschaften, Pro, Kontra, Vorteile, Herausforderungen und Vorschl\u00e4ge<\/a><\/li><li><a href=\"#frequently-asked-questions-faq\">H\u00e4ufig gestellte Fragen (FAQ)<\/a><\/li><\/ul><\/nav><\/div>\n\n\n\n<h3 class=\"wp-block-heading\" id=\"what-is-a-watermark-remover\">Was ist ein Wasserzeichen-Entferner?<\/h3>\n\n\n\n<p class=\"\">Ein Wasserzeichenentferner ist ein Werkzeug oder eine Software, mit der Wasserzeichen von Fotos oder Videos entfernt werden k\u00f6nnen. Bei Wasserzeichen handelt es sich in der Regel um Logos, Text oder andere Grafiken, die auf Bildern oder Videos eingeblendet werden, um auf die Eigentums- oder Urheberrechte hinzuweisen. Ein Wasserzeichenentferner verwendet fortschrittliche Algorithmen, die oft auf KI basieren, um diese Wasserzeichen zu erkennen und zu l\u00f6schen, wobei das Originalbild oder -video intakt bleibt.<\/p>\n\n\n\n<h3 class=\"wp-block-heading\" id=\"why-use-a-watermark-remover\">Warum einen Wasserzeichenentferner verwenden?<\/h3>\n\n\n\n<p class=\"\">Die Verwendung eines Wasserzeichenentferners kann aus mehreren Gr\u00fcnden entscheidend sein:<\/p>\n\n\n\n<ul class=\"wp-block-list\">\n<li class=\"\"><strong>Wiederherstellung<\/strong>: Hilft bei der Wiederherstellung des Originaldatentr\u00e4gers ohne jegliche Hindernisse.<\/li>\n\n\n\n<li class=\"\"><strong>Professioneller Einsatz<\/strong>: Unverzichtbar f\u00fcr Fotografen, Videofilmer und Designer, die saubere Bilder und Videos f\u00fcr ihre Arbeit ben\u00f6tigen.<\/li>\n\n\n\n<li class=\"\"><strong>Bearbeitung von Inhalten<\/strong>: Erm\u00f6glicht es den Nutzern, Medien ohne st\u00f6rende Wasserzeichen zu bearbeiten und weiterzuverwenden.<\/li>\n\n\n\n<li class=\"\"><strong>Rechtliche Verwendung<\/strong>: Es ist wichtig, Wasserzeichen von Medien zu entfernen, an denen Sie Rechte haben, die aber aufgrund einer fr\u00fcheren Nutzung oder Verbreitung mit Wasserzeichen versehen wurden.<\/li>\n<\/ul>\n\n\n\n<h3 class=\"wp-block-heading\" id=\"who-can-benefit-from-using-a-watermark-remover\">Wer kann von der Verwendung eines Wasserzeichenentferners profitieren?<\/h3>\n\n\n\n<p class=\"\">Verschiedene Personen und Branchen k\u00f6nnen von der Verwendung eines Wasserzeichenentferners profitieren, z. B:<\/p>\n\n\n\n<ul class=\"wp-block-list\">\n<li class=\"\"><strong>Fotografen<\/strong>: Sie sollen ihre Bilder f\u00fcr die Pr\u00e4sentation ihres Portfolios reinigen.<\/li>\n\n\n\n<li class=\"\"><strong>Sch\u00f6pfer von Inhalten<\/strong>: Zur Erstellung wasserzeichenfreier Inhalte f\u00fcr soziale Medien und Websites.<\/li>\n\n\n\n<li class=\"\"><strong>Marketing-Fachleute<\/strong>: Sicherstellen, dass die Werbematerialien sauber und professionell aussehen.<\/li>\n\n\n\n<li class=\"\"><strong>P\u00e4dagogen<\/strong>: F\u00fcr die Verwendung von Bildern und Videos in Pr\u00e4sentationen und Unterrichtsmaterialien ohne Ablenkung.<\/li>\n\n\n\n<li class=\"\"><strong>Unternehmen<\/strong>: Aufrechterhaltung eines professionellen Images in Marketing- und Branding-Materialien.<\/li>\n<\/ul>\n\n\n\n<h3 class=\"wp-block-heading\" id=\"top-10-watermark-remover-tools-features-pros-cons-advantages-challenges-and-suggestions\">Top 10 Wasserzeichen-Entferner-Tools: Eigenschaften, Pro, Kontra, Vorteile, Herausforderungen und Vorschl\u00e4ge<\/h3>\n\n\n\n<figure class=\"wp-block-table\"><table class=\"has-fixed-layout\"><thead><tr><th>Werkzeug Name<\/th><th>URL<\/th><th>Eigenschaften<\/th><th>Profis<\/th><th>Nachteile<\/th><th>Vorteile<\/th><th>Herausforderungen<\/th><th>Vorschl\u00e4ge<\/th><\/tr><\/thead><tbody><tr><td>AI Art Free Watermark Remover<\/td><td><a href=\"https:\/\/aiartfree.online\/de\/wasserzeichen-entferner\/\">AI Art Free<\/a><\/td><td>Kostenlos, Unbegrenzt, Keine Anmeldung, KI-gesteuert, Benutzerfreundlich<\/td><td>Einfach zu benutzen, Kostenlos, Keine Anmeldung erforderlich, Hochwertige Ausgabe<\/td><td>Eingeschr\u00e4nkte erweiterte Funktionen<\/td><td>Hervorragend geeignet f\u00fcr schnelles und einfaches Entfernen<\/td><td>Funktioniert m\u00f6glicherweise nicht gut auf komplexen Hintergr\u00fcnden<\/td><td>Ideal f\u00fcr gelegentliche Benutzer, die Wasserzeichen schnell entfernen m\u00fcssen<\/td><\/tr><tr><td>Entfernen.bg<\/td><td>Entfernen.bg<\/td><td>KI-gesteuert, unterst\u00fctzt Fotos<\/td><td>Hohe Genauigkeit, Benutzerfreundlichkeit<\/td><td>Begrenzt auf Fotos, Nicht kostenlos<\/td><td>Ideal f\u00fcr Fotografen<\/td><td>F\u00fcr Premium-Funktionen ist ein Abonnement erforderlich<\/td><td>Perfekt f\u00fcr Benutzer, die sich auf Fotos konzentrieren<\/td><\/tr><tr><td>Inpaint<\/td><td>Inpaint<\/td><td>Manuelle Auswahl, Unterst\u00fctzt verschiedene Formate<\/td><td>Hohe Kontrolle, vielseitig<\/td><td>Manueller Prozess kann zeitaufwendig sein<\/td><td>Ideal f\u00fcr detaillierte Arbeiten<\/td><td>Steile Lernkurve<\/td><td>Empfohlen f\u00fcr fortgeschrittene Benutzer<\/td><\/tr><tr><td>Apowersoft Wasserzeichen-Entferner<\/td><td>Apowersoft<\/td><td>Stapelverarbeitung, Unterst\u00fctzt Fotos und Videos<\/td><td>Effizient, vielseitig<\/td><td>F\u00fcr den vollen Funktionsumfang ist ein Abonnement erforderlich<\/td><td>Gut f\u00fcr umfangreiche Aufgaben<\/td><td>Kann kostspielig sein<\/td><td>Am besten f\u00fcr Vielnutzer mit gro\u00dfem Bedarf<\/td><\/tr><tr><td>HitPaw Wasserzeichen-Entferner<\/td><td>HitPaw<\/td><td>Unterst\u00fctzt Fotos und Videos, KI-unterst\u00fctzt<\/td><td>Hohe Qualit\u00e4t, vielseitig<\/td><td>F\u00fcr den vollen Funktionsumfang ist ein Abonnement erforderlich<\/td><td>Sowohl f\u00fcr Fotos als auch f\u00fcr Videos geeignet<\/td><td>Kann teuer sein<\/td><td>Ideal f\u00fcr Fachleute<\/td><\/tr><tr><td>SoftOrbits Foto-Stempel-Entferner<\/td><td>SoftOrbits<\/td><td>KI-unterst\u00fctzt, unterst\u00fctzt Stapelverarbeitung<\/td><td>Effizient, genau<\/td><td>F\u00fcr Premium-Funktionen ist ein Abonnement erforderlich<\/td><td>Ideal f\u00fcr umfangreiche Aufgaben<\/td><td>Kostspielig f\u00fcr Gelegenheitsnutzer<\/td><td>Empfohlen f\u00fcr Vielnutzer<\/td><\/tr><tr><td>Wondershare Fotophire<\/td><td>Fotophire<\/td><td>Unterst\u00fctzt verschiedene Formate, einfach zu bedienen<\/td><td>Vielseitig, benutzerfreundlich<\/td><td>F\u00fcr den vollen Funktionsumfang ist ein Abonnement erforderlich<\/td><td>Gro\u00dfartig f\u00fcr Anf\u00e4nger<\/td><td>Teuer<\/td><td>Ideal f\u00fcr neue Nutzer<\/td><\/tr><tr><td>GIMP<\/td><td>GIMP<\/td><td>Kostenlos, Open-Source, Manuelle Bearbeitung<\/td><td>Hochgradig anpassbar, kostenlos<\/td><td>Steile Lernkurve<\/td><td>Ideal f\u00fcr detaillierte Bearbeitung<\/td><td>Komplexe Schnittstelle<\/td><td>Am besten f\u00fcr fortgeschrittene Benutzer<\/td><\/tr><tr><td>PhotoWorks<\/td><td>PhotoWorks<\/td><td>KI-gest\u00fctzt, unterst\u00fctzt verschiedene Formate<\/td><td>Pr\u00e4zise, einfach zu bedienen<\/td><td>F\u00fcr den vollen Funktionsumfang ist ein Abonnement erforderlich<\/td><td>Hervorragend geeignet f\u00fcr Freizeit und Beruf<\/td><td>Kann kostspielig sein<\/td><td>Perfekt f\u00fcr alle Benutzerebenen<\/td><\/tr><tr><td>Pixlr<\/td><td><a href=\"https:\/\/bingimagecreator.online\/\" target=\"_blank\" data-type=\"link\" data-id=\"https:\/\/bingimagecreator.online\/\" rel=\"noreferrer noopener\">Pixlr<\/a><\/td><td>Kostenlos, Online-Tool, Manuelle Bearbeitung<\/td><td>Zug\u00e4nglich, Frei<\/td><td>Eingeschr\u00e4nkte erweiterte Funktionen<\/td><td>Gut f\u00fcr schnelle Bearbeitungen<\/td><td>Begrenzte Funktionalit\u00e4ten<\/td><td>Am besten f\u00fcr schnelle und einfache Aufgaben<\/td><\/tr><\/tbody><\/table><\/figure>\n\n\n\n<h3 class=\"wp-block-heading\" id=\"frequently-asked-questions-faq\">H\u00e4ufig gestellte Fragen (FAQ)<\/h3>\n\n\n\n<ol class=\"wp-block-list\">\n<li class=\"\"><strong>Wie entfernt man Wasserzeichen von Fotos?<\/strong>\n<ul class=\"wp-block-list\">\n<li class=\"\">Um ein Wasserzeichen von einem Foto zu entfernen, k\u00f6nnen Sie Online-Tools wie AI Art Free Watermark Remover verwenden. Laden Sie einfach das Foto hoch, w\u00e4hlen Sie den Bereich mit dem Wasserzeichen aus, und das Tool wird es automatisch f\u00fcr Sie entfernen.<\/li>\n<\/ul>\n<\/li>\n\n\n\n<li class=\"\"><strong>Wie entfernt man Wasserzeichen aus Videos?<\/strong>\n<ul class=\"wp-block-list\">\n<li class=\"\">Verwenden Sie Tools wie Apowersoft Watermark Remover, die Videoformate unterst\u00fctzen. Laden Sie das Video hoch, w\u00e4hlen Sie den Bereich mit dem Wasserzeichen aus, und das Tool wird das Video verarbeiten, um das Wasserzeichen zu entfernen.<\/li>\n<\/ul>\n<\/li>\n\n\n\n<li class=\"\"><strong>Gibt es einen kostenlosen Wasserzeichenentferner?<\/strong>\n<ul class=\"wp-block-list\">\n<li class=\"\">Ja, AI Art Free Watermark Remover ist ein kostenloses Tool, das eine unbegrenzte Nutzung ohne Anmeldung erm\u00f6glicht.<\/li>\n<\/ul>\n<\/li>\n\n\n\n<li class=\"\"><strong>Kann AI Wasserzeichen entfernen?<\/strong>\n<ul class=\"wp-block-list\">\n<li class=\"\">Ja, KI-gest\u00fctzte Tools wie AI Art Free Watermark Remover und Remove.bg k\u00f6nnen mithilfe fortschrittlicher Algorithmen effektiv Wasserzeichen aus Bildern entfernen.<\/li>\n<\/ul>\n<\/li>\n\n\n\n<li class=\"\"><strong>Welches ist der beste Wasserzeichenentferner f\u00fcr Fotos?<\/strong>\n<ul class=\"wp-block-list\">\n<li class=\"\">AI Art Free Watermark Remover und Remove.bg geh\u00f6ren aufgrund ihrer hohen Genauigkeit und Benutzerfreundlichkeit zu den besten Tools zum Entfernen von Wasserzeichen aus Fotos.<\/li>\n<\/ul>\n<\/li>\n\n\n\n<li class=\"\"><strong>Welches ist der beste Wasserzeichenentferner f\u00fcr Videos?<\/strong>\n<ul class=\"wp-block-list\">\n<li class=\"\">Apowersoft Watermark Remover und HitPaw Watermark Remover sind eine ausgezeichnete Wahl zum Entfernen von Wasserzeichen aus Videos.<\/li>\n<\/ul>\n<\/li>\n\n\n\n<li class=\"\"><strong>Gibt es Wasserzeichenentferner, die unbegrenzt einsetzbar sind?<\/strong>\n<ul class=\"wp-block-list\">\n<li class=\"\">Ja, AI Art Free Watermark Remover bietet unbegrenzte Nutzung ohne Anmeldung oder Abonnement.<\/li>\n<\/ul>\n<\/li>\n\n\n\n<li class=\"\"><strong>Wie entfernt man unerw\u00fcnschte Objekte aus Bildern?<\/strong>\n<ul class=\"wp-block-list\">\n<li class=\"\">Werkzeuge wie Inpaint erm\u00f6glichen die manuelle Auswahl und Entfernung unerw\u00fcnschter Objekte aus Bildern und bieten eine pr\u00e4zise Kontrolle \u00fcber den Bearbeitungsprozess.<\/li>\n<\/ul>\n<\/li>\n\n\n\n<li class=\"\"><strong>Gibt es benutzerfreundliche Wasserzeichenentferner?<\/strong>\n<ul class=\"wp-block-list\">\n<li class=\"\">Ja, Tools wie AI Art Free Watermark Remover und Wondershare Fotophire sind f\u00fcr ihre benutzerfreundlichen Oberfl\u00e4chen bekannt.<\/li>\n<\/ul>\n<\/li>\n\n\n\n<li class=\"\"><strong>K\u00f6nnen Wasserzeichenentferner die urspr\u00fcngliche Qualit\u00e4t beibehalten?<\/strong>\n<ul class=\"wp-block-list\">\n<li class=\"\">Hochwertige Tools wie AI Art Free Watermark Remover und HitPaw Watermark Remover wurden entwickelt, um die Originalqualit\u00e4t von Bildern und Videos nach dem Entfernen von Wasserzeichen zu erhalten.<\/li>\n<\/ul>\n<\/li>\n<\/ol>","protected":false},"excerpt":{"rendered":"<p>Before vs After How to use Watermark Remover *&nbsp;Depending on your internet speed, loading the model may take a few seconds.* There will be caching during continuous generation, and the new image will appear after about 3 seconds. Introduction of Watermark Remover What is a Watermark Remover? A watermark remover is a tool or software &#8230; <a title=\"Wasserzeichen-Entferner\" class=\"read-more\" href=\"https:\/\/aiartfree.online\/de\/wasserzeichen-entferner\/\" aria-label=\"Mehr Informationen \u00fcber Watermark Remover\">Weiterlesen<\/a><\/p>","protected":false},"author":1,"featured_media":3304,"parent":0,"menu_order":0,"comment_status":"open","ping_status":"closed","template":"","meta":{"nf_dc_page":"","footnotes":""},"class_list":["post-3281","page","type-page","status-publish","has-post-thumbnail"],"jetpack_sharing_enabled":true,"_links":{"self":[{"href":"https:\/\/aiartfree.online\/de\/wp-json\/wp\/v2\/pages\/3281","targetHints":{"allow":["GET"]}}],"collection":[{"href":"https:\/\/aiartfree.online\/de\/wp-json\/wp\/v2\/pages"}],"about":[{"href":"https:\/\/aiartfree.online\/de\/wp-json\/wp\/v2\/types\/page"}],"author":[{"embeddable":true,"href":"https:\/\/aiartfree.online\/de\/wp-json\/wp\/v2\/users\/1"}],"replies":[{"embeddable":true,"href":"https:\/\/aiartfree.online\/de\/wp-json\/wp\/v2\/comments?post=3281"}],"version-history":[{"count":0,"href":"https:\/\/aiartfree.online\/de\/wp-json\/wp\/v2\/pages\/3281\/revisions"}],"wp:featuredmedia":[{"embeddable":true,"href":"https:\/\/aiartfree.online\/de\/wp-json\/wp\/v2\/media\/3304"}],"wp:attachment":[{"href":"https:\/\/aiartfree.online\/de\/wp-json\/wp\/v2\/media?parent=3281"}],"curies":[{"name":"wp","href":"https:\/\/api.w.org\/{rel}","templated":true}]}}