{"id":3270,"date":"2024-07-28T10:35:14","date_gmt":"2024-07-28T10:35:14","guid":{"rendered":"https:\/\/aiartfree.online\/?page_id=3270"},"modified":"2024-07-31T13:03:11","modified_gmt":"2024-07-31T13:03:11","slug":"ai-photo-generator","status":"publish","type":"page","link":"https:\/\/aiartfree.online\/de\/ai-foto-generator\/","title":{"rendered":"AI-Foto-Generator"},"content":{"rendered":"<h2 class=\"wp-block-heading has-text-align-center\">Was unsere Nutzer geschaffen haben<\/h2>\n\n\n\n<figure class=\"gb-block-image gb-block-image-1822da1f\"><img data-recalc-dims=\"1\" decoding=\"async\" loading=\"lazy\" width=\"1200\" height=\"823\" class=\"gb-image gb-image-1822da1f\" src=\"https:\/\/i0.wp.com\/aiartfree.online\/wp-content\/uploads\/2024\/07\/WX20240731-165815%402x.jpg?resize=1200%2C823&#038;ssl=1\" alt=\"AI-Foto-Generator\" title=\"WX20240731-165815@2x\" srcset=\"https:\/\/i0.wp.com\/aiartfree.online\/wp-content\/uploads\/2024\/07\/WX20240731-165815%402x.jpg?w=1630&amp;ssl=1 1630w, https:\/\/i0.wp.com\/aiartfree.online\/wp-content\/uploads\/2024\/07\/WX20240731-165815%402x.jpg?resize=300%2C206&amp;ssl=1 300w, https:\/\/i0.wp.com\/aiartfree.online\/wp-content\/uploads\/2024\/07\/WX20240731-165815%402x.jpg?resize=1024%2C702&amp;ssl=1 1024w, https:\/\/i0.wp.com\/aiartfree.online\/wp-content\/uploads\/2024\/07\/WX20240731-165815%402x.jpg?resize=768%2C527&amp;ssl=1 768w, https:\/\/i0.wp.com\/aiartfree.online\/wp-content\/uploads\/2024\/07\/WX20240731-165815%402x.jpg?resize=1536%2C1054&amp;ssl=1 1536w, https:\/\/i0.wp.com\/aiartfree.online\/wp-content\/uploads\/2024\/07\/WX20240731-165815%402x.jpg?resize=18%2C12&amp;ssl=1 18w, https:\/\/i0.wp.com\/aiartfree.online\/wp-content\/uploads\/2024\/07\/WX20240731-165815%402x.jpg?resize=600%2C412&amp;ssl=1 600w\" sizes=\"auto, (max-width: 1200px) 100vw, 1200px\" \/><\/figure>\n\n\n\n<h2 class=\"wp-block-heading\">So verwenden Sie AI Photo Generator<\/h2>\n\n\n\n<ol class=\"wp-block-list\">\n<li class=\"\">Geben Sie Ihren Prompt ein oder w\u00e4hlen Sie einen der Prompt-Beispiele<\/li>\n\n\n\n<li class=\"\">Klicken Sie auf \"Erzeugen\".<\/li>\n\n\n\n<li class=\"\">Moment, das ist es!<\/li>\n<\/ol>\n\n\n\n<h3 class=\"wp-block-heading has-medium-font-size\">Beispiele f\u00fcr Aufforderungen<\/h3>\n\n\n\n<ul class=\"wp-block-list has-small-font-size\">\n<li class=\"\">sch\u00f6ne Frau, Nacht, mit Sternen, kompliziert, elegant, sehr detailliert, glatt, scharf eingestellt<\/li>\n\n\n\n<li class=\"\">sch\u00f6ne Frau, Nacht, Sci-Fi, Fantasie, kompliziert, elegant, blaues Kleid, magisch, sehr detailliert, glatt, scharf, Illustration<\/li>\n\n\n\n<li class=\"\">sch\u00f6ne Frau am Strand, entspannend, \u00e4therisch, vertr\u00e4umt, Gegenlicht, sehr detailliert, realistische Beleuchtung, scharfer Fokus, Drittelregel, hd, oktan, 4k<\/li>\n\n\n\n<li class=\"\">sch\u00f6ne Frau, gro\u00dfe Titten, Domme Herrin, Steampunk, sch\u00fcchtern l\u00e4chelnd, 4k, Kleines Detail<\/li>\n\n\n\n<li class=\"\">sch\u00f6ne Frau, Nacht, mit Sternen, kompliziert, elegant, sehr detailliert, glatt, scharf eingestellt<\/li>\n<\/ul>\n\n\n\n<p class=\"\">Verwenden Sie&nbsp;<a href=\"https:\/\/aiartfree.online\/de\/prompt-generator\/\" target=\"_blank\" data-type=\"page\" data-id=\"3164\" rel=\"noreferrer noopener\">Prompt-Generator<\/a>&nbsp;um die Grenzen Ihrer Vorstellungskraft zu erweitern<\/p>\n\n\n\n<p class=\"\"><em>* Je nach Ihrer Internetgeschwindigkeit kann das Laden des Modells einige Sekunden dauern.<br>* W\u00e4hrend der kontinuierlichen Generierung werden die Bilder zwischengespeichert, und das neue Bild wird nach etwa 3 Sekunden angezeigt.<\/em><\/p>\n\n\n\n<div class=\"iframe-wrapper\" style=\"position: relative; width: 100%; height: 950px;\">\n  <div class=\"loading\" style=\"position: absolute; top: 50px; left: 50%; transform: translate(-50%, -50%); width: 40px; height: 40px; border: 3px solid #f0f0f0; border-top: 3px solid #db7093; border-radius: 50%; animation: spin 1s linear infinite;\"><\/div>\n  <iframe loading=\"lazy\" src=\"https:\/\/playgroundai-playground-v2-5.hf.space\" frameborder=\"0\" width=\"100%\" height=\"100%\" style=\"position: absolute; top: 0; left: 0; opacity: 0; transition: opacity 0.3s;\" onload=\"this.style.opacity=1;this.previousElementSibling.style.display='none';\"><\/iframe>\n<\/div>\n\n<style>\n@keyframes spin {\n  0% { transform: translate(-50%, -50%) rotate(0deg); }\n  100% { transform: translate(-50%, -50%) rotate(360deg); }\n}\n<\/style>\n\n\n\n<div style=\"height:50px\" aria-hidden=\"true\" class=\"wp-block-spacer\"><\/div>\n\n\n\n<h2 class=\"wp-block-heading\">Einf\u00fchrung des AI Photo Generator<\/h2>\n\n\n\n<p class=\"\">In der schnelllebigen digitalen Welt sind KI-Fotogeneratoren zu unverzichtbaren Werkzeugen f\u00fcr K\u00fcnstler, Vermarkter und Content-Ersteller geworden. In diesem Artikel erfahren Sie, was KI-Fotogeneratoren sind, wie wichtig sie sind und wie sie in verschiedenen Branchen eingesetzt werden k\u00f6nnen. Dar\u00fcber hinaus werden wir die besten KI-Fotogeneratoren vorstellen, die heute verf\u00fcgbar sind, darunter das sehr empfehlenswerte Tool von <a href=\"https:\/\/aiartfree.online\/de\/ai-foto-generator\/\">AI Art Free<\/a>.<\/p>\n\n\n\n<figure class=\"wp-block-image size-full is-resized\"><img data-recalc-dims=\"1\" data-dominant-color=\"70574e\" data-has-transparency=\"false\" decoding=\"async\" width=\"1024\" height=\"1024\"   loading=\"lazy\" src=\"https:\/\/i0.wp.com\/aiartfree.online\/wp-content\/uploads\/2024\/07\/image-30.webp?resize=1024%2C1024&#038;ssl=1\" alt=\"In der schnelllebigen digitalen Welt sind KI-Fotogeneratoren zu unverzichtbaren Werkzeugen f\u00fcr K\u00fcnstler, Vermarkter und Content-Ersteller geworden. In diesem Artikel erfahren Sie, was KI-Fotogeneratoren sind, wie wichtig sie sind und wie sie in verschiedenen Branchen eingesetzt werden k\u00f6nnen. Au\u00dferdem werden wir die besten KI-Fotogeneratoren vorstellen, die heute erh\u00e4ltlich sind, darunter das sehr empfehlenswerte Tool von AI Art Free.\" class=\"wp-image-3278 not-transparent\" style=\"--dominant-color: #70574e; width:436px;height:auto\" srcset=\"https:\/\/i0.wp.com\/aiartfree.online\/wp-content\/uploads\/2024\/07\/image-30.webp?w=1024&amp;ssl=1 1024w, https:\/\/i0.wp.com\/aiartfree.online\/wp-content\/uploads\/2024\/07\/image-30.webp?resize=300%2C300&amp;ssl=1 300w, https:\/\/i0.wp.com\/aiartfree.online\/wp-content\/uploads\/2024\/07\/image-30.webp?resize=150%2C150&amp;ssl=1 150w, https:\/\/i0.wp.com\/aiartfree.online\/wp-content\/uploads\/2024\/07\/image-30.webp?resize=768%2C768&amp;ssl=1 768w, https:\/\/i0.wp.com\/aiartfree.online\/wp-content\/uploads\/2024\/07\/image-30.webp?resize=12%2C12&amp;ssl=1 12w, https:\/\/i0.wp.com\/aiartfree.online\/wp-content\/uploads\/2024\/07\/image-30.webp?resize=600%2C600&amp;ssl=1 600w, https:\/\/i0.wp.com\/aiartfree.online\/wp-content\/uploads\/2024\/07\/image-30.webp?resize=100%2C100&amp;ssl=1 100w\" sizes=\"auto, (max-width: 1024px) 100vw, 1024px\" \/><\/figure>\n\n\n\n<h3 class=\"wp-block-heading\">Inhalts\u00fcbersicht<\/h3>\n\n\n\n<ol class=\"wp-block-list\">\n<li class=\"\"><a href=\"#what-is-an-ai-photo-generator\">Was ist ein AI-Fotogenerator?<\/a><\/li>\n\n\n\n<li class=\"\"><a href=\"#why-use-an-ai-photo-generator\">Warum einen AI-Fotogenerator verwenden?<\/a><\/li>\n\n\n\n<li class=\"\"><a href=\"#who-can-benefit-from-ai-photo-generators\">Wer kann von KI-Fotogeneratoren profitieren?<\/a><\/li>\n\n\n\n<li class=\"\"><a href=\"#top-10-ai-photo-generators\">Die 10 besten AI-Foto-Generatoren<\/a><\/li>\n\n\n\n<li class=\"\"><a href=\"#faq\">FAQ<\/a><\/li>\n<\/ol>\n\n\n\n<h3 class=\"wp-block-heading\">Was ist ein AI-Fotogenerator?<\/h3>\n\n\n\n<p class=\"\">Ein KI-Fotogenerator, auch bekannt als KI-Bildgenerator, ist ein Tool, das auf k\u00fcnstlicher Intelligenz und maschinellem Lernen basiert und Texteingaben in einzigartige Bilder umwandelt. Diese Tools nutzen generative KI, um auf der Grundlage von Textbeschreibungen des Nutzers lebendige und vielf\u00e4ltige Bilder zu erstellen.<\/p>\n\n\n\n<h3 class=\"wp-block-heading\">Warum einen AI-Fotogenerator verwenden?<\/h3>\n\n\n\n<p class=\"\">KI-Fotogeneratoren sind entscheidend f\u00fcr die schnelle und effiziente Erstellung einzigartiger Bilder. Sie bieten zahlreiche Vorteile:<\/p>\n\n\n\n<ul class=\"wp-block-list\">\n<li class=\"\"><strong>Kreativit\u00e4t:<\/strong> Sie helfen bei der Erstellung einzigartiger und kreativer Bilder, die sich abheben.<\/li>\n\n\n\n<li class=\"\"><strong>Effizienz:<\/strong> Sie sparen Zeit, da sie sofort hochwertige Bilder erzeugen.<\/li>\n\n\n\n<li class=\"\"><strong>Vielseitigkeit:<\/strong> Sie k\u00f6nnen f\u00fcr verschiedene Zwecke verwendet werden, von Beitr\u00e4gen in sozialen Medien bis hin zu Marketingmaterialien.<\/li>\n<\/ul>\n\n\n\n<h3 class=\"wp-block-heading\">Wer kann von KI-Fotogeneratoren profitieren?<\/h3>\n\n\n\n<ul class=\"wp-block-list\">\n<li class=\"\"><strong>K\u00fcnstler:<\/strong> F\u00fcr die Erstellung einzigartiger digitaler Kunstwerke.<\/li>\n\n\n\n<li class=\"\"><strong>Vermarkter:<\/strong> Zur Erstellung hochwertiger Bilder f\u00fcr Kampagnen.<\/li>\n\n\n\n<li class=\"\"><strong>Ersteller von Inhalten:<\/strong> Zur Verbesserung von Blogbeitr\u00e4gen, Inhalten f\u00fcr soziale Medien und mehr.<\/li>\n\n\n\n<li class=\"\"><strong>Unternehmen:<\/strong> F\u00fcr die Gestaltung von Marketingmaterialien, Websites und Anzeigen.<\/li>\n<\/ul>\n\n\n\n<h3 class=\"wp-block-heading\">Die 10 besten AI-Foto-Generatoren<\/h3>\n\n\n\n<figure class=\"wp-block-table\"><table class=\"has-fixed-layout\"><thead><tr><th><strong>Werkzeug<\/strong><\/th><th><strong>Website<\/strong><\/th><th><strong>Vorteile<\/strong><\/th><th><strong>Benachteiligungen<\/strong><\/th><th><strong>Herausforderungen<\/strong><\/th><th><strong>Vorschl\u00e4ge<\/strong><\/th><\/tr><\/thead><tbody><tr><td><strong>AI Art Free<\/strong><\/td><td><a href=\"https:\/\/aiartfree.online\/de\/ai-foto-generator\/\">aiartfree.online<\/a><\/td><td>Kostenlos, einfach zu verwenden, erzeugt hochwertige Bilder<\/td><td>Begrenzte Anpassungsm\u00f6glichkeiten<\/td><td>Ben\u00f6tigt eine st\u00e4ndige Internetverbindung<\/td><td>Regelm\u00e4\u00dfige Updates zur Verbesserung der Funktionen<\/td><\/tr><tr><td><strong>DeepArt<\/strong><\/td><td><a href=\"https:\/\/deepart.io\" target=\"_blank\" rel=\"noopener\">deepart.io<\/a><\/td><td>Gro\u00dfartige k\u00fcnstlerische Filter<\/td><td>Langsame Verarbeitung<\/td><td>Nicht immer genau<\/td><td>Verbesserung der Verarbeitungsgeschwindigkeit<\/td><\/tr><tr><td><strong>Startbahn ML<\/strong><\/td><td><a href=\"https:\/\/runwayml.com\" target=\"_blank\" rel=\"noopener\">runwayml.com<\/a><\/td><td>Vielseitig, f\u00fcr Profis geeignet<\/td><td>Teuer<\/td><td>Steile Lernkurve<\/td><td>Tutorials bereitstellen<\/td><\/tr><tr><td><strong>Kunstz\u00fcchter<\/strong><\/td><td><a href=\"https:\/\/artbreeder.com\" target=\"_blank\" rel=\"noopener\">artbreeder.com<\/a><\/td><td>Gemeinsame, einzigartige Ergebnisse<\/td><td>Eingeschr\u00e4nkte kostenlose Version<\/td><td>Schnittstelle kann komplex sein<\/td><td>Vereinfachung der Benutzeroberfl\u00e4che<\/td><\/tr><tr><td><strong>DALL-E<\/strong><\/td><td><a href=\"https:\/\/aiartfree.online\/de\/frei-dalle-3\/\" data-type=\"page\" data-id=\"2889\">openai.com\/dall-e<\/a><\/td><td>Hochwertige Bilder, innovativ<\/td><td>Eingeschr\u00e4nkter Zugang<\/td><td>Hohe Nachfrage<\/td><td>Erh\u00f6hte Zug\u00e4nglichkeit<\/td><\/tr><tr><td><strong>Deep Dream Generator<\/strong><\/td><td><a href=\"https:\/\/deepdreamgenerator.com\" target=\"_blank\" rel=\"noopener\">deepdreamgenerator.com<\/a><\/td><td>Surreale, k\u00fcnstlerische Bilder<\/td><td>Kann abstrakt sein<\/td><td>Nicht f\u00fcr alle Zwecke geeignet<\/td><td>Mehr Stile anbieten<\/td><\/tr><tr><td><strong>NachtCafe<\/strong><\/td><td><a href=\"https:\/\/nightcafe.studio\" target=\"_blank\" rel=\"noopener\">nightcafe.studio<\/a><\/td><td>Einfach zu bedienen, Community-Funktionen<\/td><td>Begrenzte kostenlose Optionen<\/td><td>Kann teuer sein<\/td><td>Weitere kostenlose Funktionen<\/td><\/tr><tr><td><strong>Gro\u00dfer Schlaf<\/strong><\/td><td><a href=\"https:\/\/bigsleep.dev\" target=\"_blank\" rel=\"noopener\">bigsleep.dev<\/a><\/td><td>Open-Source, anpassbar<\/td><td>Erfordert technische Kenntnisse<\/td><td>Komplexe Einrichtung<\/td><td>Mehr Leitf\u00e4den bereitstellen<\/td><\/tr><tr><td><strong>Ganbreeder<\/strong><\/td><td><a href=\"https:\/\/ganbreeder.app\" target=\"_blank\" rel=\"noopener\">ganbreeder.app<\/a><\/td><td>Kollaborativ, kreativ<\/td><td>Kann unvorhersehbar sein<\/td><td>Schnittstelle k\u00f6nnte besser sein<\/td><td>Verbesserung der Vorhersehbarkeit<\/td><\/tr><tr><td><strong>StilGAN2<\/strong><\/td><td><a href=\"https:\/\/github.com\/NVlabs\/stylegan2\" target=\"_blank\" rel=\"noopener\">github.com\/NVlabs\/stylegan2<\/a><\/td><td>Hochwertige Ergebnisse<\/td><td>Erfordert technische F\u00e4higkeiten<\/td><td>Schwierig einzurichten<\/td><td>Benutzerfreundlichere Tutorials<\/td><\/tr><\/tbody><\/table><\/figure>\n\n\n\n<h3 class=\"wp-block-heading\">FAQ<\/h3>\n\n\n\n<h4 class=\"wp-block-heading\">Woran erkennt man, dass ein Foto AI-generiert ist?<\/h4>\n\n\n\n<p class=\"\">Um festzustellen, ob ein Foto von einer k\u00fcnstlichen Intelligenz erzeugt wurde, achten Sie auf subtile Anomalien, unnat\u00fcrliche Muster und das Fehlen feiner Details, die bei k\u00fcnstlich erzeugten Bildern \u00fcblich sind.<\/p>\n\n\n\n<h4 class=\"wp-block-heading\">Wie erzeugt man AI-Fotos?<\/h4>\n\n\n\n<p class=\"\">Sie k\u00f6nnen AI-Fotos mit einem AI-Fotogenerator wie <a href=\"https:\/\/aiartfree.online\/de\/ai-foto-generator\/\">AI Art Free<\/a>. Geben Sie einfach eine Texteingabe ein und lassen Sie die KI das Bild erstellen.<\/p>\n\n\n\n<h4 class=\"wp-block-heading\">Ist dieses Foto AI-generiert?<\/h4>\n\n\n\n<p class=\"\">Um zu \u00fcberpr\u00fcfen, ob ein Foto von einer k\u00fcnstlichen Intelligenz erzeugt wurde, verwenden Sie Tools zur Erkennung von k\u00fcnstlich erzeugten Inhalten oder analysieren Sie das Bild auf Unstimmigkeiten.<\/p>\n\n\n\n<h4 class=\"wp-block-heading\">Welches ist der beste AI-Fotogenerator?<\/h4>\n\n\n\n<p class=\"\">Der beste AI-Fotogenerator h\u00e4ngt von Ihren Bed\u00fcrfnissen ab, aber <a href=\"https:\/\/aiartfree.online\/de\/ai-foto-generator\/\">AI Art Free<\/a> ist aufgrund seiner Benutzerfreundlichkeit und der hohen Qualit\u00e4t der Ergebnisse sehr zu empfehlen.<\/p>\n\n\n\n<h4 class=\"wp-block-heading\">Wie kann man AI-generierte Fotos erstellen?<\/h4>\n\n\n\n<p class=\"\">Sie k\u00f6nnen KI-generierte Fotos erstellen, indem Sie beschreibende Texteingaben in einen KI-Fotogenerator eingeben, der auf der Grundlage Ihrer Beschreibungen Bilder erstellt.<\/p>\n\n\n\n<h3 class=\"wp-block-heading\">Zus\u00e4tzliche Module<\/h3>\n\n\n\n<h4 class=\"wp-block-heading\">Verst\u00e4ndnis der generativen KI und ihrer Auswirkungen<\/h4>\n\n\n\n<p class=\"\">Generative KI, die die KI-Fotogeneratoren antreibt, ist eine Art der k\u00fcnstlichen Intelligenz, die aus vorhandenen Daten neue Inhalte erstellen kann. Diese Technologie revolutioniert die Kreativbranche, indem sie die Erstellung einzigartiger Bilder, Musik und Texte erm\u00f6glicht.<\/p>\n\n\n\n<h4 class=\"wp-block-heading\">Vorteile der Verwendung von AI-Fotogeneratoren f\u00fcr soziale Medien<\/h4>\n\n\n\n<p class=\"\">KI-Fotogeneratoren sind f\u00fcr soziale Medien von unsch\u00e4tzbarem Wert, da sie die Erstellung von ansprechendem und einzigartigem Bildmaterial erm\u00f6glichen, das die Aufmerksamkeit des Publikums auf sich zieht und das Engagement f\u00f6rdert.<\/p>\n\n\n\n<h4 class=\"wp-block-heading\">Die Rolle des maschinellen Lernens in KI-Fotogeneratoren<\/h4>\n\n\n\n<p class=\"\">Das maschinelle Lernen ist das R\u00fcckgrat der KI-Fotogeneratoren. Es erm\u00f6glicht diesen Tools, aus riesigen Datens\u00e4tzen zu lernen und die Qualit\u00e4t und Relevanz der von ihnen erzeugten Bilder mit der Zeit zu verbessern.<\/p>\n\n\n\n<h3 class=\"wp-block-heading\">Schlussfolgerung<\/h3>\n\n\n\n<p class=\"\">KI-Fotogeneratoren sind leistungsstarke Tools, die die F\u00e4higkeiten von k\u00fcnstlicher Intelligenz und maschinellem Lernen nutzen, um einzigartige und hochwertige Bilder zu erstellen. Ganz gleich, ob Sie K\u00fcnstler, Vermarkter oder Inhaltsersteller sind, diese Tools k\u00f6nnen Ihren kreativen Prozess und Ihr Ergebnis erheblich verbessern. Wenn Sie ihre Vorteile und Herausforderungen kennen, k\u00f6nnen Sie diese innovativen Tools optimal nutzen, um beeindruckende Bilder zu erstellen, die in jedem Medium hervorstechen.<\/p>\n\n\n\n<p class=\"\">F\u00fcr ein optimales Erlebnis beginnen Sie mit dem <a href=\"https:\/\/aiartfree.online\/de\/ai-foto-generator\/\">AI Art Free<\/a> das eine einfache und kostenlose M\u00f6glichkeit bietet, hochwertige AI-Fotos zu erstellen.<\/p>","protected":false},"excerpt":{"rendered":"<p>What our users created How to use AI Photo Generator Prompt Examples Use&nbsp;Prompt Generator&nbsp;to Expand the Boundaries of Your Imagination *&nbsp;Depending on your internet speed, loading the model may take a few seconds.* There will be caching during continuous generation, and the new image will appear after about 3 seconds. Introduction of AI Photo Generator &#8230; <a title=\"AI-Foto-Generator\" class=\"read-more\" href=\"https:\/\/aiartfree.online\/de\/ai-foto-generator\/\" aria-label=\"Mehr Informationen \u00fcber AI Photo Generator\">Weiterlesen<\/a><\/p>","protected":false},"author":1,"featured_media":3392,"parent":0,"menu_order":0,"comment_status":"open","ping_status":"closed","template":"","meta":{"nf_dc_page":"","footnotes":""},"class_list":["post-3270","page","type-page","status-publish","has-post-thumbnail"],"jetpack_sharing_enabled":true,"_links":{"self":[{"href":"https:\/\/aiartfree.online\/de\/wp-json\/wp\/v2\/pages\/3270","targetHints":{"allow":["GET"]}}],"collection":[{"href":"https:\/\/aiartfree.online\/de\/wp-json\/wp\/v2\/pages"}],"about":[{"href":"https:\/\/aiartfree.online\/de\/wp-json\/wp\/v2\/types\/page"}],"author":[{"embeddable":true,"href":"https:\/\/aiartfree.online\/de\/wp-json\/wp\/v2\/users\/1"}],"replies":[{"embeddable":true,"href":"https:\/\/aiartfree.online\/de\/wp-json\/wp\/v2\/comments?post=3270"}],"version-history":[{"count":0,"href":"https:\/\/aiartfree.online\/de\/wp-json\/wp\/v2\/pages\/3270\/revisions"}],"wp:featuredmedia":[{"embeddable":true,"href":"https:\/\/aiartfree.online\/de\/wp-json\/wp\/v2\/media\/3392"}],"wp:attachment":[{"href":"https:\/\/aiartfree.online\/de\/wp-json\/wp\/v2\/media?parent=3270"}],"curies":[{"name":"wp","href":"https:\/\/api.w.org\/{rel}","templated":true}]}}