{"id":3164,"date":"2024-07-24T07:24:20","date_gmt":"2024-07-24T07:24:20","guid":{"rendered":"https:\/\/aiartfree.online\/?page_id=3164"},"modified":"2024-08-02T11:02:53","modified_gmt":"2024-08-02T11:02:53","slug":"prompt-generator","status":"publish","type":"page","link":"https:\/\/aiartfree.online\/de\/prompt-generator\/","title":{"rendered":"Prompt-Generator"},"content":{"rendered":"<h2 class=\"wp-block-heading has-text-align-center\" id=\"before-prompt-generator-vs-after\">Vor Prompt-Generator vs. Nachher<\/h2>\n\n\n<div class=\"gb-grid-wrapper gb-grid-wrapper-274aea64\">\n<div class=\"gb-grid-column gb-grid-column-799665f9\"><div class=\"gb-container gb-container-799665f9\">\n\n<figure class=\"gb-block-image gb-block-image-858fbc7e\"><img data-recalc-dims=\"1\" decoding=\"async\" loading=\"lazy\" width=\"1024\" height=\"1024\" class=\"gb-image gb-image-858fbc7e\" src=\"https:\/\/i0.wp.com\/aiartfree.online\/wp-content\/uploads\/2024\/07\/image-25.jpg?resize=1024%2C1024&#038;ssl=1\" alt=\"Auf dem Friedhof des unerwiderten Metronoms\" title=\"Bild (25)\" srcset=\"https:\/\/i0.wp.com\/aiartfree.online\/wp-content\/uploads\/2024\/07\/image-25.jpg?w=1024&amp;ssl=1 1024w, https:\/\/i0.wp.com\/aiartfree.online\/wp-content\/uploads\/2024\/07\/image-25.jpg?resize=300%2C300&amp;ssl=1 300w, https:\/\/i0.wp.com\/aiartfree.online\/wp-content\/uploads\/2024\/07\/image-25.jpg?resize=150%2C150&amp;ssl=1 150w, https:\/\/i0.wp.com\/aiartfree.online\/wp-content\/uploads\/2024\/07\/image-25.jpg?resize=768%2C768&amp;ssl=1 768w, https:\/\/i0.wp.com\/aiartfree.online\/wp-content\/uploads\/2024\/07\/image-25.jpg?resize=12%2C12&amp;ssl=1 12w, https:\/\/i0.wp.com\/aiartfree.online\/wp-content\/uploads\/2024\/07\/image-25.jpg?resize=600%2C600&amp;ssl=1 600w, https:\/\/i0.wp.com\/aiartfree.online\/wp-content\/uploads\/2024\/07\/image-25.jpg?resize=100%2C100&amp;ssl=1 100w\" sizes=\"auto, (max-width: 1024px) 100vw, 1024px\" \/><\/figure>\n\n\n\n<h4 class=\"gb-headline gb-headline-7f59b675 gb-headline-text\">Prompts Vorher<\/h4>\n\n\n\n<p class=\"gb-headline gb-headline-ec66d865 gb-headline-text\">Auf dem Friedhof des unerwiderten Metronoms<\/p>\n\n<\/div><\/div>\n\n<div class=\"gb-grid-column gb-grid-column-b4f9a19c\"><div class=\"gb-container gb-container-b4f9a19c\">\n\n<figure class=\"gb-block-image gb-block-image-c763d41e\"><img data-recalc-dims=\"1\" decoding=\"async\" loading=\"lazy\" width=\"1024\" height=\"1024\" class=\"gb-image gb-image-c763d41e\" src=\"https:\/\/i0.wp.com\/aiartfree.online\/wp-content\/uploads\/2024\/07\/image-26-jpg.webp?resize=1024%2C1024&#038;ssl=1\" alt=\"Auf dem Friedhof des unerwiderten Metronoms, von Kerzen beleuchtet, digitale Malerei, artstation, Konzeptkunst, craig mullins, atemberaubend, 8 k Aufl\u00f6sung, extrem detailreich, sch\u00f6n, establishing shot, k\u00fcnstlerisch, hyperrealistisch, oktanig rendern, filmische Beleuchtung, dramatisches Licht, Meisterwerk, lichtscheu\" title=\"Bild (26)\" srcset=\"https:\/\/i0.wp.com\/aiartfree.online\/wp-content\/uploads\/2024\/07\/image-26-jpg.webp?w=1024&amp;ssl=1 1024w, https:\/\/i0.wp.com\/aiartfree.online\/wp-content\/uploads\/2024\/07\/image-26-jpg.webp?resize=300%2C300&amp;ssl=1 300w, https:\/\/i0.wp.com\/aiartfree.online\/wp-content\/uploads\/2024\/07\/image-26-jpg.webp?resize=150%2C150&amp;ssl=1 150w, https:\/\/i0.wp.com\/aiartfree.online\/wp-content\/uploads\/2024\/07\/image-26-jpg.webp?resize=768%2C768&amp;ssl=1 768w, https:\/\/i0.wp.com\/aiartfree.online\/wp-content\/uploads\/2024\/07\/image-26-jpg.webp?resize=12%2C12&amp;ssl=1 12w, https:\/\/i0.wp.com\/aiartfree.online\/wp-content\/uploads\/2024\/07\/image-26-jpg.webp?resize=600%2C600&amp;ssl=1 600w, https:\/\/i0.wp.com\/aiartfree.online\/wp-content\/uploads\/2024\/07\/image-26-jpg.webp?resize=100%2C100&amp;ssl=1 100w\" sizes=\"auto, (max-width: 1024px) 100vw, 1024px\" \/><\/figure>\n\n\n\n<h4 class=\"gb-headline gb-headline-21a96621 gb-headline-text\">Aufforderungen nach<\/h4>\n\n\n\n<p class=\"gb-headline gb-headline-069e038b gb-headline-text\">Auf dem Friedhof des unerwiderten Metronoms, von Kerzen beleuchtet, digitale Malerei, artstation, Konzeptkunst, craig mullins, atemberaubend, 8 k Aufl\u00f6sung, extrem detailreich, sch\u00f6n, establishing shot, k\u00fcnstlerisch, hyperrealistisch, oktanig rendern, filmische Beleuchtung, dramatisches Licht, Meisterwerk, lichtscheu<\/p>\n\n<\/div><\/div>\n<\/div>\n\n\n<div style=\"height:50px\" aria-hidden=\"true\" class=\"wp-block-spacer\"><\/div>\n\n\n\n<h2 class=\"wp-block-heading\" id=\"how-to-use-prompt-generator\">So verwenden Sie Prompt Generator<\/h2>\n\n\n\n<ol class=\"wp-block-list\">\n<li class=\"\">Geben Sie Ihre Gedanken ein<\/li>\n\n\n\n<li class=\"\">Klicken Sie auf \"Abschicken\".<\/li>\n\n\n\n<li class=\"\">Warten Sie auf die revolutionierten Eingabeaufforderungen<\/li>\n\n\n\n<li class=\"\">Scrollen Sie nach unten und f\u00fcgen Sie Ihre revolutionierte Eingabeaufforderung f\u00fcr die Generation<\/li>\n\n\n\n<li class=\"\">Klicken Sie auf \"Erzeugen\".<\/li>\n\n\n\n<li class=\"\">Moment, das ist es!<\/li>\n<\/ol>\n\n\n\n<p class=\"\">Wenn Sie keine Gedanken in Ihrem Kopf haben, <a href=\"#maodian\" data-type=\"internal\" data-id=\"#maodian\">Klicken Sie, um unsere Prompt-Galerie zu sehen<\/a><\/p>\n\n\n\n<p class=\"\"><em>* Je nach Ihrer Internetgeschwindigkeit kann das Laden des Modells einige Sekunden dauern.<\/em><\/p>\n\n\n\n<div class=\"iframe-wrapper\" style=\"position: relative; width: 100%; height: 900px;\">\n  <div class=\"loading\" style=\"position: absolute; top: 50px; left: 50%; transform: translate(-50%, -50%); width: 40px; height: 40px; border: 3px solid #f0f0f0; border-top: 3px solid #db7093; border-radius: 50%; animation: spin 1s linear infinite;\"><\/div>\n  <iframe loading=\"lazy\" src=\"https:\/\/doevent-stable-diffusion-prompt-generator.hf.space\" frameborder=\"0\" width=\"100%\" height=\"100%\" style=\"position: absolute; top: 0; left: 0; opacity: 0; transition: opacity 0.3s;\" onload=\"this.style.opacity=1;this.previousElementSibling.style.display='none';\"><\/iframe>\n<\/div>\n\n<style>\n@keyframes spin {\n  0% { transform: translate(-50%, -50%) rotate(0deg); }\n  100% { transform: translate(-50%, -50%) rotate(360deg); }\n}\n<\/style>\n\n\n\n<div style=\"height:10px\" aria-hidden=\"true\" class=\"wp-block-spacer\"><\/div>\n\n\n\n<p class=\"\"><em>* W\u00e4hrend der kontinuierlichen Generierung werden die Bilder zwischengespeichert, und das neue Bild wird nach etwa 5 Sekunden angezeigt.<\/em><\/p>\n\n\n\n<div class=\"iframe-wrapper\" style=\"position: relative; width: 100%; height: 1260px;\">\n  <div class=\"loading\" style=\"position: absolute; top: 50px; left: 50%; transform: translate(-50%, -50%); width: 40px; height: 40px; border: 3px solid #f0f0f0; border-top: 3px solid #db7093; border-radius: 50%; animation: spin 1s linear infinite;\"><\/div>\n  <iframe loading=\"lazy\" src=\"https:\/\/prodia-fast-stable-diffusion.hf.space\" frameborder=\"0\" width=\"100%\" height=\"100%\" style=\"position: absolute; top: 0; left: 0; opacity: 0; transition: opacity 0.3s;\" onload=\"this.style.opacity=1;this.previousElementSibling.style.display='none';\"><\/iframe>\n<\/div>\n\n<style>\n@keyframes spin {\n  0% { transform: translate(-50%, -50%) rotate(0deg); }\n  100% { transform: translate(-50%, -50%) rotate(360deg); }\n}\n<\/style>\n\n\n\n<div style=\"height:50px\" aria-hidden=\"true\" class=\"wp-block-spacer\"><\/div>\n\n\n\n<h2 class=\"wp-block-heading has-text-align-center\" id=\"prompts-gallery\">Prompts Galerie<\/h2>\n\n\n\n<h3 class=\"wp-block-heading\" id=\"how-to-use-prompts-gallery\">So verwenden Sie die Prompts-Galerie<\/h3>\n\n\n\n<ol class=\"wp-block-list\">\n<li class=\"\">Klicken Sie auf das Symbol oben rechts im Bild, um die Eingabeaufforderung zu duplizieren<\/li>\n\n\n\n<li class=\"\">Scrollen Sie nach oben und f\u00fcgen Sie Ihre revolutionierte Eingabeaufforderung f\u00fcr die Generation<\/li>\n<\/ol>\n\n\n\n<div style=\"text-align: center; border: 2px solid; border-image-source: linear-gradient(to right, #16b86c, #912899); border-image-slice: 1; box-shadow: 0 0 10px rgba(0, 0, 0, 0.1); border-radius: 15px; position: relative;\">\n  <div id=\"loading\" style=\"position: absolute; top: 100px; left: 50%; transform: translate(-50%, -50%); z-index: 1000;\">\n    <div style=\"width: 50px; height: 50px; border: 5px solid #f3f3f3; border-top: 5px solid #16b86c; border-radius: 50%; animation: spin 1s linear infinite;\"><\/div>\n  <\/div>\n  <iframe loading=\"lazy\"\n    src=\"https:\/\/prithivmlmods-top-prompt-collection.static.hf.space\"\n    frameborder=\"0\"\n    width=\"100%\"\n    height=\"2600\"\n    style=\"display: inline-block; margin: 0 auto;\"\n    onload=\"document.getElementById('loading').style.display='none';\"\n  ><\/iframe>\n<\/div>\n\n<style>\n  @keyframes spin {\n    0% { transform: rotate(0deg); }\n    100% { transform: rotate(360deg); }\n  }\n<\/style>\n\n\n\n<div style=\"height:50px\" aria-hidden=\"true\" class=\"wp-block-spacer\"><\/div>\n\n\n\n<h2 class=\"wp-block-heading\" id=\"introduction-of-prompt-generator\">Einf\u00fchrung des Prompt-Generators<\/h2>\n\n\n\n<div class=\"wp-block-rank-math-toc-block\" id=\"rank-math-toc\"><h3>Inhalts\u00fcbersicht<\/h3><nav><ul><li><a href=\"#what-is-a-prompt-generator\">Was ist ein Prompt-Generator?<\/a><ul><li><a href=\"#definition\">Definition<\/a><\/li><li><a href=\"#types-of-prompts\">Arten von Prompts<\/a><\/li><\/ul><\/li><li><a href=\"#how-does-a-prompt-generator-work\">Wie funktioniert ein Prompt-Generator?<\/a><ul><li><a href=\"#user-inputs\">Benutzer-Eingaben<\/a><\/li><li><a href=\"#ai-analysis\">AI-Analyse<\/a><\/li><li><a href=\"#output\">Ausgabe<\/a><\/li><li><a href=\"#example-of-user-inputs-and-ai-analysis\">Beispiel f\u00fcr Benutzereingaben und AI-Analyse<\/a><\/li><\/ul><\/li><li><a href=\"#benefits-of-using-a-prompt-generator\">Vorteile der Verwendung eines Prompt-Generators<\/a><ul><li><a href=\"#efficiency\">Wirkungsgrad<\/a><\/li><li><a href=\"#creativity-boost\">Kreativit\u00e4tsschub<\/a><\/li><li><a href=\"#customization\">Personalisierung<\/a><\/li><li><a href=\"#keyword-density-table\">Schl\u00fcsselwort-Dichte-Tabelle<\/a><\/li><\/ul><\/li><li><a href=\"#popular-applications-of-prompt-generators\">Beliebte Anwendungen von Prompt-Generatoren<\/a><ul><li><a href=\"#content-creation\">Erstellung von Inhalten<\/a><\/li><li><a href=\"#education\">Bildung<\/a><\/li><li><a href=\"#business-and-marketing\">Wirtschaft und Marketing<\/a><\/li><\/ul><\/li><li><a href=\"#how-to-choose-the-right-prompt-generator\">Wie man den richtigen Prompt-Generator ausw\u00e4hlt<\/a><ul><li><a href=\"#features-to-look-for\">Zu beachtende Merkmale<\/a><\/li><li><a href=\"#popular-tools\">Beliebte Tools<\/a><\/li><\/ul><\/li><li><a href=\"#conclusion\">Schlussfolgerung<\/a><\/li><li><a href=\"#additional-resources\">Zus\u00e4tzliche Ressourcen<\/a><\/li><\/ul><\/nav><\/div>\n\n\n\n<h3 class=\"wp-block-heading\" id=\"introduction\">Einf\u00fchrung<\/h3>\n\n\n\n<p class=\"\">Prompt-Generatoren sind leistungsstarke Tools, die k\u00fcnstliche Intelligenz (KI) nutzen, um Nutzern zu helfen, kreative Blockaden zu \u00fcberwinden und innovative Ideen zu entwickeln. Diese Tools k\u00f6nnen Schreibanregungen, Zeichenanregungen und andere kreative Vorschl\u00e4ge erzeugen, was sie f\u00fcr Schriftsteller, K\u00fcnstler und Inhaltsersteller von unsch\u00e4tzbarem Wert macht. In diesem Artikel erfahren Sie, was Prompt-Generatoren sind, wie sie funktionieren, welche Vorteile sie bieten, welche Anwendungen es gibt und welche Tipps Sie bei der Auswahl des richtigen Generators beachten sollten.<\/p>\n\n\n\n<figure class=\"wp-block-image size-full is-resized\"><img data-recalc-dims=\"1\" decoding=\"async\" width=\"1200\" height=\"600\"   loading=\"lazy\" src=\"https:\/\/i0.wp.com\/aiartfree.online\/wp-content\/uploads\/2024\/07\/WX20240724-132929%402x-scaled.webp?resize=1200%2C600&#038;ssl=1\" alt=\"Prompt-Generatoren sind leistungsstarke Tools, die k\u00fcnstliche Intelligenz (KI) nutzen, um Nutzern zu helfen, kreative Blockaden zu \u00fcberwinden und innovative Ideen zu entwickeln.\" class=\"wp-image-3185\" style=\"width:819px;height:auto\" srcset=\"https:\/\/i0.wp.com\/aiartfree.online\/wp-content\/uploads\/2024\/07\/WX20240724-132929%402x-scaled.webp?w=2560&amp;ssl=1 2560w, https:\/\/i0.wp.com\/aiartfree.online\/wp-content\/uploads\/2024\/07\/WX20240724-132929%402x-scaled.webp?resize=300%2C150&amp;ssl=1 300w, https:\/\/i0.wp.com\/aiartfree.online\/wp-content\/uploads\/2024\/07\/WX20240724-132929%402x-scaled.webp?resize=1024%2C512&amp;ssl=1 1024w, https:\/\/i0.wp.com\/aiartfree.online\/wp-content\/uploads\/2024\/07\/WX20240724-132929%402x-scaled.webp?resize=768%2C384&amp;ssl=1 768w, https:\/\/i0.wp.com\/aiartfree.online\/wp-content\/uploads\/2024\/07\/WX20240724-132929%402x-scaled.webp?resize=1536%2C768&amp;ssl=1 1536w, https:\/\/i0.wp.com\/aiartfree.online\/wp-content\/uploads\/2024\/07\/WX20240724-132929%402x-scaled.webp?resize=2048%2C1023&amp;ssl=1 2048w, https:\/\/i0.wp.com\/aiartfree.online\/wp-content\/uploads\/2024\/07\/WX20240724-132929%402x-scaled.webp?resize=18%2C9&amp;ssl=1 18w, https:\/\/i0.wp.com\/aiartfree.online\/wp-content\/uploads\/2024\/07\/WX20240724-132929%402x-scaled.webp?resize=600%2C300&amp;ssl=1 600w, https:\/\/i0.wp.com\/aiartfree.online\/wp-content\/uploads\/2024\/07\/WX20240724-132929%402x-scaled.webp?w=2400&amp;ssl=1 2400w\" sizes=\"auto, (max-width: 1200px) 100vw, 1200px\" \/><\/figure>\n\n\n\n<h3 class=\"wp-block-heading\" id=\"what-is-a-prompt-generator\">Was ist ein Prompt-Generator?<\/h3>\n\n\n\n<h4 class=\"wp-block-heading\" id=\"definition\">Definition<\/h4>\n\n\n\n<p class=\"\">Ein Prompt-Generator ist eine Softwareanwendung, die mithilfe von Algorithmen und k\u00fcnstlicher Intelligenz Prompts oder Vorschl\u00e4ge f\u00fcr kreative Aufgaben erstellt. Diese Eingabeaufforderungen k\u00f6nnen zum Schreiben, Zeichnen, Brainstorming und mehr verwendet werden.<\/p>\n\n\n\n<h4 class=\"wp-block-heading\" id=\"types-of-prompts\">Arten von Prompts<\/h4>\n\n\n\n<ul class=\"wp-block-list\">\n<li class=\"\"><strong>Schreibanregungen<\/strong>: Ideen, um Schreibprojekte in Gang zu bringen, darunter Geschichten, Aufs\u00e4tze und Gedichte.<\/li>\n\n\n\n<li class=\"\"><strong>Zeichnungsanregungen<\/strong>: Vorschl\u00e4ge f\u00fcr K\u00fcnstler zur Schaffung neuer Werke.<\/li>\n\n\n\n<li class=\"\"><strong>Kreative Schreibanregungen<\/strong>: Gezielte Anregungen zum kreativen Schreiben, z. B. f\u00fcr Belletristik und Gedichte.<\/li>\n\n\n\n<li class=\"\"><strong>Mitten auf der Reise Prompts<\/strong>: Anregungen f\u00fcr die Entwicklung einer Geschichte oder eines Projekts in der Mitte des Prozesses.<\/li>\n\n\n\n<li class=\"\"><strong>Kunst-Prompt-Generator<\/strong>: Werkzeuge, die speziell f\u00fcr die Entwicklung von Ideen f\u00fcr visuelle Kunst entwickelt wurden.<\/li>\n<\/ul>\n\n\n\n<h3 class=\"wp-block-heading\" id=\"how-does-a-prompt-generator-work\">Wie funktioniert ein Prompt-Generator?<\/h3>\n\n\n\n<h4 class=\"wp-block-heading\" id=\"user-inputs\">Benutzer-Eingaben<\/h4>\n\n\n\n<p class=\"\">Die Benutzer geben erste Informationen ein, wie z. B. die Art der ben\u00f6tigten Aufforderung (z. B. Schreiben, Zeichnen) und bestimmte Themen oder Einschr\u00e4nkungen.<\/p>\n\n\n\n<h4 class=\"wp-block-heading\" id=\"ai-analysis\">AI-Analyse<\/h4>\n\n\n\n<p class=\"\">Die KI verarbeitet diese Eingaben mithilfe von Datenbanken mit bestehenden Aufforderungen und kreativen Inhalten, um einzigartige und relevante Vorschl\u00e4ge zu generieren.<\/p>\n\n\n\n<h4 class=\"wp-block-heading\" id=\"output\">Ausgabe<\/h4>\n\n\n\n<p class=\"\">Die generierten Eingabeaufforderungen sind auf die Spezifikationen des Benutzers zugeschnitten und bieten sofortige Inspiration und Orientierung.<\/p>\n\n\n\n<h4 class=\"wp-block-heading\" id=\"example-of-user-inputs-and-ai-analysis\">Beispiel f\u00fcr Benutzereingaben und AI-Analyse<\/h4>\n\n\n\n<figure class=\"wp-block-table\"><table class=\"has-fixed-layout\"><thead><tr><th>Benutzereingabe<\/th><th>AI-Analyse<\/th><th>Erstellte Eingabeaufforderung<\/th><\/tr><\/thead><tbody><tr><td>Aufforderung zum Schreiben<\/td><td>Analysieren Sie Themen wie Geheimnisse und Abenteuer<\/td><td>\"Schreibe eine Geschichte \u00fcber einen Detektiv in einer Geisterstadt.\"<\/td><\/tr><tr><td>Aufforderung zum Zeichnen<\/td><td>Untersuchung popul\u00e4rer Themen in der Fantasy-Kunst<\/td><td>\"Zeichne einen Drachen, der einen verborgenen Schatz besch\u00fctzt.\"<\/td><\/tr><tr><td>Kreatives Schreiben<\/td><td>Kombination von Liebesromanen und historischen Romanen<\/td><td>\"Beschreiben Sie eine Liebesgeschichte, die im alten Rom spielt.\"<\/td><\/tr><\/tbody><\/table><\/figure>\n\n\n\n<h3 class=\"wp-block-heading\" id=\"benefits-of-using-a-prompt-generator\">Vorteile der Verwendung eines Prompt-Generators<\/h3>\n\n\n\n<h4 class=\"wp-block-heading\" id=\"efficiency\">Wirkungsgrad<\/h4>\n\n\n\n<p class=\"\">Prompt-Generatoren sparen Zeit, indem sie schnell qualitativ hochwertige Prompts erstellen, so dass sich die Benutzer auf die Erstellung von Texten konzentrieren k\u00f6nnen, anstatt ein Brainstorming durchzuf\u00fchren.<\/p>\n\n\n\n<h4 class=\"wp-block-heading\" id=\"creativity-boost\">Kreativit\u00e4tsschub<\/h4>\n\n\n\n<p class=\"\">Diese Tools helfen dabei, Schreibblockaden zu \u00fcberwinden und die Kreativit\u00e4t mit einzigartigen und vielf\u00e4ltigen Anregungen zu f\u00f6rdern, damit der kreative Prozess mehr Spa\u00df macht.<\/p>\n\n\n\n<h4 class=\"wp-block-heading\" id=\"customization\">Personalisierung<\/h4>\n\n\n\n<p class=\"\">Die Benutzer k\u00f6nnen die Eingabeaufforderungen auf ihre spezifischen Bed\u00fcrfnisse und Vorlieben abstimmen und so die Relevanz und Benutzerfreundlichkeit der generierten Inhalte verbessern.<\/p>\n\n\n\n<h4 class=\"wp-block-heading\" id=\"keyword-density-table\">Schl\u00fcsselwort-Dichte-Tabelle<\/h4>\n\n\n\n<figure class=\"wp-block-table\"><table class=\"has-fixed-layout\"><thead><tr><th>Schl\u00fcsselwort<\/th><th>Die Dichte im Artikel<\/th><\/tr><\/thead><tbody><tr><td>Prompt-Generator<\/td><td>2%<\/td><\/tr><tr><td>Schreibanregungen<\/td><td>1.5%<\/td><\/tr><tr><td>Schnelles Engineering<\/td><td>1%<\/td><\/tr><tr><td><a href=\"https:\/\/aiartfree.online\/de\/prompt-galerie\/\" target=\"_blank\" data-type=\"page\" data-id=\"3252\" rel=\"noreferrer noopener\">Zeichnungsanregungen<\/a><\/td><td>1.5%<\/td><\/tr><tr><td>Kreative Schreibanregungen<\/td><td>1%<\/td><\/tr><tr><td>Mitten auf der Reise Prompts<\/td><td>0.5%<\/td><\/tr><tr><td>Kunst-Prompt-Generator<\/td><td>1%<\/td><\/tr><tr><td>Ideen zeichnen<\/td><td>1%<\/td><\/tr><tr><td>Aufforderung zum Zeichnen<\/td><td>1%<\/td><\/tr><\/tbody><\/table><\/figure>\n\n\n\n<h3 class=\"wp-block-heading\" id=\"popular-applications-of-prompt-generators\">Beliebte Anwendungen von Prompt-Generatoren<\/h3>\n\n\n\n<h4 class=\"wp-block-heading\" id=\"content-creation\">Erstellung von Inhalten<\/h4>\n\n\n\n<ul class=\"wp-block-list\">\n<li class=\"\"><strong>Bloggen<\/strong>: Entwickeln Sie Ideen f\u00fcr Blogbeitr\u00e4ge und Artikel.<\/li>\n\n\n\n<li class=\"\"><strong>Soziale Medien<\/strong>: Erstellen Sie ansprechende Inhalte f\u00fcr soziale Medienplattformen.<\/li>\n<\/ul>\n\n\n\n<h4 class=\"wp-block-heading\" id=\"education\">Bildung<\/h4>\n\n\n\n<ul class=\"wp-block-list\">\n<li class=\"\"><strong>Unterricht<\/strong>: Unterst\u00fctzung der Lehrer bei der Erstellung von Aufsatzthemen und Diskussionspunkten.<\/li>\n\n\n\n<li class=\"\"><strong>Studentische Projekte<\/strong>: Helfen Sie den Sch\u00fclern mit Ideen f\u00fcr Schreibaufgaben und kreative Projekte.<\/li>\n<\/ul>\n\n\n\n<h4 class=\"wp-block-heading\" id=\"business-and-marketing\">Wirtschaft und Marketing<\/h4>\n\n\n\n<ul class=\"wp-block-list\">\n<li class=\"\"><strong>Marketing-Texte<\/strong>: Erstellen Sie \u00fcberzeugende Marketingtexte und Produktbeschreibungen.<\/li>\n\n\n\n<li class=\"\"><strong>Interaktion mit Kunden<\/strong>: Erstellen Sie Skripte f\u00fcr den Kundenservice und die Kundenbindung.<\/li>\n<\/ul>\n\n\n\n<h3 class=\"wp-block-heading\" id=\"how-to-choose-the-right-prompt-generator\">Wie man den richtigen Prompt-Generator ausw\u00e4hlt<\/h3>\n\n\n\n<h4 class=\"wp-block-heading\" id=\"features-to-look-for\">Zu beachtende Merkmale<\/h4>\n\n\n\n<ul class=\"wp-block-list\">\n<li class=\"\"><strong>Anpassungsoptionen<\/strong>: F\u00e4higkeit, Prompts auf spezifische Bed\u00fcrfnisse zuzuschneiden.<\/li>\n\n\n\n<li class=\"\"><strong>Benutzeroberfl\u00e4che<\/strong>: Eine intuitive und benutzerfreundliche Schnittstelle.<\/li>\n\n\n\n<li class=\"\"><strong>Integrationsf\u00e4higkeiten<\/strong>: Kompatibilit\u00e4t mit anderen Tools und Plattformen.<\/li>\n<\/ul>\n\n\n\n<h4 class=\"wp-block-heading\" id=\"popular-tools\">Beliebte Tools<\/h4>\n\n\n\n<ul class=\"wp-block-list\">\n<li class=\"\"><strong>AI-Kerker<\/strong>: Bekannt f\u00fcr seine Vielseitigkeit bei der Erstellung kreativer Schreibanregungen.<\/li>\n\n\n\n<li class=\"\"><strong>KunstPrompts<\/strong>: Spezialisiert auf die Entwicklung von Ideen f\u00fcr visuelle Kunstprojekte.<\/li>\n\n\n\n<li class=\"\"><strong>Schreib\u00fcbungen.de<\/strong>: Bietet eine breite Palette von Schreibanregungen f\u00fcr verschiedene Genres.<\/li>\n<\/ul>\n\n\n\n<h3 class=\"wp-block-heading\" id=\"conclusion\">Schlussfolgerung<\/h3>\n\n\n\n<p class=\"\">Prompt-Generatoren sind unsch\u00e4tzbare Werkzeuge f\u00fcr jeden, der kreativ t\u00e4tig ist. Sie sparen Zeit, f\u00f6rdern die Kreativit\u00e4t und bieten anpassbare L\u00f6sungen f\u00fcr kreative Blockaden. Wenn Sie verstehen, wie sie funktionieren und welche Anwendungen es gibt, k\u00f6nnen Sie den richtigen Prompt-Generator ausw\u00e4hlen, um Ihren kreativen Prozess zu verbessern.<\/p>\n\n\n\n<h3 class=\"wp-block-heading\" id=\"additional-resources\">Zus\u00e4tzliche Ressourcen<\/h3>\n\n\n\n<ul class=\"wp-block-list\">\n<li class=\"\"><strong><a href=\"https:\/\/www.aidungeon.io\/\" target=\"_blank\" rel=\"noopener\">AI-Kerker<\/a><\/strong>: Entdecken Sie einen interaktiven Generator f\u00fcr kreatives Schreiben.<\/li>\n\n\n\n<li class=\"\"><strong><a href=\"https:\/\/artprompts.org\/\" target=\"_blank\" rel=\"noopener\">KunstPrompts<\/a><\/strong>: Lassen Sie sich f\u00fcr Ihr n\u00e4chstes Kunstprojekt inspirieren.<\/li>\n\n\n\n<li class=\"\"><strong><a href=\"https:\/\/www.writingexercises.co.uk\/\" target=\"_blank\" rel=\"noopener\">Schreib\u00fcbungen<\/a><\/strong>: Entdecken Sie eine Vielzahl von Schreibanregungen f\u00fcr verschiedene Genres.<\/li>\n<\/ul>","protected":false},"excerpt":{"rendered":"<p>Before Prompt Generator vs After How to use Prompt Generator If you don&#8217;t have any thoughts in your mind, click to check our Prompt Gallery *&nbsp;Depending on your internet speed, loading the model may take a few seconds. * There will be caching during continuous generation, and the new image will appear after about 5 &#8230; <a title=\"Prompt-Generator\" class=\"read-more\" href=\"https:\/\/aiartfree.online\/de\/prompt-generator\/\" aria-label=\"Mehr Informationen \u00fcber Prompt Generator\">Weiterlesen<\/a><\/p>","protected":false},"author":1,"featured_media":3185,"parent":0,"menu_order":0,"comment_status":"open","ping_status":"closed","template":"","meta":{"nf_dc_page":"","footnotes":""},"class_list":["post-3164","page","type-page","status-publish","has-post-thumbnail"],"jetpack_sharing_enabled":true,"_links":{"self":[{"href":"https:\/\/aiartfree.online\/de\/wp-json\/wp\/v2\/pages\/3164","targetHints":{"allow":["GET"]}}],"collection":[{"href":"https:\/\/aiartfree.online\/de\/wp-json\/wp\/v2\/pages"}],"about":[{"href":"https:\/\/aiartfree.online\/de\/wp-json\/wp\/v2\/types\/page"}],"author":[{"embeddable":true,"href":"https:\/\/aiartfree.online\/de\/wp-json\/wp\/v2\/users\/1"}],"replies":[{"embeddable":true,"href":"https:\/\/aiartfree.online\/de\/wp-json\/wp\/v2\/comments?post=3164"}],"version-history":[{"count":0,"href":"https:\/\/aiartfree.online\/de\/wp-json\/wp\/v2\/pages\/3164\/revisions"}],"wp:featuredmedia":[{"embeddable":true,"href":"https:\/\/aiartfree.online\/de\/wp-json\/wp\/v2\/media\/3185"}],"wp:attachment":[{"href":"https:\/\/aiartfree.online\/de\/wp-json\/wp\/v2\/media?parent=3164"}],"curies":[{"name":"wp","href":"https:\/\/api.w.org\/{rel}","templated":true}]}}