{"id":3117,"date":"2024-07-21T07:42:10","date_gmt":"2024-07-21T07:42:10","guid":{"rendered":"https:\/\/aiartfree.online\/?page_id=3117"},"modified":"2024-07-21T07:47:21","modified_gmt":"2024-07-21T07:47:21","slug":"free-ai-art-generator","status":"publish","type":"page","link":"https:\/\/aiartfree.online\/de\/kostenloser-ai-art-generator\/","title":{"rendered":"Kostenloser AI Art Generator"},"content":{"rendered":"<p class=\"has-text-align-center\">Erstellen Sie beeindruckende KI-Grafiken mit hochmodernen, kostenlosen KI-Tools.<\/p>\n\n\n<div class=\"gb-grid-wrapper gb-grid-wrapper-cd9cd360\">\n<div class=\"gb-grid-column gb-grid-column-11112ac1\"><div class=\"gb-container gb-container-11112ac1\">\n\n<figure class=\"gb-block-image gb-block-image-3cedc626\"><a href=\"https:\/\/aiartfree.online\/de\/ai-zeichengenerator\/\" target=\"_blank\" rel=\"noopener noreferrer\"><img data-recalc-dims=\"1\" decoding=\"async\" loading=\"lazy\" width=\"1200\" height=\"1190\" class=\"gb-image gb-image-3cedc626\" src=\"https:\/\/i0.wp.com\/aiartfree.online\/wp-content\/uploads\/2024\/07\/WX20240719-144752%402x.jpg?resize=1200%2C1190&#038;ssl=1\" alt=\"AI-Charakter-Generator\" title=\"WX20240719-144752@2x\" srcset=\"https:\/\/i0.wp.com\/aiartfree.online\/wp-content\/uploads\/2024\/07\/WX20240719-144752%402x.jpg?w=1632&amp;ssl=1 1632w, https:\/\/i0.wp.com\/aiartfree.online\/wp-content\/uploads\/2024\/07\/WX20240719-144752%402x.jpg?resize=300%2C297&amp;ssl=1 300w, https:\/\/i0.wp.com\/aiartfree.online\/wp-content\/uploads\/2024\/07\/WX20240719-144752%402x.jpg?resize=1024%2C1015&amp;ssl=1 1024w, https:\/\/i0.wp.com\/aiartfree.online\/wp-content\/uploads\/2024\/07\/WX20240719-144752%402x.jpg?resize=150%2C150&amp;ssl=1 150w, https:\/\/i0.wp.com\/aiartfree.online\/wp-content\/uploads\/2024\/07\/WX20240719-144752%402x.jpg?resize=768%2C761&amp;ssl=1 768w, https:\/\/i0.wp.com\/aiartfree.online\/wp-content\/uploads\/2024\/07\/WX20240719-144752%402x.jpg?resize=1536%2C1523&amp;ssl=1 1536w, https:\/\/i0.wp.com\/aiartfree.online\/wp-content\/uploads\/2024\/07\/WX20240719-144752%402x.jpg?resize=12%2C12&amp;ssl=1 12w, https:\/\/i0.wp.com\/aiartfree.online\/wp-content\/uploads\/2024\/07\/WX20240719-144752%402x.jpg?resize=600%2C595&amp;ssl=1 600w, https:\/\/i0.wp.com\/aiartfree.online\/wp-content\/uploads\/2024\/07\/WX20240719-144752%402x.jpg?resize=100%2C100&amp;ssl=1 100w\" sizes=\"auto, (max-width: 1200px) 100vw, 1200px\" \/><\/a><\/figure>\n\n\n\n<h3 class=\"gb-headline gb-headline-efcb9b85 gb-headline-text\">AI-Charakter-Generator<\/h3>\n\n\n\n<p class=\"gb-headline gb-headline-f3afe0a5 gb-headline-text\">Mit AI Character Generator k\u00f6nnen Sie einzigartige Charaktere mit AI-Algorithmen und generativer AI-Technologie entwerfen.<\/p>\n\n<\/div><\/div>\n\n<div class=\"gb-grid-column gb-grid-column-d5a6cb82\"><div class=\"gb-container gb-container-d5a6cb82\">\n\n<figure class=\"gb-block-image gb-block-image-b9b8fce6\"><a href=\"https:\/\/aiartfree.online\/de\/kostenloser-pixar-ai-generator\/\" target=\"_blank\" rel=\"noopener noreferrer\"><img data-recalc-dims=\"1\" decoding=\"async\" loading=\"lazy\" width=\"938\" height=\"626\" class=\"gb-image gb-image-b9b8fce6\" src=\"https:\/\/i0.wp.com\/aiartfree.online\/wp-content\/uploads\/2024\/07\/WX20240717-174206%402x.jpg?resize=938%2C626&#038;ssl=1\" alt=\"pixar ai generator\" title=\"WX20240717-174206@2x\" srcset=\"https:\/\/i0.wp.com\/aiartfree.online\/wp-content\/uploads\/2024\/07\/WX20240717-174206%402x.jpg?w=938&amp;ssl=1 938w, https:\/\/i0.wp.com\/aiartfree.online\/wp-content\/uploads\/2024\/07\/WX20240717-174206%402x.jpg?resize=300%2C200&amp;ssl=1 300w, https:\/\/i0.wp.com\/aiartfree.online\/wp-content\/uploads\/2024\/07\/WX20240717-174206%402x.jpg?resize=768%2C513&amp;ssl=1 768w, https:\/\/i0.wp.com\/aiartfree.online\/wp-content\/uploads\/2024\/07\/WX20240717-174206%402x.jpg?resize=18%2C12&amp;ssl=1 18w, https:\/\/i0.wp.com\/aiartfree.online\/wp-content\/uploads\/2024\/07\/WX20240717-174206%402x.jpg?resize=600%2C400&amp;ssl=1 600w\" sizes=\"auto, (max-width: 938px) 100vw, 938px\" \/><\/a><\/figure>\n\n\n\n<h3 class=\"gb-headline gb-headline-0c51996c gb-headline-text\">Pixar AI Generator<\/h3>\n\n\n\n<p class=\"gb-headline gb-headline-83bb38c0 gb-headline-text\">Verwandeln Sie Ihre Ideen in KI-generierte Kunst im Pixar-Stil mit kostenloser generativer Online-KI.<\/p>\n\n<\/div><\/div>\n\n<div class=\"gb-grid-column gb-grid-column-bdb1b3f6\"><div class=\"gb-container gb-container-bdb1b3f6\">\n\n<figure class=\"gb-block-image gb-block-image-129ad6ad\"><a href=\"https:\/\/aiartfree.online\/de\/anime-ai-generator\/\" target=\"_blank\" rel=\"noopener noreferrer\"><img data-recalc-dims=\"1\" decoding=\"async\" loading=\"lazy\" width=\"1200\" height=\"718\" class=\"gb-image gb-image-129ad6ad\" src=\"https:\/\/i0.wp.com\/aiartfree.online\/wp-content\/uploads\/2024\/07\/WX20240719-123748%402x.jpg?resize=1200%2C718&#038;ssl=1\" alt=\"anime-ai-generator\/\" title=\"WX20240719-123748@2x\" srcset=\"https:\/\/i0.wp.com\/aiartfree.online\/wp-content\/uploads\/2024\/07\/WX20240719-123748%402x.jpg?w=1314&amp;ssl=1 1314w, https:\/\/i0.wp.com\/aiartfree.online\/wp-content\/uploads\/2024\/07\/WX20240719-123748%402x.jpg?resize=300%2C179&amp;ssl=1 300w, https:\/\/i0.wp.com\/aiartfree.online\/wp-content\/uploads\/2024\/07\/WX20240719-123748%402x.jpg?resize=1024%2C613&amp;ssl=1 1024w, https:\/\/i0.wp.com\/aiartfree.online\/wp-content\/uploads\/2024\/07\/WX20240719-123748%402x.jpg?resize=768%2C459&amp;ssl=1 768w, https:\/\/i0.wp.com\/aiartfree.online\/wp-content\/uploads\/2024\/07\/WX20240719-123748%402x.jpg?resize=18%2C12&amp;ssl=1 18w, https:\/\/i0.wp.com\/aiartfree.online\/wp-content\/uploads\/2024\/07\/WX20240719-123748%402x.jpg?resize=600%2C359&amp;ssl=1 600w\" sizes=\"auto, (max-width: 1200px) 100vw, 1200px\" \/><\/a><\/figure>\n\n\n\n<h3 class=\"gb-headline gb-headline-3dd3b4a8 gb-headline-text\">Anime AI Generator<\/h3>\n\n\n\n<p class=\"gb-headline gb-headline-9bb27b5a gb-headline-text\">Erzeugen Sie lebendige Anime-Kunst mit dem Anime AI Generator, der von fortschrittlichen AI-Algorithmen angetrieben wird.<\/p>\n\n<\/div><\/div>\n\n<div class=\"gb-grid-column gb-grid-column-cd81c4c8\"><div class=\"gb-container gb-container-cd81c4c8\">\n\n<figure class=\"gb-block-image gb-block-image-420788f4\"><a href=\"https:\/\/aiartfree.online\/de\/ai-cartoon-generator\/\" target=\"_blank\" rel=\"noopener noreferrer\"><img data-recalc-dims=\"1\" decoding=\"async\" loading=\"lazy\" width=\"1200\" height=\"596\" class=\"gb-image gb-image-420788f4\" src=\"https:\/\/i0.wp.com\/aiartfree.online\/wp-content\/uploads\/2024\/07\/WX20240717-175407%402x-1-1-1-scaled.jpg?resize=1200%2C596&#038;ssl=1\" alt=\"AI Cartoon Generator\" title=\"WX20240717-175407@2x (1) (1) (1)\" srcset=\"https:\/\/i0.wp.com\/aiartfree.online\/wp-content\/uploads\/2024\/07\/WX20240717-175407%402x-1-1-1-scaled.jpg?w=2560&amp;ssl=1 2560w, https:\/\/i0.wp.com\/aiartfree.online\/wp-content\/uploads\/2024\/07\/WX20240717-175407%402x-1-1-1-scaled.jpg?resize=300%2C149&amp;ssl=1 300w, https:\/\/i0.wp.com\/aiartfree.online\/wp-content\/uploads\/2024\/07\/WX20240717-175407%402x-1-1-1-scaled.jpg?resize=1024%2C508&amp;ssl=1 1024w, https:\/\/i0.wp.com\/aiartfree.online\/wp-content\/uploads\/2024\/07\/WX20240717-175407%402x-1-1-1-scaled.jpg?resize=768%2C381&amp;ssl=1 768w, https:\/\/i0.wp.com\/aiartfree.online\/wp-content\/uploads\/2024\/07\/WX20240717-175407%402x-1-1-1-scaled.jpg?resize=1536%2C763&amp;ssl=1 1536w, https:\/\/i0.wp.com\/aiartfree.online\/wp-content\/uploads\/2024\/07\/WX20240717-175407%402x-1-1-1-scaled.jpg?resize=2048%2C1017&amp;ssl=1 2048w, https:\/\/i0.wp.com\/aiartfree.online\/wp-content\/uploads\/2024\/07\/WX20240717-175407%402x-1-1-1-scaled.jpg?resize=18%2C9&amp;ssl=1 18w, https:\/\/i0.wp.com\/aiartfree.online\/wp-content\/uploads\/2024\/07\/WX20240717-175407%402x-1-1-1-scaled.jpg?resize=600%2C298&amp;ssl=1 600w, https:\/\/i0.wp.com\/aiartfree.online\/wp-content\/uploads\/2024\/07\/WX20240717-175407%402x-1-1-1-scaled.jpg?w=2400&amp;ssl=1 2400w\" sizes=\"auto, (max-width: 1200px) 100vw, 1200px\" \/><\/a><\/figure>\n\n\n\n<h3 class=\"gb-headline gb-headline-3b87d18c gb-headline-text\">AI Cartoon Generator<\/h3>\n\n\n\n<p class=\"gb-headline gb-headline-51b4b755 gb-headline-text\">Konvertieren Sie Fotos mit Hilfe fortschrittlicher KI-gest\u00fctzter Algorithmen in Bilder im Anime-Stil und genie\u00dfen Sie die Erstellung einzigartiger KI-generierter Kunst.<\/p>\n\n<\/div><\/div>\n\n<div class=\"gb-grid-column gb-grid-column-b86d2319\"><div class=\"gb-container gb-container-b86d2319\">\n\n<figure class=\"gb-block-image gb-block-image-5898855b\"><a href=\"https:\/\/aiartfree.online\/de\/ai-3d-modell-generator\/\" target=\"_blank\" rel=\"noopener noreferrer\"><img data-recalc-dims=\"1\" decoding=\"async\" loading=\"lazy\" width=\"1200\" height=\"787\" class=\"gb-image gb-image-5898855b\" src=\"https:\/\/i0.wp.com\/aiartfree.online\/wp-content\/uploads\/2024\/07\/WX20240719-153337%402x-1-1.jpg?resize=1200%2C787&#038;ssl=1\" alt=\"2D zu 3D Modell Generator\" title=\"WX20240719-153337@2x (1) (1)\" srcset=\"https:\/\/i0.wp.com\/aiartfree.online\/wp-content\/uploads\/2024\/07\/WX20240719-153337%402x-1-1.jpg?w=1768&amp;ssl=1 1768w, https:\/\/i0.wp.com\/aiartfree.online\/wp-content\/uploads\/2024\/07\/WX20240719-153337%402x-1-1.jpg?resize=300%2C197&amp;ssl=1 300w, https:\/\/i0.wp.com\/aiartfree.online\/wp-content\/uploads\/2024\/07\/WX20240719-153337%402x-1-1.jpg?resize=1024%2C672&amp;ssl=1 1024w, https:\/\/i0.wp.com\/aiartfree.online\/wp-content\/uploads\/2024\/07\/WX20240719-153337%402x-1-1.jpg?resize=768%2C504&amp;ssl=1 768w, https:\/\/i0.wp.com\/aiartfree.online\/wp-content\/uploads\/2024\/07\/WX20240719-153337%402x-1-1.jpg?resize=1536%2C1008&amp;ssl=1 1536w, https:\/\/i0.wp.com\/aiartfree.online\/wp-content\/uploads\/2024\/07\/WX20240719-153337%402x-1-1.jpg?resize=18%2C12&amp;ssl=1 18w, https:\/\/i0.wp.com\/aiartfree.online\/wp-content\/uploads\/2024\/07\/WX20240719-153337%402x-1-1.jpg?resize=600%2C394&amp;ssl=1 600w\" sizes=\"auto, (max-width: 1200px) 100vw, 1200px\" \/><\/a><\/figure>\n\n\n\n<h3 class=\"gb-headline gb-headline-d9fff2b4 gb-headline-text\">AI 3d Model Generator<\/h3>\n\n\n\n<p class=\"gb-headline gb-headline-0faba709 gb-headline-text\">AI 3D Model Generator hilft Ihnen bei der Erstellung moderner 3D-Modelle mit KI-gest\u00fctzter Feinabstimmung.<\/p>\n\n<\/div><\/div>\n\n<div class=\"gb-grid-column gb-grid-column-bb7fbb28\"><div class=\"gb-container gb-container-bb7fbb28\">\n\n<figure class=\"gb-block-image gb-block-image-b44f128d\"><a href=\"https:\/\/aiartfree.online\/de\/ai-zeichnung-generator\/\" target=\"_blank\" rel=\"noopener noreferrer\"><img data-recalc-dims=\"1\" decoding=\"async\" loading=\"lazy\" width=\"1200\" height=\"1200\" class=\"gb-image gb-image-b44f128d\" src=\"https:\/\/i0.wp.com\/aiartfree.online\/wp-content\/uploads\/2024\/07\/WX20240719-141958%402x.jpg?resize=1200%2C1200&#038;ssl=1\" alt=\"ai-drawing-generator\" title=\"WX20240719-141958@2x\" srcset=\"https:\/\/i0.wp.com\/aiartfree.online\/wp-content\/uploads\/2024\/07\/WX20240719-141958%402x.jpg?w=1414&amp;ssl=1 1414w, https:\/\/i0.wp.com\/aiartfree.online\/wp-content\/uploads\/2024\/07\/WX20240719-141958%402x.jpg?resize=300%2C300&amp;ssl=1 300w, https:\/\/i0.wp.com\/aiartfree.online\/wp-content\/uploads\/2024\/07\/WX20240719-141958%402x.jpg?resize=1024%2C1024&amp;ssl=1 1024w, https:\/\/i0.wp.com\/aiartfree.online\/wp-content\/uploads\/2024\/07\/WX20240719-141958%402x.jpg?resize=150%2C150&amp;ssl=1 150w, https:\/\/i0.wp.com\/aiartfree.online\/wp-content\/uploads\/2024\/07\/WX20240719-141958%402x.jpg?resize=768%2C768&amp;ssl=1 768w, https:\/\/i0.wp.com\/aiartfree.online\/wp-content\/uploads\/2024\/07\/WX20240719-141958%402x.jpg?resize=12%2C12&amp;ssl=1 12w, https:\/\/i0.wp.com\/aiartfree.online\/wp-content\/uploads\/2024\/07\/WX20240719-141958%402x.jpg?resize=600%2C600&amp;ssl=1 600w, https:\/\/i0.wp.com\/aiartfree.online\/wp-content\/uploads\/2024\/07\/WX20240719-141958%402x.jpg?resize=100%2C100&amp;ssl=1 100w\" sizes=\"auto, (max-width: 1200px) 100vw, 1200px\" \/><\/a><\/figure>\n\n\n\n<h3 class=\"gb-headline gb-headline-fc2626d2 gb-headline-text\">AI-Zeichnungsgenerator<\/h3>\n\n\n\n<p class=\"gb-headline gb-headline-83918771 gb-headline-text\">AI Drawing Generator verwandelt Textaufforderungen in KI-generierte Kunstwerke mit maschinellem Lernen.<\/p>\n\n<\/div><\/div>\n<\/div>\n\n\n<div style=\"height:100px\" aria-hidden=\"true\" class=\"wp-block-spacer\"><\/div>\n\n\n\n<h2 class=\"wp-block-heading\" id=\"free-ai-art-generator-unlocking-the-power-of-artificial-intelligence-in-art\"><strong>Kostenloser AI Art Generator: Die Macht der k\u00fcnstlichen Intelligenz in der Kunst freisetzen<\/strong><\/h2>\n\n\n\n<h3 class=\"wp-block-heading\" id=\"outline\"><a href=\"https:\/\/dromerosm-groq-llama3.hf.space\/#outline\" target=\"_blank\" rel=\"noopener\"><\/a>Umriss:<\/h3>\n\n\n\n<ul class=\"wp-block-list\">\n<li class=\"\">Was ist ein kostenloser AI Art Generator?<\/li>\n\n\n\n<li class=\"\">Bedeutung von kostenlosen AI-Kunstgeneratoren<\/li>\n\n\n\n<li class=\"\">Vorteile der Verwendung eines kostenlosen AI-Grafikgenerators<\/li>\n\n\n\n<li class=\"\">Geeignete Szenarien f\u00fcr die Verwendung eines kostenlosen AI-Art-Generators<\/li>\n\n\n\n<li class=\"\">Wer kann einen kostenlosen AI-Art-Generator verwenden?<\/li>\n\n\n\n<li class=\"\">Top 10 verwandte Tools und Vor- und Nachteile<\/li>\n\n\n\n<li class=\"\">10 FAQs<\/li>\n<\/ul>\n\n\n\n<h3 class=\"wp-block-heading\" id=\"what-is-a-free-ai-art-generator\"><a href=\"https:\/\/dromerosm-groq-llama3.hf.space\/#what-is-a-free-ai-art-generator\" target=\"_blank\" rel=\"noopener\"><\/a><strong>Was ist ein kostenloser AI Art Generator?<\/strong><\/h3>\n\n\n\n<p class=\"\">Ein kostenloser KI-Kunstgenerator ist ein Online-Tool, das k\u00fcnstliche Intelligenz (KI) einsetzt, um auf der Grundlage von Benutzereingaben wie Textaufforderungen oder Bildern Kunstwerke zu erstellen. Diese Tools nutzen maschinelle Lernalgorithmen und generative KI-Techniken wie stabile Diffusion, um einzigartige und lebendige Kunstwerke zu erstellen.<\/p>\n\n\n\n<p class=\"\">Das Aufkommen kostenloser KI-Kunstgeneratoren hat die Kunstwelt demokratisiert und erm\u00f6glicht es jedem, beeindruckende Kunstwerke zu erstellen, ohne dass daf\u00fcr umfassende k\u00fcnstlerische F\u00e4higkeiten oder Erfahrungen erforderlich sind.<\/p>\n\n\n\n<h3 class=\"wp-block-heading\" id=\"importance-of-free-ai-art-generators\"><a href=\"https:\/\/dromerosm-groq-llama3.hf.space\/#importance-of-free-ai-art-generators\" target=\"_blank\" rel=\"noopener\"><\/a><strong>Bedeutung von kostenlosen AI-Kunstgeneratoren<\/strong><\/h3>\n\n\n\n<p class=\"\">Kostenlose AI-Grafikgeneratoren sind f\u00fcr verschiedene Branchen wie soziale Medien, Werbung und Design unverzichtbar geworden. Sie bieten eine Reihe von Vorteilen, darunter:<\/p>\n\n\n\n<ul class=\"wp-block-list\">\n<li class=\"\"><strong>Zeitsparend<\/strong>: Kostenlose AI-Grafikgeneratoren k\u00f6nnen hochwertige Grafiken in wenigen Minuten erstellen und ersparen den Nutzern stundenlange manuelle Arbeit.<\/li>\n\n\n\n<li class=\"\"><strong>Kosteng\u00fcnstig<\/strong>: Mit diesen Werkzeugen ist es nicht mehr n\u00f6tig, K\u00fcnstler einzustellen oder teure Design-Software zu kaufen.<\/li>\n\n\n\n<li class=\"\"><strong>Sch\u00f6pferische Freiheit<\/strong>: Kostenlose KI-Kunstgeneratoren bieten den Nutzern die M\u00f6glichkeit, mit verschiedenen Stilen, Themen und Ideen zu experimentieren und so Kreativit\u00e4t und Innovation zu f\u00f6rdern.<\/li>\n<\/ul>\n\n\n\n<h3 class=\"wp-block-heading\" id=\"benefits-of-using-a-free-ai-art-generator\"><a href=\"https:\/\/dromerosm-groq-llama3.hf.space\/#benefits-of-using-a-free-ai-art-generator\" target=\"_blank\" rel=\"noopener\"><\/a><strong>Vorteile der Verwendung eines kostenlosen AI-Grafikgenerators<\/strong><\/h3>\n\n\n\n<p class=\"\">Die Verwendung eines kostenlosen KI-Generators kann zahlreiche Vorteile mit sich bringen, unter anderem:<\/p>\n\n\n\n<ul class=\"wp-block-list\">\n<li class=\"\"><strong>Professionelle Kunstwerke<\/strong>: Kostenlose KI-Generatoren k\u00f6nnen Kunstwerke erstellen, die mit denen menschlicher K\u00fcnstler konkurrieren k\u00f6nnen, und bieten den Nutzern ein professionelles Ergebnis, ohne dass sie daf\u00fcr viel Geld ausgeben m\u00fcssen.<\/li>\n\n\n\n<li class=\"\"><strong>H\u00f6here Produktivit\u00e4t<\/strong>: Dank der schnellen und effizienten Erstellung von Druckvorlagen k\u00f6nnen sich die Benutzer auf andere Aspekte ihrer Projekte konzentrieren, was die Gesamtproduktivit\u00e4t erh\u00f6ht.<\/li>\n\n\n\n<li class=\"\"><strong>Unbegrenzte Kreativit\u00e4t<\/strong>: Kostenlose KI-Grafikgeneratoren bieten eine breite Palette an kreativen M\u00f6glichkeiten, die es den Nutzern erlauben, mit verschiedenen Stilen, Themen und Ideen zu experimentieren.<\/li>\n<\/ul>\n\n\n\n<h3 class=\"wp-block-heading\" id=\"suitable-scenarios-for-using-a-free-ai-art-generator\"><a href=\"https:\/\/dromerosm-groq-llama3.hf.space\/#suitable-scenarios-for-using-a-free-ai-art-generator\" target=\"_blank\" rel=\"noopener\"><\/a><strong>Geeignete Szenarien f\u00fcr die Verwendung eines kostenlosen AI-Art-Generators<\/strong><\/h3>\n\n\n\n<p class=\"\">Kostenlose KI-Kunstgeneratoren eignen sich f\u00fcr verschiedene Szenarien, darunter:<\/p>\n\n\n\n<ul class=\"wp-block-list\">\n<li class=\"\"><strong>Erstellung von Inhalten f\u00fcr soziale Medien<\/strong>: Erstellen Sie im Handumdrehen aufmerksamkeitsstarke Beitr\u00e4ge, Banner und Anzeigen f\u00fcr soziale Medien.<\/li>\n\n\n\n<li class=\"\"><strong>Werbung und Marketing<\/strong>: Verwenden Sie kostenlose AI-Grafikgeneratoren, um atemberaubende Anzeigen, Flyer und Werbematerialien zu erstellen.<\/li>\n\n\n\n<li class=\"\"><strong>Design- und Kunstprojekte<\/strong>: Experimentieren Sie mit verschiedenen Stilen und Themen, um einzigartige Kunstwerke, Illustrationen und Designs zu erstellen.<\/li>\n<\/ul>\n\n\n\n<h3 class=\"wp-block-heading\" id=\"who-can-use-a-free-ai-art-generator\"><a href=\"https:\/\/dromerosm-groq-llama3.hf.space\/#who-can-use-a-free-ai-art-generator\" target=\"_blank\" rel=\"noopener\"><\/a><strong>Wer kann einen kostenlosen AI-Art-Generator verwenden?<\/strong><\/h3>\n\n\n\n<p class=\"\">Jeder kann einen kostenlosen AI-Grafikgenerator verwenden, unabh\u00e4ngig von seinen k\u00fcnstlerischen F\u00e4higkeiten oder Erfahrungen. Diese Tools sind perfekt f\u00fcr:<\/p>\n\n\n\n<ul class=\"wp-block-list\">\n<li class=\"\"><strong>Marketingfachleute<\/strong>: Erstellen Sie mit Leichtigkeit ansprechende Inhalte und Anzeigen f\u00fcr soziale Medien.<\/li>\n\n\n\n<li class=\"\"><strong>Designer und K\u00fcnstler<\/strong>: Experimentieren Sie mit neuen Stilen und Themen oder nutzen Sie kostenlose AI-Generatoren als Ausgangspunkt f\u00fcr Ihre Projekte.<\/li>\n\n\n\n<li class=\"\"><strong>Inhaber kleiner Unternehmen<\/strong>: Erstellen Sie professionelle Druckvorlagen, ohne das Budget zu sprengen.<\/li>\n<\/ul>\n\n\n\n<h3 class=\"wp-block-heading\" id=\"top-10-related-tools-and-pros-cons\"><a href=\"https:\/\/dromerosm-groq-llama3.hf.space\/#top-10-related-tools-and-pros-cons\" target=\"_blank\" rel=\"noopener\"><\/a><strong>Top 10 verwandte Tools und Vor- und Nachteile<\/strong><\/h3>\n\n\n\n<p class=\"\">Hier sind die 10 besten Tools, die mit den kostenlosen KI-Generatoren zusammenh\u00e4ngen, sowie deren Vor- und Nachteile:<\/p>\n\n\n\n<figure class=\"wp-block-table\"><table class=\"has-fixed-layout\"><thead><tr><th>Werkzeug<\/th><th>Profis<\/th><th>Nachteile<\/th><\/tr><\/thead><tbody><tr><td><a href=\"https:\/\/aiartfree.online\/de\/kostenloser-ai-art-generator\/\" target=\"_blank\" rel=\"noreferrer noopener\">AI Art Free Online<\/a><\/td><td>Benutzerfreundliche Oberfl\u00e4che, hochwertige Ausgabe<\/td><td>Begrenzte Anpassungsm\u00f6glichkeiten<\/td><\/tr><tr><td>Deep Dream Generator<\/td><td>Einzigartige, traumhafte Kunstwerke<\/td><td>Begrenzte Kontrolle \u00fcber die Ausgabe<\/td><\/tr><tr><td>Prisma<\/td><td>Konvertiert Fotos in Kunstwerke in verschiedenen Stilen<\/td><td>Begrenzte Anpassungsm\u00f6glichkeiten<\/td><\/tr><tr><td>Kunstz\u00fcchter<\/td><td>Interaktive, benutzergesteuerte Erstellung von Kunstwerken<\/td><td>Steile Lernkurve<\/td><\/tr><tr><td>Dreamscope<\/td><td>KI-gesteuerter Artwork-Generator mit verschiedenen Stilen<\/td><td>Begrenzte Kontrolle \u00fcber die Ausgabe<\/td><\/tr><tr><td>AI-Maler<\/td><td>Erzeugt realistische Kunstwerke im Stil von \u00d6lgem\u00e4lden<\/td><td>Begrenzte Anpassungsm\u00f6glichkeiten<\/td><\/tr><tr><td>AI-Portr\u00e4ts<\/td><td>Konvertiert Fotos in KI-generierte Portr\u00e4ts<\/td><td>Begrenzte Kontrolle \u00fcber die Ausgabe<\/td><\/tr><tr><td>MyDeepArt<\/td><td>Benutzerfreundliche Oberfl\u00e4che, hochwertige Ausgabe<\/td><td>Begrenzte Anpassungsm\u00f6glichkeiten<\/td><\/tr><tr><td>AI Art Maker<\/td><td>Erschafft einzigartige, abstrakte Kunstwerke<\/td><td>Begrenzte Kontrolle \u00fcber die Ausgabe<\/td><\/tr><tr><td>PaintsChainer<\/td><td>KI-gesteuerter Gem\u00e4ldegenerator mit verschiedenen Stilen<\/td><td>Steile Lernkurve<\/td><\/tr><\/tbody><\/table><\/figure>\n\n\n\n<h3 class=\"wp-block-heading\" id=\"10-faqs\"><a href=\"https:\/\/dromerosm-groq-llama3.hf.space\/#10-faqs\" target=\"_blank\" rel=\"noopener\"><\/a><strong>10 FAQs<\/strong><\/h3>\n\n\n\n<p class=\"\">Hier sind die 10 am h\u00e4ufigsten gestellten Fragen zu kostenlosen AI-Generatoren:<\/p>\n\n\n\n<ol class=\"wp-block-list\">\n<li class=\"\"><strong>Was ist ein kostenloser AI-Kunstgenerator?<\/strong>\u00a0Ein kostenloser KI-Kunstgenerator ist ein Online-Tool, das k\u00fcnstliche Intelligenz einsetzt, um auf der Grundlage von Benutzereingaben Kunstwerke zu erstellen.<\/li>\n\n\n\n<li class=\"\"><strong>Wie funktionieren die kostenlosen KI-Generatoren?<\/strong>\u00a0Kostenlose KI-Kunstgeneratoren verwenden Algorithmen des maschinellen Lernens und generative KI-Techniken, um auf der Grundlage von Benutzereingaben einzigartige Kunstwerke zu erstellen.<\/li>\n\n\n\n<li class=\"\"><strong>Welche Vorteile hat die Verwendung eines kostenlosen KI-Generators?<\/strong>\u00a0Kostenlose AI-Grafikgeneratoren sind zeitsparend, kosteneffizient und bieten kreative Freiheit.<\/li>\n\n\n\n<li class=\"\"><strong>Kann jemand einen kostenlosen AI-Art-Generator verwenden?<\/strong>\u00a0Ja, jeder kann einen kostenlosen KI-Generator verwenden, unabh\u00e4ngig von seinen k\u00fcnstlerischen F\u00e4higkeiten oder Erfahrungen.<\/li>\n\n\n\n<li class=\"\"><strong>Welche Szenarien eignen sich f\u00fcr die Verwendung eines kostenlosen KI-Generators?<\/strong>\u00a0Die kostenlosen AI-Grafikgeneratoren eignen sich f\u00fcr die Erstellung von Inhalten f\u00fcr soziale Medien, Werbung, Design und Kunstprojekte.<\/li>\n\n\n\n<li class=\"\"><strong>Wie verwende ich einen kostenlosen AI-Generator?<\/strong>\u00a0Geben Sie einfach Ihren Text oder Ihr Bild ein, und das Tool erstellt ein einzigartiges Kunstwerk.<\/li>\n\n\n\n<li class=\"\"><strong>Wie hoch ist die Qualit\u00e4t der von kostenlosen KI-Generatoren erzeugten Kunstwerke?<\/strong>\u00a0Kostenlose KI-Kunstgeneratoren k\u00f6nnen professionelle Kunstwerke erstellen, die mit denen von menschlichen K\u00fcnstlern konkurrieren k\u00f6nnen.<\/li>\n\n\n\n<li class=\"\"><strong>Kann ich die Ausgabe eines kostenlosen AI-Generators anpassen?<\/strong>\u00a0Einige kostenlose KI-Generatoren bieten nur begrenzte Anpassungsm\u00f6glichkeiten, w\u00e4hrend andere fortschrittlichere Steuerungsm\u00f6glichkeiten bieten.<\/li>\n\n\n\n<li class=\"\"><strong>Sind kostenlose AI-Generatoren einfach zu benutzen?<\/strong>\u00a0Ja, die meisten kostenlosen AI-Grafikgeneratoren haben benutzerfreundliche Schnittstellen, die die Erstellung von Grafiken erleichtern.<\/li>\n\n\n\n<li class=\"\"><strong>K\u00f6nnen freie KI-Generatoren kostenlos verwendet werden?<\/strong>\u00a0Ja, die meisten kostenlosen KI-Generatoren k\u00f6nnen kostenlos genutzt werden, einige bieten Premium-Funktionen oder Abonnements an.<\/li>\n<\/ol>","protected":false},"excerpt":{"rendered":"<p>Generate stunning AI-generated artwork with state-of-the-art, free AI art tools. Free AI Art Generator: Unlocking the Power of Artificial Intelligence in Art Outline: What is a Free AI Art Generator? A free AI art generator is an online tool that uses artificial intelligence (AI) to generate artwork based on user input, such as text prompts &#8230; <a title=\"Kostenloser AI Art Generator\" class=\"read-more\" href=\"https:\/\/aiartfree.online\/de\/kostenloser-ai-art-generator\/\" aria-label=\"Mehr Informationen \u00fcber Free AI Art Generator\">Weiterlesen<\/a><\/p>","protected":false},"author":1,"featured_media":0,"parent":0,"menu_order":0,"comment_status":"closed","ping_status":"closed","template":"","meta":{"nf_dc_page":"","footnotes":""},"class_list":["post-3117","page","type-page","status-publish"],"jetpack_sharing_enabled":true,"_links":{"self":[{"href":"https:\/\/aiartfree.online\/de\/wp-json\/wp\/v2\/pages\/3117","targetHints":{"allow":["GET"]}}],"collection":[{"href":"https:\/\/aiartfree.online\/de\/wp-json\/wp\/v2\/pages"}],"about":[{"href":"https:\/\/aiartfree.online\/de\/wp-json\/wp\/v2\/types\/page"}],"author":[{"embeddable":true,"href":"https:\/\/aiartfree.online\/de\/wp-json\/wp\/v2\/users\/1"}],"replies":[{"embeddable":true,"href":"https:\/\/aiartfree.online\/de\/wp-json\/wp\/v2\/comments?post=3117"}],"version-history":[{"count":0,"href":"https:\/\/aiartfree.online\/de\/wp-json\/wp\/v2\/pages\/3117\/revisions"}],"wp:attachment":[{"href":"https:\/\/aiartfree.online\/de\/wp-json\/wp\/v2\/media?parent=3117"}],"curies":[{"name":"wp","href":"https:\/\/api.w.org\/{rel}","templated":true}]}}