{"id":2993,"date":"2024-07-19T18:13:29","date_gmt":"2024-07-19T18:13:29","guid":{"rendered":"https:\/\/aiartfree.online\/?page_id=2993"},"modified":"2025-03-07T08:22:54","modified_gmt":"2025-03-07T08:22:54","slug":"ai-video-generator","status":"publish","type":"page","link":"https:\/\/aiartfree.online\/de\/ai-video-generator\/","title":{"rendered":"AI Video Generator"},"content":{"rendered":"<h2 class=\"wp-block-heading has-text-align-center\">Was andere Benutzer mit AI Video Generator gemacht haben<\/h2>\n\n\n\n<p class=\"has-text-align-center\">Aufforderung: 1 M\u00e4dchen, schulterfrei, leichtes L\u00e4cheln, gl\u00e4nzende Haut beste Qualit\u00e4t, Meisterwerk, fotorealistisch, umdrehen<\/p>\n\n\n\n<figure class=\"gb-block-image gb-block-image-1822da1f\"><img data-recalc-dims=\"1\" decoding=\"async\" loading=\"lazy\" width=\"512\" height=\"512\" class=\"gb-image gb-image-1822da1f\" src=\"https:\/\/i0.wp.com\/aiartfree.online\/wp-content\/uploads\/2024\/08\/ezgif-3-82e27c0ca1.gif?resize=512%2C512&#038;ssl=1\" alt=\"Erstellen Sie m\u00fchelos beeindruckende Videos mit unserem AI Video Generator. Genie\u00dfen Sie die kostenlose, unbegrenzte Nutzung von 100% ohne Anmeldung. Perfekt f\u00fcr Inhaltsersteller, Vermarkter und P\u00e4dagogen, die hochwertige, KI-gest\u00fctzte Videos erstellen m\u00f6chten.\" title=\"ezgif-3-82e27c0ca1\"\/><\/figure>\n\n\n\n<h2 class=\"wp-block-heading\">3 Schritte zur Verwendung von AI Video Generator<\/h2>\n\n\n\n<ol class=\"wp-block-list\">\n<li class=\"\">Eingabe der Eingabeaufforderung<\/li>\n\n\n\n<li class=\"\">Klicken Sie auf \"Animieren\".<\/li>\n\n\n\n<li class=\"\">Moment, das ist es!<\/li>\n<\/ol>\n\n\n\n<figure class=\"gb-block-image gb-block-image-4dfafe81\"><a href=\"https:\/\/fas.st\/t\/XmtmoHSk\" target=\"_blank\" rel=\"noopener noreferrer\"><img data-recalc-dims=\"1\" decoding=\"async\" loading=\"lazy\" width=\"1200\" height=\"368\" class=\"gb-image gb-image-4dfafe81\" src=\"https:\/\/i0.wp.com\/aiartfree.online\/wp-content\/uploads\/2025\/03\/WX20250307-114300%402x.webp?resize=1200%2C368&#038;ssl=1\" alt=\"\" title=\"WX20250307-114300@2x\" srcset=\"https:\/\/i0.wp.com\/aiartfree.online\/wp-content\/uploads\/2025\/03\/WX20250307-114300%402x.webp?w=1900&amp;ssl=1 1900w, https:\/\/i0.wp.com\/aiartfree.online\/wp-content\/uploads\/2025\/03\/WX20250307-114300%402x.webp?resize=300%2C92&amp;ssl=1 300w, https:\/\/i0.wp.com\/aiartfree.online\/wp-content\/uploads\/2025\/03\/WX20250307-114300%402x.webp?resize=1024%2C314&amp;ssl=1 1024w, https:\/\/i0.wp.com\/aiartfree.online\/wp-content\/uploads\/2025\/03\/WX20250307-114300%402x.webp?resize=768%2C235&amp;ssl=1 768w, https:\/\/i0.wp.com\/aiartfree.online\/wp-content\/uploads\/2025\/03\/WX20250307-114300%402x.webp?resize=1536%2C471&amp;ssl=1 1536w, https:\/\/i0.wp.com\/aiartfree.online\/wp-content\/uploads\/2025\/03\/WX20250307-114300%402x.webp?resize=18%2C6&amp;ssl=1 18w, https:\/\/i0.wp.com\/aiartfree.online\/wp-content\/uploads\/2025\/03\/WX20250307-114300%402x.webp?resize=600%2C184&amp;ssl=1 600w\" sizes=\"auto, (max-width: 1200px) 100vw, 1200px\" \/><\/a><\/figure>\n\n\n\n<p class=\"\"><em>* Abh\u00e4ngig von Ihrer Internetgeschwindigkeit kann das Laden des Modells <\/em>bis zu 10 Sekunden \u2193<\/p>\n\n\n\n<div class=\"iframe-wrapper\" style=\"position: relative; width: 100%; height: 2300px;\">\n  <div class=\"loading\" style=\"position: absolute; top: 50px; left: 50%; transform: translate(-50%, -50%); width: 40px; height: 40px; border: 3px solid #f0f0f0; border-top: 3px solid #db7093; border-radius: 50%; animation: spin 1s linear infinite;\"><\/div>\n  <iframe loading=\"lazy\" src=\"https:\/\/guoyww-animatediff.hf.space\" frameborder=\"0\" width=\"100%\" height=\"100%\" style=\"position: absolute; top: 0; left: 0; opacity: 0; transition: opacity 0.3s;\" onload=\"this.style.opacity=1;this.previousElementSibling.style.display='none';\"><\/iframe>\n<\/div>\n\n<style>\n@keyframes spin {\n  0% { transform: translate(-50%, -50%) rotate(0deg); }\n  100% { transform: translate(-50%, -50%) rotate(360deg); }\n}\n<\/style>\n\n\n\n<div style=\"height:50px\" aria-hidden=\"true\" class=\"wp-block-spacer\"><\/div>\n\n\n\n<h2 class=\"wp-block-heading\">Einf\u00fchrung von AI Video Generator<\/h2>\n\n\n\n<p class=\"\">In der modernen digitalen Landschaft revolutionieren KI-Videogeneratoren die Erstellung von Inhalten. Diese fortschrittlichen Tools nutzen die Kraft der k\u00fcnstlichen Intelligenz, um die Videoproduktion zu rationalisieren und zu verbessern und sie einem breiteren Publikum zug\u00e4nglich zu machen. In diesem Artikel werden wir das Konzept der KI-Videogeneratoren, ihre Bedeutung und ihre Anwendungen in verschiedenen Branchen untersuchen. Au\u00dferdem geben wir einen umfassenden \u00dcberblick \u00fcber die besten verf\u00fcgbaren Tools, mit besonderem Augenmerk auf den am besten bewerteten KI-Videogenerator, <a href=\"https:\/\/aiartfree.online\/de\/ai-video-generator\/\">AI Art Free<\/a>.<\/p>\n\n\n\n<figure class=\"gb-block-image gb-block-image-94da07aa\"><img data-recalc-dims=\"1\" decoding=\"async\" loading=\"lazy\" width=\"300\" height=\"170\" class=\"gb-image gb-image-94da07aa\" src=\"https:\/\/i0.wp.com\/aiartfree.online\/wp-content\/uploads\/2024\/07\/WX20240720-101347%402x.jpg?resize=300%2C170&#038;ssl=1\" alt=\"Ein KI-Videogenerator ist eine hochentwickelte Softwareanwendung, die k\u00fcnstliche Intelligenz zur automatischen Erstellung von Videos nutzt. Diese Tools k\u00f6nnen Textaufforderungen, Bilder oder sogar unbearbeitetes Videomaterial in ausgefeilte Videos in professioneller Qualit\u00e4t umwandeln. Sie nutzen verschiedene KI-Technologien wie die Verarbeitung nat\u00fcrlicher Sprache (NLP), Computer Vision und maschinelles Lernen, um Eingabedaten zu analysieren und zu interpretieren und Inhalte zu erstellen, die sowohl ansprechend als auch visuell ansprechend sind.\" title=\"WX20240720-101347@2x\" srcset=\"https:\/\/i0.wp.com\/aiartfree.online\/wp-content\/uploads\/2024\/07\/WX20240720-101347%402x.jpg?resize=300%2C170&amp;ssl=1 300w, https:\/\/i0.wp.com\/aiartfree.online\/wp-content\/uploads\/2024\/07\/WX20240720-101347%402x.jpg?resize=1024%2C579&amp;ssl=1 1024w, https:\/\/i0.wp.com\/aiartfree.online\/wp-content\/uploads\/2024\/07\/WX20240720-101347%402x.jpg?resize=768%2C434&amp;ssl=1 768w, https:\/\/i0.wp.com\/aiartfree.online\/wp-content\/uploads\/2024\/07\/WX20240720-101347%402x.jpg?resize=18%2C10&amp;ssl=1 18w, https:\/\/i0.wp.com\/aiartfree.online\/wp-content\/uploads\/2024\/07\/WX20240720-101347%402x.jpg?resize=600%2C339&amp;ssl=1 600w, https:\/\/i0.wp.com\/aiartfree.online\/wp-content\/uploads\/2024\/07\/WX20240720-101347%402x.jpg?w=1030&amp;ssl=1 1030w\" sizes=\"auto, (max-width: 300px) 100vw, 300px\" \/><\/figure>\n\n\n\n<h3 class=\"wp-block-heading\">Inhalts\u00fcbersicht<\/h3>\n\n\n\n<ol class=\"wp-block-list\">\n<li class=\"\"><a href=\"#what-is-an-ai-video-generator\">Was ist ein KI-Videogenerator?<\/a><\/li>\n\n\n\n<li class=\"\"><a href=\"#why-use-an-ai-video-generator\">Warum einen AI-Video-Generator verwenden?<\/a><\/li>\n\n\n\n<li class=\"\"><a href=\"#suitable-industries-and-people\">Geeignete Branchen und Personen<\/a><\/li>\n\n\n\n<li class=\"\"><a href=\"#related-tools-and-information\">Verwandte Tools und Informationen<\/a><\/li>\n\n\n\n<li class=\"\"><a href=\"#frequently-asked-questions-faq\">H\u00e4ufig gestellte Fragen (FAQ)<\/a><\/li>\n<\/ol>\n\n\n\n<h3 class=\"wp-block-heading\">Was ist ein KI-Videogenerator?<\/h3>\n\n\n\n<p class=\"\">Ein KI-Videogenerator ist eine hochentwickelte Softwareanwendung, die k\u00fcnstliche Intelligenz zur automatischen Erstellung von Videos nutzt. Diese Tools k\u00f6nnen Textaufforderungen, Bilder oder sogar unbearbeitetes Videomaterial in ausgefeilte Videos in professioneller Qualit\u00e4t umwandeln. Sie nutzen verschiedene KI-Technologien wie die Verarbeitung nat\u00fcrlicher Sprache (NLP), Computer Vision und maschinelles Lernen, um Eingabedaten zu analysieren und zu interpretieren und Inhalte zu erstellen, die sowohl ansprechend als auch visuell ansprechend sind.<\/p>\n\n\n\n<h3 class=\"wp-block-heading\">Warum einen AI-Video-Generator verwenden?<\/h3>\n\n\n\n<p class=\"\">KI-Videogeneratoren bieten zahlreiche Vorteile, die sie f\u00fcr die Videoproduktion unverzichtbar machen:<\/p>\n\n\n\n<ul class=\"wp-block-list\">\n<li class=\"\"><strong>Wirkungsgrad<\/strong>: Diese Tools reduzieren den Zeit- und Arbeitsaufwand f\u00fcr die Erstellung von Videos erheblich und erm\u00f6glichen schnelle Produktionszyklen.<\/li>\n\n\n\n<li class=\"\"><strong>Kosteng\u00fcnstig<\/strong>: Durch die Automatisierung vieler Aspekte der Videoerstellung k\u00f6nnen KI-Videogeneratoren die Produktionskosten senken und hochwertige Videoinhalte auch f\u00fcr Unternehmen und Einzelpersonen mit begrenztem Budget zug\u00e4nglich machen.<\/li>\n\n\n\n<li class=\"\"><strong>Konsistenz<\/strong>: AI sorgt f\u00fcr einen einheitlichen Stil und eine einheitliche Qualit\u00e4t, sodass die Markenkonsistenz \u00fcber alle Videoinhalte hinweg gewahrt bleibt.<\/li>\n\n\n\n<li class=\"\"><strong>Erreichbarkeit<\/strong>: Selbst Personen mit wenig oder gar keiner Erfahrung in der Videobearbeitung k\u00f6nnen professionelle Videos produzieren und so die Erstellung von Inhalten demokratisieren.<\/li>\n\n\n\n<li class=\"\"><strong>Personalisierung<\/strong>: KI-Videogeneratoren erm\u00f6glichen eine einfache Personalisierung, so dass die Ersteller ihre Videos auf bestimmte Zielgruppen oder Marketingkampagnen zuschneiden k\u00f6nnen.<\/li>\n<\/ul>\n\n\n\n<h3 class=\"wp-block-heading\">Geeignete Branchen und Personen<\/h3>\n\n\n\n<p class=\"\">KI-Videogeneratoren sind vielseitige Werkzeuge, von denen eine Vielzahl von Nutzern in verschiedenen Branchen profitieren kann:<\/p>\n\n\n\n<ul class=\"wp-block-list\">\n<li class=\"\"><strong>Marketing-Fachleute<\/strong>: F\u00fcr die Erstellung ansprechender Werbevideos, Anzeigen und Inhalte f\u00fcr soziale Medien.<\/li>\n\n\n\n<li class=\"\"><strong>P\u00e4dagogen und Ausbilder<\/strong>: F\u00fcr die Entwicklung von Lehrvideos, Tutorials und E-Learning-Inhalten.<\/li>\n\n\n\n<li class=\"\"><strong>Autoren von Inhalten und Meinungsbildner<\/strong>: F\u00fcr die Produktion hochwertiger YouTube-Videos, Vlogs und anderer Inhalte f\u00fcr soziale Medien.<\/li>\n\n\n\n<li class=\"\"><strong>Unternehmen<\/strong>: F\u00fcr Unternehmenskommunikation, Produktdemonstrationen und interne Schulungsvideos.<\/li>\n\n\n\n<li class=\"\"><strong>Film- und Medienproduktion<\/strong>: Zur Rationalisierung des Postproduktionsprozesses und zur Erstellung von Spezialeffekten oder animierten Sequenzen.<\/li>\n<\/ul>\n\n\n\n<h3 class=\"wp-block-heading\">Verwandte Tools und Informationen<\/h3>\n\n\n\n<p class=\"\">Die folgende Tabelle fasst 10 verwandte KI-Tools zur Videoerstellung zusammen und gibt einen kurzen \u00dcberblick \u00fcber die Vor- und Nachteile, Vorteile, Herausforderungen und Empfehlungen.<\/p>\n\n\n\n<figure class=\"wp-block-table\"><table class=\"has-fixed-layout\"><thead><tr><th>Werkzeug Name<\/th><th>URL<\/th><th>Zusammenfassung<\/th><th>Profis<\/th><th>Nachteile<\/th><th>Vorteile<\/th><th>Herausforderungen<\/th><th>Empfehlungen<\/th><\/tr><\/thead><tbody><tr><td><strong>Piktogramm<\/strong><\/td><td><a href=\"https:\/\/pictory.ai\" target=\"_blank\" rel=\"noopener\">Piktogramm<\/a><\/td><td>KI-gesteuerte Videoerstellung aus Text<\/td><td>Benutzerfreundlich, schnell<\/td><td>Begrenzte Anpassungsm\u00f6glichkeiten<\/td><td>Schnelle Videoerstellung<\/td><td>Lernkurve<\/td><td>Am besten f\u00fcr Anf\u00e4nger<\/td><\/tr><tr><td><strong>Animoto<\/strong><\/td><td><a href=\"https:\/\/animoto.com\" target=\"_blank\" rel=\"noopener\">Animoto<\/a><\/td><td>Einfacher Drag-and-Drop-Videoproduzent<\/td><td>Einfach zu verwenden, Vorlagen<\/td><td>Weniger Kontrolle \u00fcber Details<\/td><td>Zeitsparende Vorlagen<\/td><td>Grundlegende Merkmale<\/td><td>Gro\u00dfartig f\u00fcr einfache Projekte<\/td><\/tr><tr><td><strong>Synthesia<\/strong><\/td><td><a href=\"https:\/\/synthesia.io\" target=\"_blank\" rel=\"noopener\">Synthesia<\/a><\/td><td>KI-Videoerstellung mit Avataren<\/td><td>Realistische Avatare, Mehrsprachig<\/td><td>H\u00f6here Kosten<\/td><td>Anpassbare Avatare<\/td><td>Erfordert Skripting<\/td><td>Ideal f\u00fcr Unternehmensvideos<\/td><\/tr><tr><td><strong>Lumen5<\/strong><\/td><td><a href=\"https:\/\/lumen5.com\" target=\"_blank\" rel=\"noopener\">Lumen5<\/a><\/td><td>KI-unterst\u00fctzte Videoerstellung aus Artikeln<\/td><td>Integriert mit Blogs, Schnell<\/td><td>Wasserzeichen in der kostenlosen Version<\/td><td>Automatisierte Erstellung von Inhalten<\/td><td>Begrenzte kostenlose Optionen<\/td><td>Das Beste f\u00fcr Blogger<\/td><\/tr><tr><td><strong>Magisto<\/strong><\/td><td><a href=\"https:\/\/magisto.com\" target=\"_blank\" rel=\"noopener\">Magisto<\/a><\/td><td>Intelligenter Video-Editor mit KI<\/td><td>Intelligente Bearbeitung, Musikbibliothek<\/td><td>Abonnement erforderlich<\/td><td>Automatisierte Bearbeitung<\/td><td>Begrenzte manuelle Kontrolle<\/td><td>Gro\u00dfartig f\u00fcr soziale Medien<\/td><\/tr><tr><td><strong>Wibbitz<\/strong><\/td><td><a href=\"https:\/\/wibbitz.com\" target=\"_blank\" rel=\"noopener\">Wibbitz<\/a><\/td><td>Videoerstellungsplattform f\u00fcr Teams<\/td><td>Kooperativ, schnell<\/td><td>Teuer<\/td><td>Zusammenarbeit im Team<\/td><td>Steile Lernkurve<\/td><td>Am besten f\u00fcr Marketingteams<\/td><\/tr><tr><td><strong>FlexClip<\/strong><\/td><td><a href=\"https:\/\/flexclip.com\" target=\"_blank\" rel=\"noopener\">FlexClip<\/a><\/td><td>Online-Videomacher mit Vorlagen<\/td><td>Einfach zu verwenden, Vorlagen<\/td><td>Eingeschr\u00e4nkte erweiterte Funktionen<\/td><td>Benutzerfreundlich<\/td><td>Grundlegende Merkmale<\/td><td>Gut f\u00fcr schnelle Bearbeitungen<\/td><\/tr><tr><td><strong>InVideo<\/strong><\/td><td><a href=\"https:\/\/invideo.io\" target=\"_blank\" rel=\"noopener\">InVideo<\/a><\/td><td>Online-Video-Editor mit KI<\/td><td>Umfangreiche Mediathek, Templates<\/td><td>Wasserzeichen in der kostenlosen Version<\/td><td>Reichhaltige Medienoptionen<\/td><td>Abonnementkosten<\/td><td>Am besten f\u00fcr Vermarkter<\/td><\/tr><tr><td><strong>Entw\u00fcrfe.ai<\/strong><\/td><td><a href=\"https:\/\/designs.ai\" target=\"_blank\" rel=\"noopener\">Entw\u00fcrfe.ai<\/a><\/td><td>KI-gest\u00fctzte Kreativ-Tools<\/td><td>Vielseitig, schnell<\/td><td>Abonnement erforderlich<\/td><td>Mehrere kreative Werkzeuge<\/td><td>Erfordert Internet<\/td><td>Ideal f\u00fcr Ersteller von Inhalten<\/td><\/tr><tr><td><strong>DeepBrain<\/strong><\/td><td><a href=\"https:\/\/deepbrain.io\" target=\"_blank\" rel=\"noopener\">DeepBrain<\/a><\/td><td>AI-Videogenerator mit Deep Learning<\/td><td>Hochwertig, anpassbar<\/td><td>Komplexe Schnittstelle<\/td><td>Hochwertiger Output<\/td><td>Erfordert Ausbildung<\/td><td>Am besten f\u00fcr fortgeschrittene Benutzer<\/td><\/tr><\/tbody><\/table><\/figure>\n\n\n\n<h3 class=\"wp-block-heading\">H\u00e4ufig gestellte Fragen (FAQ)<\/h3>\n\n\n\n<ol class=\"wp-block-list\">\n<li class=\"\"><strong>Was ist ein KI-Videogenerator?<\/strong>\n<ul class=\"wp-block-list\">\n<li class=\"\">Ein KI-Videogenerator ist ein Tool, das k\u00fcnstliche Intelligenz einsetzt, um Videos automatisch aus verschiedenen Eingaben wie Text, Bildern oder Rohmaterial zu erstellen.<\/li>\n<\/ul>\n<\/li>\n\n\n\n<li class=\"\"><strong>Wie funktioniert ein KI-Videogenerator?<\/strong>\n<ul class=\"wp-block-list\">\n<li class=\"\">Es nutzt KI-Technologien wie die Verarbeitung nat\u00fcrlicher Sprache und Computer Vision, um Eingabedaten zu interpretieren und Videoinhalte zu generieren.<\/li>\n<\/ul>\n<\/li>\n\n\n\n<li class=\"\"><strong>Welche Vorteile bietet der Einsatz eines KI-Videogenerators?<\/strong>\n<ul class=\"wp-block-list\">\n<li class=\"\">Zu den Vorteilen geh\u00f6ren erh\u00f6hte Effizienz, Kosteneinsparungen, gleichbleibende Qualit\u00e4t, Zug\u00e4nglichkeit und einfache Anpassung.<\/li>\n<\/ul>\n<\/li>\n\n\n\n<li class=\"\"><strong>Wer kann von KI-Videogeneratoren profitieren?<\/strong>\n<ul class=\"wp-block-list\">\n<li class=\"\">Marketingfachleute, P\u00e4dagogen, Autoren von Inhalten, Unternehmen und Medienproduktionsteams k\u00f6nnen alle davon profitieren.<\/li>\n<\/ul>\n<\/li>\n\n\n\n<li class=\"\"><strong>Sind KI-Videogeneratoren teuer?<\/strong>\n<ul class=\"wp-block-list\">\n<li class=\"\">Die Preise variieren, aber viele Tools bieten kosteng\u00fcnstige Optionen, die billiger sind als herk\u00f6mmliche Videoproduktionsmethoden.<\/li>\n<\/ul>\n<\/li>\n\n\n\n<li class=\"\"><strong>K\u00f6nnen Anf\u00e4nger AI-Videogeneratoren verwenden?<\/strong>\n<ul class=\"wp-block-list\">\n<li class=\"\">Ja, viele KI-Videogeneratoren sind benutzerfreundlich gestaltet, so dass sie auch f\u00fcr Anf\u00e4nger zug\u00e4nglich sind.<\/li>\n<\/ul>\n<\/li>\n\n\n\n<li class=\"\"><strong>Welches ist der beste AI-Videogenerator?<\/strong>\n<ul class=\"wp-block-list\">\n<li class=\"\">Das beste Werkzeug kann je nach Bedarf variieren, aber <a href=\"https:\/\/aiartfree.online\/de\/ai-video-generator\/\">AI Art Free<\/a> ist aufgrund seiner Funktionen und seiner Benutzerfreundlichkeit sehr zu empfehlen.<\/li>\n<\/ul>\n<\/li>\n\n\n\n<li class=\"\"><strong>Erfordern KI-Videogeneratoren besondere F\u00e4higkeiten?<\/strong>\n<ul class=\"wp-block-list\">\n<li class=\"\">Die meisten erfordern keine besonderen Kenntnisse und sind so konzipiert, dass sie intuitiv bedienbar sind, obwohl Kenntnisse in der Videobearbeitung hilfreich sein k\u00f6nnen.<\/li>\n<\/ul>\n<\/li>\n\n\n\n<li class=\"\"><strong>Wie w\u00e4hle ich den richtigen AI-Videogenerator?<\/strong>\n<ul class=\"wp-block-list\">\n<li class=\"\">Ber\u00fccksichtigen Sie Faktoren wie Benutzerfreundlichkeit, Anpassungsm\u00f6glichkeiten, Kosten und die spezifischen Anforderungen Ihres Projekts.<\/li>\n<\/ul>\n<\/li>\n\n\n\n<li class=\"\"><strong>K\u00f6nnen KI-Videogeneratoren hochwertige Videos erstellen?<\/strong>\n<ul class=\"wp-block-list\">\n<li class=\"\">Ja, viele KI-Videogeneratoren produzieren professionelle Videos, die sich f\u00fcr verschiedene Anwendungen eignen, vom Marketing bis zur Bildung.<\/li>\n<\/ul>\n<\/li>\n<\/ol>\n\n\n\n<p class=\"\">Zusammenfassend l\u00e4sst sich sagen, dass KI-Videogeneratoren die Art und Weise, wie Videos erstellt werden, ver\u00e4ndern, zahlreiche Vorteile bieten und die Videoproduktion f\u00fcr alle zug\u00e4nglicher machen. F\u00fcr diejenigen, die diese Tools erkunden m\u00f6chten, <a href=\"https:\/\/aiartfree.online\/de\/ai-video-generator\/\">AI Art Free<\/a> ist mit seinen robusten Funktionen und seiner Benutzerfreundlichkeit die erste Wahl.<\/p>","protected":false},"excerpt":{"rendered":"<p>What other users made with AI Video Generator Prompt: 1 girl, off-shoulder, light smile, shiny skin best quality, masterpiece, photorealistic, turn around 3 Steps to Use AI Video Generator *&nbsp;Depending on your internet speed, loading the model may take up to 10 seconds \u2193 Introduction of AI Video Generator In the modern digital landscape, AI &#8230; <a title=\"AI Video Generator\" class=\"read-more\" href=\"https:\/\/aiartfree.online\/de\/ai-video-generator\/\" aria-label=\"Mehr Informationen \u00fcber AI Video Generator\">Weiterlesen<\/a><\/p>","protected":false},"author":1,"featured_media":3463,"parent":0,"menu_order":0,"comment_status":"open","ping_status":"closed","template":"","meta":{"nf_dc_page":"","footnotes":""},"class_list":["post-2993","page","type-page","status-publish","has-post-thumbnail"],"jetpack_sharing_enabled":true,"_links":{"self":[{"href":"https:\/\/aiartfree.online\/de\/wp-json\/wp\/v2\/pages\/2993","targetHints":{"allow":["GET"]}}],"collection":[{"href":"https:\/\/aiartfree.online\/de\/wp-json\/wp\/v2\/pages"}],"about":[{"href":"https:\/\/aiartfree.online\/de\/wp-json\/wp\/v2\/types\/page"}],"author":[{"embeddable":true,"href":"https:\/\/aiartfree.online\/de\/wp-json\/wp\/v2\/users\/1"}],"replies":[{"embeddable":true,"href":"https:\/\/aiartfree.online\/de\/wp-json\/wp\/v2\/comments?post=2993"}],"version-history":[{"count":1,"href":"https:\/\/aiartfree.online\/de\/wp-json\/wp\/v2\/pages\/2993\/revisions"}],"predecessor-version":[{"id":3601,"href":"https:\/\/aiartfree.online\/de\/wp-json\/wp\/v2\/pages\/2993\/revisions\/3601"}],"wp:featuredmedia":[{"embeddable":true,"href":"https:\/\/aiartfree.online\/de\/wp-json\/wp\/v2\/media\/3463"}],"wp:attachment":[{"href":"https:\/\/aiartfree.online\/de\/wp-json\/wp\/v2\/media?parent=2993"}],"curies":[{"name":"wp","href":"https:\/\/api.w.org\/{rel}","templated":true}]}}