{"id":2887,"date":"2024-07-18T11:05:14","date_gmt":"2024-07-18T11:05:14","guid":{"rendered":"https:\/\/aiartfree.online\/?page_id=2887"},"modified":"2025-03-07T08:20:04","modified_gmt":"2025-03-07T08:20:04","slug":"free-online-midjourney","status":"publish","type":"page","link":"https:\/\/aiartfree.online\/de\/kostenlose-online-halbreise\/","title":{"rendered":"Kostenlose Online-Midjourney"},"content":{"rendered":"<h2 class=\"wp-block-heading has-text-align-center\" id=\"what-our-users-made\">Was unsere Nutzer gemacht haben<\/h2>\n\n\n\n<figure class=\"gb-block-image gb-block-image-1822da1f\"><img data-recalc-dims=\"1\" decoding=\"async\" loading=\"lazy\" width=\"1200\" height=\"763\" class=\"gb-image gb-image-1822da1f\" src=\"https:\/\/i0.wp.com\/aiartfree.online\/wp-content\/uploads\/2024\/08\/WX20240802-170918%402x.jpg?resize=1200%2C763&#038;ssl=1\" alt=\"Midjourney ist ein KI-gest\u00fctztes Werkzeug, das es dem Benutzer erm\u00f6glicht, Bilder aus Textvorgaben zu erzeugen. Hier kommt das kostenlose Online-Midjourney ins Spiel. Kein Limit, keine Anmeldung\" title=\"WX20240802-170918@2x\" srcset=\"https:\/\/i0.wp.com\/aiartfree.online\/wp-content\/uploads\/2024\/08\/WX20240802-170918%402x.jpg?w=1918&amp;ssl=1 1918w, https:\/\/i0.wp.com\/aiartfree.online\/wp-content\/uploads\/2024\/08\/WX20240802-170918%402x.jpg?resize=300%2C191&amp;ssl=1 300w, https:\/\/i0.wp.com\/aiartfree.online\/wp-content\/uploads\/2024\/08\/WX20240802-170918%402x.jpg?resize=1024%2C651&amp;ssl=1 1024w, https:\/\/i0.wp.com\/aiartfree.online\/wp-content\/uploads\/2024\/08\/WX20240802-170918%402x.jpg?resize=768%2C489&amp;ssl=1 768w, https:\/\/i0.wp.com\/aiartfree.online\/wp-content\/uploads\/2024\/08\/WX20240802-170918%402x.jpg?resize=1536%2C977&amp;ssl=1 1536w, https:\/\/i0.wp.com\/aiartfree.online\/wp-content\/uploads\/2024\/08\/WX20240802-170918%402x.jpg?resize=18%2C12&amp;ssl=1 18w, https:\/\/i0.wp.com\/aiartfree.online\/wp-content\/uploads\/2024\/08\/WX20240802-170918%402x.jpg?resize=600%2C382&amp;ssl=1 600w\" sizes=\"auto, (max-width: 1200px) 100vw, 1200px\" \/><\/figure>\n\n\n\n<h2 class=\"wp-block-heading\" id=\"how-to-use-the-free-online-midjourney\">So verwenden Sie die kostenlose Online-Midjourney<\/h2>\n\n\n\n<ol class=\"wp-block-list\">\n<li class=\"\">Eingabe der Eingabeaufforderungen<\/li>\n\n\n\n<li class=\"\">Klicken Sie auf \"Erzeugen\".<\/li>\n\n\n\n<li class=\"\">Moment, das ist es!<\/li>\n<\/ol>\n\n\n\n<p class=\"\">* Probieren Sie unsere Beispiele aus, wenn Ihnen noch nichts einf\u00e4llt<\/p>\n\n\n\n<h3 class=\"wp-block-heading\" id=\"prompt-examples\">Beispiele f\u00fcr Aufforderungen<\/h3>\n\n\n\n<ol style=\"font-size:16px\" class=\"wp-block-list\">\n<li class=\"\">atemberaubende, hochdetaillierte grafische roman-illustration von morgan freeman auf einem harley davidson motorrad, dunkel und d\u00fcster<\/li>\n\n\n\n<li class=\"\">Atemberaubende Graphic-Novel-Illustration Inmitten der unermesslichen Weiten eines Nebels schwebt ein einsamer Astronaut, der an ein leuchtendes Raumschiff gefesselt ist. Die leuchtenden Gase des Nebels tanzen um ihn herum und spiegeln die leuchtenden Farben auf seinem Anzug wider, sodass ein Ballett aus Licht und Bewegung entsteht.<\/li>\n\n\n\n<li class=\"\">Atemberaubende Graphic-Novel-Illustration von An einer Kreuzung in einem postapokalyptischen \u00d6dland singt ein Wanderer mit einer Gitarre aus Altmetall Geschichten aus der alten Welt. Mutierte Kreaturen versammeln sich um das Lagerfeuer, ihre Augen sind voller Sehnsucht.<\/li>\n\n\n\n<li class=\"\">Atemberaubende Graphic-Novel-Illustration eines Kindes, das bunte Schmetterlinge auf einer lebendigen Wiese jagt.<\/li>\n\n\n\n<li class=\"\">Atemberaubende Graphic-Novel-Illustration An einem Strand, an dem die Wellen mit Geschichten verwoben sind, bastelt ein Geschichtenerz\u00e4hler mit einem Webstuhl aus Mondlicht Geschichten aus den Gezeiten. Muscheln fl\u00fcstern Legenden, und der Horizont ist ein Wandteppich aus Abenteuern, die noch erz\u00e4hlt werden m\u00fcssen.<\/li>\n\n\n\n<li class=\"\">Atemberaubende Graphic-Novel-Illustration eines Falken, der auf der Suche nach Beute \u00fcber der W\u00fcste schwebt.<\/li>\n\n\n\n<li class=\"\">atemberaubende Graphic-Novel-Illustration Tief im Polarkreis f\u00e4rbt ein Polarlicht den Himmel mit leuchtenden Gr\u00fcn-, Rosa- und Violettt\u00f6nen. Der Schnee unter uns spiegelt diesen Tanz der Lichter wider, und die Welt ist in eine faszinierende Symphonie der Farben geh\u00fcllt.<\/li>\n\n\n\n<li class=\"\">Atemberaubende Graphic-Novel-Illustration eines T\u00e4towierers, der ein kompliziertes Muster auf dem R\u00fccken eines Kunden ausarbeitet.<\/li>\n\n\n\n<li class=\"\">Atemberaubende Graphic-Novel-Illustration einer in bunte Seidenstoffe geh\u00fcllten Frau, die in einem von Kerzen beleuchteten Zelt Tarotkarten liest.<\/li>\n\n\n\n<li class=\"\">Atemberaubende Graphic-Novel-Illustration von zwei H\u00f6hlenforschern, die eine tiefe H\u00f6hle auskundschaften, w\u00e4hrend Fackeln den Weg erleuchten.<\/li>\n<\/ol>\n\n\n\n<figure class=\"gb-block-image gb-block-image-032aac41\"><a href=\"https:\/\/fas.st\/t\/9U4PYbm7\" target=\"_blank\" rel=\"noopener noreferrer\"><img data-recalc-dims=\"1\" decoding=\"async\" loading=\"lazy\" width=\"1200\" height=\"365\" class=\"gb-image gb-image-032aac41\" src=\"https:\/\/i0.wp.com\/aiartfree.online\/wp-content\/uploads\/2025\/03\/WX20250307-115412%402x.webp?resize=1200%2C365&#038;ssl=1\" alt=\"\" title=\"WX20250307-115412@2x\" srcset=\"https:\/\/i0.wp.com\/aiartfree.online\/wp-content\/uploads\/2025\/03\/WX20250307-115412%402x.webp?w=1942&amp;ssl=1 1942w, https:\/\/i0.wp.com\/aiartfree.online\/wp-content\/uploads\/2025\/03\/WX20250307-115412%402x.webp?resize=300%2C91&amp;ssl=1 300w, https:\/\/i0.wp.com\/aiartfree.online\/wp-content\/uploads\/2025\/03\/WX20250307-115412%402x.webp?resize=1024%2C312&amp;ssl=1 1024w, https:\/\/i0.wp.com\/aiartfree.online\/wp-content\/uploads\/2025\/03\/WX20250307-115412%402x.webp?resize=768%2C234&amp;ssl=1 768w, https:\/\/i0.wp.com\/aiartfree.online\/wp-content\/uploads\/2025\/03\/WX20250307-115412%402x.webp?resize=1536%2C467&amp;ssl=1 1536w, https:\/\/i0.wp.com\/aiartfree.online\/wp-content\/uploads\/2025\/03\/WX20250307-115412%402x.webp?resize=18%2C5&amp;ssl=1 18w, https:\/\/i0.wp.com\/aiartfree.online\/wp-content\/uploads\/2025\/03\/WX20250307-115412%402x.webp?resize=600%2C183&amp;ssl=1 600w\" sizes=\"auto, (max-width: 1200px) 100vw, 1200px\" \/><\/a><\/figure>\n\n\n\n<p class=\"\"><em>* Je nach Ihrer Internetgeschwindigkeit kann das Laden des Modells einige Sekunden dauern.<br>* W\u00e4hrend der kontinuierlichen Generierung werden die Bilder zwischengespeichert, und das neue Bild wird nach etwa 3 Sekunden angezeigt.<\/em><\/p>\n\n\n\n<div class=\"iframe-wrapper\" style=\"position: relative; width: 100%; height: 1230px;\">\n  <div class=\"loading\" style=\"position: absolute; top: 50px; left: 50%; transform: translate(-50%, -50%); width: 40px; height: 40px; border: 3px solid #f0f0f0; border-top: 3px solid #db7093; border-radius: 50%; animation: spin 1s linear infinite;\"><\/div>\n  <iframe loading=\"lazy\" src=\"https:\/\/predatortoabuse-realistic-image-generator-model.static.hf.space\" frameborder=\"0\" width=\"100%\" height=\"100%\" style=\"position: absolute; top: 0; left: 0; opacity: 0; transition: opacity 0.3s;\" onload=\"this.style.opacity=1;this.previousElementSibling.style.display='none';\"><\/iframe>\n<\/div>\n\n<style>\n@keyframes spin {\n  0% { transform: translate(-50%, -50%) rotate(0deg); }\n  100% { transform: translate(-50%, -50%) rotate(360deg); }\n}\n<\/style>\n\n\n\n<div style=\"height:100px\" aria-hidden=\"true\" class=\"wp-block-spacer\"><\/div>\n\n\n\n<h2 class=\"wp-block-heading\" id=\"introduction-of-free-online-midjourney\"><strong>Einf\u00fchrung von Free Online Midjourney<\/strong><\/h2>\n\n\n\n<p class=\"\">Midjourney ist ein KI-gest\u00fctztes Tool, mit dem Benutzer Bilder aus Textvorgaben erzeugen k\u00f6nnen. Mit dem Aufkommen von KI-generierter Kunst ist Midjourney zu einem beliebten Tool unter Kreativen und Kunstliebhabern geworden. Allerdings kann sich nicht jeder die Kosten f\u00fcr diesen Dienst leisten. Hier kommt das kostenlose Online-Midjourney ins Spiel. In diesem Artikel werden wir untersuchen, was kostenloses Online-Midjourney ist, warum man es nutzen sollte, welche Vorteile es bietet, wann man es nutzen sollte und wer davon profitieren kann. Wir werden uns auch einige der besten kostenlosen Online-Midjourney-Tools und -Websites ansehen, ihre Vor- und Nachteile erl\u00e4utern und einige h\u00e4ufig gestellte Fragen beantworten.<\/p>\n\n\n\n<div class=\"wp-block-rank-math-toc-block\" id=\"rank-math-toc\"><h3>Inhalts\u00fcbersicht<\/h3><nav><ul><li><a href=\"#prompt-examples\">Beispiele f\u00fcr Aufforderungen<\/a><\/li><li><a href=\"#\ufffc-what-is-free-online-midjourney\">\ufffcWas ist eine kostenlose Online-Midjourney?<\/a><\/li><li><a href=\"#\ufffc-why-use-free-online-midjourney\">\ufffcWarum kostenlose Online-Mittelstunden nutzen?<\/a><\/li><li><a href=\"#\ufffc-benefits-of-using-free-online-midjourney\">\ufffcVorteile der Nutzung der kostenlosen Online-Mittelreise<\/a><ul><li><a href=\"#\ufffc-1-cost-effective\">\ufffc1. Kosteng\u00fcnstig<\/a><\/li><li><a href=\"#\ufffc-2-experimentation\">\ufffc2. Experimentieren<\/a><\/li><li><a href=\"#\ufffc-3-accessibility\">\ufffc3. Zug\u00e4nglichkeit<\/a><\/li><\/ul><\/li><li><a href=\"#\ufffc-when-to-use-free-online-midjourney\">\ufffcWann sollten Sie die kostenlose Online-Mittelstunde nutzen?<\/a><\/li><li><a href=\"#\ufffc-who-can-benefit-from-free-online-midjourney\">\ufffcWer kann von der kostenlosen Online-Halbreise profitieren?<\/a><ul><li><a href=\"#\ufffc-1-creatives\">\ufffc1. Kreative<\/a><\/li><li><a href=\"#\ufffc-2-students\">\ufffc2. Studierende<\/a><\/li><li><a href=\"#\ufffc-3-hobbyists\">\ufffc3. Bastler<\/a><\/li><\/ul><\/li><li><a href=\"#\ufffc-free-online-midjourney-tools-and-websites\">\ufffcFreie Online-Tools und Websites f\u00fcr die Mitte der Reise<\/a><\/li><li><a href=\"#\ufffc-pros-and-cons-of-free-online-midjourney-tools-and-websites\">\ufffcVor- und Nachteile kostenloser Online-Hilfsmittel und Websites<\/a><\/li><li><a href=\"#\ufffc-top-recommendation\">\ufffcTop-Empfehlung<\/a><\/li><li><a href=\"#\ufffcfaq\">\ufffcFAQ<\/a><ul><li><a href=\"#\ufffc-1-is-free-online-midjourney-safe-to-use\">\ufffc1. Ist die kostenlose Online-Midjourney sicher zu benutzen?<\/a><\/li><li><a href=\"#\ufffc-2-can-i-use-free-online-midjourney-for-commercial-purposes\">\ufffc2. Kann ich die kostenlose Online-Midjourney f\u00fcr kommerzielle Zwecke nutzen?<\/a><\/li><\/ul><\/li><li><a href=\"#\ufffc-3-how-do-i-use-free-online-midjourney\">\ufffc3. Wie kann ich die kostenlose Online-Midjourney nutzen?<\/a><\/li><\/ul><\/nav><\/div>\n\n\n\n<h3 class=\"wp-block-heading\" id=\"\ufffc-what-is-free-online-midjourney\"><a href=\"https:\/\/dromerosm-groq-llama3.hf.space\/#what-is-free-online-midjourney\" target=\"_blank\" rel=\"noopener\"><\/a><strong>Was ist Free Online Midjourney?<\/strong><\/h3>\n\n\n\n<p class=\"\">Kostenloses Online-Midjourney ist eine webbasierte Plattform, die es den Nutzern erm\u00f6glicht, kostenlos auf Midjournys KI-gest\u00fctzte Bilderzeugungsfunktionen zuzugreifen. Diese Plattformen verlangen von den Nutzern keine Abonnementgeb\u00fchr oder eine andere Form der Bezahlung, um den Service zu nutzen.<\/p>\n\n\n\n<h3 class=\"wp-block-heading\" id=\"\ufffc-why-use-free-online-midjourney\"><a href=\"https:\/\/dromerosm-groq-llama3.hf.space\/#why-use-free-online-midjourney\" target=\"_blank\" rel=\"noopener\"><\/a><strong>Warum eine kostenlose Online-Halbreise?<\/strong><\/h3>\n\n\n\n<p class=\"\">Die kostenlose Online-Midjourney ist eine gro\u00dfartige Option f\u00fcr alle, die mit KI-generierter Kunst experimentieren m\u00f6chten, ohne die Bank zu sprengen. Es erm\u00f6glicht den Nutzern, verschiedene Textvorgaben auszuprobieren, mit verschiedenen Stilen zu experimentieren und einzigartige Bilder zu erstellen, ohne dass daf\u00fcr Kosten anfallen.<\/p>\n\n\n\n<h3 class=\"wp-block-heading\" id=\"\ufffc-benefits-of-using-free-online-midjourney\"><a href=\"https:\/\/dromerosm-groq-llama3.hf.space\/#benefits-of-using-free-online-midjourney\" target=\"_blank\" rel=\"noopener\"><\/a><strong>Vorteile der Nutzung der kostenlosen Online-Mittelreise<\/strong><\/h3>\n\n\n\n<h4 class=\"wp-block-heading\" id=\"\ufffc-1-cost-effective\"><a href=\"https:\/\/dromerosm-groq-llama3.hf.space\/#1-cost-effective\" target=\"_blank\" rel=\"noopener\"><\/a>1. Kosteng\u00fcnstig<\/h4>\n\n\n\n<p class=\"\">Das kostenlose Online-Midjourney ist eine kosteng\u00fcnstige Option f\u00fcr diejenigen, die auf die KI-gest\u00fctzte Bilderzeugung von Midjourney zugreifen m\u00f6chten, ohne eine Abonnementgeb\u00fchr zu zahlen.<\/p>\n\n\n\n<h4 class=\"wp-block-heading\" id=\"\ufffc-2-experimentation\"><a href=\"https:\/\/dromerosm-groq-llama3.hf.space\/#c8062562\" target=\"_blank\" rel=\"noopener\"><\/a>2. Erprobung<\/h4>\n\n\n\n<p class=\"\">Die kostenlose Online-Midjourney erm\u00f6glicht es den Nutzern, mit verschiedenen Textvorlagen, Stilen und Bildern zu experimentieren, ohne dass Kosten anfallen.<\/p>\n\n\n\n<h4 class=\"wp-block-heading\" id=\"\ufffc-3-accessibility\"><a href=\"https:\/\/dromerosm-groq-llama3.hf.space\/#3-accessibility\" target=\"_blank\" rel=\"noopener\"><\/a>3. Erreichbarkeit<\/h4>\n\n\n\n<p class=\"\">Die kostenlose Online-Midjourney macht KI-generierte Kunst f\u00fcr jedermann zug\u00e4nglich, unabh\u00e4ngig von Einkommensniveau oder Wohnort.<\/p>\n\n\n\n<h3 class=\"wp-block-heading\" id=\"\ufffc-when-to-use-free-online-midjourney\"><a href=\"https:\/\/dromerosm-groq-llama3.hf.space\/#when-to-use-free-online-midjourney\" target=\"_blank\" rel=\"noopener\"><\/a><strong>Wann sollten Sie die kostenlose Online-Mittelstunde nutzen?<\/strong><\/h3>\n\n\n\n<p class=\"\">Die kostenlose Online-Midjourney eignet sich f\u00fcr alle, die mit KI-generierter Kunst experimentieren m\u00f6chten, f\u00fcr Kreative, die neue Ideen ausprobieren wollen, und f\u00fcr Studierende, die etwas \u00fcber KI-gest\u00fctzte Bilderzeugung lernen m\u00f6chten.<\/p>\n\n\n\n<h3 class=\"wp-block-heading\" id=\"\ufffc-who-can-benefit-from-free-online-midjourney\"><a href=\"https:\/\/dromerosm-groq-llama3.hf.space\/#who-can-benefit-from-free-online-midjourney\" target=\"_blank\" rel=\"noopener\"><\/a><strong>Wer kann von der kostenlosen Online-Midjourney profitieren?<\/strong><\/h3>\n\n\n\n<p class=\"\">Free online Midjourney ist geeignet f\u00fcr:<\/p>\n\n\n\n<h4 class=\"wp-block-heading\" id=\"\ufffc-1-creatives\"><a href=\"https:\/\/dromerosm-groq-llama3.hf.space\/#765b3dbc\" target=\"_blank\" rel=\"noopener\"><\/a>1. Kreative<\/h4>\n\n\n\n<p class=\"\">Die kostenlose Online-Midjourney ist eine gro\u00dfartige Option f\u00fcr Kreative, die mit neuen Ideen experimentieren und einzigartige Bilder erstellen m\u00f6chten.<\/p>\n\n\n\n<h4 class=\"wp-block-heading\" id=\"\ufffc-2-students\"><a href=\"https:\/\/dromerosm-groq-llama3.hf.space\/#c65bfb05\" target=\"_blank\" rel=\"noopener\"><\/a>2. Studierende<\/h4>\n\n\n\n<p class=\"\">Sch\u00fclerinnen und Sch\u00fcler, die etwas \u00fcber KI-gest\u00fctzte Bilderzeugung lernen m\u00f6chten, k\u00f6nnen von der kostenlosen Online-Midjourney profitieren.<\/p>\n\n\n\n<h4 class=\"wp-block-heading\" id=\"\ufffc-3-hobbyists\"><a href=\"https:\/\/dromerosm-groq-llama3.hf.space\/#147c273b\" target=\"_blank\" rel=\"noopener\"><\/a>3. Bastler<\/h4>\n\n\n\n<p class=\"\">Hobbyisten, die KI-generierte Kunst ausprobieren wollen, ohne dass ihnen Kosten entstehen, k\u00f6nnen von der kostenlosen Online-Midjourney profitieren.<\/p>\n\n\n\n<h3 class=\"wp-block-heading\" id=\"\ufffc-free-online-midjourney-tools-and-websites\"><a href=\"https:\/\/dromerosm-groq-llama3.hf.space\/#free-online-midjourney-tools-and-websites\" target=\"_blank\" rel=\"noopener\"><\/a><strong>Kostenlose Online-Tools und Websites f\u00fcr die Mitte der Reise<\/strong><\/h3>\n\n\n\n<p class=\"\">Hier sind einige der besten kostenlosen Online-Midjourney-Tools und Websites:<\/p>\n\n\n\n<figure class=\"wp-block-table\"><table class=\"has-fixed-layout\"><thead><tr><th>Website<\/th><th>Beschreibung<\/th><\/tr><\/thead><tbody><tr><td><a href=\"https:\/\/aiartfree.online\/de\/kostenlose-online-halbreise\/\" target=\"_blank\" rel=\"noreferrer noopener\">AI Art Free Online<\/a><\/td><td>AI Art Free Online ist ein kostenloses Online-Midjourney-Tool, mit dem Benutzer Bilder aus Textvorgaben erstellen k\u00f6nnen.<\/td><\/tr><tr><td><a href=\"https:\/\/deepdreamgenerator.com\/\" target=\"_blank\" rel=\"noreferrer noopener\">Deep Dream Generator<\/a><\/td><td>Deep Dream Generator ist ein kostenloses Online-Midjourney-Tool, das ein neuronales Netzwerk verwendet, um Bilder aus Textvorgaben zu erzeugen.<\/td><\/tr><tr><td><a href=\"https:\/\/www.artbreeder.com\/\" target=\"_blank\" rel=\"noreferrer noopener\">Kunstz\u00fcchter<\/a><\/td><td>Artbreeder ist eine kostenlose Online-Plattform, die es den Nutzern erm\u00f6glicht, mithilfe einer Kombination aus KI und Nutzereingaben originelle Kunstwerke zu erstellen.<\/td><\/tr><tr><td><a href=\"https:\/\/prism.app\/\" target=\"_blank\" rel=\"noreferrer noopener\">Prisma<\/a><\/td><td>Prism ist ein kostenloses Online-Midjourney-Tool, das mithilfe von KI Bilder aus Textvorgaben generiert.<\/td><\/tr><tr><td><a href=\"https:\/\/mydeepart.com\/\" target=\"_blank\" rel=\"noreferrer noopener\">MyDeepArt<\/a><\/td><td>MyDeepArt ist ein kostenloses Online-Midjourney-Tool, mit dem Benutzer Bilder aus Textvorgaben erstellen k\u00f6nnen.<\/td><\/tr><\/tbody><\/table><\/figure>\n\n\n\n<h3 class=\"wp-block-heading\" id=\"\ufffc-pros-and-cons-of-free-online-midjourney-tools-and-websites\"><a href=\"https:\/\/dromerosm-groq-llama3.hf.space\/#pros-and-cons-of-free-online-midjourney-tools-and-websites\" target=\"_blank\" rel=\"noopener\"><\/a><strong>Vor- und Nachteile kostenloser Online-Mittelweg-Tools und Websites<\/strong><\/h3>\n\n\n\n<figure class=\"wp-block-table\"><table class=\"has-fixed-layout\"><thead><tr><th>Website<\/th><th>Profis<\/th><th>Nachteile<\/th><\/tr><\/thead><tbody><tr><td>AI Art Free Online<\/td><td>Kosteng\u00fcnstig, einfach zu bedienen<\/td><td>Eingeschr\u00e4nkte Funktionen<\/td><\/tr><tr><td>Deep Dream Generator<\/td><td>Erzeugt hochwertige Bilder, einfach zu bedienen<\/td><td>Begrenzte Anpassungsm\u00f6glichkeiten<\/td><\/tr><tr><td>Kunstz\u00fcchter<\/td><td>Erm\u00f6glicht ein hohes Ma\u00df an Individualisierung, erzeugt einzigartige Bilder<\/td><td>Steile Lernkurve<\/td><\/tr><tr><td>Prisma<\/td><td>Schnelle Verarbeitungszeit, hochwertige Bilder<\/td><td>Eingeschr\u00e4nkte Funktionen<\/td><\/tr><tr><td>MyDeepArt<\/td><td>Erzeugt hochwertige Bilder, einfach zu bedienen<\/td><td>Begrenzte Anpassungsm\u00f6glichkeiten<\/td><\/tr><\/tbody><\/table><\/figure>\n\n\n\n<h3 class=\"wp-block-heading\" id=\"\ufffc-top-recommendation\"><a href=\"https:\/\/dromerosm-groq-llama3.hf.space\/#top-recommendation\" target=\"_blank\" rel=\"noopener\"><\/a><strong>Top-Empfehlung<\/strong><\/h3>\n\n\n\n<p class=\"\">Auf der Grundlage unserer Untersuchungen empfehlen wir dringend&nbsp;<a href=\"https:\/\/aiartfree.online\/de\/kostenlose-online-halbreise\/\" target=\"_blank\" rel=\"noreferrer noopener\">AI Art Free Online<\/a>&nbsp;f\u00fcr seine Benutzerfreundlichkeit, Kosteneffizienz und hohe Bildqualit\u00e4t.<\/p>\n\n\n\n<h3 class=\"wp-block-heading\" id=\"\ufffcfaq\"><a href=\"https:\/\/dromerosm-groq-llama3.hf.space\/#faq\" target=\"_blank\" rel=\"noopener\"><\/a><strong>FAQ<\/strong><\/h3>\n\n\n\n<p class=\"\">Hier finden Sie einige h\u00e4ufig gestellte Fragen zur kostenlosen Online-Midjourney:<\/p>\n\n\n\n<h4 class=\"wp-block-heading\" id=\"\ufffc-1-is-free-online-midjourney-safe-to-use\"><a href=\"https:\/\/dromerosm-groq-llama3.hf.space\/#f3b6b435\" target=\"_blank\" rel=\"noopener\"><\/a>1. Ist die kostenlose Online-Midjourney sicher zu benutzen?<\/h4>\n\n\n\n<p class=\"\">Ja, die kostenlose Online-Midjourney ist sicher zu nutzen. Es ist jedoch immer eine gute Idee, die Allgemeinen Gesch\u00e4ftsbedingungen jeder Website zu lesen, bevor man ihre Dienste nutzt.<\/p>\n\n\n\n<h4 class=\"wp-block-heading\" id=\"\ufffc-2-can-i-use-free-online-midjourney-for-commercial-purposes\"><a href=\"https:\/\/dromerosm-groq-llama3.hf.space\/#a6471d09\" target=\"_blank\" rel=\"noopener\"><\/a>2. Kann ich die kostenlose Online-Midjourney f\u00fcr kommerzielle Zwecke nutzen?<\/h4>\n\n\n\n<p class=\"\">Einige kostenlose Online-Midjourney-Tools und Websites erlauben die kommerzielle Nutzung, andere nicht. Informieren Sie sich auf jeden Fall \u00fcber die Gesch\u00e4ftsbedingungen jeder Website, bevor Sie deren Dienste f\u00fcr kommerzielle Zwecke nutzen.<\/p>\n\n\n\n<h3 class=\"wp-block-heading\" id=\"\ufffc-3-how-do-i-use-free-online-midjourney\"><a href=\"https:\/\/dromerosm-groq-llama3.hf.space\/#e4d0e51e\" target=\"_blank\" rel=\"noopener\"><\/a>3. Wie kann ich die kostenlose Online-Midjourney nutzen?<\/h3>\n\n\n\n<p class=\"\">Die Nutzung der kostenlosen Online-Midjourney ist einfach. Gehen Sie einfach auf die Website, geben Sie Ihren Text ein und klicken Sie auf \"Generieren\". Anschlie\u00dfend k\u00f6nnen Sie das erzeugte Bild herunterladen oder f\u00fcr Ihren gew\u00fcnschten Zweck verwenden.<\/p>\n\n\n\n<p class=\"\">Hier sind 10 Websites, die die neuesten Informationen \u00fcber kostenlose Online-Midjourneys bieten:<\/p>\n\n\n\n<ol class=\"wp-block-list\">\n<li class=\"\"><a href=\"https:\/\/aiartfree.online\/de\/kostenlose-online-halbreise\/\" target=\"_blank\" rel=\"noreferrer noopener\">AI Art Free Online<\/a>&nbsp;- AI Art Free Online bietet ein kostenloses Online-Midjourney-Tool, das Bilder aus Textvorgaben erzeugt.<\/li>\n\n\n\n<li class=\"\"><a href=\"https:\/\/deepdreamgenerator.com\/\" target=\"_blank\" rel=\"noreferrer noopener\">Deep Dream Generator<\/a>&nbsp;- Deep Dream Generator verwendet ein neuronales Netz, um Bilder aus Texteingaben zu erzeugen.<\/li>\n\n\n\n<li class=\"\"><a href=\"https:\/\/www.artbreeder.com\/\" target=\"_blank\" rel=\"noreferrer noopener\">Kunstz\u00fcchter<\/a>&nbsp;- Artbreeder ist eine kostenlose Online-Plattform, die es den Nutzern erm\u00f6glicht, mithilfe einer Kombination aus KI und Nutzereingaben originelle Kunstwerke zu erstellen.<\/li>\n\n\n\n<li class=\"\"><a href=\"https:\/\/prism.app\/\" target=\"_blank\" rel=\"noreferrer noopener\">Prisma<\/a>&nbsp;- Prism ist ein kostenloses Online-Midjourney-Tool, das mithilfe von KI Bilder aus Textvorgaben generiert.<\/li>\n\n\n\n<li class=\"\"><a href=\"https:\/\/mydeepart.com\/\" target=\"_blank\" rel=\"noreferrer noopener\">MyDeepArt<\/a>&nbsp;- MyDeepArt ist ein kostenloses Online-Midjourney-Tool, mit dem Benutzer Bilder aus Textvorgaben erstellen k\u00f6nnen.<\/li>\n\n\n\n<li class=\"\"><a href=\"https:\/\/midjourney.com\/\" target=\"_blank\" rel=\"noreferrer noopener\">Midjourney<\/a>&nbsp;- Midjourney ist eine KI-gest\u00fctzte Bilderzeugungsplattform, die eine kostenlose Testversion anbietet.<\/li>\n\n\n\n<li class=\"\"><a href=\"https:\/\/techcrunch.com\/\" target=\"_blank\" rel=\"noreferrer noopener\">TechCrunch<\/a>&nbsp;- TechCrunch bietet die neuesten Nachrichten und Updates \u00fcber KI-generierte Kunst und kostenlose Online-Midjourney-Tools.<\/li>\n\n\n\n<li class=\"\"><a href=\"https:\/\/www.theverge.com\/\" target=\"_blank\" rel=\"noreferrer noopener\">The Verge<\/a>&nbsp;- The Verge bietet die neuesten Nachrichten und Updates zu KI-generierter Kunst und kostenlosen Online-Midjourney-Tools.<\/li>\n\n\n\n<li class=\"\"><a href=\"https:\/\/news.artnet.com\/\" target=\"_blank\" rel=\"noreferrer noopener\">Artnet<\/a>&nbsp;- Artnet bietet die neuesten Nachrichten und Updates \u00fcber KI-generierte Kunst und kostenlose Online-Midjourney-Tools.<\/li>\n\n\n\n<li class=\"\"><a href=\"https:\/\/aitimejournal.com\/\" target=\"_blank\" rel=\"noreferrer noopener\">AI Time Journal<\/a>&nbsp;- Das AI Time Journal bietet die neuesten Nachrichten und Updates \u00fcber KI-generierte Kunst und kostenlose Online-Midjourney-Tools.<\/li>\n<\/ol>","protected":false},"excerpt":{"rendered":"<p>What our users made How to use the Free Online Midjourney * Feel free to try our examples below if you don&#8217;t have any thoughts in your mind Prompt Examples *&nbsp;Depending on your internet speed, loading the model may take a few seconds.* There will be caching during continuous generation, and the new image will &#8230; <a title=\"Kostenlose Online-Midjourney\" class=\"read-more\" href=\"https:\/\/aiartfree.online\/de\/kostenlose-online-halbreise\/\" aria-label=\"Mehr Informationen \u00fcber Free Online Midjourney\">Weiterlesen<\/a><\/p>","protected":false},"author":1,"featured_media":3528,"parent":0,"menu_order":0,"comment_status":"open","ping_status":"closed","template":"","meta":{"nf_dc_page":"","footnotes":""},"class_list":["post-2887","page","type-page","status-publish","has-post-thumbnail"],"jetpack_sharing_enabled":true,"_links":{"self":[{"href":"https:\/\/aiartfree.online\/de\/wp-json\/wp\/v2\/pages\/2887","targetHints":{"allow":["GET"]}}],"collection":[{"href":"https:\/\/aiartfree.online\/de\/wp-json\/wp\/v2\/pages"}],"about":[{"href":"https:\/\/aiartfree.online\/de\/wp-json\/wp\/v2\/types\/page"}],"author":[{"embeddable":true,"href":"https:\/\/aiartfree.online\/de\/wp-json\/wp\/v2\/users\/1"}],"replies":[{"embeddable":true,"href":"https:\/\/aiartfree.online\/de\/wp-json\/wp\/v2\/comments?post=2887"}],"version-history":[{"count":2,"href":"https:\/\/aiartfree.online\/de\/wp-json\/wp\/v2\/pages\/2887\/revisions"}],"predecessor-version":[{"id":3599,"href":"https:\/\/aiartfree.online\/de\/wp-json\/wp\/v2\/pages\/2887\/revisions\/3599"}],"wp:featuredmedia":[{"embeddable":true,"href":"https:\/\/aiartfree.online\/de\/wp-json\/wp\/v2\/media\/3528"}],"wp:attachment":[{"href":"https:\/\/aiartfree.online\/de\/wp-json\/wp\/v2\/media?parent=2887"}],"curies":[{"name":"wp","href":"https:\/\/api.w.org\/{rel}","templated":true}]}}