{"id":2880,"date":"2024-07-17T14:18:31","date_gmt":"2024-07-17T14:18:31","guid":{"rendered":"https:\/\/aiartfree.online\/?page_id=2880"},"modified":"2024-07-20T10:51:32","modified_gmt":"2024-07-20T10:51:32","slug":"ai-image-enhancer","status":"publish","type":"page","link":"https:\/\/aiartfree.online\/de\/ai-image-enhancer\/","title":{"rendered":"AI Image Enhancer"},"content":{"rendered":"<h2 class=\"wp-block-heading\">Wie man AI Image Enhancer verwendet<\/h2>\n\n\n\n<ol class=\"wp-block-list\">\n<li class=\"\">Ihr Bild ablegen oder hochladen<\/li>\n\n\n\n<li class=\"\">Klicken Sie auf \"Abschicken\".<\/li>\n\n\n\n<li class=\"\">Moment, das ist es!<\/li>\n<\/ol>\n\n\n\n<p class=\"\"><em>* Je nach Ihrer Internetgeschwindigkeit kann das Laden des Modells einige Sekunden dauern.<br>* W\u00e4hrend der kontinuierlichen Generierung werden die Bilder zwischengespeichert, und das neue Bild wird nach etwa 3 Sekunden angezeigt.<\/em><\/p>\n\n\n\n<div style=\"text-align: center;\">\n  <iframe loading=\"lazy\"\n    src=\"https:\/\/sczhou-codeformer.hf.space\"\n    frameborder=\"0\"\n    width=\"1200\"\n    height=\"2500\"\n    style=\"display: inline-block; margin: 0 auto;\"\n  ><\/iframe>\n<\/div>\n\n\n\n<div style=\"height:50px\" aria-hidden=\"true\" class=\"wp-block-spacer\"><\/div>\n\n\n\n<h2 class=\"wp-block-heading\">Einf\u00fchrung von AI Image Enhancer<\/h2>\n\n\n\n<p class=\"\">Die Verbesserung der Bildqualit\u00e4t ist f\u00fcr verschiedene Branchen entscheidend, von der Immobilienbranche bis zum Social Media Marketing. Mit dem Aufstieg der k\u00fcnstlichen Intelligenz haben Tools wie AI Image Enhancer die Art und Weise revolutioniert, wie wir die Fotoaufl\u00f6sung erh\u00f6hen und die allgemeine Bildqualit\u00e4t verbessern. In diesem Artikel werden wir die Vorteile von KI-Bildverbesserern und die besten Szenarien f\u00fcr ihre Verwendung untersuchen und einen umfassenden Leitfaden zu den besten heute verf\u00fcgbaren Tools bereitstellen.<\/p>\n\n\n\n<figure class=\"wp-block-image size-large is-resized\"><img data-recalc-dims=\"1\" decoding=\"async\" width=\"1024\" height=\"568\"   loading=\"lazy\" src=\"https:\/\/i0.wp.com\/aiartfree.online\/wp-content\/uploads\/2024\/07\/WX20240717-181127%402x-1-1-1-1-1-1.jpg?resize=1024%2C568&#038;ssl=1\" alt=\"AI Image Enhancer\" class=\"wp-image-2881\" style=\"width:591px;height:auto\" srcset=\"https:\/\/i0.wp.com\/aiartfree.online\/wp-content\/uploads\/2024\/07\/WX20240717-181127%402x-1-1-1-1-1-1.jpg?resize=1024%2C568&amp;ssl=1 1024w, https:\/\/i0.wp.com\/aiartfree.online\/wp-content\/uploads\/2024\/07\/WX20240717-181127%402x-1-1-1-1-1-1.jpg?resize=300%2C166&amp;ssl=1 300w, https:\/\/i0.wp.com\/aiartfree.online\/wp-content\/uploads\/2024\/07\/WX20240717-181127%402x-1-1-1-1-1-1.jpg?resize=768%2C426&amp;ssl=1 768w, https:\/\/i0.wp.com\/aiartfree.online\/wp-content\/uploads\/2024\/07\/WX20240717-181127%402x-1-1-1-1-1-1.jpg?resize=1536%2C852&amp;ssl=1 1536w, https:\/\/i0.wp.com\/aiartfree.online\/wp-content\/uploads\/2024\/07\/WX20240717-181127%402x-1-1-1-1-1-1.jpg?resize=2048%2C1136&amp;ssl=1 2048w, https:\/\/i0.wp.com\/aiartfree.online\/wp-content\/uploads\/2024\/07\/WX20240717-181127%402x-1-1-1-1-1-1.jpg?resize=18%2C10&amp;ssl=1 18w, https:\/\/i0.wp.com\/aiartfree.online\/wp-content\/uploads\/2024\/07\/WX20240717-181127%402x-1-1-1-1-1-1.jpg?resize=600%2C333&amp;ssl=1 600w\" sizes=\"auto, (max-width: 1024px) 100vw, 1024px\" \/><\/figure>\n\n\n\n<h2 class=\"wp-block-heading\">Inhalts\u00fcbersicht<\/h2>\n\n\n\n<ol class=\"wp-block-list\">\n<li class=\"\">Was ist ein AI Image Enhancer?<\/li>\n\n\n\n<li class=\"\">Warum einen AI Image Enhancer verwenden?<\/li>\n\n\n\n<li class=\"\">Vorteile der Verwendung eines AI Image Enhancers<\/li>\n\n\n\n<li class=\"\">Wann wird ein AI Image Enhancer verwendet?<\/li>\n\n\n\n<li class=\"\">Wer sollte einen AI Image Enhancer verwenden?<\/li>\n\n\n\n<li class=\"\">Top 10 AI Image Enhancer Tools<\/li>\n\n\n\n<li class=\"\">Das beste AI Image Enhancer Tool<\/li>\n\n\n\n<li class=\"\">FAQ<\/li>\n<\/ol>\n\n\n\n<h3 class=\"wp-block-heading\">Was ist ein AI Image Enhancer?<\/h3>\n\n\n\n<p class=\"\">Ein AI Image Enhancer ist ein mit k\u00fcnstlicher Intelligenz betriebenes Werkzeug, das die Qualit\u00e4t von Bildern verbessern soll. Diese Tools k\u00f6nnen die Fotoaufl\u00f6sung erh\u00f6hen, die Klarheit von Fotos verbessern und Bilder hochskalieren, um sie sch\u00e4rfer und detaillierter zu machen. Mithilfe fortschrittlicher Algorithmen k\u00f6nnen KI-Bildverbesserer Unvollkommenheiten erkennen und korrigieren, so dass die Fotos professioneller und optisch ansprechender wirken.<\/p>\n\n\n\n<h3 class=\"wp-block-heading\">Warum einen AI Image Enhancer verwenden?<\/h3>\n\n\n\n<p class=\"\">Die Verwendung eines AI Image Enhancers ist f\u00fcr jeden, der die Qualit\u00e4t seiner Bilder schnell und effizient verbessern m\u00f6chte, unerl\u00e4sslich. Egal, ob Sie Grafikdesigner, Immobilienmakler oder Social-Media-Manager sind, die Verbesserung der Bildqualit\u00e4t kann einen erheblichen Einfluss darauf haben, wie Ihre Arbeit wahrgenommen wird. KI-Bildverbesserer sparen Zeit, indem sie den Prozess der Verbesserung von Aufl\u00f6sung und Qualit\u00e4t automatisieren, so dass Sie sich auf andere wichtige Aufgaben konzentrieren k\u00f6nnen.<\/p>\n\n\n\n<h3 class=\"wp-block-heading\">Vorteile der Verwendung eines AI Image Enhancers<\/h3>\n\n\n\n<ol class=\"wp-block-list\">\n<li class=\"\"><strong>Fotoaufl\u00f6sung erh\u00f6hen<\/strong>: AI-Bildverbesserer k\u00f6nnen Bilder hochskalieren, so dass sie sich f\u00fcr hochwertige Drucke und gro\u00dfe Displays eignen.<\/li>\n\n\n\n<li class=\"\"><strong>Verbessern der Fotoklarheit<\/strong>: Diese Werkzeuge verbessern die Bildsch\u00e4rfe, entfernen Unsch\u00e4rfen und machen Details besser sichtbar.<\/li>\n\n\n\n<li class=\"\"><strong>Verbesserung der Gesamtqualit\u00e4t<\/strong>: AI-Bildverbesserer k\u00f6nnen Farben, Kontrast und Helligkeit anpassen, um hochwertige Bilder zu erzeugen.<\/li>\n\n\n\n<li class=\"\"><strong>Zeit sparen<\/strong>: Durch die Automatisierung des Verbesserungsprozesses wird der Zeitaufwand f\u00fcr die manuelle Bearbeitung von Bildern reduziert.<\/li>\n\n\n\n<li class=\"\"><strong>Kosteng\u00fcnstig<\/strong>: Die Investition in KI-Bildverbesserer kann im Vergleich zur Beauftragung professioneller Bildbearbeiter Geld sparen.<\/li>\n<\/ol>\n\n\n\n<h3 class=\"wp-block-heading\">Wann wird ein AI Image Enhancer verwendet?<\/h3>\n\n\n\n<p class=\"\">AI Image Enhancers eignen sich f\u00fcr verschiedene Szenarien, darunter:<\/p>\n\n\n\n<ul class=\"wp-block-list\">\n<li class=\"\"><strong>Liegenschaften<\/strong>: Aufwertung von Immobilienfotos, um potenzielle K\u00e4ufer anzuziehen.<\/li>\n\n\n\n<li class=\"\"><strong>Soziale Medien<\/strong>: Erstellung hochwertiger Bilder f\u00fcr Beitr\u00e4ge und Anzeigen.<\/li>\n\n\n\n<li class=\"\"><strong>Grafisches Design<\/strong>: Verbesserung von Bildern f\u00fcr die Verwendung in Digital- und Printmedien.<\/li>\n\n\n\n<li class=\"\"><strong>Elektronischer Gesch\u00e4ftsverkehr<\/strong>: Aufwertung von Produktfotos zur Steigerung des Absatzes.<\/li>\n\n\n\n<li class=\"\"><strong>Fotografie<\/strong>: Hochskalierung von Bildern f\u00fcr Abz\u00fcge und Portfolios.<\/li>\n<\/ul>\n\n\n\n<h3 class=\"wp-block-heading\">Wer sollte einen AI Image Enhancer verwenden?<\/h3>\n\n\n\n<p class=\"\">AI Image Enhancers sind n\u00fctzlich f\u00fcr:<\/p>\n\n\n\n<ul class=\"wp-block-list\">\n<li class=\"\"><strong>Fotografen<\/strong>: Um ihre Bilder zu verbessern und zu veredeln.<\/li>\n\n\n\n<li class=\"\"><strong>Immobilienmakler<\/strong>: Zur Verbesserung der Bilder von Immobilienangeboten.<\/li>\n\n\n\n<li class=\"\"><strong>Grafik-Designer<\/strong>: Um qualitativ hochwertige Bilder f\u00fcr ihre Projekte zu gew\u00e4hrleisten.<\/li>\n\n\n\n<li class=\"\"><strong>Manager f\u00fcr soziale Medien<\/strong>: Visuell ansprechende Beitr\u00e4ge erstellen.<\/li>\n\n\n\n<li class=\"\"><strong>E-Commerce-Gesch\u00e4fte<\/strong>: Um das Produktimage zu verbessern und Kunden anzuziehen.<\/li>\n<\/ul>\n\n\n\n<h3 class=\"wp-block-heading\">Top 10 AI Image Enhancer Tools<\/h3>\n\n\n\n<p class=\"\">Im Folgenden finden Sie eine \u00dcbersicht \u00fcber die 10 wichtigsten KI-Tools zur Bildverbesserung, einschlie\u00dflich ihrer Vorteile und Herausforderungen:<\/p>\n\n\n\n<figure class=\"wp-block-table\"><table class=\"has-fixed-layout\"><thead><tr><th>Werkzeug Name<\/th><th>Zusammenfassung<\/th><th>Profis<\/th><th>Nachteile<\/th><th>Vorteile<\/th><th>Herausforderungen<\/th><th>Empfehlungen<\/th><\/tr><\/thead><tbody><tr><td><strong><a href=\"https:\/\/aiartfree.online\/de\/ai-image-enhancer\/\" target=\"_blank\" data-type=\"link\" data-id=\"https:\/\/aiartfree.online\/ai-image-enhancer\" rel=\"noreferrer noopener\">AI Image Enhancer<\/a><\/strong><\/td><td>Verbessert die Bildqualit\u00e4t schnell und einfach<\/td><td>Einfach zu bedienen, kostenlos<\/td><td>Eingeschr\u00e4nkte Funktionen<\/td><td>Gro\u00dfartig f\u00fcr Anf\u00e4nger<\/td><td>Begrenzte erweiterte Optionen<\/td><td>Ideal f\u00fcr schnelle Korrekturen<\/td><\/tr><tr><td><strong>Verbessern wir<\/strong><\/td><td>Vergr\u00f6\u00dfert die Bilder bis zu 16x<\/td><td>Hochwertige Ergebnisse<\/td><td>Abonnement-basiert<\/td><td>Professionelle Qualit\u00e4t<\/td><td>Erfordert Zahlung<\/td><td>Am besten f\u00fcr den professionellen Einsatz<\/td><\/tr><tr><td><strong>Vance AI<\/strong><\/td><td>KI-gest\u00fctzte Bildverbesserung<\/td><td>Mehrere Erweiterungsoptionen<\/td><td>Einige Funktionen sind kostenpflichtig<\/td><td>Vielseitiger Werkzeugsatz<\/td><td>Erfordert ein Premium-Abonnement<\/td><td>Gut f\u00fcr den vielseitigen Einsatz<\/td><\/tr><tr><td><strong>Tiefes Bild<\/strong><\/td><td>F\u00e4higkeit zur Stapelverarbeitung<\/td><td>Verarbeitet mehrere Bilder auf einmal<\/td><td>Erfordert die Einrichtung eines Kontos<\/td><td>Zeiteffizient<\/td><td>Erforderliche Ersteinrichtung<\/td><td>Am besten f\u00fcr Massenverbesserungen<\/td><\/tr><tr><td><strong>Waifu2x<\/strong><\/td><td>Anime-fokussierte Bildverbesserung<\/td><td>Spezialisiert f\u00fcr Kunstwerke<\/td><td>Begrenzt auf Anime-Stil<\/td><td>Gro\u00dfartig f\u00fcr Anime-Bilder<\/td><td>Begrenzte Anwendung<\/td><td>Am besten f\u00fcr Anime-K\u00fcnstler<\/td><\/tr><tr><td><strong><a href=\"https:\/\/www.fotor.com\/\" data-type=\"link\" data-id=\"https:\/\/www.fotor.com\/\" rel=\"nofollow noopener\" target=\"_blank\">Fotor<\/a><\/strong><\/td><td>Online-Fotoeditor mit Verbesserungsfunktionen<\/td><td>Umfassende Bearbeitungswerkzeuge<\/td><td>Anzeigen in der kostenlosen Version<\/td><td>All-in-One-L\u00f6sung<\/td><td>Kostenlose Version mit Werbeunterst\u00fctzung<\/td><td>Gut f\u00fcr den gelegentlichen Gebrauch<\/td><\/tr><tr><td><strong>ImgLarger<\/strong><\/td><td>AI-Hochskalierungswerkzeug<\/td><td>Gute Upscaling-Ergebnisse<\/td><td>Erfordert eine Internetverbindung<\/td><td>Hochwertige Hochskalierung<\/td><td>Abh\u00e4ngig von der Internetgeschwindigkeit<\/td><td>Am besten f\u00fcr die Online-Nutzung<\/td><\/tr><tr><td><strong>Upscale Pics<\/strong><\/td><td>Online-Imageverbesserer<\/td><td>Benutzerfreundliche Schnittstelle<\/td><td>Begrenzte freie Nutzung<\/td><td>Einfach zu bedienen<\/td><td>Beschr\u00e4nkt auf die Online-Nutzung<\/td><td>Am besten f\u00fcr den gelegentlichen Gebrauch<\/td><\/tr><tr><td><strong>Image Upscaler<\/strong><\/td><td>AI-basierte Erweiterung<\/td><td>Effiziente Verarbeitung<\/td><td>Kostenpflichtige Funktionen<\/td><td>Schnell und effizient<\/td><td>Abonnement-basiert<\/td><td>Am besten f\u00fcr den regelm\u00e4\u00dfigen Gebrauch<\/td><\/tr><tr><td><strong>AI Image Enlarger<\/strong><\/td><td>Spezialisiert auf Bildvergr\u00f6\u00dferung<\/td><td>Hochwertige Vergr\u00f6\u00dferung<\/td><td>Einschr\u00e4nkungen der kostenlosen Version<\/td><td>Hohe Qualit\u00e4t der Vergr\u00f6\u00dferung<\/td><td>Begrenzte kostenlose Optionen<\/td><td>Am besten f\u00fcr hochwertige Vergr\u00f6\u00dferungen<\/td><\/tr><\/tbody><\/table><\/figure>\n\n\n\n<h3 class=\"wp-block-heading\">Das beste AI Image Enhancer Tool<\/h3>\n\n\n\n<p class=\"\">Unter den verschiedenen verf\u00fcgbaren Tools ist das beste AI-Bildverbesserungsprogramm <a href=\"https:\/\/aiartfree.online\/de\/ai-image-enhancer\/\">AI Image Enhancer<\/a>. Es bietet eine perfekte Mischung aus fortschrittlichen Funktionen, Benutzerfreundlichkeit und hochwertigen Ergebnissen und ist damit f\u00fcr Profis und Gelegenheitsnutzer gleicherma\u00dfen geeignet.<\/p>\n\n\n\n<h3 class=\"wp-block-heading\">FAQ<\/h3>\n\n\n\n<ol class=\"wp-block-list\">\n<li class=\"\"><strong>Was ist ein AI Image Enhancer?<\/strong> Ein AI Image Enhancer ist ein Werkzeug, das k\u00fcnstliche Intelligenz einsetzt, um die Qualit\u00e4t und Aufl\u00f6sung von Bildern zu verbessern.<\/li>\n\n\n\n<li class=\"\"><strong>Wie verbessert die KI die Bildqualit\u00e4t?<\/strong> KI-Algorithmen analysieren und verbessern Bilddetails, korrigieren Unvollkommenheiten und erh\u00f6hen die Aufl\u00f6sung.<\/li>\n\n\n\n<li class=\"\"><strong>Lohnt sich die Investition in eine KI-Bildverbesserung?<\/strong> Ja, es spart Zeit und liefert hochwertige Ergebnisse, was es f\u00fcr viele Nutzer zu einem wertvollen Werkzeug macht.<\/li>\n\n\n\n<li class=\"\"><strong>K\u00f6nnen KI-Bildverbesserer eine Stapelverarbeitung durchf\u00fchren?<\/strong> Einige Tools wie Deep Image bieten die M\u00f6glichkeit der Stapelverarbeitung.<\/li>\n\n\n\n<li class=\"\"><strong>Gibt es kostenlose AI-Bildverbesserungstools?<\/strong> Ja, Tools wie Enhance.Pho.to bieten kostenlose Grundfunktionen zur Verbesserung.<\/li>\n\n\n\n<li class=\"\"><strong>Welches ist das beste AI-Bildverbesserungsprogramm f\u00fcr den professionellen Einsatz?<\/strong> AI Image Enhancer wird aufgrund seiner fortschrittlichen Funktionen und hochwertigen Ergebnisse empfohlen.<\/li>\n\n\n\n<li class=\"\"><strong>K\u00f6nnen KI-Bildverbesserer f\u00fcr Bilder in sozialen Medien verwendet werden?<\/strong> Ja, sie sind ideal f\u00fcr die Erstellung hochwertiger Bilder f\u00fcr Beitr\u00e4ge in sozialen Medien.<\/li>\n\n\n\n<li class=\"\"><strong>Unterst\u00fctzen AI-Bildverbesserer das Upscaling?<\/strong> Ja, viele AI-Bildverbesserer k\u00f6nnen Bilder auf h\u00f6here Aufl\u00f6sungen hochskalieren.<\/li>\n\n\n\n<li class=\"\"><strong>Sind KI-Bildverbesserer einfach zu bedienen?<\/strong> Die meisten AI-Bildverbesserer sind benutzerfreundlich und auf einfache Anwendung ausgelegt.<\/li>\n\n\n\n<li class=\"\"><strong>Welche Branchen profitieren von KI-Bildverbesserern?<\/strong> Branchen wie Immobilien, E-Commerce, Grafikdesign und soziale Medien k\u00f6nnen vom Einsatz von KI-Bildverbesserern stark profitieren.<\/li>\n<\/ol>","protected":false},"excerpt":{"rendered":"<p>How to use AI Image Enhancer *&nbsp;Depending on your internet speed, loading the model may take a few seconds.* There will be caching during continuous generation, and the new image will appear after about 3 seconds. Introduction of AI Image Enhancer Enhancing image quality is crucial for various industries, from real estate to social media &#8230; <a title=\"AI Image Enhancer\" class=\"read-more\" href=\"https:\/\/aiartfree.online\/de\/ai-image-enhancer\/\" aria-label=\"Mehr Informationen \u00fcber AI Image Enhancer\">Weiterlesen<\/a><\/p>","protected":false},"author":1,"featured_media":0,"parent":0,"menu_order":0,"comment_status":"open","ping_status":"closed","template":"","meta":{"nf_dc_page":"","footnotes":""},"class_list":["post-2880","page","type-page","status-publish"],"jetpack_sharing_enabled":true,"_links":{"self":[{"href":"https:\/\/aiartfree.online\/de\/wp-json\/wp\/v2\/pages\/2880","targetHints":{"allow":["GET"]}}],"collection":[{"href":"https:\/\/aiartfree.online\/de\/wp-json\/wp\/v2\/pages"}],"about":[{"href":"https:\/\/aiartfree.online\/de\/wp-json\/wp\/v2\/types\/page"}],"author":[{"embeddable":true,"href":"https:\/\/aiartfree.online\/de\/wp-json\/wp\/v2\/users\/1"}],"replies":[{"embeddable":true,"href":"https:\/\/aiartfree.online\/de\/wp-json\/wp\/v2\/comments?post=2880"}],"version-history":[{"count":0,"href":"https:\/\/aiartfree.online\/de\/wp-json\/wp\/v2\/pages\/2880\/revisions"}],"wp:attachment":[{"href":"https:\/\/aiartfree.online\/de\/wp-json\/wp\/v2\/media?parent=2880"}],"curies":[{"name":"wp","href":"https:\/\/api.w.org\/{rel}","templated":true}]}}