{"id":2876,"date":"2024-07-17T14:02:17","date_gmt":"2024-07-17T14:02:17","guid":{"rendered":"https:\/\/aiartfree.online\/?page_id=2876"},"modified":"2025-03-07T08:07:03","modified_gmt":"2025-03-07T08:07:03","slug":"anime-ai-generator","status":"publish","type":"page","link":"https:\/\/aiartfree.online\/de\/anime-ai-generator\/","title":{"rendered":"Anime AI Generator"},"content":{"rendered":"<h2 class=\"wp-block-heading has-text-align-center\">Vorher vs. Nachher<\/h2>\n\n\n\n<figure class=\"gb-block-image gb-block-image-1822da1f\"><img data-recalc-dims=\"1\" decoding=\"async\" loading=\"lazy\" width=\"300\" height=\"179\" class=\"gb-image gb-image-1822da1f\" src=\"https:\/\/i0.wp.com\/aiartfree.online\/wp-content\/uploads\/2024\/07\/WX20240719-123748%402x.jpg?resize=300%2C179&#038;ssl=1\" alt=\"anime-ai-generator\/\" title=\"WX20240719-123748@2x\" srcset=\"https:\/\/i0.wp.com\/aiartfree.online\/wp-content\/uploads\/2024\/07\/WX20240719-123748%402x.jpg?resize=300%2C179&amp;ssl=1 300w, https:\/\/i0.wp.com\/aiartfree.online\/wp-content\/uploads\/2024\/07\/WX20240719-123748%402x.jpg?resize=1024%2C613&amp;ssl=1 1024w, https:\/\/i0.wp.com\/aiartfree.online\/wp-content\/uploads\/2024\/07\/WX20240719-123748%402x.jpg?resize=768%2C459&amp;ssl=1 768w, https:\/\/i0.wp.com\/aiartfree.online\/wp-content\/uploads\/2024\/07\/WX20240719-123748%402x.jpg?resize=18%2C12&amp;ssl=1 18w, https:\/\/i0.wp.com\/aiartfree.online\/wp-content\/uploads\/2024\/07\/WX20240719-123748%402x.jpg?resize=600%2C359&amp;ssl=1 600w, https:\/\/i0.wp.com\/aiartfree.online\/wp-content\/uploads\/2024\/07\/WX20240719-123748%402x.jpg?w=1314&amp;ssl=1 1314w\" sizes=\"auto, (max-width: 300px) 100vw, 300px\" \/><\/figure>\n\n\n\n<h2 class=\"wp-block-heading\">Wie man Anime AI Generator benutzt<\/h2>\n\n\n\n<ol class=\"wp-block-list\">\n<li class=\"\">Geben Sie Ihren Prompt ein oder w\u00e4hlen Sie einen der Prompt-Beispiele<\/li>\n\n\n\n<li class=\"\">Klicken Sie auf \"Erzeugen\".<\/li>\n\n\n\n<li class=\"\">Moment, das ist es!<\/li>\n<\/ol>\n\n\n\n<h3 class=\"wp-block-heading\">Beispiele f\u00fcr Aufforderungen<\/h3>\n\n\n\n<ul class=\"wp-block-list has-small-font-size\">\n<li class=\"\">sch\u00f6ne frau, nacht, mit sternen, aufwendig, elegant, hochdetailliert, digitale malerei, artstation, konzeptkunst, glatt, scharf, illustration, kunst von ( ( ( artgerm ) ) ) und greg rutkowski! und ( ( alphonse mucha ) ), stark beeinflusst von frank frazetta und boris vallejo, sword and<\/li>\n\n\n\n<li class=\"\">sch\u00f6ne frau, nacht, sci - fi, fantasie, aufwendig, elegant, takato yamamoto, blaues kleid, magisch, hochdetailliert, digitale malerei, artstation, konzeptkunst, glatt, b scharfstellung, illustration, kunst von artgerm und greg rutkowski und alphonse mucha<\/li>\n\n\n\n<li class=\"\">beautiful woman\uff0cbig boobs at beach, relaxing, \u00e4therisch, dreamy, backlit, highly detailed, realistic lighting, sharp focus, rule of thirds, artgerm, wlop, arney freytag, rossdraws, frank frazetta, andrei riabovitchev, hd, octane, 4 k,<\/li>\n\n\n\n<li class=\"\">beautiful woman\uff0cbig boobs, domme mistress, steampunk, shy smiling, 4k, stunning 3d render inspired art by Prenz Cushart and WLOP\uff0cMatte painting, masterpiece | Alphonse Mucha\uff0ctrending on artstation and pixiv\uff0cLittle detail<\/li>\n\n\n\n<li class=\"\">sch\u00f6ne frau, nacht, mit sternen, aufwendig, elegant, hochdetailliert, digitale malerei, artstation, konzeptkunst, glatt, scharf, illustration, kunst von ( ( ( artgerm ) ) ) und greg rutkowski! und ( ( alphonse mucha ) ), stark beeinflusst von frank frazetta und boris vallejo, schwert<\/li>\n<\/ul>\n\n\n\n<figure class=\"gb-block-image gb-block-image-032aac41\"><a href=\"https:\/\/fas.st\/t\/9U4PYbm7\" target=\"_blank\" rel=\"noopener noreferrer\"><img data-recalc-dims=\"1\" decoding=\"async\" loading=\"lazy\" width=\"1200\" height=\"365\" class=\"gb-image gb-image-032aac41\" src=\"https:\/\/i0.wp.com\/aiartfree.online\/wp-content\/uploads\/2025\/03\/WX20250307-115412%402x.webp?resize=1200%2C365&#038;ssl=1\" alt=\"\" title=\"WX20250307-115412@2x\" srcset=\"https:\/\/i0.wp.com\/aiartfree.online\/wp-content\/uploads\/2025\/03\/WX20250307-115412%402x.webp?w=1942&amp;ssl=1 1942w, https:\/\/i0.wp.com\/aiartfree.online\/wp-content\/uploads\/2025\/03\/WX20250307-115412%402x.webp?resize=300%2C91&amp;ssl=1 300w, https:\/\/i0.wp.com\/aiartfree.online\/wp-content\/uploads\/2025\/03\/WX20250307-115412%402x.webp?resize=1024%2C312&amp;ssl=1 1024w, https:\/\/i0.wp.com\/aiartfree.online\/wp-content\/uploads\/2025\/03\/WX20250307-115412%402x.webp?resize=768%2C234&amp;ssl=1 768w, https:\/\/i0.wp.com\/aiartfree.online\/wp-content\/uploads\/2025\/03\/WX20250307-115412%402x.webp?resize=1536%2C467&amp;ssl=1 1536w, https:\/\/i0.wp.com\/aiartfree.online\/wp-content\/uploads\/2025\/03\/WX20250307-115412%402x.webp?resize=18%2C5&amp;ssl=1 18w, https:\/\/i0.wp.com\/aiartfree.online\/wp-content\/uploads\/2025\/03\/WX20250307-115412%402x.webp?resize=600%2C183&amp;ssl=1 600w\" sizes=\"auto, (max-width: 1200px) 100vw, 1200px\" \/><\/a><\/figure>\n\n\n\n<p class=\"\"><em>* Je nach Ihrer Internetgeschwindigkeit kann das Laden des Modells einige Sekunden dauern.<br>* W\u00e4hrend der kontinuierlichen Generierung werden die Bilder zwischengespeichert, und das neue Bild wird nach etwa 3 Sekunden angezeigt.<\/em><\/p>\n\n\n\n<div class=\"iframe-wrapper\" style=\"position: relative; width: 100%; height: 1600px;\">\n  <div class=\"loading\" style=\"position: absolute; top: 50px; left: 50%; transform: translate(-50%, -50%); width: 40px; height: 40px; border: 3px solid #f0f0f0; border-top: 3px solid #db7093; border-radius: 50%; animation: spin 1s linear infinite;\"><\/div>\n  <iframe loading=\"lazy\" src=\"https:\/\/cagliostrolab-animagine-xl-3-1.hf.space\" frameborder=\"0\" width=\"100%\" height=\"100%\" style=\"position: absolute; top: 0; left: 0; opacity: 0; transition: opacity 0.3s;\" onload=\"this.style.opacity=1;this.previousElementSibling.style.display='none';\"><\/iframe>\n<\/div>\n\n<style>\n@keyframes spin {\n  0% { transform: translate(-50%, -50%) rotate(0deg); }\n  100% { transform: translate(-50%, -50%) rotate(360deg); }\n}\n<\/style>\n\n\n\n<div style=\"height:50px\" aria-hidden=\"true\" class=\"wp-block-spacer\"><\/div>\n\n\n\n<h2 class=\"wp-block-heading\">Einf\u00fchrung des Anime AI Generator<\/h2>\n\n\n\n<p class=\"\">Anime-KI-Generatoren revolutionieren die Art und Weise, wie wir Kunst im Anime-Stil erstellen, indem sie hochentwickelte Algorithmen der k\u00fcnstlichen Intelligenz verwenden. Diese Tools k\u00f6nnen Fotos in Anime-Bilder umwandeln, einzigartige Anime-Charaktere erzeugen und vieles mehr. In diesem Artikel erfahren Sie, was Anime-KI-Generatoren sind, welche Vorteile sie bieten und wie Sie sie effektiv nutzen k\u00f6nnen.<\/p>\n\n\n\n<figure class=\"wp-block-image size-large is-resized\"><img data-recalc-dims=\"1\" decoding=\"async\" width=\"1024\" height=\"829\"   loading=\"lazy\" src=\"https:\/\/i0.wp.com\/aiartfree.online\/wp-content\/uploads\/2024\/07\/WX120240719-122659%402x-1-1-1.jpg?resize=1024%2C829&#038;ssl=1\" alt=\"Anime AI Generator\" class=\"wp-image-2952\" style=\"width:630px;height:auto\" srcset=\"https:\/\/i0.wp.com\/aiartfree.online\/wp-content\/uploads\/2024\/07\/WX120240719-122659%402x-1-1-1.jpg?resize=1024%2C829&amp;ssl=1 1024w, https:\/\/i0.wp.com\/aiartfree.online\/wp-content\/uploads\/2024\/07\/WX120240719-122659%402x-1-1-1.jpg?resize=300%2C243&amp;ssl=1 300w, https:\/\/i0.wp.com\/aiartfree.online\/wp-content\/uploads\/2024\/07\/WX120240719-122659%402x-1-1-1.jpg?resize=768%2C622&amp;ssl=1 768w, https:\/\/i0.wp.com\/aiartfree.online\/wp-content\/uploads\/2024\/07\/WX120240719-122659%402x-1-1-1.jpg?resize=1536%2C1244&amp;ssl=1 1536w, https:\/\/i0.wp.com\/aiartfree.online\/wp-content\/uploads\/2024\/07\/WX120240719-122659%402x-1-1-1.jpg?resize=2048%2C1659&amp;ssl=1 2048w, https:\/\/i0.wp.com\/aiartfree.online\/wp-content\/uploads\/2024\/07\/WX120240719-122659%402x-1-1-1.jpg?resize=15%2C12&amp;ssl=1 15w, https:\/\/i0.wp.com\/aiartfree.online\/wp-content\/uploads\/2024\/07\/WX120240719-122659%402x-1-1-1.jpg?resize=600%2C486&amp;ssl=1 600w\" sizes=\"auto, (max-width: 1024px) 100vw, 1024px\" \/><\/figure>\n\n\n\n<h3 class=\"wp-block-heading\">Inhalts\u00fcbersicht<\/h3>\n\n\n\n<ol class=\"wp-block-list\">\n<li class=\"\"><a href=\"#what-is-an-anime-ai-generator\">Was ist ein Anime AI Generator?<\/a><\/li>\n\n\n\n<li class=\"\"><a href=\"#why-use-an-anime-ai-generator\">Warum einen Anime AI Generator verwenden?<\/a><\/li>\n\n\n\n<li class=\"\"><a href=\"#benefits-of-using-an-anime-ai-generator\">Vorteile der Verwendung eines Anime AI Generators<\/a><\/li>\n\n\n\n<li class=\"\"><a href=\"#when-to-use-an-anime-ai-generator\">Wann man einen Anime AI Generator verwenden sollte<\/a><\/li>\n\n\n\n<li class=\"\"><a href=\"#who-should-use-an-anime-ai-generator\">Wer sollte einen Anime AI Generator verwenden?<\/a><\/li>\n\n\n\n<li class=\"\"><a href=\"#anime-ai-generator-tools-and-information\">Anime AI Generator Tools und Informationen<\/a><\/li>\n\n\n\n<li class=\"\"><a href=\"#frequently-asked-questions\">H\u00e4ufig gestellte Fragen<\/a><\/li>\n\n\n\n<li class=\"\"><a href=\"#conclusion\">Schlussfolgerung<\/a><\/li>\n<\/ol>\n\n\n\n<h3 class=\"wp-block-heading\">Was ist ein Anime AI Generator?<\/h3>\n\n\n\n<p class=\"\">Ein Anime-KI-Generator ist ein Werkzeug, das fortschrittliche KI-Algorithmen verwendet, um Bilder im Anime-Stil aus verschiedenen Eingaben wie Fotos oder Textaufforderungen zu erstellen. Durch den Einsatz von maschinellen Lerntechniken k\u00f6nnen diese Generatoren schnell und effizient hochwertige, stilisierte Anime-Kunst produzieren.<\/p>\n\n\n\n<h3 class=\"wp-block-heading\">Warum einen Anime AI Generator verwenden?<\/h3>\n\n\n\n<p class=\"\">Anime-KI-Generatoren sind unverzichtbar f\u00fcr alle, die Kunstwerke im Anime-Stil erstellen m\u00f6chten, ohne daf\u00fcr fortgeschrittene k\u00fcnstlerische F\u00e4higkeiten zu ben\u00f6tigen. Diese Tools k\u00f6nnen f\u00fcr pers\u00f6nliche KI-Projekte, die Erstellung von KI-Kunstwerken f\u00fcr soziale Medien oder sogar f\u00fcr professionelle Zwecke in den Bereichen Spieldesign und Animation verwendet werden.<\/p>\n\n\n\n<h3 class=\"wp-block-heading\">Vorteile der Verwendung eines Anime AI Generators<\/h3>\n\n\n\n<ul class=\"wp-block-list\">\n<li class=\"\"><strong>Wirkungsgrad<\/strong>: Erzeugt schnell hochwertige Anime-Bilder.<\/li>\n\n\n\n<li class=\"\"><strong>Kreativit\u00e4t<\/strong>: Erm\u00f6glicht einzigartige und personalisierte Anime-Kunst.<\/li>\n\n\n\n<li class=\"\"><strong>Erreichbarkeit<\/strong>: Macht die Erstellung von Anime-Kunstwerken auch f\u00fcr Nicht-K\u00fcnstler zug\u00e4nglich.<\/li>\n\n\n\n<li class=\"\"><strong>Kosteng\u00fcnstig<\/strong>: Sie brauchen keine teure Grafiksoftware oder K\u00fcnstler zu engagieren.<\/li>\n\n\n\n<li class=\"\"><strong>Vielseitigkeit<\/strong>: Kann f\u00fcr verschiedene Zwecke verwendet werden, von pers\u00f6nlichen Projekten bis hin zum professionellen Einsatz.<\/li>\n<\/ul>\n\n\n\n<h3 class=\"wp-block-heading\">Wann man einen Anime AI Generator verwenden sollte<\/h3>\n\n\n\n<p class=\"\">Anime-KI-Generatoren sind in verschiedenen Szenarien ideal:<\/p>\n\n\n\n<ul class=\"wp-block-list\">\n<li class=\"\"><strong>Pers\u00f6nliche Kunst schaffen<\/strong>: Zum Spa\u00df oder als Hobby.<\/li>\n\n\n\n<li class=\"\"><strong>Inhalt der sozialen Medien<\/strong>: Erstellung einzigartiger Inhalte f\u00fcr soziale Medienplattformen.<\/li>\n\n\n\n<li class=\"\"><strong>Spiel-Design<\/strong>: Erstellen von Figuren und Szenen f\u00fcr Videospiele.<\/li>\n\n\n\n<li class=\"\"><strong>Animation Projekte<\/strong>: Herstellung von Elementen f\u00fcr Animationsprojekte.<\/li>\n\n\n\n<li class=\"\"><strong>Marketing<\/strong>: Erstellung von Werbematerial und ansprechendem Bildmaterial.<\/li>\n<\/ul>\n\n\n\n<h3 class=\"wp-block-heading\">Wer sollte es verwenden?<\/h3>\n\n\n\n<p class=\"\">Geeignet f\u00fcr:<\/p>\n\n\n\n<ul class=\"wp-block-list\">\n<li class=\"\"><strong>K\u00fcnstler<\/strong>: Sie m\u00f6chten ihr Instrumentarium erweitern.<\/li>\n\n\n\n<li class=\"\"><strong>Nicht-K\u00fcnstler<\/strong>: Sie wollen Anime-Kunst ohne umfassende Ausbildung schaffen.<\/li>\n\n\n\n<li class=\"\"><strong>Spiele-Entwickler<\/strong>: Ben\u00f6tige Assets f\u00fcr Spiele.<\/li>\n\n\n\n<li class=\"\"><strong>Sch\u00f6pfer von Inhalten<\/strong>: Auf der Suche nach ansprechendem Bildmaterial f\u00fcr ihre Plattformen.<\/li>\n\n\n\n<li class=\"\"><strong>Marketing-Fachleute<\/strong>: Gestaltung von ansprechenden Werbeinhalten.<\/li>\n<\/ul>\n\n\n\n<h3 class=\"wp-block-heading\">Anime AI Generator Tools und Informationen<\/h3>\n\n\n\n<p class=\"\">Nachfolgend finden Sie eine Tabelle mit einer Zusammenfassung der besten Anime AI Generator Tools, ihren Vor- und Nachteilen und mehr:<\/p>\n\n\n\n<figure class=\"wp-block-table\"><table class=\"has-fixed-layout\"><thead><tr><th>Werkzeug\/Website<\/th><th>Profis<\/th><th>Nachteile<\/th><th>Vorteile<\/th><th>Herausforderungen<\/th><th>Empfehlungen<\/th><\/tr><\/thead><tbody><tr><td><a href=\"https:\/\/aiartfree.online\/de\/anime-ai-generator\/\" target=\"_blank\" rel=\"noreferrer noopener\">AIArtFree<\/a><\/td><td>Kostenlos, einfach zu benutzen<\/td><td>Eingeschr\u00e4nkte Funktionen<\/td><td>Gro\u00dfartig f\u00fcr Anf\u00e4nger<\/td><td>Erfordert Internet<\/td><td>Am besten f\u00fcr schnelle Projekte<\/td><\/tr><tr><td><a href=\"https:\/\/deepart.io\" rel=\"nofollow noopener\" target=\"_blank\">DeepArt<\/a><\/td><td>Hochwertiger Output<\/td><td>Erfordert ein Abonnement<\/td><td>Professionelle Ergebnisse<\/td><td>Teuer<\/td><td>Am besten f\u00fcr ernsthafte Projekte<\/td><\/tr><tr><td><a href=\"https:\/\/artbreeder.com\" rel=\"nofollow noopener\" target=\"_blank\">Kunstz\u00fcchter<\/a><\/td><td>Kollaborativ, vielseitig<\/td><td>Lernkurve<\/td><td>Kreative Flexibilit\u00e4t<\/td><td>Komplexe Schnittstelle<\/td><td>Am besten f\u00fcr kollaborative Kunst<\/td><\/tr><tr><td><a href=\"https:\/\/toonme.com\" rel=\"nofollow noopener\" target=\"_blank\">ToonMe<\/a><\/td><td>Einfach, lustig<\/td><td>Anzeigen in der kostenlosen Version<\/td><td>Gro\u00dfartig f\u00fcr soziale Medien<\/td><td>Begrenzte Stile<\/td><td>Am besten f\u00fcr den gelegentlichen Gebrauch<\/td><\/tr><tr><td><a href=\"https:\/\/nudeai.beauty\/en\/nude-anime\/\" data-type=\"link\" data-id=\"https:\/\/nudeai.beauty\/en\/nude-anime\/\" target=\"_blank\" rel=\"noreferrer noopener\">Anime-Labore<\/a><\/td><td>Anpassbare Zeichen<\/td><td>Begrenzt auf Anime-M\u00e4dchen<\/td><td>\u00c4u\u00dferst detailliert<\/td><td>Schwerpunkt Nische<\/td><td>Am besten f\u00fcr die Charaktererstellung<\/td><\/tr><tr><td><a>PaintsChainer<\/a><\/td><td>Frei, vielseitig<\/td><td>Japanische Schnittstelle<\/td><td>Automatische Einf\u00e4rbung<\/td><td>Sprachbarriere<\/td><td>Am besten f\u00fcr Autof\u00e4rbung<\/td><\/tr><tr><td><a href=\"https:\/\/crypko.ai\" rel=\"nofollow noopener\" target=\"_blank\">Krypko<\/a><\/td><td>Professionelle Anime-Gesichter<\/td><td>Ben\u00f6tigt Token<\/td><td>Detaillierte Ergebnisse<\/td><td>Token-System<\/td><td>Am besten f\u00fcr Gesichtsz\u00fcge<\/td><\/tr><tr><td><a href=\"https:\/\/pixiv.net\" rel=\"nofollow noopener\" target=\"_blank\">Pixiv<\/a><\/td><td>Gro\u00dfe Gemeinschaft<\/td><td>Erfordert Mitgliedschaft<\/td><td>Umfangreiche Ressourcen<\/td><td>\u00dcberw\u00e4ltigend<\/td><td>Am besten f\u00fcr Gemeinschaftskunst<\/td><\/tr><tr><td><a href=\"https:\/\/www.thiswaifudoesnotexist.net\" rel=\"nofollow noopener\" target=\"_blank\">Diese Waifu gibt es nicht<\/a><\/td><td>Einzigartige Waifus<\/td><td>Begrenzte Anpassungsm\u00f6glichkeiten<\/td><td>Unendliche Vielfalt<\/td><td>Besonderer Schwerpunkt<\/td><td>Am besten f\u00fcr einzigartige Gesichter<\/td><\/tr><tr><td><a href=\"https:\/\/gansketch.com\" rel=\"nofollow noopener\" target=\"_blank\">GanSketch<\/a><\/td><td>Erzeugung in Echtzeit<\/td><td>Beta-Version<\/td><td>Schnelle Ergebnisse<\/td><td>Entwicklungsphase<\/td><td>Am besten zum Experimentieren geeignet<\/td><\/tr><\/tbody><\/table><\/figure>\n\n\n\n<p class=\"\"><strong>Bestes Werkzeug: <a href=\"https:\/\/aiartfree.online\/de\/anime-ai-generator\/\">AIArtFree<\/a><\/strong><\/p>\n\n\n\n<h3 class=\"wp-block-heading\">H\u00e4ufig gestellte Fragen<\/h3>\n\n\n\n<p class=\"\"><strong>F: Was ist der beste Anime AI Generator f\u00fcr Anf\u00e4nger?<\/strong> A: AIArtFree ist aufgrund seiner Benutzerfreundlichkeit und des kostenlosen Zugangs f\u00fcr Anf\u00e4nger zu empfehlen.<\/p>\n\n\n\n<p class=\"\"><strong>F: Kann ich einen Anime AI Generator f\u00fcr kommerzielle Zwecke verwenden?<\/strong> A: Ja, viele Anime-KI-Generatoren k\u00f6nnen f\u00fcr kommerzielle Projekte verwendet werden, aber es ist wichtig, die spezifischen Nutzungsbedingungen f\u00fcr jedes Tool zu \u00fcberpr\u00fcfen.<\/p>\n\n\n\n<p class=\"\"><strong>F: Wie funktionieren die Anime-KI-Generatoren?<\/strong> A: Sie verwenden Algorithmen des maschinellen Lernens, die auf gro\u00dfen Datenbest\u00e4nden von Anime-Kunst trainiert wurden, um neue Bilder auf der Grundlage von Benutzereingaben zu generieren.<\/p>\n\n\n\n<p class=\"\"><strong>F: Ist die Nutzung der Anime AI Generatoren kostenlos?<\/strong> A: Einige Tools sind kostenlos, wie z. B. AIArtFree, w\u00e4hrend f\u00fcr andere ein Abonnement oder ein Kauf erforderlich sein kann.<\/p>\n\n\n\n<p class=\"\"><strong>F: Welche Arten von Eingaben kann ich mit einem Anime AI Generator verwenden?<\/strong> A: Zu den \u00fcblichen Eingaben geh\u00f6ren Fotos, Skizzen und Textanweisungen.<\/p>\n\n\n\n<p class=\"\"><strong>F: Kann ich die generierten Anime-Bilder individuell anpassen?<\/strong> A: Ja, die meisten Generatoren bieten Anpassungsoptionen, um den Stil und die Funktionen der generierten Kunstwerke zu optimieren.<\/p>\n\n\n\n<p class=\"\"><strong>F: Was ist der Unterschied zwischen einem KI-Bildgenerator und einem Anime-KI-Generator?<\/strong> A: Der Anime AI Generator wurde speziell f\u00fcr die Erstellung von Bildern im Anime-Stil entwickelt, w\u00e4hrend ein allgemeiner AI-Bildgenerator verschiedene Stile erzeugen kann.<\/p>\n\n\n\n<p class=\"\"><strong>F: Ben\u00f6tige ich besondere F\u00e4higkeiten, um einen Anime AI Generator zu benutzen?<\/strong> A: Nein, diese Tools sind so konzipiert, dass sie benutzerfreundlich und f\u00fcr jeden zug\u00e4nglich sind.<\/p>\n\n\n\n<p class=\"\"><strong>F: Wie lange dauert es, ein Anime-Bild zu erstellen?<\/strong> A: Die Erstellungszeit variiert je nach Tool, liegt aber im Allgemeinen zwischen einigen Sekunden und ein paar Minuten.<\/p>\n\n\n\n<p class=\"\"><strong>F: Kann ich Anime-Charaktere f\u00fcr mein Spiel mit einem Anime-KI-Generator erstellen?<\/strong> A: Ja, diese Tools eignen sich hervorragend f\u00fcr die Erstellung von Charakteren und anderen Assets f\u00fcr Videospiele.<\/p>\n\n\n\n<h3 class=\"wp-block-heading\">Schlussfolgerung<\/h3>\n\n\n\n<p class=\"\">Anime-KI-Generatoren sind leistungsstarke Werkzeuge zur m\u00fchelosen Erstellung von Kunstwerken im Anime-Stil. Egal ob Sie ein professioneller K\u00fcnstler oder ein Hobbyist sind, diese Generatoren k\u00f6nnen Ihnen helfen, Ihre kreativen Visionen zum Leben zu erwecken. Die beste Erfahrung machen Sie mit <a href=\"https:\/\/aiartfree.online\/de\/anime-ai-generator\/\">AIArtFree<\/a> um die Welt der KI-generierten Anime-Kunst zu erkunden.<\/p>","protected":false},"excerpt":{"rendered":"<p>Before vs After How to use Anime AI Generator Prompt Examples *&nbsp;Depending on your internet speed, loading the model may take a few seconds.* There will be caching during continuous generation, and the new image will appear after about 3 seconds. Introduction of Anime AI Generator Anime AI Generators are revolutionizing the way we create &#8230; <a title=\"Anime AI Generator\" class=\"read-more\" href=\"https:\/\/aiartfree.online\/de\/anime-ai-generator\/\" aria-label=\"Mehr Informationen \u00fcber Anime AI Generator\">Weiterlesen<\/a><\/p>","protected":false},"author":1,"featured_media":0,"parent":0,"menu_order":0,"comment_status":"open","ping_status":"closed","template":"","meta":{"nf_dc_page":"","footnotes":""},"class_list":["post-2876","page","type-page","status-publish"],"jetpack_sharing_enabled":true,"_links":{"self":[{"href":"https:\/\/aiartfree.online\/de\/wp-json\/wp\/v2\/pages\/2876","targetHints":{"allow":["GET"]}}],"collection":[{"href":"https:\/\/aiartfree.online\/de\/wp-json\/wp\/v2\/pages"}],"about":[{"href":"https:\/\/aiartfree.online\/de\/wp-json\/wp\/v2\/types\/page"}],"author":[{"embeddable":true,"href":"https:\/\/aiartfree.online\/de\/wp-json\/wp\/v2\/users\/1"}],"replies":[{"embeddable":true,"href":"https:\/\/aiartfree.online\/de\/wp-json\/wp\/v2\/comments?post=2876"}],"version-history":[{"count":1,"href":"https:\/\/aiartfree.online\/de\/wp-json\/wp\/v2\/pages\/2876\/revisions"}],"predecessor-version":[{"id":3595,"href":"https:\/\/aiartfree.online\/de\/wp-json\/wp\/v2\/pages\/2876\/revisions\/3595"}],"wp:attachment":[{"href":"https:\/\/aiartfree.online\/de\/wp-json\/wp\/v2\/media?parent=2876"}],"curies":[{"name":"wp","href":"https:\/\/api.w.org\/{rel}","templated":true}]}}