{"id":2853,"date":"2024-07-17T13:47:43","date_gmt":"2024-07-17T13:47:43","guid":{"rendered":"https:\/\/aiartfree.online\/?page_id=2853"},"modified":"2024-07-20T09:39:23","modified_gmt":"2024-07-20T09:39:23","slug":"free-pixar-ai-generator","status":"publish","type":"page","link":"https:\/\/aiartfree.online\/de\/kostenloser-pixar-ai-generator\/","title":{"rendered":"Kostenloser Pixar AI Generator"},"content":{"rendered":"<h2 class=\"wp-block-heading\">So verwenden Sie den kostenlosen Pixar AI Generator<\/h2>\n\n\n\n<ol class=\"wp-block-list\">\n<li class=\"\">Eingabe der Eingabeaufforderungen<\/li>\n\n\n\n<li class=\"\">Klicken Sie auf \"Ausf\u00fchren\".<\/li>\n\n\n\n<li class=\"\">Moment, das ist es!<\/li>\n<\/ol>\n\n\n\n<p class=\"\"><em>* Je nach Ihrer Internetgeschwindigkeit kann das Laden des Modells einige Sekunden dauern.<br>* W\u00e4hrend der kontinuierlichen Generierung werden die Bilder zwischengespeichert, und das neue Bild wird nach etwa 3 Sekunden angezeigt.<\/em><\/p>\n\n\n\n<h3 class=\"wp-block-heading\">Beispiel Eingabe<\/h3>\n\n\n\n<ul class=\"wp-block-list\">\n<li class=\"\">Ein junger Mann mit hellbraunem gewelltem Haar und hellbraunen Augen, der in einem Sessel sitzt und direkt in die Kamera schaut, Pixar-Stil, Disney-Pixar, B\u00fcro-Hintergrund, ultra detailliert, 1 Mann<\/li>\n\n\n\n<li class=\"\">Cartoon 3D sonnig helles Bild im Pixar-Stil : Superheld : volles Kost\u00fcm : cinematisch -ar 68:128 -stylize 750 -v 5.2<\/li>\n\n\n\n<li class=\"\">3d Bild, niedliches M\u00e4dchen, im Stil von Pixar, -ar 1:2 ,-stylize 750.<\/li>\n<\/ul>\n\n\n\n<div style=\"text-align: center; border: 2px solid; border-image-source: linear-gradient(to right, #16b86c, #912899); border-image-slice: 1; box-shadow: 0 0 10px rgba(0, 0, 0, 0.1); border-radius: 15px;\">\n  <iframe loading=\"lazy\"\n    src=\"https:\/\/ucanbaklava-stablediffusionapi-disney-pixar-cartoon.hf.space\"\n    frameborder=\"0\"\n    width=\"800\"\n    height=\"500\"\n    style=\"display: inline-block; margin: 0 auto;\"\n  ><\/iframe>\n<\/div>\n\n\n\n<div style=\"height:50px\" aria-hidden=\"true\" class=\"wp-block-spacer\"><\/div>\n\n\n\n<h2 class=\"wp-block-heading\" id=\"introduction-of-free-online-pixar-ai-generator\"><strong>Einf\u00fchrung in den kostenlosen Pixar AI Generator<\/strong><\/h2>\n\n\n\n<figure class=\"wp-block-image size-full is-resized\"><img data-recalc-dims=\"1\" decoding=\"async\" width=\"938\" height=\"626\"   loading=\"lazy\" src=\"https:\/\/i0.wp.com\/aiartfree.online\/wp-content\/uploads\/2024\/07\/WX20240717-174206%402x.jpg?resize=938%2C626&#038;ssl=1\" alt=\"Kostenloser Online Pixar AI Generator\" class=\"wp-image-2852\" style=\"width:530px;height:auto\" srcset=\"https:\/\/i0.wp.com\/aiartfree.online\/wp-content\/uploads\/2024\/07\/WX20240717-174206%402x.jpg?w=938&amp;ssl=1 938w, https:\/\/i0.wp.com\/aiartfree.online\/wp-content\/uploads\/2024\/07\/WX20240717-174206%402x.jpg?resize=300%2C200&amp;ssl=1 300w, https:\/\/i0.wp.com\/aiartfree.online\/wp-content\/uploads\/2024\/07\/WX20240717-174206%402x.jpg?resize=768%2C513&amp;ssl=1 768w, https:\/\/i0.wp.com\/aiartfree.online\/wp-content\/uploads\/2024\/07\/WX20240717-174206%402x.jpg?resize=18%2C12&amp;ssl=1 18w, https:\/\/i0.wp.com\/aiartfree.online\/wp-content\/uploads\/2024\/07\/WX20240717-174206%402x.jpg?resize=600%2C400&amp;ssl=1 600w\" sizes=\"auto, (max-width: 938px) 100vw, 938px\" \/><\/figure>\n\n\n\n<h3 class=\"wp-block-heading\" id=\"what-is-a-free-online-pixar-ai-generator\"><a href=\"https:\/\/dromerosm-groq-llama3.hf.space\/#what-is-a-free-online-pixar-ai-generator\" target=\"_blank\" rel=\"noopener\"><\/a><strong>Was ist ein kostenloser Pixar AI Generator?<\/strong><\/h3>\n\n\n\n<p class=\"\">Ein kostenloser Online-Pixar-KI-Generator ist ein Tool, mit dem BenutzerInnen mit Hilfe von k\u00fcnstlicher Intelligenz (KI) ohne finanzielle Kosten Kunstwerke im Pixar-Stil erstellen k\u00f6nnen. Diese innovative Technologie nutzt maschinelle Lernalgorithmen, um atemberaubende Animationen und Bilder zu erstellen, die an die beliebten Pixar-Filme erinnern.<\/p>\n\n\n\n<p class=\"\"><strong>Inhalts\u00fcbersicht<\/strong><\/p>\n\n\n\n<ol class=\"wp-block-list\">\n<li class=\"\"><a href=\"https:\/\/dromerosm-groq-llama3.hf.space\/#what-is-a-free-online-pixar-ai-generator\" target=\"_blank\" rel=\"noopener\">Was ist ein kostenloser Online Pixar AI Generator?<\/a><\/li>\n\n\n\n<li class=\"\"><a href=\"https:\/\/dromerosm-groq-llama3.hf.space\/#why-use-a-free-online-pixar-ai-generator\" target=\"_blank\" rel=\"noopener\">Warum einen kostenlosen Online-Pixar-AI-Generator verwenden?<\/a><\/li>\n\n\n\n<li class=\"\"><a href=\"https:\/\/dromerosm-groq-llama3.hf.space\/#benefits-of-using-a-free-online-pixar-ai-generator\" target=\"_blank\" rel=\"noopener\">Vorteile der Verwendung eines kostenlosen Online Pixar AI Generators<\/a><\/li>\n\n\n\n<li class=\"\"><a href=\"https:\/\/dromerosm-groq-llama3.hf.space\/#when-to-use-a-free-online-pixar-ai-generator\" target=\"_blank\" rel=\"noopener\">Wann sollte man einen kostenlosen Online-Pixar-AI-Generator verwenden?<\/a><\/li>\n\n\n\n<li class=\"\"><a href=\"https:\/\/dromerosm-groq-llama3.hf.space\/#who-can-benefit-from-a-free-online-pixar-ai-generator\" target=\"_blank\" rel=\"noopener\">Wer kann von einem kostenlosen Online Pixar AI Generator profitieren?<\/a><\/li>\n\n\n\n<li class=\"\"><a href=\"https:\/\/dromerosm-groq-llama3.hf.space\/#related-information-and-tools\" target=\"_blank\" rel=\"noopener\">Verwandte Informationen und Tools<\/a><\/li>\n\n\n\n<li class=\"\"><a href=\"https:\/\/dromerosm-groq-llama3.hf.space\/#faqs\" target=\"_blank\" rel=\"noopener\">FAQs<\/a><\/li>\n<\/ol>\n\n\n\n<h3 class=\"wp-block-heading\" id=\"why-use-a-free-online-pixar-ai-generator\"><a href=\"https:\/\/dromerosm-groq-llama3.hf.space\/#why-use-a-free-online-pixar-ai-generator\" target=\"_blank\" rel=\"noopener\"><\/a><strong>Warum einen kostenlosen Pixar AI Generator verwenden?<\/strong><\/h3>\n\n\n\n<p class=\"\">Angesichts der zunehmenden Nachfrage nach qualitativ hochwertigem Bildmaterial in verschiedenen Branchen kann ein kostenloser Online-Pixar-AI-Generator eine entscheidende Rolle spielen. Mit diesem Tool k\u00f6nnen Einzelpersonen atemberaubende Animationen und Bilder erstellen, ohne dass sie \u00fcber umfangreiche Erfahrungen im Grafikdesign verf\u00fcgen m\u00fcssen. Au\u00dferdem spart es Zeit und Ressourcen, was es zu einer attraktiven Option f\u00fcr vielbesch\u00e4ftigte Fachleute und Unternehmer macht.<\/p>\n\n\n\n<h3 class=\"wp-block-heading\" id=\"benefits-of-using-a-free-online-pixar-ai-generator\"><a href=\"https:\/\/dromerosm-groq-llama3.hf.space\/#benefits-of-using-a-free-online-pixar-ai-generator\" target=\"_blank\" rel=\"noopener\"><\/a><strong>Vorteile der Verwendung eines kostenlosen Pixar AI-Generators<\/strong><\/h3>\n\n\n\n<p class=\"\">Einige der Vorteile der Verwendung eines kostenlosen Online-Pixar-AI-Generators sind:<\/p>\n\n\n\n<ul class=\"wp-block-list\">\n<li class=\"\"><strong>Kosteng\u00fcnstig<\/strong>: Sie m\u00fcssen kein Geld f\u00fcr teure Grafiksoftware ausgeben oder einen professionellen Designer einstellen.<\/li>\n\n\n\n<li class=\"\"><strong>Zeitsparend<\/strong>: Erstellen Sie schnell und mit minimalem Aufwand hochwertige Grafiken.<\/li>\n\n\n\n<li class=\"\"><strong>Erreichbarkeit<\/strong>: F\u00fcr die Verwendung des Tools sind keine Vorkenntnisse im Grafikdesign erforderlich.<\/li>\n\n\n\n<li class=\"\"><strong>Flexibilit\u00e4t<\/strong>: Kann f\u00fcr verschiedene Zwecke verwendet werden, z. B. f\u00fcr soziale Medien, Werbung und Bildung.<\/li>\n<\/ul>\n\n\n\n<h3 class=\"wp-block-heading\" id=\"when-to-use-a-free-online-pixar-ai-generator\"><a href=\"https:\/\/dromerosm-groq-llama3.hf.space\/#when-to-use-a-free-online-pixar-ai-generator\" target=\"_blank\" rel=\"noopener\"><\/a><strong>Wann man einen kostenlosen Pixar AI-Generator verwenden sollte<\/strong><\/h3>\n\n\n\n<p class=\"\">Ein kostenloser Online-Pixar-KI-Generator kann in verschiedenen Szenarien verwendet werden, darunter:<\/p>\n\n\n\n<ul class=\"wp-block-list\">\n<li class=\"\"><strong>Marketing f\u00fcr soziale Medien<\/strong>: Erstellen Sie ansprechendes Bildmaterial f\u00fcr Kampagnen in den sozialen Medien.<\/li>\n\n\n\n<li class=\"\"><strong>Werbung<\/strong>: Entwickeln Sie aufmerksamkeitsstarke Anzeigen f\u00fcr Online- und Offline-Promotions.<\/li>\n\n\n\n<li class=\"\"><strong>Bildung<\/strong>: Nutzen Sie das Tool zur Erstellung von Lehrmaterial, wie Videos und Infografiken.<\/li>\n\n\n\n<li class=\"\"><strong>Erstellung von Inhalten<\/strong>: Erstellen Sie Bildmaterial f\u00fcr Blogbeitr\u00e4ge, Videos und andere Online-Inhalte.<\/li>\n<\/ul>\n\n\n\n<h3 class=\"wp-block-heading\" id=\"who-can-benefit-from-a-free-online-pixar-ai-generator\"><a href=\"https:\/\/dromerosm-groq-llama3.hf.space\/#who-can-benefit-from-a-free-online-pixar-ai-generator\" target=\"_blank\" rel=\"noopener\"><\/a><strong>Wer kann von einem kostenlosen Pixar AI Generator profitieren?<\/strong><\/h3>\n\n\n\n<p class=\"\">Einzelpersonen aus verschiedenen Branchen und Berufen k\u00f6nnen von einem kostenlosen Online-Pixar-KI-Generator profitieren, darunter:<\/p>\n\n\n\n<ul class=\"wp-block-list\">\n<li class=\"\"><strong>Vermarkter<\/strong>: Erstellen Sie ansprechendes Bildmaterial f\u00fcr soziale Medien und Werbekampagnen.<\/li>\n\n\n\n<li class=\"\"><strong>P\u00e4dagogen<\/strong>: Entwickeln Sie interaktive und ansprechende Unterrichtsmaterialien.<\/li>\n\n\n\n<li class=\"\"><strong>Ersteller von Inhalten<\/strong>: Erstellen Sie hochwertiges Bildmaterial f\u00fcr Blogbeitr\u00e4ge, Videos und andere Online-Inhalte.<\/li>\n\n\n\n<li class=\"\"><strong>Unternehmer<\/strong>: Nutzen Sie das Tool, um beeindruckende Bilder f\u00fcr Ihre Werbung zu erstellen.<\/li>\n<\/ul>\n\n\n\n<h3 class=\"wp-block-heading\" id=\"related-information-and-tools\"><a href=\"https:\/\/dromerosm-groq-llama3.hf.space\/#related-information-and-tools\" target=\"_blank\" rel=\"noopener\"><\/a><strong>Verwandte Informationen und Tools<\/strong><\/h3>\n\n\n\n<p class=\"\">Hier sind 10 Websites, die Informationen und Tools zum Thema Free Online Pixar AI Generators bereitstellen:<\/p>\n\n\n\n<figure class=\"wp-block-table\"><table class=\"has-fixed-layout\"><thead><tr><th>Website<\/th><th>Beschreibung<\/th><\/tr><\/thead><tbody><tr><td><a href=\"https:\/\/aiartfree.online\/de\/free-online-pixar-ai-generator\/\" target=\"_blank\" rel=\"noreferrer noopener\">aiartfree.online<\/a><\/td><td>Bietet einen kostenlosen Online-Pixar-AI-Generator mit verschiedenen Vorlagen und Designs.<\/td><\/tr><tr><td><a href=\"https:\/\/pix2pix.io\/\" target=\"_blank\" rel=\"noreferrer noopener nofollow\">pix2pix.io<\/a><\/td><td>Eine Plattform, die mithilfe von KI Bilder aus Skizzen generiert.<\/td><\/tr><tr><td><a href=\"https:\/\/deepdreamgenerator.com\/\" target=\"_blank\" rel=\"noreferrer noopener nofollow\">deepdreamgenerator.com<\/a><\/td><td>Ein webbasiertes Tool, das mithilfe von KI surreale Bilder erzeugt.<\/td><\/tr><tr><td><a href=\"https:\/\/www.artbreeder.com\/\" target=\"_blank\" rel=\"noreferrer noopener nofollow\">artbreeder.com<\/a><\/td><td>Eine Plattform, die es den Nutzern erm\u00f6glicht, originelle Kunstwerke mithilfe von KI zu erstellen und zu entwickeln.<\/td><\/tr><tr><td><a href=\"https:\/\/ganbreeder.app\/\" target=\"_blank\" rel=\"noreferrer noopener nofollow\">ganbreeder.app<\/a><\/td><td>Ein webbasiertes Tool, das KI zur Erstellung von Kunstwerken verwendet.<\/td><\/tr><tr><td><a href=\"https:\/\/prism.app\/\" target=\"_blank\" rel=\"noreferrer noopener nofollow\">prisma.app<\/a><\/td><td>Eine Plattform, die KI-gest\u00fctzte Designtools anbietet, darunter einen Generator im Pixar-Stil.<\/td><\/tr><tr><td><a href=\"https:\/\/adicraft.org\/\" target=\"_blank\" rel=\"noreferrer noopener nofollow\">adicraft.org<\/a><\/td><td>Eine gemeinn\u00fctzige Organisation, die KI-gest\u00fctzte Design-Tools anbietet, darunter einen Generator im Pixar-Stil.<\/td><\/tr><tr><td><a href=\"https:\/\/aiartist.io\/\" target=\"_blank\" rel=\"noreferrer noopener nofollow\">aiartist.io<\/a><\/td><td>Eine Plattform, die KI-gest\u00fctzte Designtools anbietet, darunter einen Generator im Pixar-Stil.<\/td><\/tr><tr><td><a href=\"https:\/\/ai-generated-art.org\/\" target=\"_blank\" rel=\"noreferrer noopener nofollow\">_AI-generated-art.org<\/a><\/td><td>Eine Website, die Informationen und Ressourcen \u00fcber KI-generierte Kunst bietet.<\/td><\/tr><tr><td><a href=\"https:\/\/generative-art.org\/\" target=\"_blank\" rel=\"noreferrer noopener nofollow\">generative-art.org<\/a><\/td><td>Eine Website, die Informationen und Ressourcen zur generativen Kunst bietet.<\/td><\/tr><\/tbody><\/table><\/figure>\n\n\n\n<p class=\"\"><strong>Vorteile, Nachteile, St\u00e4rken, Schw\u00e4chen und Empfehlungen<\/strong><\/p>\n\n\n\n<ul class=\"wp-block-list\">\n<li class=\"\"><strong>Vorteile<\/strong>: Kosteng\u00fcnstig, zeitsparend, zug\u00e4nglich und flexibel.<\/li>\n\n\n\n<li class=\"\"><strong>Benachteiligungen<\/strong>: Begrenzte Anpassungsm\u00f6glichkeiten, Abh\u00e4ngigkeit von KI-Algorithmen und m\u00f6gliche Qualit\u00e4tsprobleme.<\/li>\n\n\n\n<li class=\"\"><strong>St\u00e4rken<\/strong>: Kann hochwertiges Bildmaterial erstellen, ideal f\u00fcr vielbesch\u00e4ftigte Berufst\u00e4tige und Unternehmer.<\/li>\n\n\n\n<li class=\"\"><strong>Schwachstellen<\/strong>: Erfordert m\u00f6glicherweise einige Kenntnisse im Grafikdesign, begrenzte Kontrolle \u00fcber die Ausgabe.<\/li>\n\n\n\n<li class=\"\"><strong>Empfehlung<\/strong>: Nutzen Sie eine seri\u00f6se Online-Plattform wie aiartfree.online f\u00fcr qualitativ hochwertige Bilder im Pixar-Stil.<\/li>\n<\/ul>\n\n\n\n<h3 class=\"wp-block-heading\" id=\"faqs\"><a href=\"https:\/\/dromerosm-groq-llama3.hf.space\/#faqs\" target=\"_blank\" rel=\"noopener\"><\/a><strong>FAQs<\/strong><\/h3>\n\n\n\n<ol class=\"wp-block-list\">\n<li class=\"\"><strong>F: Ist ein kostenloser Pixar AI Generator einfach zu benutzen?<\/strong>&nbsp;A: Ja, die meisten Online-Plattformen bieten benutzerfreundliche Oberfl\u00e4chen, die nur minimale Erfahrung im Grafikdesign erfordern.<\/li>\n\n\n\n<li class=\"\"><strong>F: Kann ich die Ausgabe eines kostenlosen Pixar AI-Generators anpassen?<\/strong>&nbsp;A: Ja, die meisten Plattformen bieten Anpassungsm\u00f6glichkeiten, wie Farbschemata und Vorlagen.<\/li>\n\n\n\n<li class=\"\"><strong>F: Sind die kostenlosen Pixar AI Generatoren nur f\u00fcr Profis?<\/strong>&nbsp;A: Nein, jeder kann diese Tools nutzen, auch Einzelpersonen, Unternehmer und Lehrkr\u00e4fte.<\/li>\n\n\n\n<li class=\"\"><strong>F: Kann ich einen kostenlosen Pixar AI Generator f\u00fcr kommerzielle Zwecke verwenden?<\/strong>&nbsp;A: Ja, die meisten Plattformen erlauben die kommerzielle Nutzung, aber achten Sie auf die Gesch\u00e4ftsbedingungen.<\/li>\n\n\n\n<li class=\"\"><strong>F: Wie lange dauert es, ein Bild mit dem kostenlosen Pixar AI Generator zu erstellen?<\/strong>&nbsp;A: Die Bearbeitungszeit h\u00e4ngt von der Plattform und der Komplexit\u00e4t des Entwurfs ab.<\/li>\n\n\n\n<li class=\"\"><strong>F: Kann ich meine eigenen Bilder in einen kostenlosen Pixar AI Generator hochladen?<\/strong>&nbsp;A: Ja, einige Plattformen erlauben es den Nutzern, ihre eigenen Bilder hochzuladen, um sie zu bearbeiten und zu verbessern.<\/li>\n\n\n\n<li class=\"\"><strong>F: Sind kostenlose Online-Pixar-KI-Generatoren teuer?<\/strong>&nbsp;A: Nein, die meisten Plattformen bieten kostenlose oder kosteng\u00fcnstige Dienste an, einige bieten auch kostenpflichtige Premiumfunktionen.<\/li>\n\n\n\n<li class=\"\"><strong>F: Kann ich einen kostenlosen Online-Pixar-AI-Generator f\u00fcr Bildungszwecke verwenden?<\/strong>&nbsp;A: Ja, viele Plattformen bieten Bildungsressourcen und Werkzeuge f\u00fcr Sch\u00fcler und Lehrer an.<\/li>\n\n\n\n<li class=\"\"><strong>F: Wie funktioniert ein kostenloser Online Pixar AI Generator?<\/strong>&nbsp;A: Diese Tools verwenden Algorithmen des maschinellen Lernens, um Bilder auf der Grundlage von Benutzereingaben und Designvorlagen zu erzeugen.<\/li>\n\n\n\n<li class=\"\"><strong>F: Ist ein kostenloser Online-Pixar-KI-Generator f\u00fcr das Social Media Marketing geeignet?<\/strong>&nbsp;A: Ja, diese Tools k\u00f6nnen verwendet werden, um ansprechendes Bildmaterial f\u00fcr Kampagnen in sozialen Medien zu erstellen.<\/li>\n<\/ol>","protected":false},"excerpt":{"rendered":"<p>How to use the Free Pixar AI Generator *&nbsp;Depending on your internet speed, loading the model may take a few seconds.* There will be caching during continuous generation, and the new image will appear after about 3 seconds. Example Input Introduction of Free Pixar AI Generator What is a Free Pixar AI Generator? A Free &#8230; <a title=\"Kostenloser Pixar AI Generator\" class=\"read-more\" href=\"https:\/\/aiartfree.online\/de\/kostenloser-pixar-ai-generator\/\" aria-label=\"Mehr Informationen \u00fcber Free Pixar AI Generator\">Weiterlesen<\/a><\/p>","protected":false},"author":1,"featured_media":0,"parent":0,"menu_order":0,"comment_status":"open","ping_status":"closed","template":"","meta":{"nf_dc_page":"","footnotes":""},"class_list":["post-2853","page","type-page","status-publish"],"jetpack_sharing_enabled":true,"_links":{"self":[{"href":"https:\/\/aiartfree.online\/de\/wp-json\/wp\/v2\/pages\/2853","targetHints":{"allow":["GET"]}}],"collection":[{"href":"https:\/\/aiartfree.online\/de\/wp-json\/wp\/v2\/pages"}],"about":[{"href":"https:\/\/aiartfree.online\/de\/wp-json\/wp\/v2\/types\/page"}],"author":[{"embeddable":true,"href":"https:\/\/aiartfree.online\/de\/wp-json\/wp\/v2\/users\/1"}],"replies":[{"embeddable":true,"href":"https:\/\/aiartfree.online\/de\/wp-json\/wp\/v2\/comments?post=2853"}],"version-history":[{"count":0,"href":"https:\/\/aiartfree.online\/de\/wp-json\/wp\/v2\/pages\/2853\/revisions"}],"wp:attachment":[{"href":"https:\/\/aiartfree.online\/de\/wp-json\/wp\/v2\/media?parent=2853"}],"curies":[{"name":"wp","href":"https:\/\/api.w.org\/{rel}","templated":true}]}}