{"id":2807,"date":"2022-05-10T20:36:42","date_gmt":"2022-05-10T19:36:42","guid":{"rendered":"https:\/\/gp-inbound.wordifysites.com\/?page_id=82"},"modified":"2024-07-18T10:49:06","modified_gmt":"2024-07-18T10:49:06","slug":"contact-free-ai-art-generator","status":"publish","type":"page","link":"https:\/\/aiartfree.online\/de\/kontakt-kostenloser-ai-art-generator\/","title":{"rendered":"Kontakt"},"content":{"rendered":"<figure class=\"gb-block-image gb-block-image-6abc9adb\"><img data-recalc-dims=\"1\" decoding=\"async\" loading=\"lazy\" width=\"1200\" height=\"675\" class=\"gb-image gb-image-6abc9adb\" src=\"https:\/\/i0.wp.com\/aiartfree.online\/wp-content\/uploads\/2023\/03\/map.jpg?resize=1200%2C675&#038;ssl=1\" alt=\"\" title=\"Karte\" srcset=\"https:\/\/i0.wp.com\/aiartfree.online\/wp-content\/uploads\/2023\/03\/map.jpg?w=1980&amp;ssl=1 1980w, https:\/\/i0.wp.com\/aiartfree.online\/wp-content\/uploads\/2023\/03\/map.jpg?resize=600%2C338&amp;ssl=1 600w, https:\/\/i0.wp.com\/aiartfree.online\/wp-content\/uploads\/2023\/03\/map.jpg?resize=300%2C169&amp;ssl=1 300w, https:\/\/i0.wp.com\/aiartfree.online\/wp-content\/uploads\/2023\/03\/map.jpg?resize=1024%2C576&amp;ssl=1 1024w, https:\/\/i0.wp.com\/aiartfree.online\/wp-content\/uploads\/2023\/03\/map.jpg?resize=768%2C432&amp;ssl=1 768w, https:\/\/i0.wp.com\/aiartfree.online\/wp-content\/uploads\/2023\/03\/map.jpg?resize=1536%2C864&amp;ssl=1 1536w, https:\/\/i0.wp.com\/aiartfree.online\/wp-content\/uploads\/2023\/03\/map.jpg?resize=18%2C10&amp;ssl=1 18w\" sizes=\"auto, (max-width: 1200px) 100vw, 1200px\" \/><\/figure>\n\n\n<section class=\"gb-container gb-container-efcc007f\">\n\n<h2 class=\"gb-headline gb-headline-887ae2d8 gb-headline-text\">Kontakt aufnehmen<\/h2>\n\n\n\n<p class=\"gb-headline gb-headline-c307d429 gb-headline-text\">Willkommen bei Free AI Art Generator, wo die Grenzen der Kreativit\u00e4t auf die Kraft der k\u00fcnstlichen Intelligenz treffen! \ud83e\udd16<br>Wir haben es uns zur Aufgabe gemacht, fortschrittliche KI-Algorithmen und -Tools f\u00fcr jedermann zug\u00e4nglich zu machen, um K\u00fcnstlern und Kreativen die M\u00f6glichkeit zu geben, kostenlos atemberaubende KI-generierte Bilder und Kunstwerke zu erstellen. Mit unserer Spitzentechnologie k\u00f6nnen Sie die Welt der generativen KI, der stabilen Diffusion und mehr erkunden und Ihrer Fantasie freien Lauf lassen wie nie zuvor.<\/p>\n\n\n<div class=\"gb-container gb-container-93e859dc\">\n<div class=\"gb-container gb-container-16e44cdc\">\n\n<h2 class=\"gb-headline gb-headline-387184d6 gb-headline-text\">Wenden Sie sich an uns f\u00fcr<\/h2>\n\n\n\n<ul class=\"wp-block-list\">\n<li class=\"\">Allgemeine Anfragen oder Feedback zu unseren KI-gesteuerten Kunstwerkzeugen und Generatoren<\/li>\n\n\n\n<li class=\"\">Partnerschaftsm\u00f6glichkeiten oder Kooperationen<\/li>\n\n\n\n<li class=\"\">Technische Unterst\u00fctzung oder Hilfe bei der Erstellung von KI-generierter Kunst<\/li>\n\n\n\n<li class=\"\">Vorschl\u00e4ge f\u00fcr neue Funktionen oder zu integrierende KI-Algorithmen<\/li>\n\n\n\n<li class=\"\">Weitere Fragen oder Anmerkungen, die Sie haben k\u00f6nnten<\/li>\n<\/ul>\n\n\n\n<p class=\"gb-headline gb-headline-5b255efd\"><span class=\"gb-icon\"><svg viewbox=\"0 0 368.666 368.666\" xmlns=\"http:\/\/www.w3.org\/2000\/svg\"><path d=\"M184.333 0C102.011 0 35.037 66.974 35.037 149.297c0 33.968 11.132 65.959 32.193 92.515C94.5 276.195 173.8 357.833 177.164 361.291l7.169 7.375 7.17-7.374c3.363-3.459 82.688-85.116 109.963-119.51 21.042-26.534 32.164-58.515 32.164-92.485C333.63 66.974 266.656 0 184.333 0zm101.464 229.355c-21.957 27.687-80.921 89.278-101.463 110.581-20.54-21.302-79.482-82.875-101.434-110.552-18.23-22.984-27.863-50.677-27.863-80.087C55.037 78.002 113.039 20 184.333 20S313.63 78.002 313.63 149.297c0 29.411-9.625 57.095-27.833 80.058z\"><\/path><path d=\"M184.333 59.265c-48.729 0-88.374 39.645-88.374 88.374s39.644 88.374 88.374 88.374 88.374-39.644 88.374-88.374c.001-48.73-39.644-88.374-88.374-88.374zm0 156.748c-37.701 0-68.374-30.672-68.374-68.374s30.672-68.374 68.374-68.374 68.374 30.672 68.374 68.374c.001 37.701-30.673 68.374-68.374 68.374z\"><\/path><path d=\"m180.672 154.314-25.112-19.98-12.453 15.652 40.69 32.371 43.333-53.934-15.593-12.526z\"><\/path><\/svg><\/span><span class=\"gb-headline-text\">12 Princes Street, Edinburgh, EH6 1AL, UK<\/span><\/p>\n\n<\/div>\n\n<div class=\"gb-container gb-container-d4701180\">\n\n<h3 class=\"gb-headline gb-headline-8c73a68a gb-headline-text\">Schreiben Sie uns eine Mail<\/h3>\n\n\n\n<p class=\"gb-headline gb-headline-b1839c0f gb-headline-text\">Wir w\u00fcrden uns freuen, von Ihnen zu h\u00f6ren! Ganz gleich, ob Sie als K\u00fcnstler auf der Suche nach Inspiration sind, als Unternehmen nach innovativen L\u00f6sungen suchen oder einfach nur von der Schnittstelle zwischen Kunst und Technologie fasziniert sind - wir haben ein offenes Ohr f\u00fcr Sie und helfen Ihnen gerne.<\/p>\n\n\n<div class=\"wpforms-container wpforms-container-full wpforms-block wpforms-block-f9bd5ff9-c080-4a61-b9d1-8c53773b3bdc wpforms-render-modern\" id=\"wpforms-2489\"><form id=\"wpforms-form-2489\" class=\"wpforms-validate wpforms-form\" data-formid=\"2489\" method=\"post\" enctype=\"multipart\/form-data\" action=\"\/de\/wp-json\/wp\/v2\/pages\/2807\" data-token=\"5297f783885c807ff9921114f96bfa8a\" data-token-time=\"1776978646\" data-trp-original-action=\"\/de\/wp-json\/wp\/v2\/pages\/2807\"><noscript class=\"wpforms-error-noscript\">Bitte aktiviere JavaScript in deinem Browser, um dieses Formular fertigzustellen.<\/noscript><div id=\"wpforms-error-noscript\" style=\"display: none;\">Bitte aktiviere JavaScript in deinem Browser, um dieses Formular fertigzustellen.<\/div><div class=\"wpforms-field-container\"><div id=\"wpforms-2489-field_0-container\" class=\"wpforms-field wpforms-field-name\" data-field-id=\"0\"><label class=\"wpforms-field-label\" for=\"wpforms-2489-field_0\">Name <span class=\"wpforms-required-label\" aria-hidden=\"true\">*<\/span><\/label><input type=\"text\" id=\"wpforms-2489-field_0\" class=\"wpforms-field-medium wpforms-field-required\" name=\"wpforms[fields][0]\" aria-errormessage=\"wpforms-2489-field_0-error\" required><\/div><div id=\"wpforms-2489-field_1-container\" class=\"wpforms-field wpforms-field-email\" data-field-id=\"1\"><label class=\"wpforms-field-label\" for=\"wpforms-2489-field_1\">E-Mail <span class=\"wpforms-required-label\" aria-hidden=\"true\">*<\/span><\/label><input type=\"email\" id=\"wpforms-2489-field_1\" class=\"wpforms-field-medium wpforms-field-required\" name=\"wpforms[fields][1]\" spellcheck=\"false\" aria-errormessage=\"wpforms-2489-field_1-error\" required><\/div><div id=\"wpforms-2489-field_2-container\" class=\"wpforms-field wpforms-field-textarea\" data-field-id=\"2\"><label class=\"wpforms-field-label\" for=\"wpforms-2489-field_2\">Kommentar oder Nachricht <span class=\"wpforms-required-label\" aria-hidden=\"true\">*<\/span><\/label><textarea id=\"wpforms-2489-field_2\" class=\"wpforms-field-medium wpforms-field-required\" name=\"wpforms[fields][2]\" aria-errormessage=\"wpforms-2489-field_2-error\" required><\/textarea><\/div><\/div><!-- .wpforms-field-container --><div class=\"wpforms-submit-container\" ><input type=\"hidden\" name=\"wpforms[id]\" value=\"2489\"><input type=\"hidden\" name=\"page_title\" value=\"\"><input type=\"hidden\" name=\"page_url\" value=\"https:\/\/aiartfree.online\/de\/wp-json\/wp\/v2\/pages\/2807\"><input type=\"hidden\" name=\"url_referer\" value=\"\"><button type=\"submit\" name=\"wpforms[submit]\" id=\"wpforms-submit-2489\" class=\"wpforms-submit\" data-alt-text=\"Sending...\" data-submit-text=\"Submit\" aria-live=\"assertive\" value=\"wpforms-submit\">Einreichen<\/button><\/div><input type=\"hidden\" name=\"trp-form-language\" value=\"de\"\/><\/form><\/div>  <!-- .wpforms-container -->\n<\/div>\n<\/div>\n\n\n<div style=\"height:40px\" aria-hidden=\"true\" class=\"wp-block-spacer\"><\/div>\n\n\n\n<h2 class=\"gb-headline gb-headline-f952b484 gb-headline-text\"><strong>Warum sollten Sie den kostenlosen AI Art Generator w\u00e4hlen?<\/strong><\/h2>\n\n\n\n<p class=\"has-text-align-center\">Unser Engagement f\u00fcr die Bereitstellung kostenloser KI-Werkzeuge und -Generatoren in Kombination mit unserer Leidenschaft f\u00fcr Innovation und Benutzerfreundlichkeit zeichnet uns aus. Mit unseren hochmodernen KI-Algorithmen und der intuitiven Benutzeroberfl\u00e4che k\u00f6nnen Sie m\u00fchelos atemberaubende KI-Grafiken erstellen und das volle Potenzial von Textaufforderungen, Bild-Hochskalierung und mehr aussch\u00f6pfen.<br><\/p>\n\n\n\n<div style=\"height:40px\" aria-hidden=\"true\" class=\"wp-block-spacer\"><\/div>\n\n\n\n<h2 class=\"gb-headline gb-headline-04a855f0 gb-headline-text\"><strong>Beginnen Sie noch heute mit dem kostenlosen AI Art Generator zu arbeiten!<\/strong><\/h2>\n\n\n\n<p class=\"has-text-align-center\">Besuchen Sie unser <a href=\"https:\/\/aiartfree.online\/de\/\" target=\"_blank\" data-type=\"page\" data-id=\"2853\" rel=\"noreferrer noopener\">Homepage<\/a> um die Welt der kostenlosen KI-Kunst zu erkunden und die unendlichen M\u00f6glichkeiten von KI-generierten Bildern, leuchtenden Farben und k\u00fcnstlerischem Ausdruck zu entdecken!<\/p>\n\n\n\n<p class=\"has-text-align-center\">Denken Sie daran, dass wir von Free AI Art Generator uns der F\u00f6rderung der Kreativit\u00e4t verschrieben haben und die Grenzen dessen, was mit KI-gest\u00fctzten Kunstwerkzeugen m\u00f6glich ist, verschieben wollen. Nehmen Sie Kontakt auf, und lassen Sie uns gemeinsam etwas Erstaunliches schaffen! \ud83c\udfa8<\/p>\n\n\n\n<p class=\"has-text-align-center\">Dieser Entwurf enth\u00e4lt die erforderlichen Schl\u00fcsselw\u00f6rter und beh\u00e4lt gleichzeitig einen nat\u00fcrlichen Fluss und Ton bei. Sie k\u00f6nnen ihn nach Bedarf \u00e4ndern, um ihn an die Stimme und den Stil Ihrer Marke anzupassen. Viel Erfolg mit Ihrer Website! \ud83d\ude0a<\/p>\n\n<\/section>\n\n\n<p class=\"\"><\/p>","protected":false},"excerpt":{"rendered":"<p>Get in touch Welcome to Free AI Art Generator, where the boundaries of creativity meet the power of artificial intelligence! \ud83e\udd16We&#8217;re passionate about making advanced AI algorithms and tools accessible to everyone, empowering artists and creatives to generate stunning AI-generated images and artwork for free. With our cutting-edge technology, you can explore the world of &#8230; <a title=\"Kontakt\" class=\"read-more\" href=\"https:\/\/aiartfree.online\/de\/kontakt-kostenloser-ai-art-generator\/\" aria-label=\"Mehr Informationen \u00fcber Contact Us\">Weiterlesen<\/a><\/p>","protected":false},"author":1,"featured_media":0,"parent":0,"menu_order":0,"comment_status":"closed","ping_status":"closed","template":"","meta":{"nf_dc_page":"","footnotes":""},"class_list":["post-2807","page","type-page","status-publish"],"jetpack_sharing_enabled":true,"_links":{"self":[{"href":"https:\/\/aiartfree.online\/de\/wp-json\/wp\/v2\/pages\/2807","targetHints":{"allow":["GET"]}}],"collection":[{"href":"https:\/\/aiartfree.online\/de\/wp-json\/wp\/v2\/pages"}],"about":[{"href":"https:\/\/aiartfree.online\/de\/wp-json\/wp\/v2\/types\/page"}],"author":[{"embeddable":true,"href":"https:\/\/aiartfree.online\/de\/wp-json\/wp\/v2\/users\/1"}],"replies":[{"embeddable":true,"href":"https:\/\/aiartfree.online\/de\/wp-json\/wp\/v2\/comments?post=2807"}],"version-history":[{"count":0,"href":"https:\/\/aiartfree.online\/de\/wp-json\/wp\/v2\/pages\/2807\/revisions"}],"wp:attachment":[{"href":"https:\/\/aiartfree.online\/de\/wp-json\/wp\/v2\/media?parent=2807"}],"curies":[{"name":"wp","href":"https:\/\/api.w.org\/{rel}","templated":true}]}}