{"id":78,"date":"2022-05-10T20:33:06","date_gmt":"2022-05-10T19:33:06","guid":{"rendered":"https:\/\/gp-inbound.wordifysites.com\/?page_id=78"},"modified":"2024-07-20T16:28:52","modified_gmt":"2024-07-20T16:28:52","slug":"about-us","status":"publish","type":"page","link":"https:\/\/aiartfree.online\/da\/om-os\/","title":{"rendered":"Om os"},"content":{"rendered":"<section class=\"gb-container gb-container-8cf8b04f\">\n<div class=\"gb-container gb-container-dfac1555\">\n\n<h2 class=\"gb-headline gb-headline-608020c5 gb-headline-text\">Slip kreativiteten l\u00f8s med avancerede AI-kunstv\u00e6rkt\u00f8jer<\/h2>\n\n\n\n<p class=\"gb-headline gb-headline-7330c428 gb-headline-text\">Velkommen til Free AI Art Generator, hvor kreativitet m\u00f8der banebrydende teknologi. Vores platform udnytter kraften i avancerede AI-algoritmer og generativ AI til at omdanne dine tekstbeskeder til fantastiske, levende kunstv\u00e6rker. <\/p>\n\n\n\n<p class=\"\">Vores mission er at demokratisere kunstskabelse ved at tilbyde en r\u00e6kke gratis, AI-drevne v\u00e6rkt\u00f8jer, der giver brugerne mulighed for ubesv\u00e6ret at skabe AI-genererede billeder og udforske potentialet i kunstig intelligens i kunsten. Uanset om du er en erfaren kunstner eller en nysgerrig nybegynder, er vores v\u00e6rkt\u00f8jer designet til at forbedre din kreative proces og levere resultater af h\u00f8j kvalitet med en problemfri brugeroplevelse. <\/p>\n\n\n\n<p class=\"\">Bliv en del af vores f\u00e6llesskab, og oplev kunstens fremtid med Free AI Art Generator - hvor fantasi og teknologi m\u00f8des.<\/p>\n\n<\/div>\n\n<div class=\"gb-container gb-container-49e56edb\">\n\n<figure class=\"gb-block-image gb-block-image-ad6d2ba8\"><img data-recalc-dims=\"1\" decoding=\"async\" loading=\"lazy\" width=\"600\" height=\"430\" class=\"gb-image gb-image-ad6d2ba8\" src=\"https:\/\/i0.wp.com\/aiartfree.online\/wp-content\/uploads\/2024\/07\/work-stay-at-home-illustration-man-with-computer-6VFUTBK-1.png?resize=600%2C430&#038;ssl=1\" alt=\"Gratis AI-kunstgenerator\" title=\"arbejde-blive-hjemme-illustration-mand-med-computer-6VFUTBK-1.png\" srcset=\"https:\/\/i0.wp.com\/aiartfree.online\/wp-content\/uploads\/2024\/07\/work-stay-at-home-illustration-man-with-computer-6VFUTBK-1.png?w=600&amp;ssl=1 600w, https:\/\/i0.wp.com\/aiartfree.online\/wp-content\/uploads\/2024\/07\/work-stay-at-home-illustration-man-with-computer-6VFUTBK-1.png?resize=300%2C215&amp;ssl=1 300w, https:\/\/i0.wp.com\/aiartfree.online\/wp-content\/uploads\/2024\/07\/work-stay-at-home-illustration-man-with-computer-6VFUTBK-1.png?resize=18%2C12&amp;ssl=1 18w\" sizes=\"auto, (max-width: 600px) 100vw, 600px\" \/><\/figure>\n\n<\/div>\n<\/section>\n\n<section class=\"gb-container gb-container-e4cc5e2c\">\n<div class=\"gb-container gb-container-3ceba49d\">\n<div class=\"gb-container gb-container-c05d1bd2\">\n\n<p class=\"\"> <\/p>\n\n<\/div>\n\n<div class=\"gb-container gb-container-e687e67e\">\n\n<h2 class=\"gb-headline gb-headline-c10d1bd9 gb-headline-text\">Hvorfor v\u00e6lge os<\/h2>\n\n\n\n<p class=\"gb-headline gb-headline-3ace5b05 gb-headline-text\">Hos Free AI Art Generator tilbyder vi en enest\u00e5ende kreativ platform til at generere AI-kunstv\u00e6rker af h\u00f8j kvalitet. Her er grunden til, at vores service skiller sig ud:<\/p>\n\n\n<div class=\"gb-container gb-container-2d10fbab\">\n<div class=\"gb-container gb-container-e7e2767f\">\n\n<div class=\"gb-headline gb-headline-4a6740d2\"><span class=\"gb-icon\"><svg xmlns=\"http:\/\/www.w3.org\/2000\/svg\" viewbox=\"0 0 512 512\" width=\"1em\" height=\"1em\" aria-hidden=\"true\"><path d=\"M173.898 439.404l-166.4-166.4c-9.997-9.997-9.997-26.206 0-36.204l36.203-36.204c9.997-9.998 26.207-9.998 36.204 0L192 312.69 432.095 72.596c9.997-9.997 26.207-9.997 36.204 0l36.203 36.204c9.997 9.997 9.997 26.206 0 36.204l-294.4 294.401c-9.998 9.997-26.207 9.997-36.204-.001z\" fill=\"currentColor\"><\/path><\/svg><\/span><\/div>\n\n<\/div>\n\n<div class=\"gb-container gb-container-0304ef5f\">\n\n<p class=\"gb-headline gb-headline-624d17cc gb-headline-text\">Avanceret AI-teknologi<\/p>\n\n\n\n<p class=\"gb-headline gb-headline-6875360d gb-headline-text\">Vores v\u00e6rkt\u00f8jer bruger avancerede AI-algoritmer og generativ AI til at omdanne tekstprompter til levende, AI-genererede billeder. Med funktioner som finjustering og stabil diffusion kan du nemt skabe fantastiske, detaljerede illustrationer.<\/p>\n\n<\/div>\n<\/div>\n\n<div class=\"gb-container gb-container-42092c04\">\n<div class=\"gb-container gb-container-71ee177a\">\n\n<div class=\"gb-headline gb-headline-36fc3e3e\"><span class=\"gb-icon\"><svg xmlns=\"http:\/\/www.w3.org\/2000\/svg\" viewbox=\"0 0 512 512\" width=\"1em\" height=\"1em\" aria-hidden=\"true\"><path d=\"M173.898 439.404l-166.4-166.4c-9.997-9.997-9.997-26.206 0-36.204l36.203-36.204c9.997-9.998 26.207-9.998 36.204 0L192 312.69 432.095 72.596c9.997-9.997 26.207-9.997 36.204 0l36.203 36.204c9.997 9.997 9.997 26.206 0 36.204l-294.4 294.401c-9.998 9.997-26.207 9.997-36.204-.001z\" fill=\"currentColor\"><\/path><\/svg><\/span><\/div>\n\n<\/div>\n\n<div class=\"gb-container gb-container-bb23dd8a\">\n\n<p class=\"gb-headline gb-headline-11e332ea gb-headline-text\">Brugervenlig oplevelse<\/p>\n\n\n\n<p class=\"gb-headline gb-headline-1433451e gb-headline-text\">Vores platform er designet med brugeroplevelsen for \u00f8je og sikrer en problemfri proces fra input til f\u00e6rdigt billede. Uanset om du er professionel kunstner eller nybegynder, vil du finde vores AI-drevne kunstv\u00e6rkt\u00f8jer intuitive og tilg\u00e6ngelige.<\/p>\n\n<\/div>\n<\/div>\n\n<div class=\"gb-container gb-container-6a2056be\">\n<div class=\"gb-container gb-container-aade45e2\">\n\n<div class=\"gb-headline gb-headline-87d36e38\"><span class=\"gb-icon\"><svg xmlns=\"http:\/\/www.w3.org\/2000\/svg\" viewbox=\"0 0 512 512\" width=\"1em\" height=\"1em\" aria-hidden=\"true\"><path d=\"M173.898 439.404l-166.4-166.4c-9.997-9.997-9.997-26.206 0-36.204l36.203-36.204c9.997-9.998 26.207-9.998 36.204 0L192 312.69 432.095 72.596c9.997-9.997 26.207-9.997 36.204 0l36.203 36.204c9.997 9.997 9.997 26.206 0 36.204l-294.4 294.401c-9.998 9.997-26.207 9.997-36.204-.001z\" fill=\"currentColor\"><\/path><\/svg><\/span><\/div>\n\n<\/div>\n\n<div class=\"gb-container gb-container-07d4fbf6\">\n\n<p class=\"gb-headline gb-headline-d1c00e48 gb-headline-text\">Gratis og tilg\u00e6ngelig<\/p>\n\n\n\n<p class=\"gb-headline gb-headline-3a9ff30b gb-headline-text\">Vi tilbyder vores banebrydende kunstv\u00e6rkt\u00f8jer gratis, s\u00e5 du kan udforske potentialet i kunstig intelligens i kunsten uden omkostninger. Del dine AI-genererede kreationer p\u00e5 de sociale medier, og nyd fordelene ved gratis AI-kunst i h\u00f8j kvalitet.<\/p>\n\n<\/div>\n<\/div>\n<\/div>\n<\/div>\n<\/section>","protected":false},"excerpt":{"rendered":"<p>Unleashing Creativity with Cutting-Edge AI Art Tools Welcome to Free AI Art Generator, where creativity meets cutting-edge technology. Our platform harnesses the power of state-of-the-art AI algorithms and generative AI to transform your text prompts into stunning, vibrant artworks. Our mission is to democratize art creation by offering a suite of free, AI-powered tools that &#8230; <a title=\"Om os\" class=\"read-more\" href=\"https:\/\/aiartfree.online\/da\/om-os\/\" aria-label=\"Read more about About Us\">L\u00e6s mere <\/a><\/p>","protected":false},"author":1,"featured_media":0,"parent":0,"menu_order":0,"comment_status":"open","ping_status":"closed","template":"","meta":{"nf_dc_page":"","footnotes":""},"class_list":["post-78","page","type-page","status-publish"],"jetpack_sharing_enabled":true,"_links":{"self":[{"href":"https:\/\/aiartfree.online\/da\/wp-json\/wp\/v2\/pages\/78","targetHints":{"allow":["GET"]}}],"collection":[{"href":"https:\/\/aiartfree.online\/da\/wp-json\/wp\/v2\/pages"}],"about":[{"href":"https:\/\/aiartfree.online\/da\/wp-json\/wp\/v2\/types\/page"}],"author":[{"embeddable":true,"href":"https:\/\/aiartfree.online\/da\/wp-json\/wp\/v2\/users\/1"}],"replies":[{"embeddable":true,"href":"https:\/\/aiartfree.online\/da\/wp-json\/wp\/v2\/comments?post=78"}],"version-history":[{"count":0,"href":"https:\/\/aiartfree.online\/da\/wp-json\/wp\/v2\/pages\/78\/revisions"}],"wp:attachment":[{"href":"https:\/\/aiartfree.online\/da\/wp-json\/wp\/v2\/media?parent=78"}],"curies":[{"name":"wp","href":"https:\/\/api.w.org\/{rel}","templated":true}]}}