{"id":3558,"date":"2024-08-05T07:35:25","date_gmt":"2024-08-05T07:35:25","guid":{"rendered":"https:\/\/aiartfree.online\/?page_id=3558"},"modified":"2024-08-16T10:09:07","modified_gmt":"2024-08-16T10:09:07","slug":"flux-ai-image-generator-flux1","status":"publish","type":"page","link":"https:\/\/aiartfree.online\/da\/flux-ai-billedgenerator-flux1\/","title":{"rendered":"Flux AI Billedgenerator | Drevet af Flux.1"},"content":{"rendered":"<h2 class=\"wp-block-heading has-text-align-center\">Galleri af Flux.1<\/h2>\n\n\n\n<figure class=\"gb-block-image gb-block-image-1822da1f\"><img data-recalc-dims=\"1\" decoding=\"async\" loading=\"lazy\" width=\"1024\" height=\"725\" class=\"gb-image gb-image-1822da1f\" src=\"https:\/\/i0.wp.com\/aiartfree.online\/wp-content\/uploads\/2024\/08\/WX20240803-154751%402x-1024x725.webp?resize=1024%2C725&#038;ssl=1\" alt=\"Flux AI-billedgenerator fra Black Forest Labs med modellerne Flux.1, Flux.1 Pro, Flux.1 Dev og Flux.1 Schnell. Ubegr\u00e6nset, h\u00f8j kvalitet, gratis, ingen tilmelding.\" title=\"WX20240803-154751@2x\" srcset=\"https:\/\/i0.wp.com\/aiartfree.online\/wp-content\/uploads\/2024\/08\/WX20240803-154751%402x.jpg?resize=1024%2C725&amp;ssl=1 1024w, https:\/\/i0.wp.com\/aiartfree.online\/wp-content\/uploads\/2024\/08\/WX20240803-154751%402x.jpg?resize=300%2C212&amp;ssl=1 300w, https:\/\/i0.wp.com\/aiartfree.online\/wp-content\/uploads\/2024\/08\/WX20240803-154751%402x.jpg?resize=768%2C544&amp;ssl=1 768w, https:\/\/i0.wp.com\/aiartfree.online\/wp-content\/uploads\/2024\/08\/WX20240803-154751%402x.jpg?resize=1536%2C1087&amp;ssl=1 1536w, https:\/\/i0.wp.com\/aiartfree.online\/wp-content\/uploads\/2024\/08\/WX20240803-154751%402x.jpg?resize=18%2C12&amp;ssl=1 18w, https:\/\/i0.wp.com\/aiartfree.online\/wp-content\/uploads\/2024\/08\/WX20240803-154751%402x.jpg?resize=600%2C425&amp;ssl=1 600w, https:\/\/i0.wp.com\/aiartfree.online\/wp-content\/uploads\/2024\/08\/WX20240803-154751%402x.jpg?w=2046&amp;ssl=1 2046w\" sizes=\"auto, (max-width: 1024px) 100vw, 1024px\" \/><\/figure>\n\n\n\n<h2 class=\"wp-block-heading\">S\u00e5dan bruger du Flux AI-billedgeneratoren<\/h2>\n\n\n\n<ol class=\"wp-block-list\">\n<li class=\"\">Indtast din prompt<\/li>\n\n\n\n<li class=\"\">Klik p\u00e5 \"Send\"<\/li>\n\n\n\n<li class=\"\">Vent, det er det!<\/li>\n<\/ol>\n\n\n\n<p class=\"\">* Rul ned for at se vores eksempler p\u00e5 opgaver nedenfor, hvis du ikke har nogen tanker i hovedet.<\/p>\n\n\n\n<p class=\"\"><em>* Hvis du bruger denne model intensivt over en kort periode, kan det medf\u00f8re mangel p\u00e5 GPU-ressourcer. Vent et par minutter, f\u00f8r du genoptager brugen.<\/em><br>* Den kan returnere en fejl, hvis der er tale om en forbrugsspids.&nbsp;<em>Vent et par minutter, f\u00f8r du genoptager brugen.<\/em><\/p>\n\n\n\n<p class=\"\"><em>* Afh\u00e6ngigt af din internethastighed kan indl\u00e6sning af modellen tage&nbsp;<\/em>op til 10 sekunder \u2193<\/p>\n\n\n\n<div class=\"iframe-wrapper\" style=\"position: relative; width: 100%; height: 700px;\">\n  <div class=\"loading\" style=\"position: absolute; top: 50px; left: 50%; transform: translate(-50%, -50%); width: 40px; height: 40px; border: 3px solid #f0f0f0; border-top: 3px solid #db7093; border-radius: 50%; animation: spin 1s linear infinite;\"><\/div>\n  <iframe loading=\"lazy\" src=\"https:\/\/rooc-flux-1-dev.hf.space\" frameborder=\"0\" width=\"100%\" height=\"100%\" style=\"position: absolute; top: 0; left: 0; opacity: 0; transition: opacity 0.3s;\" onload=\"this.style.opacity=1;this.previousElementSibling.style.display='none';\"><\/iframe>\n<\/div>\n\n<style>\n@keyframes spin {\n  0% { transform: translate(-50%, -50%) rotate(0deg); }\n  100% { transform: translate(-50%, -50%) rotate(360deg); }\n}\n<\/style>\n\n\n\n<h2 class=\"wp-block-heading\" id=\"maodian\">Prompt-eksempler p\u00e5 Flux.1<\/h2>\n\n\n\n<p class=\"\">Kopier og s\u00e6t ind, mens du g\u00e5r!<\/p>\n\n\n\n<ol style=\"font-size:15px\" class=\"wp-block-list\">\n<li class=\"\">en portal ind i en mytisk skov p\u00e5 v\u00e6ggen i mit lille rodede sovev\u00e6relse<\/li>\n\n\n\n<li class=\"\">Detaljeret filmisk dof-rendering af en gammel, st\u00f8vet og detaljeret CRT-sk\u00e6rm p\u00e5 et tr\u00e6bord i et dunkelt rum med genstande rundt omkring, et rodet og beskidt rum. P\u00e5 sk\u00e6rmen st\u00e5r bogstaverne \"FLUX\" og lyser svagt. Rendering af h\u00e5rd overflade med h\u00f8j detaljegrad<\/li>\n\n\n\n<li class=\"\">Undervandsscene med to ugler, der sidder ved et fint spisebord med et t\u00e6ndt stearinlys i midten, de to ugler spiser en dejlig middag sammen. Den venstre ugle er if\u00f8rt en smoking, den h\u00f8jre ugle er if\u00f8rt en fin kjole. I baggrunden passerer en ub\u00e5d med ordene \"What a Hoot\" malet p\u00e5 siden. Der sv\u00f8mmer sm\u00e5 vandm\u00e6nd rundt i bunden af billedet under bordet, et filmisk smukt digitalt kunstv\u00e6rk.<\/li>\n\n\n\n<li class=\"\">En maskine, der genererer endel\u00f8se polaroidbilleder og bl\u00e6ser dem op i luften. Realistisk National Geographic-foto<\/li>\n\n\n\n<li class=\"\">Typografi, futuristisk fin lasersporing, futuristisk japansk landlig naturturisme og keramik, steven meisel, kaws, rolf armstrong, mondrian, kandinsky, perfekt geometri abstrakt akryl, oktan hyperrealisme fotorealistisk airbrush collagemaleri, m\u00f8rk monokrom, fluorescerende farver, minimalistisk tredjedelsregel, firsernes eros<\/li>\n\n\n\n<li class=\"\">et gammelt klaver i min stue<\/li>\n\n\n\n<li class=\"\">Fotografi af en lade p\u00e5 en mark<\/li>\n\n\n\n<li class=\"\">smukt anime-kunstv\u00e6rk, en s\u00f8d anime-kattepige, der ser deprimeret ud og holder et stykke papir med et smil tegnet p\u00e5 det over hendes mund, hun er ved at gr\u00e6de<\/li>\n\n\n\n<li class=\"\">smukt anime-kunstv\u00e6rk, en s\u00f8d anime-piges silhuet, dobbelteksponering, iriserende t\u00e5gegalakse, sort baggrund, \u00e6terisk gl\u00f8d, blomstring, hdr<\/li>\n\n\n\n<li class=\"\">abstrakt krom 80'er scifi-automat af hajime sorayama airbrush strage objekt, enkelt verital linje, generativ kunst, p5js, dithering<\/li>\n\n\n\n<li class=\"\">Foto af en smuk caf\u00e9 i Freiburg<\/li>\n\n\n\n<li class=\"\">en gal videnskabsmand, der bygger en k\u00e6mpestor, utrolig k\u00f8, der n\u00e5r fra kontorbordet og helt ud i rummet, hvor den r\u00f8rer ved m\u00e5nen<\/li>\n\n\n\n<li class=\"\">Filmfoto af en gruppe p\u00e5 tre kvinder p\u00e5 en gade i centrum, de holder h\u00e6nderne op mod kameraet<\/li>\n\n\n\n<li class=\"\">En skjult cenote i hjertet af en frodig jungle lokker med krystalklart, turkisfarvet vand. Levende smaragdgr\u00f8nne lianer falder ned ad forvitrede kalkstensv\u00e6gge, og deres ranker kysser knap nok vandoverfladen. Gyldne solstr\u00e5ler tr\u00e6nger ind gennem et naturligt ovenlys og skaber et mystisk spil af lys og skygge p\u00e5 hulev\u00e6ggene. Skimrende sommerfugle flakser mellem eksotiske orkideer, der kl\u00e6ber til klippefremspring. En delvist neds\u00e6nket maya-ruin, hvis indviklede udsk\u00e6ringer er blevet bl\u00f8dt op af tiden, st\u00e5r som en tavs vagtpost i vandkanten. Stimer af bittesm\u00e5 s\u00f8lvfisk piler gennem det krystalklare dyb, og deres sk\u00e6l glimter som undervandsstjerner. I den fjerneste ende af cenoten falder et lille vandfald melodi\u00f8st ned i poolen, og dets t\u00e5ge skaber flygtige regnbuer i det d\u00e6mpede lys.<\/li>\n\n\n\n<li class=\"\">en lille astronaut udkl\u00e6kkes fra et \u00e6g p\u00e5 m\u00e5nen<\/li>\n\n\n\n<li class=\"\">gammel mand med briller portr\u00e6t, foto, 50mm, f1.4, naturligt lys, Path\u00e9chrome<\/li>\n\n\n\n<li class=\"\">smukt anime-kunstv\u00e6rk, en s\u00f8d anime-pige st\u00e5r alene i nattem\u00f8rket if\u00f8rt en overdimensioneret sort regnfrakke med en lille taske. hun holder en sort paraply, paraplyen har flerfarvet LED skjult indeni, der skinner ned p\u00e5 hende, sm\u00e5 rosenblade flagrer gennem luften omkring hende, anime screencap-stil, r\u00f8de \u00f8jne, mellemlangt h\u00e5r<\/li>\n\n\n\n<li class=\"\">filmisk episk kunstv\u00e6rk af et uendeligt galaktisk indk\u00f8bscenter<\/li>\n\n\n\n<li class=\"\">abstrakt krom 80'er scifi-automat, airbrush<\/li>\n\n\n\n<li class=\"\">tykt plettet oliemaleri med penselstr\u00f8g af en stor hval, der sv\u00e6ver blidt p\u00e5 nattehimlen h\u00f8jt over en by<\/li>\n<\/ol>\n\n\n\n<div style=\"height:100px\" aria-hidden=\"true\" class=\"wp-block-spacer\"><\/div>\n\n\n\n<h2 class=\"wp-block-heading\">Flux AI-billedgenerator: Den ultimative guide<\/h2>\n\n\n\n<p class=\"\">Flux AI Image Generator er en innovativ open source-tekst-til-billede-generationsmodel, der er designet til at skabe billeder af h\u00f8j kvalitet ud fra tekstbeskrivelser. Dette avancerede AI-v\u00e6rkt\u00f8j er kendt for sin fleksibilitet og de mange forskellige output-stilarter, det underst\u00f8tter.<\/p>\n\n\n\n<h3 class=\"wp-block-heading\">Introduktion<\/h3>\n\n\n\n<h4 class=\"wp-block-heading\">Hvad er Flux AI Image Generator?<\/h4>\n\n\n\n<p class=\"\">Flux AI Image Generator er en open source-model, der er designet til at omdanne tekst til billeder. Dette v\u00e6rkt\u00f8j er meget alsidigt og er i stand til at producere billeder af h\u00f8j kvalitet i en r\u00e6kke forskellige stilarter. Som et open source-projekt giver det brugerne mulighed for at \u00e6ndre og tilpasse koden, s\u00e5 den passer til deres behov, hvilket g\u00f8r det til en st\u00e6rk ressource for b\u00e5de udviklere og kunstnere.<\/p>\n\n\n\n<h4 class=\"wp-block-heading\">Baggrund og udviklere<\/h4>\n\n\n\n<p class=\"\">Flux AI Image Generator er udviklet af Black Forest Labs, en f\u00f8rende enhed inden for AI-omr\u00e5det, der er kendt for sine bidrag til kunstig intelligens og maskinl\u00e6ring. Udviklingen af Flux AI Image Generator er t\u00e6t forbundet med andre fremtr\u00e6dende projekter som Stable Diffusion, hvilket yderligere styrker dens trov\u00e6rdighed og evner.<\/p>\n\n\n\n<h3 class=\"wp-block-heading\">Funktioner og specifikationer<\/h3>\n\n\n\n<h4 class=\"wp-block-heading\">Tekniske specifikationer<\/h4>\n\n\n\n<p class=\"\">Flux-modellen har imponerende 1,2 milliarder parametre, hvilket g\u00f8r den til et robust v\u00e6rkt\u00f8j til billedgenerering. Den f\u00e5s i tre versioner: Flux Dev, Flux Schnell og Flux Pro, som hver is\u00e6r im\u00f8dekommer forskellige brugerbehov og krav til ydeevne.<\/p>\n\n\n\n<h4 class=\"wp-block-heading\">Kernefunktioner<\/h4>\n\n\n\n<ul class=\"wp-block-list\">\n<li class=\"\"><strong>Billedgenerering i h\u00f8j kvalitet<\/strong>: Flux AI Image Generator udm\u00e6rker sig ved at producere detaljerede og \u00e6stetisk tiltalende billeder.<\/li>\n\n\n\n<li class=\"\"><strong>Alsidighed i output-stilarter<\/strong>: Brugerne kan v\u00e6lge mellem en bred vifte af stilarter, hvilket sikrer fleksibilitet i kreative projekter.<\/li>\n\n\n\n<li class=\"\"><strong>Sammenligning med konkurrenter<\/strong>: Sammenlignet med andre billedgeneratorer som Midjourney og DALL-E 3 tilbyder Flux overlegen fleksibilitet og kvalitet.<\/li>\n<\/ul>\n\n\n\n<h4 class=\"wp-block-heading\">Ydeevne og optimering<\/h4>\n\n\n\n<ul class=\"wp-block-list\">\n<li class=\"\"><strong>Hurtig billedgenerering<\/strong>: Flux er optimeret til hastighed og er i stand til hurtigt at generere billeder uden at g\u00e5 p\u00e5 kompromis med kvaliteten.<\/li>\n\n\n\n<li class=\"\"><strong>Hardware-kompatibilitet<\/strong>: Den tilpasser sig godt til forskellige hardwaremilj\u00f8er og sikrer problemfri drift p\u00e5 tv\u00e6rs af forskellige platforme.<\/li>\n\n\n\n<li class=\"\"><strong>Platformsintegration<\/strong>: Flux kan integreres med mange platforme, hvilket g\u00f8r det til et alsidigt v\u00e6rkt\u00f8j for udviklere.<\/li>\n<\/ul>\n\n\n\n<h3 class=\"wp-block-heading\">S\u00e5dan bruger du Flux AI-billedgenerator<\/h3>\n\n\n\n<h4 class=\"wp-block-heading\">Kom godt i gang<\/h4>\n\n\n\n<ul class=\"wp-block-list\">\n<li class=\"\"><strong>Installation og konfiguration<\/strong>: Ops\u00e6tning af Flux AI Image Generator involverer enkle installationstrin og konfigurationsprocesser.<\/li>\n\n\n\n<li class=\"\"><strong>Vejledning i grundl\u00e6ggende brug<\/strong>: Brugerne kan f\u00f8lge enkle vejledninger for hurtigt at komme i gang med at generere billeder.<\/li>\n<\/ul>\n\n\n\n<h4 class=\"wp-block-heading\">Avancerede funktioner<\/h4>\n\n\n\n<ul class=\"wp-block-list\">\n<li class=\"\"><strong>Avancerede teknikker<\/strong>: For mere erfarne brugere tilbyder Flux avancerede funktioner og bedste praksis for at maksimere sit potentiale.<\/li>\n\n\n\n<li class=\"\"><strong>Integration med andre v\u00e6rkt\u00f8jer<\/strong>: Flux kan kombineres med andre v\u00e6rkt\u00f8jer og platforme, f.eks. ComfyUI, for at forbedre dets muligheder.<\/li>\n<\/ul>\n\n\n\n<h3 class=\"wp-block-heading\">Praktiske anvendelser<\/h3>\n\n\n\n<h4 class=\"wp-block-heading\">Brugsscenarier<\/h4>\n\n\n\n<ul class=\"wp-block-list\">\n<li class=\"\"><strong>Design og reklame<\/strong>: Flux bruges i vid udstr\u00e6kning inden for design og reklame og hj\u00e6lper fagfolk med at skabe fantastiske billeder.<\/li>\n\n\n\n<li class=\"\"><strong>Kunstnerisk skabelse<\/strong>: Kunstnere udnytter Flux til at bringe deres fantasifulde koncepter til live.<\/li>\n\n\n\n<li class=\"\"><strong>Succeshistorier<\/strong>: Mange brugere har delt deres succeshistorier, der viser de forskellige anvendelsesmuligheder for Flux AI Image Generator.<\/li>\n<\/ul>\n\n\n\n<h4 class=\"wp-block-heading\">F\u00e6llesskab og st\u00f8tte<\/h4>\n\n\n\n<ul class=\"wp-block-list\">\n<li class=\"\"><strong>Brugerf\u00e6llesskab<\/strong>: Et levende f\u00e6llesskab af brugere bidrager til den l\u00f8bende udvikling og underst\u00f8ttelse af Flux.<\/li>\n\n\n\n<li class=\"\"><strong>Ressourcer til teknisk support<\/strong>: Omfattende ressourcer er tilg\u00e6ngelige for at hj\u00e6lpe brugerne med at fejlfinde og optimere deres brug af v\u00e6rkt\u00f8jet.<\/li>\n<\/ul>\n\n\n\n<h3 class=\"wp-block-heading\">Fremtidig udvikling<\/h3>\n\n\n\n<h4 class=\"wp-block-heading\">Opdateringer og planer<\/h4>\n\n\n\n<ul class=\"wp-block-list\">\n<li class=\"\"><strong>Nye funktioner<\/strong>: Kommende versioner af Flux vil introducere nye funktioner og forbedringer.<\/li>\n\n\n\n<li class=\"\"><strong>Vision p\u00e5 lang sigt<\/strong>: Udviklerne har en klar k\u00f8replan for den langsigtede udvikling af v\u00e6rkt\u00f8jet.<\/li>\n<\/ul>\n\n\n\n<h4 class=\"wp-block-heading\">Udvidelse af \u00f8kosystemet<\/h4>\n\n\n\n<ul class=\"wp-block-list\">\n<li class=\"\"><strong>Integration med andre AI-v\u00e6rkt\u00f8jer<\/strong>: Der er planer om at integrere Flux med andre AI-v\u00e6rkt\u00f8jer og -platforme.<\/li>\n\n\n\n<li class=\"\"><strong>Potentielle samarbejder<\/strong>: Mulighederne for kommercielle anvendelser og samarbejde unders\u00f8ges.<\/li>\n<\/ul>\n\n\n\n<h3 class=\"wp-block-heading\">10 vigtige v\u00e6rkt\u00f8jer og ressourcer til Flux AI Image Generator<\/h3>\n\n\n\n<figure class=\"wp-block-table\"><table class=\"has-fixed-layout\"><thead><tr><th>V\u00e6rkt\u00f8j\/ressource<\/th><th>Beskrivelse<\/th><th>Fordele<\/th><th>Ulemper<\/th><\/tr><\/thead><tbody><tr><td><a href=\"https:\/\/flux-ai.online\/\" target=\"_blank\" data-type=\"link\" data-id=\"https:\/\/flux-ai.online\/\" rel=\"noreferrer noopener\">Flux AI Site<\/a><\/td><td>Det bedste sted for Flux AI.<\/td><td>Omfattende ressourcer.<\/td><td>Ingen.<\/td><\/tr><tr><td>Flux GitHub<\/td><td>Repository med kode og opdateringer.<\/td><td>Adgang til kildekode.<\/td><td>Kr\u00e6ver teknisk viden.<\/td><\/tr><tr><td><a href=\"https:\/\/aiartfree.online\/da\/flux-ai-billedgenerator-flux1\/\" target=\"_blank\" data-type=\"link\" data-id=\"https:\/\/aiartfree.online\/flux-ai-image-generator-flux1\" rel=\"noreferrer noopener\">AI-kunst gratis<\/a><\/td><td>Brugervenlig gr\u00e6nseflade til Flux AI.<\/td><td>Brugervenlig, ingen tilmelding n\u00f8dvendig.<\/td><td>Begr\u00e6nsede avancerede funktioner.<\/td><\/tr><tr><td>ComfyUI<\/td><td>Integrationsv\u00e6rkt\u00f8j til Flux.<\/td><td>Forbedrer funktionaliteten.<\/td><td>Kompleks ops\u00e6tning.<\/td><\/tr><tr><td>Stabil diffusion<\/td><td>Relateret projekt til billedgenerering.<\/td><td>Output i h\u00f8j kvalitet.<\/td><td>Kr\u00e6ver kraftig hardware.<\/td><\/tr><tr><td>Flux-vejledninger<\/td><td>Trin-for-trin vejledninger og tutorials.<\/td><td>Nem indl\u00e6ringskurve.<\/td><td>Ikke altid opdateret.<\/td><\/tr><tr><td>Dekrypter<\/td><td>Nyheder og opdateringer om AI-teknologier.<\/td><td>Opdateret information.<\/td><td>Varierer i dybde.<\/td><\/tr><tr><td>AI-nyheder<\/td><td>Seneste nyt om udviklingen inden for AI.<\/td><td>Bred d\u00e6kning.<\/td><td>Generel information.<\/td><\/tr><tr><td>Tech Crunch<\/td><td>Teknologiske nyheder og opdateringer.<\/td><td>Dybdeg\u00e5ende artikler.<\/td><td>Kan v\u00e6re teknisk.<\/td><\/tr><tr><td>AI Weekly<\/td><td>Ugentlige opdateringer om AI-fremskridt.<\/td><td>Regelm\u00e6ssige opdateringer.<\/td><td>Abonnement er n\u00f8dvendigt for fuld adgang.<\/td><\/tr><\/tbody><\/table><\/figure>\n\n\n\n<h3 class=\"wp-block-heading\">10 ofte stillede sp\u00f8rgsm\u00e5l om Flux AI Image Generator<\/h3>\n\n\n\n<ol class=\"wp-block-list\">\n<li class=\"\"><strong>Hvad er Flux AI Image Generator?<\/strong>\n<ul class=\"wp-block-list\">\n<li class=\"\">Flux AI Image Generator er en open source tekst-til-billede-model udviklet af Black Forest Labs.<\/li>\n<\/ul>\n<\/li>\n\n\n\n<li class=\"\"><strong>Hvordan installerer jeg Flux AI Image Generator?<\/strong>\n<ul class=\"wp-block-list\">\n<li class=\"\">Installationsvejledninger er tilg\u00e6ngelige p\u00e5 det officielle GitHub-repository.<\/li>\n<\/ul>\n<\/li>\n\n\n\n<li class=\"\"><strong>Hvad er de forskellige versioner af Flux?<\/strong>\n<ul class=\"wp-block-list\">\n<li class=\"\">Flux Dev, Flux Schnell og Flux Pro.<\/li>\n<\/ul>\n<\/li>\n\n\n\n<li class=\"\"><strong>Kan jeg bruge Flux til kommercielle projekter?<\/strong>\n<ul class=\"wp-block-list\">\n<li class=\"\">Ja, Flux kan bruges til kommercielle form\u00e5l.<\/li>\n<\/ul>\n<\/li>\n\n\n\n<li class=\"\"><strong>Hvilken hardware kr\u00e6ves der til Flux?<\/strong>\n<ul class=\"wp-block-list\">\n<li class=\"\">Flux er kompatibel med forskellige hardwareops\u00e6tninger, men kraftige GPU'er anbefales for optimal ydelse.<\/li>\n<\/ul>\n<\/li>\n\n\n\n<li class=\"\"><strong>Hvordan er Flux sammenlignet med andre billedgeneratorer?<\/strong>\n<ul class=\"wp-block-list\">\n<li class=\"\">Flux tilbyder overlegen fleksibilitet og kvalitet sammenlignet med konkurrenter som Midjourney og DALL-E 3.<\/li>\n<\/ul>\n<\/li>\n\n\n\n<li class=\"\"><strong>Hvor kan jeg finde vejledninger til Flux?<\/strong>\n<ul class=\"wp-block-list\">\n<li class=\"\">Der findes vejledninger p\u00e5 det officielle Flux AI Tutorials-site.<\/li>\n<\/ul>\n<\/li>\n\n\n\n<li class=\"\"><strong>Hvilken form for support er tilg\u00e6ngelig for Flux-brugere?<\/strong>\n<ul class=\"wp-block-list\">\n<li class=\"\">Der er et brugerf\u00e6llesskab og tekniske supportressourcer til r\u00e5dighed.<\/li>\n<\/ul>\n<\/li>\n\n\n\n<li class=\"\"><strong>Hvordan kan jeg bidrage til Flux-projektet?<\/strong>\n<ul class=\"wp-block-list\">\n<li class=\"\">Bidrag kan gives via GitHub-arkivet.<\/li>\n<\/ul>\n<\/li>\n\n\n\n<li class=\"\"><strong>Hvad er fremtidsplanerne for Flux?<\/strong>\n<ul class=\"wp-block-list\">\n<li class=\"\">Udviklerne har skitseret en k\u00f8replan for nye funktioner og udvidelser af \u00f8kosystemet.<\/li>\n<\/ul>\n<\/li>\n<\/ol>\n\n\n\n<h3 class=\"wp-block-heading\">Konklusion<\/h3>\n\n\n\n<h4 class=\"wp-block-heading\">Centrale fordele<\/h4>\n\n\n\n<p class=\"\">Flux AI Image Generator skiller sig ud med sin billedgenerering i h\u00f8j kvalitet, alsidighed i output-stilarter og robuste ydeevne. Det er et f\u00f8rende v\u00e6rkt\u00f8j inden for AI-billedgenerering og tilbyder unikke fordele i forhold til konkurrenterne.<\/p>\n\n\n\n<h4 class=\"wp-block-heading\">Kom godt i gang<\/h4>\n\n\n\n<p class=\"\">For at komme i gang med at bruge Flux skal du f\u00f8lge installationsvejledningen og udforske de tilg\u00e6ngelige tutorials. Flux AI Image Generator er tilg\u00e6ngelig for b\u00e5de begyndere og avancerede brugere, hvilket g\u00f8r det til et alsidigt v\u00e6rkt\u00f8j til forskellige anvendelser.<\/p>\n\n\n\n<p class=\"\">For mere information og ressourcer, bes\u00f8g <a href=\"https:\/\/blackforestlabs.ai\/\" target=\"_blank\" rel=\"noopener\">Flux' officielle hjemmeside<\/a> og den <a href=\"https:\/\/github.com\/black-forest-labs\/flux\" target=\"_blank\" rel=\"noopener\">GitHub-arkiv<\/a>.<\/p>","protected":false},"excerpt":{"rendered":"<p>Gallery of Flux.1 S\u00e5dan bruger du Flux AI Image Generator * Rul ned for at se vores Prompt-eksempler nedenfor, hvis du ikke har nogen tanker i hovedet * Hvis du bruger denne model intensivt over en kort periode, kan det medf\u00f8re mangel p\u00e5 GPU-ressourcer. Vent et par minutter, f\u00f8r du genoptager brugen * Det ... <a title=\"Flux AI Billedgenerator | Drevet af Flux.1\" class=\"read-more\" href=\"https:\/\/aiartfree.online\/da\/flux-ai-billedgenerator-flux1\/\" aria-label=\"Read more about Flux AI Image Generator | Powered by Flux.1\">L\u00e6s mere <\/a><\/p>","protected":false},"author":1,"featured_media":3559,"parent":0,"menu_order":0,"comment_status":"closed","ping_status":"closed","template":"","meta":{"nf_dc_page":"","footnotes":""},"class_list":["post-3558","page","type-page","status-publish","has-post-thumbnail"],"jetpack_sharing_enabled":true,"_links":{"self":[{"href":"https:\/\/aiartfree.online\/da\/wp-json\/wp\/v2\/pages\/3558","targetHints":{"allow":["GET"]}}],"collection":[{"href":"https:\/\/aiartfree.online\/da\/wp-json\/wp\/v2\/pages"}],"about":[{"href":"https:\/\/aiartfree.online\/da\/wp-json\/wp\/v2\/types\/page"}],"author":[{"embeddable":true,"href":"https:\/\/aiartfree.online\/da\/wp-json\/wp\/v2\/users\/1"}],"replies":[{"embeddable":true,"href":"https:\/\/aiartfree.online\/da\/wp-json\/wp\/v2\/comments?post=3558"}],"version-history":[{"count":0,"href":"https:\/\/aiartfree.online\/da\/wp-json\/wp\/v2\/pages\/3558\/revisions"}],"wp:featuredmedia":[{"embeddable":true,"href":"https:\/\/aiartfree.online\/da\/wp-json\/wp\/v2\/media\/3559"}],"wp:attachment":[{"href":"https:\/\/aiartfree.online\/da\/wp-json\/wp\/v2\/media?parent=3558"}],"curies":[{"name":"wp","href":"https:\/\/api.w.org\/{rel}","templated":true}]}}