{"id":3445,"date":"2024-08-01T18:39:36","date_gmt":"2024-08-01T18:39:36","guid":{"rendered":"https:\/\/aiartfree.online\/?page_id=3445"},"modified":"2025-03-07T08:17:45","modified_gmt":"2025-03-07T08:17:45","slug":"unblur-image","status":"publish","type":"page","link":"https:\/\/aiartfree.online\/da\/fjern-sloring-af-billedet\/","title":{"rendered":"Fjern sl\u00f8ret billede"},"content":{"rendered":"<h2 class=\"wp-block-heading has-text-align-center\" id=\"before-vs-after\">F\u00f8r vs. efter<\/h2>\n\n\n\n<figure class=\"gb-block-image gb-block-image-1822da1f\"><img data-recalc-dims=\"1\" decoding=\"async\" loading=\"lazy\" width=\"1200\" height=\"704\" class=\"gb-image gb-image-1822da1f\" src=\"https:\/\/i0.wp.com\/aiartfree.online\/wp-content\/uploads\/2024\/08\/WX20240801-215741%402x-scaled.webp?resize=1200%2C704&#038;ssl=1\" alt=\"Fjern sl\u00f8ring af billeder online med vores AI-v\u00e6rkt\u00f8j. 100% gratis, ingen tilmelding n\u00f8dvendig og ubegr\u00e6nset brug. Forbedr billedkvaliteten, fjern sl\u00f8ring, og ret sl\u00f8rede fotos for k\u00e6rligheden.\" title=\"WX20240801-215741@2x\" srcset=\"https:\/\/i0.wp.com\/aiartfree.online\/wp-content\/uploads\/2024\/08\/WX20240801-215741%402x-scaled.webp?w=2560&amp;ssl=1 2560w, https:\/\/i0.wp.com\/aiartfree.online\/wp-content\/uploads\/2024\/08\/WX20240801-215741%402x-scaled.webp?resize=300%2C176&amp;ssl=1 300w, https:\/\/i0.wp.com\/aiartfree.online\/wp-content\/uploads\/2024\/08\/WX20240801-215741%402x-scaled.webp?resize=1024%2C601&amp;ssl=1 1024w, https:\/\/i0.wp.com\/aiartfree.online\/wp-content\/uploads\/2024\/08\/WX20240801-215741%402x-scaled.webp?resize=768%2C451&amp;ssl=1 768w, https:\/\/i0.wp.com\/aiartfree.online\/wp-content\/uploads\/2024\/08\/WX20240801-215741%402x-scaled.webp?resize=1536%2C901&amp;ssl=1 1536w, https:\/\/i0.wp.com\/aiartfree.online\/wp-content\/uploads\/2024\/08\/WX20240801-215741%402x-scaled.webp?resize=2048%2C1202&amp;ssl=1 2048w, https:\/\/i0.wp.com\/aiartfree.online\/wp-content\/uploads\/2024\/08\/WX20240801-215741%402x-scaled.webp?resize=18%2C12&amp;ssl=1 18w, https:\/\/i0.wp.com\/aiartfree.online\/wp-content\/uploads\/2024\/08\/WX20240801-215741%402x-scaled.webp?resize=600%2C352&amp;ssl=1 600w, https:\/\/i0.wp.com\/aiartfree.online\/wp-content\/uploads\/2024\/08\/WX20240801-215741%402x-scaled.webp?w=2400&amp;ssl=1 2400w\" sizes=\"auto, (max-width: 1200px) 100vw, 1200px\" \/><\/figure>\n\n\n\n<h2 class=\"wp-block-heading\" id=\"how-to-use-the-unblur-image\">S\u00e5dan bruger du Unblur Image<\/h2>\n\n\n\n<ol class=\"wp-block-list\">\n<li class=\"\">Upload dit billede<\/li>\n\n\n\n<li class=\"\">Klik p\u00e5 \"Send\"<\/li>\n\n\n\n<li class=\"\">Vent, det er det!<\/li>\n<\/ol>\n\n\n\n<a class=\"gb-button gb-button-113f8659 gb-button-text\" href=\"https:\/\/www.basedlabs.ai\/apps\/ai-image-upscaler?via=rocnubi\" target=\"_blank\" rel=\"noopener noreferrer\">Try Latest Upscaler AI Now <\/a>\n\n\n\n<p class=\"\"><em>* Afh\u00e6ngigt af din internethastighed kan indl\u00e6sning af modellen tage <\/em>op til 10 sekunder \u2193<\/p>\n\n\n\n<div class=\"iframe-wrapper\" style=\"position: relative; width: 100%; height: 1700px;\">\n  <div class=\"loading\" style=\"position: absolute; top: 50px; left: 50%; transform: translate(-50%, -50%); width: 40px; height: 40px; border: 3px solid #f0f0f0; border-top: 3px solid #db7093; border-radius: 50%; animation: spin 1s linear infinite;\"><\/div>\n  <iframe loading=\"lazy\" src=\"https:\/\/algoworks-image-face-upscale-restoration-gfpgan-pub.hf.space\" frameborder=\"0\" width=\"100%\" height=\"100%\" style=\"position: absolute; top: 0; left: 0; opacity: 0; transition: opacity 0.3s;\" onload=\"this.style.opacity=1;this.previousElementSibling.style.display='none';\"><\/iframe>\n<\/div>\n\n<style>\n@keyframes spin {\n  0% { transform: translate(-50%, -50%) rotate(0deg); }\n  100% { transform: translate(-50%, -50%) rotate(360deg); }\n}\n<\/style>\n\n\n\n<div style=\"height:60px\" aria-hidden=\"true\" class=\"wp-block-spacer\"><\/div>\n\n\n\n<h2 class=\"wp-block-heading\" id=\"unblur-image-the-ultimate-guide-to-ai-powered-photo-blur-removal\">Fjern sl\u00f8ret billede: Den ultimative guide til AI-drevet fjernelse af fotosl\u00f8ring<\/h2>\n\n\n\n<div class=\"wp-block-rank-math-toc-block\" id=\"rank-math-toc\"><h3>Indholdsfortegnelse<\/h3><nav><ul><li><a href=\"#outline\">Oversigt<\/a><\/li><li><a href=\"#what-is-unblur-image\">Hvad er Unblur Image?<\/a><\/li><li><a href=\"#why-use-unblur-image\">Hvorfor bruge Unblur Image?<\/a><\/li><li><a href=\"#main-features-of-unblur-image\">Hovedfunktioner i Unblur Image<\/a><ul><li><a href=\"#ai-powered-unblur-tool\">AI-drevet v\u00e6rkt\u00f8j til at fjerne sl\u00f8ring<\/a><\/li><li><a href=\"#photo-sharpener\">Foto-slibemaskine<\/a><\/li><li><a href=\"#remove-motion-blur\">Fjern sl\u00f8ring af bev\u00e6gelse<\/a><\/li><li><a href=\"#unblur-text\">Fjern sl\u00f8ring af tekst<\/a><\/li><li><a href=\"#online-accessibility\">Online tilg\u00e6ngelighed<\/a><\/li><\/ul><\/li><li><a href=\"#target-audience-and-uses\">M\u00e5lgruppe og anvendelser<\/a><\/li><li><a href=\"#industry-applications-and-uses\">Anvendelser og brug i industrien<\/a><\/li><li><a href=\"#how-to-use-unblur-image\">S\u00e5dan bruger du Unblur Image<\/a><\/li><li><a href=\"#unblur-image-usage-cases\">Brug af uskarpe billeder<\/a><ul><li><a href=\"#enhance-portraits\">G\u00f8r portr\u00e6tterne bedre<\/a><\/li><li><a href=\"#restore-old-photos\">Gendan gamle fotos<\/a><\/li><li><a href=\"#improve-product-photos\">Forbedre produktbilleder<\/a><\/li><li><a href=\"#fix-blurry-text\">Fiks sl\u00f8ret tekst<\/a><\/li><li><a href=\"#correct-camera-shake\">Korrig\u00e9r kamerarystelser<\/a><\/li><\/ul><\/li><li><a href=\"#comparison-table-of-unblur-image-tools\">Sammenligningstabel over v\u00e6rkt\u00f8jer til sl\u00f8ring af billeder<\/a><\/li><li><a href=\"#advantages-disadvantages-and-challenges-of-the-industry\">Fordele, ulemper og udfordringer i branchen<\/a><ul><li><a href=\"#advantages\">Fordele<\/a><\/li><li><a href=\"#disadvantages\">Ulemper<\/a><\/li><li><a href=\"#challenges\">Udfordringer<\/a><\/li><\/ul><\/li><li><a href=\"#frequently-asked-questions\">Ofte stillede sp\u00f8rgsm\u00e5l<\/a><\/li><li><a href=\"#summary\">Sammenfatning<\/a><\/li><\/ul><\/nav><\/div>\n\n\n\n<h3 class=\"wp-block-heading\" id=\"outline\">Oversigt<\/h3>\n\n\n\n<p class=\"\">I denne omfattende guide vil vi udforske en verden af uskarpe billeder, deres fordele, funktioner, m\u00e5lgruppe og praktiske anvendelser. Vi giver ogs\u00e5 trinvise instruktioner, brugsscenarier og en sammenligningstabel over de bedste tilg\u00e6ngelige v\u00e6rkt\u00f8jer. Til sidst besvarer vi ofte stillede sp\u00f8rgsm\u00e5l og giver et resum\u00e9 med de vigtigste fordele og en opfordring til handling.<\/p>\n\n\n\n<h3 class=\"wp-block-heading\" id=\"what-is-unblur-image\">Hvad er Unblur Image?<\/h3>\n\n\n\n<p class=\"\">Unblur Image refererer til processen med at bruge AI-drevne v\u00e6rkt\u00f8jer til at fjerne sl\u00f8ring og forbedre skarpheden i billeder. Uanset om det skyldes kamerarystelser, bev\u00e6gelsessl\u00f8ring eller d\u00e5rlig fokus, kan disse v\u00e6rkt\u00f8jer genoprette billedkvaliteten og g\u00f8re sl\u00f8rede fotos klare igen.<\/p>\n\n\n\n<h3 class=\"wp-block-heading\" id=\"why-use-unblur-image\">Hvorfor bruge Unblur Image?<\/h3>\n\n\n\n<p class=\"\">Der er flere fordele ved at bruge et v\u00e6rkt\u00f8j til at fjerne sl\u00f8ring af billeder:<\/p>\n\n\n\n<ul class=\"wp-block-list\">\n<li class=\"\"><strong>Forbedre billedkvaliteten:<\/strong> G\u00f8r dine fotos klarere og mere detaljerede.<\/li>\n\n\n\n<li class=\"\"><strong>Gendan gamle fotos:<\/strong> Giv nyt liv til gamle, sl\u00f8rede billeder.<\/li>\n\n\n\n<li class=\"\"><strong>Professionelle resultater:<\/strong> Opn\u00e5 resultater i h\u00f8j kvalitet uden at have brug for avancerede fotoredigeringsf\u00e6rdigheder.<\/li>\n\n\n\n<li class=\"\"><strong>Bekvemmelighed:<\/strong> Fjern nemt sl\u00f8ring af billeder online uden at downloade software.<\/li>\n\n\n\n<li class=\"\"><strong>Effektivitet:<\/strong> Ret hurtigt sl\u00f8rede fotos med nogle f\u00e5 klik.<\/li>\n<\/ul>\n\n\n\n<p class=\"\">Folk s\u00f8ger ofte efter l\u00f8sninger til at g\u00f8re et sl\u00f8ret billede klart, rette sl\u00f8rede fotos og fjerne sl\u00f8ring fra billeder. Disse v\u00e6rkt\u00f8jer giver svar p\u00e5 disse almindelige problemer.<\/p>\n\n\n\n<h3 class=\"wp-block-heading\" id=\"main-features-of-unblur-image\">Hovedfunktioner i Unblur Image<\/h3>\n\n\n\n<h4 class=\"wp-block-heading\" id=\"ai-powered-unblur-tool\">AI-drevet v\u00e6rkt\u00f8j til at fjerne sl\u00f8ring<\/h4>\n\n\n\n<p class=\"\">Udnyt kraften i AI til pr\u00e6cist at fjerne sl\u00f8ring og forbedre billeddetaljer.<\/p>\n\n\n\n<h4 class=\"wp-block-heading\" id=\"photo-sharpener\">Foto-slibemaskine<\/h4>\n\n\n\n<p class=\"\">G\u00f8r billederne skarpere for at genskabe fine detaljer, der er g\u00e5et tabt p\u00e5 grund af sl\u00f8ring.<\/p>\n\n\n\n<h4 class=\"wp-block-heading\" id=\"remove-motion-blur\">Fjern sl\u00f8ring af bev\u00e6gelse<\/h4>\n\n\n\n<p class=\"\">M\u00e5lret og reducer bev\u00e6gelsessl\u00f8ring for\u00e5rsaget af kamerarystelser eller -bev\u00e6gelser.<\/p>\n\n\n\n<h4 class=\"wp-block-heading\" id=\"unblur-text\">Fjern sl\u00f8ring af tekst<\/h4>\n\n\n\n<p class=\"\">Forbedre l\u00e6sbarheden af sl\u00f8ret tekst i billeder.<\/p>\n\n\n\n<h4 class=\"wp-block-heading\" id=\"online-accessibility\">Online tilg\u00e6ngelighed<\/h4>\n\n\n\n<p class=\"\">Fjern sl\u00f8ring af billeder direkte fra din browser, uden at du beh\u00f8ver at tilmelde dig. 100% tilbyder gratis og ubegr\u00e6nset adgang.<\/p>\n\n\n\n<h3 class=\"wp-block-heading\" id=\"target-audience-and-uses\">M\u00e5lgruppe og anvendelser<\/h3>\n\n\n\n<p class=\"\">M\u00e5lgruppen for unblur billedv\u00e6rkt\u00f8jer omfatter:<\/p>\n\n\n\n<ul class=\"wp-block-list\">\n<li class=\"\"><strong>Fotografer:<\/strong> Forbedre kvaliteten af fotos, der er taget under mindre end ideelle forhold.<\/li>\n\n\n\n<li class=\"\"><strong>Grafiske designere:<\/strong> Forbedre billeder til brug i forskellige designprojekter.<\/li>\n\n\n\n<li class=\"\"><strong>Brugere af sociale medier:<\/strong> S\u00f8rg for, at fotos, der deles online, er tydelige og af h\u00f8j kvalitet.<\/li>\n\n\n\n<li class=\"\"><strong>Familier:<\/strong> Gendan gamle familiefotos, som er blevet sl\u00f8rede med tiden.<\/li>\n\n\n\n<li class=\"\"><strong>Studerende og professionelle:<\/strong> Fjern sl\u00f8ring af tekst i billeder for bedre l\u00e6sbarhed i pr\u00e6sentationer og dokumenter.<\/li>\n<\/ul>\n\n\n\n<h3 class=\"wp-block-heading\" id=\"industry-applications-and-uses\">Anvendelser og brug i industrien<\/h3>\n\n\n\n<p class=\"\">V\u00e6rkt\u00f8jer til at fjerne sl\u00f8ring af billeder bruges i vid udstr\u00e6kning i flere brancher, herunder:<\/p>\n\n\n\n<ul class=\"wp-block-list\">\n<li class=\"\"><strong>Fotografering:<\/strong> G\u00f8r professionelle fotos mere klare.<\/li>\n\n\n\n<li class=\"\"><strong>E-handel:<\/strong> Forbedre produktbilleder for at tiltr\u00e6kke kunder.<\/li>\n\n\n\n<li class=\"\"><strong>Medier og reklame:<\/strong> S\u00f8rg for billeder af h\u00f8j kvalitet i markedsf\u00f8ringsmateriale.<\/li>\n\n\n\n<li class=\"\"><strong>Sundhedspleje:<\/strong> Forbedre l\u00e6sbarheden af scannede dokumenter og medicinske billeder.<\/li>\n\n\n\n<li class=\"\"><strong>Uddannelse:<\/strong> Forbedre kvaliteten af undervisningsmaterialer og pr\u00e6sentationer.<\/li>\n<\/ul>\n\n\n\n<h3 class=\"wp-block-heading\" id=\"how-to-use-unblur-image\">S\u00e5dan bruger du Unblur Image<\/h3>\n\n\n\n<p class=\"\">F\u00f8lg disse trin for at fjerne sl\u00f8r fra et billede ved hj\u00e6lp af det anbefalede v\u00e6rkt\u00f8j:<\/p>\n\n\n\n<ol class=\"wp-block-list\">\n<li class=\"\"><strong>\u00c5bn v\u00e6rkt\u00f8jet:<\/strong> G\u00e5 til <a href=\"https:\/\/aiartfree.online\/da\/fjern-sloring-af-billedet\/\">V\u00e6rkt\u00f8j til at fjerne sl\u00f8ring af billeder<\/a>.<\/li>\n\n\n\n<li class=\"\"><strong>Upload dit billede:<\/strong> Klik p\u00e5 upload-knappen, og v\u00e6lg det sl\u00f8rede billede, du vil rette.<\/li>\n\n\n\n<li class=\"\"><strong>Juster indstillingerne:<\/strong> Brug de tilg\u00e6ngelige indstillinger til at finjustere uskarphedsprocessen.<\/li>\n\n\n\n<li class=\"\"><strong>Anvend \u00e6ndringer:<\/strong> Klik p\u00e5 knappen Unblur for at behandle billedet.<\/li>\n\n\n\n<li class=\"\"><strong>Download resultatet:<\/strong> N\u00e5r processen er f\u00e6rdig, skal du downloade det forbedrede billede.<\/li>\n<\/ol>\n\n\n\n<h3 class=\"wp-block-heading\" id=\"unblur-image-usage-cases\">Brug af uskarpe billeder<\/h3>\n\n\n\n<h4 class=\"wp-block-heading\" id=\"enhance-portraits\">G\u00f8r portr\u00e6tterne bedre<\/h4>\n\n\n\n<p class=\"\">Fjern sl\u00f8ring af portr\u00e6tfotos for at fremh\u00e6ve ansigtstr\u00e6k og forbedre den overordnede billedkvalitet.<\/p>\n\n\n\n<h4 class=\"wp-block-heading\" id=\"restore-old-photos\">Gendan gamle fotos<\/h4>\n\n\n\n<p class=\"\">Brug sl\u00f8ringsv\u00e6rkt\u00f8jer til at g\u00f8re gamle, sl\u00f8rede familiefotos klarere og bevare minderne.<\/p>\n\n\n\n<h4 class=\"wp-block-heading\" id=\"improve-product-photos\">Forbedre produktbilleder<\/h4>\n\n\n\n<p class=\"\">Forbedr kvaliteten af produktbilleder til e-handelswebsteder, s\u00e5 de bliver mere tiltr\u00e6kkende for kunderne.<\/p>\n\n\n\n<h4 class=\"wp-block-heading\" id=\"fix-blurry-text\">Fiks sl\u00f8ret tekst<\/h4>\n\n\n\n<p class=\"\">Fjern sl\u00f8ring af tekst i scannede dokumenter eller billeder for at forbedre l\u00e6sbarheden.<\/p>\n\n\n\n<h4 class=\"wp-block-heading\" id=\"correct-camera-shake\">Korrig\u00e9r kamerarystelser<\/h4>\n\n\n\n<p class=\"\">Fjern bev\u00e6gelsessl\u00f8ring for\u00e5rsaget af kamerarystelser p\u00e5 billeder taget p\u00e5 farten.<\/p>\n\n\n\n<h3 class=\"wp-block-heading\" id=\"comparison-table-of-unblur-image-tools\">Sammenligningstabel over v\u00e6rkt\u00f8jer til sl\u00f8ring af billeder<\/h3>\n\n\n\n<figure class=\"wp-block-table\"><table class=\"has-fixed-layout\"><thead><tr><th>V\u00e6rkt\u00f8jets navn<\/th><th>Hjemmeside-URL<\/th><th>Fordele<\/th><th>Ulemper<\/th><\/tr><\/thead><tbody><tr><td>AI Art Free Unblur Image Tool<\/td><td><a href=\"https:\/\/aiartfree.online\/da\/fjern-sloring-af-billedet\/\">https:\/\/aiartfree.online\/Unblur-Image<\/a><\/td><td>100% Gratis, ingen tilmelding, ubegr\u00e6nset<\/td><td>Begr\u00e6nsede avancerede funktioner<\/td><\/tr><tr><td>Fotor<\/td><td>https:\/\/www.fotor.com<\/td><td>Let at bruge, flere redigeringsv\u00e6rkt\u00f8jer<\/td><td>Kr\u00e6ver konto for fuld adgang<\/td><\/tr><tr><td>Forbedre.Pho.to<\/td><td>https:\/\/enhance.pho.to<\/td><td>Gratis, enkel brugerflade<\/td><td>Begr\u00e6nsede funktioner<\/td><\/tr><tr><td>LunaPic<\/td><td>https:\/\/www.lunapic.com<\/td><td>Gratis, Online v\u00e6rkt\u00f8j<\/td><td>Annoncer p\u00e5 webstedet<\/td><\/tr><tr><td>PineTools<\/td><td>https:\/\/www.pinetools.com<\/td><td>Gratis, mange forskellige v\u00e6rkt\u00f8jer<\/td><td>Grundl\u00e6ggende gr\u00e6nseflade<\/td><\/tr><tr><td>Photopea<\/td><td>https:\/\/www.photopea.com<\/td><td>Kraftfuld, gratis<\/td><td>Kan v\u00e6re kompliceret for begyndere<\/td><\/tr><tr><td>Adobe Photoshop Express<\/td><td>https:\/\/www.photoshop.com\/tools<\/td><td>Betroet brand, resultater af h\u00f8j kvalitet<\/td><td>Begr\u00e6nset gratis version<\/td><\/tr><tr><td>Snapseed<\/td><td>https:\/\/snapseed.online<\/td><td>Mobilvenlig, nem at bruge<\/td><td>Kr\u00e6ver download<\/td><\/tr><tr><td>GIMP<\/td><td>https:\/\/www.gimp.org<\/td><td>Gratis, open source<\/td><td>Stejl indl\u00e6ringskurve<\/td><\/tr><tr><td>VanceAI<\/td><td><a href=\"https:\/\/vanceai.com\" target=\"_blank\" rel=\"noopener\">https:\/\/vanceai.com<\/a><\/td><td>AI-drevne resultater af h\u00f8j kvalitet<\/td><td>Betalt abonnement p\u00e5kr\u00e6vet<\/td><\/tr><\/tbody><\/table><\/figure>\n\n\n\n<h3 class=\"wp-block-heading\" id=\"advantages-disadvantages-and-challenges-of-the-industry\">Fordele, ulemper og udfordringer i branchen<\/h3>\n\n\n\n<h4 class=\"wp-block-heading\" id=\"advantages\">Fordele<\/h4>\n\n\n\n<ul class=\"wp-block-list\">\n<li class=\"\"><strong>Tilg\u00e6ngelighed:<\/strong> De fleste v\u00e6rkt\u00f8jer er tilg\u00e6ngelige online, hvilket giver nem adgang.<\/li>\n\n\n\n<li class=\"\"><strong>Omkostningseffektivt:<\/strong> Mange v\u00e6rkt\u00f8jer tilbyder gratis versioner med st\u00e6rke funktioner.<\/li>\n\n\n\n<li class=\"\"><strong>Brugervenlighed:<\/strong> Designet til brugere med forskellige niveauer af ekspertise.<\/li>\n<\/ul>\n\n\n\n<h4 class=\"wp-block-heading\" id=\"disadvantages\">Ulemper<\/h4>\n\n\n\n<ul class=\"wp-block-list\">\n<li class=\"\"><strong>Kvalitetsafvigelse:<\/strong> Resultaterne kan variere afh\u00e6ngigt af det anvendte v\u00e6rkt\u00f8j.<\/li>\n\n\n\n<li class=\"\"><strong>L\u00e6ringskurve:<\/strong> Nogle v\u00e6rkt\u00f8jer kan kr\u00e6ve tid at l\u00e6re og mestre.<\/li>\n\n\n\n<li class=\"\"><strong>Abonnementsgebyrer:<\/strong> Avancerede funktioner kan kr\u00e6ve betalte abonnementer.<\/li>\n<\/ul>\n\n\n\n<h4 class=\"wp-block-heading\" id=\"challenges\">Udfordringer<\/h4>\n\n\n\n<ul class=\"wp-block-list\">\n<li class=\"\"><strong>Opretholdelse af kvalitet:<\/strong> Sikring af ensartede resultater af h\u00f8j kvalitet p\u00e5 tv\u00e6rs af forskellige billeder.<\/li>\n\n\n\n<li class=\"\"><strong>Begr\u00e6nsninger i teknologien:<\/strong> AI-teknologi kan ikke h\u00e5ndtere alle typer sl\u00f8ring perfekt.<\/li>\n\n\n\n<li class=\"\"><strong>Brugernes forventninger:<\/strong> Opfylde forskellige brugeres forventninger til forskellige brugssituationer.<\/li>\n<\/ul>\n\n\n\n<h3 class=\"wp-block-heading\" id=\"frequently-asked-questions\">Ofte stillede sp\u00f8rgsm\u00e5l<\/h3>\n\n\n\n<ol class=\"wp-block-list\">\n<li class=\"\"><strong>Hvordan fjerner man sl\u00f8r p\u00e5 et billede?<\/strong>\n<ul class=\"wp-block-list\">\n<li class=\"\">Brug et online-v\u00e6rkt\u00f8j som <a href=\"https:\/\/aiartfree.online\/da\/fjern-sloring-af-billedet\/\">AI Art Free Unblur Image Tool<\/a> for at uploade og behandle dit billede.<\/li>\n<\/ul>\n<\/li>\n\n\n\n<li class=\"\"><strong>Hvordan fjerner man sl\u00f8ring af billeder?<\/strong>\n<ul class=\"wp-block-list\">\n<li class=\"\">V\u00e6lg et p\u00e5lideligt v\u00e6rkt\u00f8j, upload dit billede, juster indstillingerne, og anvend sl\u00f8ringseffekten.<\/li>\n<\/ul>\n<\/li>\n\n\n\n<li class=\"\"><strong>Hvordan fjerner man sl\u00f8r p\u00e5 et billede?<\/strong>\n<ul class=\"wp-block-list\">\n<li class=\"\">F\u00f8lg den trinvise vejledning ovenfor ved hj\u00e6lp af et AI-drevet v\u00e6rkt\u00f8j.<\/li>\n<\/ul>\n<\/li>\n\n\n\n<li class=\"\"><strong>Hvordan fjerner man sl\u00f8r p\u00e5 et billede p\u00e5 iPhone?<\/strong>\n<ul class=\"wp-block-list\">\n<li class=\"\">\u00c5bn din browser, og bes\u00f8g <a href=\"https:\/\/aiartfree.online\/da\/fjern-sloring-af-billedet\/\">AI Art Free Unblur Image Tool<\/a> for at g\u00f8re dit billede uskarpt.<\/li>\n<\/ul>\n<\/li>\n\n\n\n<li class=\"\"><strong>Hvordan fjerner man sl\u00f8r p\u00e5 et billede i Photoshop?<\/strong>\n<ul class=\"wp-block-list\">\n<li class=\"\">\u00c5bn din browser, og bes\u00f8g <a href=\"https:\/\/aiartfree.online\/da\/fjern-sloring-af-billedet\/\">AI Art Free Unblur Image Tool<\/a> for at bruge et lettere alternativ.<\/li>\n<\/ul>\n<\/li>\n\n\n\n<li class=\"\"><strong>Hvordan g\u00f8r man et sl\u00f8ret billede klart?<\/strong>\n<ul class=\"wp-block-list\">\n<li class=\"\">Brug et v\u00e6rkt\u00f8j til at g\u00f8re dit billede skarpere.<\/li>\n<\/ul>\n<\/li>\n\n\n\n<li class=\"\"><strong>Hvordan fjerner man sl\u00f8r p\u00e5 et foto?<\/strong>\n<ul class=\"wp-block-list\">\n<li class=\"\">F\u00f8lg trinnene i afsnittet \"S\u00e5dan bruger du Unblur Image\" for at fjerne sl\u00f8ring fra dit foto.<\/li>\n<\/ul>\n<\/li>\n\n\n\n<li class=\"\"><strong>Hvordan fikser man sl\u00f8rede fotos?<\/strong>\n<ul class=\"wp-block-list\">\n<li class=\"\">Brug et online-v\u00e6rkt\u00f8j til at g\u00f8re dine sl\u00f8rede fotos klare igen.<\/li>\n<\/ul>\n<\/li>\n\n\n\n<li class=\"\"><strong>Hvad er det bedste v\u00e6rkt\u00f8j til at fjerne sl\u00f8ring?<\/strong>\n<ul class=\"wp-block-list\">\n<li class=\"\">Den <a href=\"https:\/\/aiartfree.online\/da\/fjern-sloring-af-billedet\/\">AI Art Free Unblur Image Tool<\/a> kan varmt anbefales p\u00e5 grund af dens brugervenlighed og kraftfulde funktioner.<\/li>\n<\/ul>\n<\/li>\n\n\n\n<li class=\"\"><strong>Hvordan fjerner man sl\u00f8ring af tekst i et billede?<\/strong>\n<ul class=\"wp-block-list\">\n<li class=\"\">Brug et v\u00e6rkt\u00f8j til at fjerne sl\u00f8ring af tekst for at forbedre l\u00e6sbarheden af sl\u00f8ret tekst i dine billeder.<\/li>\n<\/ul>\n<\/li>\n<\/ol>\n\n\n\n<h3 class=\"wp-block-heading\" id=\"summary\">Sammenfatning<\/h3>\n\n\n\n<p class=\"\">Det har aldrig v\u00e6ret nemmere at g\u00f8re billeder uskarpe med kraftfulde AI-drevne v\u00e6rkt\u00f8jer. Uanset om du \u00f8nsker at forbedre portr\u00e6tbilleder, gendanne gamle billeder eller rette sl\u00f8ret tekst, tilbyder disse v\u00e6rkt\u00f8jer en praktisk og effektiv l\u00f8sning. Bes\u00f8g <a href=\"https:\/\/aiartfree.online\/da\/fjern-sloring-af-billedet\/\">AI Art Free Unblur Image Tool<\/a> for at opleve det bedste sl\u00f8ringsv\u00e6rkt\u00f8j p\u00e5 markedet, 100% gratis og ubegr\u00e6nset, uden tilmelding. Forvandl dine sl\u00f8rede billeder til klare fotos i h\u00f8j kvalitet i dag!<\/p>","protected":false},"excerpt":{"rendered":"<p>Before vs After How to use the Unblur Image *&nbsp;Depending on your internet speed, loading the model may take up to 10 seconds \u2193 Unblur Image: The Ultimate Guide to AI-Powered Photo Blur Removal Outline In this comprehensive guide, we will explore the world of image unblurring, its advantages, functions, target audience, and practical uses. &#8230; <a title=\"Fjern sl\u00f8ret billede\" class=\"read-more\" href=\"https:\/\/aiartfree.online\/da\/fjern-sloring-af-billedet\/\" aria-label=\"Read more about Unblur Image\">L\u00e6s mere <\/a><\/p>","protected":false},"author":1,"featured_media":3450,"parent":0,"menu_order":0,"comment_status":"open","ping_status":"closed","template":"","meta":{"nf_dc_page":"","footnotes":""},"class_list":["post-3445","page","type-page","status-publish","has-post-thumbnail"],"jetpack_sharing_enabled":true,"_links":{"self":[{"href":"https:\/\/aiartfree.online\/da\/wp-json\/wp\/v2\/pages\/3445","targetHints":{"allow":["GET"]}}],"collection":[{"href":"https:\/\/aiartfree.online\/da\/wp-json\/wp\/v2\/pages"}],"about":[{"href":"https:\/\/aiartfree.online\/da\/wp-json\/wp\/v2\/types\/page"}],"author":[{"embeddable":true,"href":"https:\/\/aiartfree.online\/da\/wp-json\/wp\/v2\/users\/1"}],"replies":[{"embeddable":true,"href":"https:\/\/aiartfree.online\/da\/wp-json\/wp\/v2\/comments?post=3445"}],"version-history":[{"count":1,"href":"https:\/\/aiartfree.online\/da\/wp-json\/wp\/v2\/pages\/3445\/revisions"}],"predecessor-version":[{"id":3597,"href":"https:\/\/aiartfree.online\/da\/wp-json\/wp\/v2\/pages\/3445\/revisions\/3597"}],"wp:featuredmedia":[{"embeddable":true,"href":"https:\/\/aiartfree.online\/da\/wp-json\/wp\/v2\/media\/3450"}],"wp:attachment":[{"href":"https:\/\/aiartfree.online\/da\/wp-json\/wp\/v2\/media?parent=3445"}],"curies":[{"name":"wp","href":"https:\/\/api.w.org\/{rel}","templated":true}]}}