{"id":3444,"date":"2024-08-02T05:54:16","date_gmt":"2024-08-02T05:54:16","guid":{"rendered":"https:\/\/aiartfree.online\/?page_id=3444"},"modified":"2025-03-07T08:03:21","modified_gmt":"2025-03-07T08:03:21","slug":"ai-picture-generator","status":"publish","type":"page","link":"https:\/\/aiartfree.online\/da\/ai-billedgenerator\/","title":{"rendered":"AI-billedgenerator"},"content":{"rendered":"<h2 class=\"wp-block-heading has-text-align-center\">Hvad vores brugere lavede<\/h2>\n\n\n\n<figure class=\"gb-block-image gb-block-image-1822da1f\"><img data-recalc-dims=\"1\" decoding=\"async\" loading=\"lazy\" width=\"1112\" height=\"576\" class=\"gb-image gb-image-1822da1f\" src=\"https:\/\/i0.wp.com\/aiartfree.online\/wp-content\/uploads\/2024\/08\/WX20240802-111707%402x.jpg?resize=1112%2C576&#038;ssl=1\" alt=\"Skab fantastiske og unikke billeder uden besv\u00e6r med AI Art Free. Vores 100% gratis AI-billedgenerator giver ubegr\u00e6nset adgang og resultater i h\u00f8j kvalitet, perfekt til sociale medier, markedsf\u00f8ring og personlig brug. Der kr\u00e6ves ingen tilmelding - bare indtast en tekst, og lad vores AI forvandle dine id\u00e9er til smukke billeder. Udforsk uendelige muligheder med vores kraftfulde og brugervenlige v\u00e6rkt\u00f8j i dag!\" title=\"WX20240802-111707@2x\" srcset=\"https:\/\/i0.wp.com\/aiartfree.online\/wp-content\/uploads\/2024\/08\/WX20240802-111707%402x.jpg?w=1112&amp;ssl=1 1112w, https:\/\/i0.wp.com\/aiartfree.online\/wp-content\/uploads\/2024\/08\/WX20240802-111707%402x.jpg?resize=300%2C155&amp;ssl=1 300w, https:\/\/i0.wp.com\/aiartfree.online\/wp-content\/uploads\/2024\/08\/WX20240802-111707%402x.jpg?resize=1024%2C530&amp;ssl=1 1024w, https:\/\/i0.wp.com\/aiartfree.online\/wp-content\/uploads\/2024\/08\/WX20240802-111707%402x.jpg?resize=768%2C398&amp;ssl=1 768w, https:\/\/i0.wp.com\/aiartfree.online\/wp-content\/uploads\/2024\/08\/WX20240802-111707%402x.jpg?resize=18%2C9&amp;ssl=1 18w, https:\/\/i0.wp.com\/aiartfree.online\/wp-content\/uploads\/2024\/08\/WX20240802-111707%402x.jpg?resize=600%2C311&amp;ssl=1 600w\" sizes=\"auto, (max-width: 1112px) 100vw, 1112px\" \/><\/figure>\n\n\n\n<h2 class=\"wp-block-heading\">S\u00e5dan bruger du AI-billedgeneratoren<\/h2>\n\n\n\n<ol class=\"wp-block-list\">\n<li class=\"\">Upload din lydfil<\/li>\n\n\n\n<li class=\"\">Klik p\u00e5 \"Overs\u00e6t\"<\/li>\n\n\n\n<li class=\"\">Vent, det er det!<\/li>\n<\/ol>\n\n\n\n<p class=\"\">* Du er velkommen til at pr\u00f8ve vores eksempler nedenfor, hvis du ikke har nogen tanker i hovedet.<\/p>\n\n\n\n<h2 class=\"wp-block-heading\">Eksempler p\u00e5 opfordringer<\/h2>\n\n\n\n<ol style=\"font-size:16px\" class=\"wp-block-list\">\n<li class=\"\">Betagende, meget detaljeret grafisk illustration af Morgan Freeman, der k\u00f8rer p\u00e5 en Harley Davidson-motorcykel, m\u00f8rk og dyster.<\/li>\n\n\n\n<li class=\"\">Betagende grafisk romanillustration Midt i den store stjernet\u00e5ge sv\u00e6ver en ensom astronaut fastsp\u00e6ndt til et lysende rumskib. De str\u00e5lende gasser i stjernet\u00e5gen danser rundt og reflekterer levende farver p\u00e5 dragten og skaber en ballet af lys og bev\u00e6gelse.<\/li>\n\n\n\n<li class=\"\">Betagende grafisk romanillustration af Ved en korsvej i en postapokalyptisk \u00f8demark synger en vandrer med en guitar lavet af metalskrot fort\u00e6llinger om den gamle verden. Mutante v\u00e6sener samles omkring lejrb\u00e5let, deres \u00f8jne er fyldt med l\u00e6ngsel.<\/li>\n\n\n\n<li class=\"\">Betagende grafisk romanillustration af et barn, der jager farverige sommerfugle p\u00e5 en livlig eng.<\/li>\n\n\n\n<li class=\"\">Betagende grafisk romanillustration P\u00e5 en strand, hvor b\u00f8lgerne er v\u00e6vet af historier, skaber en historiefort\u00e6ller med en v\u00e6v af m\u00e5neskin fort\u00e6llinger fra tidevandet. Skaller hvisker legender, og horisonten er et billedt\u00e6ppe af eventyr, der endnu ikke er fortalt.<\/li>\n\n\n\n<li class=\"\">Betagende grafisk romanillustration af en falk, der sv\u00e6ver over en \u00f8rken p\u00e5 jagt efter bytte.<\/li>\n\n\n\n<li class=\"\">Betagende grafisk romanillustration Dybt inde i den arktiske cirkel maler et nordlys himlen med levende nuancer af gr\u00f8n, pink og lilla. Sneen nedenunder reflekterer denne lysdans, og verden er indhyllet i en fascinerende farvesymfoni.<\/li>\n\n\n\n<li class=\"\">Betagende grafisk romanillustration af en tatov\u00f8r, der laver et indviklet design p\u00e5 en kundes ryg.<\/li>\n\n\n\n<li class=\"\">Betagende grafisk romanillustration af en kvinde, draperet i farverig silke, der l\u00e6ser tarotkort i et telt oplyst af stearinlys.<\/li>\n\n\n\n<li class=\"\">Betagende grafisk romanillustration af to sp\u00e9l\u00e9ologer, der kortl\u00e6gger en dyb hule med fakler, der lyser vejen op.<\/li>\n<\/ol>\n\n\n\n<figure class=\"gb-block-image gb-block-image-032aac41\"><a href=\"https:\/\/fas.st\/t\/9U4PYbm7\" target=\"_blank\" rel=\"noopener noreferrer\"><img data-recalc-dims=\"1\" decoding=\"async\" loading=\"lazy\" width=\"1200\" height=\"365\" class=\"gb-image gb-image-032aac41\" src=\"https:\/\/i0.wp.com\/aiartfree.online\/wp-content\/uploads\/2025\/03\/WX20250307-115412%402x.webp?resize=1200%2C365&#038;ssl=1\" alt=\"\" title=\"WX20250307-115412@2x\" srcset=\"https:\/\/i0.wp.com\/aiartfree.online\/wp-content\/uploads\/2025\/03\/WX20250307-115412%402x.webp?w=1942&amp;ssl=1 1942w, https:\/\/i0.wp.com\/aiartfree.online\/wp-content\/uploads\/2025\/03\/WX20250307-115412%402x.webp?resize=300%2C91&amp;ssl=1 300w, https:\/\/i0.wp.com\/aiartfree.online\/wp-content\/uploads\/2025\/03\/WX20250307-115412%402x.webp?resize=1024%2C312&amp;ssl=1 1024w, https:\/\/i0.wp.com\/aiartfree.online\/wp-content\/uploads\/2025\/03\/WX20250307-115412%402x.webp?resize=768%2C234&amp;ssl=1 768w, https:\/\/i0.wp.com\/aiartfree.online\/wp-content\/uploads\/2025\/03\/WX20250307-115412%402x.webp?resize=1536%2C467&amp;ssl=1 1536w, https:\/\/i0.wp.com\/aiartfree.online\/wp-content\/uploads\/2025\/03\/WX20250307-115412%402x.webp?resize=18%2C5&amp;ssl=1 18w, https:\/\/i0.wp.com\/aiartfree.online\/wp-content\/uploads\/2025\/03\/WX20250307-115412%402x.webp?resize=600%2C183&amp;ssl=1 600w\" sizes=\"auto, (max-width: 1200px) 100vw, 1200px\" \/><\/a><\/figure>\n\n\n\n<p class=\"\"><em>* Afh\u00e6ngigt af din internethastighed kan indl\u00e6sning af modellen tage <\/em>op til 10 sekunder \u2193<\/p>\n\n\n\n<div class=\"iframe-wrapper\" style=\"position: relative; width: 100%; height: 1000px;\">\n  <div class=\"loading\" style=\"position: absolute; top: 50px; left: 50%; transform: translate(-50%, -50%); width: 40px; height: 40px; border: 3px solid #f0f0f0; border-top: 3px solid #db7093; border-radius: 50%; animation: spin 1s linear infinite;\"><\/div>\n  <iframe loading=\"lazy\" src=\"https:\/\/ap123-sdxl-lightning.hf.space\" frameborder=\"0\" width=\"100%\" height=\"100%\" style=\"position: absolute; top: 0; left: 0; opacity: 0; transition: opacity 0.3s;\" onload=\"this.style.opacity=1;this.previousElementSibling.style.display='none';\"><\/iframe>\n<\/div>\n\n<style>\n@keyframes spin {\n  0% { transform: translate(-50%, -50%) rotate(0deg); }\n  100% { transform: translate(-50%, -50%) rotate(360deg); }\n}\n<\/style>\n\n\n\n<div style=\"height:80px\" aria-hidden=\"true\" class=\"wp-block-spacer\"><\/div>\n\n\n\n<h2 class=\"wp-block-heading\">AI-billedgenerator: Den ultimative guide<\/h2>\n\n\n\n<h3 class=\"wp-block-heading\">Oversigt<\/h3>\n\n\n\n<p class=\"\">AI-billedgeneratorer revolutionerer den m\u00e5de, vi skaber billeder p\u00e5, og tilbyder 100% gratis, ubegr\u00e6nsede og unikke billeder i h\u00f8j kvalitet. Denne guide udforsker definition, fordele, funktioner, m\u00e5lgruppe, use cases, branchefordele og udfordringer. Vi gennemg\u00e5r ogs\u00e5 de bedste v\u00e6rkt\u00f8jer og giver en FAQ-sektion til at besvare almindelige sp\u00f8rgsm\u00e5l.<\/p>\n\n\n\n<h3 class=\"wp-block-heading\">Indholdsfortegnelse<\/h3>\n\n\n\n<ul class=\"wp-block-list\">\n<li class=\"\"><a href=\"#what-is-an-ai-picture-generator\">Hvad er en AI-billedgenerator?<\/a><\/li>\n\n\n\n<li class=\"\"><a href=\"#why-use-an-ai-picture-generator\">Hvorfor bruge en AI-billedgenerator?<\/a><\/li>\n\n\n\n<li class=\"\"><a href=\"#main-features-of-ai-picture-generators\">Hovedfunktioner i AI-billedgeneratorer<\/a>\n<ul class=\"wp-block-list\">\n<li class=\"\"><a href=\"#100-free\">100% Gratis<\/a><\/li>\n\n\n\n<li class=\"\"><a href=\"#unlimited-usage\">Ubegr\u00e6nset brug<\/a><\/li>\n\n\n\n<li class=\"\"><a href=\"#high-quality-outputs\">Udgange af h\u00f8j kvalitet<\/a><\/li>\n<\/ul>\n<\/li>\n\n\n\n<li class=\"\"><a href=\"#who-should-use-ai-picture-generators\">Hvem b\u00f8r bruge AI-billedgeneratorer?<\/a><\/li>\n\n\n\n<li class=\"\"><a href=\"#industry-applications-of-ai-picture-generators\">Industrielle anvendelser af AI-billedgeneratorer<\/a><\/li>\n\n\n\n<li class=\"\"><a href=\"#how-to-use-an-ai-picture-generator\">S\u00e5dan bruger du en AI-billedgenerator<\/a><\/li>\n\n\n\n<li class=\"\"><a href=\"#ai-picture-generator-use-cases\">Brug af AI-billedgenerator<\/a>\n<ul class=\"wp-block-list\">\n<li class=\"\"><a href=\"#social-media-content-creation\">Oprettelse af indhold til sociale medier<\/a><\/li>\n\n\n\n<li class=\"\"><a href=\"#marketing-and-advertising\">Markedsf\u00f8ring og reklame<\/a><\/li>\n\n\n\n<li class=\"\"><a href=\"#website-design\">Design af hjemmeside<\/a><\/li>\n<\/ul>\n<\/li>\n\n\n\n<li class=\"\"><a href=\"#top-10-ai-picture-generators-and-their-pros-and-cons\">Top 10 AI-billedgeneratorer og deres fordele og ulemper<\/a><\/li>\n\n\n\n<li class=\"\"><a href=\"#pros-cons-and-challenges-in-the-ai-picture-generator-industry\">Fordele, ulemper og udfordringer i AI-billedgeneratorindustrien<\/a><\/li>\n\n\n\n<li class=\"\"><a href=\"#faq\">OFTE STILLEDE SP\u00d8RGSM\u00c5L<\/a><\/li>\n\n\n\n<li class=\"\"><a href=\"#summary-and-call-to-action\">Sammenfatning og opfordring til handling<\/a><\/li>\n<\/ul>\n\n\n\n<h3 class=\"wp-block-heading\">Hvad er en AI-billedgenerator?<\/h3>\n\n\n\n<p class=\"\">En AI-billedgenerator er et v\u00e6rkt\u00f8j, der bruger kunstig intelligens til at skabe billeder ud fra tekstprompter. Disse v\u00e6rkt\u00f8jer kan generere unikke billeder af h\u00f8j kvalitet baseret p\u00e5 brugerens beskrivelser, hvilket g\u00f8r det muligt at skabe kreative og effektive billeder.<\/p>\n\n\n\n<h3 class=\"wp-block-heading\">Hvorfor bruge en AI-billedgenerator?<\/h3>\n\n\n\n<p class=\"\">AI-billedgeneratorer giver mange fordele:<\/p>\n\n\n\n<ul class=\"wp-block-list\">\n<li class=\"\"><strong>100% Gratis:<\/strong> Mange v\u00e6rkt\u00f8jer, som f.eks. <a href=\"https:\/\/aiartfree.online\/da\/ai-billedgenerator\/\">AI-kunst gratis<\/a>giver fri adgang.<\/li>\n\n\n\n<li class=\"\"><strong>Ubegr\u00e6nset brug:<\/strong> Ingen begr\u00e6nsninger p\u00e5 antallet af genererede billeder.<\/li>\n\n\n\n<li class=\"\"><strong>Udgange af h\u00f8j kvalitet:<\/strong> Producerer billeder i professionel kvalitet.<\/li>\n\n\n\n<li class=\"\"><strong>Ingen tilmelding n\u00f8dvendig:<\/strong> Nem og hurtig adgang.<\/li>\n\n\n\n<li class=\"\"><strong>AI-genererede billeder:<\/strong> Sikrer originalitet og kreativitet.<\/li>\n<\/ul>\n\n\n\n<h3 class=\"wp-block-heading\">Hovedfunktioner i AI-billedgeneratorer<\/h3>\n\n\n\n<h4 class=\"wp-block-heading\">100% Gratis<\/h4>\n\n\n\n<p class=\"\">AI-billedgeneratorer som <a href=\"https:\/\/aiartfree.online\/da\/ai-billedgenerator\/\">AI-kunst gratis<\/a> tilbyder helt gratis tjenester, hvilket g\u00f8r dem tilg\u00e6ngelige for alle.<\/p>\n\n\n\n<h4 class=\"wp-block-heading\">Ubegr\u00e6nset brug<\/h4>\n\n\n\n<p class=\"\">Disse v\u00e6rkt\u00f8jer giver brugerne mulighed for at generere et ubegr\u00e6nset antal billeder, hvilket underst\u00f8tter omfattende kreativitet uden begr\u00e6nsninger.<\/p>\n\n\n\n<h4 class=\"wp-block-heading\">Udgange af h\u00f8j kvalitet<\/h4>\n\n\n\n<p class=\"\">AI-billedgeneratorer producerer billeder i h\u00f8j opl\u00f8sning og professionel kvalitet, der er velegnede til forskellige anvendelser.<\/p>\n\n\n\n<h3 class=\"wp-block-heading\">Hvem b\u00f8r bruge AI-billedgeneratorer?<\/h3>\n\n\n\n<ul class=\"wp-block-list\">\n<li class=\"\"><strong>Skabere af indhold:<\/strong> Bloggere, vloggere og influencere p\u00e5 sociale medier.<\/li>\n\n\n\n<li class=\"\"><strong>Markedsf\u00f8rere:<\/strong> Reklamefolk, der har brug for unikke billeder.<\/li>\n\n\n\n<li class=\"\"><strong>Webdesignere:<\/strong> Udviklere, der s\u00f8ger tilpassede billeder til hjemmesider.<\/li>\n\n\n\n<li class=\"\"><strong>Kunstnere:<\/strong> Personer, der \u00f8nsker at udforske AI-genereret kunst.<\/li>\n<\/ul>\n\n\n\n<h3 class=\"wp-block-heading\">Industrielle anvendelser af AI-billedgeneratorer<\/h3>\n\n\n\n<ul class=\"wp-block-list\">\n<li class=\"\"><strong>Reklame:<\/strong> Skabe i\u00f8jnefaldende visuals til marketingkampagner.<\/li>\n\n\n\n<li class=\"\"><strong>E-handel:<\/strong> Design af produktbilleder og forbedring af online-lister.<\/li>\n\n\n\n<li class=\"\"><strong>Medier og underholdning:<\/strong> Udarbejdelse af visuelt materiale til publikationer og multimedieprojekter.<\/li>\n\n\n\n<li class=\"\"><strong>Uddannelse:<\/strong> Producerer undervisningsmateriale og visuelle hj\u00e6lpemidler.<\/li>\n<\/ul>\n\n\n\n<h3 class=\"wp-block-heading\">S\u00e5dan bruger du en AI-billedgenerator<\/h3>\n\n\n\n<ol class=\"wp-block-list\">\n<li class=\"\"><strong>Indtast en tekstprompt:<\/strong> Beskriv det billede, du \u00f8nsker at skabe.<\/li>\n\n\n\n<li class=\"\"><strong>V\u00e6lg Indstillinger:<\/strong> V\u00e6lg stil, opl\u00f8sning og andre indstillinger.<\/li>\n\n\n\n<li class=\"\"><strong>Generer billede:<\/strong> Klik for at oprette billedet.<\/li>\n\n\n\n<li class=\"\"><strong>Download og brug:<\/strong> Gem og brug det genererede billede.<\/li>\n<\/ol>\n\n\n\n<h3 class=\"wp-block-heading\">Brug af AI-billedgenerator<\/h3>\n\n\n\n<h4 class=\"wp-block-heading\">Oprettelse af indhold til sociale medier<\/h4>\n\n\n\n<p class=\"\">AI-genererede billeder kan forbedre indl\u00e6g p\u00e5 sociale medier, historier og annoncer med unikke billeder.<\/p>\n\n\n\n<h4 class=\"wp-block-heading\">Markedsf\u00f8ring og reklame<\/h4>\n\n\n\n<p class=\"\">Virksomheder kan bruge AI-genererede billeder til reklamemateriale, annoncer og bannere.<\/p>\n\n\n\n<h4 class=\"wp-block-heading\">Design af hjemmeside<\/h4>\n\n\n\n<p class=\"\">Webudviklere kan skabe skr\u00e6ddersyet grafik til hjemmesider, s\u00e5 de f\u00e5r et unikt og professionelt udseende.<\/p>\n\n\n\n<h3 class=\"wp-block-heading\">Top 10 AI-billedgeneratorer og deres fordele og ulemper<\/h3>\n\n\n\n<figure class=\"wp-block-table\"><table class=\"has-fixed-layout\"><thead><tr><th>V\u00e6rkt\u00f8j<\/th><th>Hjemmeside<\/th><th>Fordele<\/th><th>Ulemper<\/th><\/tr><\/thead><tbody><tr><td>AI-kunst gratis<\/td><td><a href=\"https:\/\/aiartfree.online\/da\/ai-billedgenerator\/\">aiartfree.online<\/a><\/td><td>100% Gratis, ubegr\u00e6nset, h\u00f8j kvalitet<\/td><td>Ingen<\/td><\/tr><tr><td>DALL-E 2<\/td><td><a href=\"https:\/\/www.openai.com\/dall-e-2\" target=\"_blank\" rel=\"noopener\">openai.com<\/a><\/td><td>H\u00f8j kvalitet, kreativ<\/td><td>Begr\u00e6nset gratis brug<\/td><\/tr><tr><td>DeepArt<\/td><td><a href=\"https:\/\/deepart.io\" target=\"_blank\" rel=\"noopener\">deepart.io<\/a><\/td><td>Kunstneriske stilarter, unikke billeder<\/td><td>Betalte planer<\/td><\/tr><tr><td>Kunstopdr\u00e6tter<\/td><td><a href=\"https:\/\/artbreeder.com\" target=\"_blank\" rel=\"noopener\">artbreeder.com<\/a><\/td><td>Samarbejde, kan tilpasses<\/td><td>L\u00e6ringskurve<\/td><\/tr><tr><td>NatCaf\u00e9<\/td><td><a>nightcafe.studio<\/a><\/td><td>Let at bruge, forskellige stilarter<\/td><td>Nogle funktioner betalt<\/td><\/tr><tr><td>Landingsbane ML<\/td><td><a href=\"https:\/\/runwayml.com\" target=\"_blank\" rel=\"noopener\">runwayml.com<\/a><\/td><td>Professionelle v\u00e6rkt\u00f8jer, alsidige<\/td><td>Abonnement p\u00e5kr\u00e6vet<\/td><\/tr><tr><td>Stor s\u00f8vn<\/td><td><a href=\"https:\/\/bigsleep.dev\" target=\"_blank\" rel=\"noopener\">bigsleep.dev<\/a><\/td><td>Realistiske billeder, Open Source<\/td><td>Kr\u00e6ver teknisk viden<\/td><\/tr><tr><td>MalingK\u00e6de<\/td><td><a>paintschainer.preferred.tech<\/a><\/td><td>AI-farvel\u00e6gning, brugervenlig<\/td><td>Begr\u00e6nsede funktioner<\/td><\/tr><tr><td>Picas<\/td><td><a href=\"https:\/\/picas.tech\" target=\"_blank\" rel=\"noopener\">picas.tech<\/a><\/td><td>Hurtige, kreative filtre<\/td><td>Vandm\u00e6rkede billeder<\/td><\/tr><tr><td>GauGAN<\/td><td><a href=\"https:\/\/nvidia.com\/research\/ai\/augan\" target=\"_blank\" rel=\"noopener\">nvidia.com<\/a><\/td><td>Realistiske landskaber, h\u00f8j kvalitet<\/td><td>Kr\u00e6ver GPU<\/td><\/tr><\/tbody><\/table><\/figure>\n\n\n\n<h3 class=\"wp-block-heading\">Fordele, ulemper og udfordringer i AI-billedgeneratorindustrien<\/h3>\n\n\n\n<h4 class=\"wp-block-heading\">Fordele<\/h4>\n\n\n\n<ul class=\"wp-block-list\">\n<li class=\"\"><strong>Tilg\u00e6ngelighed:<\/strong> V\u00e6rkt\u00f8jer som AI Art Free giver gratis, ubegr\u00e6nset adgang.<\/li>\n\n\n\n<li class=\"\"><strong>Kreativitet:<\/strong> AI kan producere unikke og kreative billeder.<\/li>\n\n\n\n<li class=\"\"><strong>Effektivitet:<\/strong> Sparer tid p\u00e5 at generere visuals.<\/li>\n<\/ul>\n\n\n\n<h4 class=\"wp-block-heading\">Ulemper<\/h4>\n\n\n\n<ul class=\"wp-block-list\">\n<li class=\"\"><strong>Variabilitet i kvalitet:<\/strong> Nogle v\u00e6rkt\u00f8jer kan give inkonsistente resultater.<\/li>\n\n\n\n<li class=\"\"><strong>L\u00e6ringskurve:<\/strong> Kr\u00e6ver en vis forst\u00e5else at bruge effektivt.<\/li>\n\n\n\n<li class=\"\"><strong>Afh\u00e6ngighed af tekstprompter:<\/strong> Kvaliteten af billederne afh\u00e6nger af kvaliteten af beskrivelserne.<\/li>\n<\/ul>\n\n\n\n<h4 class=\"wp-block-heading\">Udfordringer<\/h4>\n\n\n\n<ul class=\"wp-block-list\">\n<li class=\"\"><strong>Etiske overvejelser:<\/strong> Sp\u00f8rgsm\u00e5l om ophavsret og originalitet.<\/li>\n\n\n\n<li class=\"\"><strong>Tekniske begr\u00e6nsninger:<\/strong> Nogle v\u00e6rkt\u00f8jer kr\u00e6ver avanceret hardware.<\/li>\n\n\n\n<li class=\"\"><strong>M\u00e6tning af markedet:<\/strong> Der findes mange v\u00e6rkt\u00f8jer, som g\u00f8r det sv\u00e6rt at v\u00e6lge det bedste.<\/li>\n<\/ul>\n\n\n\n<h3 class=\"wp-block-heading\">OFTE STILLEDE SP\u00d8RGSM\u00c5L<\/h3>\n\n\n\n<ol class=\"wp-block-list\">\n<li class=\"\"><strong>Er dette billede AI-genereret?<\/strong>\n<ul class=\"wp-block-list\">\n<li class=\"\">AI-genererede billeder skabes ved hj\u00e6lp af algoritmer baseret p\u00e5 tekstprompter.<\/li>\n<\/ul>\n<\/li>\n\n\n\n<li class=\"\"><strong>Hvordan kan man se, om et billede er AI-genereret?<\/strong>\n<ul class=\"wp-block-list\">\n<li class=\"\">Se efter unikke, ofte surrealistiske elementer og mangel p\u00e5 ufuldkommenheder, som man finder i menneskeskabt kunst.<\/li>\n<\/ul>\n<\/li>\n\n\n\n<li class=\"\"><strong>Hvordan genererer man AI-billeder?<\/strong>\n<ul class=\"wp-block-list\">\n<li class=\"\">Brug v\u00e6rkt\u00f8jer som <a href=\"https:\/\/aiartfree.online\/da\/ai-billedgenerator\/\">AI-kunst gratis<\/a> ved at indtaste tekstprompter.<\/li>\n<\/ul>\n<\/li>\n\n\n\n<li class=\"\"><strong>Hvordan genererer man billeder med AI?<\/strong>\n<ul class=\"wp-block-list\">\n<li class=\"\">Indtast en tekstbeskrivelse, og lad AI'en behandle og skabe billedet.<\/li>\n<\/ul>\n<\/li>\n\n\n\n<li class=\"\"><strong>Hvordan laver man AI-genererede billeder?<\/strong>\n<ul class=\"wp-block-list\">\n<li class=\"\">Brug AI-billedgeneratorer til at konvertere tekstbeskrivelser til billeder.<\/li>\n<\/ul>\n<\/li>\n\n\n\n<li class=\"\"><strong>Hvad er den bedste AI-billedgenerator?<\/strong>\n<ul class=\"wp-block-list\">\n<li class=\"\"><a href=\"https:\/\/aiartfree.online\/da\/ai-billedgenerator\/\">AI-kunst gratis<\/a> kan varmt anbefales p\u00e5 grund af dens gratis og ubegr\u00e6nsede funktioner.<\/li>\n<\/ul>\n<\/li>\n\n\n\n<li class=\"\"><strong>Kan AI-genererede billeder bruges kommercielt?<\/strong>\n<ul class=\"wp-block-list\">\n<li class=\"\">Ja, mange AI-billedgeneratorer tillader kommerciel brug, men tjek betingelserne for det specifikke v\u00e6rkt\u00f8j.<\/li>\n<\/ul>\n<\/li>\n\n\n\n<li class=\"\"><strong>Er AI-genererede billeder fri for ophavsret?<\/strong>\n<ul class=\"wp-block-list\">\n<li class=\"\">Ofte ja, men tjek med det specifikke v\u00e6rkt\u00f8j.<\/li>\n<\/ul>\n<\/li>\n\n\n\n<li class=\"\"><strong>Hvilke stilarter kan AI-genererede billeder have?<\/strong>\n<ul class=\"wp-block-list\">\n<li class=\"\">AI kan generere forskellige stilarter, fra realistisk til abstrakt kunst.<\/li>\n<\/ul>\n<\/li>\n\n\n\n<li class=\"\"><strong>Hvordan forbedrer vi AI-genererede billeder?<\/strong>\n<ul class=\"wp-block-list\">\n<li class=\"\">Brug fotoredigeringsv\u00e6rkt\u00f8jer til at finpudse og forbedre billederne.<\/li>\n<\/ul>\n<\/li>\n<\/ol>\n\n\n\n<h3 class=\"wp-block-heading\">Sammenfatning<\/h3>\n\n\n\n<p class=\"\">AI-billedgeneratorer som <a href=\"https:\/\/aiartfree.online\/da\/ai-billedgenerator\/\">AI-kunst gratis<\/a> tilbyder 100% gratis, ubegr\u00e6nsede og unikke l\u00f8sninger til billedfremstilling i h\u00f8j kvalitet. Disse v\u00e6rkt\u00f8jer henvender sig til en bred vifte af brugere, fra indholdsskabere til marketingfolk, og giver en effektiv og kreativ m\u00e5de at generere billeder p\u00e5. Omfavn fremtiden for billedskabelse med AI, og transformer dit visuelle indhold uden besv\u00e6r.<\/p>\n\n\n\n<p class=\"\">Er du klar til at skabe fantastiske billeder? Bes\u00f8g <a href=\"https:\/\/aiartfree.online\/da\/ai-billedgenerator\/\">AI-kunst gratis<\/a> og begynd at generere i dag!<\/p>\n\n\n\n<p class=\"\"><\/p>","protected":false},"excerpt":{"rendered":"<p>What our users made How to use the AI Picture Generator * Feel free to try our examples below if you don&#8217;t have any thoughts in your mind Prompt Examples *&nbsp;Depending on your internet speed, loading the model may take up to 10 seconds \u2193 AI Picture Generator: The Ultimate Guide Outline AI picture generators &#8230; <a title=\"AI-billedgenerator\" class=\"read-more\" href=\"https:\/\/aiartfree.online\/da\/ai-billedgenerator\/\" aria-label=\"Read more about AI Picture Generator\">L\u00e6s mere <\/a><\/p>","protected":false},"author":1,"featured_media":3468,"parent":0,"menu_order":0,"comment_status":"open","ping_status":"closed","template":"","meta":{"nf_dc_page":"","footnotes":""},"class_list":["post-3444","page","type-page","status-publish","has-post-thumbnail"],"jetpack_sharing_enabled":true,"_links":{"self":[{"href":"https:\/\/aiartfree.online\/da\/wp-json\/wp\/v2\/pages\/3444","targetHints":{"allow":["GET"]}}],"collection":[{"href":"https:\/\/aiartfree.online\/da\/wp-json\/wp\/v2\/pages"}],"about":[{"href":"https:\/\/aiartfree.online\/da\/wp-json\/wp\/v2\/types\/page"}],"author":[{"embeddable":true,"href":"https:\/\/aiartfree.online\/da\/wp-json\/wp\/v2\/users\/1"}],"replies":[{"embeddable":true,"href":"https:\/\/aiartfree.online\/da\/wp-json\/wp\/v2\/comments?post=3444"}],"version-history":[{"count":1,"href":"https:\/\/aiartfree.online\/da\/wp-json\/wp\/v2\/pages\/3444\/revisions"}],"predecessor-version":[{"id":3594,"href":"https:\/\/aiartfree.online\/da\/wp-json\/wp\/v2\/pages\/3444\/revisions\/3594"}],"wp:featuredmedia":[{"embeddable":true,"href":"https:\/\/aiartfree.online\/da\/wp-json\/wp\/v2\/media\/3468"}],"wp:attachment":[{"href":"https:\/\/aiartfree.online\/da\/wp-json\/wp\/v2\/media?parent=3444"}],"curies":[{"name":"wp","href":"https:\/\/api.w.org\/{rel}","templated":true}]}}