{"id":3416,"date":"2024-08-01T09:41:23","date_gmt":"2024-08-01T09:41:23","guid":{"rendered":"https:\/\/aiartfree.online\/?page_id=3416"},"modified":"2024-08-02T11:15:00","modified_gmt":"2024-08-02T11:15:00","slug":"html-code-generator","status":"publish","type":"page","link":"https:\/\/aiartfree.online\/da\/html-kode-generator\/","title":{"rendered":"HTML-kodegenerator"},"content":{"rendered":"<h2 class=\"wp-block-heading has-text-align-center\">F\u00f8r vs. efter<\/h2>\n\n\n\n<figure class=\"gb-block-image gb-block-image-1822da1f\"><img data-recalc-dims=\"1\" decoding=\"async\" loading=\"lazy\" width=\"1200\" height=\"707\" class=\"gb-image gb-image-1822da1f\" src=\"https:\/\/i0.wp.com\/aiartfree.online\/wp-content\/uploads\/2024\/08\/WX20240801-145150%402x-jpg.webp?resize=1200%2C707&#038;ssl=1\" alt=\"HTML Code Generator - Gratis online sk\u00e6rmbilleder til HTML-koder\" title=\"WX20240801-145150@2x\" srcset=\"https:\/\/i0.wp.com\/aiartfree.online\/wp-content\/uploads\/2024\/08\/WX20240801-145150%402x-jpg.webp?w=1904&amp;ssl=1 1904w, https:\/\/i0.wp.com\/aiartfree.online\/wp-content\/uploads\/2024\/08\/WX20240801-145150%402x-jpg.webp?resize=300%2C177&amp;ssl=1 300w, https:\/\/i0.wp.com\/aiartfree.online\/wp-content\/uploads\/2024\/08\/WX20240801-145150%402x-jpg.webp?resize=1024%2C603&amp;ssl=1 1024w, https:\/\/i0.wp.com\/aiartfree.online\/wp-content\/uploads\/2024\/08\/WX20240801-145150%402x-jpg.webp?resize=768%2C453&amp;ssl=1 768w, https:\/\/i0.wp.com\/aiartfree.online\/wp-content\/uploads\/2024\/08\/WX20240801-145150%402x-jpg.webp?resize=1536%2C905&amp;ssl=1 1536w, https:\/\/i0.wp.com\/aiartfree.online\/wp-content\/uploads\/2024\/08\/WX20240801-145150%402x-jpg.webp?resize=18%2C12&amp;ssl=1 18w, https:\/\/i0.wp.com\/aiartfree.online\/wp-content\/uploads\/2024\/08\/WX20240801-145150%402x-jpg.webp?resize=600%2C354&amp;ssl=1 600w\" sizes=\"auto, (max-width: 1200px) 100vw, 1200px\" \/><\/figure>\n\n\n\n<h2 class=\"wp-block-heading\">S\u00e5dan bruger du HTML-kodegeneratoren<\/h2>\n\n\n\n<ol class=\"wp-block-list\">\n<li class=\"\">Upload dit yndlingswebsteds sk\u00e6rmbillede<\/li>\n\n\n\n<li class=\"\">Klik p\u00e5 \"Send\"<\/li>\n\n\n\n<li class=\"\">Vent, det er det!<\/li>\n<\/ol>\n\n\n\n<p class=\"\">* Du er velkommen til at pr\u00f8ve vores eksempler nedenfor, hvis du ikke har nogen tanker i hovedet.<\/p>\n\n\n\n<p class=\"\"><em>* Afh\u00e6ngigt af din internethastighed kan indl\u00e6sning af modellen tage <\/em>op til 10 sekunder \u2193<\/p>\n\n\n\n<div class=\"iframe-wrapper\" style=\"position: relative; width: 100%; height: 1800px;\">\n  <div class=\"loading\" style=\"position: absolute; top: 50px; left: 50%; transform: translate(-50%, -50%); width: 40px; height: 40px; border: 3px solid #f0f0f0; border-top: 3px solid #db7093; border-radius: 50%; animation: spin 1s linear infinite;\"><\/div>\n  <iframe loading=\"lazy\" src=\"https:\/\/huggingfacem4-screenshot2html.hf.space\" frameborder=\"0\" width=\"100%\" height=\"100%\" style=\"position: absolute; top: 0; left: 0; opacity: 0; transition: opacity 0.3s;\" onload=\"this.style.opacity=1;this.previousElementSibling.style.display='none';\"><\/iframe>\n<\/div>\n\n<style>\n@keyframes spin {\n  0% { transform: translate(-50%, -50%) rotate(0deg); }\n  100% { transform: translate(-50%, -50%) rotate(360deg); }\n}\n<\/style>\n\n\n\n<div style=\"height:80px\" aria-hidden=\"true\" class=\"wp-block-spacer\"><\/div>\n\n\n\n<h2 class=\"wp-block-heading\">Effektive og brugervenlige HTML-kodegeneratorer: Det ultimative v\u00e6rkt\u00f8j til webudvikling<\/h2>\n\n\n\n<h3 class=\"wp-block-heading\">Hvad er HTML Code Generator?<\/h3>\n\n\n\n<p class=\"\">En HTML-kodegenerator er et v\u00e6rkt\u00f8j, der er designet til at forenkle processen med at skabe HTML-kode. Det giver brugerne mulighed for at generere HTML-kode hurtigt og effektivt uden at skulle skrive koden manuelt. Disse v\u00e6rkt\u00f8jer er is\u00e6r nyttige for personer, der m\u00e5ske ikke har stor erfaring med kodning, men som har brug for at oprette HTML-kode til forskellige form\u00e5l som f.eks. webudvikling, e-mail-skabeloner eller indlejring af medier.<\/p>\n\n\n\n<h3 class=\"wp-block-heading\">Hvorfor bruge en HTML-kodegenerator?<\/h3>\n\n\n\n<h4 class=\"wp-block-heading\">Store fordele<\/h4>\n\n\n\n<ul class=\"wp-block-list\">\n<li class=\"\"><strong>Effektivitet<\/strong>: Fremskynder kodningsprocessen betydeligt.<\/li>\n\n\n\n<li class=\"\"><strong>Brugervenlig<\/strong>: Kr\u00e6ver ingen forudg\u00e5ende viden om kodning.<\/li>\n\n\n\n<li class=\"\"><strong>Reduktion af fejl<\/strong>: Minimerer kodningsfejl og sikrer renere kode.<\/li>\n\n\n\n<li class=\"\"><strong>Alsidighed<\/strong>: Kan generere en r\u00e6kke forskellige HTML-elementer.<\/li>\n\n\n\n<li class=\"\"><strong>Tilpasning<\/strong>: Giver brugerne mulighed for at tilpasse den genererede kode efter behov.<\/li>\n<\/ul>\n\n\n\n<h4 class=\"wp-block-heading\">Almindeligt s\u00f8gte brugersp\u00f8rgsm\u00e5l<\/h4>\n\n\n\n<ol class=\"wp-block-list\">\n<li class=\"\"><strong>Hvordan genererer jeg HTML-kode fra sk\u00e6rmbilleder?<\/strong>\n<ul class=\"wp-block-list\">\n<li class=\"\">Brug vores anbefalede v\u00e6rkt\u00f8j: <a href=\"https:\/\/aiartfree.online\/da\/html-kode-generator\/\">HTML-kodegenerator<\/a><\/li>\n<\/ul>\n<\/li>\n\n\n\n<li class=\"\"><strong>Kan Adobe XD generere HTML-kode?<\/strong>\n<ul class=\"wp-block-list\">\n<li class=\"\">Adobe XD er prim\u00e6rt et designv\u00e6rkt\u00f8j og genererer ikke direkte HTML-kode.<\/li>\n<\/ul>\n<\/li>\n\n\n\n<li class=\"\"><strong>Hvordan genererer man automatisk HTML-kode i VSCode?<\/strong>\n<ul class=\"wp-block-list\">\n<li class=\"\">Brug udvidelser som Emmet til automatisk at generere HTML-kode i VSCode.<\/li>\n<\/ul>\n<\/li>\n<\/ol>\n\n\n\n<h3 class=\"wp-block-heading\">Hovedfunktioner i HTML-kodegeneratorer<\/h3>\n\n\n\n<h4 class=\"wp-block-heading\">HTML-tekstgenerator<\/h4>\n\n\n\n<p class=\"\">Giver brugerne mulighed for at indtaste tekst og modtage tilsvarende HTML-kode.<\/p>\n\n\n\n<h4 class=\"wp-block-heading\">Tabel HTML Creator<\/h4>\n\n\n\n<p class=\"\">Genererer HTML-kode til tabeller, hvilket g\u00f8r det lettere at skabe komplekse tabelstrukturer.<\/p>\n\n\n\n<h4 class=\"wp-block-heading\">AI HTML-generator<\/h4>\n\n\n\n<p class=\"\">Bruger kunstig intelligens til at generere HTML-kode, hvilket g\u00f8r processen hurtigere og mere intuitiv.<\/p>\n\n\n\n<h4 class=\"wp-block-heading\">HTML Table Maker<\/h4>\n\n\n\n<p class=\"\">Forenkler oprettelsen af HTML-tabeller ved at tilbyde en brugervenlig gr\u00e6nseflade.<\/p>\n\n\n\n<h4 class=\"wp-block-heading\">Generer HTML-kode fra tekst<\/h4>\n\n\n\n<p class=\"\">Omdanner almindelig tekst til formateret HTML-kode.<\/p>\n\n\n\n<h4 class=\"wp-block-heading\">Generer HTML-kode fra billede<\/h4>\n\n\n\n<p class=\"\">Konverterer billeder til HTML-kode, nyttigt til indlejring af medier p\u00e5 websider.<\/p>\n\n\n\n<h4 class=\"wp-block-heading\">Ingen tilmelding n\u00f8dvendig<\/h4>\n\n\n\n<p class=\"\">Brugere kan generere HTML-kode uden at skulle oprette en konto.<\/p>\n\n\n\n<h4 class=\"wp-block-heading\">100% Gratis og ubegr\u00e6nset brug<\/h4>\n\n\n\n<p class=\"\">V\u00e6rkt\u00f8jet er helt gratis at bruge, og der er ingen begr\u00e6nsninger p\u00e5 antallet af koder, der kan genereres.<\/p>\n\n\n\n<h3 class=\"wp-block-heading\">M\u00e5lgruppe og anvendelser<\/h3>\n\n\n\n<h4 class=\"wp-block-heading\">Velegnet til:<\/h4>\n\n\n\n<ul class=\"wp-block-list\">\n<li class=\"\"><strong>Webudviklere<\/strong>: Til hurtig oprettelse og prototyping af websider.<\/li>\n\n\n\n<li class=\"\"><strong>Designere<\/strong>: Til indlejring af designelementer i HTML.<\/li>\n\n\n\n<li class=\"\"><strong>Skabere af indhold<\/strong>: Til formatering af indhold til blogs, e-mails og hjemmesider.<\/li>\n\n\n\n<li class=\"\"><strong>Studerende og undervisere<\/strong>: Til at l\u00e6re og undervise i HTML.<\/li>\n<\/ul>\n\n\n\n<h4 class=\"wp-block-heading\">Anvendelser i industrien:<\/h4>\n\n\n\n<ul class=\"wp-block-list\">\n<li class=\"\"><strong>E-handel<\/strong>: Oprettelse af produktlister og beskrivelser.<\/li>\n\n\n\n<li class=\"\"><strong>Digital markedsf\u00f8ring<\/strong>: Design af e-mailskabeloner og landingssider.<\/li>\n\n\n\n<li class=\"\"><strong>Uddannelse<\/strong>: Undervisning i HTML og webudvikling.<\/li>\n\n\n\n<li class=\"\"><strong>Medier og underholdning<\/strong>: Indlejring af multimedieindhold p\u00e5 hjemmesider.<\/li>\n<\/ul>\n\n\n\n<h3 class=\"wp-block-heading\">S\u00e5dan bruger du en HTML-kodegenerator<\/h3>\n\n\n\n<ol class=\"wp-block-list\">\n<li class=\"\"><strong>F\u00e5 adgang til v\u00e6rkt\u00f8jet<\/strong>\n<ul class=\"wp-block-list\">\n<li class=\"\">Bes\u00f8g <a href=\"https:\/\/aiartfree.online\/da\/html-kode-generator\/\">HTML-kodegenerator<\/a>.<\/li>\n<\/ul>\n<\/li>\n\n\n\n<li class=\"\"><strong>V\u00e6lg typen af kode<\/strong>\n<ul class=\"wp-block-list\">\n<li class=\"\">V\u00e6lg mellem muligheder som tekst, tabel eller billede-til-kode.<\/li>\n<\/ul>\n<\/li>\n\n\n\n<li class=\"\"><strong>Indtast dit indhold<\/strong>\n<ul class=\"wp-block-list\">\n<li class=\"\">Indtast teksten, eller upload det billede, du vil konvertere.<\/li>\n<\/ul>\n<\/li>\n\n\n\n<li class=\"\"><strong>Generer koden<\/strong>\n<ul class=\"wp-block-list\">\n<li class=\"\">Klik p\u00e5 knappen Gener\u00e9r for at modtage din HTML-kode.<\/li>\n<\/ul>\n<\/li>\n\n\n\n<li class=\"\"><strong>Kopier og brug<\/strong>\n<ul class=\"wp-block-list\">\n<li class=\"\">Kopier den genererede kode, og s\u00e6t den ind i dit projekt.<\/li>\n<\/ul>\n<\/li>\n<\/ol>\n\n\n\n<h3 class=\"wp-block-heading\">Brug af HTML-kodegeneratorer<\/h3>\n\n\n\n<h4 class=\"wp-block-heading\">Webudvikling<\/h4>\n\n\n\n<p class=\"\">Skab strukturerede websider med minimal indsats.<\/p>\n\n\n\n<h4 class=\"wp-block-heading\">E-mail-marketing<\/h4>\n\n\n\n<p class=\"\">Design af responsive e-mailskabeloner.<\/p>\n\n\n\n<h4 class=\"wp-block-heading\">Blogging<\/h4>\n\n\n\n<p class=\"\">Formatering af blogindl\u00e6g med HTML for bedre pr\u00e6sentation.<\/p>\n\n\n\n<h4 class=\"wp-block-heading\">Online-uddannelse<\/h4>\n\n\n\n<p class=\"\">Hj\u00e6lper studerende med at \u00f8ve og forst\u00e5 HTML-kodning.<\/p>\n\n\n\n<h4 class=\"wp-block-heading\">Digital reklame<\/h4>\n\n\n\n<p class=\"\">Oprettelse af annoncebannere og landingssider.<\/p>\n\n\n\n<h3 class=\"wp-block-heading\">Information fra 10 relaterede hjemmesider<\/h3>\n\n\n\n<figure class=\"wp-block-table\"><table class=\"has-fixed-layout\"><thead><tr><th>Hjemmeside<\/th><th>Funktioner<\/th><th>Fordele<\/th><th>Udfordringer<\/th><th>URL<\/th><\/tr><\/thead><tbody><tr><td><strong><a href=\"https:\/\/aiartfree.online\/da\/html-kode-generator\/\" data-type=\"link\" data-id=\"https:\/\/aiartfree.online\/html-code-generator\">HTML-kodegenerator fra sk\u00e6rmbilleder<\/a><\/strong><\/td><td>Eksempler p\u00e5 HTML-kode, vejledninger<\/td><td>Omfattende, gratis<\/td><td>Grundl\u00e6ggende funktioner<\/td><td><a href=\"https:\/\/aiartfree.online\/da\/html-kode-generator\/\">https:\/\/aiartfree.online\/html-code-generator<\/a><\/td><\/tr><tr><td>Kode Beautify<\/td><td>HTML Viewer, Minifier<\/td><td>Let at bruge, hurtig<\/td><td>Annoncer til stede<\/td><td>codebeautify.org<\/td><\/tr><tr><td>HTML online<\/td><td>HTML-editor, reng\u00f8ringsmiddel<\/td><td>Brugervenlig, gratis<\/td><td>Begr\u00e6nset tilpasning<\/td><td>html-cleaner.com<\/td><\/tr><tr><td>HTML-kodegenerator<\/td><td>Tekst til HTML, tabelgenerator<\/td><td>Effektiv, ingen tilmelding<\/td><td>Grundl\u00e6ggende design<\/td><td>html-kode-generator.com<\/td><\/tr><tr><td>Pinegrow<\/td><td>Visuel HTML-editor<\/td><td>Professionelle funktioner<\/td><td>Dyrt<\/td><td>pinegrow.com<\/td><\/tr><tr><td>HTML5-editor<\/td><td>Online HTML-editor<\/td><td>Gratis, ingen tilmelding<\/td><td>Annoncer til stede<\/td><td>html5-editor.net<\/td><\/tr><tr><td>Quackit<\/td><td>Vejledninger i HTML-kode, eksempler<\/td><td>Uddannelse, Gratis<\/td><td>Grundl\u00e6ggende funktioner<\/td><td>quackit.com<\/td><\/tr><tr><td>FreeFormatter<\/td><td>HTML-formaterer, forsk\u00f8nner<\/td><td>Hurtig, gratis<\/td><td>Annoncer til stede<\/td><td>freeformatter.com<\/td><\/tr><tr><td>JSFiddle<\/td><td>Online-editor, HTML, CSS, JS<\/td><td>Samarbejdsvillig, alsidig<\/td><td>Kr\u00e6ver login<\/td><td>jsfiddle.net<\/td><\/tr><tr><td>HTML-tabelgenerator<\/td><td>Bordopretter, tilpasning<\/td><td>Let at bruge, gratis<\/td><td>Begr\u00e6nsede funktioner<\/td><td>rapidtables.com<\/td><\/tr><\/tbody><\/table><\/figure>\n\n\n\n<h3 class=\"wp-block-heading\">Fordele og ulemper ved HTML-kodegenereringsindustrien<\/h3>\n\n\n\n<h4 class=\"wp-block-heading\">Fordele:<\/h4>\n\n\n\n<ul class=\"wp-block-list\">\n<li class=\"\"><strong>Tilg\u00e6ngelighed<\/strong>: V\u00e6rkt\u00f8jerne er gratis tilg\u00e6ngelige online.<\/li>\n\n\n\n<li class=\"\"><strong>Tidsbesparende<\/strong>: Fremskynder kodningsprocessen.<\/li>\n\n\n\n<li class=\"\"><strong>Brugervenlig<\/strong>: Velegnet til begyndere og professionelle.<\/li>\n<\/ul>\n\n\n\n<h4 class=\"wp-block-heading\">Ulemper:<\/h4>\n\n\n\n<ul class=\"wp-block-list\">\n<li class=\"\"><strong>Gr\u00e6nser for tilpasning<\/strong>: Nogle v\u00e6rkt\u00f8jer tilbyder begr\u00e6nset tilpasning.<\/li>\n\n\n\n<li class=\"\"><strong>Afh\u00e6ngighed af internettet<\/strong>: Kr\u00e6ver en internetforbindelse.<\/li>\n\n\n\n<li class=\"\"><strong>L\u00e6ringskurve<\/strong>: Nogle avancerede funktioner kan kr\u00e6ve indl\u00e6ring.<\/li>\n<\/ul>\n\n\n\n<h4 class=\"wp-block-heading\">Fordele og udfordringer:<\/h4>\n\n\n\n<ul class=\"wp-block-list\">\n<li class=\"\"><strong>Fordele<\/strong>: Effektivitet, n\u00f8jagtighed, alsidighed.<\/li>\n\n\n\n<li class=\"\"><strong>Udfordringer<\/strong>: Tilpasning, internetafh\u00e6ngighed, l\u00e6ringskrav.<\/li>\n<\/ul>\n\n\n\n<h4 class=\"wp-block-heading\">Anbefalinger:<\/h4>\n\n\n\n<ul class=\"wp-block-list\">\n<li class=\"\">Brug velrenommerede v\u00e6rkt\u00f8jer med st\u00e6rk support.<\/li>\n\n\n\n<li class=\"\">Kombiner med manuel kodning til mere komplekse opgaver.<\/li>\n\n\n\n<li class=\"\">Opdater j\u00e6vnligt din viden om nye v\u00e6rkt\u00f8jer og funktioner.<\/li>\n<\/ul>\n\n\n\n<h3 class=\"wp-block-heading\">OFTE STILLEDE SP\u00d8RGSM\u00c5L<\/h3>\n\n\n\n<ol class=\"wp-block-list\">\n<li class=\"\"><strong>Hvordan genererer jeg HTML-kode fra sk\u00e6rmbilleder?<\/strong>\n<ul class=\"wp-block-list\">\n<li class=\"\">Brug vores anbefalede v\u00e6rkt\u00f8j: <a href=\"https:\/\/aiartfree.online\/da\/html-kode-generator\/\">HTML-kodegenerator<\/a><\/li>\n<\/ul>\n<\/li>\n\n\n\n<li class=\"\"><strong>Kan Adobe XD generere HTML-kode?<\/strong>\n<ul class=\"wp-block-list\">\n<li class=\"\">Adobe XD genererer ikke HTML-kode direkte.<\/li>\n<\/ul>\n<\/li>\n\n\n\n<li class=\"\"><strong>Hvordan genererer man automatisk HTML-kode i VSCode?<\/strong>\n<ul class=\"wp-block-list\">\n<li class=\"\">Brug udvidelser som Emmet.<\/li>\n<\/ul>\n<\/li>\n\n\n\n<li class=\"\"><strong>Hvordan genererer jeg HTML-kode?<\/strong>\n<ul class=\"wp-block-list\">\n<li class=\"\">Brug vores anbefalede v\u00e6rkt\u00f8j: <a href=\"https:\/\/aiartfree.online\/da\/html-kode-generator\/\">HTML-kodegenerator<\/a><\/li>\n<\/ul>\n<\/li>\n\n\n\n<li class=\"\"><strong>Hvordan genererer jeg HTML-kode fra et billede?<\/strong>\n<ul class=\"wp-block-list\">\n<li class=\"\">Brug vores anbefalede v\u00e6rkt\u00f8j: <a href=\"https:\/\/aiartfree.online\/da\/html-kode-generator\/\">HTML-kodegenerator<\/a><\/li>\n<\/ul>\n<\/li>\n\n\n\n<li class=\"\"><strong>Findes der en gratis HTML-kodegenerator?<\/strong>\n<ul class=\"wp-block-list\">\n<li class=\"\">Ja, mange v\u00e6rkt\u00f8jer er 100% gratis og ubegr\u00e6nsede.<\/li>\n<\/ul>\n<\/li>\n\n\n\n<li class=\"\"><strong>Kan jeg generere HTML-kode uden at tilmelde mig?<\/strong>\n<ul class=\"wp-block-list\">\n<li class=\"\">Ja, vores v\u00e6rkt\u00f8j kr\u00e6ver ingen tilmelding.<\/li>\n<\/ul>\n<\/li>\n\n\n\n<li class=\"\"><strong>Hvad er den bedste HTML-kodegenerator?<\/strong>\n<ul class=\"wp-block-list\">\n<li class=\"\">Vores v\u00e6rkt\u00f8j kan varmt anbefales p\u00e5 grund af dets funktioner og brugervenlighed.<\/li>\n<\/ul>\n<\/li>\n\n\n\n<li class=\"\"><strong>Hvordan opretter man nemt en tabel i HTML?<\/strong>\n<ul class=\"wp-block-list\">\n<li class=\"\">Brug et v\u00e6rkt\u00f8j til at lave HTML-tabeller.<\/li>\n<\/ul>\n<\/li>\n\n\n\n<li class=\"\"><strong>Kan jeg generere HTML-kode til tekst?<\/strong><\/li>\n<\/ol>\n\n\n\n<ul class=\"wp-block-list\">\n<li class=\"\">Ja, brug vores HTML-tekstgenerator.<\/li>\n<\/ul>\n\n\n\n<h3 class=\"wp-block-heading\">Sammenfatning<\/h3>\n\n\n\n<h4 class=\"wp-block-heading\">De st\u00f8rste fordele:<\/h4>\n\n\n\n<ul class=\"wp-block-list\">\n<li class=\"\"><strong>Effektivitet<\/strong>: Fremskynder kodningsprocessen.<\/li>\n\n\n\n<li class=\"\"><strong>Brugervenlig<\/strong>: Velegnet til alle niveauer.<\/li>\n\n\n\n<li class=\"\"><strong>Alsidighed<\/strong>: Genererer forskellige HTML-elementer.<\/li>\n<\/ul>\n\n\n\n<p class=\"\">Begynd at bruge vores <a href=\"https:\/\/aiartfree.online\/da\/html-kode-generator\/\">HTML-kodegenerator<\/a> i dag for at skabe HTML-kode uden besv\u00e6r og forbedre dine webudviklingsprojekter.<\/p>\n\n\n\n<p class=\"\">Hvis du har yderligere sp\u00f8rgsm\u00e5l, kan du stille dem her <a href=\"https:\/\/chatgpt4o.space\/\" target=\"_blank\" data-type=\"link\" data-id=\"https:\/\/chatgpt4o.space\/\" rel=\"noreferrer noopener\">gratis online chat GPT 4o<\/a>.<br><\/p>","protected":false},"excerpt":{"rendered":"<p>Before vs After How to use the HTML Code Generator * Feel free to try our examples below if you don&#8217;t have any thoughts in your mind *&nbsp;Depending on your internet speed, loading the model may take up to 10 seconds \u2193 Efficient and User-Friendly HTML Code Generators: The Ultimate Tool for Web Development What &#8230; <a title=\"HTML-kodegenerator\" class=\"read-more\" href=\"https:\/\/aiartfree.online\/da\/html-kode-generator\/\" aria-label=\"Read more about HTML Code Generator\">L\u00e6s mere <\/a><\/p>","protected":false},"author":1,"featured_media":3427,"parent":0,"menu_order":0,"comment_status":"open","ping_status":"closed","template":"","meta":{"nf_dc_page":"","footnotes":""},"class_list":["post-3416","page","type-page","status-publish","has-post-thumbnail"],"jetpack_sharing_enabled":true,"_links":{"self":[{"href":"https:\/\/aiartfree.online\/da\/wp-json\/wp\/v2\/pages\/3416","targetHints":{"allow":["GET"]}}],"collection":[{"href":"https:\/\/aiartfree.online\/da\/wp-json\/wp\/v2\/pages"}],"about":[{"href":"https:\/\/aiartfree.online\/da\/wp-json\/wp\/v2\/types\/page"}],"author":[{"embeddable":true,"href":"https:\/\/aiartfree.online\/da\/wp-json\/wp\/v2\/users\/1"}],"replies":[{"embeddable":true,"href":"https:\/\/aiartfree.online\/da\/wp-json\/wp\/v2\/comments?post=3416"}],"version-history":[{"count":0,"href":"https:\/\/aiartfree.online\/da\/wp-json\/wp\/v2\/pages\/3416\/revisions"}],"wp:featuredmedia":[{"embeddable":true,"href":"https:\/\/aiartfree.online\/da\/wp-json\/wp\/v2\/media\/3427"}],"wp:attachment":[{"href":"https:\/\/aiartfree.online\/da\/wp-json\/wp\/v2\/media?parent=3416"}],"curies":[{"name":"wp","href":"https:\/\/api.w.org\/{rel}","templated":true}]}}