{"id":3412,"date":"2024-08-01T08:56:22","date_gmt":"2024-08-01T08:56:22","guid":{"rendered":"https:\/\/aiartfree.online\/?page_id=3412"},"modified":"2024-08-01T09:11:21","modified_gmt":"2024-08-01T09:11:21","slug":"speech-to-text","status":"publish","type":"page","link":"https:\/\/aiartfree.online\/da\/tale-til-tekst\/","title":{"rendered":"Tale til tekst"},"content":{"rendered":"<h2 class=\"wp-block-heading\">S\u00e5dan bruger du tale til tekst<\/h2>\n\n\n\n<ol class=\"wp-block-list\">\n<li class=\"\">Upload din lydfil, vent et \u00f8jeblik<\/li>\n\n\n\n<li class=\"\">Klik p\u00e5 \"Transskriber lyd\"<\/li>\n\n\n\n<li class=\"\">Vent, det er det!<\/li>\n<\/ol>\n\n\n\n<p class=\"\">* Posten er i \u00f8jeblikket ikke tilg\u00e6ngelig<\/p>\n\n\n\n<p class=\"\"><em>* Afh\u00e6ngigt af din internethastighed kan indl\u00e6sning af modellen tage <\/em>op til 10 sekunder \u2193<\/p>\n\n\n\n<div style=\"text-align: center; border: 2px solid; border-image-source: linear-gradient(to right, #16b86c, #912899); border-image-slice: 1; box-shadow: 0 0 10px rgba(0, 0, 0, 0.1); border-radius: 15px; position: relative;\">\n  <div class=\"loading\" style=\"position: absolute; top: 100px; left: 50%; transform: translate(-50%, -50%); width: 40px; height: 40px; border: 3px solid #f0f0f0; border-top: 3px solid #16b86c; border-radius: 50%; animation: spin 1s linear infinite;\"><\/div>\n  <iframe loading=\"lazy\"\n    src=\"https:\/\/xenova-whisper-web.static.hf.space\"\n    frameborder=\"0\"\n    width=\"100%\"\n    height=\"900\"\n    style=\"display: inline-block; margin: 0 auto; opacity: 0; transition: opacity 0.3s;\"\n    onload=\"this.style.opacity=1;this.previousElementSibling.style.display='none';\"\n  ><\/iframe>\n<\/div>\n<style>\n@keyframes spin {\n  0% { transform: translate(-50%, -50%) rotate(0deg); }\n  100% { transform: translate(-50%, -50%) rotate(360deg); }\n}\n<\/style>\n\n\n\n<div style=\"height:80px\" aria-hidden=\"true\" class=\"wp-block-spacer\"><\/div>\n\n\n\n<h2 class=\"wp-block-heading\">Den ultimative guide til tale til tekst<\/h2>\n\n\n\n<h3 class=\"wp-block-heading\">Sammenfattende oversigt<\/h3>\n\n\n\n<p class=\"\">Denne artikel giver et omfattende overblik over tale-til-tekst-teknologi, herunder definition, fordele, hovedfunktioner, m\u00e5lgruppe og brugsanvisninger. Den fremh\u00e6ver forskellige brugssituationer og giver en detaljeret sammenligning af de bedste v\u00e6rkt\u00f8jer og oplysninger fra 10 relaterede websteder. Artiklen afsluttes med en diskussion af fordele og ulemper i branchen og svar p\u00e5 ofte stillede sp\u00f8rgsm\u00e5l.<\/p>\n\n\n\n<figure class=\"wp-block-image size-large is-resized\"><img data-recalc-dims=\"1\" data-dominant-color=\"f3f5f6\" data-has-transparency=\"false\" decoding=\"async\" width=\"1024\" height=\"616\"   loading=\"lazy\" src=\"https:\/\/i0.wp.com\/aiartfree.online\/wp-content\/uploads\/2024\/08\/WX20240801-130434%402x-1-1024x616.webp?resize=1024%2C616&#038;ssl=1\" alt=\"Tale til tekst, ogs\u00e5 kendt som stemmegenkendelse eller talegenkendelse, er en teknologi, der omdanner talte ord til skrevet tekst. Den udnytter sofistikerede algoritmer og kunstig intelligens til at forst\u00e5 og transskribere menneskelig tale i realtid eller fra optagede lydfiler.\" class=\"wp-image-3418 not-transparent\" style=\"--dominant-color: #f3f5f6; width:691px;height:auto\" srcset=\"https:\/\/i0.wp.com\/aiartfree.online\/wp-content\/uploads\/2024\/08\/WX20240801-130434%402x-1-jpg.webp?resize=1024%2C616&amp;ssl=1 1024w, https:\/\/i0.wp.com\/aiartfree.online\/wp-content\/uploads\/2024\/08\/WX20240801-130434%402x-1-jpg.webp?resize=300%2C180&amp;ssl=1 300w, https:\/\/i0.wp.com\/aiartfree.online\/wp-content\/uploads\/2024\/08\/WX20240801-130434%402x-1-jpg.webp?resize=768%2C462&amp;ssl=1 768w, https:\/\/i0.wp.com\/aiartfree.online\/wp-content\/uploads\/2024\/08\/WX20240801-130434%402x-1-jpg.webp?resize=1536%2C923&amp;ssl=1 1536w, https:\/\/i0.wp.com\/aiartfree.online\/wp-content\/uploads\/2024\/08\/WX20240801-130434%402x-1-jpg.webp?resize=18%2C12&amp;ssl=1 18w, https:\/\/i0.wp.com\/aiartfree.online\/wp-content\/uploads\/2024\/08\/WX20240801-130434%402x-1-jpg.webp?resize=600%2C361&amp;ssl=1 600w, https:\/\/i0.wp.com\/aiartfree.online\/wp-content\/uploads\/2024\/08\/WX20240801-130434%402x-1-jpg.webp?w=1898&amp;ssl=1 1898w\" sizes=\"auto, (max-width: 1024px) 100vw, 1024px\" \/><\/figure>\n\n\n\n<h3 class=\"wp-block-heading\">Indholdsfortegnelse<\/h3>\n\n\n\n<ol class=\"wp-block-list\">\n<li class=\"\"><a href=\"#what-is-speech-to-text\">Hvad er tale til tekst?<\/a><\/li>\n\n\n\n<li class=\"\"><a href=\"#why-use-speech-to-text\">Hvorfor bruge tale til tekst?<\/a><\/li>\n\n\n\n<li class=\"\"><a href=\"#main-features-of-speech-to-text\">De vigtigste funktioner i Tale til tekst<\/a><\/li>\n\n\n\n<li class=\"\"><a href=\"#who-should-use-speech-to-text\">Hvem b\u00f8r bruge tale til tekst?<\/a><\/li>\n\n\n\n<li class=\"\"><a href=\"#how-to-use-speech-to-text\">S\u00e5dan bruger du tale til tekst<\/a><\/li>\n\n\n\n<li class=\"\"><a href=\"#speech-to-text-use-cases\">Use cases med tale til tekst<\/a><\/li>\n\n\n\n<li class=\"\"><a href=\"#top-10-tools-and-information\">Top 10 v\u00e6rkt\u00f8jer og information<\/a><\/li>\n\n\n\n<li class=\"\"><a href=\"#industry-pros-and-cons\">Fordele og ulemper i branchen<\/a><\/li>\n\n\n\n<li class=\"\"><a href=\"#faq\">OFTE STILLEDE SP\u00d8RGSM\u00c5L<\/a><\/li>\n\n\n\n<li class=\"\"><a href=\"#summary\">Sammenfatning<\/a><\/li>\n<\/ol>\n\n\n\n<h2 class=\"wp-block-heading\">Hvad er tale til tekst?<\/h2>\n\n\n\n<p class=\"\">Tale til tekst, ogs\u00e5 kendt som stemmegenkendelse eller talegenkendelse, er en teknologi, der omdanner talte ord til skrevet tekst. Den udnytter sofistikerede algoritmer og kunstig intelligens til at forst\u00e5 og transskribere menneskelig tale i realtid eller fra optagede lydfiler.<\/p>\n\n\n\n<h2 class=\"wp-block-heading\">Hvorfor bruge tale til tekst?<\/h2>\n\n\n\n<p class=\"\">Tale til tekst-teknologien har mange fordele, som g\u00f8r den til et vigtigt v\u00e6rkt\u00f8j for forskellige brugere og brancher. De vigtigste fordele omfatter:<\/p>\n\n\n\n<ul class=\"wp-block-list\">\n<li class=\"\"><strong>Effektivitet<\/strong>: Fremskynder processen med at skabe skriftligt indhold.<\/li>\n\n\n\n<li class=\"\"><strong>Tilg\u00e6ngelighed<\/strong>: Hj\u00e6lper personer med handicap eller dem, der foretr\u00e6kker stemmeinput.<\/li>\n\n\n\n<li class=\"\"><strong>Bekvemmelighed<\/strong>: Giver mulighed for h\u00e5ndfri betjening og multitasking.<\/li>\n\n\n\n<li class=\"\"><strong>N\u00f8jagtighed<\/strong>: Avancerede algoritmer reducerer fejl og forbedrer transskriptionskvaliteten.<\/li>\n\n\n\n<li class=\"\"><strong>Alsidighed<\/strong>: Underst\u00f8tter flere sprog og kan integreres med andre v\u00e6rkt\u00f8jer som Google Docs og Google Drive.<\/li>\n<\/ul>\n\n\n\n<h2 class=\"wp-block-heading\">De vigtigste funktioner i Tale til tekst<\/h2>\n\n\n\n<h3 class=\"wp-block-heading\">Transskription i realtid<\/h3>\n\n\n\n<p class=\"\">Konverterer talte ord til tekst med det samme, hvilket giver \u00f8jeblikkelig feedback og mulighed for problemfri kommunikation og dokumentation.<\/p>\n\n\n\n<h3 class=\"wp-block-heading\">Transskription af lydfiler<\/h3>\n\n\n\n<p class=\"\">Behandler forudindspillede lydfiler, hvilket g\u00f8r det nemt at transskribere m\u00f8der, forel\u00e6sninger og interviews.<\/p>\n\n\n\n<h3 class=\"wp-block-heading\">Underst\u00f8ttelse af flere sprog<\/h3>\n\n\n\n<p class=\"\">Genkender og transskriberer tale p\u00e5 forskellige sprog og henvender sig til et globalt publikum.<\/p>\n\n\n\n<h3 class=\"wp-block-heading\">Stemmeskrivning og kontrol<\/h3>\n\n\n\n<p class=\"\">G\u00f8r det muligt for brugerne at skrive og styre deres enheder ved hj\u00e6lp af stemmekommandoer, hvilket \u00f8ger produktiviteten og tilg\u00e6ngeligheden.<\/p>\n\n\n\n<h3 class=\"wp-block-heading\">H\u00e5ndtering af baggrundsst\u00f8j<\/h3>\n\n\n\n<p class=\"\">Filtrerer baggrundsst\u00f8j for at forbedre n\u00f8jagtigheden af transskriptioner og sikre en klar og pr\u00e6cis tekst.<\/p>\n\n\n\n<h2 class=\"wp-block-heading\">Hvem b\u00f8r bruge tale til tekst?<\/h2>\n\n\n\n<h3 class=\"wp-block-heading\">Personer med handicap<\/h3>\n\n\n\n<p class=\"\">Det er et v\u00e6rdifuldt v\u00e6rkt\u00f8j for personer med fysiske begr\u00e6nsninger, s\u00e5 de kan interagere med teknologi ved hj\u00e6lp af stemmekommandoer.<\/p>\n\n\n\n<h3 class=\"wp-block-heading\">Professionelle og studerende<\/h3>\n\n\n\n<p class=\"\">Ideel til at oprette dokumenter, tage noter og transskribere m\u00f8der eller forel\u00e6sninger hurtigt og pr\u00e6cist.<\/p>\n\n\n\n<h3 class=\"wp-block-heading\">Skabere af indhold<\/h3>\n\n\n\n<p class=\"\">\u00d8ger effektiviteten af indholdsskabelse ved at konvertere talte ideer til tekst, hvilket sparer tid og kr\u00e6fter.<\/p>\n\n\n\n<h3 class=\"wp-block-heading\">Flersprogede brugere<\/h3>\n\n\n\n<p class=\"\">Hj\u00e6lper brugere, der har brug for at transskribere tale p\u00e5 forskellige sprog, hvilket letter kommunikation og dokumentation p\u00e5 tv\u00e6rs af sproglige barrierer.<\/p>\n\n\n\n<h2 class=\"wp-block-heading\">S\u00e5dan bruger du tale til tekst<\/h2>\n\n\n\n<h3 class=\"wp-block-heading\">Trin-for-trin instruktioner<\/h3>\n\n\n\n<ol class=\"wp-block-list\">\n<li class=\"\"><strong>V\u00e6lg et v\u00e6rkt\u00f8j<\/strong>: V\u00e6lg et p\u00e5lideligt tale-til-tekst-v\u00e6rkt\u00f8j som <a href=\"https:\/\/aiartfree.online\/da\/tale-til-tekst\/\">aiartfree.online<\/a>.<\/li>\n\n\n\n<li class=\"\"><strong>\u00c5bn applikationen<\/strong>: F\u00e5 adgang til webappen p\u00e5 din enhed.<\/li>\n\n\n\n<li class=\"\"><strong>Tryk p\u00e5 mikrofonen<\/strong>: Aktiv\u00e9r mikrofonen for at starte optagelsen.<\/li>\n\n\n\n<li class=\"\"><strong>Tal klart og tydeligt<\/strong>: S\u00f8rg for at tale tydeligt og undg\u00e5 baggrundsst\u00f8j.<\/li>\n\n\n\n<li class=\"\"><strong>Rediger og gem<\/strong>: Gennemg\u00e5 transskriptionen for n\u00f8jagtighed, foretag de n\u00f8dvendige \u00e6ndringer, og gem dokumentet.<\/li>\n<\/ol>\n\n\n\n<h2 class=\"wp-block-heading\">Use cases med tale til tekst<\/h2>\n\n\n\n<h3 class=\"wp-block-heading\">Akademisk transskription<\/h3>\n\n\n\n<p class=\"\">Studerende og undervisere kan transskribere forel\u00e6sninger og forskningsinterviews, s\u00e5 de nemt kan referere til dem og studere dem.<\/p>\n\n\n\n<h3 class=\"wp-block-heading\">Forretningsm\u00f8der<\/h3>\n\n\n\n<p class=\"\">Professionelle kan transskribere m\u00f8der, brainstorming-sessioner og konferencer for at sikre n\u00f8jagtig registrering og deling.<\/p>\n\n\n\n<h3 class=\"wp-block-heading\">Skabelse af indhold<\/h3>\n\n\n\n<p class=\"\">Forfattere og bloggere kan diktere deres ideer og indhold og dermed fremskynde skriveprocessen.<\/p>\n\n\n\n<h3 class=\"wp-block-heading\">Tilg\u00e6ngelighed<\/h3>\n\n\n\n<p class=\"\">Personer med handicap kan bruge tale-til-tekst til lettere interaktion med teknologi og til at oprette dokumenter uden at skrive.<\/p>\n\n\n\n<h3 class=\"wp-block-heading\">Kundeservice<\/h3>\n\n\n\n<p class=\"\">Virksomheder kan transskribere kundeopkald til kvalitetskontrol og uddannelsesform\u00e5l.<\/p>\n\n\n\n<h2 class=\"wp-block-heading\">Top 10 v\u00e6rkt\u00f8jer og information<\/h2>\n\n\n\n<figure class=\"wp-block-table\"><table class=\"has-fixed-layout\"><thead><tr><th>V\u00e6rkt\u00f8j\/websted<\/th><th>Funktioner<\/th><th>Fordele<\/th><th>Udfordringer<\/th><th>Anbefalinger<\/th><\/tr><\/thead><tbody><tr><td><a>Google Docs Voice Typing<\/a><\/td><td>Integration med Google Docs, transskription i realtid<\/td><td>Let at bruge, ingen tilmelding n\u00f8dvendig<\/td><td>Kr\u00e6ver internetforbindelse<\/td><td>Ideel til brugere af Google Drev<\/td><\/tr><tr><td><a href=\"https:\/\/otter.ai\/\" target=\"_blank\" rel=\"noopener\">Otter.ai<\/a><\/td><td>Avanceret AI, transskription i realtid<\/td><td>Underst\u00f8tter flere sprog, samarbejdsfunktioner<\/td><td>Begr\u00e6nset gratis version<\/td><td>Bedst til teamsamarbejde<\/td><\/tr><tr><td><a href=\"https:\/\/www.rev.com\/\" target=\"_blank\" rel=\"noopener\">Rev.com<\/a><\/td><td>Menneskelige transskriptionstjenester<\/td><td>H\u00f8j n\u00f8jagtighed, hurtig ekspedition<\/td><td>Betalt service<\/td><td>Velegnet til transskriptioner af h\u00f8j kvalitet<\/td><\/tr><tr><td><a href=\"https:\/\/www.temi.com\/\" target=\"_blank\" rel=\"noopener\">Temi.com<\/a><\/td><td>Automatiseret transskription<\/td><td>Prisbillig, hurtig<\/td><td>Lavere n\u00f8jagtighed end menneskelige tjenester<\/td><td>God til hurtige, billige transskriptioner<\/td><\/tr><tr><td><a href=\"https:\/\/www.descript.com\/\" target=\"_blank\" rel=\"noopener\">Beskrivelse<\/a><\/td><td>Lyd- og videotransskription, redigeringsfunktioner<\/td><td>Integreres med redigeringssoftware, pr\u00e6cis<\/td><td>Kr\u00e6ver abonnement<\/td><td>Perfekt til podcastere og videoredigerere<\/td><\/tr><tr><td><a href=\"https:\/\/www.trint.com\/\" target=\"_blank\" rel=\"noopener\">Trint<\/a><\/td><td>AI-transskription, redigeringsv\u00e6rkt\u00f8jer<\/td><td>H\u00f8j n\u00f8jagtighed, nem at bruge<\/td><td>Begr\u00e6nset gratis version<\/td><td>Bedst for journalister og forskere<\/td><\/tr><tr><td><a href=\"https:\/\/sonix.ai\/\" target=\"_blank\" rel=\"noopener\">Sonix.ai<\/a><\/td><td>Automatisk transskription, underst\u00f8ttelse af flere sprog<\/td><td>Pr\u00e6cis, hurtig<\/td><td>Abonnement p\u00e5kr\u00e6vet<\/td><td>Ideel til flersprogede brugere<\/td><\/tr><tr><td><a href=\"https:\/\/www.speechtexter.com\/\" target=\"_blank\" rel=\"noopener\">SpeechTexter<\/a><\/td><td>Transskription i realtid, underst\u00f8tter mange sprog<\/td><td>Gratis, ingen tilmelding n\u00f8dvendig<\/td><td>Behov for internetforbindelse<\/td><td>Bedst til afslappede brugere<\/td><\/tr><tr><td><a>Nuance Dragon<\/a><\/td><td>Transskriptionssoftware i professionel kvalitet<\/td><td>Meget pr\u00e6cis, kan tilpasses<\/td><td>Dyrt<\/td><td>Velegnet til professionel brug<\/td><\/tr><tr><td><a href=\"https:\/\/azure.microsoft.com\/en-us\/services\/cognitive-services\/speech-to-text\/\" target=\"_blank\" rel=\"noopener\">Microsoft Azure Tale<\/a><\/td><td>Cloud-baseret, skalerbar<\/td><td>H\u00f8j n\u00f8jagtighed, integreres med andre Microsoft-tjenester<\/td><td>Kr\u00e6ver teknisk viden<\/td><td>Bedst til virksomhedsl\u00f8sninger<\/td><\/tr><\/tbody><\/table><\/figure>\n\n\n\n<h2 class=\"wp-block-heading\">Fordele og ulemper i branchen<\/h2>\n\n\n\n<h3 class=\"wp-block-heading\">Fordele<\/h3>\n\n\n\n<ul class=\"wp-block-list\">\n<li class=\"\"><strong>Effektivitet<\/strong>: Fremskynder transskriptionsprocessen.<\/li>\n\n\n\n<li class=\"\"><strong>Tilg\u00e6ngelighed<\/strong>: G\u00f8r teknologi mere tilg\u00e6ngelig for mennesker med handicap.<\/li>\n\n\n\n<li class=\"\"><strong>St\u00f8tte til flere sprog<\/strong>: Faciliterer kommunikation p\u00e5 flere sprog.<\/li>\n<\/ul>\n\n\n\n<h3 class=\"wp-block-heading\">Ulemper<\/h3>\n\n\n\n<ul class=\"wp-block-list\">\n<li class=\"\"><strong>N\u00f8jagtighed<\/strong>: Kan have problemer med accenter og baggrundsst\u00f8j.<\/li>\n\n\n\n<li class=\"\"><strong>Privatlivets fred<\/strong>: Bekymringer om sikkerheden af transskriberede data.<\/li>\n\n\n\n<li class=\"\"><strong>Omkostninger<\/strong>: Nogle v\u00e6rkt\u00f8jer af h\u00f8j kvalitet kr\u00e6ver abonnementer eller gebyrer.<\/li>\n<\/ul>\n\n\n\n<h2 class=\"wp-block-heading\">OFTE STILLEDE SP\u00d8RGSM\u00c5L<\/h2>\n\n\n\n<h3 class=\"wp-block-heading\">Hvad er det bedste gratis tale-til-tekst-v\u00e6rkt\u00f8j?<\/h3>\n\n\n\n<p class=\"\">Det bedste gratis v\u00e6rkt\u00f8j er <a>Google Docs Voice Typing<\/a>som tilbyder nem integration og ikke kr\u00e6ver nogen tilmelding.<\/p>\n\n\n\n<h3 class=\"wp-block-heading\">Hvor pr\u00e6cis er tale-til-tekst-software?<\/h3>\n\n\n\n<p class=\"\">N\u00f8jagtigheden varierer fra v\u00e6rkt\u00f8j til v\u00e6rkt\u00f8j, men avancerede AI-modeller som dem, der bruges af Otter.ai og Rev.com, giver h\u00f8j n\u00f8jagtighed.<\/p>\n\n\n\n<h3 class=\"wp-block-heading\">Kan tale-til-tekst h\u00e5ndtere flere sprog?<\/h3>\n\n\n\n<p class=\"\">Ja, mange v\u00e6rkt\u00f8jer underst\u00f8tter flere sprog, herunder Otter.ai og Sonix.ai.<\/p>\n\n\n\n<h3 class=\"wp-block-heading\">Er tale-til-tekst sikkert?<\/h3>\n\n\n\n<p class=\"\">De fleste velrenommerede v\u00e6rkt\u00f8jer har st\u00e6rke sikkerhedsforanstaltninger, men l\u00e6s altid deres privatlivspolitik.<\/p>\n\n\n\n<h3 class=\"wp-block-heading\">Kan jeg bruge tale-til-tekst offline?<\/h3>\n\n\n\n<p class=\"\">Nogle v\u00e6rkt\u00f8jer tilbyder offline-funktioner, men de fleste kr\u00e6ver en internetforbindelse til realtidsbehandling.<\/p>\n\n\n\n<h3 class=\"wp-block-heading\">Hvordan forbedrer jeg transskriptionens n\u00f8jagtighed?<\/h3>\n\n\n\n<p class=\"\">Tal tydeligt, minimer baggrundsst\u00f8j, og brug en mikrofon af h\u00f8j kvalitet.<\/p>\n\n\n\n<h3 class=\"wp-block-heading\">Findes der tale-til-tekst-apps til mobilen?<\/h3>\n\n\n\n<p class=\"\">Ja, mange v\u00e6rkt\u00f8jer som Google Docs Voice Typing og Otter.ai tilbyder mobilapps.<\/p>\n\n\n\n<h3 class=\"wp-block-heading\">Kan jeg redigere den transskriberede tekst?<\/h3>\n\n\n\n<p class=\"\">Ja, de fleste v\u00e6rkt\u00f8jer giver dig mulighed for at redigere transskriptionen, s\u00e5 den bliver n\u00f8jagtig.<\/p>\n\n\n\n<h3 class=\"wp-block-heading\">Hvad er de vigtigste anvendelser af tale-til-tekst?<\/h3>\n\n\n\n<p class=\"\">Almindelige anvendelser omfatter akademisk transskription, forretningsm\u00f8der, oprettelse af indhold, tilg\u00e6ngelighed og kundeservice.<\/p>\n\n\n\n<h3 class=\"wp-block-heading\">Hvordan integrerer jeg tale-til-tekst med andre v\u00e6rkt\u00f8jer?<\/h3>\n\n\n\n<p class=\"\">Mange v\u00e6rkt\u00f8jer tilbyder integration med platforme som Google Drive, Microsoft Office og forskellige redigeringssoftware.<\/p>\n\n\n\n<h2 class=\"wp-block-heading\">Sammenfatning<\/h2>\n\n\n\n<p class=\"\">Tale-til-tekst-teknologi giver mange fordele, herunder \u00f8get effektivitet, forbedret tilg\u00e6ngelighed og alsidig sprogunderst\u00f8ttelse. V\u00e6rkt\u00f8jer som <a href=\"https:\/\/aiartfree.online\/da\/tale-til-tekst\/\">aiartfree.online<\/a> og Google Docs Voice Typing giver p\u00e5lidelige og brugervenlige muligheder. Uanset om det er til professionel, akademisk eller personlig brug, kan tale-til-tekst str\u00f8mline opgaver og forbedre produktiviteten. Pr\u00f8v disse v\u00e6rkt\u00f8jer i dag, og oplev, hvor nemt det er at konvertere talte ord til skrevet tekst!<\/p>","protected":false},"excerpt":{"rendered":"<p>How to use the Speech to Text * Record is currently not available *\u00a0Depending on your internet speed, loading the model may take up to 10 seconds \u2193 The Ultimate Guide to Speech to Text Summary Outline This article provides a comprehensive overview of speech-to-text technology, including its definition, advantages, main features, target audience, and &#8230; <a title=\"Tale til tekst\" class=\"read-more\" href=\"https:\/\/aiartfree.online\/da\/tale-til-tekst\/\" aria-label=\"Read more about Speech to Text\">L\u00e6s mere <\/a><\/p>","protected":false},"author":1,"featured_media":3418,"parent":0,"menu_order":0,"comment_status":"closed","ping_status":"closed","template":"","meta":{"nf_dc_page":"","footnotes":""},"class_list":["post-3412","page","type-page","status-publish","has-post-thumbnail"],"jetpack_sharing_enabled":true,"_links":{"self":[{"href":"https:\/\/aiartfree.online\/da\/wp-json\/wp\/v2\/pages\/3412","targetHints":{"allow":["GET"]}}],"collection":[{"href":"https:\/\/aiartfree.online\/da\/wp-json\/wp\/v2\/pages"}],"about":[{"href":"https:\/\/aiartfree.online\/da\/wp-json\/wp\/v2\/types\/page"}],"author":[{"embeddable":true,"href":"https:\/\/aiartfree.online\/da\/wp-json\/wp\/v2\/users\/1"}],"replies":[{"embeddable":true,"href":"https:\/\/aiartfree.online\/da\/wp-json\/wp\/v2\/comments?post=3412"}],"version-history":[{"count":0,"href":"https:\/\/aiartfree.online\/da\/wp-json\/wp\/v2\/pages\/3412\/revisions"}],"wp:featuredmedia":[{"embeddable":true,"href":"https:\/\/aiartfree.online\/da\/wp-json\/wp\/v2\/media\/3418"}],"wp:attachment":[{"href":"https:\/\/aiartfree.online\/da\/wp-json\/wp\/v2\/media?parent=3412"}],"curies":[{"name":"wp","href":"https:\/\/api.w.org\/{rel}","templated":true}]}}