{"id":3411,"date":"2024-08-01T09:21:04","date_gmt":"2024-08-01T09:21:04","guid":{"rendered":"https:\/\/aiartfree.online\/?page_id=3411"},"modified":"2024-08-02T11:14:38","modified_gmt":"2024-08-02T11:14:38","slug":"photo-enhancer","status":"publish","type":"page","link":"https:\/\/aiartfree.online\/da\/fotoforstaerker\/","title":{"rendered":"Fotoforst\u00e6rker"},"content":{"rendered":"<h2 class=\"wp-block-heading has-text-align-center\" id=\"before-vs-after\">F\u00f8r vs. efter<\/h2>\n\n\n\n<figure class=\"gb-block-image gb-block-image-1822da1f\"><img data-recalc-dims=\"1\" decoding=\"async\" loading=\"lazy\" width=\"1200\" height=\"429\" class=\"gb-image gb-image-1822da1f\" src=\"https:\/\/i0.wp.com\/aiartfree.online\/wp-content\/uploads\/2024\/08\/WX20240801-131344%402x-jpg.webp?resize=1200%2C429&#038;ssl=1\" alt=\"AI photo enhancer forbedrer kvaliteten af billeder gennem forskellige justeringer og forbedringer. Tilbyder de bedste gratis online AI-billedforbedringsv\u00e6rkt\u00f8jer, uden begr\u00e6nsning.\" title=\"WX20240801-131344@2x\" srcset=\"https:\/\/i0.wp.com\/aiartfree.online\/wp-content\/uploads\/2024\/08\/WX20240801-131344%402x-jpg.webp?w=1500&amp;ssl=1 1500w, https:\/\/i0.wp.com\/aiartfree.online\/wp-content\/uploads\/2024\/08\/WX20240801-131344%402x-jpg.webp?resize=300%2C107&amp;ssl=1 300w, https:\/\/i0.wp.com\/aiartfree.online\/wp-content\/uploads\/2024\/08\/WX20240801-131344%402x-jpg.webp?resize=1024%2C366&amp;ssl=1 1024w, https:\/\/i0.wp.com\/aiartfree.online\/wp-content\/uploads\/2024\/08\/WX20240801-131344%402x-jpg.webp?resize=768%2C274&amp;ssl=1 768w, https:\/\/i0.wp.com\/aiartfree.online\/wp-content\/uploads\/2024\/08\/WX20240801-131344%402x-jpg.webp?resize=18%2C6&amp;ssl=1 18w, https:\/\/i0.wp.com\/aiartfree.online\/wp-content\/uploads\/2024\/08\/WX20240801-131344%402x-jpg.webp?resize=600%2C214&amp;ssl=1 600w\" sizes=\"auto, (max-width: 1200px) 100vw, 1200px\" \/><\/figure>\n\n\n\n<h2 class=\"wp-block-heading\" id=\"how-to-use-the-photo-enhancer\">S\u00e5dan bruger du Photo Enhancer<\/h2>\n\n\n\n<ol class=\"wp-block-list\">\n<li class=\"\">Drop eller upload dit billede<\/li>\n\n\n\n<li class=\"\">Klik p\u00e5 \"Send\"<\/li>\n\n\n\n<li class=\"\">Vent, det er det!<\/li>\n<\/ol>\n\n\n\n<p class=\"\">* Du er velkommen til at pr\u00f8ve vores eksempler nedenfor, hvis du ikke har nogen tanker i hovedet.<\/p>\n\n\n\n<p class=\"\"><em>* Afh\u00e6ngigt af din internethastighed kan indl\u00e6sning af modellen tage <\/em>op til 10 sekunder \u2193<\/p>\n\n\n\n<div class=\"iframe-wrapper\" style=\"position: relative; width: 100%; height: 1580px;\">\n  <div class=\"loading\" style=\"position: absolute; top: 50px; left: 50%; transform: translate(-50%, -50%); width: 40px; height: 40px; border: 3px solid #f0f0f0; border-top: 3px solid #db7093; border-radius: 50%; animation: spin 1s linear infinite;\"><\/div>\n  <iframe loading=\"lazy\" src=\"https:\/\/xintao-gfpgan.hf.space\" frameborder=\"0\" width=\"100%\" height=\"100%\" style=\"position: absolute; top: 0; left: 0; opacity: 0; transition: opacity 0.3s;\" onload=\"this.style.opacity=1;this.previousElementSibling.style.display='none';\"><\/iframe>\n<\/div>\n\n<style>\n@keyframes spin {\n  0% { transform: translate(-50%, -50%) rotate(0deg); }\n  100% { transform: translate(-50%, -50%) rotate(360deg); }\n}\n<\/style>\n\n\n\n<div style=\"height:80px\" aria-hidden=\"true\" class=\"wp-block-spacer\"><\/div>\n\n\n\n<h2 class=\"wp-block-heading\" id=\"enhance-your-photos-with-ai-the-ultimate-guide\">Forbedr dine fotos med AI: Den ultimative guide<\/h2>\n\n\n\n<div class=\"wp-block-rank-math-toc-block\" id=\"rank-math-toc\"><h3>Indholdsfortegnelse<\/h3><nav><ul><li><a href=\"#outline\">Oversigt<\/a><\/li><li><a href=\"#table-of-contents\">Indholdsfortegnelse<\/a><\/li><li><a href=\"#what-is-a-photo-enhancer\">Hvad er en fotoforst\u00e6rker?<\/a><\/li><li><a href=\"#why-use-a-photo-enhancer\">Hvorfor bruge en fotoforbedrer?<\/a><\/li><li><a href=\"#main-features-of-photo-enhancers\">De vigtigste funktioner i Photo Enhancers<\/a><ul><li><a href=\"#ai-powered-enhancements\">AI-drevne forbedringer<\/a><\/li><li><a href=\"#increase-photo-resolution\">\u00d8g fotoopl\u00f8sningen<\/a><\/li><li><a href=\"#improve-photo-quality\">Forbedre fotokvaliteten<\/a><\/li><li><a href=\"#reduce-noise-and-sharpen-details\">Reducer st\u00f8j og sk\u00e6rp detaljerne<\/a><\/li><\/ul><\/li><li><a href=\"#target-audience-and-uses\">M\u00e5lgruppe og anvendelser<\/a><\/li><li><a href=\"#industry-applications\">Anvendelser i industrien<\/a><ul><li><a href=\"#e-commerce\">E-handel<\/a><\/li><li><a href=\"#photography\">Fotografering<\/a><\/li><li><a href=\"#social-media\">Sociale medier<\/a><\/li><li><a href=\"#graphic-design\">Grafisk design<\/a><\/li><\/ul><\/li><li><a href=\"#how-to-use-a-photo-enhancer\">S\u00e5dan bruger du en fotoforst\u00e6rker<\/a><\/li><li><a href=\"#real-world-usage-cases\">Brugsscenarier fra den virkelige verden<\/a><ul><li><a href=\"#product-photography\">Produktfotografering<\/a><\/li><li><a href=\"#family-photos\">Familiefotos<\/a><\/li><li><a href=\"#social-media-posts\">Indl\u00e6g p\u00e5 sociale medier<\/a><\/li><\/ul><\/li><li><a href=\"#comparison-of-top-10-photo-enhancer-tools\">Sammenligning af de 10 bedste fotoforbedringsv\u00e6rkt\u00f8jer<\/a><\/li><li><a href=\"#industry-pros-and-cons\">Fordele og ulemper i branchen<\/a><ul><li><a href=\"#pros\">Fordele<\/a><\/li><li><a href=\"#cons\">Ulemper<\/a><\/li><\/ul><\/li><li><a href=\"#faq\">OFTE STILLEDE SP\u00d8RGSM\u00c5L<\/a><\/li><li><a href=\"#summary\">Sammenfatning<\/a><\/li><\/ul><\/nav><\/div>\n\n\n\n<h3 class=\"wp-block-heading\" id=\"outline\">Oversigt<\/h3>\n\n\n\n<p class=\"\">I denne omfattende guide udforsker vi en verden af fotoforbedring ved hj\u00e6lp af AI-teknologi. Vi kommer ind p\u00e5 definition, fordele, funktioner, m\u00e5lgruppe, brancheanvendelser, brugsanvisninger, eksempler fra den virkelige verden og giver en detaljeret sammenligning af 10 popul\u00e6re v\u00e6rkt\u00f8jer. Vi besvarer ogs\u00e5 ofte stillede sp\u00f8rgsm\u00e5l og opsummerer de vigtigste fordele ved at bruge AI-fotoforst\u00e6rkere sammen med en opfordring til handling.<\/p>\n\n\n\n<h3 class=\"wp-block-heading\" id=\"table-of-contents\">Indholdsfortegnelse<\/h3>\n\n\n\n<ol class=\"wp-block-list\">\n<li class=\"\"><a href=\"#what-is-a-photo-enhancer\">Hvad er en fotoforst\u00e6rker?<\/a><\/li>\n\n\n\n<li class=\"\"><a href=\"#why-use-a-photo-enhancer\">Hvorfor bruge en fotoforbedrer?<\/a><\/li>\n\n\n\n<li class=\"\"><a href=\"#main-features-of-photo-enhancers\">De vigtigste funktioner i Photo Enhancers<\/a><\/li>\n\n\n\n<li class=\"\"><a href=\"#target-audience-and-uses\">M\u00e5lgruppe og anvendelser<\/a><\/li>\n\n\n\n<li class=\"\"><a href=\"#industry-applications\">Anvendelser i industrien<\/a><\/li>\n\n\n\n<li class=\"\"><a href=\"#how-to-use-a-photo-enhancer\">S\u00e5dan bruger du en fotoforst\u00e6rker<\/a><\/li>\n\n\n\n<li class=\"\"><a href=\"#real-world-usage-cases\">Brugsscenarier fra den virkelige verden<\/a><\/li>\n\n\n\n<li class=\"\"><a href=\"#comparison-of-top-10-photo-enhancer-tools\">Sammenligning af de 10 bedste fotoforbedringsv\u00e6rkt\u00f8jer<\/a><\/li>\n\n\n\n<li class=\"\"><a href=\"#industry-pros-and-cons\">Fordele og ulemper i branchen<\/a><\/li>\n\n\n\n<li class=\"\"><a href=\"#faq\">OFTE STILLEDE SP\u00d8RGSM\u00c5L<\/a><\/li>\n\n\n\n<li class=\"\"><a href=\"#summary-and-call-to-action\">Sammenfatning og opfordring til handling<\/a><\/li>\n<\/ol>\n\n\n\n<h3 class=\"wp-block-heading\" id=\"what-is-a-photo-enhancer\">Hvad er en fotoforst\u00e6rker?<\/h3>\n\n\n\n<p class=\"\">En fotoforbedrer er et v\u00e6rkt\u00f8j eller en software, der forbedrer billedkvaliteten gennem forskellige justeringer og forbedringer. Det kan omfatte \u00f8get opl\u00f8sning, reduceret st\u00f8j, sk\u00e6rpede detaljer og forbedret farven\u00f8jagtighed. AI-drevne fotoforst\u00e6rkere bruger avancerede algoritmer og maskinl\u00e6ringsteknikker til at analysere og forbedre billeder automatisk.<\/p>\n\n\n\n<h3 class=\"wp-block-heading\" id=\"why-use-a-photo-enhancer\">Hvorfor bruge en fotoforbedrer?<\/h3>\n\n\n\n<p class=\"\">Der er flere vigtige fordele ved at bruge en fotoforst\u00e6rker:<\/p>\n\n\n\n<ol class=\"wp-block-list\">\n<li class=\"\"><strong>Forbedret fotokvalitet<\/strong>: Forbedre klarheden, skarpheden og den generelle kvalitet af dine billeder.<\/li>\n\n\n\n<li class=\"\"><strong>AI-billedforst\u00e6rker<\/strong>: Udnyt kraften i kunstig intelligens til at opn\u00e5 overlegne resultater med minimal indsats.<\/li>\n\n\n\n<li class=\"\"><strong>Forbedrende v\u00e6rkt\u00f8j for professionelle<\/strong>: Perfekt til grafiske designere, fotografer og influencere p\u00e5 sociale medier, som har brug for billeder i h\u00f8j kvalitet.<\/li>\n\n\n\n<li class=\"\"><strong>Ingen tilmelding n\u00f8dvendig<\/strong>: Mange v\u00e6rkt\u00f8jer, som f.eks. <a href=\"https:\/\/aiartfree.online\/da\/fotoforstaerker\/\">AI Art gratis fotoforbedrer<\/a>tilbyder gratis, ubegr\u00e6nset adgang uden behov for tilmelding.<\/li>\n\n\n\n<li class=\"\"><strong>Alsidighed<\/strong>: Ideel til at forbedre produktbilleder, familiefotos og indl\u00e6g p\u00e5 sociale medier.<\/li>\n\n\n\n<li class=\"\"><strong>Brugervenlig<\/strong>: Enkle gr\u00e6nseflader g\u00f8r det nemt for alle at bruge, uanset teknisk niveau.<\/li>\n<\/ol>\n\n\n\n<h3 class=\"wp-block-heading\" id=\"main-features-of-photo-enhancers\">De vigtigste funktioner i Photo Enhancers<\/h3>\n\n\n\n<h4 class=\"wp-block-heading\" id=\"ai-powered-enhancements\">AI-drevne forbedringer<\/h4>\n\n\n\n<p class=\"\">AI-algoritmer analyserer og forbedrer automatisk billeder og sikrer optimal kvalitet med minimale manuelle justeringer.<\/p>\n\n\n\n<h4 class=\"wp-block-heading\" id=\"increase-photo-resolution\">\u00d8g fotoopl\u00f8sningen<\/h4>\n\n\n\n<p class=\"\">Forbedr opl\u00f8sningen p\u00e5 billeder af lav kvalitet, s\u00e5 de bliver egnede til udskrivning eller professionel brug.<\/p>\n\n\n\n<h4 class=\"wp-block-heading\" id=\"improve-photo-quality\">Forbedre fotokvaliteten<\/h4>\n\n\n\n<p class=\"\">Juster lysstyrke, kontrast og farvebalance for at f\u00e5 det bedste frem i dine fotos.<\/p>\n\n\n\n<h4 class=\"wp-block-heading\" id=\"reduce-noise-and-sharpen-details\">Reducer st\u00f8j og sk\u00e6rp detaljerne<\/h4>\n\n\n\n<p class=\"\">Fjern u\u00f8nsket st\u00f8j og sl\u00f8ring fra billeder for at g\u00f8re dem klarere og mere detaljerede.<\/p>\n\n\n\n<h3 class=\"wp-block-heading\" id=\"target-audience-and-uses\">M\u00e5lgruppe og anvendelser<\/h3>\n\n\n\n<p class=\"\">Fotoforst\u00e6rkere er nyttige til:<\/p>\n\n\n\n<ul class=\"wp-block-list\">\n<li class=\"\"><strong>Grafiske designere<\/strong>: Forbedre billeder til designprojekter.<\/li>\n\n\n\n<li class=\"\"><strong>Fotografer<\/strong>: Forbedre kvaliteten af fotos til kunder.<\/li>\n\n\n\n<li class=\"\"><strong>Influencere p\u00e5 sociale medier<\/strong>: Skab indhold af h\u00f8j kvalitet til sociale medieplatforme.<\/li>\n\n\n\n<li class=\"\"><strong>S\u00e6lgere af e-handel<\/strong>: G\u00f8r produktbilleder mere tiltr\u00e6kkende for potentielle k\u00f8bere.<\/li>\n\n\n\n<li class=\"\"><strong>Familier<\/strong>: Bevar og forbedr dyrebare familiefotos.<\/li>\n<\/ul>\n\n\n\n<h3 class=\"wp-block-heading\" id=\"industry-applications\">Anvendelser i industrien<\/h3>\n\n\n\n<h4 class=\"wp-block-heading\" id=\"e-commerce\">E-handel<\/h4>\n\n\n\n<p class=\"\">Forbedre produktbilleder for at g\u00f8re dem mere tiltr\u00e6kkende, hvilket f\u00f8rer til \u00f8get salg.<\/p>\n\n\n\n<h4 class=\"wp-block-heading\" id=\"photography\">Fotografering<\/h4>\n\n\n\n<p class=\"\">Professionelle fotografer kan bruge fotoforst\u00e6rkere til at forbedre kvaliteten af deres arbejde og g\u00f8re kunderne tilfredse.<\/p>\n\n\n\n<h4 class=\"wp-block-heading\" id=\"social-media\">Sociale medier<\/h4>\n\n\n\n<p class=\"\">Influencere og marketingfolk kan skabe i\u00f8jnefaldende indl\u00e6g, der skiller sig ud i det overfyldte sociale medielandskab.<\/p>\n\n\n\n<h4 class=\"wp-block-heading\" id=\"graphic-design\">Grafisk design<\/h4>\n\n\n\n<p class=\"\">Designere kan forbedre kvaliteten af de billeder, der bruges i deres projekter, hvilket resulterer i mere poleret og professionelt arbejde.<\/p>\n\n\n\n<p class=\"\"><\/p>\n\n\n\n<h3 class=\"wp-block-heading\" id=\"how-to-use-a-photo-enhancer\">S\u00e5dan bruger du en fotoforst\u00e6rker<\/h3>\n\n\n\n<ol class=\"wp-block-list\">\n<li class=\"\"><strong>Upload dit foto<\/strong>: V\u00e6lg det billede, du vil forbedre.<\/li>\n\n\n\n<li class=\"\"><strong>V\u00e6lg forbedringsmuligheder<\/strong>: V\u00e6lg de \u00f8nskede justeringer (f.eks. \u00f8ge opl\u00f8sning, reducere st\u00f8j).<\/li>\n\n\n\n<li class=\"\"><strong>Anvend forbedringer<\/strong>: Lad AI-algoritmerne arbejde med deres magi.<\/li>\n\n\n\n<li class=\"\"><strong>Download det forbedrede foto<\/strong>: Gem det forbedrede billede p\u00e5 din enhed.<\/li>\n<\/ol>\n\n\n\n<h3 class=\"wp-block-heading\" id=\"real-world-usage-cases\">Brugsscenarier fra den virkelige verden<\/h3>\n\n\n\n<h4 class=\"wp-block-heading\" id=\"product-photography\">Produktfotografering<\/h4>\n\n\n\n<p class=\"\">E-handelss\u00e6lgere bruger fotoforst\u00e6rkere til at g\u00f8re produktbilleder mere attraktive, hvilket f\u00f8rer til h\u00f8jere konverteringsrater.<\/p>\n\n\n\n<h4 class=\"wp-block-heading\" id=\"family-photos\">Familiefotos<\/h4>\n\n\n\n<p class=\"\">Personer forbedrer gamle familiefotos for at bevare minder med forbedret klarhed og detaljer.<\/p>\n\n\n\n<h4 class=\"wp-block-heading\" id=\"social-media-posts\">Indl\u00e6g p\u00e5 sociale medier<\/h4>\n\n\n\n<p class=\"\">Influencere forbedrer fotos for at skabe fantastisk indhold, der tiltr\u00e6kker flere f\u00f8lgere og mere engagement.<\/p>\n\n\n\n<h3 class=\"wp-block-heading\" id=\"comparison-of-top-10-photo-enhancer-tools\">Sammenligning af de 10 bedste fotoforbedringsv\u00e6rkt\u00f8jer<\/h3>\n\n\n\n<figure class=\"wp-block-table\"><table class=\"has-fixed-layout\"><thead><tr><th>V\u00e6rkt\u00f8jets navn<\/th><th>Funktioner<\/th><th>Fordele<\/th><th>Ulemper<\/th><th>Hjemmeside<\/th><\/tr><\/thead><tbody><tr><td><strong>AI Art gratis fotoforbedrer<\/strong><\/td><td>AI-drevet, ubegr\u00e6nset brug, ingen tilmelding<\/td><td>100% gratis, nem at bruge<\/td><td>Begr\u00e6nsede avancerede funktioner<\/td><td><a href=\"https:\/\/aiartfree.online\/da\/fotoforstaerker\/\">AI-kunst gratis<\/a><\/td><\/tr><tr><td><strong>Adobe Photoshop<\/strong><\/td><td>Avancerede redigeringsv\u00e6rkt\u00f8jer, AI-forbedringer<\/td><td>Professionel kvalitet, kan tilpasses i h\u00f8j grad<\/td><td>Dyrt, stejl indl\u00e6ringskurve<\/td><td><a href=\"https:\/\/www.adobe.com\/products\/photoshop.html\" target=\"_blank\" rel=\"noopener\">Adobe Photoshop<\/a><\/td><\/tr><tr><td><strong>Luminar AI<\/strong><\/td><td>AI-drevet redigering, skabeloner<\/td><td>Brugervenlig, hurtig behandling<\/td><td>Kr\u00e6ver k\u00f8b<\/td><td><a>Luminar AI<\/a><\/td><\/tr><tr><td><strong>Fotor<\/strong><\/td><td>Online-editor, AI-forbedringer<\/td><td>Gratis version tilg\u00e6ngelig, nem at bruge<\/td><td>Begr\u00e6nsede funktioner i den gratis version<\/td><td><a href=\"https:\/\/www.fotor.com\/\" target=\"_blank\" rel=\"noopener\">Fotor<\/a><\/td><\/tr><tr><td><strong>GIMP<\/strong><\/td><td>Open source-v\u00e6rkt\u00f8jer, der kan tilpasses<\/td><td>Gratis, kraftfulde funktioner<\/td><td>Mindre intuitiv gr\u00e6nseflade<\/td><td><a href=\"https:\/\/www.gimp.org\/\" target=\"_blank\" rel=\"noopener\">GIMP<\/a><\/td><\/tr><tr><td><strong>Pixlr<\/strong><\/td><td>Webbaseret, AI-v\u00e6rkt\u00f8jer, hurtige redigeringer<\/td><td>Gratis basisversion, mobilapp<\/td><td>Reklamer i gratisversionen, begr\u00e6nsede funktioner<\/td><td><a href=\"https:\/\/pixlr.com\/\" target=\"_blank\" rel=\"noopener\">Pixlr<\/a><\/td><\/tr><tr><td><strong>PhotoScape X<\/strong><\/td><td>Brugervenlige AI-v\u00e6rkt\u00f8jer til batch-redigering<\/td><td>Gratis, brugervenlig<\/td><td>Begr\u00e6nsede avancerede funktioner<\/td><td><a>PhotoScape X<\/a><\/td><\/tr><tr><td><strong>Forbedre.Pho.to<\/strong><\/td><td>Online-forst\u00e6rker, automatiske justeringer<\/td><td>Gratis, ingen tilmelding n\u00f8dvendig<\/td><td>Begr\u00e6nset manuel kontrol<\/td><td><a>Forbedre.Pho.to<\/a><\/td><\/tr><tr><td><strong>Lad os forbedre<\/strong><\/td><td>AI-drevet opskalering, st\u00f8jreduktion<\/td><td>Resultater af h\u00f8j kvalitet, nemme at bruge<\/td><td>Begr\u00e6nset gratis version, kreditter kr\u00e6ves for fuld brug<\/td><td><a href=\"https:\/\/letsenhance.io\/\" target=\"_blank\" rel=\"noopener\">Lad os forbedre<\/a><\/td><\/tr><tr><td><strong>BeFunky<\/strong><\/td><td>Fotoeditor, AI-effekter, skabeloner<\/td><td>Gratis basisversion, enkel gr\u00e6nseflade<\/td><td>Premium-funktioner kr\u00e6ver abonnement<\/td><td><a href=\"https:\/\/www.befunky.com\/\" target=\"_blank\" rel=\"noopener\">BeFunky<\/a><\/td><\/tr><\/tbody><\/table><\/figure>\n\n\n\n<h3 class=\"wp-block-heading\" id=\"industry-pros-and-cons\">Fordele og ulemper i branchen<\/h3>\n\n\n\n<h4 class=\"wp-block-heading\" id=\"pros\">Fordele<\/h4>\n\n\n\n<ul class=\"wp-block-list\">\n<li class=\"\"><strong>Forbedret billedkvalitet<\/strong>: AI-v\u00e6rkt\u00f8jer forbedrer billedkvaliteten markant.<\/li>\n\n\n\n<li class=\"\"><strong>Brugervenlig<\/strong>: Let at bruge for b\u00e5de professionelle og amat\u00f8rer.<\/li>\n\n\n\n<li class=\"\"><strong>Omkostningseffektiv<\/strong>: Mange v\u00e6rkt\u00f8jer er gratis eller til at betale.<\/li>\n<\/ul>\n\n\n\n<h4 class=\"wp-block-heading\" id=\"cons\">Ulemper<\/h4>\n\n\n\n<ul class=\"wp-block-list\">\n<li class=\"\"><strong>Afh\u00e6ngighed af AI<\/strong>: Resultaterne kan variere afh\u00e6ngigt af AI-algoritmen.<\/li>\n\n\n\n<li class=\"\"><strong>Begr\u00e6nset tilpasning<\/strong>: Nogle v\u00e6rkt\u00f8jer har begr\u00e6nsede muligheder for manuel justering.<\/li>\n\n\n\n<li class=\"\"><strong>Behandlingstid<\/strong>: Billeder i h\u00f8j opl\u00f8sning kan tage l\u00e6ngere tid at behandle.<\/li>\n<\/ul>\n\n\n\n<h3 class=\"wp-block-heading\" id=\"faq\">OFTE STILLEDE SP\u00d8RGSM\u00c5L<\/h3>\n\n\n\n<ol class=\"wp-block-list\">\n<li class=\"\"><strong>Hvordan forbedrer man et foto?<\/strong>\n<ul class=\"wp-block-list\">\n<li class=\"\">Upload dit foto til en AI-fotoforbedrer, og anvend de \u00f8nskede forbedringer.<\/li>\n<\/ul>\n<\/li>\n\n\n\n<li class=\"\"><strong>Hvordan forbedrer man fotoopl\u00f8sningen?<\/strong>\n<ul class=\"wp-block-list\">\n<li class=\"\">Brug v\u00e6rkt\u00f8jer som AI Art Free Photo Enhancer til at \u00f8ge opl\u00f8sningen p\u00e5 dine billeder.<\/li>\n<\/ul>\n<\/li>\n\n\n\n<li class=\"\"><strong>Hvordan forbedrer man fotokvaliteten?<\/strong>\n<ul class=\"wp-block-list\">\n<li class=\"\">Juster lysstyrke, kontrast og farvebalance ved hj\u00e6lp af en AI-fotoforbedrer.<\/li>\n<\/ul>\n<\/li>\n\n\n\n<li class=\"\"><strong>Hvordan forbedrer man et sl\u00f8ret foto?<\/strong>\n<ul class=\"wp-block-list\">\n<li class=\"\">Brug sk\u00e6rpningsfunktionen i en AI-fotoforst\u00e6rker til at reducere sl\u00f8ring.<\/li>\n<\/ul>\n<\/li>\n\n\n\n<li class=\"\"><strong>Hvordan forbedrer man fotokvaliteten i Photoshop?<\/strong>\n<ul class=\"wp-block-list\">\n<li class=\"\">Brug Photoshops indbyggede v\u00e6rkt\u00f8jer som skarphed, st\u00f8jreduktion og farvekorrektion.<\/li>\n<\/ul>\n<\/li>\n\n\n\n<li class=\"\"><strong>Kan AI-fotoforst\u00e6rkere fikse gamle fotos?<\/strong>\n<ul class=\"wp-block-list\">\n<li class=\"\">Ja, AI-fotoforst\u00e6rkere kan genskabe og forbedre kvaliteten af gamle fotos.<\/li>\n<\/ul>\n<\/li>\n\n\n\n<li class=\"\"><strong>Findes der gratis fotoforst\u00e6rkere?<\/strong>\n<ul class=\"wp-block-list\">\n<li class=\"\">Ja, v\u00e6rkt\u00f8jer som AI Art Free Photo Enhancer tilbyder gratis, ubegr\u00e6nset brug.<\/li>\n<\/ul>\n<\/li>\n\n\n\n<li class=\"\"><strong>Skal jeg tilmelde mig for at bruge en fotoforst\u00e6rker?<\/strong>\n<ul class=\"wp-block-list\">\n<li class=\"\">Mange v\u00e6rkt\u00f8jer kr\u00e6ver ikke tilmelding, hvilket g\u00f8r det nemt at forbedre fotos hurtigt.<\/li>\n<\/ul>\n<\/li>\n\n\n\n<li class=\"\"><strong>Hvad er de bedste v\u00e6rkt\u00f8jer til fotoforbedring?<\/strong>\n<ul class=\"wp-block-list\">\n<li class=\"\">AI Art Free Photo Enhancer sammen med andre popul\u00e6re v\u00e6rkt\u00f8jer, der er anf\u00f8rt i sammenligningstabellen.<\/li>\n<\/ul>\n<\/li>\n\n\n\n<li class=\"\"><strong>Hvor lang tid tager det at forbedre et foto?<\/strong>\n<ul class=\"wp-block-list\">\n<li class=\"\">Behandlingstiden varierer afh\u00e6ngigt af billedst\u00f8rrelsen og det anvendte v\u00e6rkt\u00f8j.<\/li>\n<\/ul>\n<\/li>\n<\/ol>\n\n\n\n<h3 class=\"wp-block-heading\" id=\"summary\">Sammenfatning<\/h3>\n\n\n\n<p class=\"\">Forbedring af fotos med AI-teknologi giver mange fordele, herunder forbedret kvalitet, brugervenlighed og alsidighed. Uanset om du er professionel fotograf, grafisk designer eller blot \u00f8nsker at forbedre dine personlige fotos, kan AI-fotoforst\u00e6rkere som <a href=\"https:\/\/aiartfree.online\/da\/fotoforstaerker\/\">AI Art gratis fotoforbedrer<\/a> giver en kraftfuld l\u00f8sning. Pr\u00f8v det i dag, og oplev forskellen i din fotokvalitet!<\/p>","protected":false},"excerpt":{"rendered":"<p>Before vs After How to use the Photo Enhancer * Feel free to try our examples below if you don&#8217;t have any thoughts in your mind *&nbsp;Depending on your internet speed, loading the model may take up to 10 seconds \u2193 Enhance Your Photos with AI: The Ultimate Guide Outline In this comprehensive guide, we&#8217;ll &#8230; <a title=\"Fotoforst\u00e6rker\" class=\"read-more\" href=\"https:\/\/aiartfree.online\/da\/fotoforstaerker\/\" aria-label=\"Read more about Photo Enhancer\">L\u00e6s mere <\/a><\/p>","protected":false},"author":1,"featured_media":3420,"parent":0,"menu_order":0,"comment_status":"open","ping_status":"closed","template":"","meta":{"nf_dc_page":"","footnotes":""},"class_list":["post-3411","page","type-page","status-publish","has-post-thumbnail"],"jetpack_sharing_enabled":true,"_links":{"self":[{"href":"https:\/\/aiartfree.online\/da\/wp-json\/wp\/v2\/pages\/3411","targetHints":{"allow":["GET"]}}],"collection":[{"href":"https:\/\/aiartfree.online\/da\/wp-json\/wp\/v2\/pages"}],"about":[{"href":"https:\/\/aiartfree.online\/da\/wp-json\/wp\/v2\/types\/page"}],"author":[{"embeddable":true,"href":"https:\/\/aiartfree.online\/da\/wp-json\/wp\/v2\/users\/1"}],"replies":[{"embeddable":true,"href":"https:\/\/aiartfree.online\/da\/wp-json\/wp\/v2\/comments?post=3411"}],"version-history":[{"count":0,"href":"https:\/\/aiartfree.online\/da\/wp-json\/wp\/v2\/pages\/3411\/revisions"}],"wp:featuredmedia":[{"embeddable":true,"href":"https:\/\/aiartfree.online\/da\/wp-json\/wp\/v2\/media\/3420"}],"wp:attachment":[{"href":"https:\/\/aiartfree.online\/da\/wp-json\/wp\/v2\/media?parent=3411"}],"curies":[{"name":"wp","href":"https:\/\/api.w.org\/{rel}","templated":true}]}}