{"id":3366,"date":"2024-07-31T07:54:51","date_gmt":"2024-07-31T07:54:51","guid":{"rendered":"https:\/\/aiartfree.online\/?page_id=3366"},"modified":"2024-08-02T10:41:37","modified_gmt":"2024-08-02T10:41:37","slug":"ai-background-generator","status":"publish","type":"page","link":"https:\/\/aiartfree.online\/da\/ai-baggrundsgenerator\/","title":{"rendered":"AI-baggrundsgenerator"},"content":{"rendered":"<h2 class=\"wp-block-heading has-text-align-center\" id=\"before-vs-after\">F\u00f8r vs. efter<\/h2>\n\n\n\n<figure class=\"gb-block-image gb-block-image-1822da1f\"><img data-recalc-dims=\"1\" decoding=\"async\" loading=\"lazy\" width=\"1200\" height=\"423\" class=\"gb-image gb-image-1822da1f\" src=\"https:\/\/i0.wp.com\/aiartfree.online\/wp-content\/uploads\/2024\/07\/WX20240731-145349%402x-scaled.webp?resize=1200%2C423&#038;ssl=1\" alt=\"AI-baggrundsgenerator | Gratis baggrunds\u00e6ndring, ubegr\u00e6nset\" title=\"WX20240731-145349@2x\" srcset=\"https:\/\/i0.wp.com\/aiartfree.online\/wp-content\/uploads\/2024\/07\/WX20240731-145349%402x-scaled.webp?w=2560&amp;ssl=1 2560w, https:\/\/i0.wp.com\/aiartfree.online\/wp-content\/uploads\/2024\/07\/WX20240731-145349%402x-scaled.webp?resize=300%2C106&amp;ssl=1 300w, https:\/\/i0.wp.com\/aiartfree.online\/wp-content\/uploads\/2024\/07\/WX20240731-145349%402x-scaled.webp?resize=1024%2C361&amp;ssl=1 1024w, https:\/\/i0.wp.com\/aiartfree.online\/wp-content\/uploads\/2024\/07\/WX20240731-145349%402x-scaled.webp?resize=768%2C271&amp;ssl=1 768w, https:\/\/i0.wp.com\/aiartfree.online\/wp-content\/uploads\/2024\/07\/WX20240731-145349%402x-scaled.webp?resize=1536%2C541&amp;ssl=1 1536w, https:\/\/i0.wp.com\/aiartfree.online\/wp-content\/uploads\/2024\/07\/WX20240731-145349%402x-scaled.webp?resize=2048%2C721&amp;ssl=1 2048w, https:\/\/i0.wp.com\/aiartfree.online\/wp-content\/uploads\/2024\/07\/WX20240731-145349%402x-scaled.webp?resize=18%2C6&amp;ssl=1 18w, https:\/\/i0.wp.com\/aiartfree.online\/wp-content\/uploads\/2024\/07\/WX20240731-145349%402x-scaled.webp?resize=600%2C211&amp;ssl=1 600w, https:\/\/i0.wp.com\/aiartfree.online\/wp-content\/uploads\/2024\/07\/WX20240731-145349%402x-scaled.webp?w=2400&amp;ssl=1 2400w\" sizes=\"auto, (max-width: 1200px) 100vw, 1200px\" \/><\/figure>\n\n\n\n<h2 class=\"wp-block-heading\" id=\"how-to-use-the-ai-background-generator\">S\u00e5dan bruger du AI-baggrundsgeneratoren<\/h2>\n\n\n\n<ol class=\"wp-block-list\">\n<li class=\"\">Drop eller upload dit billede<\/li>\n\n\n\n<li class=\"\">Indtast din prompt (V\u00e6lg <strong>Fjern baggrund<\/strong> hvis dit billede er med baggrund for at f\u00e5 et bedre resultat)<\/li>\n\n\n\n<li class=\"\">Klik p\u00e5 \"Generer\"<\/li>\n\n\n\n<li class=\"\">Vent, det er det!<\/li>\n<\/ol>\n\n\n\n<p class=\"\">* Du er velkommen til at pr\u00f8ve vores eksempler nedenfor, hvis du ikke har nogen tanker i hovedet.<\/p>\n\n\n\n<p class=\"\"><em>* Afh\u00e6ngigt af din internethastighed kan det tage et par sekunder at indl\u00e6se modellen.<br>* Der vil v\u00e6re caching under kontinuerlig generering, og det nye billede vil blive vist efter ca. 3 sekunder.<\/em><\/p>\n\n\n<div class=\"gb-container gb-container-968be51b\">\n\n<div class=\"iframe-wrapper\" style=\"position: relative; width: 100%; height: 2650px;\">\n  <div class=\"loading\" style=\"position: absolute; top: 100px; left: 50%; transform: translate(-50%, -50%); width: 40px; height: 40px; border: 3px solid #f0f0f0; border-top: 3px solid #db7093; border-radius: 50%; animation: spin 1s linear infinite;\"><\/div>\n  <iframe loading=\"lazy\" src=\"https:\/\/fotographerai-fai-fuzer.hf.space\" frameborder=\"0\" width=\"100%\" height=\"100%\" style=\"position: absolute; top: 0; left: 0; opacity: 0; transition: opacity 0.3s;\" onload=\"this.style.opacity=1;this.previousElementSibling.style.display='none';\"><\/iframe>\n<\/div>\n\n<style>\n@keyframes spin {\n  0% { transform: translate(-50%, -50%) rotate(0deg); }\n  100% { transform: translate(-50%, -50%) rotate(360deg); }\n}\n<\/style>\n\n<\/div>\n\n\n<div style=\"height:100px\" aria-hidden=\"true\" class=\"wp-block-spacer\"><\/div>\n\n\n\n<h2 class=\"wp-block-heading\" id=\"ai-background-generator-revolutionizing-image-creation\">AI-baggrundsgenerator: Revolutionerende billedskabelse<\/h2>\n\n\n\n<p class=\"\">Denne artikel udforsker AI-baggrundsgeneratorer, deres fordele, og hvordan de forandrer det digitale billedsprog. Vi d\u00e6kker alt fra grundl\u00e6ggende koncepter til avancerede anvendelser og hj\u00e6lper dig med at forst\u00e5, hvorfor dette v\u00e6rkt\u00f8j er ved at blive uundv\u00e6rligt for b\u00e5de skabere og virksomheder.<\/p>\n\n\n\n<div class=\"wp-block-rank-math-toc-block\" id=\"rank-math-toc\"><h3>Indholdsfortegnelse<\/h3><nav><ul><li><a href=\"#what-is-an-ai-background-generator\">Hvad er en AI-baggrundsgenerator?<\/a><\/li><li><a href=\"#why-use-an-ai-background-generator\">Hvorfor bruge en AI-baggrundsgenerator?<\/a><\/li><li><a href=\"#main-features-of-ai-background-generators\">Hovedfunktioner i AI-baggrundsgeneratorer<\/a><ul><li><a href=\"#1-image-generation-from-text\">1. Generering af billeder fra tekst<\/a><\/li><li><a href=\"#2-style-transfer\">2. Overf\u00f8rsel af stil<\/a><\/li><li><a href=\"#3-background-removal-and-replacement\">3. Fjernelse og udskiftning af baggrund<\/a><\/li><li><a href=\"#4-resolution-enhancement\">4. Forbedring af opl\u00f8sning<\/a><\/li><\/ul><\/li><li><a href=\"#who-should-use-ai-background-generators\">Hvem b\u00f8r bruge AI-baggrundsgeneratorer?<\/a><\/li><li><a href=\"#industries-benefiting-from-ai-background-generators\">Brancher, der nyder godt af AI-baggrundsgeneratorer<\/a><\/li><li><a href=\"#how-to-use-an-ai-background-generator\">S\u00e5dan bruger du en AI-baggrundsgenerator<\/a><\/li><li><a href=\"#use-cases-for-ai-background-generators\">Brugsscenarier for AI-baggrundsgeneratorer<\/a><ul><li><a href=\"#e-commerce-product-images\">Produktbilleder til e-handel<\/a><\/li><li><a href=\"#social-media-content\">Indhold p\u00e5 sociale medier<\/a><\/li><li><a href=\"#video-production\">Videoproduktion<\/a><\/li><li><a href=\"#website-design\">Design af hjemmeside<\/a><\/li><\/ul><\/li><li><a href=\"#10-ai-background-generator-tools-pros-cons-and-features\">10 v\u00e6rkt\u00f8jer til AI-baggrundsgenerering: Fordele, ulemper og funktioner<\/a><\/li><li><a href=\"#advantages-challenges-and-recommendations-for-the-ai-background-generation-industry\">Fordele, udfordringer og anbefalinger til industrien for AI-baggrundsgenerering<\/a><ul><li><a href=\"#advantages\">Fordele<\/a><\/li><li><a href=\"#challenges\">Udfordringer<\/a><\/li><li><a href=\"#recommendations\">Anbefalinger<\/a><\/li><\/ul><\/li><li><a href=\"#faq\">OFTE STILLEDE SP\u00d8RGSM\u00c5L<\/a><\/li><li><a href=\"#conclusion\">Konklusion<\/a><\/li><\/ul><\/nav><\/div>\n\n\n\n<h3 class=\"wp-block-heading\" id=\"what-is-an-ai-background-generator\">Hvad er en AI-baggrundsgenerator?<\/h3>\n\n\n\n<p class=\"\">En AI-baggrundsgenerator er et banebrydende v\u00e6rkt\u00f8j, der bruger kunstig intelligens til at skabe fantastiske, unikke baggrunde til forskellige digitale projekter. Denne nr. 1-teknologi giver brugerne mulighed for at producere billeder af h\u00f8j kvalitet uden behov for omfattende f\u00e6rdigheder inden for grafisk design eller dyr software.<\/p>\n\n\n\n<h3 class=\"wp-block-heading\" id=\"why-use-an-ai-background-generator\">Hvorfor bruge en AI-baggrundsgenerator?<\/h3>\n\n\n\n<p class=\"\">Der er mange fordele ved at bruge en AI-baggrundsgenerator:<\/p>\n\n\n\n<ol class=\"wp-block-list\">\n<li class=\"\">Tidsbesparende: Generer baggrunde p\u00e5 f\u00e5 sekunder<\/li>\n\n\n\n<li class=\"\">Omkostningseffektivt: Mange muligheder er 100% gratis og ubegr\u00e6nsede<\/li>\n\n\n\n<li class=\"\">Alsidig: Skab baggrunde til forskellige form\u00e5l<\/li>\n\n\n\n<li class=\"\">Der kr\u00e6ves ingen designf\u00e6rdigheder: AI klarer det tunge arbejde<\/li>\n\n\n\n<li class=\"\">Kan tilpasses: Skr\u00e6ddersy output til dine specifikke behov<\/li>\n<\/ol>\n\n\n\n<h3 class=\"wp-block-heading\" id=\"main-features-of-ai-background-generators\">Hovedfunktioner i AI-baggrundsgeneratorer<\/h3>\n\n\n\n<h4 class=\"wp-block-heading\" id=\"1-image-generation-from-text\">1. Generering af billeder fra tekst<\/h4>\n\n\n\n<p class=\"\">AI-baggrundsgeneratorer kan skabe billeder baseret p\u00e5 tekstbeskrivelser, hvilket giver mulighed for utroligt specifikke og tilpassede resultater.<\/p>\n\n\n\n<h4 class=\"wp-block-heading\" id=\"2-style-transfer\">2. Overf\u00f8rsel af stil<\/h4>\n\n\n\n<p class=\"\">Anvend kunstneriske stilarter p\u00e5 eksisterende billeder, eller skab nye i specifikke stilarter, fra fotorealistisk til abstrakt.<\/p>\n\n\n\n<h4 class=\"wp-block-heading\" id=\"3-background-removal-and-replacement\">3. Fjernelse og udskiftning af baggrund<\/h4>\n\n\n\n<p class=\"\">Det er nemt at fjerne og \u00e6ndre baggrunden p\u00e5 fotos, perfekt til produktbilleder eller portr\u00e6tter.<\/p>\n\n\n\n<h4 class=\"wp-block-heading\" id=\"4-resolution-enhancement\">4. Forbedring af opl\u00f8sning<\/h4>\n\n\n\n<p class=\"\">Opskal\u00e9r og forbedr kvaliteten af eksisterende billeder, eller skab baggrunde i h\u00f8j opl\u00f8sning fra bunden.<\/p>\n\n\n\n<h3 class=\"wp-block-heading\" id=\"who-should-use-ai-background-generators\">Hvem b\u00f8r bruge AI-baggrundsgeneratorer?<\/h3>\n\n\n\n<ul class=\"wp-block-list\">\n<li class=\"\">Grafiske designere<\/li>\n\n\n\n<li class=\"\">Markedsf\u00f8rere af sociale medier<\/li>\n\n\n\n<li class=\"\">E-handelsvirksomheder<\/li>\n\n\n\n<li class=\"\">Spiludviklere (f.eks. til dnd-baggrundsgenerator ai)<\/li>\n\n\n\n<li class=\"\">Skabere af indhold<\/li>\n\n\n\n<li class=\"\">Fotografer<\/li>\n<\/ul>\n\n\n\n<h3 class=\"wp-block-heading\" id=\"industries-benefiting-from-ai-background-generators\">Brancher, der nyder godt af AI-baggrundsgeneratorer<\/h3>\n\n\n\n<ul class=\"wp-block-list\">\n<li class=\"\">Reklame og markedsf\u00f8ring<\/li>\n\n\n\n<li class=\"\">E-handel og produktfotografering<\/li>\n\n\n\n<li class=\"\">Spil og underholdning<\/li>\n\n\n\n<li class=\"\">Fast ejendom<\/li>\n\n\n\n<li class=\"\">Mode og livsstil<\/li>\n\n\n\n<li class=\"\">Uddannelse og e-l\u00e6ring<\/li>\n<\/ul>\n\n\n\n<h3 class=\"wp-block-heading\" id=\"how-to-use-an-ai-background-generator\">S\u00e5dan bruger du en AI-baggrundsgenerator<\/h3>\n\n\n\n<ol class=\"wp-block-list\">\n<li class=\"\">V\u00e6lg et p\u00e5lideligt AI-baggrundsgeneratorv\u00e6rkt\u00f8j<\/li>\n\n\n\n<li class=\"\">V\u00e6lg den \u00f8nskede funktion (f.eks. generere nyt billede, fjerne baggrund)<\/li>\n\n\n\n<li class=\"\">Indtast tekstbeskrivelse eller upload et billede<\/li>\n\n\n\n<li class=\"\">Juster indstillingerne efter behov<\/li>\n\n\n\n<li class=\"\">Generer baggrunden<\/li>\n\n\n\n<li class=\"\">Download og brug din nye baggrund<\/li>\n<\/ol>\n\n\n\n<h3 class=\"wp-block-heading\" id=\"use-cases-for-ai-background-generators\">Brugsscenarier for AI-baggrundsgeneratorer<\/h3>\n\n\n\n<h4 class=\"wp-block-heading\" id=\"e-commerce-product-images\">Produktbilleder til e-handel<\/h4>\n\n\n\n<p class=\"\">Skab professionelt udseende produktbilleder med ai-genererede smukke blomsterbilleder med sl\u00f8ret baggrund eller andre passende sammenh\u00e6nge.<\/p>\n\n\n\n<h4 class=\"wp-block-heading\" id=\"social-media-content\">Indhold p\u00e5 sociale medier<\/h4>\n\n\n\n<p class=\"\">Skab i\u00f8jnefaldende baggrunde til indl\u00e6g, historier og annoncer.<\/p>\n\n\n\n<h4 class=\"wp-block-heading\" id=\"video-production\">Videoproduktion<\/h4>\n\n\n\n<p class=\"\">Skab unikke baggrunde til videoprojekter, virtuelle kulisser eller erstatninger for green screen.<\/p>\n\n\n\n<h4 class=\"wp-block-heading\" id=\"website-design\">Design af hjemmeside<\/h4>\n\n\n\n<p class=\"\">Udvikl brugerdefinerede baggrunde til websider, overskrifter og bannere.<\/p>\n\n\n\n<h3 class=\"wp-block-heading\" id=\"10-ai-background-generator-tools-pros-cons-and-features\">10 v\u00e6rkt\u00f8jer til AI-baggrundsgenerering: Fordele, ulemper og funktioner<\/h3>\n\n\n\n<figure class=\"wp-block-table\"><table class=\"has-fixed-layout\"><thead><tr><th>V\u00e6rkt\u00f8j<\/th><th>Fordele<\/th><th>Ulemper<\/th><th>Funktioner<\/th><th>URL<\/th><\/tr><\/thead><tbody><tr><td>AIArtFree<\/td><td>100% Gratis, ingen tilmelding, ubegr\u00e6nset brug<\/td><td>Begr\u00e6nsede avancerede funktioner<\/td><td>AI-baggrundsgenerator, Fjernelse af baggrund<\/td><td><a href=\"https:\/\/aiartfree.online\/da\/ai-baggrundsgenerator\/\">https:\/\/aiartfree.online\/ai-background-generator\/<\/a><\/td><\/tr><tr><td>DALL-E 2<\/td><td>Output i h\u00f8j kvalitet, alsidig<\/td><td>Betalt tjeneste, kr\u00e6ver OpenAI-konto<\/td><td>Tekst-til-billede-generering, Billedredigering<\/td><td><a href=\"https:\/\/openai.com\/dall-e-2\" target=\"_blank\" rel=\"noreferrer noopener\">https:\/\/openai.com\/dall-e-2<\/a><\/td><\/tr><tr><td>Midt p\u00e5 rejsen<\/td><td>Kunstneriske outputs, f\u00e6llesskabsdrevet<\/td><td>Betalt tjeneste, Discord-baseret interface<\/td><td>Generering af tekst til billede, tilpasning af stil<\/td><td>https:\/\/www.midjourney.com<\/td><\/tr><tr><td>Stabil diffusion<\/td><td>Open source, kan tilpasses<\/td><td>Kr\u00e6ver teknisk viden at s\u00e6tte op<\/td><td>Tekst-til-billede-generering, billede-til-billede-overs\u00e6ttelse<\/td><td>https:\/\/stability.ai<\/td><\/tr><tr><td>Canva<\/td><td>Brugervenlig gr\u00e6nseflade, integrerede designv\u00e6rkt\u00f8jer<\/td><td>Begr\u00e6nsede AI-funktioner i den gratis version<\/td><td>Fjernelse af baggrund, billedgenerering (med Magic Studio)<\/td><td>https:\/\/www.canva.com<\/td><\/tr><tr><td>Fjern.bg<\/td><td>Specialiseret i fjernelse af baggrund, API tilg\u00e6ngelig<\/td><td>Kun begr\u00e6nset til fjernelse af baggrund<\/td><td>Automatisk fjernelse af baggrund, personregistrering<\/td><td>https:\/\/www.remove.bg<\/td><\/tr><tr><td>Pixlr<\/td><td>Gratis basisversion, webbaseret<\/td><td>Avancerede funktioner kr\u00e6ver abonnement<\/td><td>AI-baggrundsfjernelse, Billedredigeringsv\u00e6rkt\u00f8jer<\/td><td>https:\/\/pixlr.com<\/td><\/tr><tr><td>PhotoRoom<\/td><td>Mobilvenlig, god til produktbilleder<\/td><td>Alle funktioner kr\u00e6ver abonnement<\/td><td>Fjernelse af baggrund, fjernelse af objekter, AI-billedgenerering<\/td><td>https:\/\/www.photoroom.com<\/td><\/tr><tr><td>Kunstopdr\u00e6tter<\/td><td>Unikke billedblandingsfunktioner<\/td><td>L\u00e6ringskurve for de bedste resultater<\/td><td>Blanding af billeder, overf\u00f8rsel af stil<\/td><td>https:\/\/www.artbreeder.com<\/td><\/tr><tr><td>Fotor<\/td><td>Let at bruge, flere AI-v\u00e6rkt\u00f8jer<\/td><td>Nogle funktioner er l\u00e5st bag betalingsmur<\/td><td>Fjernelse af baggrund, AI art generator, Fotoeffekter<\/td><td>https:\/\/www.fotor.com<\/td><\/tr><\/tbody><\/table><figcaption class=\"wp-element-caption\">Denne tabel giver et mere omfattende overblik over forskellige AI-baggrundsgeneratorv\u00e6rkt\u00f8jer, herunder deres fordele, ulemper, n\u00f8glefunktioner og URL'er.<\/figcaption><\/figure>\n\n\n\n<h3 class=\"wp-block-heading\" id=\"advantages-challenges-and-recommendations-for-the-ai-background-generation-industry\">Fordele, udfordringer og anbefalinger til industrien for AI-baggrundsgenerering<\/h3>\n\n\n\n<h4 class=\"wp-block-heading\" id=\"advantages\">Fordele<\/h4>\n\n\n\n<ul class=\"wp-block-list\">\n<li class=\"\">Hurtig innovation inden for AI-teknologi<\/li>\n\n\n\n<li class=\"\">Stigende eftersp\u00f8rgsel p\u00e5 tv\u00e6rs af forskellige sektorer<\/li>\n\n\n\n<li class=\"\">Mulighed for integration med andre AI-v\u00e6rkt\u00f8jer<\/li>\n<\/ul>\n\n\n\n<h4 class=\"wp-block-heading\" id=\"challenges\">Udfordringer<\/h4>\n\n\n\n<ul class=\"wp-block-list\">\n<li class=\"\">Copyright og etiske overvejelser<\/li>\n\n\n\n<li class=\"\">Sikring af billedkvalitet og ensartethed<\/li>\n\n\n\n<li class=\"\">Balance mellem automatisering og menneskelig kreativitet<\/li>\n<\/ul>\n\n\n\n<h4 class=\"wp-block-heading\" id=\"recommendations\">Anbefalinger<\/h4>\n\n\n\n<ul class=\"wp-block-list\">\n<li class=\"\">Fokus p\u00e5 brugervenlige gr\u00e6nseflader<\/li>\n\n\n\n<li class=\"\">Udvikl branchespecifikke funktioner<\/li>\n\n\n\n<li class=\"\">Prioriter etisk AI-praksis og gennemsigtighed<\/li>\n<\/ul>\n\n\n\n<h3 class=\"wp-block-heading\" id=\"faq\">OFTE STILLEDE SP\u00d8RGSM\u00c5L<\/h3>\n\n\n\n<ol class=\"wp-block-list\">\n<li class=\"\">Hvordan genererer man AI-baggrund i Photoshop?<br>Selvom Photoshop tilbyder nogle AI-funktioner, er det hurtigere, nemmere og gratis at bruge et dedikeret v\u00e6rkt\u00f8j som https:\/\/aiartfree.online\/ai-background-generator\/.<\/li>\n\n\n\n<li class=\"\">Hvordan genererer man en AI-baggrund i Photoshop?<br>I stedet for at bruge Photoshop kan du pr\u00f8ve vores gratis AI-baggrundsgenerator for at f\u00e5 et hurtigere og enklere resultat.<\/li>\n\n\n\n<li class=\"\">Hvordan genererer AI baggrund?<br>Bes\u00f8g https:\/\/aiartfree.online\/ai-background-generator\/, indtast din \u00f8nskede beskrivelse eller upload et billede, og lad AI'en skabe en baggrund for dig.<\/li>\n\n\n\n<li class=\"\">Kan jeg bruge AI-genererede baggrunde kommercielt?<br>Det afh\u00e6nger af v\u00e6rkt\u00f8jet og dets servicevilk\u00e5r. Tjek altid licensaftalen f\u00f8r kommerciel brug.<\/li>\n\n\n\n<li class=\"\">Er AI-baggrundsgeneratorer gratis?<br>Mange v\u00e6rkt\u00f8jer tilbyder gratis muligheder, som vores 100% gratis og ubegr\u00e6nset generator p\u00e5 https:\/\/aiartfree.online\/ai-background-generator\/.<\/li>\n\n\n\n<li class=\"\">Kan AI-baggrundsgeneratorer skabe realistiske billeder?<br>Ja, mange AI-v\u00e6rkt\u00f8jer kan skabe meget realistiske baggrunde og billeder.<\/li>\n\n\n\n<li class=\"\">Hvordan fjerner jeg baggrunden fra et eksisterende billede?<br>De fleste AI-baggrundsgeneratorer tilbyder funktioner til fjernelse af baggrund. Du skal blot uploade dit billede og v\u00e6lge muligheden for at fjerne baggrunden.<\/li>\n\n\n\n<li class=\"\">Kan jeg generere baggrunde til specifikke temaer som fantasy eller sci-fi?<br>Helt sikkert! AI-generatorer kan skabe baggrunde til forskellige temaer baseret p\u00e5 dine tekstbeskrivelser.<\/li>\n\n\n\n<li class=\"\">Er der nogen begr\u00e6nsninger for AI-genererede baggrunde?<br>Selvom de er st\u00e6rke, kan AI-generatorer nogle gange producere uoverensstemmelser eller urealistiske elementer. Gennemg\u00e5 altid resultaterne og rediger dem eventuelt.<\/li>\n\n\n\n<li class=\"\">Hvordan kan jeg sikre, at mine AI-genererede baggrunde er unikke?<br>Brug specifikke instruktioner, kombiner flere generationer, eller tilf\u00f8j personlige detaljer for at g\u00f8re dine baggrunde helt unikke.<\/li>\n<\/ol>\n\n\n\n<h3 class=\"wp-block-heading\" id=\"conclusion\">Konklusion<\/h3>\n\n\n\n<p class=\"\">AI-baggrundsgeneratorer revolutionerer den m\u00e5de, vi skaber og manipulerer digitale billeder p\u00e5. Med v\u00e6rkt\u00f8jer som https:\/\/aiartfree.online\/ai-background-generator\/, der tilbyder 100% gratis, ubegr\u00e6nset og uden tilmelding, er det nemmere end nogensinde at producere fantastiske billeder til ethvert projekt. Uanset om du er en professionel designer eller en tilf\u00e6ldig skaber, giver AI-baggrundsgeneratorer en tilg\u00e6ngelig, effektiv og kraftfuld l\u00f8sning til dine billedbehov. Pr\u00f8v en i dag, og oplev fremtiden for digital kreativitet!<\/p>","protected":false},"excerpt":{"rendered":"<p>Before vs After How to use the AI Background Generator * Feel free to try our examples below if you don&#8217;t have any thoughts in your mind *&nbsp;Depending on your internet speed, loading the model may take a few seconds.* There will be caching during continuous generation, and the new image will appear after about &#8230; <a title=\"AI-baggrundsgenerator\" class=\"read-more\" href=\"https:\/\/aiartfree.online\/da\/ai-baggrundsgenerator\/\" aria-label=\"Read more about AI Background Generator\">L\u00e6s mere <\/a><\/p>","protected":false},"author":1,"featured_media":3377,"parent":0,"menu_order":0,"comment_status":"open","ping_status":"closed","template":"","meta":{"nf_dc_page":"","footnotes":""},"class_list":["post-3366","page","type-page","status-publish","has-post-thumbnail"],"jetpack_sharing_enabled":true,"_links":{"self":[{"href":"https:\/\/aiartfree.online\/da\/wp-json\/wp\/v2\/pages\/3366","targetHints":{"allow":["GET"]}}],"collection":[{"href":"https:\/\/aiartfree.online\/da\/wp-json\/wp\/v2\/pages"}],"about":[{"href":"https:\/\/aiartfree.online\/da\/wp-json\/wp\/v2\/types\/page"}],"author":[{"embeddable":true,"href":"https:\/\/aiartfree.online\/da\/wp-json\/wp\/v2\/users\/1"}],"replies":[{"embeddable":true,"href":"https:\/\/aiartfree.online\/da\/wp-json\/wp\/v2\/comments?post=3366"}],"version-history":[{"count":0,"href":"https:\/\/aiartfree.online\/da\/wp-json\/wp\/v2\/pages\/3366\/revisions"}],"wp:featuredmedia":[{"embeddable":true,"href":"https:\/\/aiartfree.online\/da\/wp-json\/wp\/v2\/media\/3377"}],"wp:attachment":[{"href":"https:\/\/aiartfree.online\/da\/wp-json\/wp\/v2\/media?parent=3366"}],"curies":[{"name":"wp","href":"https:\/\/api.w.org\/{rel}","templated":true}]}}