{"id":3351,"date":"2024-07-30T17:07:44","date_gmt":"2024-07-30T17:07:44","guid":{"rendered":"https:\/\/aiartfree.online\/?page_id=3351"},"modified":"2024-08-16T10:09:07","modified_gmt":"2024-08-16T10:09:07","slug":"ai-voice-generator","status":"publish","type":"page","link":"https:\/\/aiartfree.online\/da\/ai-stemme-generator\/","title":{"rendered":"AI-stemmegenerator"},"content":{"rendered":"<h2 class=\"wp-block-heading\" id=\"how-to-use-the-ai-voice-generator\">S\u00e5dan bruger du AI Voice Generator<\/h2>\n\n\n\n<ol class=\"wp-block-list\">\n<li class=\"\">Indtast din tekst<\/li>\n\n\n\n<li class=\"\">V\u00e6lg en stemme<\/li>\n\n\n\n<li class=\"\">Klik p\u00e5 \"Send\"<\/li>\n\n\n\n<li class=\"\">Vent, det er det!<\/li>\n<\/ol>\n\n\n\n<p class=\"\">* Du er velkommen til at pr\u00f8ve vores eksempler nedenfor, hvis du ikke har nogen tanker i hovedet.<\/p>\n\n\n\n<p class=\"\"><em>* Afh\u00e6ngigt af din internethastighed kan indl\u00e6sning af modellen tage <\/em>op til 10 sekunder \u2193<\/p>\n\n\n\n<div class=\"iframe-wrapper\" style=\"position: relative; width: 100%; height: 1000px;\">\n  <div class=\"loading\" style=\"position: absolute; top: 50px; left: 50%; transform: translate(-50%, -50%); width: 40px; height: 40px; border: 3px solid #f0f0f0; border-top: 3px solid #db7093; border-radius: 50%; animation: spin 1s linear infinite;\"><\/div>\n  <iframe loading=\"lazy\" src=\"https:\/\/innoai-edge-tts-text-to-speech.hf.space\" frameborder=\"0\" width=\"100%\" height=\"100%\" style=\"position: absolute; top: 0; left: 0; opacity: 0; transition: opacity 0.3s;\" onload=\"this.style.opacity=1;this.previousElementSibling.style.display='none';\"><\/iframe>\n<\/div>\n\n<style>\n@keyframes spin {\n  0% { transform: translate(-50%, -50%) rotate(0deg); }\n  100% { transform: translate(-50%, -50%) rotate(360deg); }\n}\n<\/style>\n\n\n\n<div style=\"height:80px\" aria-hidden=\"true\" class=\"wp-block-spacer\"><\/div>\n\n\n\n<h2 class=\"wp-block-heading\" id=\"the-ultimate-guide-to-ai-voice-generators\">Den ultimative guide til AI-stemmegeneratorer<\/h2>\n\n\n\n<h3 class=\"wp-block-heading\" id=\"outline\">Oversigt<\/h3>\n\n\n\n<p class=\"\">AI-stemmegeneratorer har revolutioneret den m\u00e5de, vi skaber lydindhold p\u00e5, ved at tilbyde ultrarealistiske stemmer i h\u00f8j kvalitet, der lyder som menneskelig tale. Denne guide udforsker definition, fordele, funktioner, m\u00e5lgruppe, brancheanvendelser, trinvise instruktioner, brugsscenarier, v\u00e6rkt\u00f8jer, fordele og ulemper i branchen og ofte stillede sp\u00f8rgsm\u00e5l om AI-stemmegeneratorer.<\/p>\n\n\n\n<figure class=\"wp-block-image size-large is-resized\"><img data-recalc-dims=\"1\" data-dominant-color=\"52455b\" data-has-transparency=\"false\" decoding=\"async\" width=\"1024\" height=\"585\"   loading=\"lazy\" src=\"https:\/\/i0.wp.com\/aiartfree.online\/wp-content\/uploads\/2024\/08\/out-0-1.webp?resize=1024%2C585&#038;ssl=1\" alt=\"Oplev den bedste AI-stemmegenerator hos AIArtFree. Generer ubesv\u00e6ret ultrarealistiske stemmer i h\u00f8j kvalitet til oprettelse af indhold og voiceovers. Ingen begr\u00e6nsning. Bedste AI-stemmegenerator - 100% Gratis, ubegr\u00e6nset, ingen tilmelding\" class=\"wp-image-3458 not-transparent\" style=\"--dominant-color: #52455b; width:598px;height:auto\" srcset=\"https:\/\/i0.wp.com\/aiartfree.online\/wp-content\/uploads\/2024\/08\/out-0-1.webp?resize=1024%2C585&amp;ssl=1 1024w, https:\/\/i0.wp.com\/aiartfree.online\/wp-content\/uploads\/2024\/08\/out-0-1.webp?resize=300%2C171&amp;ssl=1 300w, https:\/\/i0.wp.com\/aiartfree.online\/wp-content\/uploads\/2024\/08\/out-0-1.webp?resize=768%2C439&amp;ssl=1 768w, https:\/\/i0.wp.com\/aiartfree.online\/wp-content\/uploads\/2024\/08\/out-0-1.webp?resize=18%2C10&amp;ssl=1 18w, https:\/\/i0.wp.com\/aiartfree.online\/wp-content\/uploads\/2024\/08\/out-0-1.webp?resize=600%2C343&amp;ssl=1 600w, https:\/\/i0.wp.com\/aiartfree.online\/wp-content\/uploads\/2024\/08\/out-0-1.webp?w=1344&amp;ssl=1 1344w\" sizes=\"auto, (max-width: 1024px) 100vw, 1024px\" \/><\/figure>\n\n\n\n<div class=\"wp-block-rank-math-toc-block\" id=\"rank-math-toc\"><h3>Indholdsfortegnelse<\/h3><nav><ul><li><a href=\"#outline\">Oversigt<\/a><\/li><li><a href=\"#what-is-an-ai-voice-generator\">Hvad er en AI-stemmegenerator?<\/a><\/li><li><a href=\"#why-use-an-ai-voice-generator\">Hvorfor bruge en AI-stemmegenerator?<\/a><\/li><li><a href=\"#main-features-of-ai-voice-generators\">Hovedfunktioner i AI-stemmegeneratorer<\/a><ul><li><a href=\"#text-to-speech-ai\">Tekst til tale AI<\/a><\/li><li><a href=\"#ultra-realistic-voices\">Ultra-realistiske stemmer<\/a><\/li><li><a href=\"#generative-ai\">Generativ AI<\/a><\/li><li><a href=\"#multiple-languages-and-accents\">Flere sprog og accenter<\/a><\/li><li><a href=\"#high-quality-voiceovers\">Voiceovers af h\u00f8j kvalitet<\/a><\/li><\/ul><\/li><li><a href=\"#who-should-use-ai-voice-generators\">Hvem b\u00f8r bruge AI-stemmegeneratorer?<\/a><\/li><li><a href=\"#industry-uses-of-ai-voice-generators\">Industriens brug af AI-stemmegeneratorer<\/a><ul><li><a href=\"#media-and-entertainment\">Medier og underholdning<\/a><\/li><li><a href=\"#education\">Uddannelse<\/a><\/li><li><a href=\"#customer-service\">Kundeservice<\/a><\/li><li><a href=\"#marketing\">Markedsf\u00f8ring<\/a><\/li><\/ul><\/li><li><a href=\"#how-to-use-an-ai-voice-generator\">S\u00e5dan bruger du en AI-stemmegenerator<\/a><\/li><li><a href=\"#ai-voice-generator-usage-cases\">Brugscases for AI-stemmegeneratorer<\/a><ul><li><a href=\"#content-creation\">Skabelse af indhold<\/a><\/li><li><a href=\"#education-1\">Uddannelse<\/a><\/li><li><a href=\"#business-communication\">Virksomhedskommunikation<\/a><\/li><li><a href=\"#marketing-2\">Markedsf\u00f8ring<\/a><\/li><\/ul><\/li><li><a href=\"#top-10-ai-voice-generator-tools\">Top 10 AI-stemmegenerator-v\u00e6rkt\u00f8jer<\/a><\/li><li><a href=\"#industry-pros-and-cons\">Fordele og ulemper i branchen<\/a><ul><li><a href=\"#pros\">Fordele<\/a><\/li><li><a href=\"#cons\">Ulemper<\/a><\/li><li><a href=\"#advantages\">Fordele<\/a><\/li><li><a href=\"#challenges\">Udfordringer<\/a><\/li><li><a href=\"#suggestions\">Forslag<\/a><\/li><\/ul><\/li><li><a href=\"#frequently-asked-questions\">Ofte stillede sp\u00f8rgsm\u00e5l<\/a><\/li><\/ul><\/nav><\/div>\n\n\n\n<h3 class=\"wp-block-heading\" id=\"what-is-an-ai-voice-generator\">Hvad er en AI-stemmegenerator?<\/h3>\n\n\n\n<p class=\"\">En AI Voice Generator er et softwareprogram, der bruger kunstig intelligens til at konvertere tekst til realistisk menneskelignende tale. Det udnytter avancerede neurale netv\u00e6rk og generativ AI til at skabe lyd i h\u00f8j kvalitet, der kan bruges i forskellige applikationer, fra indholdsskabelse til voiceovers og meget mere.<\/p>\n\n\n\n<h3 class=\"wp-block-heading\" id=\"why-use-an-ai-voice-generator\">Hvorfor bruge en AI-stemmegenerator?<\/h3>\n\n\n\n<p class=\"\">Der er mange fordele ved at bruge en AI Voice Generator:<\/p>\n\n\n\n<ul class=\"wp-block-list\">\n<li class=\"\"><strong>100% Gratis<\/strong>: Mange platforme tilbyder gratis versioner til brugerne.<\/li>\n\n\n\n<li class=\"\"><strong>Ubegr\u00e6nset brug<\/strong>: Opret s\u00e5 mange voiceovers som n\u00f8dvendigt uden begr\u00e6nsninger.<\/li>\n\n\n\n<li class=\"\"><strong>Ingen tilmelding n\u00f8dvendig<\/strong>: Let tilg\u00e6ngelig uden behov for en konto.<\/li>\n\n\n\n<li class=\"\"><strong>Output af h\u00f8j kvalitet<\/strong>: Producerer stemmer, der lyder n\u00e6sten identisk med menneskelig tale.<\/li>\n\n\n\n<li class=\"\"><strong>Bred underst\u00f8ttelse af sprog og accent<\/strong>: I stand til at generere stemmer p\u00e5 flere sprog og med flere accenter.<\/li>\n\n\n\n<li class=\"\"><strong>Effektivitet og hastighed<\/strong>: Genererer hurtigt lyd fra tekst, hvilket sparer tid og kr\u00e6fter.<\/li>\n\n\n\n<li class=\"\"><strong>Global r\u00e6kkevidde for publikum<\/strong>: G\u00f8r indholdet tilg\u00e6ngeligt for et bredere publikum ved at underst\u00f8tte forskellige sprog.<\/li>\n<\/ul>\n\n\n\n<h3 class=\"wp-block-heading\" id=\"main-features-of-ai-voice-generators\">Hovedfunktioner i AI-stemmegeneratorer<\/h3>\n\n\n\n<h4 class=\"wp-block-heading\" id=\"text-to-speech-ai\">Tekst til tale AI<\/h4>\n\n\n\n<p class=\"\">Konverterer skrevet tekst til talte ord med naturligt klingende stemmer.<\/p>\n\n\n\n<h4 class=\"wp-block-heading\" id=\"ultra-realistic-voices\">Ultra-realistiske stemmer<\/h4>\n\n\n\n<p class=\"\">Genererer stemmer, der ikke kan skelnes fra rigtige menneskestemmer, hvilket forbedrer lytterens oplevelse.<\/p>\n\n\n\n<h4 class=\"wp-block-heading\" id=\"generative-ai\">Generativ AI<\/h4>\n\n\n\n<p class=\"\">Udnytter avancerede AI-modeller til at producere forskellige lydoutput i h\u00f8j kvalitet.<\/p>\n\n\n\n<h4 class=\"wp-block-heading\" id=\"multiple-languages-and-accents\">Flere sprog og accenter<\/h4>\n\n\n\n<p class=\"\">Underst\u00f8tter en bred vifte af sprog og accenter og henvender sig til et globalt publikum.<\/p>\n\n\n\n<h4 class=\"wp-block-heading\" id=\"high-quality-voiceovers\">Voiceovers af h\u00f8j kvalitet<\/h4>\n\n\n\n<p class=\"\">Skaber voiceovers i professionel kvalitet, der egner sig til forskellige anvendelser, herunder videoer og pr\u00e6sentationer.<\/p>\n\n\n\n<h3 class=\"wp-block-heading\" id=\"who-should-use-ai-voice-generators\">Hvem b\u00f8r bruge AI-stemmegeneratorer?<\/h3>\n\n\n\n<ul class=\"wp-block-list\">\n<li class=\"\"><strong>Skabere af indhold<\/strong>: Forbedrer video, podcast og andet multimedieindhold med realistiske voiceovers.<\/li>\n\n\n\n<li class=\"\"><strong>P\u00e6dagoger<\/strong>: Konverterer undervisningsmateriale til lydformat, hvilket g\u00f8r l\u00e6ring mere tilg\u00e6ngelig.<\/li>\n\n\n\n<li class=\"\"><strong>Virksomheder<\/strong>: Forbedrer kundeservice med automatiserede, men menneskelignende svar.<\/li>\n\n\n\n<li class=\"\"><strong>Markedsf\u00f8rere<\/strong>: Skaber engagerende lydindhold til reklamer og sociale medier.<\/li>\n<\/ul>\n\n\n\n<h3 class=\"wp-block-heading\" id=\"industry-uses-of-ai-voice-generators\">Industriens brug af AI-stemmegeneratorer<\/h3>\n\n\n\n<h4 class=\"wp-block-heading\" id=\"media-and-entertainment\">Medier og underholdning<\/h4>\n\n\n\n<p class=\"\">Bruges til voiceover i videoer, film og animationer.<\/p>\n\n\n\n<h4 class=\"wp-block-heading\" id=\"education\">Uddannelse<\/h4>\n\n\n\n<p class=\"\">Hj\u00e6lper med at skabe lydb\u00f8ger og e-l\u00e6ringsindhold.<\/p>\n\n\n\n<h4 class=\"wp-block-heading\" id=\"customer-service\">Kundeservice<\/h4>\n\n\n\n<p class=\"\">Styrker stemmeassistenter og automatiserede kundesupportsystemer.<\/p>\n\n\n\n<h4 class=\"wp-block-heading\" id=\"marketing\">Markedsf\u00f8ring<\/h4>\n\n\n\n<p class=\"\">Genererer lydannoncer og salgsfremmende indhold.<\/p>\n\n\n\n<h3 class=\"wp-block-heading\" id=\"how-to-use-an-ai-voice-generator\">S\u00e5dan bruger du en AI-stemmegenerator<\/h3>\n\n\n\n<ol class=\"wp-block-list\">\n<li class=\"\"><strong>V\u00e6lg et v\u00e6rkt\u00f8j<\/strong>: V\u00e6lg et v\u00e6rkt\u00f8j som&nbsp;<a href=\"https:\/\/aiartfree.online\/da\/ai-stemme-generator\/\">AI-stemmegenerator<\/a>.<\/li>\n\n\n\n<li class=\"\"><strong>Input-tekst<\/strong>: Indtast den tekst, du vil konvertere til tale.<\/li>\n\n\n\n<li class=\"\"><strong>V\u00e6lg stemme og sprog<\/strong>: V\u00e6lg de \u00f8nskede stemme- og sprogindstillinger.<\/li>\n\n\n\n<li class=\"\"><strong>Generer lyd<\/strong>: Klik p\u00e5 knappen Gener\u00e9r for at oprette voiceoveren.<\/li>\n\n\n\n<li class=\"\"><strong>Download og brug<\/strong>: Download den genererede lydfil til dit projekt.<\/li>\n<\/ol>\n\n\n\n<h3 class=\"wp-block-heading\" id=\"ai-voice-generator-usage-cases\">Brugscases for AI-stemmegeneratorer<\/h3>\n\n\n\n<h4 class=\"wp-block-heading\" id=\"content-creation\">Skabelse af indhold<\/h4>\n\n\n\n<p class=\"\">Skabe voiceovers til YouTube-videoer, podcasts og andet multimedieindhold.<\/p>\n\n\n\n<h4 class=\"wp-block-heading\" id=\"education-1\">Uddannelse<\/h4>\n\n\n\n<p class=\"\">Generering af lydversioner af l\u00e6reb\u00f8ger og undervisningsmateriale.<\/p>\n\n\n\n<h4 class=\"wp-block-heading\" id=\"business-communication\">Virksomhedskommunikation<\/h4>\n\n\n\n<p class=\"\">Forbedring af interaktive voice response-systemer (IVR) med realistiske stemmer.<\/p>\n\n\n\n<h4 class=\"wp-block-heading\" id=\"marketing-2\">Markedsf\u00f8ring<\/h4>\n\n\n\n<p class=\"\">Producerer lydreklamer til forskellige platforme.<\/p>\n\n\n\n<h3 class=\"wp-block-heading\" id=\"top-10-ai-voice-generator-tools\">Top 10 AI-stemmegenerator-v\u00e6rkt\u00f8jer<\/h3>\n\n\n\n<figure class=\"wp-block-table\"><table class=\"has-fixed-layout\"><thead><tr><th>V\u00e6rkt\u00f8j<\/th><th>Funktioner<\/th><th>Fordele<\/th><th>Udfordringer<\/th><th>URL<\/th><\/tr><\/thead><tbody><tr><td><strong>AI-stemmegenerator<\/strong><\/td><td>100% Gratis, ingen tilmelding, stemmer i h\u00f8j kvalitet<\/td><td>Ubegr\u00e6nset brug, nem at bruge<\/td><td>Begr\u00e6nsede avancerede funktioner<\/td><td><a href=\"https:\/\/aiartfree.online\/da\/ai-stemme-generator\/\">aiartfree.online\/ai-voice-generator<\/a><\/td><\/tr><tr><td><strong>Google tekst-til-tale<\/strong><\/td><td>Underst\u00f8tter flere sprog og accenter<\/td><td>Output i h\u00f8j kvalitet<\/td><td>Kr\u00e6ver en Google-konto<\/td><td>cloud.google.com\/text-to-speech<\/td><\/tr><tr><td><strong>Amazon Polly<\/strong><\/td><td>Bredt udvalg af stemmer, realtidsbehandling<\/td><td>Skalerbarhed<\/td><td>Omkostningerne kan l\u00f8be op<\/td><td>aws.amazon.com\/polly<\/td><\/tr><tr><td><strong>IBM Watson tekst til tale<\/strong><\/td><td>Stemmer, der kan tilpasses, h\u00f8j kvalitet<\/td><td>Avancerede funktioner<\/td><td>Prisstruktur<\/td><td>ibm.com\/cloud\/watson-tekst-til-tale<\/td><\/tr><tr><td><strong>Microsoft Azure TTS<\/strong><\/td><td>Neurale stemmer, omfattende sprogst\u00f8tte<\/td><td>Integration med Azure-tjenester<\/td><td>Prisfasts\u00e6ttelse<\/td><td>azure.microsoft.com\/services\/cognitive-services\/text-to-speech<\/td><\/tr><tr><td><strong>iSpeech<\/strong><\/td><td>Let at bruge, flere sprog<\/td><td>Begr\u00e6nset gratis version<\/td><td>&#8211;<\/td><td>ispeech.org<\/td><\/tr><tr><td><strong>Responsiv stemme<\/strong><\/td><td>Webbaseret, nem integration<\/td><td>Grundl\u00e6ggende stemmer<\/td><td>Begr\u00e6nsede funktioner i den gratis version<\/td><td>responsivevoice.org<\/td><\/tr><tr><td><strong>NaturalReader<\/strong><\/td><td>Enkel gr\u00e6nseflade, stemmer i h\u00f8j kvalitet<\/td><td>Offline adgang<\/td><td>Begr\u00e6nset tilpasning<\/td><td>naturalreaders.com<\/td><\/tr><tr><td><strong>Balabolka<\/strong><\/td><td>Gratis, underst\u00f8tter forskellige formater<\/td><td>Grundl\u00e6ggende gr\u00e6nseflade<\/td><td>&#8211;<\/td><td>balabolka.site<\/td><\/tr><tr><td><strong>ReadSpeaker<\/strong><\/td><td>Tilpassede stemmer i h\u00f8j kvalitet<\/td><td>Avancerede funktioner<\/td><td>Omkostninger<\/td><td><a href=\"https:\/\/readspeaker.com\/\" target=\"_blank\" rel=\"noopener\">readspeaker.com<\/a><\/td><\/tr><\/tbody><\/table><\/figure>\n\n\n\n<h3 class=\"wp-block-heading\" id=\"industry-pros-and-cons\">Fordele og ulemper i branchen<\/h3>\n\n\n\n<h4 class=\"wp-block-heading\" id=\"pros\">Fordele<\/h4>\n\n\n\n<ul class=\"wp-block-list\">\n<li class=\"\"><strong>Tilg\u00e6ngelighed<\/strong>: G\u00f8r indholdet tilg\u00e6ngeligt for synshandicappede brugere.<\/li>\n\n\n\n<li class=\"\"><strong>Effektivitet<\/strong>: Sparer tid p\u00e5 at skabe indhold.<\/li>\n\n\n\n<li class=\"\"><strong>Omkostningseffektiv<\/strong>: Reducerer behovet for menneskelige stemmeskuespillere.<\/li>\n\n\n\n<li class=\"\"><strong>Skalerbarhed<\/strong>: Kan nemt skaleres til store projekter.<\/li>\n<\/ul>\n\n\n\n<h4 class=\"wp-block-heading\" id=\"cons\">Ulemper<\/h4>\n\n\n\n<ul class=\"wp-block-list\">\n<li class=\"\"><strong>Variation i kvalitet<\/strong>: Kvaliteten kan variere mellem forskellige v\u00e6rkt\u00f8jer.<\/li>\n\n\n\n<li class=\"\"><strong>Akcent og sproglige begr\u00e6nsninger<\/strong>: Ikke alle accenter og sprog underst\u00f8ttes lige godt.<\/li>\n\n\n\n<li class=\"\"><strong>F\u00f8rste ops\u00e6tning<\/strong>: Nogle v\u00e6rkt\u00f8jer kr\u00e6ver en indl\u00e6ringskurve.<\/li>\n<\/ul>\n\n\n\n<h4 class=\"wp-block-heading\" id=\"advantages\">Fordele<\/h4>\n\n\n\n<ul class=\"wp-block-list\">\n<li class=\"\"><strong>Output af h\u00f8j kvalitet<\/strong>: Producerer lyd i professionel kvalitet.<\/li>\n\n\n\n<li class=\"\"><strong>Tilpasning<\/strong>: Giver mulighed for tilpasning af stemme og sprog.<\/li>\n\n\n\n<li class=\"\"><strong>Integration<\/strong>: Kan integreres med forskellige applikationer.<\/li>\n<\/ul>\n\n\n\n<h4 class=\"wp-block-heading\" id=\"challenges\">Udfordringer<\/h4>\n\n\n\n<ul class=\"wp-block-list\">\n<li class=\"\"><strong>Omkostninger<\/strong>: Avancerede funktioner kan have en pris.<\/li>\n\n\n\n<li class=\"\"><strong>Tekniske krav<\/strong>: Nogle v\u00e6rkt\u00f8jer kan kr\u00e6ve teknisk viden.<\/li>\n\n\n\n<li class=\"\"><strong>Stemmens naturlighed<\/strong>: Det kan v\u00e6re sv\u00e6rt at opn\u00e5 perfekt naturlighed.<\/li>\n<\/ul>\n\n\n\n<h4 class=\"wp-block-heading\" id=\"suggestions\">Forslag<\/h4>\n\n\n\n<ul class=\"wp-block-list\">\n<li class=\"\"><strong>V\u00e6lg det rigtige v\u00e6rkt\u00f8j<\/strong>: V\u00e6lg et v\u00e6rkt\u00f8j, der passer til dine behov og dit budget.<\/li>\n\n\n\n<li class=\"\"><strong>Eksperiment<\/strong>: Test forskellige indstillinger for at opn\u00e5 de bedste resultater.<\/li>\n\n\n\n<li class=\"\"><strong>Hold dig opdateret<\/strong>: F\u00f8lg med i de seneste fremskridt inden for AI-stemmeteknologi.<\/li>\n<\/ul>\n\n\n\n<h3 class=\"wp-block-heading\" id=\"frequently-asked-questions\">Ofte stillede sp\u00f8rgsm\u00e5l<\/h3>\n\n\n\n<ol class=\"wp-block-list\">\n<li class=\"\"><strong>Hvilken AI-stemmegenerator bruger alle?<\/strong><br>De fleste bruger v\u00e6rkt\u00f8jer som Google Text-to-Speech og Amazon Polly p\u00e5 grund af deres h\u00f8je kvalitet og p\u00e5lidelighed.<\/li>\n\n\n\n<li class=\"\"><strong>Hvordan bruger man en AI-stemmegenerator?<\/strong><br>V\u00e6lg et v\u00e6rkt\u00f8j, indtast din tekst, v\u00e6lg stemme- og sprogindstillinger, generer lyden, og download den.<\/li>\n\n\n\n<li class=\"\"><strong>Hvad er den bedste AI-stemmegenerator?<\/strong><br>Den bedste AI-stemmegenerator afh\u00e6nger af dine behov, men de bedste muligheder omfatter AI Voice Generator, Google Text-to-Speech og Amazon Polly.<\/li>\n\n\n\n<li class=\"\"><strong>Hvordan genererer man en AI-stemme?<\/strong><br>Brug et AI-stemmegeneratorv\u00e6rkt\u00f8j, indtast din tekst, v\u00e6lg indstillinger, og generer stemmen.<\/li>\n\n\n\n<li class=\"\"><strong>Hvordan laver man en AI-stemmegenerator?<\/strong><br>At skabe en AI-stemmegenerator kr\u00e6ver avancerede programmeringsf\u00e6rdigheder og viden om maskinl\u00e6ring og neurale netv\u00e6rk.<\/li>\n\n\n\n<li class=\"\"><strong>Hvad er de bedste gratis AI-stemmegeneratorer?<\/strong><br>AI Voice Generator og iSpeech er popul\u00e6re gratis muligheder.<\/li>\n\n\n\n<li class=\"\"><strong>Kan AI-stemmegeneratorer l\u00e6se tekst h\u00f8jt?<\/strong><br>Ja, AI-stemmegeneratorer kan konvertere tekst til tale og l\u00e6se den h\u00f8jt.<\/li>\n<\/ol>","protected":false},"excerpt":{"rendered":"<p>How to use the AI Voice Generator * Feel free to try our examples below if you don&#8217;t have any thoughts in your mind *&nbsp;Depending on your internet speed, loading the model may take up to 10 seconds \u2193 The Ultimate Guide to AI Voice Generators Outline AI Voice Generators have revolutionized the way we &#8230; <a title=\"AI-stemmegenerator\" class=\"read-more\" href=\"https:\/\/aiartfree.online\/da\/ai-stemme-generator\/\" aria-label=\"Read more about AI Voice Generator\">L\u00e6s mere <\/a><\/p>","protected":false},"author":1,"featured_media":3458,"parent":0,"menu_order":0,"comment_status":"open","ping_status":"closed","template":"","meta":{"nf_dc_page":"","footnotes":""},"class_list":["post-3351","page","type-page","status-publish","has-post-thumbnail"],"jetpack_sharing_enabled":true,"_links":{"self":[{"href":"https:\/\/aiartfree.online\/da\/wp-json\/wp\/v2\/pages\/3351","targetHints":{"allow":["GET"]}}],"collection":[{"href":"https:\/\/aiartfree.online\/da\/wp-json\/wp\/v2\/pages"}],"about":[{"href":"https:\/\/aiartfree.online\/da\/wp-json\/wp\/v2\/types\/page"}],"author":[{"embeddable":true,"href":"https:\/\/aiartfree.online\/da\/wp-json\/wp\/v2\/users\/1"}],"replies":[{"embeddable":true,"href":"https:\/\/aiartfree.online\/da\/wp-json\/wp\/v2\/comments?post=3351"}],"version-history":[{"count":0,"href":"https:\/\/aiartfree.online\/da\/wp-json\/wp\/v2\/pages\/3351\/revisions"}],"wp:featuredmedia":[{"embeddable":true,"href":"https:\/\/aiartfree.online\/da\/wp-json\/wp\/v2\/media\/3458"}],"wp:attachment":[{"href":"https:\/\/aiartfree.online\/da\/wp-json\/wp\/v2\/media?parent=3351"}],"curies":[{"name":"wp","href":"https:\/\/api.w.org\/{rel}","templated":true}]}}