{"id":3340,"date":"2024-07-30T15:52:48","date_gmt":"2024-07-30T15:52:48","guid":{"rendered":"https:\/\/aiartfree.online\/?page_id=3340"},"modified":"2024-08-02T10:02:12","modified_gmt":"2024-08-02T10:02:12","slug":"transcript","status":"publish","type":"page","link":"https:\/\/aiartfree.online\/da\/udskrift\/","title":{"rendered":"Udskrift"},"content":{"rendered":"<h2 class=\"wp-block-heading\" id=\"how-to-use-transcript\" style=\"font-size:23px\">S\u00e5dan bruger du Transcript<\/h2>\n\n\n\n<ol class=\"wp-block-list\">\n<li class=\"\">V\u00e6lg <strong>Mikrofon<\/strong> eller <strong>Lydfil<\/strong> eller <strong>YouTube<\/strong> fra den \u00f8verste fane<\/li>\n\n\n\n<li class=\"\">Upload dit indhold<\/li>\n\n\n\n<li class=\"\">V\u00e6lg \"Returner tidsstempler\"<\/li>\n\n\n\n<li class=\"\">Klik p\u00e5 \"Send\"<\/li>\n\n\n\n<li class=\"\">Vent, det er det!<\/li>\n<\/ol>\n\n\n\n<p class=\"\">* <em>Afh\u00e6ngigt af din internethastighed kan det tage et par sekunder at indl\u00e6se modellen.<\/em> \u2193<\/p>\n\n\n\n<div class=\"iframe-wrapper\" style=\"position: relative; width: 100%; height: 1400px;\">\n  <div class=\"loading\" style=\"position: absolute; top: 50px; left: 50%; transform: translate(-50%, -50%); width: 40px; height: 40px; border: 3px solid #f0f0f0; border-top: 3px solid #db7093; border-radius: 50%; animation: spin 1s linear infinite;\"><\/div>\n  <iframe loading=\"lazy\" src=\"https:\/\/sanchit-gandhi-whisper-jax.hf.space\" frameborder=\"0\" width=\"100%\" height=\"100%\" style=\"position: absolute; top: 0; left: 0; opacity: 0; transition: opacity 0.3s;\" onload=\"this.style.opacity=1;this.previousElementSibling.style.display='none';\"><\/iframe>\n<\/div>\n\n<style>\n@keyframes spin {\n  0% { transform: translate(-50%, -50%) rotate(0deg); }\n  100% { transform: translate(-50%, -50%) rotate(360deg); }\n}\n<\/style>\n\n\n\n<div style=\"height:60px\" aria-hidden=\"true\" class=\"wp-block-spacer\"><\/div>\n\n\n\n<h2 class=\"wp-block-heading\" id=\"how-to-use-transcript-services-your-ultimate-guide\">S\u00e5dan bruger du udskriftstjenester: Din ultimative guide<\/h2>\n\n\n\n<h3 class=\"wp-block-heading\" id=\"introduction\">Introduktion<\/h3>\n\n\n\n<p class=\"\">Transskriptionstjenester har revolutioneret den m\u00e5de, vi h\u00e5ndterer lyd- og videoindhold p\u00e5, ved at konvertere talte ord til skrevet tekst. Uanset om du er studerende, professionel eller indholdsskaber, kan det forbedre din produktivitet og tilg\u00e6ngelighed betydeligt, hvis du forst\u00e5r, hvordan transskription fungerer.<\/p>\n\n\n\n<figure class=\"wp-block-image size-large is-resized\"><img data-recalc-dims=\"1\" data-dominant-color=\"b7aaa7\" data-has-transparency=\"false\" decoding=\"async\" width=\"1024\" height=\"640\"   loading=\"lazy\" src=\"https:\/\/i0.wp.com\/aiartfree.online\/wp-content\/uploads\/2024\/07\/WX20240730-200353%402x-1024x640.webp?resize=1024%2C640&#038;ssl=1\" alt=\"Nr. 1 gratis og ubegr\u00e6nset transskriptionstjeneste. Ingen tilmelding. Konverter lyd til tekst, udskrift af YouTube-videoer, f\u00e5 dine udskrifter fra high school og college online\" class=\"wp-image-3345 not-transparent\" style=\"--dominant-color: #b7aaa7; width:578px;height:auto\" srcset=\"https:\/\/i0.wp.com\/aiartfree.online\/wp-content\/uploads\/2024\/07\/WX20240730-200353%402x.jpg?resize=1024%2C640&amp;ssl=1 1024w, https:\/\/i0.wp.com\/aiartfree.online\/wp-content\/uploads\/2024\/07\/WX20240730-200353%402x.jpg?resize=300%2C188&amp;ssl=1 300w, https:\/\/i0.wp.com\/aiartfree.online\/wp-content\/uploads\/2024\/07\/WX20240730-200353%402x.jpg?resize=768%2C480&amp;ssl=1 768w, https:\/\/i0.wp.com\/aiartfree.online\/wp-content\/uploads\/2024\/07\/WX20240730-200353%402x.jpg?resize=1536%2C960&amp;ssl=1 1536w, https:\/\/i0.wp.com\/aiartfree.online\/wp-content\/uploads\/2024\/07\/WX20240730-200353%402x.jpg?resize=18%2C12&amp;ssl=1 18w, https:\/\/i0.wp.com\/aiartfree.online\/wp-content\/uploads\/2024\/07\/WX20240730-200353%402x.jpg?resize=600%2C375&amp;ssl=1 600w, https:\/\/i0.wp.com\/aiartfree.online\/wp-content\/uploads\/2024\/07\/WX20240730-200353%402x.jpg?w=1808&amp;ssl=1 1808w\" sizes=\"auto, (max-width: 1024px) 100vw, 1024px\" \/><\/figure>\n\n\n\n<div class=\"wp-block-rank-math-toc-block\" id=\"rank-math-toc\"><h3>Indholdsfortegnelse<\/h3><nav><ul><li><a href=\"#introduction\">Introduktion<\/a><\/li><li><a href=\"#what-is-transcript\">Hvad er udskrift?<\/a><\/li><li><a href=\"#why-use-transcript-services\">Hvorfor bruge udskriftstjenester?<\/a><\/li><li><a href=\"#main-features-of-transcript-services\">De vigtigste funktioner i udskriftstjenester<\/a><ul><li><a href=\"#100-free\">100% Gratis<\/a><\/li><li><a href=\"#unlimited-transcription\">Ubegr\u00e6nset transskription<\/a><\/li><li><a href=\"#no-1-choice\">Nr. 1 valg<\/a><\/li><li><a href=\"#no-sign-up-required\">Ingen tilmelding n\u00f8dvendig<\/a><\/li><\/ul><\/li><li><a href=\"#who-should-use-transcription-services\">Hvem b\u00f8r bruge transskriptionstjenester?<\/a><\/li><li><a href=\"#industries-benefiting-from-transcription-services\">Brancher, der nyder godt af transskriptionstjenester<\/a><\/li><li><a href=\"#how-to-use-transcription-services-step-by-step\">S\u00e5dan bruger du transskriptionstjenester: Trin for trin<\/a><\/li><li><a href=\"#use-cases-of-transcription-services\">Brug af transskriptionstjenester<\/a><\/li><li><a href=\"#top-10-transcription-tools-and-resources\">Top 10 transskriptionsv\u00e6rkt\u00f8jer og -ressourcer<\/a><\/li><li><a href=\"#advantages-disadvantages-and-challenges-in-the-transcription-industry\">Fordele, ulemper og udfordringer i transskriptionsbranchen<\/a><ul><li><a href=\"#advantages\">Fordele<\/a><\/li><li><a href=\"#disadvantages\">Ulemper<\/a><\/li><li><a href=\"#challenges\">Udfordringer<\/a><\/li><\/ul><\/li><li><a href=\"#frequently-asked-questions-faq\">Ofte stillede sp\u00f8rgsm\u00e5l (FAQ)<\/a><\/li><li><a href=\"#conclusion\">Konklusion<\/a><\/li><\/ul><\/nav><\/div>\n\n\n\n<h3 class=\"wp-block-heading\" id=\"what-is-transcript\">Hvad er udskrift?<\/h3>\n\n\n\n<p class=\"\">Transskribering er processen med at konvertere talt sprog til skrevet tekst. Denne tjeneste kan bruges til at transskribere forskellige former for lyd, herunder interviews, forel\u00e6sninger, podcasts og videoer, til l\u00e6sbare dokumenter.<\/p>\n\n\n\n<h3 class=\"wp-block-heading\" id=\"why-use-transcript-services\">Hvorfor bruge udskriftstjenester?<\/h3>\n\n\n\n<p class=\"\">Transskriptionstjenester giver mange fordele:<\/p>\n\n\n\n<ul class=\"wp-block-list\">\n<li class=\"\"><strong>Tilg\u00e6ngelighed:<\/strong> Udskrifter g\u00f8r indholdet tilg\u00e6ngeligt for personer med nedsat h\u00f8relse.<\/li>\n\n\n\n<li class=\"\"><strong>S\u00f8gbarhed:<\/strong> Tekstdokumenter kan nemt s\u00f8ges, indekseres og refereres til.<\/li>\n\n\n\n<li class=\"\"><strong>N\u00f8jagtighed:<\/strong> Professionelle transskriptionstjenester sikrer h\u00f8j n\u00f8jagtighed i det transskriberede indhold.<\/li>\n\n\n\n<li class=\"\"><strong>Effektivitet:<\/strong> Sparer tid i forhold til manuel transskription.<\/li>\n<\/ul>\n\n\n\n<h3 class=\"wp-block-heading\" id=\"main-features-of-transcript-services\">De vigtigste funktioner i udskriftstjenester<\/h3>\n\n\n\n<h4 class=\"wp-block-heading\" id=\"100-free\">100% Gratis<\/h4>\n\n\n\n<p class=\"\">Mange transskriptionstjenester tilbyder gratis abonnementer, hvilket g\u00f8r dem tilg\u00e6ngelige for alle uden \u00f8konomiske begr\u00e6nsninger.<\/p>\n\n\n\n<h4 class=\"wp-block-heading\" id=\"unlimited-transcription\">Ubegr\u00e6nset transskription<\/h4>\n\n\n\n<p class=\"\">Nogle tjenester tilbyder ubegr\u00e6nsede transskriptionsmuligheder, s\u00e5 brugerne kan transskribere s\u00e5 mange filer, som de har brug for.<\/p>\n\n\n\n<h4 class=\"wp-block-heading\" id=\"no-1-choice\">Nr. 1 valg<\/h4>\n\n\n\n<p class=\"\">F\u00f8rende transskriptionstjenester vurderes ofte som det bedste valg p\u00e5 grund af deres p\u00e5lidelighed, n\u00f8jagtighed og brugervenlighed.<\/p>\n\n\n\n<h4 class=\"wp-block-heading\" id=\"no-sign-up-required\">Ingen tilmelding n\u00f8dvendig<\/h4>\n\n\n\n<p class=\"\">Bekvemmelighed er en n\u00f8glefunktion, og nogle platforme tilbyder transskriptionstjenester uden behov for registrering.<\/p>\n\n\n\n<h3 class=\"wp-block-heading\" id=\"who-should-use-transcription-services\">Hvem b\u00f8r bruge transskriptionstjenester?<\/h3>\n\n\n\n<p class=\"\">Transskriptionstjenester er ideelle til:<\/p>\n\n\n\n<ul class=\"wp-block-list\">\n<li class=\"\"><strong>Studerende:<\/strong> At konvertere forel\u00e6sninger og diskussioner til noter.<\/li>\n\n\n\n<li class=\"\"><strong>Professionelle:<\/strong> Til at lave m\u00f8dereferater og transskribere interviews.<\/li>\n\n\n\n<li class=\"\"><strong>Skabere af indhold:<\/strong> At generere tekstindhold fra podcasts og videoer.<\/li>\n\n\n\n<li class=\"\"><strong>Forskere:<\/strong> Til dokumentation af mundtlige historier og interviews.<\/li>\n<\/ul>\n\n\n\n<h3 class=\"wp-block-heading\" id=\"industries-benefiting-from-transcription-services\">Brancher, der nyder godt af transskriptionstjenester<\/h3>\n\n\n\n<p class=\"\">Transskriptionstjenester er gavnlige i forskellige brancher som f.eks:<\/p>\n\n\n\n<ul class=\"wp-block-list\">\n<li class=\"\"><strong>Uddannelse:<\/strong> Til transskriptioner af forel\u00e6sninger og forskningsdokumentation.<\/li>\n\n\n\n<li class=\"\"><strong>Medier:<\/strong> At transskribere interviews og lave undertekster.<\/li>\n\n\n\n<li class=\"\"><strong>Juridisk:<\/strong> Til retsudskrifter og juridisk dokumentation.<\/li>\n\n\n\n<li class=\"\"><strong>Sundhedspleje:<\/strong> Til transskribering af medicinske diktater og patientjournaler.<\/li>\n<\/ul>\n\n\n\n<h3 class=\"wp-block-heading\" id=\"how-to-use-transcription-services-step-by-step\">S\u00e5dan bruger du transskriptionstjenester: Trin for trin<\/h3>\n\n\n\n<ol class=\"wp-block-list\">\n<li class=\"\"><strong>V\u00e6lg en tjeneste:<\/strong> V\u00e6lg en transskriptionstjeneste, der passer til dine behov. Anbefalet v\u00e6rkt\u00f8j: <a href=\"https:\/\/aiartfree.online\/da\/udskrift\/\">https:\/\/aiartfree.online\/transcript<\/a>.<\/li>\n\n\n\n<li class=\"\"><strong>Upload lyd-\/videofil:<\/strong> Upload den fil, du skal have transskriberet.<\/li>\n\n\n\n<li class=\"\"><strong>Indstil pr\u00e6ferencer:<\/strong> V\u00e6lg de \u00f8nskede indstillinger, f.eks. sprog, format og eventuelle s\u00e6rlige krav.<\/li>\n\n\n\n<li class=\"\"><strong>Start transskriptionen:<\/strong> Start transskriptionsprocessen.<\/li>\n\n\n\n<li class=\"\"><strong>Gennemg\u00e5 og rediger:<\/strong> N\u00e5r transskriptionen er f\u00e6rdig, skal du gennemg\u00e5 den og foretage de n\u00f8dvendige \u00e6ndringer.<\/li>\n\n\n\n<li class=\"\"><strong>Download og brug:<\/strong> Download den endelige udskrift til eget brug.<\/li>\n<\/ol>\n\n\n\n<h3 class=\"wp-block-heading\" id=\"use-cases-of-transcription-services\">Brug af transskriptionstjenester<\/h3>\n\n\n\n<ul class=\"wp-block-list\">\n<li class=\"\"><strong>Akademisk forskning:<\/strong> Transskribering af interviews til kvalitativ forskning.<\/li>\n\n\n\n<li class=\"\"><strong>Oprettelse af indhold:<\/strong> Generering af blogindl\u00e6g og artikler fra podcasts.<\/li>\n\n\n\n<li class=\"\"><strong>Juridisk dokumentation:<\/strong> Transskribering af vidneudsagn og retssager.<\/li>\n\n\n\n<li class=\"\"><strong>Virksomhedsm\u00f8der:<\/strong> Oprettelse af detaljerede m\u00f8dereferater.<\/li>\n<\/ul>\n\n\n\n<h3 class=\"wp-block-heading\" id=\"top-10-transcription-tools-and-resources\">Top 10 transskriptionsv\u00e6rkt\u00f8jer og -ressourcer<\/h3>\n\n\n\n<p class=\"\">Her er en tabel, der opsummerer de 10 bedste transskriptionsv\u00e6rkt\u00f8jer og deres funktioner:<\/p>\n\n\n\n<figure class=\"wp-block-table\"><table class=\"has-fixed-layout\"><thead><tr><th>V\u00e6rkt\u00f8j\/websted<\/th><th>Funktioner<\/th><th>Fordele<\/th><th>Ulemper<\/th><th>URL<\/th><\/tr><\/thead><tbody><tr><td><strong>AI-kunst gratis<\/strong><\/td><td>Lyd til tekst, videotransskription<\/td><td>Gratis, ingen tilmelding, ubegr\u00e6nset<\/td><td>Begr\u00e6nset tilpasning<\/td><td><a href=\"https:\/\/aiartfree.online\/da\/udskrift\/\">Link<\/a><\/td><\/tr><tr><td><strong>TranscribeMe<\/strong><\/td><td>H\u00f8j n\u00f8jagtighed, menneskelig og AI-transskription<\/td><td>P\u00e5lidelig, flere formater<\/td><td>Betalt service<\/td><td><a href=\"https:\/\/www.transcribeme.com\" target=\"_blank\" rel=\"noopener\">Link<\/a><\/td><\/tr><tr><td><strong>Otter.ai<\/strong><\/td><td>Transskription i realtid, samarbejdsv\u00e6rkt\u00f8jer<\/td><td>Let at bruge, mobil app<\/td><td>Begr\u00e6nset gratis plan<\/td><td><a href=\"https:\/\/otter.ai\" target=\"_blank\" rel=\"noopener\">Link<\/a><\/td><\/tr><tr><td><strong>Sonix<\/strong><\/td><td>Automatisk transskription, underst\u00f8ttelse af flere sprog<\/td><td>Hurtig, pr\u00e6cis<\/td><td>Abonnement p\u00e5kr\u00e6vet<\/td><td><a href=\"https:\/\/sonix.ai\" target=\"_blank\" rel=\"noopener\">Link<\/a><\/td><\/tr><tr><td><strong>Rev<\/strong><\/td><td>Menneskelig transskription, tekstning<\/td><td>H\u00f8j kvalitet, hurtig levering<\/td><td>Dyrt<\/td><td><a href=\"https:\/\/www.rev.com\" target=\"_blank\" rel=\"noopener\">Link<\/a><\/td><\/tr><tr><td><strong>Temi<\/strong><\/td><td>Prisbillig automatiseret transskription<\/td><td>Hurtig, brugervenlig<\/td><td>Ikke altid pr\u00e6cis<\/td><td><a href=\"https:\/\/www.temi.com\" target=\"_blank\" rel=\"noopener\">Link<\/a><\/td><\/tr><tr><td><strong>Beskrivelse<\/strong><\/td><td>Lyd- og videoredigering, transskription<\/td><td>Alsidig, kraftfuld<\/td><td>L\u00e6ringskurve<\/td><td><a href=\"https:\/\/www.descript.com\" target=\"_blank\" rel=\"noopener\">Link<\/a><\/td><\/tr><tr><td><strong>Trint<\/strong><\/td><td>AI-drevne transskriptions- og redigeringsv\u00e6rkt\u00f8jer<\/td><td>Pr\u00e6cis, fleksibel<\/td><td>Dyrt<\/td><td><a href=\"https:\/\/trint.com\" target=\"_blank\" rel=\"noopener\">Link<\/a><\/td><\/tr><tr><td><strong>Glad skribent<\/strong><\/td><td>V\u00e6rkt\u00f8jer til samarbejde p\u00e5 flere sprog<\/td><td>Pr\u00e6cis, god support<\/td><td>Abonnement n\u00f8dvendigt<\/td><td><a href=\"https:\/\/www.happyscribe.com\" target=\"_blank\" rel=\"noopener\">Link<\/a><\/td><\/tr><tr><td><strong>Scribie<\/strong><\/td><td>Manuel og automatiseret transskription<\/td><td>Prisbillig, pr\u00e6cis<\/td><td>Begr\u00e6nset gratis plan<\/td><td><a href=\"https:\/\/www.scribie.com\" target=\"_blank\" rel=\"noopener\">Link<\/a><\/td><\/tr><\/tbody><\/table><\/figure>\n\n\n\n<h3 class=\"wp-block-heading\" id=\"advantages-disadvantages-and-challenges-in-the-transcription-industry\">Fordele, ulemper og udfordringer i transskriptionsbranchen<\/h3>\n\n\n\n<h4 class=\"wp-block-heading\" id=\"advantages\">Fordele<\/h4>\n\n\n\n<ul class=\"wp-block-list\">\n<li class=\"\"><strong>Forbedret tilg\u00e6ngelighed:<\/strong> G\u00f8r indholdet tilg\u00e6ngeligt for alle.<\/li>\n\n\n\n<li class=\"\"><strong>Forbedret produktivitet:<\/strong> Sparer tid og kr\u00e6fter p\u00e5 at konvertere tale til tekst.<\/li>\n\n\n\n<li class=\"\"><strong>Bedre dokumentation:<\/strong> Pr\u00e6cise optegnelser over m\u00f8der, interviews og meget mere.<\/li>\n<\/ul>\n\n\n\n<h4 class=\"wp-block-heading\" id=\"disadvantages\">Ulemper<\/h4>\n\n\n\n<ul class=\"wp-block-list\">\n<li class=\"\"><strong>Omkostninger:<\/strong> Nogle tjenester kan v\u00e6re dyre.<\/li>\n\n\n\n<li class=\"\"><strong>Problemer med n\u00f8jagtighed:<\/strong> Automatiserede tjenester er m\u00e5ske ikke altid n\u00f8jagtige.<\/li>\n\n\n\n<li class=\"\"><strong>Bekymringer om privatlivets fred:<\/strong> H\u00e5ndtering af f\u00f8lsomme oplysninger kan v\u00e6re et problem.<\/li>\n<\/ul>\n\n\n\n<h4 class=\"wp-block-heading\" id=\"challenges\">Udfordringer<\/h4>\n\n\n\n<ul class=\"wp-block-list\">\n<li class=\"\"><strong>Variabilitet i tale:<\/strong> Accenter, dialekter og d\u00e5rlig lydkvalitet kan p\u00e5virke n\u00f8jagtigheden.<\/li>\n\n\n\n<li class=\"\"><strong>Tekniske begr\u00e6nsninger:<\/strong> AI-transskription k\u00e6mper stadig med kontekst og homofoner.<\/li>\n<\/ul>\n\n\n\n<h3 class=\"wp-block-heading\" id=\"frequently-asked-questions-faq\">Ofte stillede sp\u00f8rgsm\u00e5l (FAQ)<\/h3>\n\n\n\n<ol class=\"wp-block-list\">\n<li class=\"\"><strong>Hvor sker transkriptionen?<\/strong> Transskription forekommer overalt, hvor der er behov for at konvertere talt sprog til tekst, hvilket ofte sker ved hj\u00e6lp af transskriptionstjenester og software.<\/li>\n\n\n\n<li class=\"\"><strong>Hvordan f\u00e5r man udskrifter fra gymnasiet?<\/strong> Du kan f\u00e5 udskrifter fra gymnasiet ved at kontakte din skoles administrationskontor eller g\u00e5 ind p\u00e5 deres onlineportal.<\/li>\n\n\n\n<li class=\"\"><strong>Hvad er transskription?<\/strong> Transskription er processen med at konvertere talt sprog til skrevet tekst.<\/li>\n\n\n\n<li class=\"\"><strong>Hvor finder transskriptionen sted?<\/strong> Transskription finder sted i forskellige sammenh\u00e6nge, herunder skoler, kontorer og udbydere af transskriptionstjenester.<\/li>\n\n\n\n<li class=\"\"><strong>Hvordan f\u00e5r jeg en udskrift fra Aeries?<\/strong> For at f\u00e5 en udskrift fra Aeries skal du logge ind p\u00e5 din Aeries-konto, navigere til afsnittet om udskrifter og f\u00f8lge instruktionerne for at anmode om din udskrift.<\/li>\n\n\n\n<li class=\"\"><strong>Hvilke typer udskrifter findes der?<\/strong> Typer af udskrifter omfatter akademiske udskrifter, medicinske udskrifter, juridiske udskrifter og medieudskrifter.<\/li>\n\n\n\n<li class=\"\"><strong>Hvordan transskriberer man YouTube-videoer?<\/strong> Brug v\u00e6rkt\u00f8jer som <a href=\"https:\/\/aiartfree.online\/da\/udskrift\/\">https:\/\/aiartfree.online\/transcript<\/a> for at uploade YouTube-videoer og f\u00e5 udskrifter.<\/li>\n\n\n\n<li class=\"\"><strong>Hvad er IRS-udskrift?<\/strong> En IRS-udskrift er et sammendrag af dine selvangivelsesoplysninger fra Internal Revenue Service.<\/li>\n\n\n\n<li class=\"\"><strong>Hvordan f\u00e5r jeg udskrifter fra universitetet?<\/strong> Anmod om collegeudskrifter fra din institutions kontor eller deres onlinetjenester.<\/li>\n\n\n\n<li class=\"\"><strong>Hvad er transskriptionsjobs?<\/strong> Transskriptionsjobs indeb\u00e6rer, at man lytter til lydoptagelser og skriver det, man h\u00f8rer, ud i et skriftligt format.<\/li>\n<\/ol>\n\n\n\n<h3 class=\"wp-block-heading\" id=\"conclusion\">Konklusion<\/h3>\n\n\n\n<p class=\"\">Transskriptionstjenester giver et utal af fordele, lige fra bedre tilg\u00e6ngelighed til \u00f8get produktivitet. Med v\u00e6rkt\u00f8jer som <a href=\"https:\/\/aiartfree.online\/da\/udskrift\/\">https:\/\/aiartfree.online\/transcript<\/a>kan du nemt konvertere dine lyd- og videofiler til tekst. Udforsk de bedste v\u00e6rkt\u00f8jer, forst\u00e5 deres funktioner, og v\u00e6lg den rigtige tjeneste til dine behov. Begynd at transskribere i dag, og frig\u00f8r det fulde potentiale i dit indhold!<\/p>\n\n\n\n<p class=\"\">Bes\u00f8g <a href=\"https:\/\/aiartfree.online\/da\/udskrift\/\">https:\/\/aiartfree.online\/transcript<\/a> nu for at opleve den bedste gratis og ubegr\u00e6nsede transskriptionstjeneste uden besv\u00e6ret med tilmelding!<\/p>","protected":false},"excerpt":{"rendered":"<p>How to use Transcript * Depending on your internet speed, loading the model may take a few seconds. \u2193 How to Use Transcript Services: Your Ultimate Guide Introduction Transcription services have revolutionized the way we handle audio and video content by converting spoken words into written text. Whether you&#8217;re a student, professional, or content creator, &#8230; <a title=\"Udskrift\" class=\"read-more\" href=\"https:\/\/aiartfree.online\/da\/udskrift\/\" aria-label=\"Read more about Transcript\">L\u00e6s mere <\/a><\/p>","protected":false},"author":1,"featured_media":3345,"parent":0,"menu_order":0,"comment_status":"open","ping_status":"closed","template":"","meta":{"nf_dc_page":"","footnotes":""},"class_list":["post-3340","page","type-page","status-publish","has-post-thumbnail"],"jetpack_sharing_enabled":true,"_links":{"self":[{"href":"https:\/\/aiartfree.online\/da\/wp-json\/wp\/v2\/pages\/3340","targetHints":{"allow":["GET"]}}],"collection":[{"href":"https:\/\/aiartfree.online\/da\/wp-json\/wp\/v2\/pages"}],"about":[{"href":"https:\/\/aiartfree.online\/da\/wp-json\/wp\/v2\/types\/page"}],"author":[{"embeddable":true,"href":"https:\/\/aiartfree.online\/da\/wp-json\/wp\/v2\/users\/1"}],"replies":[{"embeddable":true,"href":"https:\/\/aiartfree.online\/da\/wp-json\/wp\/v2\/comments?post=3340"}],"version-history":[{"count":0,"href":"https:\/\/aiartfree.online\/da\/wp-json\/wp\/v2\/pages\/3340\/revisions"}],"wp:featuredmedia":[{"embeddable":true,"href":"https:\/\/aiartfree.online\/da\/wp-json\/wp\/v2\/media\/3345"}],"wp:attachment":[{"href":"https:\/\/aiartfree.online\/da\/wp-json\/wp\/v2\/media?parent=3340"}],"curies":[{"name":"wp","href":"https:\/\/api.w.org\/{rel}","templated":true}]}}