{"id":3319,"date":"2024-07-30T11:47:20","date_gmt":"2024-07-30T11:47:20","guid":{"rendered":"https:\/\/aiartfree.online\/?page_id=3319"},"modified":"2025-03-07T08:27:06","modified_gmt":"2025-03-07T08:27:06","slug":"youtube-transcript","status":"publish","type":"page","link":"https:\/\/aiartfree.online\/da\/youtube-udskrift\/","title":{"rendered":"YouTube-udskrift"},"content":{"rendered":"<h2 class=\"wp-block-heading\" style=\"font-size:23px\">S\u00e5dan bruger du YouTube Transcript<\/h2>\n\n\n\n<ol class=\"wp-block-list\">\n<li class=\"\">V\u00e6lg <strong>YouTube<\/strong> fra den \u00f8verste fane<\/li>\n\n\n\n<li class=\"\">Inds\u00e6t din YouTube-URL<\/li>\n\n\n\n<li class=\"\">V\u00e6lg \"Returner tidsstempler\"<\/li>\n\n\n\n<li class=\"\">Klik p\u00e5 \"Send\"<\/li>\n\n\n\n<li class=\"\">Vent, det er det!<\/li>\n<\/ol>\n\n\n\n<figure class=\"gb-block-image gb-block-image-4dfafe81\"><a href=\"https:\/\/fas.st\/t\/XmtmoHSk\" target=\"_blank\" rel=\"noopener noreferrer\"><img data-recalc-dims=\"1\" decoding=\"async\" loading=\"lazy\" width=\"1200\" height=\"368\" class=\"gb-image gb-image-4dfafe81\" src=\"https:\/\/i0.wp.com\/aiartfree.online\/wp-content\/uploads\/2025\/03\/WX20250307-114300%402x.webp?resize=1200%2C368&#038;ssl=1\" alt=\"\" title=\"WX20250307-114300@2x\" srcset=\"https:\/\/i0.wp.com\/aiartfree.online\/wp-content\/uploads\/2025\/03\/WX20250307-114300%402x.webp?w=1900&amp;ssl=1 1900w, https:\/\/i0.wp.com\/aiartfree.online\/wp-content\/uploads\/2025\/03\/WX20250307-114300%402x.webp?resize=300%2C92&amp;ssl=1 300w, https:\/\/i0.wp.com\/aiartfree.online\/wp-content\/uploads\/2025\/03\/WX20250307-114300%402x.webp?resize=1024%2C314&amp;ssl=1 1024w, https:\/\/i0.wp.com\/aiartfree.online\/wp-content\/uploads\/2025\/03\/WX20250307-114300%402x.webp?resize=768%2C235&amp;ssl=1 768w, https:\/\/i0.wp.com\/aiartfree.online\/wp-content\/uploads\/2025\/03\/WX20250307-114300%402x.webp?resize=1536%2C471&amp;ssl=1 1536w, https:\/\/i0.wp.com\/aiartfree.online\/wp-content\/uploads\/2025\/03\/WX20250307-114300%402x.webp?resize=18%2C6&amp;ssl=1 18w, https:\/\/i0.wp.com\/aiartfree.online\/wp-content\/uploads\/2025\/03\/WX20250307-114300%402x.webp?resize=600%2C184&amp;ssl=1 600w\" sizes=\"auto, (max-width: 1200px) 100vw, 1200px\" \/><\/a><\/figure>\n\n\n\n<p class=\"\">* <em>Afh\u00e6ngigt af din internethastighed kan det tage et par sekunder at indl\u00e6se modellen.<\/em> \u2193<\/p>\n\n\n\n<style>\n  .iframe-container {\n    text-align: center;\n    border: 2px solid;\n    border-image-source: linear-gradient(to right, #16b86c, #912899);\n    border-image-slice: 1;\n    box-shadow: 0 0 10px rgba(0, 0, 0, 0.1);\n    border-radius: 15px;\n    position: relative; \/* \u4f7f loader \u7edd\u5bf9\u5b9a\u4f4d\u6709\u6548 *\/\n  }\n  .loader {\n    position: absolute;\n    top: 100px;\n    left: 50%;\n    transform: translate(-50%, -50%);\n    width: 40px;\n    height: 40px;\n    border: 4px solid #f3f3f3;\n    border-top: 4px solid #9834db;\n    border-radius: 50%;\n    animation: spin 1s linear infinite;\n  }\n  @keyframes spin {\n    0% { transform: translate(-50%, -50%) rotate(0deg); }\n    100% { transform: translate(-50%, -50%) rotate(360deg); }\n  }\n  iframe {\n    width: 100%;\n    height: 1550px;\n    border: none;\n    display: inline-block;\n    margin: 0 auto;\n    opacity: 0;\n    transition: opacity 0.3s ease;\n  }\n<\/style>\n\n<div class=\"iframe-container\">\n  <div id=\"loader\" class=\"loader\"><\/div>\n  <iframe\n    src=\"https:\/\/sanchit-gandhi-whisper-jax.hf.space\"\n    frameborder=\"0\"\n    onload=\"this.style.opacity=1;document.getElementById('loader').style.display='none';\"\n  ><\/iframe>\n<\/div>\n\n\n\n<div style=\"height:60px\" aria-hidden=\"true\" class=\"wp-block-spacer\"><\/div>\n\n\n\n<h2 class=\"wp-block-heading\">Den ultimative guide til YouTube-transskription<\/h2>\n\n\n\n<h3 class=\"wp-block-heading\">Indholdsfortegnelse<\/h3>\n\n\n\n<ol class=\"wp-block-list\">\n<li class=\"\"><a href=\"#introduction\">Introduktion<\/a><\/li>\n\n\n\n<li class=\"\"><a href=\"#what-is-a-youtube-transcript\">Hvad er et YouTube-udskrift?<\/a><\/li>\n\n\n\n<li class=\"\"><a href=\"#why-use-youtube-transcripts\">Hvorfor bruge YouTube-udskrifter?<\/a><\/li>\n\n\n\n<li class=\"\"><a href=\"#main-features-of-youtube-transcripts\">De vigtigste funktioner i YouTube Transcripts<\/a>\n<ul class=\"wp-block-list\">\n<li class=\"\"><a href=\"#transcription-accuracy\">N\u00f8jagtighed i transskriptionen<\/a><\/li>\n\n\n\n<li class=\"\"><a href=\"#time-stamped-transcripts\">Tidsstemplede udskrifter<\/a><\/li>\n\n\n\n<li class=\"\"><a href=\"#download-options\">Download muligheder<\/a><\/li>\n\n\n\n<li class=\"\"><a href=\"#editing-and-customization\">Redigering og tilpasning<\/a><\/li>\n<\/ul>\n<\/li>\n\n\n\n<li class=\"\"><a href=\"#who-should-use-youtube-transcripts\">Hvem b\u00f8r bruge YouTube-udskrifter?<\/a><\/li>\n\n\n\n<li class=\"\"><a href=\"#industries-benefiting-from-youtube-transcripts\">Brancher, der nyder godt af YouTube-udskrifter<\/a><\/li>\n\n\n\n<li class=\"\"><a href=\"#how-to-use-youtube-transcripts\">S\u00e5dan bruger du YouTube-udskrifter<\/a><\/li>\n\n\n\n<li class=\"\"><a href=\"#use-cases-of-youtube-transcripts\">Brug af YouTube-udskrifter<\/a>\n<ul class=\"wp-block-list\">\n<li class=\"\"><a href=\"#content-creators\">Skabere af indhold<\/a><\/li>\n\n\n\n<li class=\"\"><a href=\"#educators\">P\u00e6dagoger<\/a><\/li>\n\n\n\n<li class=\"\"><a href=\"#marketers\">Markedsf\u00f8rere<\/a><\/li>\n<\/ul>\n<\/li>\n\n\n\n<li class=\"\"><a href=\"#top-10-youtube-transcript-tools-and-information\">Top 10 YouTube-udskriftsv\u00e6rkt\u00f8jer og information<\/a><\/li>\n\n\n\n<li class=\"\"><a href=\"#advantages-disadvantages-and-challenges-in-the-industry\">Fordele, ulemper og udfordringer i branchen<\/a><\/li>\n\n\n\n<li class=\"\"><a href=\"#faq\">OFTE STILLEDE SP\u00d8RGSM\u00c5L<\/a><\/li>\n\n\n\n<li class=\"\"><a href=\"#conclusion\">Konklusion<\/a><\/li>\n<\/ol>\n\n\n\n<h3 class=\"wp-block-heading\">Introduktion<\/h3>\n\n\n\n<p class=\"\">I den digitale tidsalder er tilg\u00e6ngelighed til indhold altafg\u00f8rende. Et af de mest nyttige v\u00e6rkt\u00f8jer til at forbedre tilg\u00e6ngeligheden og engagementet er YouTube-udskriften. Denne guide vil dykke ned i, hvad en YouTube-udskrift er, hvorfor den er vigtig, og hvordan man bruger den effektivt. Vi vil ogs\u00e5 udforske de bedste tilg\u00e6ngelige v\u00e6rkt\u00f8jer, herunder vores bedste anbefaling, <a href=\"https:\/\/aiartfree.online\/da\/youtube-udskrift\/\">https:\/\/aiartfree.online\/youtube-transcript\/<\/a>og tilbyder en omfattende FAQ-sektion til at besvare almindelige sp\u00f8rgsm\u00e5l.<\/p>\n\n\n\n<figure class=\"wp-block-image size-full is-resized\"><img data-recalc-dims=\"1\" data-dominant-color=\"987d7b\" data-has-transparency=\"false\" decoding=\"async\" width=\"1024\" height=\"710\"   loading=\"lazy\" src=\"https:\/\/i0.wp.com\/aiartfree.online\/wp-content\/uploads\/2024\/07\/image-28-jpg.webp?resize=1024%2C710&#038;ssl=1\" alt=\"YouTube-udskrift\" class=\"wp-image-3337 not-transparent\" style=\"--dominant-color: #987d7b; width:561px;height:auto\" srcset=\"https:\/\/i0.wp.com\/aiartfree.online\/wp-content\/uploads\/2024\/07\/image-28-jpg.webp?w=1024&amp;ssl=1 1024w, https:\/\/i0.wp.com\/aiartfree.online\/wp-content\/uploads\/2024\/07\/image-28-jpg.webp?resize=300%2C208&amp;ssl=1 300w, https:\/\/i0.wp.com\/aiartfree.online\/wp-content\/uploads\/2024\/07\/image-28-jpg.webp?resize=768%2C533&amp;ssl=1 768w, https:\/\/i0.wp.com\/aiartfree.online\/wp-content\/uploads\/2024\/07\/image-28-jpg.webp?resize=18%2C12&amp;ssl=1 18w, https:\/\/i0.wp.com\/aiartfree.online\/wp-content\/uploads\/2024\/07\/image-28-jpg.webp?resize=600%2C416&amp;ssl=1 600w\" sizes=\"auto, (max-width: 1024px) 100vw, 1024px\" \/><\/figure>\n\n\n\n<h3 class=\"wp-block-heading\">Hvad er et YouTube-udskrift?<\/h3>\n\n\n\n<p class=\"\">En YouTube-udskrift er en tekstlig gengivelse af det talte indhold i en YouTube-video. Det fanger hvert ord, der bliver sagt, ofte med tidsstempler, hvilket g\u00f8r det lettere for seerne at f\u00f8lge med, s\u00f8ge efter specifikt indhold og bruge informationen p\u00e5 forskellige m\u00e5der.<\/p>\n\n\n\n<h3 class=\"wp-block-heading\">Hvorfor bruge YouTube-udskrifter?<\/h3>\n\n\n\n<p class=\"\">Der er mange fordele ved at bruge YouTube-udskrifter:<\/p>\n\n\n\n<ol class=\"wp-block-list\">\n<li class=\"\"><strong>Tilg\u00e6ngelighed<\/strong>: Udskrifter g\u00f8r indholdet tilg\u00e6ngeligt for personer med nedsat h\u00f8relse.<\/li>\n\n\n\n<li class=\"\"><strong>S\u00f8gbarhed<\/strong>: Tekstudskrifter forbedrer s\u00f8gemaskineoptimering (SEO) ved at g\u00f8re videoindhold s\u00f8gbart efter n\u00f8gleord.<\/li>\n\n\n\n<li class=\"\"><strong>Genbrug af indhold<\/strong>: Udskrifter kan genbruges til blogindl\u00e6g, artikler eller indhold p\u00e5 sociale medier.<\/li>\n\n\n\n<li class=\"\"><strong>Forst\u00e5else<\/strong>: Personer med et andet modersm\u00e5l kan bedre forst\u00e5 videoindhold ved at l\u00e6se med.<\/li>\n\n\n\n<li class=\"\"><strong>Forlovelse<\/strong>: Udskrifter holder seerne engagerede ved at give dem mulighed for at f\u00f8lge med i videoen i tekstform.<\/li>\n<\/ol>\n\n\n\n<h3 class=\"wp-block-heading\">De vigtigste funktioner i YouTube Transcripts<\/h3>\n\n\n\n<h4 class=\"wp-block-heading\">N\u00f8jagtighed i transskriptionen<\/h4>\n\n\n\n<p class=\"\">N\u00f8jagtig transskription er afg\u00f8rende for en udskrifts anvendelighed. De bedste v\u00e6rkt\u00f8jer tilbyder en h\u00f8j grad af n\u00f8jagtighed, hvilket reducerer behovet for omfattende manuelle rettelser.<\/p>\n\n\n\n<h4 class=\"wp-block-heading\">Tidsstemplede udskrifter<\/h4>\n\n\n\n<p class=\"\">Tidsstempler g\u00f8r det nemt for brugerne at navigere i videoen og springe til bestemte dele af indholdet efter behov.<\/p>\n\n\n\n<h4 class=\"wp-block-heading\">Download muligheder<\/h4>\n\n\n\n<p class=\"\">De bedste v\u00e6rkt\u00f8jer tilbyder forskellige downloadformater (f.eks. SRT, TXT) for at sikre kompatibilitet med forskellige platforme og software.<\/p>\n\n\n\n<h4 class=\"wp-block-heading\">Redigering og tilpasning<\/h4>\n\n\n\n<p class=\"\">Muligheden for at redigere og tilpasse udskrifter sikrer, at de opfylder specifikke brugerbehov, s\u00e5som at tilf\u00f8je noter eller rette un\u00f8jagtigheder.<\/p>\n\n\n\n<h3 class=\"wp-block-heading\">Hvem b\u00f8r bruge YouTube-udskrifter?<\/h3>\n\n\n\n<ul class=\"wp-block-list\">\n<li class=\"\"><strong>Skabere af indhold<\/strong>: For at forbedre SEO og engagement.<\/li>\n\n\n\n<li class=\"\"><strong>P\u00e6dagoger<\/strong>: At levere tilg\u00e6ngeligt undervisningsmateriale.<\/li>\n\n\n\n<li class=\"\"><strong>Markedsf\u00f8rere<\/strong>: At udtr\u00e6kke indhold til kampagner og analyser.<\/li>\n\n\n\n<li class=\"\"><strong>Forskere<\/strong>: At transskribere interviews og pr\u00e6sentationer til dataanalyse.<\/li>\n\n\n\n<li class=\"\"><strong>Seere<\/strong>: For at f\u00f8lge med i videoer og forbedre forst\u00e5elsen.<\/li>\n<\/ul>\n\n\n\n<h3 class=\"wp-block-heading\">Brancher, der nyder godt af YouTube-udskrifter<\/h3>\n\n\n\n<ul class=\"wp-block-list\">\n<li class=\"\"><strong>Uddannelse<\/strong>: Forbedring af l\u00e6ringsressourcer.<\/li>\n\n\n\n<li class=\"\"><strong>Markedsf\u00f8ring<\/strong>: Forbedring af indholdets r\u00e6kkevidde og engagement.<\/li>\n\n\n\n<li class=\"\"><strong>Underholdning<\/strong>: G\u00f8r indholdet tilg\u00e6ngeligt for et bredere publikum.<\/li>\n\n\n\n<li class=\"\"><strong>Forskning<\/strong>: Facilitering af dataanalyse og dokumentation.<\/li>\n\n\n\n<li class=\"\"><strong>Sundhedsv\u00e6senet<\/strong>: Transskribering af medicinske forel\u00e6sninger og seminarer til faglig udvikling.<\/li>\n<\/ul>\n\n\n\n<h3 class=\"wp-block-heading\">S\u00e5dan bruger du YouTube-udskrifter<\/h3>\n\n\n\n<ol class=\"wp-block-list\">\n<li class=\"\"><strong>V\u00e6rkt\u00f8j til at finde en udskrift<\/strong>: Brug et p\u00e5lideligt v\u00e6rkt\u00f8j som <a href=\"https:\/\/aiartfree.online\/da\/youtube-udskrift\/\">https:\/\/aiartfree.online\/youtube-transcript\/<\/a>.<\/li>\n\n\n\n<li class=\"\"><strong>Upload eller link til videoen<\/strong>: Angiv linket til YouTube-videoen.<\/li>\n\n\n\n<li class=\"\"><strong>Generer udskrift<\/strong>: Lad v\u00e6rkt\u00f8jet behandle videoen og generere udskriften.<\/li>\n\n\n\n<li class=\"\"><strong>Rediger og tilpas<\/strong>: Foretag alle n\u00f8dvendige \u00e6ndringer i udskriften.<\/li>\n\n\n\n<li class=\"\"><strong>Download<\/strong>: Gem udskriften i dit foretrukne format.<\/li>\n<\/ol>\n\n\n\n<h3 class=\"wp-block-heading\">Brug af YouTube-udskrifter<\/h3>\n\n\n\n<h4 class=\"wp-block-heading\">Skabere af indhold<\/h4>\n\n\n\n<p class=\"\">Indholdsskabere kan bruge udskrifter til at forbedre SEO og g\u00f8re deres videoer lettere at finde. Transskriptioner kan ogs\u00e5 bruges til blogindl\u00e6g eller indhold p\u00e5 sociale medier.<\/p>\n\n\n\n<h4 class=\"wp-block-heading\">P\u00e6dagoger<\/h4>\n\n\n\n<p class=\"\">Undervisere kan give udskrifter til studerende for at forbedre l\u00e6ring og tilg\u00e6ngelighed. Udskrifter er ogs\u00e5 nyttige til at skabe studiemateriale og referencedokumenter.<\/p>\n\n\n\n<h4 class=\"wp-block-heading\">Markedsf\u00f8rere<\/h4>\n\n\n\n<p class=\"\">Markedsf\u00f8rere kan bruge udskrifter til at udtr\u00e6kke vigtige oplysninger til kampagner, oprette blogindl\u00e6g og analysere forbrugernes adf\u00e6rd og pr\u00e6ferencer.<\/p>\n\n\n\n<h3 class=\"wp-block-heading\">Top 10 YouTube-udskriftsv\u00e6rkt\u00f8jer og information<\/h3>\n\n\n\n<figure class=\"wp-block-table\"><table class=\"has-fixed-layout\"><thead><tr><th>Hjemmeside<\/th><th>Fordele<\/th><th>Ulemper<\/th><th>Udfordringer<\/th><th>Forslag<\/th><\/tr><\/thead><tbody><tr><td><a href=\"https:\/\/aiartfree.online\/da\/youtube-udskrift\/\">YouTube-udskrift<\/a><\/td><td>100% Gratis, ubegr\u00e6nset, ingen tilmelding, h\u00f8j n\u00f8jagtighed<\/td><td>Begr\u00e6nset sprogst\u00f8tte<\/td><td>Sikre h\u00f8j n\u00f8jagtighed i alle videoer<\/td><td>Udvid sprogunderst\u00f8ttelsen<\/td><\/tr><tr><td>otter.ai<\/td><td>N\u00f8jagtige, samarbejdsorienterede funktioner<\/td><td>Abonnement p\u00e5kr\u00e6vet<\/td><td>Styring af omkostninger for store teams<\/td><td>Tilbyde mere overkommelige planer<\/td><\/tr><tr><td>rev.com<\/td><td>Professionel n\u00f8jagtighed, hurtig ekspedition<\/td><td>Dyrt for lange videoer<\/td><td>Opretholdelse af overkommelige priser<\/td><td>Indf\u00f8r differentieret priss\u00e6tning<\/td><\/tr><tr><td>temi.com<\/td><td>Prisbillig, brugervenlig<\/td><td>N\u00f8jagtigheden kan variere<\/td><td>Balance mellem omkostninger og kvalitet<\/td><td>Forbedre n\u00f8jagtigheden<\/td><\/tr><tr><td>transcribeme.com<\/td><td>H\u00f8j n\u00f8jagtighed, menneskelig transskription tilg\u00e6ngelig<\/td><td>Dyrt<\/td><td>Styring af transskriptionsomkostninger<\/td><td>Tilbyd rabatter p\u00e5 store ordrer<\/td><\/tr><tr><td>sonix.ai<\/td><td>Hurtig, kan integreres med redigeringssoftware<\/td><td>Abonnement p\u00e5kr\u00e6vet<\/td><td>Retf\u00e6rdigg\u00f8relse af abonnementsomkostninger<\/td><td>Giv flere pr\u00f8vemuligheder<\/td><\/tr><tr><td>scribie.com<\/td><td>Prisbillig, manuel transskription tilg\u00e6ngelig<\/td><td>Begr\u00e6nsede funktioner<\/td><td>Forbedring af funktionss\u00e6ttet<\/td><td>Udvid funktioner<\/td><\/tr><tr><td>happyscribe.com<\/td><td>Flersproget support, brugervenlig<\/td><td>Abonnement p\u00e5kr\u00e6vet<\/td><td>Omkostningsstyring<\/td><td>Indf\u00f8r mere fleksibel priss\u00e6tning<\/td><\/tr><tr><td>descript.com<\/td><td>Redigeringsfunktioner, h\u00f8j n\u00f8jagtighed<\/td><td>Stejlere indl\u00e6ringskurve<\/td><td>Brugervenlig gr\u00e6nseflade<\/td><td>Forenkle gr\u00e6nsefladen<\/td><\/tr><tr><td><a href=\"https:\/\/trint.com\" target=\"_blank\" rel=\"noopener\">trint.com<\/a><\/td><td>Hurtig, Samarbejdsv\u00e6rkt\u00f8jer<\/td><td>Dyrt for individuelle brugere<\/td><td>Omkostningseffektivitet<\/td><td>Tilbyde flere individuelle brugerplaner<\/td><\/tr><\/tbody><\/table><\/figure>\n\n\n\n<h3 class=\"wp-block-heading\">Fordele, ulemper og udfordringer i branchen<\/h3>\n\n\n\n<h4 class=\"wp-block-heading\">Fordele<\/h4>\n\n\n\n<ul class=\"wp-block-list\">\n<li class=\"\">Forbedret tilg\u00e6ngelighed og engagement.<\/li>\n\n\n\n<li class=\"\">Forbedret SEO og synlighed.<\/li>\n\n\n\n<li class=\"\">Alsidig genanvendelse af indhold.<\/li>\n<\/ul>\n\n\n\n<h4 class=\"wp-block-heading\">Ulemper<\/h4>\n\n\n\n<ul class=\"wp-block-list\">\n<li class=\"\">Variabel n\u00f8jagtighed p\u00e5 tv\u00e6rs af forskellige v\u00e6rkt\u00f8jer.<\/li>\n\n\n\n<li class=\"\">Omkostninger forbundet med transskriptionstjenester af h\u00f8j kvalitet.<\/li>\n<\/ul>\n\n\n\n<h4 class=\"wp-block-heading\">Udfordringer<\/h4>\n\n\n\n<ul class=\"wp-block-list\">\n<li class=\"\">Balance mellem omkostninger og n\u00f8jagtighed.<\/li>\n\n\n\n<li class=\"\">Sikring af flersproget support og tilpasningsmuligheder.<\/li>\n<\/ul>\n\n\n\n<h4 class=\"wp-block-heading\">Forslag<\/h4>\n\n\n\n<ul class=\"wp-block-list\">\n<li class=\"\">Udvid sprogunderst\u00f8ttelsen.<\/li>\n\n\n\n<li class=\"\">Tilbyde mere fleksible og overkommelige prisplaner.<\/li>\n\n\n\n<li class=\"\">Forbedre brugergr\u00e6nseflader for bedre brugervenlighed.<\/li>\n<\/ul>\n\n\n\n<h3 class=\"wp-block-heading\">OFTE STILLEDE SP\u00d8RGSM\u00c5L<\/h3>\n\n\n\n<ol class=\"wp-block-list\">\n<li class=\"\"><strong>Hvordan f\u00e5r man en udskrift af en YouTube-video?<\/strong>\n<ul class=\"wp-block-list\">\n<li class=\"\">Brug et v\u00e6rkt\u00f8j som <a href=\"https:\/\/aiartfree.online\/da\/youtube-udskrift\/\">https:\/\/aiartfree.online\/youtube-transcript\/<\/a> for nemt at generere udskrifter.<\/li>\n<\/ul>\n<\/li>\n\n\n\n<li class=\"\"><strong>Hvordan downloader jeg en udskrift p\u00e5 YouTube?<\/strong>\n<ul class=\"wp-block-list\">\n<li class=\"\">Brug YouTubes indbyggede udskriftsfunktion eller et tredjepartsv\u00e6rkt\u00f8j til at downloade udskriften.<\/li>\n<\/ul>\n<\/li>\n\n\n\n<li class=\"\"><strong>Hvordan f\u00e5r man en udskrift af en YouTube-video?<\/strong>\n<ul class=\"wp-block-list\">\n<li class=\"\">Kopier videolinket, og brug et transskriptionsv\u00e6rkt\u00f8j til at generere og downloade udskriften.<\/li>\n<\/ul>\n<\/li>\n\n\n\n<li class=\"\"><strong>Hvordan f\u00e5r man en udskrift af en YouTube-video?<\/strong>\n<ul class=\"wp-block-list\">\n<li class=\"\">Brug online-v\u00e6rkt\u00f8jer som <a href=\"https:\/\/aiartfree.online\/da\/\">aiartfree.online<\/a> for nem generering af udskrifter.<\/li>\n<\/ul>\n<\/li>\n\n\n\n<li class=\"\"><strong>Hvordan f\u00e5r man en udskrift fra en YouTube-video?<\/strong>\n<ul class=\"wp-block-list\">\n<li class=\"\">Inds\u00e6t videolinket i et v\u00e6rkt\u00f8j til generering af udskrifter, og download resultatet.<\/li>\n<\/ul>\n<\/li>\n\n\n\n<li class=\"\"><strong>Hvordan downloader jeg en udskrift fra YouTube?<\/strong>\n<ul class=\"wp-block-list\">\n<li class=\"\">Brug tredjepartstjenester til at downloade udskriften i forskellige formater.<\/li>\n<\/ul>\n<\/li>\n\n\n\n<li class=\"\"><strong>Hvordan f\u00e5r man en YouTube-udskrift?<\/strong>\n<ul class=\"wp-block-list\">\n<li class=\"\">F\u00e5 adgang til videoens udskrift via YouTube, eller brug eksterne v\u00e6rkt\u00f8jer til forbedrede funktioner.<\/li>\n<\/ul>\n<\/li>\n\n\n\n<li class=\"\"><strong>Hvordan genererer man en udskrift til YouTube-videoer?<\/strong>\n<ul class=\"wp-block-list\">\n<li class=\"\">Brug automatiserede transskriptionstjenester for at f\u00e5 hurtige og pr\u00e6cise resultater.<\/li>\n<\/ul>\n<\/li>\n\n\n\n<li class=\"\"><strong>Hvordan redigerer man YouTube-udskrifter?<\/strong>\n<ul class=\"wp-block-list\">\n<li class=\"\">Download udskriften, og brug tekstredigeringssoftware til at foretage \u00e6ndringer.<\/li>\n<\/ul>\n<\/li>\n\n\n\n<li class=\"\"><strong>Hvordan bruger man YouTube-udskrift?<\/strong>\n<ul class=\"wp-block-list\">\n<li class=\"\">F\u00f8lg med i videoen, s\u00f8g efter specifikke termer, eller genbrug indholdet til andre form\u00e5l.<\/li>\n<\/ul>\n<\/li>\n<\/ol>\n\n\n\n<figure class=\"wp-block-image size-large is-resized\"><img data-recalc-dims=\"1\" data-dominant-color=\"888685\" data-has-transparency=\"false\" decoding=\"async\" width=\"1024\" height=\"490\"   loading=\"lazy\" src=\"https:\/\/i0.wp.com\/aiartfree.online\/wp-content\/uploads\/2024\/07\/WX20240730-201649%402x-1024x490.webp?resize=1024%2C490&#038;ssl=1\" alt=\"\" class=\"wp-image-3349 not-transparent\" style=\"--dominant-color: #888685; width:700px;height:auto\" srcset=\"https:\/\/i0.wp.com\/aiartfree.online\/wp-content\/uploads\/2024\/07\/WX20240730-201649%402x.jpg?resize=1024%2C490&amp;ssl=1 1024w, https:\/\/i0.wp.com\/aiartfree.online\/wp-content\/uploads\/2024\/07\/WX20240730-201649%402x.jpg?resize=300%2C144&amp;ssl=1 300w, https:\/\/i0.wp.com\/aiartfree.online\/wp-content\/uploads\/2024\/07\/WX20240730-201649%402x.jpg?resize=768%2C367&amp;ssl=1 768w, https:\/\/i0.wp.com\/aiartfree.online\/wp-content\/uploads\/2024\/07\/WX20240730-201649%402x.jpg?resize=1536%2C735&amp;ssl=1 1536w, https:\/\/i0.wp.com\/aiartfree.online\/wp-content\/uploads\/2024\/07\/WX20240730-201649%402x.jpg?resize=18%2C9&amp;ssl=1 18w, https:\/\/i0.wp.com\/aiartfree.online\/wp-content\/uploads\/2024\/07\/WX20240730-201649%402x.jpg?resize=600%2C287&amp;ssl=1 600w, https:\/\/i0.wp.com\/aiartfree.online\/wp-content\/uploads\/2024\/07\/WX20240730-201649%402x.jpg?w=1944&amp;ssl=1 1944w\" sizes=\"auto, (max-width: 1024px) 100vw, 1024px\" \/><\/figure>\n\n\n\n<h3 class=\"wp-block-heading\">Konklusion<\/h3>\n\n\n\n<p class=\"\">YouTube-udskrifter er uvurderlige til at forbedre tilg\u00e6ngelighed, SEO og genbrug af indhold. Ved at bruge p\u00e5lidelige v\u00e6rkt\u00f8jer som <a href=\"https:\/\/aiartfree.online\/da\/youtube-udskrift\/\">https:\/\/aiartfree.online\/youtube-transcript\/<\/a>kan du nemt generere, redigere og downloade udskrifter. Udnyt kraften i udskrifter til at forbedre dit videoindhold og n\u00e5 ud til et bredere publikum.<\/p>\n\n\n\n<p class=\"\"><\/p>","protected":false},"excerpt":{"rendered":"<p>How to use YouTube Transcript * Depending on your internet speed, loading the model may take a few seconds. \u2193 The Ultimate Guide For YouTube Transcript Table of Contents Introduction In the digital age, content accessibility is paramount. One of the most useful tools for enhancing accessibility and engagement is the YouTube transcript. This guide &#8230; <a title=\"YouTube-udskrift\" class=\"read-more\" href=\"https:\/\/aiartfree.online\/da\/youtube-udskrift\/\" aria-label=\"Read more about YouTube Transcript\">L\u00e6s mere <\/a><\/p>","protected":false},"author":1,"featured_media":3349,"parent":0,"menu_order":0,"comment_status":"open","ping_status":"closed","template":"","meta":{"nf_dc_page":"","footnotes":""},"class_list":["post-3319","page","type-page","status-publish","has-post-thumbnail"],"jetpack_sharing_enabled":true,"_links":{"self":[{"href":"https:\/\/aiartfree.online\/da\/wp-json\/wp\/v2\/pages\/3319","targetHints":{"allow":["GET"]}}],"collection":[{"href":"https:\/\/aiartfree.online\/da\/wp-json\/wp\/v2\/pages"}],"about":[{"href":"https:\/\/aiartfree.online\/da\/wp-json\/wp\/v2\/types\/page"}],"author":[{"embeddable":true,"href":"https:\/\/aiartfree.online\/da\/wp-json\/wp\/v2\/users\/1"}],"replies":[{"embeddable":true,"href":"https:\/\/aiartfree.online\/da\/wp-json\/wp\/v2\/comments?post=3319"}],"version-history":[{"count":1,"href":"https:\/\/aiartfree.online\/da\/wp-json\/wp\/v2\/pages\/3319\/revisions"}],"predecessor-version":[{"id":3604,"href":"https:\/\/aiartfree.online\/da\/wp-json\/wp\/v2\/pages\/3319\/revisions\/3604"}],"wp:featuredmedia":[{"embeddable":true,"href":"https:\/\/aiartfree.online\/da\/wp-json\/wp\/v2\/media\/3349"}],"wp:attachment":[{"href":"https:\/\/aiartfree.online\/da\/wp-json\/wp\/v2\/media?parent=3319"}],"curies":[{"name":"wp","href":"https:\/\/api.w.org\/{rel}","templated":true}]}}