{"id":3302,"date":"2024-07-29T14:27:33","date_gmt":"2024-07-29T14:27:33","guid":{"rendered":"https:\/\/aiartfree.online\/?page_id=3302"},"modified":"2024-07-31T13:42:45","modified_gmt":"2024-07-31T13:42:45","slug":"deepfake","status":"publish","type":"page","link":"https:\/\/aiartfree.online\/da\/deepfake\/","title":{"rendered":"Deepfake"},"content":{"rendered":"<h2 class=\"wp-block-heading has-text-align-center\">F\u00f8r vs. efter<\/h2>\n\n\n\n<figure class=\"gb-block-image gb-block-image-1822da1f\"><img data-recalc-dims=\"1\" decoding=\"async\" loading=\"lazy\" width=\"1200\" height=\"638\" class=\"gb-image gb-image-1822da1f\" src=\"https:\/\/i0.wp.com\/aiartfree.online\/wp-content\/uploads\/2024\/07\/421722273567_.pic_hd-copy-jpg.webp?resize=1200%2C638&#038;ssl=1\" alt=\"Opdag, hvordan deepfake-teknologi revolutionerer de digitale medier. Det bedste gratis v\u00e6rkt\u00f8j til at skabe deepfakes, udforske ombyttede ansigter og ubegr\u00e6nsede AI-applikationer.\" title=\"421722273567_.pic_hd kopi\" srcset=\"https:\/\/i0.wp.com\/aiartfree.online\/wp-content\/uploads\/2024\/07\/421722273567_.pic_hd-copy-jpg.webp?w=1652&amp;ssl=1 1652w, https:\/\/i0.wp.com\/aiartfree.online\/wp-content\/uploads\/2024\/07\/421722273567_.pic_hd-copy-jpg.webp?resize=300%2C159&amp;ssl=1 300w, https:\/\/i0.wp.com\/aiartfree.online\/wp-content\/uploads\/2024\/07\/421722273567_.pic_hd-copy-jpg.webp?resize=1024%2C544&amp;ssl=1 1024w, https:\/\/i0.wp.com\/aiartfree.online\/wp-content\/uploads\/2024\/07\/421722273567_.pic_hd-copy-jpg.webp?resize=768%2C408&amp;ssl=1 768w, https:\/\/i0.wp.com\/aiartfree.online\/wp-content\/uploads\/2024\/07\/421722273567_.pic_hd-copy-jpg.webp?resize=1536%2C816&amp;ssl=1 1536w, https:\/\/i0.wp.com\/aiartfree.online\/wp-content\/uploads\/2024\/07\/421722273567_.pic_hd-copy-jpg.webp?resize=18%2C10&amp;ssl=1 18w, https:\/\/i0.wp.com\/aiartfree.online\/wp-content\/uploads\/2024\/07\/421722273567_.pic_hd-copy-jpg.webp?resize=600%2C319&amp;ssl=1 600w\" sizes=\"auto, (max-width: 1200px) 100vw, 1200px\" \/><\/figure>\n\n\n\n<h2 class=\"wp-block-heading\">S\u00e5dan bruger du Deepfake<\/h2>\n\n\n\n<ol class=\"wp-block-list\">\n<li class=\"\">Drop eller upload din<strong> M\u00e5lbillede<\/strong><\/li>\n\n\n\n<li class=\"\">Drop eller upload din<strong> Kildebillede<\/strong><\/li>\n\n\n\n<li class=\"\">Klik p\u00e5 \"Send\"<\/li>\n\n\n\n<li class=\"\">Vent, det er det!<\/li>\n<\/ol>\n\n\n\n<p class=\"\"><em>* Afh\u00e6ngigt af din internethastighed kan det tage et par sekunder at indl\u00e6se modellen. \u2193<\/em><\/p>\n\n\n\n<div style=\"text-align: center; border: 2px solid; border-image-source: linear-gradient(to right, #16b86c, #912899); border-image-slice: 1; box-shadow: 0 0 10px rgba(0, 0, 0, 0.1); border-radius: 15px;\">\n  <iframe loading=\"lazy\"\n    src=\"https:\/\/bingbing520-Swap-Face-Model.hf.space\"\n    frameborder=\"0\"\n    width=\"100%\"\n    height=\"1000\"\n    style=\"display: inline-block; margin: 0 auto;\"\n  ><\/iframe>\n<\/div>\n\n\n\n<div style=\"height:50px\" aria-hidden=\"true\" class=\"wp-block-spacer\"><\/div>\n\n\n\n<h2 class=\"wp-block-heading\">Udforsk verden af deepfakes: Definition, anvendelser og de bedste v\u00e6rkt\u00f8jer<\/h2>\n\n\n\n<p class=\"\">Deepfake-teknologi har revolutioneret den m\u00e5de, vi interagerer med digitale medier p\u00e5, og giver hidtil usete muligheder og udfordringer. Denne artikel vil dykke ned i definitionen, anvendelserne og de bedste v\u00e6rkt\u00f8jer til at skabe og opdage deepfake.<\/p>\n\n\n\n<figure class=\"wp-block-image size-large is-resized\"><img data-recalc-dims=\"1\" data-dominant-color=\"75716f\" data-has-transparency=\"false\" decoding=\"async\" width=\"1024\" height=\"544\"   loading=\"lazy\" src=\"https:\/\/i0.wp.com\/aiartfree.online\/wp-content\/uploads\/2024\/07\/421722273567_.pic_hd-copy-1024x544.webp?resize=1024%2C544&#038;ssl=1\" alt=\"Opdag, hvordan deepfake-teknologi revolutionerer de digitale medier. Det bedste gratis v\u00e6rkt\u00f8j til at skabe deepfakes, udforske ombyttede ansigter og ubegr\u00e6nsede AI-applikationer.\" class=\"wp-image-3313 not-transparent\" style=\"--dominant-color: #75716f; width:990px;height:auto\" srcset=\"https:\/\/i0.wp.com\/aiartfree.online\/wp-content\/uploads\/2024\/07\/421722273567_.pic_hd-copy-jpg.webp?resize=1024%2C544&amp;ssl=1 1024w, https:\/\/i0.wp.com\/aiartfree.online\/wp-content\/uploads\/2024\/07\/421722273567_.pic_hd-copy-jpg.webp?resize=300%2C159&amp;ssl=1 300w, https:\/\/i0.wp.com\/aiartfree.online\/wp-content\/uploads\/2024\/07\/421722273567_.pic_hd-copy-jpg.webp?resize=768%2C408&amp;ssl=1 768w, https:\/\/i0.wp.com\/aiartfree.online\/wp-content\/uploads\/2024\/07\/421722273567_.pic_hd-copy-jpg.webp?resize=1536%2C816&amp;ssl=1 1536w, https:\/\/i0.wp.com\/aiartfree.online\/wp-content\/uploads\/2024\/07\/421722273567_.pic_hd-copy-jpg.webp?resize=18%2C10&amp;ssl=1 18w, https:\/\/i0.wp.com\/aiartfree.online\/wp-content\/uploads\/2024\/07\/421722273567_.pic_hd-copy-jpg.webp?resize=600%2C319&amp;ssl=1 600w, https:\/\/i0.wp.com\/aiartfree.online\/wp-content\/uploads\/2024\/07\/421722273567_.pic_hd-copy-jpg.webp?w=1652&amp;ssl=1 1652w\" sizes=\"auto, (max-width: 1024px) 100vw, 1024px\" \/><\/figure>\n\n\n\n<h3 class=\"wp-block-heading\">Indholdsfortegnelse<\/h3>\n\n\n\n<ol class=\"wp-block-list\">\n<li class=\"\"><a href=\"#what-is-deepfake\">Hvad er Deepfake?<\/a><\/li>\n\n\n\n<li class=\"\"><a href=\"#why-use-deepfake\">Hvorfor bruge Deepfake?<\/a><\/li>\n\n\n\n<li class=\"\"><a href=\"#who-can-benefit-from-deepfake-technology\">Hvem kan f\u00e5 gavn af Deepfake-teknologien?<\/a><\/li>\n\n\n\n<li class=\"\"><a href=\"#top-10-deepfake-tools\">Top 10 Deepfake-v\u00e6rkt\u00f8jer<\/a><\/li>\n\n\n\n<li class=\"\"><a href=\"#faq\">OFTE STILLEDE SP\u00d8RGSM\u00c5L<\/a><\/li>\n\n\n\n<li class=\"\"><a href=\"#other-relevant-information\">Andre relevante oplysninger<\/a><\/li>\n<\/ol>\n\n\n\n<h3 class=\"wp-block-heading\">Hvad er Deepfake?<\/h3>\n\n\n\n<p class=\"\">Deepfake-teknologi refererer til syntetiske medier, hvor en person i et eksisterende billede eller en video erstattes med en andens billede. Det sker ved hj\u00e6lp af kunstig intelligens (AI), is\u00e6r Generative Adversarial Networks (GANs) og neurale netv\u00e6rk. Udtrykket \"deepfake\" kombinerer \"deep learning\" og \"fake\" for at beskrive processen og resultatet af denne teknologi.<\/p>\n\n\n\n<h3 class=\"wp-block-heading\">Hvorfor bruge Deepfake?<\/h3>\n\n\n\n<p class=\"\">Deepfake-teknologien har mange anvendelsesmuligheder:<\/p>\n\n\n\n<ul class=\"wp-block-list\">\n<li class=\"\"><strong>Underholdning<\/strong>: Skabe realistiske special effects og bringe historiske personer til live i film.<\/li>\n\n\n\n<li class=\"\"><strong>Uddannelse<\/strong>: Simulering af scenarier til tr\u00e6ningsform\u00e5l eller skabelse af engagerende uddannelsesindhold.<\/li>\n\n\n\n<li class=\"\"><strong>Markedsf\u00f8ring<\/strong>: Personlige reklamer, hvor seeren ser sig selv eller en ber\u00f8mthed reklamere for et produkt.<\/li>\n\n\n\n<li class=\"\"><strong>Sociale medier<\/strong>: Producerer engagerende og viralt indhold.<\/li>\n<\/ul>\n\n\n\n<p class=\"\">Det er dog vigtigt at anerkende potentialet for misbrug, s\u00e5som at sprede misinformation eller skabe deepfake-porno, hvilket giver anledning til etiske og juridiske bekymringer.<\/p>\n\n\n\n<h3 class=\"wp-block-heading\">Hvem kan f\u00e5 gavn af Deepfake-teknologien?<\/h3>\n\n\n\n<ul class=\"wp-block-list\">\n<li class=\"\"><strong>Film- og tv-industrien<\/strong>: Til at skabe realistiske effekter og posthume forestillinger.<\/li>\n\n\n\n<li class=\"\"><strong>Uddannelsesinstitutioner<\/strong>: Til udvikling af interaktivt l\u00e6ringsmateriale.<\/li>\n\n\n\n<li class=\"\"><strong>Markedsf\u00f8ringsbureauer<\/strong>: For at skabe personlige annoncekampagner.<\/li>\n\n\n\n<li class=\"\"><strong>Influencere p\u00e5 sociale medier<\/strong>: At producere f\u00e6ngslende indhold.<\/li>\n\n\n\n<li class=\"\"><strong>Sikkerhedsbureauer<\/strong>: Til tr\u00e6ningsform\u00e5l og udvikling af detektionsmekanismer.<\/li>\n<\/ul>\n\n\n\n<h3 class=\"wp-block-heading\">Top 10 Deepfake-v\u00e6rkt\u00f8jer<\/h3>\n\n\n\n<figure class=\"wp-block-table\"><table class=\"has-fixed-layout\"><thead><tr><th>V\u00e6rkt\u00f8j<\/th><th>Hjemmeside<\/th><th>Fordele<\/th><th>Ulemper<\/th><th>Udfordringer<\/th><th>Anbefalinger<\/th><\/tr><\/thead><tbody><tr><td>DeepFaceLab<\/td><td><a href=\"https:\/\/github.com\/iperov\/DeepFaceLab\" target=\"_blank\" rel=\"noopener\">https:\/\/github.com\/iperov\/DeepFaceLab<\/a><\/td><td>Open source, kan i h\u00f8j grad tilpasses<\/td><td>Stejl indl\u00e6ringskurve<\/td><td>Kr\u00e6ver kraftig hardware<\/td><td>Bedst for erfarne brugere<\/td><\/tr><tr><td>Deepfake | Gratis online<\/td><td><a href=\"https:\/\/aiartfree.online\/da\/deepfake\/\" target=\"_blank\" rel=\"noreferrer noopener\">https:\/\/faceswap.dev\/<\/a><\/td><td>Let at bruge, hurtige resultater<\/td><td>Ingen mobilapp<\/td><td>Begr\u00e6nset tilpasning<\/td><td>God til begyndere med teknisk interesse<\/td><\/tr><tr><td>Zao<\/td><td><a href=\"https:\/\/apps.apple.com\/cn\/app\/zao\/id1465199127\" target=\"_blank\" rel=\"noopener\">https:\/\/apps.apple.com\/cn\/app\/zao\/id1465199127<\/a><\/td><td>Let at bruge, hurtige resultater<\/td><td>Bekymring for privatlivets fred<\/td><td>Begr\u00e6nset tilpasning<\/td><td>Ideel til afslappede brugere<\/td><\/tr><tr><td>Reface<\/td><td><a href=\"https:\/\/reface.app\/\" target=\"_blank\" rel=\"noopener\">https:\/\/reface.app\/<\/a><\/td><td>Brugervenlig, mobil app<\/td><td>Vandm\u00e6rkede resultater<\/td><td>Begr\u00e6nset til korte klip<\/td><td>Perfekt til brugere af sociale medier<\/td><\/tr><tr><td>MyHeritage Dyb nostalgi<\/td><td><a>https:\/\/www.myheritage.com\/deep-nostalgia<\/a><\/td><td>Animerer fotos, let at bruge<\/td><td>Begr\u00e6nset til historiske fotos<\/td><td>Abonnementsbaseret<\/td><td>Perfekt til sl\u00e6gtsforskningsentusiaster<\/td><\/tr><tr><td>H\u00e6vn over dem<\/td><td><a href=\"https:\/\/aveng-them.com\/\" target=\"_blank\" rel=\"noopener\">https:\/\/aveng-them.com\/<\/a><\/td><td>Sjovt og underholdende, superheltetemaer<\/td><td>Begr\u00e6nset anvendelse<\/td><td>Ikke realistisk<\/td><td>God til underholdning<\/td><\/tr><tr><td>Dybe kunsteffekter<\/td><td><a href=\"https:\/\/www.deeparteffects.com\/\" target=\"_blank\" rel=\"noopener\">https:\/\/www.deeparteffects.com\/<\/a><\/td><td>Kunstneriske forvandlinger<\/td><td>Ikke til realistiske deepfakes<\/td><td>Abonnementsbaseret<\/td><td>Ideel til kunstnere<\/td><\/tr><tr><td>Deepfakes Web<\/td><td><a href=\"https:\/\/deepfakesweb.com\/\" target=\"_blank\" rel=\"noopener\">https:\/\/deepfakesweb.com\/<\/a><\/td><td>Webbaseret, ingen installation n\u00f8dvendig<\/td><td>Abonnement p\u00e5kr\u00e6vet<\/td><td>Langsom behandling<\/td><td>Praktisk til lejlighedsvis brug<\/td><\/tr><tr><td>Morfin<\/td><td><a href=\"https:\/\/morphinapp.com\/\" target=\"_blank\" rel=\"noopener\">https:\/\/morphinapp.com\/<\/a><\/td><td>Sjov, nem at bruge<\/td><td>Begr\u00e6nset til GIF'er<\/td><td>Ikke egnet til seri\u00f8se anvendelser<\/td><td>Bedst til afslappet brug<\/td><\/tr><\/tbody><\/table><\/figure>\n\n\n\n<h3 class=\"wp-block-heading\">OFTE STILLEDE SP\u00d8RGSM\u00c5L<\/h3>\n\n\n\n<ol class=\"wp-block-list\">\n<li class=\"\"><strong>Hvad er en deepfake?<\/strong>\n<ul class=\"wp-block-list\">\n<li class=\"\">En deepfake er et syntetisk medie, hvor en persons udseende erstattes med en andens ved hj\u00e6lp af AI.<\/li>\n<\/ul>\n<\/li>\n\n\n\n<li class=\"\"><strong>Hvordan fungerer deepfake-teknologien?<\/strong>\n<ul class=\"wp-block-list\">\n<li class=\"\">Den bruger deep learning-algoritmer og GAN'er til at skabe realistiske \u00e6ndringer i videoer eller billeder.<\/li>\n<\/ul>\n<\/li>\n\n\n\n<li class=\"\"><strong>Er deepfakes lovlige?<\/strong>\n<ul class=\"wp-block-list\">\n<li class=\"\">Lovligheden af deepfakes varierer efter jurisdiktion og kontekst, is\u00e6r omkring sp\u00f8rgsm\u00e5l som samtykke og \u00e6rekr\u00e6nkelse.<\/li>\n<\/ul>\n<\/li>\n\n\n\n<li class=\"\"><strong>Hvordan kan jeg lave en deepfake?<\/strong>\n<ul class=\"wp-block-list\">\n<li class=\"\">Brug v\u00e6rkt\u00f8jer som DeepFaceLab eller FaceSwap, men v\u00e6r opm\u00e6rksom p\u00e5 etiske og juridiske konsekvenser.<\/li>\n<\/ul>\n<\/li>\n\n\n\n<li class=\"\"><strong>Hvad er farerne ved deepfakes?<\/strong>\n<ul class=\"wp-block-list\">\n<li class=\"\">De kan bruges til at sprede misinformation, skabe eksplicit indhold uden samtykke og skade omd\u00f8mme.<\/li>\n<\/ul>\n<\/li>\n\n\n\n<li class=\"\"><strong>Kan deepfakes opdages?<\/strong>\n<ul class=\"wp-block-list\">\n<li class=\"\">Ja, gennem forskellige detektionsteknikker og v\u00e6rkt\u00f8jer, der er udviklet til at genkende syntetiske medier.<\/li>\n<\/ul>\n<\/li>\n\n\n\n<li class=\"\"><strong>Hvad er fremtiden for deepfake-teknologi?<\/strong>\n<ul class=\"wp-block-list\">\n<li class=\"\">Det vil forts\u00e6tte med at udvikle sig med fremskridt inden for b\u00e5de skabelses- og detektionsteknologier.<\/li>\n<\/ul>\n<\/li>\n\n\n\n<li class=\"\"><strong>Kan deepfakes bruges til noget godt?<\/strong>\n<ul class=\"wp-block-list\">\n<li class=\"\">Ja, blandt andet inden for underholdning, uddannelse og marketing.<\/li>\n<\/ul>\n<\/li>\n\n\n\n<li class=\"\"><strong>Hvor pr\u00e6cise er deepfakes?<\/strong>\n<ul class=\"wp-block-list\">\n<li class=\"\">N\u00f8jagtigheden afh\u00e6nger af kvaliteten af inputdataene og af, hvor sofistikerede de anvendte v\u00e6rkt\u00f8jer er.<\/li>\n<\/ul>\n<\/li>\n\n\n\n<li class=\"\"><strong>Hvad er det bedste deepfake-v\u00e6rkt\u00f8j?<\/strong>\n<ul class=\"wp-block-list\">\n<li class=\"\">Det afh\u00e6nger af dine behov; til avancerede brugere anbefales DeepFaceLab, mens Reface er fantastisk til almindelige brugere.<\/li>\n<\/ul>\n<\/li>\n<\/ol>\n\n\n\n<h3 class=\"wp-block-heading\">Andre relevante oplysninger<\/h3>\n\n\n\n<p class=\"\">Deepfake-teknologi, drevet af AI og maskinl\u00e6ring, forts\u00e6tter med at skubbe gr\u00e6nserne for, hvad der er muligt med digitale medier. Fra de imponerende visuelle effekter i film til de etiske udfordringer ved misinformation er deepfakes et tve\u00e6gget sv\u00e6rd, som samfundet skal navigere forsigtigt i. N\u00f8glepersoner som Facebooks grundl\u00e6gger Mark Zuckerberg og h\u00e6ndelser, der involverer falske nyheder og videoer af politiske personer som Donald Trump, fremh\u00e6ver denne teknologis fortsatte relevans og indvirkning.<\/p>\n\n\n\n<p class=\"\">Konklusionen er, at selvom deepfake-teknologien giver sp\u00e6ndende muligheder, kommer den ogs\u00e5 med betydelige ansvarsomr\u00e5der og udfordringer. I takt med at teknologien udvikler sig, skal vores tilgang til at bruge og regulere den ogs\u00e5 g\u00f8re det.<\/p>","protected":false},"excerpt":{"rendered":"<p>Before vs After How to use Deepfake *&nbsp;Depending on your internet speed, loading the model may take a few seconds. \u2193 Exploring the World of Deepfakes: Definition, Uses, and Top Tools Deepfake technology has revolutionized the way we interact with digital media, offering unprecedented possibilities and challenges. This article will delve into the definition, applications, &#8230; <a title=\"Deepfake\" class=\"read-more\" href=\"https:\/\/aiartfree.online\/da\/deepfake\/\" aria-label=\"Read more about Deepfake\">L\u00e6s mere <\/a><\/p>","protected":false},"author":1,"featured_media":3313,"parent":0,"menu_order":0,"comment_status":"open","ping_status":"closed","template":"","meta":{"nf_dc_page":"","footnotes":""},"class_list":["post-3302","page","type-page","status-publish","has-post-thumbnail"],"jetpack_sharing_enabled":true,"_links":{"self":[{"href":"https:\/\/aiartfree.online\/da\/wp-json\/wp\/v2\/pages\/3302","targetHints":{"allow":["GET"]}}],"collection":[{"href":"https:\/\/aiartfree.online\/da\/wp-json\/wp\/v2\/pages"}],"about":[{"href":"https:\/\/aiartfree.online\/da\/wp-json\/wp\/v2\/types\/page"}],"author":[{"embeddable":true,"href":"https:\/\/aiartfree.online\/da\/wp-json\/wp\/v2\/users\/1"}],"replies":[{"embeddable":true,"href":"https:\/\/aiartfree.online\/da\/wp-json\/wp\/v2\/comments?post=3302"}],"version-history":[{"count":0,"href":"https:\/\/aiartfree.online\/da\/wp-json\/wp\/v2\/pages\/3302\/revisions"}],"wp:featuredmedia":[{"embeddable":true,"href":"https:\/\/aiartfree.online\/da\/wp-json\/wp\/v2\/media\/3313"}],"wp:attachment":[{"href":"https:\/\/aiartfree.online\/da\/wp-json\/wp\/v2\/media?parent=3302"}],"curies":[{"name":"wp","href":"https:\/\/api.w.org\/{rel}","templated":true}]}}