{"id":3281,"date":"2024-07-28T12:00:16","date_gmt":"2024-07-28T12:00:16","guid":{"rendered":"https:\/\/aiartfree.online\/?page_id=3281"},"modified":"2024-08-02T11:09:05","modified_gmt":"2024-08-02T11:09:05","slug":"watermark-remover","status":"publish","type":"page","link":"https:\/\/aiartfree.online\/da\/vandmaerkefjerner\/","title":{"rendered":"Vandm\u00e6rkefjerner"},"content":{"rendered":"<h2 class=\"wp-block-heading has-text-align-center\" id=\"before-vs-after\">F\u00f8r vs. efter<\/h2>\n\n\n\n<figure class=\"gb-block-image gb-block-image-1822da1f\"><img data-recalc-dims=\"1\" decoding=\"async\" loading=\"lazy\" width=\"1024\" height=\"518\" class=\"gb-image gb-image-1822da1f\" src=\"https:\/\/i0.wp.com\/aiartfree.online\/wp-content\/uploads\/2024\/07\/WX20240729-171649%402x-1024x518.webp?resize=1024%2C518&#038;ssl=1\" alt=\"En vandm\u00e6rkefjerner bruger AI til at slette logoer, tekst eller grafik, der er lagt p\u00e5 fotos eller videoer, og genskaber det oprindelige medie ved at fjerne ejerskabsm\u00e6rker.\" title=\"WX20240729-171649@2x\" srcset=\"https:\/\/i0.wp.com\/aiartfree.online\/wp-content\/uploads\/2024\/07\/WX20240729-171649%402x-scaled.webp?resize=1024%2C518&amp;ssl=1 1024w, https:\/\/i0.wp.com\/aiartfree.online\/wp-content\/uploads\/2024\/07\/WX20240729-171649%402x-scaled.webp?resize=300%2C152&amp;ssl=1 300w, https:\/\/i0.wp.com\/aiartfree.online\/wp-content\/uploads\/2024\/07\/WX20240729-171649%402x-scaled.webp?resize=768%2C388&amp;ssl=1 768w, https:\/\/i0.wp.com\/aiartfree.online\/wp-content\/uploads\/2024\/07\/WX20240729-171649%402x-scaled.webp?resize=1536%2C777&amp;ssl=1 1536w, https:\/\/i0.wp.com\/aiartfree.online\/wp-content\/uploads\/2024\/07\/WX20240729-171649%402x-scaled.webp?resize=2048%2C1036&amp;ssl=1 2048w, https:\/\/i0.wp.com\/aiartfree.online\/wp-content\/uploads\/2024\/07\/WX20240729-171649%402x-scaled.webp?resize=18%2C9&amp;ssl=1 18w, https:\/\/i0.wp.com\/aiartfree.online\/wp-content\/uploads\/2024\/07\/WX20240729-171649%402x-scaled.webp?resize=600%2C303&amp;ssl=1 600w, https:\/\/i0.wp.com\/aiartfree.online\/wp-content\/uploads\/2024\/07\/WX20240729-171649%402x-scaled.webp?w=2400&amp;ssl=1 2400w\" sizes=\"auto, (max-width: 1024px) 100vw, 1024px\" \/><\/figure>\n\n\n\n<h2 class=\"wp-block-heading\" id=\"how-to-use-watermark-remover\">S\u00e5dan bruger du Watermark Remover<\/h2>\n\n\n\n<ol class=\"wp-block-list\">\n<li class=\"\">Drop eller upload dit billede<\/li>\n\n\n\n<li class=\"\"><strong>Tegn (pensel) den del af billedet, som du vil fjerne<\/strong><\/li>\n\n\n\n<li class=\"\">Klik p\u00e5 \"Send\"<\/li>\n\n\n\n<li class=\"\">Vent, det er det!<\/li>\n<\/ol>\n\n\n\n<p class=\"\"><em>* Afh\u00e6ngigt af din internethastighed kan det tage et par sekunder at indl\u00e6se modellen.<br>* Der vil v\u00e6re caching under kontinuerlig generering, og det nye billede vil blive vist efter ca. 3 sekunder.<\/em><\/p>\n\n\n\n<div style=\"text-align: center; border: 2px solid; border-image-source: linear-gradient(to right, #16b86c, #912899); border-image-slice: 1; box-shadow: 0 0 10px rgba(0, 0, 0, 0.1); border-radius: 15px; position: relative;\">\n  <div id=\"loading\" style=\"position: absolute; top: 100px; left: 50%; transform: translate(-50%, -50%); z-index: 1000;\">\n    <div style=\"width: 50px; height: 50px; border: 5px solid #f3f3f3; border-top: 5px solid #16b86c; border-radius: 50%; animation: spin 1s linear infinite;\"><\/div>\n  <\/div>\n  <iframe loading=\"lazy\"\n    src=\"https:\/\/rooc-remove-photo-object.hf.space\"\n    frameborder=\"0\"\n    width=\"100%\"\n    height=\"2500\"\n    style=\"display: inline-block; margin: 0 auto;\"\n    onload=\"document.getElementById('loading').style.display='none';\"\n  ><\/iframe>\n<\/div>\n\n<style>\n  @keyframes spin {\n    0% { transform: rotate(0deg); }\n    100% { transform: rotate(360deg); }\n  }\n<\/style>\n\n\n\n<div style=\"height:50px\" aria-hidden=\"true\" class=\"wp-block-spacer\"><\/div>\n\n\n\n<h2 class=\"wp-block-heading\" id=\"introduction-of-watermark-remover\">Introduktion af Watermark Remover<\/h2>\n\n\n\n<div class=\"wp-block-rank-math-toc-block\" id=\"rank-math-toc\"><h3>Indholdsfortegnelse<\/h3><nav><ul><li><a href=\"#what-is-a-watermark-remover\">Hvad er en vandm\u00e6rkefjerner?<\/a><\/li><li><a href=\"#why-use-a-watermark-remover\">Hvorfor bruge en vandm\u00e6rkefjerner?<\/a><\/li><li><a href=\"#who-can-benefit-from-using-a-watermark-remover\">Hvem kan have gavn af at bruge en vandm\u00e6rkefjerner?<\/a><\/li><li><a href=\"#top-10-watermark-remover-tools-features-pros-cons-advantages-challenges-and-suggestions\">Top 10 v\u00e6rkt\u00f8jer til fjernelse af vandm\u00e6rker: Funktioner, fordele, ulemper, fordele, udfordringer og forslag<\/a><\/li><li><a href=\"#frequently-asked-questions-faq\">Ofte stillede sp\u00f8rgsm\u00e5l (FAQ)<\/a><\/li><\/ul><\/nav><\/div>\n\n\n\n<h3 class=\"wp-block-heading\" id=\"what-is-a-watermark-remover\">Hvad er en vandm\u00e6rkefjerner?<\/h3>\n\n\n\n<p class=\"\">En vandm\u00e6rkefjerner er et v\u00e6rkt\u00f8j eller en software, der er designet til at fjerne vandm\u00e6rker fra fotos eller videoer. Vandm\u00e6rker er typisk logoer, tekst eller anden grafik, der er lagt oven p\u00e5 billeder eller videoer for at angive ejerskab eller ophavsret. En vandm\u00e6rkefjerner bruger avancerede algoritmer, ofte drevet af kunstig intelligens, til at identificere og slette disse vandm\u00e6rker, s\u00e5 det oprindelige billede eller den oprindelige video forbliver intakt.<\/p>\n\n\n\n<h3 class=\"wp-block-heading\" id=\"why-use-a-watermark-remover\">Hvorfor bruge en vandm\u00e6rkefjerner?<\/h3>\n\n\n\n<p class=\"\">At bruge en vandm\u00e6rkefjerner kan v\u00e6re afg\u00f8rende af flere grunde:<\/p>\n\n\n\n<ul class=\"wp-block-list\">\n<li class=\"\"><strong>Restaurering<\/strong>: Hj\u00e6lper med at gendanne originale medier uden forhindringer.<\/li>\n\n\n\n<li class=\"\"><strong>Professionel brug<\/strong>: Uundv\u00e6rlig for fotografer, videografer og designere, der har brug for rene billeder og videoer til deres arbejde.<\/li>\n\n\n\n<li class=\"\"><strong>Redigering af indhold<\/strong>: Giver brugerne mulighed for at redigere og genbruge medier uden at blive distraheret af vandm\u00e6rker.<\/li>\n\n\n\n<li class=\"\"><strong>Lovlig brug<\/strong>: Det er vigtigt at fjerne vandm\u00e6rker fra medier, som du har rettigheder til, men som var vandm\u00e6rkede p\u00e5 grund af tidligere brug eller distribution.<\/li>\n<\/ul>\n\n\n\n<h3 class=\"wp-block-heading\" id=\"who-can-benefit-from-using-a-watermark-remover\">Hvem kan have gavn af at bruge en vandm\u00e6rkefjerner?<\/h3>\n\n\n\n<p class=\"\">Forskellige personer og brancher kan drage fordel af at bruge en vandm\u00e6rkefjerner, herunder:<\/p>\n\n\n\n<ul class=\"wp-block-list\">\n<li class=\"\"><strong>Fotografer<\/strong>: At rense deres billeder til portef\u00f8ljepr\u00e6sentation.<\/li>\n\n\n\n<li class=\"\"><strong>Skabere af indhold<\/strong>: Til at skabe vandm\u00e6rkefrit indhold til sociale medier og hjemmesider.<\/li>\n\n\n\n<li class=\"\"><strong>Professionelle inden for marketing<\/strong>: At sikre, at reklamematerialet er rent og ser professionelt ud.<\/li>\n\n\n\n<li class=\"\"><strong>P\u00e6dagoger<\/strong>: Til brug af billeder og videoer i pr\u00e6sentationer og undervisningsmateriale uden forstyrrelser.<\/li>\n\n\n\n<li class=\"\"><strong>Virksomheder<\/strong>: At opretholde et professionelt image i marketing- og brandingmaterialer.<\/li>\n<\/ul>\n\n\n\n<h3 class=\"wp-block-heading\" id=\"top-10-watermark-remover-tools-features-pros-cons-advantages-challenges-and-suggestions\">Top 10 v\u00e6rkt\u00f8jer til fjernelse af vandm\u00e6rker: Funktioner, fordele, ulemper, fordele, udfordringer og forslag<\/h3>\n\n\n\n<figure class=\"wp-block-table\"><table class=\"has-fixed-layout\"><thead><tr><th>V\u00e6rkt\u00f8jets navn<\/th><th>URL<\/th><th>Funktioner<\/th><th>Fordele<\/th><th>Ulemper<\/th><th>Fordele<\/th><th>Udfordringer<\/th><th>Forslag<\/th><\/tr><\/thead><tbody><tr><td>AI Art Free Watermark Remover<\/td><td><a href=\"https:\/\/aiartfree.online\/da\/vandmaerkefjerner\/\">AI-kunst gratis<\/a><\/td><td>Gratis, ubegr\u00e6nset, ingen tilmelding, AI-drevet, brugervenlig<\/td><td>Let at bruge, gratis, ingen tilmelding n\u00f8dvendig, h\u00f8j kvalitet<\/td><td>Begr\u00e6nsede avancerede funktioner<\/td><td>Fremragende til hurtig og nem fjernelse<\/td><td>Fungerer m\u00e5ske ikke s\u00e5 godt p\u00e5 komplekse baggrunde<\/td><td>Ideel til almindelige brugere, der har brug for hurtig fjernelse af vandm\u00e6rker<\/td><\/tr><tr><td>Fjern.bg<\/td><td>Fjern.bg<\/td><td>AI-drevet, underst\u00f8tter fotos<\/td><td>H\u00f8j n\u00f8jagtighed, brugervenlig<\/td><td>Begr\u00e6nset til fotos, ikke gratis<\/td><td>Perfekt til fotografer<\/td><td>Abonnement kr\u00e6ves for premium-funktioner<\/td><td>Perfekt til brugere, der fokuserer p\u00e5 fotos<\/td><\/tr><tr><td>Maling<\/td><td>Maling<\/td><td>Manuelt valg, underst\u00f8tter forskellige formater<\/td><td>H\u00f8j kontrol, alsidig<\/td><td>Manuel proces kan v\u00e6re tidskr\u00e6vende<\/td><td>Ideel til detaljeret arbejde<\/td><td>Stejl indl\u00e6ringskurve<\/td><td>Anbefales til avancerede brugere<\/td><\/tr><tr><td>Apowersoft vandm\u00e6rkefjerner<\/td><td>Apowersoft<\/td><td>Batchbehandling, underst\u00f8tter fotos og videoer<\/td><td>Effektiv, alsidig<\/td><td>Abonnement kr\u00e6ves for at f\u00e5 alle funktioner<\/td><td>God til store opgaver<\/td><td>Kan v\u00e6re dyrt<\/td><td>Bedst til hyppige brugere med store behov<\/td><\/tr><tr><td>HitPaw vandm\u00e6rkefjerner<\/td><td>HitPaw<\/td><td>Underst\u00f8tter fotos og videoer, AI-drevet<\/td><td>H\u00f8j kvalitet, alsidig<\/td><td>Abonnement kr\u00e6ves for at f\u00e5 alle funktioner<\/td><td>Velegnet til b\u00e5de fotos og videoer<\/td><td>Kan v\u00e6re dyrt<\/td><td>Perfekt til professionelle<\/td><\/tr><tr><td>SoftOrbits Foto Stempelfjerner<\/td><td>SoftOrbits<\/td><td>AI-drevet, underst\u00f8tter batch-behandling<\/td><td>Effektiv, pr\u00e6cis<\/td><td>Abonnement kr\u00e6ves for premium-funktioner<\/td><td>Ideel til store opgaver<\/td><td>Dyrt for lejlighedsvise brugere<\/td><td>Anbefales til hyppige brugere<\/td><\/tr><tr><td>Wondershare Fotophire<\/td><td>Fotophire<\/td><td>Underst\u00f8tter forskellige formater, nem at bruge<\/td><td>Alsidig, brugervenlig<\/td><td>Abonnement kr\u00e6ves for at f\u00e5 alle funktioner<\/td><td>Perfekt til begyndere<\/td><td>Dyrt<\/td><td>Ideel til nye brugere<\/td><\/tr><tr><td>GIMP<\/td><td>GIMP<\/td><td>Gratis, Open-source, Manuel redigering<\/td><td>Kan tilpasses i h\u00f8j grad, gratis<\/td><td>Stejl indl\u00e6ringskurve<\/td><td>Ideel til detaljeret redigering<\/td><td>Kompleks gr\u00e6nseflade<\/td><td>Bedst til avancerede brugere<\/td><\/tr><tr><td>PhotoWorks<\/td><td>PhotoWorks<\/td><td>AI-drevet, underst\u00f8tter forskellige formater<\/td><td>N\u00f8jagtig, nem at bruge<\/td><td>Abonnement kr\u00e6ves for at f\u00e5 alle funktioner<\/td><td>Perfekt til afslappet og professionel brug<\/td><td>Kan v\u00e6re dyrt<\/td><td>Perfekt til alle brugerniveauer<\/td><\/tr><tr><td>Pixlr<\/td><td><a href=\"https:\/\/bingimagecreator.online\/\" target=\"_blank\" data-type=\"link\" data-id=\"https:\/\/bingimagecreator.online\/\" rel=\"noreferrer noopener\">Pixlr<\/a><\/td><td>Gratis, Online-v\u00e6rkt\u00f8j, Manuel redigering<\/td><td>Tilg\u00e6ngelig, gratis<\/td><td>Begr\u00e6nsede avancerede funktioner<\/td><td>God til hurtige redigeringer<\/td><td>Begr\u00e6nsede funktionaliteter<\/td><td>Bedst til hurtige og enkle opgaver<\/td><\/tr><\/tbody><\/table><\/figure>\n\n\n\n<h3 class=\"wp-block-heading\" id=\"frequently-asked-questions-faq\">Ofte stillede sp\u00f8rgsm\u00e5l (FAQ)<\/h3>\n\n\n\n<ol class=\"wp-block-list\">\n<li class=\"\"><strong>Hvordan fjerner man et vandm\u00e6rke fra et foto?<\/strong>\n<ul class=\"wp-block-list\">\n<li class=\"\">Hvis du vil fjerne et vandm\u00e6rke fra et foto, kan du bruge onlinev\u00e6rkt\u00f8jer som AI Art Free Watermark Remover. Du skal blot uploade billedet og v\u00e6lge vandm\u00e6rkeomr\u00e5det, s\u00e5 fjerner v\u00e6rkt\u00f8jet det automatisk for dig.<\/li>\n<\/ul>\n<\/li>\n\n\n\n<li class=\"\"><strong>Hvordan fjerner man vandm\u00e6rke fra video?<\/strong>\n<ul class=\"wp-block-list\">\n<li class=\"\">Brug v\u00e6rkt\u00f8jer som Apowersoft Watermark Remover, der underst\u00f8tter videoformater. Upload videoen, v\u00e6lg vandm\u00e6rkeomr\u00e5det, og v\u00e6rkt\u00f8jet behandler videoen for at fjerne vandm\u00e6rket.<\/li>\n<\/ul>\n<\/li>\n\n\n\n<li class=\"\"><strong>Findes der en gratis vandm\u00e6rkefjerner?<\/strong>\n<ul class=\"wp-block-list\">\n<li class=\"\">Ja, AI Art Free Watermark Remover er et gratis v\u00e6rkt\u00f8j, der tillader ubegr\u00e6nset brug uden tilmelding.<\/li>\n<\/ul>\n<\/li>\n\n\n\n<li class=\"\"><strong>Kan AI fjerne vandm\u00e6rker?<\/strong>\n<ul class=\"wp-block-list\">\n<li class=\"\">Ja, AI-drevne v\u00e6rkt\u00f8jer som AI Art Free Watermark Remover og Remove.bg kan effektivt fjerne vandm\u00e6rker fra billeder ved hj\u00e6lp af avancerede algoritmer.<\/li>\n<\/ul>\n<\/li>\n\n\n\n<li class=\"\"><strong>Hvad er den bedste vandm\u00e6rkefjerner til fotos?<\/strong>\n<ul class=\"wp-block-list\">\n<li class=\"\">AI Art Free Watermark Remover og Remove.bg er blandt de bedste v\u00e6rkt\u00f8jer til at fjerne vandm\u00e6rker fra fotos p\u00e5 grund af deres h\u00f8je n\u00f8jagtighed og brugervenlighed.<\/li>\n<\/ul>\n<\/li>\n\n\n\n<li class=\"\"><strong>Hvad er den bedste vandm\u00e6rkefjerner til videoer?<\/strong>\n<ul class=\"wp-block-list\">\n<li class=\"\">Apowersoft Watermark Remover og HitPaw Watermark Remover er fremragende valg til at fjerne vandm\u00e6rker fra videoer.<\/li>\n<\/ul>\n<\/li>\n\n\n\n<li class=\"\"><strong>Findes der vandm\u00e6rkefjernere til ubegr\u00e6nset brug?<\/strong>\n<ul class=\"wp-block-list\">\n<li class=\"\">Ja, AI Art Free Watermark Remover tilbyder ubegr\u00e6nset brug uden nogen form for tilmelding eller abonnement.<\/li>\n<\/ul>\n<\/li>\n\n\n\n<li class=\"\"><strong>Hvordan fjerner man u\u00f8nskede objekter fra billeder?<\/strong>\n<ul class=\"wp-block-list\">\n<li class=\"\">V\u00e6rkt\u00f8jer som Inpaint giver mulighed for manuel udv\u00e6lgelse og fjernelse af u\u00f8nskede objekter fra billeder, hvilket giver pr\u00e6cis kontrol over redigeringsprocessen.<\/li>\n<\/ul>\n<\/li>\n\n\n\n<li class=\"\"><strong>Findes der brugervenlige vandm\u00e6rkefjernere?<\/strong>\n<ul class=\"wp-block-list\">\n<li class=\"\">Ja, v\u00e6rkt\u00f8jer som AI Art Free Watermark Remover og Wondershare Fotophire er kendt for deres brugervenlige gr\u00e6nseflader.<\/li>\n<\/ul>\n<\/li>\n\n\n\n<li class=\"\"><strong>Kan vandm\u00e6rkefjernere bevare den oprindelige kvalitet?<\/strong>\n<ul class=\"wp-block-list\">\n<li class=\"\">V\u00e6rkt\u00f8jer af h\u00f8j kvalitet som AI Art Free Watermark Remover og HitPaw Watermark Remover er designet til at bevare den oprindelige kvalitet af billeder og videoer efter fjernelse af vandm\u00e6rker.<\/li>\n<\/ul>\n<\/li>\n<\/ol>","protected":false},"excerpt":{"rendered":"<p>F\u00f8r vs Efter S\u00e5dan bruger du Watermark Remover * Afh\u00e6ngigt af din internethastighed kan det tage et par sekunder at indl\u00e6se modellen * Der vil v\u00e6re caching under kontinuerlig generering, og det nye billede vises efter ca. 3 sekunder. Introduktion af Watermark Remover Hvad er en Watermark Remover? En vandm\u00e6rkefjerner er et v\u00e6rkt\u00f8j eller en software ... <a title=\"Vandm\u00e6rkefjerner\" class=\"read-more\" href=\"https:\/\/aiartfree.online\/da\/vandmaerkefjerner\/\" aria-label=\"Read more about Watermark Remover\">L\u00e6s mere <\/a><\/p>","protected":false},"author":1,"featured_media":3304,"parent":0,"menu_order":0,"comment_status":"open","ping_status":"closed","template":"","meta":{"nf_dc_page":"","footnotes":""},"class_list":["post-3281","page","type-page","status-publish","has-post-thumbnail"],"jetpack_sharing_enabled":true,"_links":{"self":[{"href":"https:\/\/aiartfree.online\/da\/wp-json\/wp\/v2\/pages\/3281","targetHints":{"allow":["GET"]}}],"collection":[{"href":"https:\/\/aiartfree.online\/da\/wp-json\/wp\/v2\/pages"}],"about":[{"href":"https:\/\/aiartfree.online\/da\/wp-json\/wp\/v2\/types\/page"}],"author":[{"embeddable":true,"href":"https:\/\/aiartfree.online\/da\/wp-json\/wp\/v2\/users\/1"}],"replies":[{"embeddable":true,"href":"https:\/\/aiartfree.online\/da\/wp-json\/wp\/v2\/comments?post=3281"}],"version-history":[{"count":0,"href":"https:\/\/aiartfree.online\/da\/wp-json\/wp\/v2\/pages\/3281\/revisions"}],"wp:featuredmedia":[{"embeddable":true,"href":"https:\/\/aiartfree.online\/da\/wp-json\/wp\/v2\/media\/3304"}],"wp:attachment":[{"href":"https:\/\/aiartfree.online\/da\/wp-json\/wp\/v2\/media?parent=3281"}],"curies":[{"name":"wp","href":"https:\/\/api.w.org\/{rel}","templated":true}]}}