{"id":3270,"date":"2024-07-28T10:35:14","date_gmt":"2024-07-28T10:35:14","guid":{"rendered":"https:\/\/aiartfree.online\/?page_id=3270"},"modified":"2024-07-31T13:03:11","modified_gmt":"2024-07-31T13:03:11","slug":"ai-photo-generator","status":"publish","type":"page","link":"https:\/\/aiartfree.online\/da\/ai-fotogenerator\/","title":{"rendered":"AI-fotogenerator"},"content":{"rendered":"<h2 class=\"wp-block-heading has-text-align-center\">Hvad vores brugere har skabt<\/h2>\n\n\n\n<figure class=\"gb-block-image gb-block-image-1822da1f\"><img data-recalc-dims=\"1\" decoding=\"async\" loading=\"lazy\" width=\"1200\" height=\"823\" class=\"gb-image gb-image-1822da1f\" src=\"https:\/\/i0.wp.com\/aiartfree.online\/wp-content\/uploads\/2024\/07\/WX20240731-165815%402x.jpg?resize=1200%2C823&#038;ssl=1\" alt=\"AI-fotogenerator\" title=\"WX20240731-165815@2x\" srcset=\"https:\/\/i0.wp.com\/aiartfree.online\/wp-content\/uploads\/2024\/07\/WX20240731-165815%402x.jpg?w=1630&amp;ssl=1 1630w, https:\/\/i0.wp.com\/aiartfree.online\/wp-content\/uploads\/2024\/07\/WX20240731-165815%402x.jpg?resize=300%2C206&amp;ssl=1 300w, https:\/\/i0.wp.com\/aiartfree.online\/wp-content\/uploads\/2024\/07\/WX20240731-165815%402x.jpg?resize=1024%2C702&amp;ssl=1 1024w, https:\/\/i0.wp.com\/aiartfree.online\/wp-content\/uploads\/2024\/07\/WX20240731-165815%402x.jpg?resize=768%2C527&amp;ssl=1 768w, https:\/\/i0.wp.com\/aiartfree.online\/wp-content\/uploads\/2024\/07\/WX20240731-165815%402x.jpg?resize=1536%2C1054&amp;ssl=1 1536w, https:\/\/i0.wp.com\/aiartfree.online\/wp-content\/uploads\/2024\/07\/WX20240731-165815%402x.jpg?resize=18%2C12&amp;ssl=1 18w, https:\/\/i0.wp.com\/aiartfree.online\/wp-content\/uploads\/2024\/07\/WX20240731-165815%402x.jpg?resize=600%2C412&amp;ssl=1 600w\" sizes=\"auto, (max-width: 1200px) 100vw, 1200px\" \/><\/figure>\n\n\n\n<h2 class=\"wp-block-heading\">S\u00e5dan bruger du AI Photo Generator<\/h2>\n\n\n\n<ol class=\"wp-block-list\">\n<li class=\"\">Indtast din prompt, eller v\u00e6lg et af Prompt-eksemplerne<\/li>\n\n\n\n<li class=\"\">Klik p\u00e5 \"Generer\"<\/li>\n\n\n\n<li class=\"\">Vent, det er det!<\/li>\n<\/ol>\n\n\n\n<h3 class=\"wp-block-heading has-medium-font-size\">Eksempler p\u00e5 opfordringer<\/h3>\n\n\n\n<ul class=\"wp-block-list has-small-font-size\">\n<li class=\"\">smuk kvinde, nat, med stjerner, indviklet, elegant, meget detaljeret, glat, skarpt fokus<\/li>\n\n\n\n<li class=\"\">smuk kvinde, nat, sci-fi, fantasy, indviklet, elegant, bl\u00e5 kjole, magisk, meget detaljeret, glat, skarpt fokus, illustration<\/li>\n\n\n\n<li class=\"\">smuk kvinde p\u00e5 stranden, afslappende, \u00e6terisk, dr\u00f8mmende, baggrundsbelyst, meget detaljeret, realistisk belysning, skarpt fokus, tredjedelsregel, hd, oktan, 4k<\/li>\n\n\n\n<li class=\"\">smuk kvinde, store bryster, domme elskerinde, steampunk, genert smilende, 4k, Lille detalje<\/li>\n\n\n\n<li class=\"\">smuk kvinde, nat, med stjerner, indviklet, elegant, meget detaljeret, glat, skarpt fokus<\/li>\n<\/ul>\n\n\n\n<p class=\"\">Brug&nbsp;<a href=\"https:\/\/aiartfree.online\/da\/prompt-generator\/\" target=\"_blank\" data-type=\"page\" data-id=\"3164\" rel=\"noreferrer noopener\">Prompt-generator<\/a>&nbsp;til at udvide gr\u00e6nserne for din fantasi<\/p>\n\n\n\n<p class=\"\"><em>* Afh\u00e6ngigt af din internethastighed kan det tage et par sekunder at indl\u00e6se modellen.<br>* Der vil v\u00e6re caching under kontinuerlig generering, og det nye billede vil blive vist efter ca. 3 sekunder.<\/em><\/p>\n\n\n\n<div class=\"iframe-wrapper\" style=\"position: relative; width: 100%; height: 950px;\">\n  <div class=\"loading\" style=\"position: absolute; top: 50px; left: 50%; transform: translate(-50%, -50%); width: 40px; height: 40px; border: 3px solid #f0f0f0; border-top: 3px solid #db7093; border-radius: 50%; animation: spin 1s linear infinite;\"><\/div>\n  <iframe loading=\"lazy\" src=\"https:\/\/playgroundai-playground-v2-5.hf.space\" frameborder=\"0\" width=\"100%\" height=\"100%\" style=\"position: absolute; top: 0; left: 0; opacity: 0; transition: opacity 0.3s;\" onload=\"this.style.opacity=1;this.previousElementSibling.style.display='none';\"><\/iframe>\n<\/div>\n\n<style>\n@keyframes spin {\n  0% { transform: translate(-50%, -50%) rotate(0deg); }\n  100% { transform: translate(-50%, -50%) rotate(360deg); }\n}\n<\/style>\n\n\n\n<div style=\"height:50px\" aria-hidden=\"true\" class=\"wp-block-spacer\"><\/div>\n\n\n\n<h2 class=\"wp-block-heading\">Introduktion til AI Photo Generator<\/h2>\n\n\n\n<p class=\"\">I den tempofyldte digitale verden er AI-fotogeneratorer blevet vigtige v\u00e6rkt\u00f8jer for kunstnere, marketingfolk og indholdsskabere. Denne artikel vil dykke ned i, hvad AI-fotogeneratorer er, deres betydning, og hvordan de kan bruges p\u00e5 tv\u00e6rs af forskellige brancher. Derudover vil vi udforske de bedste AI-fotogeneratorer, der er tilg\u00e6ngelige i dag, herunder det st\u00e6rkt anbefalede v\u00e6rkt\u00f8j fra <a href=\"https:\/\/aiartfree.online\/da\/ai-fotogenerator\/\">AI-kunst gratis<\/a>.<\/p>\n\n\n\n<figure class=\"wp-block-image size-full is-resized\"><img data-recalc-dims=\"1\" data-dominant-color=\"70574e\" data-has-transparency=\"false\" decoding=\"async\" width=\"1024\" height=\"1024\"   loading=\"lazy\" src=\"https:\/\/i0.wp.com\/aiartfree.online\/wp-content\/uploads\/2024\/07\/image-30.webp?resize=1024%2C1024&#038;ssl=1\" alt=\"I den tempofyldte digitale verden er AI-fotogeneratorer blevet vigtige v\u00e6rkt\u00f8jer for kunstnere, marketingfolk og indholdsskabere. Denne artikel g\u00e5r i dybden med, hvad AI-fotogeneratorer er, deres betydning, og hvordan de kan bruges p\u00e5 tv\u00e6rs af forskellige brancher. Derudover vil vi udforske de bedste AI-fotogeneratorer, der er tilg\u00e6ngelige i dag, herunder det st\u00e6rkt anbefalede v\u00e6rkt\u00f8j fra AI Art Free.\" class=\"wp-image-3278 not-transparent\" style=\"--dominant-color: #70574e; width:436px;height:auto\" srcset=\"https:\/\/i0.wp.com\/aiartfree.online\/wp-content\/uploads\/2024\/07\/image-30.webp?w=1024&amp;ssl=1 1024w, https:\/\/i0.wp.com\/aiartfree.online\/wp-content\/uploads\/2024\/07\/image-30.webp?resize=300%2C300&amp;ssl=1 300w, https:\/\/i0.wp.com\/aiartfree.online\/wp-content\/uploads\/2024\/07\/image-30.webp?resize=150%2C150&amp;ssl=1 150w, https:\/\/i0.wp.com\/aiartfree.online\/wp-content\/uploads\/2024\/07\/image-30.webp?resize=768%2C768&amp;ssl=1 768w, https:\/\/i0.wp.com\/aiartfree.online\/wp-content\/uploads\/2024\/07\/image-30.webp?resize=12%2C12&amp;ssl=1 12w, https:\/\/i0.wp.com\/aiartfree.online\/wp-content\/uploads\/2024\/07\/image-30.webp?resize=600%2C600&amp;ssl=1 600w, https:\/\/i0.wp.com\/aiartfree.online\/wp-content\/uploads\/2024\/07\/image-30.webp?resize=100%2C100&amp;ssl=1 100w\" sizes=\"auto, (max-width: 1024px) 100vw, 1024px\" \/><\/figure>\n\n\n\n<h3 class=\"wp-block-heading\">Indholdsfortegnelse<\/h3>\n\n\n\n<ol class=\"wp-block-list\">\n<li class=\"\"><a href=\"#what-is-an-ai-photo-generator\">Hvad er en AI-fotogenerator?<\/a><\/li>\n\n\n\n<li class=\"\"><a href=\"#why-use-an-ai-photo-generator\">Hvorfor bruge en AI-fotogenerator?<\/a><\/li>\n\n\n\n<li class=\"\"><a href=\"#who-can-benefit-from-ai-photo-generators\">Hvem kan f\u00e5 gavn af AI-fotogeneratorer?<\/a><\/li>\n\n\n\n<li class=\"\"><a href=\"#top-10-ai-photo-generators\">Top 10 AI-fotogeneratorer<\/a><\/li>\n\n\n\n<li class=\"\"><a href=\"#faq\">OFTE STILLEDE SP\u00d8RGSM\u00c5L<\/a><\/li>\n<\/ol>\n\n\n\n<h3 class=\"wp-block-heading\">Hvad er en AI-fotogenerator?<\/h3>\n\n\n\n<p class=\"\">En AI-fotogenerator, ogs\u00e5 kendt som en AI-billedgenerator, er et v\u00e6rkt\u00f8j drevet af kunstig intelligens og maskinl\u00e6ring, der konverterer tekstbeskeder til unikke billeder. Disse v\u00e6rkt\u00f8jer udnytter generativ AI til at skabe levende og forskelligartede billeder baseret p\u00e5 tekstbeskrivelser fra brugeren.<\/p>\n\n\n\n<h3 class=\"wp-block-heading\">Hvorfor bruge en AI-fotogenerator?<\/h3>\n\n\n\n<p class=\"\">AI-fotogeneratorer er afg\u00f8rende for at skabe unikke billeder hurtigt og effektivt. De giver mange fordele:<\/p>\n\n\n\n<ul class=\"wp-block-list\">\n<li class=\"\"><strong>Kreativitet:<\/strong> De hj\u00e6lper med at skabe unikke og kreative billeder, der skiller sig ud.<\/li>\n\n\n\n<li class=\"\"><strong>Effektivitet:<\/strong> De sparer tid ved at producere billeder i h\u00f8j kvalitet med det samme.<\/li>\n\n\n\n<li class=\"\"><strong>Alsidighed:<\/strong> De kan bruges til forskellige form\u00e5l, fra indl\u00e6g p\u00e5 sociale medier til marketingmateriale.<\/li>\n<\/ul>\n\n\n\n<h3 class=\"wp-block-heading\">Hvem kan f\u00e5 gavn af AI-fotogeneratorer?<\/h3>\n\n\n\n<ul class=\"wp-block-list\">\n<li class=\"\"><strong>Kunstnere:<\/strong> Til at skabe unikke digitale kunstv\u00e6rker.<\/li>\n\n\n\n<li class=\"\"><strong>Markedsf\u00f8rere:<\/strong> Til at generere kvalitetsbilleder til kampagner.<\/li>\n\n\n\n<li class=\"\"><strong>Skabere af indhold:<\/strong> Til forbedring af blogindl\u00e6g, indhold p\u00e5 sociale medier og meget mere.<\/li>\n\n\n\n<li class=\"\"><strong>Virksomheder:<\/strong> Til design af marketingmaterialer, hjemmesider og reklamer.<\/li>\n<\/ul>\n\n\n\n<h3 class=\"wp-block-heading\">Top 10 AI-fotogeneratorer<\/h3>\n\n\n\n<figure class=\"wp-block-table\"><table class=\"has-fixed-layout\"><thead><tr><th><strong>V\u00e6rkt\u00f8j<\/strong><\/th><th><strong>Hjemmeside<\/strong><\/th><th><strong>Fordele<\/strong><\/th><th><strong>Ulemper<\/strong><\/th><th><strong>Udfordringer<\/strong><\/th><th><strong>Forslag<\/strong><\/th><\/tr><\/thead><tbody><tr><td><strong>AI-kunst gratis<\/strong><\/td><td><a href=\"https:\/\/aiartfree.online\/da\/ai-fotogenerator\/\">aiartfree.online<\/a><\/td><td>Gratis, nem at bruge, producerer billeder i h\u00f8j kvalitet<\/td><td>Begr\u00e6nset tilpasning<\/td><td>Har brug for konstant internetforbindelse<\/td><td>Regelm\u00e6ssige opdateringer for at forbedre funktionerne<\/td><\/tr><tr><td><strong>DeepArt<\/strong><\/td><td><a href=\"https:\/\/deepart.io\" target=\"_blank\" rel=\"noopener\">deepart.io<\/a><\/td><td>Flotte kunstneriske filtre<\/td><td>Langsom behandling<\/td><td>Ikke altid pr\u00e6cis<\/td><td>Forbedre behandlingshastigheden<\/td><\/tr><tr><td><strong>Landingsbane ML<\/strong><\/td><td><a href=\"https:\/\/runwayml.com\" target=\"_blank\" rel=\"noopener\">runwayml.com<\/a><\/td><td>Alsidig, professionel kvalitet<\/td><td>Dyrt<\/td><td>Stejl indl\u00e6ringskurve<\/td><td>S\u00f8rg for vejledninger<\/td><\/tr><tr><td><strong>Kunstopdr\u00e6tter<\/strong><\/td><td><a href=\"https:\/\/artbreeder.com\" target=\"_blank\" rel=\"noopener\">artbreeder.com<\/a><\/td><td>Samarbejde, unikke resultater<\/td><td>Begr\u00e6nset gratis version<\/td><td>Gr\u00e6nsefladen kan v\u00e6re kompleks<\/td><td>Forenkle brugergr\u00e6nsefladen<\/td><\/tr><tr><td><strong>DALL-E<\/strong><\/td><td><a href=\"https:\/\/aiartfree.online\/da\/fri-dalle-3\/\" data-type=\"page\" data-id=\"2889\">openai.com\/dall-e<\/a><\/td><td>Billeder i h\u00f8j kvalitet, innovative<\/td><td>Begr\u00e6nset adgang<\/td><td>H\u00f8j eftersp\u00f8rgsel<\/td><td>\u00d8g tilg\u00e6ngeligheden<\/td><\/tr><tr><td><strong>Generator for dybe dr\u00f8mme<\/strong><\/td><td><a href=\"https:\/\/deepdreamgenerator.com\" target=\"_blank\" rel=\"noopener\">deepdreamgenerator.com<\/a><\/td><td>Surrealistiske, kunstneriske billeder<\/td><td>Kan v\u00e6re abstrakt<\/td><td>Ikke egnet til alle form\u00e5l<\/td><td>Tilbyd flere stilarter<\/td><\/tr><tr><td><strong>NatCaf\u00e9<\/strong><\/td><td><a href=\"https:\/\/nightcafe.studio\" target=\"_blank\" rel=\"noopener\">nightcafe.studio<\/a><\/td><td>Let at bruge, f\u00e6llesskabsfunktioner<\/td><td>Begr\u00e6nsede gratis muligheder<\/td><td>Kan v\u00e6re dyrt<\/td><td>Flere gratis funktioner<\/td><\/tr><tr><td><strong>Stor s\u00f8vn<\/strong><\/td><td><a href=\"https:\/\/bigsleep.dev\" target=\"_blank\" rel=\"noopener\">bigsleep.dev<\/a><\/td><td>Open source, kan tilpasses<\/td><td>Kr\u00e6ver teknisk viden<\/td><td>Kompleks ops\u00e6tning<\/td><td>Giv flere vejledninger<\/td><\/tr><tr><td><strong>Ganbreeder<\/strong><\/td><td><a href=\"https:\/\/ganbreeder.app\" target=\"_blank\" rel=\"noopener\">ganbreeder.app<\/a><\/td><td>Samarbejdsvillig, kreativ<\/td><td>Kan v\u00e6re uforudsigelig<\/td><td>Interfacet kunne v\u00e6re bedre<\/td><td>Forbedre forudsigeligheden<\/td><\/tr><tr><td><strong>StilGAN2<\/strong><\/td><td><a href=\"https:\/\/github.com\/NVlabs\/stylegan2\" target=\"_blank\" rel=\"noopener\">github.com\/NVlabs\/stylegan2<\/a><\/td><td>Resultater af h\u00f8j kvalitet<\/td><td>Kr\u00e6ver tekniske f\u00e6rdigheder<\/td><td>Vanskeligt at s\u00e6tte op<\/td><td>Mere brugervenlige vejledninger<\/td><\/tr><\/tbody><\/table><\/figure>\n\n\n\n<h3 class=\"wp-block-heading\">OFTE STILLEDE SP\u00d8RGSM\u00c5L<\/h3>\n\n\n\n<h4 class=\"wp-block-heading\">Hvordan kan man se, om et foto er AI-genereret?<\/h4>\n\n\n\n<p class=\"\">For at afg\u00f8re, om et foto er AI-genereret, skal du kigge efter subtile anomalier, unaturlige m\u00f8nstre og mangel p\u00e5 fine detaljer, som er almindelige i AI-genererede billeder.<\/p>\n\n\n\n<h4 class=\"wp-block-heading\">Hvordan genererer man AI-fotos?<\/h4>\n\n\n\n<p class=\"\">Du kan generere AI-fotos ved at bruge en AI-fotogenerator som <a href=\"https:\/\/aiartfree.online\/da\/ai-fotogenerator\/\">AI-kunst gratis<\/a>. Du skal blot indtaste en tekst og lade AI'en skabe billedet.<\/p>\n\n\n\n<h4 class=\"wp-block-heading\">Er dette foto AI-genereret?<\/h4>\n\n\n\n<p class=\"\">For at kontrollere, om et foto er AI-genereret, skal du bruge v\u00e6rkt\u00f8jer, der er designet til at opdage AI-genereret indhold, eller analysere billedet for uoverensstemmelser.<\/p>\n\n\n\n<h4 class=\"wp-block-heading\">Hvad er den bedste AI-fotogenerator?<\/h4>\n\n\n\n<p class=\"\">Den bedste AI-fotogenerator varierer afh\u00e6ngigt af dine behov, men <a href=\"https:\/\/aiartfree.online\/da\/ai-fotogenerator\/\">AI-kunst gratis<\/a> kan varmt anbefales p\u00e5 grund af dens brugervenlighed og kvalitet.<\/p>\n\n\n\n<h4 class=\"wp-block-heading\">Hvordan laver man AI-genererede fotos?<\/h4>\n\n\n\n<p class=\"\">Du kan lave AI-genererede fotos ved at indtaste beskrivende tekstprompter i en AI-fotogenerator, som skaber billeder baseret p\u00e5 dine beskrivelser.<\/p>\n\n\n\n<h3 class=\"wp-block-heading\">Yderligere moduler<\/h3>\n\n\n\n<h4 class=\"wp-block-heading\">Forst\u00e5else af generativ AI og dens indvirkning<\/h4>\n\n\n\n<p class=\"\">Generativ AI, som driver AI-fotogeneratorer, er en type kunstig intelligens, der kan skabe nyt indhold ud fra eksisterende data. Denne teknologi revolutionerer de kreative industrier ved at g\u00f8re det muligt at skabe unikke billeder, musik og tekst.<\/p>\n\n\n\n<h4 class=\"wp-block-heading\">Fordele ved at bruge AI-fotogeneratorer til sociale medier<\/h4>\n\n\n\n<p class=\"\">AI-fotogeneratorer er uvurderlige for sociale medier, da de giver mulighed for at skabe engagerende og unikke billeder, der fanger publikums opm\u00e6rksomhed og skaber engagement.<\/p>\n\n\n\n<h4 class=\"wp-block-heading\">Maskinl\u00e6ringens rolle i AI-fotogeneratorer<\/h4>\n\n\n\n<p class=\"\">Maskinl\u00e6ring er rygraden i AI-fotogeneratorer. Det giver disse v\u00e6rkt\u00f8jer mulighed for at l\u00e6re af store datas\u00e6t og forbedre kvaliteten og relevansen af de billeder, de producerer over tid.<\/p>\n\n\n\n<h3 class=\"wp-block-heading\">Konklusion<\/h3>\n\n\n\n<p class=\"\">AI-fotogeneratorer er effektive v\u00e6rkt\u00f8jer, der udnytter kunstig intelligens og maskinl\u00e6ring til at skabe unikke billeder af h\u00f8j kvalitet. Uanset om du er kunstner, marketingmedarbejder eller indholdsskaber, kan disse v\u00e6rkt\u00f8jer forbedre din kreative proces og dit output betydeligt. Ved at forst\u00e5 deres fordele og udfordringer kan du f\u00e5 mest muligt ud af disse innovative v\u00e6rkt\u00f8jer til at producere fantastiske billeder, der skiller sig ud i ethvert medie.<\/p>\n\n\n\n<p class=\"\">For at f\u00e5 den bedste oplevelse skal du starte med <a href=\"https:\/\/aiartfree.online\/da\/ai-fotogenerator\/\">AI-kunst gratis<\/a> v\u00e6rkt\u00f8j, som tilbyder en nem og gratis m\u00e5de at generere AI-fotos i h\u00f8j kvalitet p\u00e5.<\/p>","protected":false},"excerpt":{"rendered":"<p>What our users created How to use AI Photo Generator Prompt Examples Use&nbsp;Prompt Generator&nbsp;to Expand the Boundaries of Your Imagination *&nbsp;Depending on your internet speed, loading the model may take a few seconds.* There will be caching during continuous generation, and the new image will appear after about 3 seconds. Introduction of AI Photo Generator &#8230; <a title=\"AI-fotogenerator\" class=\"read-more\" href=\"https:\/\/aiartfree.online\/da\/ai-fotogenerator\/\" aria-label=\"Read more about AI Photo Generator\">L\u00e6s mere <\/a><\/p>","protected":false},"author":1,"featured_media":3392,"parent":0,"menu_order":0,"comment_status":"open","ping_status":"closed","template":"","meta":{"nf_dc_page":"","footnotes":""},"class_list":["post-3270","page","type-page","status-publish","has-post-thumbnail"],"jetpack_sharing_enabled":true,"_links":{"self":[{"href":"https:\/\/aiartfree.online\/da\/wp-json\/wp\/v2\/pages\/3270","targetHints":{"allow":["GET"]}}],"collection":[{"href":"https:\/\/aiartfree.online\/da\/wp-json\/wp\/v2\/pages"}],"about":[{"href":"https:\/\/aiartfree.online\/da\/wp-json\/wp\/v2\/types\/page"}],"author":[{"embeddable":true,"href":"https:\/\/aiartfree.online\/da\/wp-json\/wp\/v2\/users\/1"}],"replies":[{"embeddable":true,"href":"https:\/\/aiartfree.online\/da\/wp-json\/wp\/v2\/comments?post=3270"}],"version-history":[{"count":0,"href":"https:\/\/aiartfree.online\/da\/wp-json\/wp\/v2\/pages\/3270\/revisions"}],"wp:featuredmedia":[{"embeddable":true,"href":"https:\/\/aiartfree.online\/da\/wp-json\/wp\/v2\/media\/3392"}],"wp:attachment":[{"href":"https:\/\/aiartfree.online\/da\/wp-json\/wp\/v2\/media?parent=3270"}],"curies":[{"name":"wp","href":"https:\/\/api.w.org\/{rel}","templated":true}]}}