{"id":3252,"date":"2024-07-25T12:50:56","date_gmt":"2024-07-25T12:50:56","guid":{"rendered":"https:\/\/aiartfree.online\/?page_id=3252"},"modified":"2024-08-02T11:07:26","modified_gmt":"2024-08-02T11:07:26","slug":"drawing-prompts","status":"publish","type":"page","link":"https:\/\/aiartfree.online\/da\/hurtigt-galleri\/","title":{"rendered":"Opl\u00e6g til tegning"},"content":{"rendered":"<p class=\"has-text-align-center\">Drawing Prompt Gallery er en guldgrube af inspiration og kreativitet med AI-genererede forslag, der s\u00e6tter gang i fantasien og \u00f8ger produktiviteten. Begynd at udforske de uendelige muligheder i dag!<\/p>\n\n\n\n<h2 class=\"wp-block-heading has-text-align-center\" id=\"what-our-users-made\">Hvad vores brugere lavede<\/h2>\n\n\n\n<figure class=\"gb-block-image gb-block-image-1822da1f\"><img data-recalc-dims=\"1\" decoding=\"async\" loading=\"lazy\" width=\"1024\" height=\"758\" class=\"gb-image gb-image-1822da1f\" src=\"https:\/\/i0.wp.com\/aiartfree.online\/wp-content\/uploads\/2024\/07\/WX20240725-170230%402x-1024x758.webp?resize=1024%2C758&#038;ssl=1\" alt=\"Drawing Prompts Gallery er en guldgrube af inspiration og kreativitet med AI-genererede forslag, der s\u00e6tter gang i fantasien og \u00f8ger produktiviteten.\" title=\"WX20240725-170230@2x\" srcset=\"https:\/\/i0.wp.com\/aiartfree.online\/wp-content\/uploads\/2024\/07\/WX20240725-170230%402x.jpg?resize=1024%2C758&amp;ssl=1 1024w, https:\/\/i0.wp.com\/aiartfree.online\/wp-content\/uploads\/2024\/07\/WX20240725-170230%402x.jpg?resize=300%2C222&amp;ssl=1 300w, https:\/\/i0.wp.com\/aiartfree.online\/wp-content\/uploads\/2024\/07\/WX20240725-170230%402x.jpg?resize=768%2C568&amp;ssl=1 768w, https:\/\/i0.wp.com\/aiartfree.online\/wp-content\/uploads\/2024\/07\/WX20240725-170230%402x.jpg?resize=16%2C12&amp;ssl=1 16w, https:\/\/i0.wp.com\/aiartfree.online\/wp-content\/uploads\/2024\/07\/WX20240725-170230%402x.jpg?resize=600%2C444&amp;ssl=1 600w, https:\/\/i0.wp.com\/aiartfree.online\/wp-content\/uploads\/2024\/07\/WX20240725-170230%402x.jpg?w=1162&amp;ssl=1 1162w\" sizes=\"auto, (max-width: 1024px) 100vw, 1024px\" \/><\/figure>\n\n\n\n<h3 class=\"wp-block-heading\" id=\"how-to-use-prompts-drawing-prompts-gallery\">S\u00e5dan bruger du Prompts Drawing Prompts Gallery<\/h3>\n\n\n\n<ol class=\"wp-block-list\">\n<li class=\"\">Klik p\u00e5 ikonet \u00f8verst til h\u00f8jre i billedet for at duplikere beskeden<\/li>\n\n\n\n<li class=\"\">Rul ned eller <a href=\"#maodian\" data-type=\"internal\" data-id=\"#maodian\">klik her<\/a> for at inds\u00e6tte din revolutionerede prompt til generationen<\/li>\n<\/ol>\n\n\n\n<div style=\"text-align: center; border: 2px solid; border-image-source: linear-gradient(to right, #16b86c, #912899); border-image-slice: 1; box-shadow: 0 0 10px rgba(0, 0, 0, 0.1); border-radius: 15px; position: relative;\">\n  <div id=\"loading\" style=\"position: absolute; top: 100px; left: 50%; transform: translate(-50%, -50%); z-index: 1000;\">\n    <div style=\"width: 50px; height: 50px; border: 5px solid #f3f3f3; border-top: 5px solid #16b86c; border-radius: 50%; animation: spin 1s linear infinite;\"><\/div>\n  <\/div>\n  <iframe loading=\"lazy\"\n    src=\"https:\/\/prithivmlmods-top-prompt-collection.static.hf.space\"\n    frameborder=\"0\"\n    width=\"100%\"\n    height=\"2600\"\n    style=\"display: inline-block; margin: 0 auto;\"\n    onload=\"document.getElementById('loading').style.display='none';\"\n  ><\/iframe>\n<\/div>\n\n<style>\n  @keyframes spin {\n    0% { transform: rotate(0deg); }\n    100% { transform: rotate(360deg); }\n  }\n<\/style>\n\n\n\n<div style=\"height:50px\" aria-hidden=\"true\" class=\"wp-block-spacer\"><\/div>\n\n\n\n<h2 class=\"wp-block-heading has-text-align-center\" id=\"free-stable-diffusion-3\">GRATIS stabil diffusion 3<\/h2>\n\n\n\n<h3 class=\"wp-block-heading\" id=\"how-to-use-it\">S\u00e5dan bruger du den<\/h3>\n\n\n\n<ol class=\"wp-block-list\">\n<li class=\"\">Indtast dine instruktioner<\/li>\n\n\n\n<li class=\"\">Klik p\u00e5 \"K\u00f8r\"<\/li>\n\n\n\n<li class=\"\">Vent, det er det!<\/li>\n\n\n\n<li class=\"\">Er du ikke tilfreds med resultatet? <br><a href=\"https:\/\/aiartfree.online\/da\/\" target=\"_blank\" rel=\"noreferrer noopener\">Klik for at se flere gratis online AI-kunstgeneratorer<\/a><\/li>\n<\/ol>\n\n\n\n<p class=\"\"><em>* Afh\u00e6ngigt af din internethastighed kan det tage et par sekunder at indl\u00e6se modellen.<br>* Der vil v\u00e6re caching under kontinuerlig generering, og det nye billede vil blive vist efter ca. 3 sekunder.<\/em><\/p>\n\n\n\n<div style=\"text-align: center; border: 2px solid; border-image-source: linear-gradient(to right, #16b86c, #912899); border-image-slice: 1; box-shadow: 0 0 10px rgba(0, 0, 0, 0.1); border-radius: 20px;\">\n  <iframe loading=\"lazy\"\n    src=\"https:\/\/prodia-fast-stable-diffusion.hf.space\"\n    frameborder=\"0\"\n    width=\"1100\"\n    height=\"1260\"\n    style=\"display: inline-block; margin: 0 auto;\"\n  ><\/iframe>\n<\/div>\n\n\n\n<div style=\"height:80px\" aria-hidden=\"true\" class=\"wp-block-spacer\"><\/div>\n\n\n\n<h2 class=\"wp-block-heading has-text-align-center\" id=\"more-free-ai-image-generator\">Mere om det <a href=\"https:\/\/aiartfree.online\/da\/gratis-ai-billedgenerator\/\" data-type=\"link\" data-id=\"https:\/\/aiartfree.online\/free-ai-image-generator\/\">Gratis AI-billedgenerator<\/a><\/h2>\n\n\n<div class=\"gb-grid-wrapper gb-grid-wrapper-060dec2f\">\n<div class=\"gb-grid-column gb-grid-column-04dcb2bb\"><div class=\"gb-container gb-container-04dcb2bb\">\n\n<figure class=\"gb-block-image gb-block-image-2373db5f\"><a href=\"https:\/\/aiartfree.online\/da\/gratis-online-midjourney\/\" target=\"_blank\" rel=\"noopener noreferrer\"><img data-recalc-dims=\"1\" decoding=\"async\" loading=\"lazy\" width=\"1024\" height=\"768\" class=\"gb-image gb-image-2373db5f\" src=\"https:\/\/i0.wp.com\/aiartfree.online\/wp-content\/uploads\/2024\/07\/What-Is-Midjourney-AI-and-How-Does-It-Work-1.jpg?resize=1024%2C768&#038;ssl=1\" alt=\"Gratis online midtvejsrejse\" title=\"Hvad er midtvejs-AI og hvordan fungerer det-1\" srcset=\"https:\/\/i0.wp.com\/aiartfree.online\/wp-content\/uploads\/2024\/07\/What-Is-Midjourney-AI-and-How-Does-It-Work-1.jpg?w=1024&amp;ssl=1 1024w, https:\/\/i0.wp.com\/aiartfree.online\/wp-content\/uploads\/2024\/07\/What-Is-Midjourney-AI-and-How-Does-It-Work-1.jpg?resize=600%2C450&amp;ssl=1 600w, https:\/\/i0.wp.com\/aiartfree.online\/wp-content\/uploads\/2024\/07\/What-Is-Midjourney-AI-and-How-Does-It-Work-1.jpg?resize=300%2C225&amp;ssl=1 300w, https:\/\/i0.wp.com\/aiartfree.online\/wp-content\/uploads\/2024\/07\/What-Is-Midjourney-AI-and-How-Does-It-Work-1.jpg?resize=768%2C576&amp;ssl=1 768w, https:\/\/i0.wp.com\/aiartfree.online\/wp-content\/uploads\/2024\/07\/What-Is-Midjourney-AI-and-How-Does-It-Work-1.jpg?resize=16%2C12&amp;ssl=1 16w\" sizes=\"auto, (max-width: 1024px) 100vw, 1024px\" \/><\/a><\/figure>\n\n\n\n<h3 class=\"gb-headline gb-headline-b94667ce gb-headline-text\">Gratis online midtvejsrejse<\/h3>\n\n\n\n<p class=\"gb-headline gb-headline-a433ec01 gb-headline-text\">Skab fantastiske AI-genererede kunstv\u00e6rker uden besv\u00e6r med Midjourney.<\/p>\n\n<\/div><\/div>\n\n<div class=\"gb-grid-column gb-grid-column-d389befc\"><div class=\"gb-container gb-container-d389befc\">\n\n<figure class=\"gb-block-image gb-block-image-e89bda53\"><a href=\"https:\/\/aiartfree.online\/da\/gratis-online-stabil-diffusion-3\/\" target=\"_blank\" rel=\"noopener noreferrer\"><img data-recalc-dims=\"1\" decoding=\"async\" loading=\"lazy\" width=\"1200\" height=\"686\" class=\"gb-image gb-image-e89bda53\" src=\"https:\/\/i0.wp.com\/aiartfree.online\/wp-content\/uploads\/2024\/07\/image-90.jpg?resize=1200%2C686&#038;ssl=1\" alt=\"Gratis online stabil diffusion 3\" title=\"billede-90\" srcset=\"https:\/\/i0.wp.com\/aiartfree.online\/wp-content\/uploads\/2024\/07\/image-90.jpg?w=1344&amp;ssl=1 1344w, https:\/\/i0.wp.com\/aiartfree.online\/wp-content\/uploads\/2024\/07\/image-90.jpg?resize=600%2C343&amp;ssl=1 600w, https:\/\/i0.wp.com\/aiartfree.online\/wp-content\/uploads\/2024\/07\/image-90.jpg?resize=300%2C171&amp;ssl=1 300w, https:\/\/i0.wp.com\/aiartfree.online\/wp-content\/uploads\/2024\/07\/image-90.jpg?resize=1024%2C585&amp;ssl=1 1024w, https:\/\/i0.wp.com\/aiartfree.online\/wp-content\/uploads\/2024\/07\/image-90.jpg?resize=768%2C439&amp;ssl=1 768w, https:\/\/i0.wp.com\/aiartfree.online\/wp-content\/uploads\/2024\/07\/image-90.jpg?resize=18%2C10&amp;ssl=1 18w\" sizes=\"auto, (max-width: 1200px) 100vw, 1200px\" \/><\/a><\/figure>\n\n\n\n<h3 class=\"gb-headline gb-headline-adce07b4 gb-headline-text\">Stabil diffusion 3<\/h3>\n\n\n\n<p class=\"gb-headline gb-headline-499da18c gb-headline-text\">Brug Stable Diffusion 3 til at skabe billeder med state-of-the-art AI-algoritmer.<\/p>\n\n<\/div><\/div>\n\n<div class=\"gb-grid-column gb-grid-column-5c592b98\"><div class=\"gb-container gb-container-5c592b98\">\n\n<figure class=\".wp-block-image {  position: relative; overflow: hidden; } img max-width: 100%; transition: transform 0.3s; .wp-block-image:hover transform: scale(1.2); gb-block-image gb-block-image-357d3677\"><a href=\"https:\/\/aiartfree.online\/da\/fri-dalle-3\/\" target=\"_blank\" rel=\"noopener noreferrer\"><img data-recalc-dims=\"1\" decoding=\"async\" loading=\"lazy\" width=\"1200\" height=\"1200\" class=\"gb-image gb-image-357d3677 .wp-block-image {     position: relative;     overflow: hidden; } .wp-block-image img {     max-width: 100%;     transition: transform 0.3s; } .wp-block-image:hover img {     transform: scale(1.2); }\" src=\"https:\/\/i0.wp.com\/aiartfree.online\/wp-content\/uploads\/2024\/07\/avocado-square-1-1-1-1-1-1-1-1-1-1-1-1-1.jpg?resize=1200%2C1200&#038;ssl=1\" alt=\"Gratis online DALL-E 3\" title=\"avocado-square (1) (1) (1) (1) (1) (1) (1) (1) (1) (1) (1) (1) (1)\" srcset=\"https:\/\/i0.wp.com\/aiartfree.online\/wp-content\/uploads\/2024\/07\/avocado-square-1-1-1-1-1-1-1-1-1-1-1-1-1.jpg?w=1792&amp;ssl=1 1792w, https:\/\/i0.wp.com\/aiartfree.online\/wp-content\/uploads\/2024\/07\/avocado-square-1-1-1-1-1-1-1-1-1-1-1-1-1.jpg?resize=300%2C300&amp;ssl=1 300w, https:\/\/i0.wp.com\/aiartfree.online\/wp-content\/uploads\/2024\/07\/avocado-square-1-1-1-1-1-1-1-1-1-1-1-1-1.jpg?resize=100%2C100&amp;ssl=1 100w, https:\/\/i0.wp.com\/aiartfree.online\/wp-content\/uploads\/2024\/07\/avocado-square-1-1-1-1-1-1-1-1-1-1-1-1-1.jpg?resize=600%2C600&amp;ssl=1 600w, https:\/\/i0.wp.com\/aiartfree.online\/wp-content\/uploads\/2024\/07\/avocado-square-1-1-1-1-1-1-1-1-1-1-1-1-1.jpg?resize=1024%2C1024&amp;ssl=1 1024w, https:\/\/i0.wp.com\/aiartfree.online\/wp-content\/uploads\/2024\/07\/avocado-square-1-1-1-1-1-1-1-1-1-1-1-1-1.jpg?resize=150%2C150&amp;ssl=1 150w, https:\/\/i0.wp.com\/aiartfree.online\/wp-content\/uploads\/2024\/07\/avocado-square-1-1-1-1-1-1-1-1-1-1-1-1-1.jpg?resize=768%2C768&amp;ssl=1 768w, https:\/\/i0.wp.com\/aiartfree.online\/wp-content\/uploads\/2024\/07\/avocado-square-1-1-1-1-1-1-1-1-1-1-1-1-1.jpg?resize=1536%2C1536&amp;ssl=1 1536w, https:\/\/i0.wp.com\/aiartfree.online\/wp-content\/uploads\/2024\/07\/avocado-square-1-1-1-1-1-1-1-1-1-1-1-1-1.jpg?resize=12%2C12&amp;ssl=1 12w\" sizes=\"auto, (max-width: 1200px) 100vw, 1200px\" \/><\/a><\/figure>\n\n\n\n<h3 class=\"gb-headline gb-headline-757b1ea4 gb-headline-text\">DALL-E 3<\/h3>\n\n\n\n<p class=\"gb-headline gb-headline-fe2eab63 gb-headline-text\">Udforsk de kreative muligheder med gratis online DALL-E 3.<\/p>\n\n<\/div><\/div>\n\n<div class=\"gb-grid-column gb-grid-column-f814b0e2\"><div class=\"gb-container gb-container-f814b0e2\">\n\n<figure class=\".wp-block-image {  position: relative; overflow: hidden; } img max-width: 100%; transition: transform 0.3s; .wp-block-image:hover transform: scale(1.2); gb-block-image gb-block-image-c52efc8e\"><a href=\"https:\/\/aiartfree.online\/da\/bing-ai-billedgenerator\/\" target=\"_blank\" rel=\"noopener noreferrer\"><img data-recalc-dims=\"1\" decoding=\"async\" loading=\"lazy\" width=\"1024\" height=\"1024\" class=\"gb-image gb-image-c52efc8e .wp-block-image {     position: relative;     overflow: hidden; } .wp-block-image img {     max-width: 100%;     transition: transform 0.3s; } .wp-block-image:hover img {     transform: scale(1.2); }\" src=\"https:\/\/i0.wp.com\/aiartfree.online\/wp-content\/uploads\/2024\/07\/b9cb406d-bffd-446e-9f65-c20776dc6cda.jpg?resize=1024%2C1024&#038;ssl=1\" alt=\"\" title=\"b9cb406d-bffd-446e-9f65-c20776dc6cda\" srcset=\"https:\/\/i0.wp.com\/aiartfree.online\/wp-content\/uploads\/2024\/07\/b9cb406d-bffd-446e-9f65-c20776dc6cda.jpg?w=1024&amp;ssl=1 1024w, https:\/\/i0.wp.com\/aiartfree.online\/wp-content\/uploads\/2024\/07\/b9cb406d-bffd-446e-9f65-c20776dc6cda.jpg?resize=300%2C300&amp;ssl=1 300w, https:\/\/i0.wp.com\/aiartfree.online\/wp-content\/uploads\/2024\/07\/b9cb406d-bffd-446e-9f65-c20776dc6cda.jpg?resize=150%2C150&amp;ssl=1 150w, https:\/\/i0.wp.com\/aiartfree.online\/wp-content\/uploads\/2024\/07\/b9cb406d-bffd-446e-9f65-c20776dc6cda.jpg?resize=768%2C768&amp;ssl=1 768w, https:\/\/i0.wp.com\/aiartfree.online\/wp-content\/uploads\/2024\/07\/b9cb406d-bffd-446e-9f65-c20776dc6cda.jpg?resize=12%2C12&amp;ssl=1 12w, https:\/\/i0.wp.com\/aiartfree.online\/wp-content\/uploads\/2024\/07\/b9cb406d-bffd-446e-9f65-c20776dc6cda.jpg?resize=600%2C600&amp;ssl=1 600w, https:\/\/i0.wp.com\/aiartfree.online\/wp-content\/uploads\/2024\/07\/b9cb406d-bffd-446e-9f65-c20776dc6cda.jpg?resize=100%2C100&amp;ssl=1 100w\" sizes=\"auto, (max-width: 1024px) 100vw, 1024px\" \/><\/a><\/figure>\n\n\n\n<h3 class=\"gb-headline gb-headline-44aa6af8 gb-headline-text\">Bing AI-billedgenerator<\/h3>\n\n\n\n<p class=\"gb-headline gb-headline-27d06265 gb-headline-text\">Brug Bing AI Image Generator til at skabe fantastiske AI-genererede billeder med en simpel tekstprompt.<\/p>\n\n<\/div><\/div>\n<\/div>\n\n\n<div style=\"height:80px\" aria-hidden=\"true\" class=\"wp-block-spacer\"><\/div>\n\n\n\n<h2 class=\"wp-block-heading\" id=\"drawing-prompts-unleash-your-creativity-with-the-ultimate-free-tool\">Tegneanvisninger: Slip din kreativitet l\u00f8s med det ultimative gratis v\u00e6rkt\u00f8j<\/h2>\n\n\n\n<div class=\"wp-block-rank-math-toc-block\" id=\"rank-math-toc\"><h3>Indholdsfortegnelse<\/h3><nav><ul><li><a href=\"#what-are-drawing-prompts\">Hvad er tegneprompts?<\/a><\/li><li><a href=\"#why-use-drawing-prompts\">Hvorfor bruge tegneprompts?<\/a><\/li><li><a href=\"#key-features-of-drawing-prompt-generators\">N\u00f8glefunktioner i generatorer af tegneprompter<\/a><\/li><li><a href=\"#random-prompt-generation\">Generering af tilf\u00e6ldige opfordringer<\/a><\/li><li><a href=\"#customization-options\">Tilpasningsmuligheder<\/a><\/li><li><a href=\"#daily-challenges\">Daglige udfordringer<\/a><\/li><li><a href=\"#community-sharing\">Deling i f\u00e6llesskabet<\/a><\/li><li><a href=\"#who-can-benefit-from-drawing-prompts\">Hvem kan have gavn af tegneprompts?<\/a><\/li><li><a href=\"#industries-using-drawing-prompts\">Industrier, der bruger tegneprompts<\/a><\/li><li><a href=\"#how-to-use-drawing-prompts\">S\u00e5dan bruger du tegneprompts<\/a><\/li><li><a href=\"#drawing-prompt-use-cases\">Eksempler p\u00e5 brug af tegneprompt<\/a><ul><li><a href=\"#art-education\">Kunstuddannelse<\/a><\/li><li><a href=\"#personal-growth\">Personlig v\u00e6kst<\/a><\/li><li><a href=\"#social-media-challenges\">Udfordringer p\u00e5 sociale medier<\/a><\/li><li><a href=\"#team-building\">Teambuilding<\/a><\/li><\/ul><\/li><li><a href=\"#drawing-prompt-industry-pros-cons-and-challenges\">Industrien for tegningsforslag: Fordele, ulemper og udfordringer<\/a><ul><li><a href=\"#pros\">Fordele<\/a><\/li><li><a href=\"#cons\">Ulemper<\/a><\/li><li><a href=\"#challenges\">Udfordringer<\/a><\/li><li><a href=\"#recommendations\">Anbefalinger<\/a><\/li><\/ul><\/li><li><a href=\"#faq-about-drawing-prompts\">Ofte stillede sp\u00f8rgsm\u00e5l om tegningsforslag<\/a><\/li><li><a href=\"#conclusion\">Konklusion<\/a><\/li><\/ul><\/nav><\/div>\n\n\n\n<h3 class=\"wp-block-heading\" id=\"what-are-drawing-prompts\">Hvad er tegneprompts?<\/h3>\n\n\n\n<p class=\"\">Tegneanvisninger er kreative forslag eller ideer, der inspirerer kunstnere til at skabe nye kunstv\u00e6rker. En tegnepromptgenerator er et v\u00e6rkt\u00f8j, der giver tilf\u00e6ldige tegneprompter til at s\u00e6tte gang i kreativiteten og hj\u00e6lpe kunstnere med at overvinde kreative blokeringer.<\/p>\n\n\n\n<h3 class=\"wp-block-heading\" id=\"why-use-drawing-prompts\">Hvorfor bruge tegneprompts?<\/h3>\n\n\n\n<p class=\"\">Der er flere fordele ved at bruge tegneprompter:<\/p>\n\n\n\n<ul class=\"wp-block-list\">\n<li class=\"\">S\u00e6t gang i kreativiteten og overvind kunstnerens blokering<\/li>\n\n\n\n<li class=\"\">Udvid din kunstneriske komfortzone<\/li>\n\n\n\n<li class=\"\">\u00d8v dig i at tegne dagligt med nye ideer<\/li>\n\n\n\n<li class=\"\">Udforsk nye temaer og emner<\/li>\n\n\n\n<li class=\"\">Forbedre kunstneriske f\u00e6rdigheder gennem varierede udfordringer<\/li>\n<\/ul>\n\n\n\n<h3 class=\"wp-block-heading\" id=\"key-features-of-drawing-prompt-generators\">N\u00f8glefunktioner i generatorer af tegneprompter<\/h3>\n\n\n\n<h3 class=\"wp-block-heading\" id=\"random-prompt-generation\">Generering af tilf\u00e6ldige opfordringer<\/h3>\n\n\n\n<p class=\"\">Tegnepromptgeneratorer giver ubegr\u00e6nsede, tilf\u00e6ldige kunstideer med et klik p\u00e5 en knap.<\/p>\n\n\n\n<h3 class=\"wp-block-heading\" id=\"customization-options\">Tilpasningsmuligheder<\/h3>\n\n\n\n<p class=\"\">Mange generatorer giver brugerne mulighed for at specificere temaer, stilarter eller kompleksitetsniveauer.<\/p>\n\n\n\n<h3 class=\"wp-block-heading\" id=\"daily-challenges\">Daglige udfordringer<\/h3>\n\n\n\n<p class=\"\">Nogle v\u00e6rkt\u00f8jer tilbyder daglige tegneanvisninger for at opmuntre til konsekvent praksis.<\/p>\n\n\n\n<h3 class=\"wp-block-heading\" id=\"community-sharing\">Deling i f\u00e6llesskabet<\/h3>\n\n\n\n<p class=\"\">Visse platforme giver brugerne mulighed for at dele deres kreationer ud fra opfordringerne.<\/p>\n\n\n\n<h3 class=\"wp-block-heading\" id=\"who-can-benefit-from-drawing-prompts\">Hvem kan have gavn af tegneprompts?<\/h3>\n\n\n\n<p class=\"\">Tegneanvisninger er velegnede til:<\/p>\n\n\n\n<ul class=\"wp-block-list\">\n<li class=\"\">Begynderkunstnere, der \u00f8nsker at forbedre deres f\u00e6rdigheder<\/li>\n\n\n\n<li class=\"\">Professionelle illustratorer s\u00f8ger inspiration<\/li>\n\n\n\n<li class=\"\">Kunststuderende \u00f8ver sig p\u00e5 teknikker<\/li>\n\n\n\n<li class=\"\">Hobbyister udforsker nye kunstneriske stilarter<\/li>\n\n\n\n<li class=\"\">Alle, der er interesserede i at udvikle kreativitet<\/li>\n<\/ul>\n\n\n\n<h3 class=\"wp-block-heading\" id=\"industries-using-drawing-prompts\">Industrier, der bruger tegneprompts<\/h3>\n\n\n\n<p class=\"\">Tegneprompter finder anvendelse i forskellige brancher:<\/p>\n\n\n\n<ul class=\"wp-block-list\">\n<li class=\"\">Grafisk design<\/li>\n\n\n\n<li class=\"\">Animation og spiludvikling<\/li>\n\n\n\n<li class=\"\">Reklame og markedsf\u00f8ring<\/li>\n\n\n\n<li class=\"\">Uddannelse og kunstterapi<\/li>\n\n\n\n<li class=\"\">Oprettelse af indhold til sociale medier<\/li>\n<\/ul>\n\n\n\n<h3 class=\"wp-block-heading\" id=\"how-to-use-drawing-prompts\">S\u00e5dan bruger du tegneprompts<\/h3>\n\n\n\n<ol class=\"wp-block-list\">\n<li class=\"\">V\u00e6lg en generator til tegningsprompter<\/li>\n\n\n\n<li class=\"\">Generer en tilf\u00e6ldig prompt<\/li>\n\n\n\n<li class=\"\">S\u00e6t en tidsgr\u00e6nse for din tegnesession<\/li>\n\n\n\n<li class=\"\">Fortolk opfordringen kreativt<\/li>\n\n\n\n<li class=\"\">Skab dit kunstv\u00e6rk ud fra opfordringen<\/li>\n\n\n\n<li class=\"\">Reflekter over processen og resultatet<\/li>\n\n\n\n<li class=\"\">Del din kreation, hvis du \u00f8nsker det<\/li>\n<\/ol>\n\n\n\n<h3 class=\"wp-block-heading\" id=\"drawing-prompt-use-cases\">Eksempler p\u00e5 brug af tegneprompt<\/h3>\n\n\n\n<h4 class=\"wp-block-heading\" id=\"art-education\">Kunstuddannelse<\/h4>\n\n\n\n<p class=\"\">L\u00e6rerne bruger prompts til at udfordre eleverne og udvikle deres f\u00e6rdigheder. Hvis du har sp\u00f8rgsm\u00e5l, kan du stille dem her <a href=\"https:\/\/chatgpt4o.space\/\" data-type=\"link\" data-id=\"https:\/\/chatgpt4o.space\/\" target=\"_blank\" rel=\"noreferrer noopener\">gratis online chat GPT 4o<\/a>.<\/p>\n\n\n\n<h4 class=\"wp-block-heading\" id=\"personal-growth\">Personlig v\u00e6kst<\/h4>\n\n\n\n<p class=\"\">Kunstnere bruger prompts til at flytte gr\u00e6nser og udforske nye stilarter.<\/p>\n\n\n\n<h4 class=\"wp-block-heading\" id=\"social-media-challenges\">Udfordringer p\u00e5 sociale medier<\/h4>\n\n\n\n<p class=\"\">Prompts inspirerer til virale tegneudfordringer p\u00e5 platforme som Instagram.<\/p>\n\n\n\n<h4 class=\"wp-block-heading\" id=\"team-building\">Teambuilding<\/h4>\n\n\n\n<p class=\"\">Virksomheder bruger kunst til kreative teambuilding-\u00f8velser.<\/p>\n\n\n\n<h3 class=\"wp-block-heading\" id=\"drawing-prompt-industry-pros-cons-and-challenges\">Industrien for tegningsforslag: Fordele, ulemper og udfordringer<\/h3>\n\n\n\n<h4 class=\"wp-block-heading\" id=\"pros\">Fordele<\/h4>\n\n\n\n<ul class=\"wp-block-list\">\n<li class=\"\">Opmuntrer til kreativitet og kunstnerisk v\u00e6kst<\/li>\n\n\n\n<li class=\"\">Tilg\u00e6ngelig for kunstnere p\u00e5 alle niveauer<\/li>\n\n\n\n<li class=\"\">Fremmer online kunstf\u00e6llesskaber<\/li>\n<\/ul>\n\n\n\n<h4 class=\"wp-block-heading\" id=\"cons\">Ulemper<\/h4>\n\n\n\n<ul class=\"wp-block-list\">\n<li class=\"\">Det kan f\u00f8re til afh\u00e6ngighed af ekstern inspiration<\/li>\n\n\n\n<li class=\"\">Kan begr\u00e6nse den originale tanke, hvis den bruges for meget<\/li>\n<\/ul>\n\n\n\n<h4 class=\"wp-block-heading\" id=\"challenges\">Udfordringer<\/h4>\n\n\n\n<ul class=\"wp-block-list\">\n<li class=\"\">Afbalancering af hurtig specificitet og \u00e5benhed<\/li>\n\n\n\n<li class=\"\">Opretholdelse af hurtig kvalitet og relevans<\/li>\n\n\n\n<li class=\"\">Tilpasning til nye kunstneriske tendenser<\/li>\n<\/ul>\n\n\n\n<h4 class=\"wp-block-heading\" id=\"recommendations\">Anbefalinger<\/h4>\n\n\n\n<ul class=\"wp-block-list\">\n<li class=\"\">Integrer AI for mere personlige beskeder<\/li>\n\n\n\n<li class=\"\">Udvikl kompatibilitet p\u00e5 tv\u00e6rs af platforme<\/li>\n\n\n\n<li class=\"\">Implementer gamification-elementer for at \u00f8ge engagementet<\/li>\n<\/ul>\n\n\n\n<h3 class=\"wp-block-heading\" id=\"faq-about-drawing-prompts\">Ofte stillede sp\u00f8rgsm\u00e5l om tegningsforslag<\/h3>\n\n\n\n<ol class=\"wp-block-list\">\n<li class=\"\">Q: Hvad er en tegnepromptgenerator? A: En tegnepromptgenerator er et v\u00e6rkt\u00f8j, der giver tilf\u00e6ldige ideer eller forslag til at inspirere kunstnere og s\u00e6tte gang i kreativiteten til nye tegninger eller kunstv\u00e6rker.<\/li>\n\n\n\n<li class=\"\">Q: Hvordan kan tegneprompter hj\u00e6lpe med at forbedre mine kunstneriske f\u00e6rdigheder? A: Tegneprompter udfordrer dig til at tegne motiver uden for din komfortzone, hvilket hj\u00e6lper dig med at \u00f8ve forskellige teknikker og udvide dine kunstneriske evner.<\/li>\n\n\n\n<li class=\"\">Q: Findes der gratis generatorer af tegneprompter? A: Ja, der er flere gratis generatorer af tegneprompter med <a href=\"https:\/\/aiartfree.online\/da\/hurtigt-galleri\/\">https:\/\/aiartfree.online\/drawing-prompts\/<\/a> er et godt valg, der tilbyder 100% gratis, ubegr\u00e6nsede prompter uden krav om tilmelding.<\/li>\n\n\n\n<li class=\"\">Q: Kan jeg bruge tegneanvisninger til daglig praksis? A: Helt sikkert! Mange kunstnere bruger tegneanvisninger til daglige tegneudfordringer for at bevare ensartetheden og forbedre deres f\u00e6rdigheder over tid.<\/li>\n\n\n\n<li class=\"\">Q: Hvordan fortolker jeg en opfordring til at tegne? A: Fortolk opfordringerne kreativt - der er ingen rigtig eller forkert m\u00e5de. Brug dem som udgangspunkt, og lad din fantasi styre dit kunstv\u00e6rk.<\/li>\n\n\n\n<li class=\"\">Q: Er tegneprompter velegnede til begyndere? A: Ja, tegneprompter er fremragende til begyndere, da de giver struktur og inspiration, samtidig med at de giver mulighed for at udvikle f\u00e6rdigheder.<\/li>\n\n\n\n<li class=\"\">Q: Kan tegneprompter hj\u00e6lpe med kunstnerens blokering? A: Helt sikkert! Tegneanvisninger er designet til at s\u00e6tte gang i kreativiteten og give nye ideer, n\u00e5r du f\u00f8ler dig fastl\u00e5st eller uinspireret.<\/li>\n\n\n\n<li class=\"\">Q: Hvor ofte skal jeg bruge tegneprompter? A: Hyppigheden afh\u00e6nger af dine m\u00e5l. Nogle kunstnere bruger dem dagligt, mens andre bruger dem lejlighedsvis til at \u00f8ve sig, eller n\u00e5r de har brug for inspiration.<\/li>\n\n\n\n<li class=\"\">Q: Kan jeg dele kunstv\u00e6rker, der er skabt ud fra tegneprompter, online? A: Ja, mange kunstnere deler deres prompteinspirerede kreationer p\u00e5 sociale medier eller i kunstf\u00e6llesskaber, ofte ved hj\u00e6lp af hashtags for at komme i kontakt med andre, der bruger de samme prompter.<\/li>\n\n\n\n<li class=\"\">Q: Findes der tegneanvisninger, der er specifikke for bestemte genrer eller stilarter? A: Ja, mange generatorer tilbyder tematiske opgaver til bestemte genrer som fantasy, sci-fi eller giver dig mulighed for at fokusere p\u00e5 bestemte elementer som figurer eller landskaber.<\/li>\n<\/ol>\n\n\n\n<h3 class=\"wp-block-heading\" id=\"conclusion\">Konklusion<\/h3>\n\n\n\n<p class=\"\">Tegneprompter er et uvurderligt v\u00e6rkt\u00f8j for kunstnere p\u00e5 alle niveauer, da de er en kilde til inspiration og giver mulighed for at udvikle f\u00e6rdigheder. De skubber til de kreative gr\u00e6nser, opmuntrer til daglig praksis og hj\u00e6lper kunstnere med at udforske nye temaer og teknikker. Med gratis, ubegr\u00e6nsede muligheder som <a href=\"https:\/\/aiartfree.online\/da\/hurtigt-galleri\/\">https:\/\/aiartfree.online\/drawing-prompts\/<\/a>Der er ingen grund til ikke at inddrage tegneprompter i din kunstneriske rejse. Begynd at bruge tegneprompter i dag, og se din kreativitet stige til vejrs!<\/p>","protected":false},"excerpt":{"rendered":"<p>Drawing Prompt Gallery er en guldgrube af inspiration og kreativitet med AI-genererede forslag, der s\u00e6tter gang i fantasien og \u00f8ger produktiviteten. Begynd at udforske de uendelige muligheder i dag! Hvad vores brugere har lavet S\u00e5dan bruger du Prompts Drawing Prompts Gallery FREE Stable Diffusion 3 S\u00e5dan bruger du det * Afh\u00e6ngigt af din internethastighed kan indl\u00e6sning af modellen tage ... <a title=\"Opl\u00e6g til tegning\" class=\"read-more\" href=\"https:\/\/aiartfree.online\/da\/hurtigt-galleri\/\" aria-label=\"Read more about Drawing Prompts\">L\u00e6s mere <\/a><\/p>","protected":false},"author":1,"featured_media":3258,"parent":0,"menu_order":0,"comment_status":"open","ping_status":"closed","template":"","meta":{"nf_dc_page":"","footnotes":""},"class_list":["post-3252","page","type-page","status-publish","has-post-thumbnail"],"jetpack_sharing_enabled":true,"_links":{"self":[{"href":"https:\/\/aiartfree.online\/da\/wp-json\/wp\/v2\/pages\/3252","targetHints":{"allow":["GET"]}}],"collection":[{"href":"https:\/\/aiartfree.online\/da\/wp-json\/wp\/v2\/pages"}],"about":[{"href":"https:\/\/aiartfree.online\/da\/wp-json\/wp\/v2\/types\/page"}],"author":[{"embeddable":true,"href":"https:\/\/aiartfree.online\/da\/wp-json\/wp\/v2\/users\/1"}],"replies":[{"embeddable":true,"href":"https:\/\/aiartfree.online\/da\/wp-json\/wp\/v2\/comments?post=3252"}],"version-history":[{"count":0,"href":"https:\/\/aiartfree.online\/da\/wp-json\/wp\/v2\/pages\/3252\/revisions"}],"wp:featuredmedia":[{"embeddable":true,"href":"https:\/\/aiartfree.online\/da\/wp-json\/wp\/v2\/media\/3258"}],"wp:attachment":[{"href":"https:\/\/aiartfree.online\/da\/wp-json\/wp\/v2\/media?parent=3252"}],"curies":[{"name":"wp","href":"https:\/\/api.w.org\/{rel}","templated":true}]}}