{"id":3164,"date":"2024-07-24T07:24:20","date_gmt":"2024-07-24T07:24:20","guid":{"rendered":"https:\/\/aiartfree.online\/?page_id=3164"},"modified":"2024-08-02T11:02:53","modified_gmt":"2024-08-02T11:02:53","slug":"prompt-generator","status":"publish","type":"page","link":"https:\/\/aiartfree.online\/da\/prompt-generator\/","title":{"rendered":"Prompt-generator"},"content":{"rendered":"<h2 class=\"wp-block-heading has-text-align-center\" id=\"before-prompt-generator-vs-after\">F\u00f8r Prompt-generator vs. efter<\/h2>\n\n\n<div class=\"gb-grid-wrapper gb-grid-wrapper-274aea64\">\n<div class=\"gb-grid-column gb-grid-column-799665f9\"><div class=\"gb-container gb-container-799665f9\">\n\n<figure class=\"gb-block-image gb-block-image-858fbc7e\"><img data-recalc-dims=\"1\" decoding=\"async\" loading=\"lazy\" width=\"1024\" height=\"1024\" class=\"gb-image gb-image-858fbc7e\" src=\"https:\/\/i0.wp.com\/aiartfree.online\/wp-content\/uploads\/2024\/07\/image-25.jpg?resize=1024%2C1024&#038;ssl=1\" alt=\"P\u00e5 den ubesvarede metronoms kirkeg\u00e5rd\" title=\"billede (25)\" srcset=\"https:\/\/i0.wp.com\/aiartfree.online\/wp-content\/uploads\/2024\/07\/image-25.jpg?w=1024&amp;ssl=1 1024w, https:\/\/i0.wp.com\/aiartfree.online\/wp-content\/uploads\/2024\/07\/image-25.jpg?resize=300%2C300&amp;ssl=1 300w, https:\/\/i0.wp.com\/aiartfree.online\/wp-content\/uploads\/2024\/07\/image-25.jpg?resize=150%2C150&amp;ssl=1 150w, https:\/\/i0.wp.com\/aiartfree.online\/wp-content\/uploads\/2024\/07\/image-25.jpg?resize=768%2C768&amp;ssl=1 768w, https:\/\/i0.wp.com\/aiartfree.online\/wp-content\/uploads\/2024\/07\/image-25.jpg?resize=12%2C12&amp;ssl=1 12w, https:\/\/i0.wp.com\/aiartfree.online\/wp-content\/uploads\/2024\/07\/image-25.jpg?resize=600%2C600&amp;ssl=1 600w, https:\/\/i0.wp.com\/aiartfree.online\/wp-content\/uploads\/2024\/07\/image-25.jpg?resize=100%2C100&amp;ssl=1 100w\" sizes=\"auto, (max-width: 1024px) 100vw, 1024px\" \/><\/figure>\n\n\n\n<h4 class=\"gb-headline gb-headline-7f59b675 gb-headline-text\">Prompts f\u00f8r<\/h4>\n\n\n\n<p class=\"gb-headline gb-headline-ec66d865 gb-headline-text\">P\u00e5 den ubesvarede metronoms kirkeg\u00e5rd<\/p>\n\n<\/div><\/div>\n\n<div class=\"gb-grid-column gb-grid-column-b4f9a19c\"><div class=\"gb-container gb-container-b4f9a19c\">\n\n<figure class=\"gb-block-image gb-block-image-c763d41e\"><img data-recalc-dims=\"1\" decoding=\"async\" loading=\"lazy\" width=\"1024\" height=\"1024\" class=\"gb-image gb-image-c763d41e\" src=\"https:\/\/i0.wp.com\/aiartfree.online\/wp-content\/uploads\/2024\/07\/image-26-jpg.webp?resize=1024%2C1024&#038;ssl=1\" alt=\"On the cemetery of the unrequited metronome, lit by candles, digital painting, artstation, concept art, craig mullins, breathtaking, 8 k resolution, extremely detailed, beautiful, establishing shot, artistic, hyperrealistic, octane render, cinematic lighting, dramatic lighting, masterpiece, light brazen\" title=\"billede (26)\" srcset=\"https:\/\/i0.wp.com\/aiartfree.online\/wp-content\/uploads\/2024\/07\/image-26-jpg.webp?w=1024&amp;ssl=1 1024w, https:\/\/i0.wp.com\/aiartfree.online\/wp-content\/uploads\/2024\/07\/image-26-jpg.webp?resize=300%2C300&amp;ssl=1 300w, https:\/\/i0.wp.com\/aiartfree.online\/wp-content\/uploads\/2024\/07\/image-26-jpg.webp?resize=150%2C150&amp;ssl=1 150w, https:\/\/i0.wp.com\/aiartfree.online\/wp-content\/uploads\/2024\/07\/image-26-jpg.webp?resize=768%2C768&amp;ssl=1 768w, https:\/\/i0.wp.com\/aiartfree.online\/wp-content\/uploads\/2024\/07\/image-26-jpg.webp?resize=12%2C12&amp;ssl=1 12w, https:\/\/i0.wp.com\/aiartfree.online\/wp-content\/uploads\/2024\/07\/image-26-jpg.webp?resize=600%2C600&amp;ssl=1 600w, https:\/\/i0.wp.com\/aiartfree.online\/wp-content\/uploads\/2024\/07\/image-26-jpg.webp?resize=100%2C100&amp;ssl=1 100w\" sizes=\"auto, (max-width: 1024px) 100vw, 1024px\" \/><\/figure>\n\n\n\n<h4 class=\"gb-headline gb-headline-21a96621 gb-headline-text\">Sp\u00f8rg efter<\/h4>\n\n\n\n<p class=\"gb-headline gb-headline-069e038b gb-headline-text\">On the cemetery of the unrequited metronome, lit by candles, digital painting, artstation, concept art, craig mullins, breathtaking, 8 k resolution, extremely detailed, beautiful, establishing shot, artistic, hyperrealistic, octane render, cinematic lighting, dramatic lighting, masterpiece, light brazen<\/p>\n\n<\/div><\/div>\n<\/div>\n\n\n<div style=\"height:50px\" aria-hidden=\"true\" class=\"wp-block-spacer\"><\/div>\n\n\n\n<h2 class=\"wp-block-heading\" id=\"how-to-use-prompt-generator\">S\u00e5dan bruger du Prompt Generator<\/h2>\n\n\n\n<ol class=\"wp-block-list\">\n<li class=\"\">Indtast dine tanker<\/li>\n\n\n\n<li class=\"\">Klik p\u00e5 \"Send\"<\/li>\n\n\n\n<li class=\"\">Vent p\u00e5 de revolutionerede vejledninger<\/li>\n\n\n\n<li class=\"\">Rul ned og inds\u00e6t din revolutionerede prompt til generationen<\/li>\n\n\n\n<li class=\"\">Klik p\u00e5 \"Generer\"<\/li>\n\n\n\n<li class=\"\">Vent, det er det!<\/li>\n<\/ol>\n\n\n\n<p class=\"\">Hvis du ikke har nogen tanker i dit sind, <a href=\"#maodian\" data-type=\"internal\" data-id=\"#maodian\">klik for at se vores Prompt Gallery<\/a><\/p>\n\n\n\n<p class=\"\"><em>* Afh\u00e6ngigt af din internethastighed kan det tage et par sekunder at indl\u00e6se modellen.<\/em><\/p>\n\n\n\n<div class=\"iframe-wrapper\" style=\"position: relative; width: 100%; height: 900px;\">\n  <div class=\"loading\" style=\"position: absolute; top: 50px; left: 50%; transform: translate(-50%, -50%); width: 40px; height: 40px; border: 3px solid #f0f0f0; border-top: 3px solid #db7093; border-radius: 50%; animation: spin 1s linear infinite;\"><\/div>\n  <iframe loading=\"lazy\" src=\"https:\/\/doevent-stable-diffusion-prompt-generator.hf.space\" frameborder=\"0\" width=\"100%\" height=\"100%\" style=\"position: absolute; top: 0; left: 0; opacity: 0; transition: opacity 0.3s;\" onload=\"this.style.opacity=1;this.previousElementSibling.style.display='none';\"><\/iframe>\n<\/div>\n\n<style>\n@keyframes spin {\n  0% { transform: translate(-50%, -50%) rotate(0deg); }\n  100% { transform: translate(-50%, -50%) rotate(360deg); }\n}\n<\/style>\n\n\n\n<div style=\"height:10px\" aria-hidden=\"true\" class=\"wp-block-spacer\"><\/div>\n\n\n\n<p class=\"\"><em>* Der vil v\u00e6re caching under kontinuerlig generering, og det nye billede vil blive vist efter ca. 5 sekunder.<\/em><\/p>\n\n\n\n<div class=\"iframe-wrapper\" style=\"position: relative; width: 100%; height: 1260px;\">\n  <div class=\"loading\" style=\"position: absolute; top: 50px; left: 50%; transform: translate(-50%, -50%); width: 40px; height: 40px; border: 3px solid #f0f0f0; border-top: 3px solid #db7093; border-radius: 50%; animation: spin 1s linear infinite;\"><\/div>\n  <iframe loading=\"lazy\" src=\"https:\/\/prodia-fast-stable-diffusion.hf.space\" frameborder=\"0\" width=\"100%\" height=\"100%\" style=\"position: absolute; top: 0; left: 0; opacity: 0; transition: opacity 0.3s;\" onload=\"this.style.opacity=1;this.previousElementSibling.style.display='none';\"><\/iframe>\n<\/div>\n\n<style>\n@keyframes spin {\n  0% { transform: translate(-50%, -50%) rotate(0deg); }\n  100% { transform: translate(-50%, -50%) rotate(360deg); }\n}\n<\/style>\n\n\n\n<div style=\"height:50px\" aria-hidden=\"true\" class=\"wp-block-spacer\"><\/div>\n\n\n\n<h2 class=\"wp-block-heading has-text-align-center\" id=\"prompts-gallery\">Galleri med opfordringer<\/h2>\n\n\n\n<h3 class=\"wp-block-heading\" id=\"how-to-use-prompts-gallery\">S\u00e5dan bruger du Prompts Gallery<\/h3>\n\n\n\n<ol class=\"wp-block-list\">\n<li class=\"\">Klik p\u00e5 ikonet \u00f8verst til h\u00f8jre i billedet for at duplikere beskeden<\/li>\n\n\n\n<li class=\"\">Rul op og inds\u00e6t din revolutionerede prompt til generationen<\/li>\n<\/ol>\n\n\n\n<div style=\"text-align: center; border: 2px solid; border-image-source: linear-gradient(to right, #16b86c, #912899); border-image-slice: 1; box-shadow: 0 0 10px rgba(0, 0, 0, 0.1); border-radius: 15px; position: relative;\">\n  <div id=\"loading\" style=\"position: absolute; top: 100px; left: 50%; transform: translate(-50%, -50%); z-index: 1000;\">\n    <div style=\"width: 50px; height: 50px; border: 5px solid #f3f3f3; border-top: 5px solid #16b86c; border-radius: 50%; animation: spin 1s linear infinite;\"><\/div>\n  <\/div>\n  <iframe loading=\"lazy\"\n    src=\"https:\/\/prithivmlmods-top-prompt-collection.static.hf.space\"\n    frameborder=\"0\"\n    width=\"100%\"\n    height=\"2600\"\n    style=\"display: inline-block; margin: 0 auto;\"\n    onload=\"document.getElementById('loading').style.display='none';\"\n  ><\/iframe>\n<\/div>\n\n<style>\n  @keyframes spin {\n    0% { transform: rotate(0deg); }\n    100% { transform: rotate(360deg); }\n  }\n<\/style>\n\n\n\n<div style=\"height:50px\" aria-hidden=\"true\" class=\"wp-block-spacer\"><\/div>\n\n\n\n<h2 class=\"wp-block-heading\" id=\"introduction-of-prompt-generator\">Introduktion af Prompt Generator<\/h2>\n\n\n\n<div class=\"wp-block-rank-math-toc-block\" id=\"rank-math-toc\"><h3>Indholdsfortegnelse<\/h3><nav><ul><li><a href=\"#what-is-a-prompt-generator\">Hvad er en Prompt Generator?<\/a><ul><li><a href=\"#definition\">Definition<\/a><\/li><li><a href=\"#types-of-prompts\">Typer af opfordringer<\/a><\/li><\/ul><\/li><li><a href=\"#how-does-a-prompt-generator-work\">Hvordan fungerer en prompt-generator?<\/a><ul><li><a href=\"#user-inputs\">Brugerinput<\/a><\/li><li><a href=\"#ai-analysis\">AI-analyse<\/a><\/li><li><a href=\"#output\">Output<\/a><\/li><li><a href=\"#example-of-user-inputs-and-ai-analysis\">Eksempel p\u00e5 brugerinput og AI-analyse<\/a><\/li><\/ul><\/li><li><a href=\"#benefits-of-using-a-prompt-generator\">Fordele ved at bruge en prompt-generator<\/a><ul><li><a href=\"#efficiency\">Effektivitet<\/a><\/li><li><a href=\"#creativity-boost\">Boost af kreativitet<\/a><\/li><li><a href=\"#customization\">Tilpasning<\/a><\/li><li><a href=\"#keyword-density-table\">Tabel over s\u00f8geordst\u00e6thed<\/a><\/li><\/ul><\/li><li><a href=\"#popular-applications-of-prompt-generators\">Popul\u00e6re anvendelser af Prompt-generatorer<\/a><ul><li><a href=\"#content-creation\">Skabelse af indhold<\/a><\/li><li><a href=\"#education\">Uddannelse<\/a><\/li><li><a href=\"#business-and-marketing\">Forretning og marketing<\/a><\/li><\/ul><\/li><li><a href=\"#how-to-choose-the-right-prompt-generator\">S\u00e5dan v\u00e6lger du den rigtige prompt-generator<\/a><ul><li><a href=\"#features-to-look-for\">Funktioner, du skal kigge efter<\/a><\/li><li><a href=\"#popular-tools\">Popul\u00e6re v\u00e6rkt\u00f8jer<\/a><\/li><\/ul><\/li><li><a href=\"#conclusion\">Konklusion<\/a><\/li><li><a href=\"#additional-resources\">Yderligere ressourcer<\/a><\/li><\/ul><\/nav><\/div>\n\n\n\n<h3 class=\"wp-block-heading\" id=\"introduction\">Introduktion<\/h3>\n\n\n\n<p class=\"\">Prompt-generatorer er effektive v\u00e6rkt\u00f8jer, der udnytter kunstig intelligens (AI) til at hj\u00e6lpe brugerne med at overvinde kreative blokeringer og generere innovative ideer. Disse v\u00e6rkt\u00f8jer kan producere skriveanvisninger, tegneanvisninger og andre kreative forslag, hvilket g\u00f8r dem uvurderlige for forfattere, kunstnere og indholdsskabere. Denne artikel unders\u00f8ger, hvad prompt-generatorer er, hvordan de fungerer, deres fordele, anvendelser og tips til at v\u00e6lge den rigtige.<\/p>\n\n\n\n<figure class=\"wp-block-image size-full is-resized\"><img data-recalc-dims=\"1\" decoding=\"async\" width=\"1200\" height=\"600\"   loading=\"lazy\" src=\"https:\/\/i0.wp.com\/aiartfree.online\/wp-content\/uploads\/2024\/07\/WX20240724-132929%402x-scaled.webp?resize=1200%2C600&#038;ssl=1\" alt=\"Prompt-generatorer er st\u00e6rke v\u00e6rkt\u00f8jer, der udnytter kunstig intelligens (AI) til at hj\u00e6lpe brugerne med at overvinde kreative blokeringer og generere innovative ideer.\" class=\"wp-image-3185\" style=\"width:819px;height:auto\" srcset=\"https:\/\/i0.wp.com\/aiartfree.online\/wp-content\/uploads\/2024\/07\/WX20240724-132929%402x-scaled.webp?w=2560&amp;ssl=1 2560w, https:\/\/i0.wp.com\/aiartfree.online\/wp-content\/uploads\/2024\/07\/WX20240724-132929%402x-scaled.webp?resize=300%2C150&amp;ssl=1 300w, https:\/\/i0.wp.com\/aiartfree.online\/wp-content\/uploads\/2024\/07\/WX20240724-132929%402x-scaled.webp?resize=1024%2C512&amp;ssl=1 1024w, https:\/\/i0.wp.com\/aiartfree.online\/wp-content\/uploads\/2024\/07\/WX20240724-132929%402x-scaled.webp?resize=768%2C384&amp;ssl=1 768w, https:\/\/i0.wp.com\/aiartfree.online\/wp-content\/uploads\/2024\/07\/WX20240724-132929%402x-scaled.webp?resize=1536%2C768&amp;ssl=1 1536w, https:\/\/i0.wp.com\/aiartfree.online\/wp-content\/uploads\/2024\/07\/WX20240724-132929%402x-scaled.webp?resize=2048%2C1023&amp;ssl=1 2048w, https:\/\/i0.wp.com\/aiartfree.online\/wp-content\/uploads\/2024\/07\/WX20240724-132929%402x-scaled.webp?resize=18%2C9&amp;ssl=1 18w, https:\/\/i0.wp.com\/aiartfree.online\/wp-content\/uploads\/2024\/07\/WX20240724-132929%402x-scaled.webp?resize=600%2C300&amp;ssl=1 600w, https:\/\/i0.wp.com\/aiartfree.online\/wp-content\/uploads\/2024\/07\/WX20240724-132929%402x-scaled.webp?w=2400&amp;ssl=1 2400w\" sizes=\"auto, (max-width: 1200px) 100vw, 1200px\" \/><\/figure>\n\n\n\n<h3 class=\"wp-block-heading\" id=\"what-is-a-prompt-generator\">Hvad er en Prompt Generator?<\/h3>\n\n\n\n<h4 class=\"wp-block-heading\" id=\"definition\">Definition<\/h4>\n\n\n\n<p class=\"\">En promptgenerator er en softwareapplikation, der bruger algoritmer og AI til at skabe prompts eller forslag til kreative opgaver. Disse prompts kan bruges til at skrive, tegne, brainstorme og meget mere.<\/p>\n\n\n\n<h4 class=\"wp-block-heading\" id=\"types-of-prompts\">Typer af opfordringer<\/h4>\n\n\n\n<ul class=\"wp-block-list\">\n<li class=\"\"><strong>Opfordringer til at skrive<\/strong>: Ideer til at kickstarte skriveprojekter, herunder historier, essays og digte.<\/li>\n\n\n\n<li class=\"\"><strong>Opl\u00e6g til tegning<\/strong>: Forslag til kunstnere om at skabe nye v\u00e6rker.<\/li>\n\n\n\n<li class=\"\"><strong>Opfordringer til kreativ skrivning<\/strong>: Fokuserede opfordringer til at inspirere til kreativ skrivning, f.eks. fiktion og poesi.<\/li>\n\n\n\n<li class=\"\"><strong>Prompts midt p\u00e5 rejsen<\/strong>: Prompts til at hj\u00e6lpe med at udvikle en historie eller et projekt midtvejs.<\/li>\n\n\n\n<li class=\"\"><strong>Generator til kunstopfordringer<\/strong>: V\u00e6rkt\u00f8jer, der er specielt designet til at generere id\u00e9er til billedkunst.<\/li>\n<\/ul>\n\n\n\n<h3 class=\"wp-block-heading\" id=\"how-does-a-prompt-generator-work\">Hvordan fungerer en prompt-generator?<\/h3>\n\n\n\n<h4 class=\"wp-block-heading\" id=\"user-inputs\">Brugerinput<\/h4>\n\n\n\n<p class=\"\">Brugerne giver de f\u00f8rste input, f.eks. hvilken type prompt der er brug for (f.eks. skrivning, tegning) og eventuelle specifikke temaer eller begr\u00e6nsninger.<\/p>\n\n\n\n<h4 class=\"wp-block-heading\" id=\"ai-analysis\">AI-analyse<\/h4>\n\n\n\n<p class=\"\">AI'en behandler disse input ved hj\u00e6lp af databaser med eksisterende prompts og kreativt indhold for at generere unikke og relevante forslag.<\/p>\n\n\n\n<h4 class=\"wp-block-heading\" id=\"output\">Output<\/h4>\n\n\n\n<p class=\"\">De genererede vejledninger er skr\u00e6ddersyet til brugerens specifikationer og giver \u00f8jeblikkelig inspiration og vejledning.<\/p>\n\n\n\n<h4 class=\"wp-block-heading\" id=\"example-of-user-inputs-and-ai-analysis\">Eksempel p\u00e5 brugerinput og AI-analyse<\/h4>\n\n\n\n<figure class=\"wp-block-table\"><table class=\"has-fixed-layout\"><thead><tr><th>Brugerinput<\/th><th>AI-analyse<\/th><th>Genereret opfordring<\/th><\/tr><\/thead><tbody><tr><td>Opgave til skrivning<\/td><td>Analyser temaer som mystik og eventyr<\/td><td>\"Skriv en historie om en detektiv i en hjems\u00f8gt by.\"<\/td><\/tr><tr><td>Opfordring til at tegne<\/td><td>Unders\u00f8ge popul\u00e6re temaer i fantasy-kunst<\/td><td>\"Tegn en drage, der beskytter en skjult skat.\"<\/td><\/tr><tr><td>Kreativ skrivning<\/td><td>Kombinerer elementer af romantik og historisk fiktion<\/td><td>\"Beskriv en k\u00e6rlighedshistorie, der foreg\u00e5r i det gamle Rom.\"<\/td><\/tr><\/tbody><\/table><\/figure>\n\n\n\n<h3 class=\"wp-block-heading\" id=\"benefits-of-using-a-prompt-generator\">Fordele ved at bruge en prompt-generator<\/h3>\n\n\n\n<h4 class=\"wp-block-heading\" id=\"efficiency\">Effektivitet<\/h4>\n\n\n\n<p class=\"\">Prompt-generatorer sparer tid ved hurtigt at producere prompts af h\u00f8j kvalitet, s\u00e5 brugerne kan fokusere p\u00e5 at skabe i stedet for at brainstorme.<\/p>\n\n\n\n<h4 class=\"wp-block-heading\" id=\"creativity-boost\">Boost af kreativitet<\/h4>\n\n\n\n<p class=\"\">Disse v\u00e6rkt\u00f8jer hj\u00e6lper med at overvinde skriveblokeringer og inspirerer til kreativitet med unikke og forskelligartede opgaver, der g\u00f8r den kreative proces sjovere.<\/p>\n\n\n\n<h4 class=\"wp-block-heading\" id=\"customization\">Tilpasning<\/h4>\n\n\n\n<p class=\"\">Brugerne kan skr\u00e6ddersy beskeder til specifikke behov og pr\u00e6ferencer, hvilket \u00f8ger relevansen og anvendeligheden af det genererede indhold.<\/p>\n\n\n\n<h4 class=\"wp-block-heading\" id=\"keyword-density-table\">Tabel over s\u00f8geordst\u00e6thed<\/h4>\n\n\n\n<figure class=\"wp-block-table\"><table class=\"has-fixed-layout\"><thead><tr><th>N\u00f8gleord<\/th><th>T\u00e6thed i artiklen<\/th><\/tr><\/thead><tbody><tr><td>Prompt-generator<\/td><td>2%<\/td><\/tr><tr><td>Opfordringer til at skrive<\/td><td>1.5%<\/td><\/tr><tr><td>Hurtig teknik<\/td><td>1%<\/td><\/tr><tr><td><a href=\"https:\/\/aiartfree.online\/da\/hurtigt-galleri\/\" target=\"_blank\" data-type=\"page\" data-id=\"3252\" rel=\"noreferrer noopener\">Opl\u00e6g til tegning<\/a><\/td><td>1.5%<\/td><\/tr><tr><td>Opfordringer til kreativ skrivning<\/td><td>1%<\/td><\/tr><tr><td>Prompts midt p\u00e5 rejsen<\/td><td>0.5%<\/td><\/tr><tr><td>Generator til kunstopfordringer<\/td><td>1%<\/td><\/tr><tr><td>Id\u00e9er til tegning<\/td><td>1%<\/td><\/tr><tr><td>Opfordring til at tegne<\/td><td>1%<\/td><\/tr><\/tbody><\/table><\/figure>\n\n\n\n<h3 class=\"wp-block-heading\" id=\"popular-applications-of-prompt-generators\">Popul\u00e6re anvendelser af Prompt-generatorer<\/h3>\n\n\n\n<h4 class=\"wp-block-heading\" id=\"content-creation\">Skabelse af indhold<\/h4>\n\n\n\n<ul class=\"wp-block-list\">\n<li class=\"\"><strong>Blogging<\/strong>: F\u00e5 ideer til blogindl\u00e6g og artikler.<\/li>\n\n\n\n<li class=\"\"><strong>Sociale medier<\/strong>: Skab engagerende indhold til sociale medieplatforme.<\/li>\n<\/ul>\n\n\n\n<h4 class=\"wp-block-heading\" id=\"education\">Uddannelse<\/h4>\n\n\n\n<ul class=\"wp-block-list\">\n<li class=\"\"><strong>Undervisning<\/strong>: Hj\u00e6lp l\u00e6rerne med at skabe essay-emner og diskussionspunkter.<\/li>\n\n\n\n<li class=\"\"><strong>Studerendes projekter<\/strong>: Hj\u00e6lp studerende med ideer til skriveopgaver og kreative projekter.<\/li>\n<\/ul>\n\n\n\n<h4 class=\"wp-block-heading\" id=\"business-and-marketing\">Forretning og marketing<\/h4>\n\n\n\n<ul class=\"wp-block-list\">\n<li class=\"\"><strong>Markedsf\u00f8ringstekst<\/strong>: Skab overbevisende markedsf\u00f8ringstekster og produktbeskrivelser.<\/li>\n\n\n\n<li class=\"\"><strong>Interaktion med kunder<\/strong>: Lav scripts til kundeservice og engagement.<\/li>\n<\/ul>\n\n\n\n<h3 class=\"wp-block-heading\" id=\"how-to-choose-the-right-prompt-generator\">S\u00e5dan v\u00e6lger du den rigtige prompt-generator<\/h3>\n\n\n\n<h4 class=\"wp-block-heading\" id=\"features-to-look-for\">Funktioner, du skal kigge efter<\/h4>\n\n\n\n<ul class=\"wp-block-list\">\n<li class=\"\"><strong>Tilpasningsmuligheder<\/strong>: Mulighed for at skr\u00e6ddersy beskeder til specifikke behov.<\/li>\n\n\n\n<li class=\"\"><strong>Brugergr\u00e6nseflade<\/strong>: En intuitiv og brugervenlig gr\u00e6nseflade.<\/li>\n\n\n\n<li class=\"\"><strong>Integrationskapacitet<\/strong>: Kompatibilitet med andre v\u00e6rkt\u00f8jer og platforme.<\/li>\n<\/ul>\n\n\n\n<h4 class=\"wp-block-heading\" id=\"popular-tools\">Popul\u00e6re v\u00e6rkt\u00f8jer<\/h4>\n\n\n\n<ul class=\"wp-block-list\">\n<li class=\"\"><strong>AI Dungeon<\/strong>: Kendt for sin alsidighed til at generere kreative skriveanvisninger.<\/li>\n\n\n\n<li class=\"\"><strong>ArtPrompts<\/strong>: Specialiserer sig i at generere ideer til visuelle kunstprojekter.<\/li>\n\n\n\n<li class=\"\"><strong>Skrive\u00f8velser.co.uk<\/strong>: Giver en bred vifte af skriveanvisninger til forskellige genrer.<\/li>\n<\/ul>\n\n\n\n<h3 class=\"wp-block-heading\" id=\"conclusion\">Konklusion<\/h3>\n\n\n\n<p class=\"\">Prompt-generatorer er uvurderlige v\u00e6rkt\u00f8jer for alle, der er involveret i kreativt arbejde. De sparer tid, \u00f8ger kreativiteten og giver brugertilpassede l\u00f8sninger p\u00e5 kreative blokeringer. Ved at forst\u00e5, hvordan de fungerer, og hvad de kan bruges til, kan du v\u00e6lge den rigtige promptgenerator til at forbedre din kreative proces.<\/p>\n\n\n\n<h3 class=\"wp-block-heading\" id=\"additional-resources\">Yderligere ressourcer<\/h3>\n\n\n\n<ul class=\"wp-block-list\">\n<li class=\"\"><strong><a href=\"https:\/\/www.aidungeon.io\/\" target=\"_blank\" rel=\"noopener\">AI Dungeon<\/a><\/strong>: Udforsk en interaktiv prompt-generator til kreativ skrivning.<\/li>\n\n\n\n<li class=\"\"><strong><a href=\"https:\/\/artprompts.org\/\" target=\"_blank\" rel=\"noopener\">ArtPrompts<\/a><\/strong>: Find inspiration til dit n\u00e6ste kunstprojekt.<\/li>\n\n\n\n<li class=\"\"><strong><a href=\"https:\/\/www.writingexercises.co.uk\/\" target=\"_blank\" rel=\"noopener\">Skrive\u00f8velser<\/a><\/strong>: Opdag en r\u00e6kke skriveanvisninger til forskellige genrer.<\/li>\n<\/ul>","protected":false},"excerpt":{"rendered":"<p>Before Prompt Generator vs After How to use Prompt Generator If you don&#8217;t have any thoughts in your mind, click to check our Prompt Gallery *&nbsp;Depending on your internet speed, loading the model may take a few seconds. * There will be caching during continuous generation, and the new image will appear after about 5 &#8230; <a title=\"Prompt-generator\" class=\"read-more\" href=\"https:\/\/aiartfree.online\/da\/prompt-generator\/\" aria-label=\"Read more about Prompt Generator\">L\u00e6s mere <\/a><\/p>","protected":false},"author":1,"featured_media":3185,"parent":0,"menu_order":0,"comment_status":"open","ping_status":"closed","template":"","meta":{"nf_dc_page":"","footnotes":""},"class_list":["post-3164","page","type-page","status-publish","has-post-thumbnail"],"jetpack_sharing_enabled":true,"_links":{"self":[{"href":"https:\/\/aiartfree.online\/da\/wp-json\/wp\/v2\/pages\/3164","targetHints":{"allow":["GET"]}}],"collection":[{"href":"https:\/\/aiartfree.online\/da\/wp-json\/wp\/v2\/pages"}],"about":[{"href":"https:\/\/aiartfree.online\/da\/wp-json\/wp\/v2\/types\/page"}],"author":[{"embeddable":true,"href":"https:\/\/aiartfree.online\/da\/wp-json\/wp\/v2\/users\/1"}],"replies":[{"embeddable":true,"href":"https:\/\/aiartfree.online\/da\/wp-json\/wp\/v2\/comments?post=3164"}],"version-history":[{"count":0,"href":"https:\/\/aiartfree.online\/da\/wp-json\/wp\/v2\/pages\/3164\/revisions"}],"wp:featuredmedia":[{"embeddable":true,"href":"https:\/\/aiartfree.online\/da\/wp-json\/wp\/v2\/media\/3185"}],"wp:attachment":[{"href":"https:\/\/aiartfree.online\/da\/wp-json\/wp\/v2\/media?parent=3164"}],"curies":[{"name":"wp","href":"https:\/\/api.w.org\/{rel}","templated":true}]}}