{"id":3117,"date":"2024-07-21T07:42:10","date_gmt":"2024-07-21T07:42:10","guid":{"rendered":"https:\/\/aiartfree.online\/?page_id=3117"},"modified":"2024-07-21T07:47:21","modified_gmt":"2024-07-21T07:47:21","slug":"free-ai-art-generator","status":"publish","type":"page","link":"https:\/\/aiartfree.online\/da\/gratis-ai-art-generator\/","title":{"rendered":"Gratis AI-kunstgenerator"},"content":{"rendered":"<p class=\"has-text-align-center\">Skab fantastiske AI-genererede kunstv\u00e6rker med avancerede, gratis AI-kunstv\u00e6rkt\u00f8jer.<\/p>\n\n\n<div class=\"gb-grid-wrapper gb-grid-wrapper-cd9cd360\">\n<div class=\"gb-grid-column gb-grid-column-11112ac1\"><div class=\"gb-container gb-container-11112ac1\">\n\n<figure class=\"gb-block-image gb-block-image-3cedc626\"><a href=\"https:\/\/aiartfree.online\/da\/ai-tegngenerator\/\" target=\"_blank\" rel=\"noopener noreferrer\"><img data-recalc-dims=\"1\" decoding=\"async\" loading=\"lazy\" width=\"1200\" height=\"1190\" class=\"gb-image gb-image-3cedc626\" src=\"https:\/\/i0.wp.com\/aiartfree.online\/wp-content\/uploads\/2024\/07\/WX20240719-144752%402x.jpg?resize=1200%2C1190&#038;ssl=1\" alt=\"AI-tegngenerator\" title=\"WX20240719-144752@2x\" srcset=\"https:\/\/i0.wp.com\/aiartfree.online\/wp-content\/uploads\/2024\/07\/WX20240719-144752%402x.jpg?w=1632&amp;ssl=1 1632w, https:\/\/i0.wp.com\/aiartfree.online\/wp-content\/uploads\/2024\/07\/WX20240719-144752%402x.jpg?resize=300%2C297&amp;ssl=1 300w, https:\/\/i0.wp.com\/aiartfree.online\/wp-content\/uploads\/2024\/07\/WX20240719-144752%402x.jpg?resize=1024%2C1015&amp;ssl=1 1024w, https:\/\/i0.wp.com\/aiartfree.online\/wp-content\/uploads\/2024\/07\/WX20240719-144752%402x.jpg?resize=150%2C150&amp;ssl=1 150w, https:\/\/i0.wp.com\/aiartfree.online\/wp-content\/uploads\/2024\/07\/WX20240719-144752%402x.jpg?resize=768%2C761&amp;ssl=1 768w, https:\/\/i0.wp.com\/aiartfree.online\/wp-content\/uploads\/2024\/07\/WX20240719-144752%402x.jpg?resize=1536%2C1523&amp;ssl=1 1536w, https:\/\/i0.wp.com\/aiartfree.online\/wp-content\/uploads\/2024\/07\/WX20240719-144752%402x.jpg?resize=12%2C12&amp;ssl=1 12w, https:\/\/i0.wp.com\/aiartfree.online\/wp-content\/uploads\/2024\/07\/WX20240719-144752%402x.jpg?resize=600%2C595&amp;ssl=1 600w, https:\/\/i0.wp.com\/aiartfree.online\/wp-content\/uploads\/2024\/07\/WX20240719-144752%402x.jpg?resize=100%2C100&amp;ssl=1 100w\" sizes=\"auto, (max-width: 1200px) 100vw, 1200px\" \/><\/a><\/figure>\n\n\n\n<h3 class=\"gb-headline gb-headline-efcb9b85 gb-headline-text\">AI-tegngenerator<\/h3>\n\n\n\n<p class=\"gb-headline gb-headline-f3afe0a5 gb-headline-text\">AI Character Generator lader dig designe unikke figurer med AI-algoritmer og generativ AI-teknologi.<\/p>\n\n<\/div><\/div>\n\n<div class=\"gb-grid-column gb-grid-column-d5a6cb82\"><div class=\"gb-container gb-container-d5a6cb82\">\n\n<figure class=\"gb-block-image gb-block-image-b9b8fce6\"><a href=\"https:\/\/aiartfree.online\/da\/gratis-pixar-ai-generator\/\" target=\"_blank\" rel=\"noopener noreferrer\"><img data-recalc-dims=\"1\" decoding=\"async\" loading=\"lazy\" width=\"938\" height=\"626\" class=\"gb-image gb-image-b9b8fce6\" src=\"https:\/\/i0.wp.com\/aiartfree.online\/wp-content\/uploads\/2024\/07\/WX20240717-174206%402x.jpg?resize=938%2C626&#038;ssl=1\" alt=\"pixar ai-generator\" title=\"WX20240717-174206@2x\" srcset=\"https:\/\/i0.wp.com\/aiartfree.online\/wp-content\/uploads\/2024\/07\/WX20240717-174206%402x.jpg?w=938&amp;ssl=1 938w, https:\/\/i0.wp.com\/aiartfree.online\/wp-content\/uploads\/2024\/07\/WX20240717-174206%402x.jpg?resize=300%2C200&amp;ssl=1 300w, https:\/\/i0.wp.com\/aiartfree.online\/wp-content\/uploads\/2024\/07\/WX20240717-174206%402x.jpg?resize=768%2C513&amp;ssl=1 768w, https:\/\/i0.wp.com\/aiartfree.online\/wp-content\/uploads\/2024\/07\/WX20240717-174206%402x.jpg?resize=18%2C12&amp;ssl=1 18w, https:\/\/i0.wp.com\/aiartfree.online\/wp-content\/uploads\/2024\/07\/WX20240717-174206%402x.jpg?resize=600%2C400&amp;ssl=1 600w\" sizes=\"auto, (max-width: 938px) 100vw, 938px\" \/><\/a><\/figure>\n\n\n\n<h3 class=\"gb-headline gb-headline-0c51996c gb-headline-text\">Pixar AI-generator<\/h3>\n\n\n\n<p class=\"gb-headline gb-headline-83bb38c0 gb-headline-text\">Omdan dine ideer til AI-genereret kunst i Pixar-stil med gratis online banebrydende generativ AI.<\/p>\n\n<\/div><\/div>\n\n<div class=\"gb-grid-column gb-grid-column-bdb1b3f6\"><div class=\"gb-container gb-container-bdb1b3f6\">\n\n<figure class=\"gb-block-image gb-block-image-129ad6ad\"><a href=\"https:\/\/aiartfree.online\/da\/anime-ai-generator\/\" target=\"_blank\" rel=\"noopener noreferrer\"><img data-recalc-dims=\"1\" decoding=\"async\" loading=\"lazy\" width=\"1200\" height=\"718\" class=\"gb-image gb-image-129ad6ad\" src=\"https:\/\/i0.wp.com\/aiartfree.online\/wp-content\/uploads\/2024\/07\/WX20240719-123748%402x.jpg?resize=1200%2C718&#038;ssl=1\" alt=\"anime-ai-generator\/\" title=\"WX20240719-123748@2x\" srcset=\"https:\/\/i0.wp.com\/aiartfree.online\/wp-content\/uploads\/2024\/07\/WX20240719-123748%402x.jpg?w=1314&amp;ssl=1 1314w, https:\/\/i0.wp.com\/aiartfree.online\/wp-content\/uploads\/2024\/07\/WX20240719-123748%402x.jpg?resize=300%2C179&amp;ssl=1 300w, https:\/\/i0.wp.com\/aiartfree.online\/wp-content\/uploads\/2024\/07\/WX20240719-123748%402x.jpg?resize=1024%2C613&amp;ssl=1 1024w, https:\/\/i0.wp.com\/aiartfree.online\/wp-content\/uploads\/2024\/07\/WX20240719-123748%402x.jpg?resize=768%2C459&amp;ssl=1 768w, https:\/\/i0.wp.com\/aiartfree.online\/wp-content\/uploads\/2024\/07\/WX20240719-123748%402x.jpg?resize=18%2C12&amp;ssl=1 18w, https:\/\/i0.wp.com\/aiartfree.online\/wp-content\/uploads\/2024\/07\/WX20240719-123748%402x.jpg?resize=600%2C359&amp;ssl=1 600w\" sizes=\"auto, (max-width: 1200px) 100vw, 1200px\" \/><\/a><\/figure>\n\n\n\n<h3 class=\"gb-headline gb-headline-3dd3b4a8 gb-headline-text\">Anime AI Generator<\/h3>\n\n\n\n<p class=\"gb-headline gb-headline-9bb27b5a gb-headline-text\">Generer levende anime-kunst ved hj\u00e6lp af Anime AI Generator, der drives af avancerede AI-algoritmer.<\/p>\n\n<\/div><\/div>\n\n<div class=\"gb-grid-column gb-grid-column-cd81c4c8\"><div class=\"gb-container gb-container-cd81c4c8\">\n\n<figure class=\"gb-block-image gb-block-image-420788f4\"><a href=\"https:\/\/aiartfree.online\/da\/ai-tegneserie-generator\/\" target=\"_blank\" rel=\"noopener noreferrer\"><img data-recalc-dims=\"1\" decoding=\"async\" loading=\"lazy\" width=\"1200\" height=\"596\" class=\"gb-image gb-image-420788f4\" src=\"https:\/\/i0.wp.com\/aiartfree.online\/wp-content\/uploads\/2024\/07\/WX20240717-175407%402x-1-1-1-scaled.jpg?resize=1200%2C596&#038;ssl=1\" alt=\"AI-tegneseriegenerator\" title=\"WX20240717-175407@2x (1) (1) (1)\" srcset=\"https:\/\/i0.wp.com\/aiartfree.online\/wp-content\/uploads\/2024\/07\/WX20240717-175407%402x-1-1-1-scaled.jpg?w=2560&amp;ssl=1 2560w, https:\/\/i0.wp.com\/aiartfree.online\/wp-content\/uploads\/2024\/07\/WX20240717-175407%402x-1-1-1-scaled.jpg?resize=300%2C149&amp;ssl=1 300w, https:\/\/i0.wp.com\/aiartfree.online\/wp-content\/uploads\/2024\/07\/WX20240717-175407%402x-1-1-1-scaled.jpg?resize=1024%2C508&amp;ssl=1 1024w, https:\/\/i0.wp.com\/aiartfree.online\/wp-content\/uploads\/2024\/07\/WX20240717-175407%402x-1-1-1-scaled.jpg?resize=768%2C381&amp;ssl=1 768w, https:\/\/i0.wp.com\/aiartfree.online\/wp-content\/uploads\/2024\/07\/WX20240717-175407%402x-1-1-1-scaled.jpg?resize=1536%2C763&amp;ssl=1 1536w, https:\/\/i0.wp.com\/aiartfree.online\/wp-content\/uploads\/2024\/07\/WX20240717-175407%402x-1-1-1-scaled.jpg?resize=2048%2C1017&amp;ssl=1 2048w, https:\/\/i0.wp.com\/aiartfree.online\/wp-content\/uploads\/2024\/07\/WX20240717-175407%402x-1-1-1-scaled.jpg?resize=18%2C9&amp;ssl=1 18w, https:\/\/i0.wp.com\/aiartfree.online\/wp-content\/uploads\/2024\/07\/WX20240717-175407%402x-1-1-1-scaled.jpg?resize=600%2C298&amp;ssl=1 600w, https:\/\/i0.wp.com\/aiartfree.online\/wp-content\/uploads\/2024\/07\/WX20240717-175407%402x-1-1-1-scaled.jpg?w=2400&amp;ssl=1 2400w\" sizes=\"auto, (max-width: 1200px) 100vw, 1200px\" \/><\/a><\/figure>\n\n\n\n<h3 class=\"gb-headline gb-headline-3b87d18c gb-headline-text\">AI-tegneseriegenerator<\/h3>\n\n\n\n<p class=\"gb-headline gb-headline-51b4b755 gb-headline-text\">Konverter fotos til billeder i anime-stil ved hj\u00e6lp af avancerede AI-drevne algoritmer, og nyd at skabe unik AI-genereret kunst.<\/p>\n\n<\/div><\/div>\n\n<div class=\"gb-grid-column gb-grid-column-b86d2319\"><div class=\"gb-container gb-container-b86d2319\">\n\n<figure class=\"gb-block-image gb-block-image-5898855b\"><a href=\"https:\/\/aiartfree.online\/da\/ai-3d-model-generator\/\" target=\"_blank\" rel=\"noopener noreferrer\"><img data-recalc-dims=\"1\" decoding=\"async\" loading=\"lazy\" width=\"1200\" height=\"787\" class=\"gb-image gb-image-5898855b\" src=\"https:\/\/i0.wp.com\/aiartfree.online\/wp-content\/uploads\/2024\/07\/WX20240719-153337%402x-1-1.jpg?resize=1200%2C787&#038;ssl=1\" alt=\"2D til 3D-modelgenerator\" title=\"WX20240719-153337@2x (1) (1)\" srcset=\"https:\/\/i0.wp.com\/aiartfree.online\/wp-content\/uploads\/2024\/07\/WX20240719-153337%402x-1-1.jpg?w=1768&amp;ssl=1 1768w, https:\/\/i0.wp.com\/aiartfree.online\/wp-content\/uploads\/2024\/07\/WX20240719-153337%402x-1-1.jpg?resize=300%2C197&amp;ssl=1 300w, https:\/\/i0.wp.com\/aiartfree.online\/wp-content\/uploads\/2024\/07\/WX20240719-153337%402x-1-1.jpg?resize=1024%2C672&amp;ssl=1 1024w, https:\/\/i0.wp.com\/aiartfree.online\/wp-content\/uploads\/2024\/07\/WX20240719-153337%402x-1-1.jpg?resize=768%2C504&amp;ssl=1 768w, https:\/\/i0.wp.com\/aiartfree.online\/wp-content\/uploads\/2024\/07\/WX20240719-153337%402x-1-1.jpg?resize=1536%2C1008&amp;ssl=1 1536w, https:\/\/i0.wp.com\/aiartfree.online\/wp-content\/uploads\/2024\/07\/WX20240719-153337%402x-1-1.jpg?resize=18%2C12&amp;ssl=1 18w, https:\/\/i0.wp.com\/aiartfree.online\/wp-content\/uploads\/2024\/07\/WX20240719-153337%402x-1-1.jpg?resize=600%2C394&amp;ssl=1 600w\" sizes=\"auto, (max-width: 1200px) 100vw, 1200px\" \/><\/a><\/figure>\n\n\n\n<h3 class=\"gb-headline gb-headline-d9fff2b4 gb-headline-text\">AI 3d-modelgenerator<\/h3>\n\n\n\n<p class=\"gb-headline gb-headline-0faba709 gb-headline-text\">AI 3D Model Generator hj\u00e6lper dig med at skabe avancerede 3D-modeller med AI-drevet finjustering.<\/p>\n\n<\/div><\/div>\n\n<div class=\"gb-grid-column gb-grid-column-bb7fbb28\"><div class=\"gb-container gb-container-bb7fbb28\">\n\n<figure class=\"gb-block-image gb-block-image-b44f128d\"><a href=\"https:\/\/aiartfree.online\/da\/ai-tegningsgenerator\/\" target=\"_blank\" rel=\"noopener noreferrer\"><img data-recalc-dims=\"1\" decoding=\"async\" loading=\"lazy\" width=\"1200\" height=\"1200\" class=\"gb-image gb-image-b44f128d\" src=\"https:\/\/i0.wp.com\/aiartfree.online\/wp-content\/uploads\/2024\/07\/WX20240719-141958%402x.jpg?resize=1200%2C1200&#038;ssl=1\" alt=\"ai-tegning-generator\" title=\"WX20240719-141958@2x\" srcset=\"https:\/\/i0.wp.com\/aiartfree.online\/wp-content\/uploads\/2024\/07\/WX20240719-141958%402x.jpg?w=1414&amp;ssl=1 1414w, https:\/\/i0.wp.com\/aiartfree.online\/wp-content\/uploads\/2024\/07\/WX20240719-141958%402x.jpg?resize=300%2C300&amp;ssl=1 300w, https:\/\/i0.wp.com\/aiartfree.online\/wp-content\/uploads\/2024\/07\/WX20240719-141958%402x.jpg?resize=1024%2C1024&amp;ssl=1 1024w, https:\/\/i0.wp.com\/aiartfree.online\/wp-content\/uploads\/2024\/07\/WX20240719-141958%402x.jpg?resize=150%2C150&amp;ssl=1 150w, https:\/\/i0.wp.com\/aiartfree.online\/wp-content\/uploads\/2024\/07\/WX20240719-141958%402x.jpg?resize=768%2C768&amp;ssl=1 768w, https:\/\/i0.wp.com\/aiartfree.online\/wp-content\/uploads\/2024\/07\/WX20240719-141958%402x.jpg?resize=12%2C12&amp;ssl=1 12w, https:\/\/i0.wp.com\/aiartfree.online\/wp-content\/uploads\/2024\/07\/WX20240719-141958%402x.jpg?resize=600%2C600&amp;ssl=1 600w, https:\/\/i0.wp.com\/aiartfree.online\/wp-content\/uploads\/2024\/07\/WX20240719-141958%402x.jpg?resize=100%2C100&amp;ssl=1 100w\" sizes=\"auto, (max-width: 1200px) 100vw, 1200px\" \/><\/a><\/figure>\n\n\n\n<h3 class=\"gb-headline gb-headline-fc2626d2 gb-headline-text\">AI-tegningsgenerator<\/h3>\n\n\n\n<p class=\"gb-headline gb-headline-83918771 gb-headline-text\">AI Drawing Generator omdanner tekstbeskeder til AI-genererede kunstv\u00e6rker med maskinl\u00e6ring.<\/p>\n\n<\/div><\/div>\n<\/div>\n\n\n<div style=\"height:100px\" aria-hidden=\"true\" class=\"wp-block-spacer\"><\/div>\n\n\n\n<h2 class=\"wp-block-heading\" id=\"free-ai-art-generator-unlocking-the-power-of-artificial-intelligence-in-art\"><strong>Gratis AI-kunstgenerator: Frig\u00f8relse af kraften i kunstig intelligens i kunsten<\/strong><\/h2>\n\n\n\n<h3 class=\"wp-block-heading\" id=\"outline\"><a href=\"https:\/\/dromerosm-groq-llama3.hf.space\/#outline\" target=\"_blank\" rel=\"noopener\"><\/a>Oversigt:<\/h3>\n\n\n\n<ul class=\"wp-block-list\">\n<li class=\"\">Hvad er en gratis AI-kunstgenerator?<\/li>\n\n\n\n<li class=\"\">Betydningen af gratis AI-kunstgeneratorer<\/li>\n\n\n\n<li class=\"\">Fordele ved at bruge en gratis AI-kunstgenerator<\/li>\n\n\n\n<li class=\"\">Passende scenarier for brug af en gratis AI-kunstgenerator<\/li>\n\n\n\n<li class=\"\">Hvem kan bruge en gratis AI Art Generator?<\/li>\n\n\n\n<li class=\"\">Top 10 relaterede v\u00e6rkt\u00f8jer og fordele og ulemper<\/li>\n\n\n\n<li class=\"\">10 Ofte stillede sp\u00f8rgsm\u00e5l<\/li>\n<\/ul>\n\n\n\n<h3 class=\"wp-block-heading\" id=\"what-is-a-free-ai-art-generator\"><a href=\"https:\/\/dromerosm-groq-llama3.hf.space\/#what-is-a-free-ai-art-generator\" target=\"_blank\" rel=\"noopener\"><\/a><strong>Hvad er en gratis AI-kunstgenerator?<\/strong><\/h3>\n\n\n\n<p class=\"\">En gratis AI-kunstgenerator er et onlinev\u00e6rkt\u00f8j, der bruger kunstig intelligens (AI) til at generere kunstv\u00e6rker baseret p\u00e5 brugerinput, f.eks. tekstbeskeder eller billeder. Disse v\u00e6rkt\u00f8jer bruger maskinl\u00e6ringsalgoritmer og generative AI-teknikker, som f.eks. stabil diffusion, til at skabe unikke og levende kunstv\u00e6rker.<\/p>\n\n\n\n<p class=\"\">Fremkomsten af gratis AI-kunstgeneratorer har demokratiseret kunstverdenen og gjort det muligt for alle at skabe fantastiske kunstv\u00e6rker uden at kr\u00e6ve omfattende kunstneriske f\u00e6rdigheder eller erfaring.<\/p>\n\n\n\n<h3 class=\"wp-block-heading\" id=\"importance-of-free-ai-art-generators\"><a href=\"https:\/\/dromerosm-groq-llama3.hf.space\/#importance-of-free-ai-art-generators\" target=\"_blank\" rel=\"noopener\"><\/a><strong>Betydningen af gratis AI-kunstgeneratorer<\/strong><\/h3>\n\n\n\n<p class=\"\">Gratis AI-kunstgeneratorer er blevet vigtige for forskellige brancher, herunder sociale medier, reklame og design. De tilbyder en r\u00e6kke fordele, bl.a:<\/p>\n\n\n\n<ul class=\"wp-block-list\">\n<li class=\"\"><strong>Tidsbesparende<\/strong>: Gratis AI-kunstgeneratorer kan producere kunstv\u00e6rker af h\u00f8j kvalitet p\u00e5 f\u00e5 minutter, hvilket sparer brugerne for timevis af manuelt arbejde.<\/li>\n\n\n\n<li class=\"\"><strong>Omkostningseffektiv<\/strong>: Disse v\u00e6rkt\u00f8jer eliminerer behovet for at ans\u00e6tte menneskelige kunstnere eller k\u00f8be dyr designsoftware.<\/li>\n\n\n\n<li class=\"\"><strong>Kreativ frihed<\/strong>: Gratis AI-kunstgeneratorer giver brugerne mulighed for at eksperimentere med forskellige stilarter, temaer og ideer, hvilket fremmer kreativitet og innovation.<\/li>\n<\/ul>\n\n\n\n<h3 class=\"wp-block-heading\" id=\"benefits-of-using-a-free-ai-art-generator\"><a href=\"https:\/\/dromerosm-groq-llama3.hf.space\/#benefits-of-using-a-free-ai-art-generator\" target=\"_blank\" rel=\"noopener\"><\/a><strong>Fordele ved at bruge en gratis AI-kunstgenerator<\/strong><\/h3>\n\n\n\n<p class=\"\">At bruge en gratis AI art-generator kan give mange fordele, bl.a:<\/p>\n\n\n\n<ul class=\"wp-block-list\">\n<li class=\"\"><strong>Kunst i professionel kvalitet<\/strong>: Gratis AI-kunstgeneratorer kan producere kunstv\u00e6rker, der kan m\u00e5le sig med menneskelige kunstneres, hvilket giver brugerne et professionelt resultat uden det store prisskilt.<\/li>\n\n\n\n<li class=\"\"><strong>\u00d8get produktivitet<\/strong>: Med muligheden for at generere illustrationer hurtigt og effektivt kan brugerne fokusere p\u00e5 andre aspekter af deres projekter, hvilket forbedrer den samlede produktivitet.<\/li>\n\n\n\n<li class=\"\"><strong>Ubegr\u00e6nset kreativitet<\/strong>: Gratis AI-kunstgeneratorer tilbyder et stort udvalg af kreative muligheder, s\u00e5 brugerne kan eksperimentere med forskellige stilarter, temaer og ideer.<\/li>\n<\/ul>\n\n\n\n<h3 class=\"wp-block-heading\" id=\"suitable-scenarios-for-using-a-free-ai-art-generator\"><a href=\"https:\/\/dromerosm-groq-llama3.hf.space\/#suitable-scenarios-for-using-a-free-ai-art-generator\" target=\"_blank\" rel=\"noopener\"><\/a><strong>Passende scenarier for brug af en gratis AI-kunstgenerator<\/strong><\/h3>\n\n\n\n<p class=\"\">Gratis AI-kunstgeneratorer er velegnede til forskellige scenarier, herunder:<\/p>\n\n\n\n<ul class=\"wp-block-list\">\n<li class=\"\"><strong>Oprettelse af indhold til sociale medier<\/strong>: Skab nemt i\u00f8jnefaldende opslag, bannere og annoncer p\u00e5 de sociale medier.<\/li>\n\n\n\n<li class=\"\"><strong>Reklame og markedsf\u00f8ring<\/strong>: Brug gratis AI-kunstgeneratorer til at skabe fantastiske reklamer, flyers og reklamematerialer.<\/li>\n\n\n\n<li class=\"\"><strong>Design- og kunstprojekter<\/strong>: Eksperiment\u00e9r med forskellige stilarter og temaer for at skabe unikke kunstv\u00e6rker, illustrationer og designs.<\/li>\n<\/ul>\n\n\n\n<h3 class=\"wp-block-heading\" id=\"who-can-use-a-free-ai-art-generator\"><a href=\"https:\/\/dromerosm-groq-llama3.hf.space\/#who-can-use-a-free-ai-art-generator\" target=\"_blank\" rel=\"noopener\"><\/a><strong>Hvem kan bruge en gratis AI Art Generator?<\/strong><\/h3>\n\n\n\n<p class=\"\">Alle kan bruge en gratis AI art-generator, uanset deres kunstneriske evner eller erfaring. Disse v\u00e6rkt\u00f8jer er perfekte til:<\/p>\n\n\n\n<ul class=\"wp-block-list\">\n<li class=\"\"><strong>Professionelle inden for marketing<\/strong>: Det er nemt at skabe engagerende indhold og reklamer til sociale medier.<\/li>\n\n\n\n<li class=\"\"><strong>Designere og kunstnere<\/strong>: Eksperiment\u00e9r med nye stilarter og temaer, eller brug gratis AI-kunstgeneratorer som udgangspunkt for deres projekter.<\/li>\n\n\n\n<li class=\"\"><strong>Ejere af sm\u00e5 virksomheder<\/strong>: Fremstil kunstv\u00e6rker i professionel kvalitet uden at det koster en formue.<\/li>\n<\/ul>\n\n\n\n<h3 class=\"wp-block-heading\" id=\"top-10-related-tools-and-pros-cons\"><a href=\"https:\/\/dromerosm-groq-llama3.hf.space\/#top-10-related-tools-and-pros-cons\" target=\"_blank\" rel=\"noopener\"><\/a><strong>Top 10 relaterede v\u00e6rkt\u00f8jer og fordele og ulemper<\/strong><\/h3>\n\n\n\n<p class=\"\">Her er de 10 bedste relaterede v\u00e6rkt\u00f8jer til gratis AI-kunstgeneratorer sammen med deres fordele og ulemper:<\/p>\n\n\n\n<figure class=\"wp-block-table\"><table class=\"has-fixed-layout\"><thead><tr><th>V\u00e6rkt\u00f8j<\/th><th>Fordele<\/th><th>Ulemper<\/th><\/tr><\/thead><tbody><tr><td><a href=\"https:\/\/aiartfree.online\/da\/gratis-ai-art-generator\/\" target=\"_blank\" rel=\"noreferrer noopener\">AI-kunst gratis online<\/a><\/td><td>Brugervenlig gr\u00e6nseflade, output i h\u00f8j kvalitet<\/td><td>Begr\u00e6nsede tilpasningsmuligheder<\/td><\/tr><tr><td>Generator for dybe dr\u00f8mme<\/td><td>Unikt, dr\u00f8mmeagtigt kunstv\u00e6rk<\/td><td>Begr\u00e6nset kontrol over output<\/td><\/tr><tr><td>Prisma<\/td><td>Konverterer fotos til kunstv\u00e6rker i forskellige stilarter<\/td><td>Begr\u00e6nsede tilpasningsmuligheder<\/td><\/tr><tr><td>Kunstopdr\u00e6tter<\/td><td>Interaktiv, brugerdrevet skabelse af kunstv\u00e6rker<\/td><td>Stejl indl\u00e6ringskurve<\/td><\/tr><tr><td>Dreamscope<\/td><td>AI-drevet illustrationsgenerator med forskellige stilarter<\/td><td>Begr\u00e6nset kontrol over output<\/td><\/tr><tr><td>AI-maleren<\/td><td>Skaber realistiske kunstv\u00e6rker i oliemaleristil<\/td><td>Begr\u00e6nsede tilpasningsmuligheder<\/td><\/tr><tr><td>AI-portr\u00e6tter<\/td><td>Konverterer fotos til AI-genererede portr\u00e6tter<\/td><td>Begr\u00e6nset kontrol over output<\/td><\/tr><tr><td>MyDeepArt<\/td><td>Brugervenlig gr\u00e6nseflade, output i h\u00f8j kvalitet<\/td><td>Begr\u00e6nsede tilpasningsmuligheder<\/td><\/tr><tr><td>AI Art Maker<\/td><td>Skaber unikke, abstrakte kunstv\u00e6rker<\/td><td>Begr\u00e6nset kontrol over output<\/td><\/tr><tr><td>MalingK\u00e6de<\/td><td>AI-drevet malerigenerator med forskellige stilarter<\/td><td>Stejl indl\u00e6ringskurve<\/td><\/tr><\/tbody><\/table><\/figure>\n\n\n\n<h3 class=\"wp-block-heading\" id=\"10-faqs\"><a href=\"https:\/\/dromerosm-groq-llama3.hf.space\/#10-faqs\" target=\"_blank\" rel=\"noopener\"><\/a><strong>10 Ofte stillede sp\u00f8rgsm\u00e5l<\/strong><\/h3>\n\n\n\n<p class=\"\">Her er de 10 hyppigst stillede sp\u00f8rgsm\u00e5l om gratis AI-kunstgeneratorer:<\/p>\n\n\n\n<ol class=\"wp-block-list\">\n<li class=\"\"><strong>Hvad er en gratis AI-kunstgenerator?<\/strong>\u00a0En gratis AI-kunstgenerator er et onlinev\u00e6rkt\u00f8j, der bruger kunstig intelligens til at generere kunstv\u00e6rker baseret p\u00e5 brugerinput.<\/li>\n\n\n\n<li class=\"\"><strong>Hvordan fungerer gratis AI-kunstgeneratorer?<\/strong>\u00a0Gratis AI-kunstgeneratorer bruger maskinl\u00e6ringsalgoritmer og generative AI-teknikker til at skabe unikke kunstv\u00e6rker baseret p\u00e5 brugerinput.<\/li>\n\n\n\n<li class=\"\"><strong>Hvad er fordelene ved at bruge en gratis AI art-generator?<\/strong>\u00a0Gratis AI-kunstgeneratorer giver tidsbesparende, omkostningseffektive og kreative frihedsfordele.<\/li>\n\n\n\n<li class=\"\"><strong>Er der nogen, der kan bruge en gratis AI art-generator?<\/strong>\u00a0Ja, alle kan bruge en gratis AI-kunstgenerator, uanset deres kunstneriske evner eller erfaring.<\/li>\n\n\n\n<li class=\"\"><strong>Hvilke scenarier egner sig til at bruge en gratis AI art-generator?<\/strong>\u00a0Gratis AI-kunstgeneratorer er velegnede til at skabe indhold til sociale medier, reklame, design og kunstprojekter.<\/li>\n\n\n\n<li class=\"\"><strong>Hvordan bruger jeg en gratis AI art-generator?<\/strong>\u00a0Du skal blot indtaste din tekst eller dit billede, s\u00e5 genererer v\u00e6rkt\u00f8jet et unikt kunstv\u00e6rk.<\/li>\n\n\n\n<li class=\"\"><strong>Hvad er kvaliteten af de kunstv\u00e6rker, der genereres af gratis AI-kunstgeneratorer?<\/strong>\u00a0Gratis AI-kunstgeneratorer kan producere kunstv\u00e6rker i professionel kvalitet, der kan m\u00e5le sig med menneskelige kunstneres.<\/li>\n\n\n\n<li class=\"\"><strong>Kan jeg tilpasse outputtet fra en gratis AI art-generator?<\/strong>\u00a0Nogle gratis AI-kunstgeneratorer tilbyder begr\u00e6nsede tilpasningsmuligheder, mens andre giver mere avanceret kontrol.<\/li>\n\n\n\n<li class=\"\"><strong>Er gratis AI-kunstgeneratorer nemme at bruge?<\/strong>\u00a0Ja, de fleste gratis AI-kunstgeneratorer har brugervenlige gr\u00e6nseflader, der g\u00f8r det nemt at generere kunstv\u00e6rker.<\/li>\n\n\n\n<li class=\"\"><strong>Er gratis AI-kunstgeneratorer gratis at bruge?<\/strong>\u00a0Ja, de fleste gratis AI-kunstgeneratorer er gratis at bruge, men nogle tilbyder premium-funktioner eller abonnementer.<\/li>\n<\/ol>","protected":false},"excerpt":{"rendered":"<p>Generate stunning AI-generated artwork with state-of-the-art, free AI art tools. Free AI Art Generator: Unlocking the Power of Artificial Intelligence in Art Outline: What is a Free AI Art Generator? A free AI art generator is an online tool that uses artificial intelligence (AI) to generate artwork based on user input, such as text prompts &#8230; <a title=\"Gratis AI-kunstgenerator\" class=\"read-more\" href=\"https:\/\/aiartfree.online\/da\/gratis-ai-art-generator\/\" aria-label=\"Read more about Free AI Art Generator\">L\u00e6s mere <\/a><\/p>","protected":false},"author":1,"featured_media":0,"parent":0,"menu_order":0,"comment_status":"closed","ping_status":"closed","template":"","meta":{"nf_dc_page":"","footnotes":""},"class_list":["post-3117","page","type-page","status-publish"],"jetpack_sharing_enabled":true,"_links":{"self":[{"href":"https:\/\/aiartfree.online\/da\/wp-json\/wp\/v2\/pages\/3117","targetHints":{"allow":["GET"]}}],"collection":[{"href":"https:\/\/aiartfree.online\/da\/wp-json\/wp\/v2\/pages"}],"about":[{"href":"https:\/\/aiartfree.online\/da\/wp-json\/wp\/v2\/types\/page"}],"author":[{"embeddable":true,"href":"https:\/\/aiartfree.online\/da\/wp-json\/wp\/v2\/users\/1"}],"replies":[{"embeddable":true,"href":"https:\/\/aiartfree.online\/da\/wp-json\/wp\/v2\/comments?post=3117"}],"version-history":[{"count":0,"href":"https:\/\/aiartfree.online\/da\/wp-json\/wp\/v2\/pages\/3117\/revisions"}],"wp:attachment":[{"href":"https:\/\/aiartfree.online\/da\/wp-json\/wp\/v2\/media?parent=3117"}],"curies":[{"name":"wp","href":"https:\/\/api.w.org\/{rel}","templated":true}]}}