{"id":3116,"date":"2024-07-21T07:42:22","date_gmt":"2024-07-21T07:42:22","guid":{"rendered":"https:\/\/aiartfree.online\/?page_id=3116"},"modified":"2024-07-21T07:51:46","modified_gmt":"2024-07-21T07:51:46","slug":"free-ai-image-generator","status":"publish","type":"page","link":"https:\/\/aiartfree.online\/da\/gratis-ai-billedgenerator\/","title":{"rendered":"Gratis AI-billedgenerator"},"content":{"rendered":"<p class=\"has-text-align-center\">Skab levende AI-genererede billeder ved hj\u00e6lp af avancerede AI-algoritmer og tekstprompter.<\/p>\n\n\n<div class=\"gb-grid-wrapper gb-grid-wrapper-060dec2f\">\n<div class=\"gb-grid-column gb-grid-column-04dcb2bb\"><div class=\"gb-container gb-container-04dcb2bb\">\n\n<figure class=\"gb-block-image gb-block-image-2373db5f\"><a href=\"https:\/\/aiartfree.online\/da\/gratis-online-midjourney\/\" target=\"_blank\" rel=\"noopener noreferrer\"><img data-recalc-dims=\"1\" decoding=\"async\" loading=\"lazy\" width=\"1024\" height=\"768\" class=\"gb-image gb-image-2373db5f\" src=\"https:\/\/i0.wp.com\/aiartfree.online\/wp-content\/uploads\/2024\/07\/What-Is-Midjourney-AI-and-How-Does-It-Work-1.jpg?resize=1024%2C768&#038;ssl=1\" alt=\"Gratis online midtvejsrejse\" title=\"Hvad er midtvejs-AI og hvordan fungerer det-1\" srcset=\"https:\/\/i0.wp.com\/aiartfree.online\/wp-content\/uploads\/2024\/07\/What-Is-Midjourney-AI-and-How-Does-It-Work-1.jpg?w=1024&amp;ssl=1 1024w, https:\/\/i0.wp.com\/aiartfree.online\/wp-content\/uploads\/2024\/07\/What-Is-Midjourney-AI-and-How-Does-It-Work-1.jpg?resize=600%2C450&amp;ssl=1 600w, https:\/\/i0.wp.com\/aiartfree.online\/wp-content\/uploads\/2024\/07\/What-Is-Midjourney-AI-and-How-Does-It-Work-1.jpg?resize=300%2C225&amp;ssl=1 300w, https:\/\/i0.wp.com\/aiartfree.online\/wp-content\/uploads\/2024\/07\/What-Is-Midjourney-AI-and-How-Does-It-Work-1.jpg?resize=768%2C576&amp;ssl=1 768w, https:\/\/i0.wp.com\/aiartfree.online\/wp-content\/uploads\/2024\/07\/What-Is-Midjourney-AI-and-How-Does-It-Work-1.jpg?resize=16%2C12&amp;ssl=1 16w\" sizes=\"auto, (max-width: 1024px) 100vw, 1024px\" \/><\/a><\/figure>\n\n\n\n<h3 class=\"gb-headline gb-headline-b94667ce gb-headline-text\">Gratis online midtvejsrejse<\/h3>\n\n\n\n<p class=\"gb-headline gb-headline-a433ec01 gb-headline-text\">Skab fantastiske AI-genererede kunstv\u00e6rker uden besv\u00e6r med Midjourney.<\/p>\n\n<\/div><\/div>\n\n<div class=\"gb-grid-column gb-grid-column-d389befc\"><div class=\"gb-container gb-container-d389befc\">\n\n<figure class=\"gb-block-image gb-block-image-e89bda53\"><a href=\"https:\/\/aiartfree.online\/da\/gratis-online-stabil-diffusion-3\/\" target=\"_blank\" rel=\"noopener noreferrer\"><img data-recalc-dims=\"1\" decoding=\"async\" loading=\"lazy\" width=\"1200\" height=\"686\" class=\"gb-image gb-image-e89bda53\" src=\"https:\/\/i0.wp.com\/aiartfree.online\/wp-content\/uploads\/2024\/07\/image-90.jpg?resize=1200%2C686&#038;ssl=1\" alt=\"Gratis online stabil diffusion 3\" title=\"billede-90\" srcset=\"https:\/\/i0.wp.com\/aiartfree.online\/wp-content\/uploads\/2024\/07\/image-90.jpg?w=1344&amp;ssl=1 1344w, https:\/\/i0.wp.com\/aiartfree.online\/wp-content\/uploads\/2024\/07\/image-90.jpg?resize=600%2C343&amp;ssl=1 600w, https:\/\/i0.wp.com\/aiartfree.online\/wp-content\/uploads\/2024\/07\/image-90.jpg?resize=300%2C171&amp;ssl=1 300w, https:\/\/i0.wp.com\/aiartfree.online\/wp-content\/uploads\/2024\/07\/image-90.jpg?resize=1024%2C585&amp;ssl=1 1024w, https:\/\/i0.wp.com\/aiartfree.online\/wp-content\/uploads\/2024\/07\/image-90.jpg?resize=768%2C439&amp;ssl=1 768w, https:\/\/i0.wp.com\/aiartfree.online\/wp-content\/uploads\/2024\/07\/image-90.jpg?resize=18%2C10&amp;ssl=1 18w\" sizes=\"auto, (max-width: 1200px) 100vw, 1200px\" \/><\/a><\/figure>\n\n\n\n<h3 class=\"gb-headline gb-headline-adce07b4 gb-headline-text\">Stabil diffusion 3<\/h3>\n\n\n\n<p class=\"gb-headline gb-headline-499da18c gb-headline-text\">Brug Stable Diffusion 3 til at skabe billeder med state-of-the-art AI-algoritmer.<\/p>\n\n<\/div><\/div>\n\n<div class=\"gb-grid-column gb-grid-column-5c592b98\"><div class=\"gb-container gb-container-5c592b98\">\n\n<figure class=\".wp-block-image {  position: relative; overflow: hidden; } img max-width: 100%; transition: transform 0.3s; .wp-block-image:hover transform: scale(1.2); gb-block-image gb-block-image-357d3677\"><a href=\"https:\/\/aiartfree.online\/da\/fri-dalle-3\/\" target=\"_blank\" rel=\"noopener noreferrer\"><img data-recalc-dims=\"1\" decoding=\"async\" loading=\"lazy\" width=\"1200\" height=\"1200\" class=\"gb-image gb-image-357d3677 .wp-block-image {     position: relative;     overflow: hidden; } .wp-block-image img {     max-width: 100%;     transition: transform 0.3s; } .wp-block-image:hover img {     transform: scale(1.2); }\" src=\"https:\/\/i0.wp.com\/aiartfree.online\/wp-content\/uploads\/2024\/07\/avocado-square-1-1-1-1-1-1-1-1-1-1-1-1-1.jpg?resize=1200%2C1200&#038;ssl=1\" alt=\"Gratis online DALL-E 3\" title=\"avocado-square (1) (1) (1) (1) (1) (1) (1) (1) (1) (1) (1) (1) (1)\" srcset=\"https:\/\/i0.wp.com\/aiartfree.online\/wp-content\/uploads\/2024\/07\/avocado-square-1-1-1-1-1-1-1-1-1-1-1-1-1.jpg?w=1792&amp;ssl=1 1792w, https:\/\/i0.wp.com\/aiartfree.online\/wp-content\/uploads\/2024\/07\/avocado-square-1-1-1-1-1-1-1-1-1-1-1-1-1.jpg?resize=300%2C300&amp;ssl=1 300w, https:\/\/i0.wp.com\/aiartfree.online\/wp-content\/uploads\/2024\/07\/avocado-square-1-1-1-1-1-1-1-1-1-1-1-1-1.jpg?resize=100%2C100&amp;ssl=1 100w, https:\/\/i0.wp.com\/aiartfree.online\/wp-content\/uploads\/2024\/07\/avocado-square-1-1-1-1-1-1-1-1-1-1-1-1-1.jpg?resize=600%2C600&amp;ssl=1 600w, https:\/\/i0.wp.com\/aiartfree.online\/wp-content\/uploads\/2024\/07\/avocado-square-1-1-1-1-1-1-1-1-1-1-1-1-1.jpg?resize=1024%2C1024&amp;ssl=1 1024w, https:\/\/i0.wp.com\/aiartfree.online\/wp-content\/uploads\/2024\/07\/avocado-square-1-1-1-1-1-1-1-1-1-1-1-1-1.jpg?resize=150%2C150&amp;ssl=1 150w, https:\/\/i0.wp.com\/aiartfree.online\/wp-content\/uploads\/2024\/07\/avocado-square-1-1-1-1-1-1-1-1-1-1-1-1-1.jpg?resize=768%2C768&amp;ssl=1 768w, https:\/\/i0.wp.com\/aiartfree.online\/wp-content\/uploads\/2024\/07\/avocado-square-1-1-1-1-1-1-1-1-1-1-1-1-1.jpg?resize=1536%2C1536&amp;ssl=1 1536w, https:\/\/i0.wp.com\/aiartfree.online\/wp-content\/uploads\/2024\/07\/avocado-square-1-1-1-1-1-1-1-1-1-1-1-1-1.jpg?resize=12%2C12&amp;ssl=1 12w\" sizes=\"auto, (max-width: 1200px) 100vw, 1200px\" \/><\/a><\/figure>\n\n\n\n<h3 class=\"gb-headline gb-headline-757b1ea4 gb-headline-text\">DALL-E 3<\/h3>\n\n\n\n<p class=\"gb-headline gb-headline-fe2eab63 gb-headline-text\">Udforsk de kreative muligheder med gratis online DALL-E 3.<\/p>\n\n<\/div><\/div>\n\n<div class=\"gb-grid-column gb-grid-column-f814b0e2\"><div class=\"gb-container gb-container-f814b0e2\">\n\n<figure class=\".wp-block-image {  position: relative; overflow: hidden; } img max-width: 100%; transition: transform 0.3s; .wp-block-image:hover transform: scale(1.2); gb-block-image gb-block-image-c52efc8e\"><a href=\"https:\/\/aiartfree.online\/da\/bing-ai-billedgenerator\/\" target=\"_blank\" rel=\"noopener noreferrer\"><img data-recalc-dims=\"1\" decoding=\"async\" loading=\"lazy\" width=\"1024\" height=\"1024\" class=\"gb-image gb-image-c52efc8e .wp-block-image {     position: relative;     overflow: hidden; } .wp-block-image img {     max-width: 100%;     transition: transform 0.3s; } .wp-block-image:hover img {     transform: scale(1.2); }\" src=\"https:\/\/i0.wp.com\/aiartfree.online\/wp-content\/uploads\/2024\/07\/b9cb406d-bffd-446e-9f65-c20776dc6cda.jpg?resize=1024%2C1024&#038;ssl=1\" alt=\"\" title=\"b9cb406d-bffd-446e-9f65-c20776dc6cda\" srcset=\"https:\/\/i0.wp.com\/aiartfree.online\/wp-content\/uploads\/2024\/07\/b9cb406d-bffd-446e-9f65-c20776dc6cda.jpg?w=1024&amp;ssl=1 1024w, https:\/\/i0.wp.com\/aiartfree.online\/wp-content\/uploads\/2024\/07\/b9cb406d-bffd-446e-9f65-c20776dc6cda.jpg?resize=300%2C300&amp;ssl=1 300w, https:\/\/i0.wp.com\/aiartfree.online\/wp-content\/uploads\/2024\/07\/b9cb406d-bffd-446e-9f65-c20776dc6cda.jpg?resize=150%2C150&amp;ssl=1 150w, https:\/\/i0.wp.com\/aiartfree.online\/wp-content\/uploads\/2024\/07\/b9cb406d-bffd-446e-9f65-c20776dc6cda.jpg?resize=768%2C768&amp;ssl=1 768w, https:\/\/i0.wp.com\/aiartfree.online\/wp-content\/uploads\/2024\/07\/b9cb406d-bffd-446e-9f65-c20776dc6cda.jpg?resize=12%2C12&amp;ssl=1 12w, https:\/\/i0.wp.com\/aiartfree.online\/wp-content\/uploads\/2024\/07\/b9cb406d-bffd-446e-9f65-c20776dc6cda.jpg?resize=600%2C600&amp;ssl=1 600w, https:\/\/i0.wp.com\/aiartfree.online\/wp-content\/uploads\/2024\/07\/b9cb406d-bffd-446e-9f65-c20776dc6cda.jpg?resize=100%2C100&amp;ssl=1 100w\" sizes=\"auto, (max-width: 1024px) 100vw, 1024px\" \/><\/a><\/figure>\n\n\n\n<h3 class=\"gb-headline gb-headline-44aa6af8 gb-headline-text\">Bing AI-billedgenerator<\/h3>\n\n\n\n<p class=\"gb-headline gb-headline-27d06265 gb-headline-text\">Brug Bing AI Image Generator til at skabe fantastiske AI-genererede billeder med en simpel tekstprompt.<\/p>\n\n<\/div><\/div>\n<\/div>\n\n\n<div style=\"height:100px\" aria-hidden=\"true\" class=\"wp-block-spacer\"><\/div>\n\n\n\n<h2 class=\"wp-block-heading has-text-align-center\" id=\"what-is-a-free-ai-image-generator\"><strong>Gratis AI-billedgenerator: Revolutionerer skabelsen af visuelt indhold<\/strong><a href=\"https:\/\/dromerosm-groq-llama3.hf.space\/#what-is-a-free-ai-image-generator\" target=\"_blank\" rel=\"noopener\"><\/a><\/h2>\n\n\n\n<h3 class=\"wp-block-heading\" id=\"outline\"><a href=\"https:\/\/dromerosm-groq-llama3.hf.space\/#outline\" target=\"_blank\" rel=\"noopener\"><\/a>Oversigt:<\/h3>\n\n\n\n<ul class=\"wp-block-list\">\n<li class=\"\">Hvad er en gratis AI-billedgenerator?<\/li>\n\n\n\n<li class=\"\">Betydningen af gratis AI-billedgeneratorer<\/li>\n\n\n\n<li class=\"\">Fordele ved at bruge en gratis AI-billedgenerator<\/li>\n\n\n\n<li class=\"\">Passende scenarier for brug af en gratis AI-billedgenerator<\/li>\n\n\n\n<li class=\"\">Hvem kan bruge en gratis AI-billedgenerator?<\/li>\n\n\n\n<li class=\"\">Top 10 relaterede v\u00e6rkt\u00f8jer og fordele og ulemper<\/li>\n\n\n\n<li class=\"\">10 Ofte stillede sp\u00f8rgsm\u00e5l<\/li>\n<\/ul>\n\n\n\n<h3 class=\"wp-block-heading\" id=\"what-is-a-free-ai-image-generator\"><a href=\"https:\/\/dromerosm-groq-llama3.hf.space\/#what-is-a-free-ai-image-generator\" target=\"_blank\" rel=\"noopener\"><\/a><strong>Hvad er en gratis AI-billedgenerator?<\/strong><\/h3>\n\n\n\n<p class=\"\">En gratis AI-billedgenerator er et onlinev\u00e6rkt\u00f8j, der bruger kunstig intelligens (AI) til at generere billeder af h\u00f8j kvalitet baseret p\u00e5 brugerinput, som f.eks. tekstbeskeder eller enkle skitser. Disse v\u00e6rkt\u00f8jer bruger maskinl\u00e6ringsalgoritmer og generative AI-teknikker, som f.eks. stabil diffusion, til at skabe unikke og realistiske billeder.<\/p>\n\n\n\n<p class=\"\">Fremkomsten af gratis AI-billedgeneratorer har demokratiseret skabelsen af visuelt indhold og gjort det muligt for alle at producere billeder i professionel kvalitet uden at kr\u00e6ve omfattende kunstneriske f\u00e6rdigheder eller erfaring.<\/p>\n\n\n\n<h3 class=\"wp-block-heading\" id=\"importance-of-free-ai-image-generators\"><a href=\"https:\/\/dromerosm-groq-llama3.hf.space\/#importance-of-free-ai-image-generators\" target=\"_blank\" rel=\"noopener\"><\/a><strong>Betydningen af gratis AI-billedgeneratorer<\/strong><\/h3>\n\n\n\n<p class=\"\">Gratis AI-billedgeneratorer er blevet vigtige for forskellige brancher, herunder sociale medier, reklame og design. De tilbyder en r\u00e6kke fordele, bl.a:<\/p>\n\n\n\n<ul class=\"wp-block-list\">\n<li class=\"\"><strong>Tidsbesparende<\/strong>: Gratis AI-billedgeneratorer kan producere billeder i h\u00f8j kvalitet p\u00e5 f\u00e5 minutter, hvilket sparer brugerne for timevis af manuelt arbejde.<\/li>\n\n\n\n<li class=\"\"><strong>Omkostningseffektiv<\/strong>: Disse v\u00e6rkt\u00f8jer eliminerer behovet for at ans\u00e6tte menneskelige designere eller k\u00f8be dyr software.<\/li>\n\n\n\n<li class=\"\"><strong>Kreativ frihed<\/strong>: Gratis AI-billedgeneratorer giver brugerne mulighed for at eksperimentere med forskellige stilarter, temaer og ideer, hvilket fremmer kreativitet og innovation.<\/li>\n<\/ul>\n\n\n\n<h3 class=\"wp-block-heading\" id=\"benefits-of-using-a-free-ai-image-generator\"><a href=\"https:\/\/dromerosm-groq-llama3.hf.space\/#benefits-of-using-a-free-ai-image-generator\" target=\"_blank\" rel=\"noopener\"><\/a><strong>Fordele ved at bruge en gratis AI-billedgenerator<\/strong><\/h3>\n\n\n\n<p class=\"\">At bruge en gratis AI-billedgenerator kan give mange fordele, bl.a:<\/p>\n\n\n\n<ul class=\"wp-block-list\">\n<li class=\"\"><strong>Billeder i professionel kvalitet<\/strong>: Gratis AI-billedgeneratorer kan producere billeder, der kan konkurrere med menneskelige designeres, og giver brugerne et professionelt resultat uden det store prisskilt.<\/li>\n\n\n\n<li class=\"\"><strong>\u00d8get produktivitet<\/strong>: Med muligheden for at generere billeder hurtigt og effektivt kan brugerne fokusere p\u00e5 andre aspekter af deres projekter, hvilket forbedrer den samlede produktivitet.<\/li>\n\n\n\n<li class=\"\"><strong>Ubegr\u00e6nset kreativitet<\/strong>: Gratis AI-billedgeneratorer tilbyder et stort udvalg af kreative muligheder, s\u00e5 brugerne kan eksperimentere med forskellige stilarter, temaer og ideer.<\/li>\n<\/ul>\n\n\n\n<h3 class=\"wp-block-heading\" id=\"suitable-scenarios-for-using-a-free-ai-image-generator\"><a href=\"https:\/\/dromerosm-groq-llama3.hf.space\/#suitable-scenarios-for-using-a-free-ai-image-generator\" target=\"_blank\" rel=\"noopener\"><\/a><strong>Passende scenarier for brug af en gratis AI-billedgenerator<\/strong><\/h3>\n\n\n\n<p class=\"\">Gratis AI-billedgeneratorer er velegnede til forskellige scenarier, herunder:<\/p>\n\n\n\n<ul class=\"wp-block-list\">\n<li class=\"\"><strong>Oprettelse af indhold til sociale medier<\/strong>: Skab nemt i\u00f8jnefaldende opslag, bannere og annoncer p\u00e5 de sociale medier.<\/li>\n\n\n\n<li class=\"\"><strong>Reklame og markedsf\u00f8ring<\/strong>: Brug gratis AI-billedgeneratorer til at skabe fantastiske reklamer, flyers og reklamematerialer.<\/li>\n\n\n\n<li class=\"\"><strong>Design- og kunstprojekter<\/strong>: Eksperiment\u00e9r med forskellige stilarter og temaer for at skabe unikke kunstv\u00e6rker, illustrationer og designs.<\/li>\n<\/ul>\n\n\n\n<h3 class=\"wp-block-heading\" id=\"who-can-use-a-free-ai-image-generator\"><a href=\"https:\/\/dromerosm-groq-llama3.hf.space\/#who-can-use-a-free-ai-image-generator\" target=\"_blank\" rel=\"noopener\"><\/a><strong>Hvem kan bruge en gratis AI-billedgenerator?<\/strong><\/h3>\n\n\n\n<p class=\"\">Alle kan bruge en gratis AI-billedgenerator, uanset deres kunstneriske evner eller erfaring. Disse v\u00e6rkt\u00f8jer er perfekte til:<\/p>\n\n\n\n<ul class=\"wp-block-list\">\n<li class=\"\"><strong>Professionelle inden for marketing<\/strong>: Det er nemt at skabe engagerende indhold og reklamer til sociale medier.<\/li>\n\n\n\n<li class=\"\"><strong>Designere og kunstnere<\/strong>: Eksperiment\u00e9r med nye stilarter og temaer, eller brug gratis AI-billedgeneratorer som udgangspunkt for deres projekter.<\/li>\n\n\n\n<li class=\"\"><strong>Ejere af sm\u00e5 virksomheder<\/strong>: Fremstil billeder i professionel kvalitet uden at spr\u00e6nge budgettet.<\/li>\n<\/ul>\n\n\n\n<h3 class=\"wp-block-heading\" id=\"top-10-related-tools-and-pros-cons\"><a href=\"https:\/\/dromerosm-groq-llama3.hf.space\/#top-10-related-tools-and-pros-cons\" target=\"_blank\" rel=\"noopener\"><\/a><strong>Top 10 relaterede v\u00e6rkt\u00f8jer og fordele og ulemper<\/strong><\/h3>\n\n\n\n<p class=\"\">Her er de 10 bedste relaterede v\u00e6rkt\u00f8jer til gratis AI-billedgeneratorer sammen med deres fordele og ulemper:<\/p>\n\n\n\n<figure class=\"wp-block-table\"><table class=\"has-fixed-layout\"><thead><tr><th>V\u00e6rkt\u00f8j<\/th><th>Fordele<\/th><th>Ulemper<\/th><\/tr><\/thead><tbody><tr><td><a href=\"https:\/\/aiartfree.online\/da\/gratis-ai-billedgenerator\/\" target=\"_blank\" rel=\"noreferrer noopener\">AI-kunst gratis online<\/a><\/td><td>Brugervenlig gr\u00e6nseflade, output i h\u00f8j kvalitet<\/td><td>Begr\u00e6nsede tilpasningsmuligheder<\/td><\/tr><tr><td>Generator for dybe dr\u00f8mme<\/td><td>Unikke, dr\u00f8mmeagtige billeder<\/td><td>Begr\u00e6nset kontrol over output<\/td><\/tr><tr><td>Prisma<\/td><td>Konverterer fotos til kunstv\u00e6rker i forskellige stilarter<\/td><td>Begr\u00e6nsede tilpasningsmuligheder<\/td><\/tr><tr><td>Kunstopdr\u00e6tter<\/td><td>Interaktiv, brugerdrevet billedskabelse<\/td><td>Stejl indl\u00e6ringskurve<\/td><\/tr><tr><td>Dreamscope<\/td><td>AI-drevet billedgenerator med forskellige stilarter<\/td><td>Begr\u00e6nset kontrol over output<\/td><\/tr><tr><td>AI-maleren<\/td><td>Skaber realistiske billeder i oliemaleristil<\/td><td>Begr\u00e6nsede tilpasningsmuligheder<\/td><\/tr><tr><td>AI-portr\u00e6tter<\/td><td>Konverterer fotos til AI-genererede portr\u00e6tter<\/td><td>Begr\u00e6nset kontrol over output<\/td><\/tr><tr><td>MyDeepArt<\/td><td>Brugervenlig gr\u00e6nseflade, output i h\u00f8j kvalitet<\/td><td>Begr\u00e6nsede tilpasningsmuligheder<\/td><\/tr><tr><td>AI Art Maker<\/td><td>Skaber unikke, abstrakte billeder<\/td><td>Begr\u00e6nset kontrol over output<\/td><\/tr><tr><td>MalingK\u00e6de<\/td><td>AI-drevet malerigenerator med forskellige stilarter<\/td><td>Stejl indl\u00e6ringskurve<\/td><\/tr><\/tbody><\/table><\/figure>\n\n\n\n<h3 class=\"wp-block-heading\" id=\"10-faqs\"><a href=\"https:\/\/dromerosm-groq-llama3.hf.space\/#10-faqs\" target=\"_blank\" rel=\"noopener\"><\/a><strong>10 Ofte stillede sp\u00f8rgsm\u00e5l<\/strong><\/h3>\n\n\n\n<p class=\"\">Her er de 10 hyppigst stillede sp\u00f8rgsm\u00e5l om gratis AI-billedgeneratorer:<\/p>\n\n\n\n<ol class=\"wp-block-list\">\n<li class=\"\"><strong>Hvad er en gratis AI-billedgenerator?<\/strong>\u00a0En gratis AI-billedgenerator er et onlinev\u00e6rkt\u00f8j, der bruger kunstig intelligens til at generere billeder af h\u00f8j kvalitet baseret p\u00e5 brugerinput.<\/li>\n\n\n\n<li class=\"\"><strong>Hvordan fungerer gratis AI-billedgeneratorer?<\/strong>\u00a0Gratis AI-billedgeneratorer bruger maskinl\u00e6ringsalgoritmer og generative AI-teknikker til at skabe unikke og realistiske billeder.<\/li>\n\n\n\n<li class=\"\"><strong>Hvad er fordelene ved at bruge en gratis AI-billedgenerator?<\/strong>\u00a0Gratis AI-billedgeneratorer giver tidsbesparende, omkostningseffektive og kreative frihedsfordele.<\/li>\n\n\n\n<li class=\"\"><strong>Er der nogen, der kan bruge en gratis AI-billedgenerator?<\/strong>\u00a0Ja, alle kan bruge en gratis AI-billedgenerator, uanset deres kunstneriske evner eller erfaring.<\/li>\n\n\n\n<li class=\"\"><strong>Hvilke scenarier egner sig til at bruge en gratis AI-billedgenerator?<\/strong>\u00a0Gratis AI-billedgeneratorer er velegnede til at skabe indhold til sociale medier, reklame, design og kunstprojekter.<\/li>\n\n\n\n<li class=\"\"><strong>Hvordan bruger jeg en gratis AI-billedgenerator?<\/strong>\u00a0Du skal blot indtaste din tekst eller en simpel skitse, s\u00e5 genererer v\u00e6rkt\u00f8jet et unikt billede.<\/li>\n\n\n\n<li class=\"\"><strong>Hvad er kvaliteten af de billeder, der genereres af gratis AI-billedgeneratorer?<\/strong>\u00a0Gratis AI-billedgeneratorer kan producere billeder i professionel kvalitet, der kan konkurrere med menneskelige designeres.<\/li>\n\n\n\n<li class=\"\"><strong>Kan jeg tilpasse outputtet fra en gratis AI-billedgenerator?<\/strong>\u00a0Nogle gratis AI-billedgeneratorer tilbyder begr\u00e6nsede tilpasningsmuligheder, mens andre giver mere avanceret kontrol.<\/li>\n\n\n\n<li class=\"\"><strong>Er gratis AI-billedgeneratorer nemme at bruge?<\/strong>\u00a0Ja, de fleste gratis AI-billedgeneratorer har brugervenlige gr\u00e6nseflader, der g\u00f8r det nemt at generere billeder.<\/li>\n\n\n\n<li class=\"\"><strong>Er gratis AI-billedgeneratorer gratis at bruge?<\/strong>\u00a0Ja, de fleste gratis AI-billedgeneratorer er gratis at bruge, men nogle tilbyder premium-funktioner eller abonnementer.<\/li>\n<\/ol>","protected":false},"excerpt":{"rendered":"<p>Skab levende AI-genererede billeder ved hj\u00e6lp af avancerede AI-algoritmer og tekstprompter. Gratis AI-billedgenerator: Revolutionerende skabelse af visuelt indhold Oversigt: Hvad er en gratis AI-billedgenerator? En gratis AI-billedgenerator er et onlinev\u00e6rkt\u00f8j, der bruger kunstig intelligens (AI) til at generere billeder af h\u00f8j kvalitet baseret p\u00e5 brugerinput, f.eks. tekstprompter eller enkle ... <a title=\"Gratis AI-billedgenerator\" class=\"read-more\" href=\"https:\/\/aiartfree.online\/da\/gratis-ai-billedgenerator\/\" aria-label=\"Read more about Free AI Image Generator\">L\u00e6s mere <\/a><\/p>","protected":false},"author":1,"featured_media":0,"parent":0,"menu_order":0,"comment_status":"closed","ping_status":"closed","template":"","meta":{"nf_dc_page":"","footnotes":""},"class_list":["post-3116","page","type-page","status-publish"],"jetpack_sharing_enabled":true,"_links":{"self":[{"href":"https:\/\/aiartfree.online\/da\/wp-json\/wp\/v2\/pages\/3116","targetHints":{"allow":["GET"]}}],"collection":[{"href":"https:\/\/aiartfree.online\/da\/wp-json\/wp\/v2\/pages"}],"about":[{"href":"https:\/\/aiartfree.online\/da\/wp-json\/wp\/v2\/types\/page"}],"author":[{"embeddable":true,"href":"https:\/\/aiartfree.online\/da\/wp-json\/wp\/v2\/users\/1"}],"replies":[{"embeddable":true,"href":"https:\/\/aiartfree.online\/da\/wp-json\/wp\/v2\/comments?post=3116"}],"version-history":[{"count":0,"href":"https:\/\/aiartfree.online\/da\/wp-json\/wp\/v2\/pages\/3116\/revisions"}],"wp:attachment":[{"href":"https:\/\/aiartfree.online\/da\/wp-json\/wp\/v2\/media?parent=3116"}],"curies":[{"name":"wp","href":"https:\/\/api.w.org\/{rel}","templated":true}]}}