{"id":2986,"date":"2024-07-19T17:43:48","date_gmt":"2024-07-19T17:43:48","guid":{"rendered":"https:\/\/aiartfree.online\/?page_id=2986"},"modified":"2025-03-07T08:22:52","modified_gmt":"2025-03-07T08:22:52","slug":"video-to-gif","status":"publish","type":"page","link":"https:\/\/aiartfree.online\/da\/video-til-gif\/","title":{"rendered":"Gratis video til GIF"},"content":{"rendered":"<h2 class=\"wp-block-heading\">S\u00e5dan bruger du Video til GIF<\/h2>\n\n\n\n<ol class=\"wp-block-list\">\n<li class=\"\">Drop eller upload din yndlingsvideo<\/li>\n\n\n\n<li class=\"\">Rul ned, og klik p\u00e5 \"Generer animeret GIF\"<\/li>\n\n\n\n<li class=\"\">Vent omkring 9-14 sekunder, det er det hele!<\/li>\n\n\n\n<li class=\"\">Download den, s\u00e5 du kan dele den med dine venner<\/li>\n<\/ol>\n\n\n\n<figure class=\"gb-block-image gb-block-image-4dfafe81\"><a href=\"https:\/\/fas.st\/t\/XmtmoHSk\" target=\"_blank\" rel=\"noopener noreferrer\"><img data-recalc-dims=\"1\" decoding=\"async\" loading=\"lazy\" width=\"1200\" height=\"368\" class=\"gb-image gb-image-4dfafe81\" src=\"https:\/\/i0.wp.com\/aiartfree.online\/wp-content\/uploads\/2025\/03\/WX20250307-114300%402x.webp?resize=1200%2C368&#038;ssl=1\" alt=\"\" title=\"WX20250307-114300@2x\" srcset=\"https:\/\/i0.wp.com\/aiartfree.online\/wp-content\/uploads\/2025\/03\/WX20250307-114300%402x.webp?w=1900&amp;ssl=1 1900w, https:\/\/i0.wp.com\/aiartfree.online\/wp-content\/uploads\/2025\/03\/WX20250307-114300%402x.webp?resize=300%2C92&amp;ssl=1 300w, https:\/\/i0.wp.com\/aiartfree.online\/wp-content\/uploads\/2025\/03\/WX20250307-114300%402x.webp?resize=1024%2C314&amp;ssl=1 1024w, https:\/\/i0.wp.com\/aiartfree.online\/wp-content\/uploads\/2025\/03\/WX20250307-114300%402x.webp?resize=768%2C235&amp;ssl=1 768w, https:\/\/i0.wp.com\/aiartfree.online\/wp-content\/uploads\/2025\/03\/WX20250307-114300%402x.webp?resize=1536%2C471&amp;ssl=1 1536w, https:\/\/i0.wp.com\/aiartfree.online\/wp-content\/uploads\/2025\/03\/WX20250307-114300%402x.webp?resize=18%2C6&amp;ssl=1 18w, https:\/\/i0.wp.com\/aiartfree.online\/wp-content\/uploads\/2025\/03\/WX20250307-114300%402x.webp?resize=600%2C184&amp;ssl=1 600w\" sizes=\"auto, (max-width: 1200px) 100vw, 1200px\" \/><\/a><\/figure>\n\n\n\n<p class=\"\"><em>* Afh\u00e6ngigt af din internethastighed kan det tage et par sekunder at indl\u00e6se modellen.<br>* Der vil v\u00e6re caching under kontinuerlig generering, og det nye billede vil blive vist efter ca. 3 sekunder.<\/em><\/p>\n\n\n\n<div style=\"text-align: center;\">\n  <iframe loading=\"lazy\"\n    src=\"https:\/\/fariyan-gif-studio.hf.space\"\n    frameborder=\"0\"\n    width=\"1200\"\n    height=\"2500\"\n    style=\"display: inline-block; margin: 0 auto;\"\n  ><\/iframe>\n<\/div>\n\n\n\n<div style=\"height:50px\" aria-hidden=\"true\" class=\"wp-block-spacer\"><\/div>\n\n\n\n<h2 class=\"wp-block-heading\">Introduktion af video til GIF<\/h2>\n\n\n\n<p class=\"\">I en tid, hvor man skaber digitalt indhold, er det at omdanne videoer til GIF'er blevet en popul\u00e6r m\u00e5de at dele \u00f8jeblikke p\u00e5 i et dynamisk, men kompakt format. Denne guide vil udforske konceptet med at konvertere videoer til GIF'er, vigtigheden af denne proces, de bedste tilg\u00e6ngelige v\u00e6rkt\u00f8jer og besvare nogle ofte stillede sp\u00f8rgsm\u00e5l.<\/p>\n\n\n\n<h3 class=\"wp-block-heading\">Indholdsfortegnelse<\/h3>\n\n\n\n<ol class=\"wp-block-list\">\n<li class=\"\">Hvad er video til GIF?<\/li>\n\n\n\n<li class=\"\">Hvorfor bruge video til GIF?<\/li>\n\n\n\n<li class=\"\">Egnede brugere eller brancher<\/li>\n\n\n\n<li class=\"\">Top 10 v\u00e6rkt\u00f8jer og information<\/li>\n\n\n\n<li class=\"\">Ofte stillede sp\u00f8rgsm\u00e5l<\/li>\n<\/ol>\n\n\n\n<h3 class=\"wp-block-heading\">Hvad er video til GIF?<\/h3>\n\n\n\n<p class=\"\">Konvertering af video til GIF indeb\u00e6rer, at man omdanner en videofil til et GIF-billede. GIF'er, eller Graphics Interchange Format-billeder, er meget udbredte p\u00e5 sociale medier og hjemmesider p\u00e5 grund af deres evne til at loope animationer og deres relativt lille filst\u00f8rrelse. Denne proces giver brugerne mulighed for at tage et segment af en video og konvertere det til et animeret billede, som nemt kan deles og ses p\u00e5 tv\u00e6rs af forskellige platforme.<\/p>\n\n\n\n<h3 class=\"wp-block-heading\">Hvorfor bruge video til GIF?<\/h3>\n\n\n\n<p class=\"\">Der er flere fordele ved at konvertere video til GIF:<\/p>\n\n\n\n<ul class=\"wp-block-list\">\n<li class=\"\"><strong>Forlovelse<\/strong>: GIF'er er i\u00f8jnefaldende og kan hurtigt fange seernes opm\u00e6rksomhed.<\/li>\n\n\n\n<li class=\"\"><strong>Kompatibilitet<\/strong>: GIF'er underst\u00f8ttes af de fleste sociale medieplatforme og messaging-apps.<\/li>\n\n\n\n<li class=\"\"><strong>Filst\u00f8rrelse<\/strong>: Sammenlignet med videoer er GIF'er mindre i st\u00f8rrelse, hvilket g\u00f8r dem lettere at uploade og dele.<\/li>\n\n\n\n<li class=\"\"><strong>Kreativitet<\/strong>: GIF'er giver mulighed for kreativt udtryk ved at fremh\u00e6ve bestemte \u00f8jeblikke eller tilf\u00f8je humor gennem looping-animationer.<\/li>\n<\/ul>\n\n\n\n<h3 class=\"wp-block-heading\">Egnede brugere eller brancher<\/h3>\n\n\n\n<p class=\"\">Konverteringen fra video til GIF er gavnlig for forskellige brugere og brancher, herunder:<\/p>\n\n\n\n<ul class=\"wp-block-list\">\n<li class=\"\"><strong>Influencere p\u00e5 sociale medier<\/strong>: At skabe engagerende indhold, der skiller sig ud.<\/li>\n\n\n\n<li class=\"\"><strong>Markedsf\u00f8rere<\/strong>: For at forbedre reklamer og salgsfremmende materialer.<\/li>\n\n\n\n<li class=\"\"><strong>P\u00e6dagoger<\/strong>: At skabe enkle, loopende instruktionsanimationer.<\/li>\n\n\n\n<li class=\"\"><strong>Skabere af indhold<\/strong>: For at dele h\u00f8jdepunkter eller sjove \u00f8jeblikke fra l\u00e6ngere videoer.<\/li>\n\n\n\n<li class=\"\"><strong>Virksomheder<\/strong>: At skabe engagerende visuals til hjemmesider og pr\u00e6sentationer.<\/li>\n<\/ul>\n\n\n\n<h3 class=\"wp-block-heading\">Top 10 v\u00e6rkt\u00f8jer og information<\/h3>\n\n\n\n<p class=\"\">Nedenfor er en tabel, der opsummerer de 10 bedste v\u00e6rkt\u00f8jer til konvertering af videoer til GIF'er, inklusive deres URL'er, fordele, ulemper, fordele, udfordringer og anbefalinger.<\/p>\n\n\n\n<figure class=\"wp-block-table\"><table class=\"has-fixed-layout\"><thead><tr><th>V\u00e6rkt\u00f8jets navn<\/th><th>URL<\/th><th>Fordele<\/th><th>Ulemper<\/th><th>Fordele<\/th><th>Udfordringer<\/th><th>Anbefalinger<\/th><\/tr><\/thead><tbody><tr><td><strong>Gratis video til GIF<\/strong><\/td><td><a href=\"https:\/\/aiartfree.online\/da\/video-til-gif\/\" data-type=\"link\" data-id=\"https:\/\/aiartfree.online\/video-to-gif\/\">aiartfree.online<\/a><\/td><td>Let at bruge, output i h\u00f8j kvalitet<\/td><td>Begr\u00e6nsede avancerede funktioner<\/td><td>Bedst til hurtige konverteringer<\/td><td>Passer m\u00e5ske ikke til professionelle redakt\u00f8rer<\/td><td>Bedste v\u00e6rkt\u00f8j til almindelige brugere<\/td><\/tr><tr><td><strong>Giphy<\/strong><\/td><td><a href=\"https:\/\/giphy.com\" rel=\"nofollow noopener\" target=\"_blank\">giphy.com<\/a><\/td><td>Omfattende bibliotek, nem deling<\/td><td>Vandm\u00e6rke p\u00e5 gratis version<\/td><td>Perfekt til sociale medier<\/td><td>Kr\u00e6ver tilmelding<\/td><td>Ideel til brug p\u00e5 sociale medier<\/td><\/tr><tr><td><strong>Imgur<\/strong><\/td><td><a href=\"https:\/\/imgur.com\" rel=\"nofollow noopener\" target=\"_blank\">imgur.com<\/a><\/td><td>Gratis, enkel gr\u00e6nseflade<\/td><td>Begr\u00e6nsede redigeringsmuligheder<\/td><td>God til hurtige redigeringer<\/td><td>Ingen avancerede funktioner<\/td><td>God til lejlighedsvise brugere<\/td><\/tr><tr><td><strong>EZGIF<\/strong><\/td><td><a href=\"https:\/\/ezgif.com\" rel=\"nofollow noopener\" target=\"_blank\">ezgif.com<\/a><\/td><td>Omfattende funktioner, gratis<\/td><td>Gr\u00e6nsefladen kan v\u00e6re overv\u00e6ldende<\/td><td>Velegnet til detaljerede redigeringer<\/td><td>Kan v\u00e6re kompliceret for begyndere<\/td><td>Anbefales til detaljeret redigering<\/td><\/tr><tr><td><strong>Convertio<\/strong><\/td><td><a href=\"https:\/\/convertio.co\" rel=\"nofollow noopener\" target=\"_blank\">convertio.c<\/a><a href=\"https:\/\/convertio.co\" target=\"_blank\" rel=\"noopener\">o<\/a><\/td><td>Underst\u00f8tter flere formater<\/td><td>Gratis version har begr\u00e6nsninger<\/td><td>Alsidig og fleksibel<\/td><td>St\u00f8rrelsesbegr\u00e6nsninger p\u00e5 den gratis version<\/td><td>God til forskellige filtyper<\/td><\/tr><tr><td><strong>Online-konvertering<\/strong><\/td><td><a href=\"https:\/\/online-convert.com\" rel=\"nofollow noopener\" target=\"_blank\">online-konvertering.com<\/a><\/td><td>Ingen installation af software<\/td><td>Reklamer i den gratis version<\/td><td>Praktisk og hurtig<\/td><td>Internetforbindelse p\u00e5kr\u00e6vet<\/td><td>Bedst til hurtig online-konvertering<\/td><\/tr><tr><td><strong>MakeAGIF<\/strong><\/td><td><a href=\"https:\/\/makeagif.com\" rel=\"nofollow noopener\" target=\"_blank\">makeagif.com<\/a><\/td><td>Let at bruge, social integration<\/td><td>Vandm\u00e6rke p\u00e5 gratis version<\/td><td>Brugervenlig gr\u00e6nseflade<\/td><td>Begr\u00e6nsede redigeringsmuligheder<\/td><td>Perfekt til hurtige opslag p\u00e5 sociale medier<\/td><\/tr><tr><td><strong>GIFMaker<\/strong><\/td><td><a href=\"https:\/\/gifmaker.me\" rel=\"nofollow noopener\" target=\"_blank\">gifmaker.me<\/a><\/td><td>Ingen tilmelding n\u00f8dvendig, gratis<\/td><td>Begr\u00e6nsede funktioner<\/td><td>Hurtigt og nemt<\/td><td>Ikke egnet til komplekse redigeringer<\/td><td>Ideel til afslappet brug<\/td><\/tr><tr><td><strong>CloudConvert<\/strong><\/td><td><a href=\"https:\/\/cloudconvert.com\" rel=\"nofollow noopener\" target=\"_blank\">cloudconvert.com<\/a><\/td><td>Konverteringer af h\u00f8j kvalitet<\/td><td>Begr\u00e6nsninger i den gratis version<\/td><td>H\u00f8j grad af tilpasning<\/td><td>Kr\u00e6ver tilmelding for at f\u00e5 alle funktioner<\/td><td>Bedst til output i h\u00f8j kvalitet<\/td><\/tr><tr><td><strong>Kapwing<\/strong><\/td><td><a href=\"https:\/\/kapwing.com\" rel=\"nofollow noopener\" target=\"_blank\">kapwing.com<\/a><\/td><td>Moderne brugerflade, samarbejde<\/td><td>Kr\u00e6ver konto<\/td><td>God til teamwork<\/td><td>Nogle funktioner bag en betalingsmur<\/td><td>Fremragende til teamprojekter<\/td><\/tr><\/tbody><\/table><\/figure>\n\n\n\n<h3 class=\"wp-block-heading\">Ofte stillede sp\u00f8rgsm\u00e5l<\/h3>\n\n\n\n<ol class=\"wp-block-list\">\n<li class=\"\"><strong>Hvad er det bedste v\u00e6rkt\u00f8j til at konvertere video til GIF?<\/strong>\n<ul class=\"wp-block-list\">\n<li class=\"\">Det bedste v\u00e6rkt\u00f8j er Free Online Auto Draft. Det er brugervenligt og producerer GIF'er i h\u00f8j kvalitet.<\/li>\n<\/ul>\n<\/li>\n\n\n\n<li class=\"\"><strong>Hvordan konverterer jeg MP4 til GIF?<\/strong>\n<ul class=\"wp-block-list\">\n<li class=\"\">Du kan bruge online-konvertere som EZGIF eller Giphy. Du skal blot uploade din MP4-fil og f\u00f8lge instruktionerne for at konvertere den til GIF.<\/li>\n<\/ul>\n<\/li>\n\n\n\n<li class=\"\"><strong>Kan jeg lave GIF'er i h\u00f8j kvalitet fra videoer?<\/strong>\n<ul class=\"wp-block-list\">\n<li class=\"\">Ja, v\u00e6rkt\u00f8jer som Free Online Auto Draft og CloudConvert tilbyder konverteringer af h\u00f8j kvalitet.<\/li>\n<\/ul>\n<\/li>\n\n\n\n<li class=\"\"><strong>Hvad er animerede GIF-producenter?<\/strong>\n<ul class=\"wp-block-list\">\n<li class=\"\">Det er v\u00e6rkt\u00f8jer, der giver dig mulighed for at lave GIF'er ud fra videoer eller en r\u00e6kke billeder, ofte med ekstra redigeringsfunktioner.<\/li>\n<\/ul>\n<\/li>\n\n\n\n<li class=\"\"><strong>Findes der en gratis GIF-maker til at lave GIF'er i h\u00f8j kvalitet?<\/strong>\n<ul class=\"wp-block-list\">\n<li class=\"\">Ja, v\u00e6rkt\u00f8jer som Giphy og EZGIF tilbyder gratis versioner, der kan skabe GIF'er i h\u00f8j kvalitet.<\/li>\n<\/ul>\n<\/li>\n\n\n\n<li class=\"\"><strong>Hvordan kan jeg lave en GIF ud fra et videoklip?<\/strong>\n<ul class=\"wp-block-list\">\n<li class=\"\">Brug et v\u00e6rkt\u00f8j som Free Online Auto Draft, upload dit videoklip, v\u00e6lg det \u00f8nskede segment, og konverter det til GIF.<\/li>\n<\/ul>\n<\/li>\n\n\n\n<li class=\"\"><strong>Hvilke videofilformater kan konverteres til GIF?<\/strong>\n<ul class=\"wp-block-list\">\n<li class=\"\">De fleste v\u00e6rkt\u00f8jer underst\u00f8tter formater som MP4, AVI og MOV til konvertering til GIF.<\/li>\n<\/ul>\n<\/li>\n\n\n\n<li class=\"\"><strong>Kan jeg redigere GIF'en efter konverteringen?<\/strong>\n<ul class=\"wp-block-list\">\n<li class=\"\">Ja, mange v\u00e6rkt\u00f8jer som EZGIF tilbyder redigeringsfunktioner til at justere GIF'en efter konvertering.<\/li>\n<\/ul>\n<\/li>\n\n\n\n<li class=\"\"><strong>Hvad er den maksimale l\u00e6ngde af en video, jeg kan konvertere til GIF?<\/strong>\n<ul class=\"wp-block-list\">\n<li class=\"\">Det afh\u00e6nger af v\u00e6rkt\u00f8jet. Free Online Auto Draft underst\u00f8tter standardvideol\u00e6ngder, der passer til de fleste anvendelser.<\/li>\n<\/ul>\n<\/li>\n\n\n\n<li class=\"\"><strong>Skal jeg have en konto for at konvertere videoer til GIF'er?<\/strong>\n<ul class=\"wp-block-list\">\n<li class=\"\">Nogle v\u00e6rkt\u00f8jer kr\u00e6ver en konto for at f\u00e5 alle funktioner, men mange, som Free Online Auto Draft og GIFMaker, kr\u00e6ver ikke en konto for grundl\u00e6ggende brug.<\/li>\n<\/ul>\n<\/li>\n<\/ol>\n\n\n\n<p class=\"\">Ved at bruge de givne oplysninger kan du effektivt konvertere videoer til GIF'er og forbedre dit indhold og engagement p\u00e5 tv\u00e6rs af forskellige platforme.<\/p>\n\n\n\n<p class=\"\"><\/p>","protected":false},"excerpt":{"rendered":"<p>How to use Video to GIF *&nbsp;Depending on your internet speed, loading the model may take a few seconds.* There will be caching during continuous generation, and the new image will appear after about 3 seconds. Introduction of Video to GIF In the age of digital content creation, transforming videos into GIFs has become a &#8230; <a title=\"Gratis video til GIF\" class=\"read-more\" href=\"https:\/\/aiartfree.online\/da\/video-til-gif\/\" aria-label=\"Read more about Free Video to GIF\">L\u00e6s mere <\/a><\/p>","protected":false},"author":1,"featured_media":0,"parent":0,"menu_order":0,"comment_status":"open","ping_status":"closed","template":"","meta":{"nf_dc_page":"","footnotes":""},"class_list":["post-2986","page","type-page","status-publish"],"jetpack_sharing_enabled":true,"_links":{"self":[{"href":"https:\/\/aiartfree.online\/da\/wp-json\/wp\/v2\/pages\/2986","targetHints":{"allow":["GET"]}}],"collection":[{"href":"https:\/\/aiartfree.online\/da\/wp-json\/wp\/v2\/pages"}],"about":[{"href":"https:\/\/aiartfree.online\/da\/wp-json\/wp\/v2\/types\/page"}],"author":[{"embeddable":true,"href":"https:\/\/aiartfree.online\/da\/wp-json\/wp\/v2\/users\/1"}],"replies":[{"embeddable":true,"href":"https:\/\/aiartfree.online\/da\/wp-json\/wp\/v2\/comments?post=2986"}],"version-history":[{"count":1,"href":"https:\/\/aiartfree.online\/da\/wp-json\/wp\/v2\/pages\/2986\/revisions"}],"predecessor-version":[{"id":3600,"href":"https:\/\/aiartfree.online\/da\/wp-json\/wp\/v2\/pages\/2986\/revisions\/3600"}],"wp:attachment":[{"href":"https:\/\/aiartfree.online\/da\/wp-json\/wp\/v2\/media?parent=2986"}],"curies":[{"name":"wp","href":"https:\/\/api.w.org\/{rel}","templated":true}]}}