{"id":2983,"date":"2024-07-19T13:17:41","date_gmt":"2024-07-19T13:17:41","guid":{"rendered":"https:\/\/aiartfree.online\/?page_id=2983"},"modified":"2025-03-07T08:28:23","modified_gmt":"2025-03-07T08:28:23","slug":"free-ai-logo-generator","status":"publish","type":"page","link":"https:\/\/aiartfree.online\/da\/gratis-ai-logo-generator\/","title":{"rendered":"Gratis AI-logogenerator"},"content":{"rendered":"<h2 class=\"wp-block-heading\">S\u00e5dan bruger du Free AI Logo Generator<\/h2>\n\n\n\n<ol class=\"wp-block-list\">\n<li class=\"\">Drop eller upload dit billede<\/li>\n\n\n\n<li class=\"\">Klik p\u00e5 \"Send\"<\/li>\n\n\n\n<li class=\"\">Vent, det er det! <\/li>\n<\/ol>\n\n\n\n<figure class=\"gb-block-image gb-block-image-032aac41\"><a href=\"https:\/\/fas.st\/t\/9U4PYbm7\" target=\"_blank\" rel=\"noopener noreferrer\"><img data-recalc-dims=\"1\" decoding=\"async\" loading=\"lazy\" width=\"1200\" height=\"365\" class=\"gb-image gb-image-032aac41\" src=\"https:\/\/i0.wp.com\/aiartfree.online\/wp-content\/uploads\/2025\/03\/WX20250307-115412%402x.webp?resize=1200%2C365&#038;ssl=1\" alt=\"\" title=\"WX20250307-115412@2x\" srcset=\"https:\/\/i0.wp.com\/aiartfree.online\/wp-content\/uploads\/2025\/03\/WX20250307-115412%402x.webp?w=1942&amp;ssl=1 1942w, https:\/\/i0.wp.com\/aiartfree.online\/wp-content\/uploads\/2025\/03\/WX20250307-115412%402x.webp?resize=300%2C91&amp;ssl=1 300w, https:\/\/i0.wp.com\/aiartfree.online\/wp-content\/uploads\/2025\/03\/WX20250307-115412%402x.webp?resize=1024%2C312&amp;ssl=1 1024w, https:\/\/i0.wp.com\/aiartfree.online\/wp-content\/uploads\/2025\/03\/WX20250307-115412%402x.webp?resize=768%2C234&amp;ssl=1 768w, https:\/\/i0.wp.com\/aiartfree.online\/wp-content\/uploads\/2025\/03\/WX20250307-115412%402x.webp?resize=1536%2C467&amp;ssl=1 1536w, https:\/\/i0.wp.com\/aiartfree.online\/wp-content\/uploads\/2025\/03\/WX20250307-115412%402x.webp?resize=18%2C5&amp;ssl=1 18w, https:\/\/i0.wp.com\/aiartfree.online\/wp-content\/uploads\/2025\/03\/WX20250307-115412%402x.webp?resize=600%2C183&amp;ssl=1 600w\" sizes=\"auto, (max-width: 1200px) 100vw, 1200px\" \/><\/a><\/figure>\n\n\n\n<p class=\"\"><em>* Afh\u00e6ngigt af din internethastighed kan det tage et par sekunder at indl\u00e6se modellen.<br>* Der vil v\u00e6re caching under kontinuerlig generering, og det nye billede vil blive vist efter ca. 3 sekunder.<\/em><\/p>\n\n\n\n<div style=\"text-align: center; border: 2px solid; border-image-source: linear-gradient(to right, #16b86c, #912899); border-image-slice: 1; box-shadow: 0 0 10px rgba(0, 0, 0, 0.1); border-radius: 15px;\">\n  <iframe loading=\"lazy\"\n    src=\"https:\/\/artificialguybr-logo-sdxl-lora-free-demo.hf.space\"\n    frameborder=\"0\"\n    width=\"1100\"\n    height=\"800\"\n    style=\"display: inline-block; margin: 0 auto;\"\n  ><\/iframe>\n<\/div>\n\n\n\n<div style=\"height:49px\" aria-hidden=\"true\" class=\"wp-block-spacer\"><\/div>\n\n\n\n<h2 class=\"wp-block-heading\" id=\"introduction-of-free-ai-logo-generator\">Introduktion til gratis AI-logogenerator<\/h2>\n\n\n\n<p class=\"\">Som virksomhedsejer er det vigtigt at skabe et professionelt logo for at etablere din brandidentitet. Med fremkomsten af kunstig intelligens er det blevet mere tilg\u00e6ngeligt og effektivt at skabe et logo. I denne artikel vil vi udforske vidunderet ved en gratis AI-logogenerator, og hvordan den kan gavne din virksomhed.<\/p>\n\n\n\n<figure class=\"wp-block-image size-large is-resized\"><img data-recalc-dims=\"1\" decoding=\"async\" width=\"1024\" height=\"562\"   loading=\"lazy\" src=\"https:\/\/i0.wp.com\/aiartfree.online\/wp-content\/uploads\/2024\/07\/1_mL5ZQFtjfXkQdHh6qz_13w.jpg?resize=1024%2C562&#038;ssl=1\" alt=\"Gratis AI-logogenerator\" class=\"wp-image-2987\" style=\"width:585px;height:auto\" srcset=\"https:\/\/i0.wp.com\/aiartfree.online\/wp-content\/uploads\/2024\/07\/1_mL5ZQFtjfXkQdHh6qz_13w.jpg?resize=1024%2C562&amp;ssl=1 1024w, https:\/\/i0.wp.com\/aiartfree.online\/wp-content\/uploads\/2024\/07\/1_mL5ZQFtjfXkQdHh6qz_13w.jpg?resize=300%2C165&amp;ssl=1 300w, https:\/\/i0.wp.com\/aiartfree.online\/wp-content\/uploads\/2024\/07\/1_mL5ZQFtjfXkQdHh6qz_13w.jpg?resize=768%2C421&amp;ssl=1 768w, https:\/\/i0.wp.com\/aiartfree.online\/wp-content\/uploads\/2024\/07\/1_mL5ZQFtjfXkQdHh6qz_13w.jpg?resize=18%2C10&amp;ssl=1 18w, https:\/\/i0.wp.com\/aiartfree.online\/wp-content\/uploads\/2024\/07\/1_mL5ZQFtjfXkQdHh6qz_13w.jpg?resize=600%2C329&amp;ssl=1 600w, https:\/\/i0.wp.com\/aiartfree.online\/wp-content\/uploads\/2024\/07\/1_mL5ZQFtjfXkQdHh6qz_13w.jpg?w=1400&amp;ssl=1 1400w\" sizes=\"auto, (max-width: 1024px) 100vw, 1024px\" \/><\/figure>\n\n\n\n<p class=\"\"><strong>Indholdsfortegnelse<\/strong><\/p>\n\n\n\n<ul class=\"wp-block-list\">\n<li class=\"\">Introduktion til gratis AI-logogenerator<\/li>\n\n\n\n<li class=\"\">Hvorfor bruge en gratis AI-logogenerator?<\/li>\n\n\n\n<li class=\"\">Fordele ved at bruge en gratis AI-logogenerator<\/li>\n\n\n\n<li class=\"\">Hvorn\u00e5r skal man bruge en gratis AI-logogenerator?<\/li>\n\n\n\n<li class=\"\">Hvem kan bruge en gratis AI-logogenerator?<\/li>\n\n\n\n<li class=\"\">Sammenligning af gratis AI-logogeneratorer<\/li>\n\n\n\n<li class=\"\">OFTE STILLEDE SP\u00d8RGSM\u00c5L<\/li>\n<\/ul>\n\n\n\n<h3 class=\"wp-block-heading\" id=\"what-is-a-free-ai-logo-generator\"><a href=\"https:\/\/dromerosm-groq-llama3.hf.space\/#what-is-a-free-ai-logo-generator\" target=\"_blank\" rel=\"noopener\"><\/a>Hvad er en gratis AI-logogenerator?<\/h3>\n\n\n\n<p class=\"\">En gratis AI-logogenerator er et onlinev\u00e6rkt\u00f8j, der bruger kunstig intelligens til at skabe et tilpasset logo til din virksomhed. Disse v\u00e6rkt\u00f8jer bruger maskinl\u00e6ringsalgoritmer til at generere unikke logoer baseret p\u00e5 dine input, s\u00e5som firmanavn, tagline og foretrukne farver og skrifttyper. Med blot et par klik kan du skabe et professionelt logo p\u00e5 f\u00e5 minutter.<\/p>\n\n\n\n<h3 class=\"wp-block-heading\" id=\"why-use-a-free-ai-logo-generator\"><a href=\"https:\/\/dromerosm-groq-llama3.hf.space\/#why-use-a-free-ai-logo-generator\" target=\"_blank\" rel=\"noopener\"><\/a>Hvorfor bruge en gratis AI-logogenerator?<\/h3>\n\n\n\n<p class=\"\">Ved at bruge en gratis AI-logogenerator kan du spare tid og penge i forhold til at ans\u00e6tte en professionel logodesigner. Med AI-drevet logodesign kan du blot indtaste dine forretningsoplysninger og pr\u00e6ferencer, og v\u00e6rkt\u00f8jet vil generere et logo, der opfylder dine behov.<\/p>\n\n\n\n<h3 class=\"wp-block-heading\" id=\"benefits-of-using-a-free-ai-logo-generator\"><a href=\"https:\/\/dromerosm-groq-llama3.hf.space\/#benefits-of-using-a-free-ai-logo-generator\" target=\"_blank\" rel=\"noopener\"><\/a>Fordele ved at bruge en gratis AI-logogenerator<\/h3>\n\n\n\n<p class=\"\">Her er nogle fordele ved at bruge en gratis AI-logogenerator:<\/p>\n\n\n\n<p class=\"\">Hurtigt og effektivt Opret et logo p\u00e5 f\u00e5 minutter med vores AI-logogenerator.<\/p>\n\n\n\n<p class=\"\">Omkostningseffektivt Spar penge ved ikke at hyre en professionel logodesigner.<\/p>\n\n\n\n<p class=\"\">Unikke designs F\u00e5 unikke logoer genereret af kunstig intelligens.<\/p>\n\n\n\n<p class=\"\">H\u00f8j opl\u00f8sning Download logofiler i h\u00f8j opl\u00f8sning til forskellige form\u00e5l.<\/p>\n\n\n\n<p class=\"\">Let at bruge Indtast blot dine virksomhedsoplysninger og pr\u00e6ferencer, s\u00e5 klarer v\u00e6rkt\u00f8jet resten.<\/p>\n\n\n\n<h3 class=\"wp-block-heading\" id=\"when-to-use-a-free-ai-logo-generator\"><a href=\"https:\/\/dromerosm-groq-llama3.hf.space\/#when-to-use-a-free-ai-logo-generator\" target=\"_blank\" rel=\"noopener\"><\/a>Hvorn\u00e5r skal man bruge en gratis AI-logogenerator?<\/h3>\n\n\n\n<p class=\"\">En gratis AI-logogenerator er perfekt til:<\/p>\n\n\n\n<p class=\"\">Startups eller sm\u00e5 virksomheder med et stramt budget Iv\u00e6rks\u00e6ttere, der hurtigt vil skabe et professionelt logo Virksomheder, der vil rebrande eller opdatere deres logo<\/p>\n\n\n\n<h3 class=\"wp-block-heading\" id=\"who-can-use-a-free-ai-logo-generator\"><a href=\"https:\/\/dromerosm-groq-llama3.hf.space\/#who-can-use-a-free-ai-logo-generator\" target=\"_blank\" rel=\"noopener\"><\/a>Hvem kan bruge en gratis AI-logogenerator?<\/h3>\n\n\n\n<p class=\"\">Alle kan bruge en gratis AI-logogenerator, inklusive:<\/p>\n\n\n\n<p class=\"\">Iv\u00e6rks\u00e6ttere Ejere af sm\u00e5 virksomheder Marketingfolk Grafiske designere<\/p>\n\n\n\n<h3 class=\"wp-block-heading\" id=\"comparison-of-free-ai-logo-generators\"><a href=\"https:\/\/dromerosm-groq-llama3.hf.space\/#comparison-of-free-ai-logo-generators\" target=\"_blank\" rel=\"noopener\"><\/a>Sammenligning af gratis AI-logogeneratorer<\/h3>\n\n\n\n<p class=\"\">Her er nogle popul\u00e6re gratis AI-logogeneratorer sammen med deres funktioner og fordele:<\/p>\n\n\n\n<figure class=\"wp-block-table\"><table class=\"has-fixed-layout\"><thead><tr><th>V\u00e6rkt\u00f8j<\/th><th>Funktioner<\/th><th>Fordele<\/th><th>Hjemmeside<\/th><\/tr><\/thead><tbody><tr><td>AI-kunst gratis online<\/td><td>AI-drevet logodesign, 100+ skabeloner, levende farver<\/td><td>Hurtig og effektiv, omkostningseffektiv<\/td><td><a href=\"https:\/\/aiartfree.online\/da\/gratis-ai-logo-generator\/\" target=\"_blank\" rel=\"noreferrer noopener\">https:\/\/aiartfree.online\/free-ai-logo-generator<\/a><\/td><\/tr><tr><td>Logojoy<\/td><td>AI-drevet logodesign, 10.000+ skabeloner, farvepaletgenerator<\/td><td>Unikke designs, filer i h\u00f8j opl\u00f8sning<\/td><td><a href=\"https:\/\/logojoy.com\/\" target=\"_blank\" rel=\"noreferrer noopener\">https:\/\/logojoy.com<\/a><\/td><\/tr><tr><td>Skr\u00e6dderm\u00e6rker<\/td><td>AI-drevet logodesign, 10.000+ skabeloner, kit til sociale medier<\/td><td>Professionelt design, nemt at bruge<\/td><td><a href=\"https:\/\/tailorbrands.com\/\" target=\"_blank\" rel=\"noreferrer noopener\">https:\/\/tailorbrands.com<\/a><\/td><\/tr><\/tbody><\/table><\/figure>\n\n\n\n<h3 class=\"wp-block-heading\" id=\"advantages-and-disadvantages-of-free-ai-logo-generators\"><a href=\"https:\/\/dromerosm-groq-llama3.hf.space\/#advantages-and-disadvantages-of-free-ai-logo-generators\" target=\"_blank\" rel=\"noopener\"><\/a>Fordele og ulemper ved gratis AI-logogeneratorer<\/h3>\n\n\n\n<p class=\"\">Her er nogle fordele og ulemper ved at bruge gratis AI-logogeneratorer:<\/p>\n\n\n\n<p class=\"\"><strong>Fordele<\/strong>:<\/p>\n\n\n\n<p class=\"\">Hurtigt og effektivt Omkostningseffektivt Unikke designs Filer i h\u00f8j opl\u00f8sning<\/p>\n\n\n\n<p class=\"\"><strong>Ulemper<\/strong>:<\/p>\n\n\n\n<p class=\"\">Begr\u00e6nsede tilpasningsmuligheder Begr\u00e6nsede designskabeloner Opfylder m\u00e5ske ikke komplekse designkrav<\/p>\n\n\n\n<h3 class=\"wp-block-heading\" id=\"best-free-ai-logo-generator\"><a href=\"https:\/\/dromerosm-groq-llama3.hf.space\/#best-free-ai-logo-generator\" target=\"_blank\" rel=\"noopener\"><\/a>Bedste gratis AI-logogenerator<\/h3>\n\n\n\n<p class=\"\">Efter at have unders\u00f8gt og sammenlignet forskellige gratis AI-logogeneratorer kan vi varmt anbefale AI Art Free Online. Med sit AI-drevne logodesign, mere end 100 skabeloner og levende farver er det det perfekte v\u00e6rkt\u00f8j til at skabe et professionelt logo hurtigt og effektivt.<\/p>\n\n\n\n<h3 class=\"wp-block-heading\" id=\"faq\"><a href=\"https:\/\/dromerosm-groq-llama3.hf.space\/#faq\" target=\"_blank\" rel=\"noopener\"><\/a>OFTE STILLEDE SP\u00d8RGSM\u00c5L<\/h3>\n\n\n<div id=\"rank-math-faq\" class=\"rank-math-block\">\n<div class=\"rank-math-list\">\n<div id=\"faq-question-1721394932020\" class=\"rank-math-list-item\">\n<h3 class=\"rank-math-question\">Kan jeg bruge en gratis AI-logogenerator til kommerciel brug?<\/h3>\n<div class=\"rank-math-answer\">\n\n<p>Ja, de fleste gratis AI-logogeneratorer tillader kommerciel brug af de genererede logoer.<\/p>\n\n<\/div>\n<\/div>\n<div id=\"faq-question-1721394940919\" class=\"rank-math-list-item\">\n<h3 class=\"rank-math-question\">Er de logoer, der genereres af AI, unikke?<\/h3>\n<div class=\"rank-math-answer\">\n\n<p>Ja, de logoer, der genereres af AI, er unikke og tilpasses ud fra dit input.<\/p>\n\n<\/div>\n<\/div>\n<div id=\"faq-question-1721394949679\" class=\"rank-math-list-item\">\n<h3 class=\"rank-math-question\">Kan jeg redigere det genererede logo?<\/h3>\n<div class=\"rank-math-answer\">\n\n<p>Ja, de fleste gratis AI-logogeneratorer giver dig mulighed for at redigere det genererede logo.<\/p>\n\n<\/div>\n<\/div>\n<div id=\"faq-question-1721394962503\" class=\"rank-math-list-item\">\n<h3 class=\"rank-math-question\">Er logofilerne i h\u00f8j opl\u00f8sning?<\/h3>\n<div class=\"rank-math-answer\">\n\n<p>Ja, de fleste gratis AI-logogeneratorer leverer logofiler i h\u00f8j opl\u00f8sning til forskellige form\u00e5l.<\/p>\n\n<\/div>\n<\/div>\n<\/div>\n<\/div>","protected":false},"excerpt":{"rendered":"<p>How to use Free AI Logo Generator *&nbsp;Depending on your internet speed, loading the model may take a few seconds.* There will be caching during continuous generation, and the new image will appear after about 3 seconds. Introduction of Free AI Logo Generator As a business owner, creating a professional logo is essential to establish &#8230; <a title=\"Gratis AI-logogenerator\" class=\"read-more\" href=\"https:\/\/aiartfree.online\/da\/gratis-ai-logo-generator\/\" aria-label=\"Read more about Free AI Logo Generator\">L\u00e6s mere <\/a><\/p>","protected":false},"author":1,"featured_media":0,"parent":0,"menu_order":0,"comment_status":"open","ping_status":"closed","template":"","meta":{"nf_dc_page":"","footnotes":""},"class_list":["post-2983","page","type-page","status-publish"],"jetpack_sharing_enabled":true,"_links":{"self":[{"href":"https:\/\/aiartfree.online\/da\/wp-json\/wp\/v2\/pages\/2983","targetHints":{"allow":["GET"]}}],"collection":[{"href":"https:\/\/aiartfree.online\/da\/wp-json\/wp\/v2\/pages"}],"about":[{"href":"https:\/\/aiartfree.online\/da\/wp-json\/wp\/v2\/types\/page"}],"author":[{"embeddable":true,"href":"https:\/\/aiartfree.online\/da\/wp-json\/wp\/v2\/users\/1"}],"replies":[{"embeddable":true,"href":"https:\/\/aiartfree.online\/da\/wp-json\/wp\/v2\/comments?post=2983"}],"version-history":[{"count":1,"href":"https:\/\/aiartfree.online\/da\/wp-json\/wp\/v2\/pages\/2983\/revisions"}],"predecessor-version":[{"id":3605,"href":"https:\/\/aiartfree.online\/da\/wp-json\/wp\/v2\/pages\/2983\/revisions\/3605"}],"wp:attachment":[{"href":"https:\/\/aiartfree.online\/da\/wp-json\/wp\/v2\/media?parent=2983"}],"curies":[{"name":"wp","href":"https:\/\/api.w.org\/{rel}","templated":true}]}}