{"id":2968,"date":"2024-07-19T12:42:38","date_gmt":"2024-07-19T12:42:38","guid":{"rendered":"https:\/\/aiartfree.online\/?page_id=2968"},"modified":"2024-08-02T12:10:12","modified_gmt":"2024-08-02T12:10:12","slug":"ai-3d-model-generator","status":"publish","type":"page","link":"https:\/\/aiartfree.online\/da\/ai-3d-model-generator\/","title":{"rendered":"AI 3d-modelgenerator"},"content":{"rendered":"<h2 class=\"wp-block-heading has-text-align-center\" id=\"what-our-users-made\">Hvad vores brugere lavede<\/h2>\n\n\n\n<figure class=\"gb-block-image gb-block-image-1822da1f\"><img data-recalc-dims=\"1\" decoding=\"async\" loading=\"lazy\" width=\"1024\" height=\"672\" class=\"gb-image gb-image-1822da1f\" src=\"https:\/\/i0.wp.com\/aiartfree.online\/wp-content\/uploads\/2024\/07\/WX20240719-153337%402x-1-1.jpg?resize=1024%2C672&#038;ssl=1\" alt=\"AI 3D-modelgenerator\" title=\"WX20240719-153337@2x (1) (1)\" srcset=\"https:\/\/i0.wp.com\/aiartfree.online\/wp-content\/uploads\/2024\/07\/WX20240719-153337%402x-1-1.jpg?resize=1024%2C672&amp;ssl=1 1024w, https:\/\/i0.wp.com\/aiartfree.online\/wp-content\/uploads\/2024\/07\/WX20240719-153337%402x-1-1.jpg?resize=300%2C197&amp;ssl=1 300w, https:\/\/i0.wp.com\/aiartfree.online\/wp-content\/uploads\/2024\/07\/WX20240719-153337%402x-1-1.jpg?resize=768%2C504&amp;ssl=1 768w, https:\/\/i0.wp.com\/aiartfree.online\/wp-content\/uploads\/2024\/07\/WX20240719-153337%402x-1-1.jpg?resize=1536%2C1008&amp;ssl=1 1536w, https:\/\/i0.wp.com\/aiartfree.online\/wp-content\/uploads\/2024\/07\/WX20240719-153337%402x-1-1.jpg?resize=18%2C12&amp;ssl=1 18w, https:\/\/i0.wp.com\/aiartfree.online\/wp-content\/uploads\/2024\/07\/WX20240719-153337%402x-1-1.jpg?resize=600%2C394&amp;ssl=1 600w, https:\/\/i0.wp.com\/aiartfree.online\/wp-content\/uploads\/2024\/07\/WX20240719-153337%402x-1-1.jpg?w=1768&amp;ssl=1 1768w\" sizes=\"auto, (max-width: 1024px) 100vw, 1024px\" \/><\/figure>\n\n\n\n<h2 class=\"wp-block-heading\" id=\"how-to-use-ai-3-d-model-generator\">S\u00e5dan bruger du AI 3d Model Generator<\/h2>\n\n\n\n<ol class=\"wp-block-list\">\n<li class=\"\">Drop\/upload dit billede, eller v\u00e6lg et af eksempelbillederne<\/li>\n\n\n\n<li class=\"\">Klik p\u00e5 \"Generer 4 visninger\"<\/li>\n\n\n\n<li class=\"\">Klik p\u00e5 \"Generer 3D-mesh\" nedenfor<\/li>\n\n\n\n<li class=\"\">Vent, s\u00e5 er det nu! Din 3D-model er n\u00e6sten klar!<\/li>\n<\/ol>\n\n\n\n<p class=\"\"><em>* Afh\u00e6ngigt af din internethastighed kan det tage et par sekunder at indl\u00e6se modellen.<br>* Der vil v\u00e6re caching under kontinuerlig generering, og det nye billede vil blive vist efter ca. 3 sekunder.<\/em><\/p>\n\n\n\n<div class=\"iframe-wrapper\" style=\"position: relative; width: 100%; height: 2050px;\">\n  <div class=\"loading\" style=\"position: absolute; top: 50px; left: 50%; transform: translate(-50%, -50%); width: 40px; height: 40px; border: 3px solid #f0f0f0; border-top: 3px solid #db7093; border-radius: 50%; animation: spin 1s linear infinite;\"><\/div>\n  <iframe loading=\"lazy\" src=\"https:\/\/vast-ai-charactergen.hf.space\" frameborder=\"0\" width=\"100%\" height=\"100%\" style=\"position: absolute; top: 0; left: 0; opacity: 0; transition: opacity 0.3s;\" onload=\"this.style.opacity=1;this.previousElementSibling.style.display='none';\"><\/iframe>\n<\/div>\n\n<style>\n@keyframes spin {\n  0% { transform: translate(-50%, -50%) rotate(0deg); }\n  100% { transform: translate(-50%, -50%) rotate(360deg); }\n}\n<\/style>\n\n\n\n<div style=\"height:50px\" aria-hidden=\"true\" class=\"wp-block-spacer\"><\/div>\n\n\n\n<h2 class=\"wp-block-heading\" id=\"introduction-of-ai-3-d-model-generator\">Introduktion af AI 3D Model Generator<\/h2>\n\n\n\n<p class=\"\">Det har aldrig v\u00e6ret nemmere at skabe 3D-modeller med fremkomsten af AI 3D-modelgeneratorer. Denne artikel giver en omfattende guide til AI 3D-modelgeneratorer, deres anvendelser, fordele og de bedste v\u00e6rkt\u00f8jer, der findes p\u00e5 markedet. Uanset om du konverterer 2D-billeder til 3D-modeller eller genererer 3D-modeller ud fra tekstprompter, s\u00e5 har vi styr p\u00e5 det.<\/p>\n\n\n\n<div class=\"wp-block-rank-math-toc-block\" id=\"rank-math-toc\"><h3>Indholdsfortegnelse<\/h3><nav><ul><li><a href=\"#what-is-an-ai-3-d-model-generator\">Hvad er en AI 3D-modelgenerator?<\/a><\/li><li><a href=\"#why-use-an-ai-3-d-model-generator\">Hvorfor bruge en AI 3D-modelgenerator?<\/a><\/li><li><a href=\"#benefits-of-using-an-ai-3-d-model-generator\">Fordele ved at bruge en AI 3D-modelgenerator<\/a><\/li><li><a href=\"#when-to-use-an-ai-3-d-model-generator\">Hvorn\u00e5r skal man bruge en AI 3D-modelgenerator?<\/a><\/li><li><a href=\"#who-should-use-an-ai-3-d-model-generator\">Hvem b\u00f8r bruge en AI 3D-modelgenerator?<\/a><\/li><li><a href=\"#comparison-of-ai-3-d-model-generators\">Sammenligning af AI 3D-modelgeneratorer<\/a><\/li><li><a href=\"#faq\">OFTE STILLEDE SP\u00d8RGSM\u00c5L<\/a><\/li><\/ul><\/nav><\/div>\n\n\n\n<h3 class=\"wp-block-heading\" id=\"what-is-an-ai-3-d-model-generator\">Hvad er en AI 3D-modelgenerator?<\/h3>\n\n\n\n<p class=\"\">En AI 3D-modelgenerator er et softwarev\u00e6rkt\u00f8j, der bruger kunstig intelligens-algoritmer til at skabe tredimensionelle modeller ud fra forskellige input, f.eks. 2D-billeder, tekstprompter eller fotos. Disse v\u00e6rkt\u00f8jer udnytter avancerede maskinl\u00e6ringsteknikker til at producere detaljerede og n\u00f8jagtige 3D-repr\u00e6sentationer.<\/p>\n\n\n\n<h3 class=\"wp-block-heading\" id=\"why-use-an-ai-3-d-model-generator\">Hvorfor bruge en AI 3D-modelgenerator?<\/h3>\n\n\n\n<p class=\"\">Brug af en AI 3D-modelgenerator kan str\u00f8mline processen med at skabe 3D-modeller betydeligt. Det kan disse v\u00e6rkt\u00f8jer:<\/p>\n\n\n\n<ul class=\"wp-block-list\">\n<li class=\"\">Spar tid og kr\u00e6fter i forhold til traditionelle 3D-modelleringsteknikker.<\/li>\n\n\n\n<li class=\"\">Leverer pr\u00e6cise modeller af h\u00f8j kvalitet.<\/li>\n\n\n\n<li class=\"\">G\u00f8r det muligt for brugere med lidt eller ingen erfaring med 3D-modellering at skabe komplekse modeller.<\/li>\n<\/ul>\n\n\n\n<h3 class=\"wp-block-heading\" id=\"benefits-of-using-an-ai-3-d-model-generator\">Fordele ved at bruge en AI 3D-modelgenerator<\/h3>\n\n\n\n<ul class=\"wp-block-list\">\n<li class=\"\"><strong>Effektivitet<\/strong>: Konverter hurtigt 2D-billeder til 3D-modeller eller generer 3D-modeller ud fra tekstbeskrivelser.<\/li>\n\n\n\n<li class=\"\"><strong>Tilg\u00e6ngelighed<\/strong>: G\u00f8r 3D-modellering tilg\u00e6ngelig for ikke-eksperter.<\/li>\n\n\n\n<li class=\"\"><strong>Omkostningseffektiv<\/strong>: Reducer behovet for dyr 3D-modelleringssoftware og kvalificeret arbejdskraft.<\/li>\n\n\n\n<li class=\"\"><strong>Alsidighed<\/strong>: Skab modeller til forskellige anvendelser, fra videospil til arkitektonisk design.<\/li>\n<\/ul>\n\n\n\n<h3 class=\"wp-block-heading\" id=\"when-to-use-an-ai-3-d-model-generator\">Hvorn\u00e5r skal man bruge en AI 3D-modelgenerator?<\/h3>\n\n\n\n<p class=\"\">AI 3D-modelgeneratorer er ideelle til:<\/p>\n\n\n\n<ul class=\"wp-block-list\">\n<li class=\"\">Hurtig prototyping i design og produktion.<\/li>\n\n\n\n<li class=\"\">Oprettelse af aktiver til videospil og virtual reality-oplevelser.<\/li>\n\n\n\n<li class=\"\">Forbedring af visuelt indhold til markedsf\u00f8ring og sociale medier.<\/li>\n\n\n\n<li class=\"\">Uddannelsesm\u00e6ssige form\u00e5l, som f.eks. at visualisere komplekse koncepter.<\/li>\n<\/ul>\n\n\n\n<h3 class=\"wp-block-heading\" id=\"who-should-use-an-ai-3-d-model-generator\">Hvem b\u00f8r bruge en AI 3D-modelgenerator?<\/h3>\n\n\n\n<p class=\"\">Disse v\u00e6rkt\u00f8jer er gavnlige for:<\/p>\n\n\n\n<ul class=\"wp-block-list\">\n<li class=\"\">Designere og kunstnere, der \u00f8nsker at str\u00f8mline deres workflow.<\/li>\n\n\n\n<li class=\"\">Undervisere og studerende inden for omr\u00e5der som ingeni\u00f8rvidenskab og arkitektur.<\/li>\n\n\n\n<li class=\"\">Marketingfolk, der \u00f8nsker at skabe engagerende visuelt indhold.<\/li>\n\n\n\n<li class=\"\">Hobbyister og entusiaster, der udforsker 3D-modellering.<\/li>\n<\/ul>\n\n\n\n<h3 class=\"wp-block-heading\" id=\"comparison-of-ai-3-d-model-generators\">Sammenligning af AI 3D-modelgeneratorer<\/h3>\n\n\n\n<p class=\"\">Nedenfor er en sammenligning af popul\u00e6re AI 3D-modelgeneratorer baseret p\u00e5 de seneste resultater fra forskellige kilder:<\/p>\n\n\n\n<figure class=\"wp-block-table\"><table class=\"has-fixed-layout\"><thead><tr><th>V\u00e6rkt\u00f8j<\/th><th>Fordele<\/th><th>Ulemper<\/th><th>Fordele<\/th><th>Udfordringer<\/th><th>Anbefalinger<\/th><\/tr><\/thead><tbody><tr><td><a href=\"https:\/\/aiartfree.online\/da\/ai-3d-model-generator\/\">AI 3D Model Generator af Free AI Art Generator<\/a><\/td><td>Modeller af h\u00f8j kvalitet<\/td><td>Begr\u00e6nset tilpasning<\/td><td>Let at bruge<\/td><td>Kr\u00e6ver internetforbindelse<\/td><td>Bedst til begyndere<\/td><\/tr><tr><td><a href=\"https:\/\/www.openai.com\/dall-e-3\" target=\"_blank\" rel=\"noopener\">DALL-E 3<\/a><\/td><td>Modeller af h\u00f8j kvalitet<\/td><td>Begr\u00e6nset tilpasning<\/td><td>Let at bruge<\/td><td>Kr\u00e6ver internetforbindelse<\/td><td>Bedst til begyndere<\/td><\/tr><tr><td><a href=\"https:\/\/www.nvidia.com\/en-us\/research\/ai-playground\/\" target=\"_blank\" rel=\"noopener\">NVIDIA GauGAN<\/a><\/td><td>Hurtig behandling<\/td><td>Dyrt<\/td><td>Avancerede funktioner<\/td><td>Stejl indl\u00e6ringskurve<\/td><td>Ideel til professionelle<\/td><\/tr><tr><td><a href=\"https:\/\/deepart.io\/\" target=\"_blank\" rel=\"noopener\">DeepArt.io<\/a><\/td><td>Gratis version tilg\u00e6ngelig<\/td><td>Reklamer i den gratis version<\/td><td>Stor st\u00f8tte fra samfundet<\/td><td>Begr\u00e6nsede eksportmuligheder<\/td><td>God til hobbyfolk<\/td><\/tr><tr><td><a href=\"https:\/\/www.artbreeder.com\/\" target=\"_blank\" rel=\"noopener\">Kunstopdr\u00e6tter<\/a><\/td><td>Pr\u00e6cise modeller<\/td><td>Abonnement n\u00f8dvendigt<\/td><td>Brugervenlig gr\u00e6nseflade<\/td><td>Begr\u00e6nset til specifikke brugsscenarier<\/td><td>Velegnet til specifikke industrier<\/td><\/tr><tr><td><a href=\"https:\/\/spline.design\/\" target=\"_blank\" rel=\"noopener\">Spline<\/a><\/td><td>Robuste funktioner<\/td><td>H\u00f8je omkostninger<\/td><td>Omfattende bibliotek<\/td><td>Kr\u00e6ver kraftig hardware<\/td><td>Bedst til store projekter<\/td><\/tr><tr><td><a href=\"https:\/\/www.blender.org\/\" target=\"_blank\" rel=\"noopener\">Blender<\/a><\/td><td>Gratis og open source<\/td><td>Stejl indl\u00e6ringskurve<\/td><td>Meget alsidig<\/td><td>Kompleks for begyndere<\/td><td>Ideel til avancerede brugere<\/td><\/tr><tr><td><a>Meshroom<\/a><\/td><td>Gratis og open source<\/td><td>Kr\u00e6ver kraftig hardware<\/td><td>Fotogrammetri-baseret<\/td><td>Kan v\u00e6re langsom<\/td><td>Bedst til fotogrammetri-projekter<\/td><\/tr><tr><td><a href=\"https:\/\/pixologic.com\/\" target=\"_blank\" rel=\"noopener\">ZBrush<\/a><\/td><td>Industriens standard<\/td><td>H\u00f8je omkostninger<\/td><td>V\u00e6rkt\u00f8j i professionel kvalitet<\/td><td>Kr\u00e6ver tr\u00e6ning<\/td><td>Bedst til professionelle<\/td><\/tr><tr><td><a href=\"https:\/\/www.tinkercad.com\/\" target=\"_blank\" rel=\"noopener\">Tinkercad<\/a><\/td><td>Let at bruge<\/td><td>Begr\u00e6nsede avancerede funktioner<\/td><td>Web-baseret<\/td><td>Grundl\u00e6ggende funktionalitet<\/td><td>Perfekt til begyndere og undervisere<\/td><\/tr><\/tbody><\/table><\/figure>\n\n\n\n<p class=\"\"><strong>Anbefaling af bedste v\u00e6rkt\u00f8j<\/strong>: Det bedste v\u00e6rkt\u00f8j til AI 3D-modelgenerering er <a href=\"https:\/\/aiartfree.online\/da\/ai-3d-model-generator\/\">AI 3D Model Generator af Free AI Art Generator<\/a>. Den tilbyder en balance mellem brugervenlighed, h\u00f8j kvalitet og robuste funktioner, hvilket g\u00f8r den velegnet til b\u00e5de begyndere og professionelle.<\/p>\n\n\n\n<h3 class=\"wp-block-heading\" id=\"faq\">OFTE STILLEDE SP\u00d8RGSM\u00c5L<\/h3>\n\n\n\n<ol class=\"wp-block-list\">\n<li class=\"\"><strong>Hvad er den bedste AI 3D-modelgenerator?<\/strong> Den bedste AI 3D-modelgenerator er den, der tilbydes af Free AI Art Generator, som er tilg\u00e6ngelig <a href=\"https:\/\/aiartfree.online\/da\/ai-3d-model-generator\/\">her<\/a>.<\/li>\n\n\n\n<li class=\"\"><strong>Hvordan fungerer AI 3D-modelgeneratorer?<\/strong> De bruger AI-algoritmer til at behandle inputdata (som 2D-billeder eller tekst) og skabe 3D-modeller baseret p\u00e5 indl\u00e6rte m\u00f8nstre.<\/li>\n\n\n\n<li class=\"\"><strong>Kan jeg konvertere et 2D-billede til en 3D-model?<\/strong> Ja, mange AI 3D-modelgeneratorer kan konvertere 2D-billeder til 3D-modeller.<\/li>\n\n\n\n<li class=\"\"><strong>Findes der en gratis AI 3D-modelgenerator?<\/strong> Ja, nogle v\u00e6rkt\u00f8jer tilbyder gratis versioner med begr\u00e6nsede funktioner.<\/li>\n\n\n\n<li class=\"\"><strong>Hvad er fordelene ved at bruge en AI 3D-modelgenerator?<\/strong> Fordelene er effektivitet, tilg\u00e6ngelighed, omkostningseffektivitet og alsidighed.<\/li>\n\n\n\n<li class=\"\"><strong>Kan AI generere 3D-modeller ud fra tekstbeskrivelser?<\/strong> Ja, nogle avancerede AI-v\u00e6rkt\u00f8jer kan generere 3D-modeller ud fra tekstbeskeder.<\/li>\n\n\n\n<li class=\"\"><strong>Hvilke brancher bruger AI 3D-modelgeneratorer?<\/strong> Brancherne omfatter spil, arkitektur, produktion og uddannelse.<\/li>\n\n\n\n<li class=\"\"><strong>Er AI 3D-modelgeneratorer n\u00f8jagtige?<\/strong> De kan producere meget n\u00f8jagtige modeller, selvom kvaliteten kan variere fra v\u00e6rkt\u00f8j til v\u00e6rkt\u00f8j.<\/li>\n\n\n\n<li class=\"\"><strong>Skal jeg have avancerede f\u00e6rdigheder for at bruge AI 3D-modelgeneratorer?<\/strong> Nej, mange v\u00e6rkt\u00f8jer er designet til at v\u00e6re nemme at bruge, selv for ikke-eksperter.<\/li>\n\n\n\n<li class=\"\"><strong>Hvor kan jeg finde mere information om AI 3D-modelgeneratorer?<\/strong> Du kan finde mere information og de bedste v\u00e6rkt\u00f8jer p\u00e5 <a href=\"https:\/\/aiartfree.online\/da\/ai-3d-model-generator\/\">AI-kunst gratis<\/a>.<\/li>\n<\/ol>","protected":false},"excerpt":{"rendered":"<p>What our users made How to use AI 3d Model Generator *&nbsp;Depending on your internet speed, loading the model may take a few seconds.* There will be caching during continuous generation, and the new image will appear after about 3 seconds. Introduction of AI 3D Model Generator Creating 3D models has never been easier with &#8230; <a title=\"AI 3d-modelgenerator\" class=\"read-more\" href=\"https:\/\/aiartfree.online\/da\/ai-3d-model-generator\/\" aria-label=\"Read more about AI 3d Model Generator\">L\u00e6s mere <\/a><\/p>","protected":false},"author":1,"featured_media":0,"parent":0,"menu_order":0,"comment_status":"open","ping_status":"closed","template":"","meta":{"nf_dc_page":"","footnotes":""},"class_list":["post-2968","page","type-page","status-publish"],"jetpack_sharing_enabled":true,"_links":{"self":[{"href":"https:\/\/aiartfree.online\/da\/wp-json\/wp\/v2\/pages\/2968","targetHints":{"allow":["GET"]}}],"collection":[{"href":"https:\/\/aiartfree.online\/da\/wp-json\/wp\/v2\/pages"}],"about":[{"href":"https:\/\/aiartfree.online\/da\/wp-json\/wp\/v2\/types\/page"}],"author":[{"embeddable":true,"href":"https:\/\/aiartfree.online\/da\/wp-json\/wp\/v2\/users\/1"}],"replies":[{"embeddable":true,"href":"https:\/\/aiartfree.online\/da\/wp-json\/wp\/v2\/comments?post=2968"}],"version-history":[{"count":0,"href":"https:\/\/aiartfree.online\/da\/wp-json\/wp\/v2\/pages\/2968\/revisions"}],"wp:attachment":[{"href":"https:\/\/aiartfree.online\/da\/wp-json\/wp\/v2\/media?parent=2968"}],"curies":[{"name":"wp","href":"https:\/\/api.w.org\/{rel}","templated":true}]}}