{"id":2964,"date":"2024-07-19T11:19:39","date_gmt":"2024-07-19T11:19:39","guid":{"rendered":"https:\/\/aiartfree.online\/?page_id=2964"},"modified":"2024-08-02T11:27:30","modified_gmt":"2024-08-02T11:27:30","slug":"ai-drawing-generator","status":"publish","type":"page","link":"https:\/\/aiartfree.online\/da\/ai-tegningsgenerator\/","title":{"rendered":"AI-tegningsgenerator"},"content":{"rendered":"<h2 class=\"wp-block-heading has-text-align-center\" id=\"before-vs-after\">F\u00f8r vs. efter<\/h2>\n\n\n\n<figure class=\"gb-block-image gb-block-image-1822da1f\"><img data-recalc-dims=\"1\" decoding=\"async\" loading=\"lazy\" width=\"1200\" height=\"273\" class=\"gb-image gb-image-1822da1f\" src=\"https:\/\/i0.wp.com\/aiartfree.online\/wp-content\/uploads\/2024\/07\/WX20240731-180407%402x-scaled.webp?resize=1200%2C273&#038;ssl=1\" alt=\"AI-tegningsgenerator\" title=\"WX20240731-180407@2x\" srcset=\"https:\/\/i0.wp.com\/aiartfree.online\/wp-content\/uploads\/2024\/07\/WX20240731-180407%402x-scaled.webp?w=2560&amp;ssl=1 2560w, https:\/\/i0.wp.com\/aiartfree.online\/wp-content\/uploads\/2024\/07\/WX20240731-180407%402x-scaled.webp?resize=300%2C68&amp;ssl=1 300w, https:\/\/i0.wp.com\/aiartfree.online\/wp-content\/uploads\/2024\/07\/WX20240731-180407%402x-scaled.webp?resize=1024%2C233&amp;ssl=1 1024w, https:\/\/i0.wp.com\/aiartfree.online\/wp-content\/uploads\/2024\/07\/WX20240731-180407%402x-scaled.webp?resize=768%2C175&amp;ssl=1 768w, https:\/\/i0.wp.com\/aiartfree.online\/wp-content\/uploads\/2024\/07\/WX20240731-180407%402x-scaled.webp?resize=1536%2C349&amp;ssl=1 1536w, https:\/\/i0.wp.com\/aiartfree.online\/wp-content\/uploads\/2024\/07\/WX20240731-180407%402x-scaled.webp?resize=2048%2C465&amp;ssl=1 2048w, https:\/\/i0.wp.com\/aiartfree.online\/wp-content\/uploads\/2024\/07\/WX20240731-180407%402x-scaled.webp?resize=18%2C4&amp;ssl=1 18w, https:\/\/i0.wp.com\/aiartfree.online\/wp-content\/uploads\/2024\/07\/WX20240731-180407%402x-scaled.webp?resize=600%2C136&amp;ssl=1 600w, https:\/\/i0.wp.com\/aiartfree.online\/wp-content\/uploads\/2024\/07\/WX20240731-180407%402x-scaled.webp?w=2400&amp;ssl=1 2400w\" sizes=\"auto, (max-width: 1200px) 100vw, 1200px\" \/><\/figure>\n\n\n\n<h2 class=\"wp-block-heading\" id=\"how-to-use-ai-drawing-generator\">S\u00e5dan bruger du AI Drawing Generator<\/h2>\n\n\n\n<ol class=\"wp-block-list\">\n<li class=\"\">Lav din enkle stregtegning<\/li>\n\n\n\n<li class=\"\">Klik p\u00e5 \"spred resten\"<\/li>\n\n\n\n<li class=\"\">Vent, og v\u00e6lg s\u00e5 en, der passer til din smag<\/li>\n\n\n\n<li class=\"\">Klik p\u00e5 \"diffus\u00e9r resten\" igen!<\/li>\n\n\n\n<li class=\"\">Gentag 3 og 4, indtil du er tilfreds med resultatet.<\/li>\n<\/ol>\n\n\n\n<p class=\"\"><em>* Afh\u00e6ngigt af din internethastighed kan det tage et par sekunder at indl\u00e6se modellen.<\/em><\/p>\n\n\n\n<div class=\"iframe-wrapper\" style=\"position: relative; width: 100%; height: 1200px;\">\n  <div class=\"loading\" style=\"position: absolute; top: 50px; left: 50%; transform: translate(-50%, -50%); width: 40px; height: 40px; border: 3px solid #f0f0f0; border-top: 3px solid #db7093; border-radius: 50%; animation: spin 1s linear infinite;\"><\/div>\n  <iframe loading=\"lazy\" src=\"https:\/\/huggingface-projects-diffuse-the-rest.static.hf.space\" frameborder=\"0\" width=\"100%\" height=\"100%\" style=\"position: absolute; top: 0; left: 0; opacity: 0; transition: opacity 0.3s;\" onload=\"this.style.opacity=1;this.previousElementSibling.style.display='none';\"><\/iframe>\n<\/div>\n\n<style>\n@keyframes spin {\n  0% { transform: translate(-50%, -50%) rotate(0deg); }\n  100% { transform: translate(-50%, -50%) rotate(360deg); }\n}\n<\/style>\n\n\n\n<div style=\"height:50px\" aria-hidden=\"true\" class=\"wp-block-spacer\"><\/div>\n\n\n\n<h2 class=\"wp-block-heading\" id=\"introduction-of-ai-drawing-generator\">Introduktion til AI Tegningsgenerator<\/h2>\n\n\n\n<p class=\"\">AI Drawing Generators har revolutioneret processen med at skabe kunst ved at udnytte kunstig intelligens til at generere fantastiske billeder baseret p\u00e5 brugerinput. Denne teknologi har \u00e5bnet nye muligheder for kunstnere, designere og kreative entusiaster.<\/p>\n\n\n\n<div class=\"wp-block-rank-math-toc-block\" id=\"rank-math-toc\"><h3>Indholdsfortegnelse<\/h3><nav><ul><li><a href=\"#what-is-an-ai-drawing-generator\">Hvad er en AI-tegningsgenerator?<\/a><\/li><li><a href=\"#why-use-an-ai-drawing-generator\">Hvorfor bruge en AI-tegningsgenerator?<\/a><\/li><li><a href=\"#benefits-of-using-an-ai-drawing-generator\">Fordele ved at bruge en AI-tegningsgenerator<\/a><\/li><li><a href=\"#when-to-use-an-ai-drawing-generator\">Hvorn\u00e5r skal man bruge en AI-tegningsgenerator?<\/a><\/li><li><a href=\"#who-should-use-an-ai-drawing-generator\">Hvem b\u00f8r bruge en AI-tegningsgenerator?<\/a><\/li><li><a href=\"#tools-and-resources-for-ai-drawing-generators\">V\u00e6rkt\u00f8jer og ressourcer til AI-tegningsgeneratorer<\/a><\/li><li><a href=\"#frequently-asked-questions-faq\">Ofte stillede sp\u00f8rgsm\u00e5l (FAQ)<\/a><\/li><\/ul><\/nav><\/div>\n\n\n\n<h3 class=\"wp-block-heading\" id=\"what-is-an-ai-drawing-generator\">Hvad er en AI-tegningsgenerator?<\/h3>\n\n\n\n<p class=\"\">En AI-tegningsgenerator er et v\u00e6rkt\u00f8j, der bruger kunstig intelligens-algoritmer til at skabe billeder baseret p\u00e5 tekstbeskeder eller andre input. Disse generatorer kan producere en bred vifte af kunststilarter, fra abstrakte designs til realistiske billeder, ved at behandle store datas\u00e6t af eksisterende kunstv\u00e6rker og l\u00e6re m\u00f8nstre og stilarter.<\/p>\n\n\n\n<h3 class=\"wp-block-heading\" id=\"why-use-an-ai-drawing-generator\">Hvorfor bruge en AI-tegningsgenerator?<\/h3>\n\n\n\n<p class=\"\">AI-tegningsgeneratorer er en unik og effektiv m\u00e5de at skabe kunstv\u00e6rker p\u00e5. De giver brugerne mulighed for at eksperimentere med forskellige stilarter og ideer uden at have brug for avancerede tekniske f\u00e6rdigheder. Derudover kan de spare tid og ressourcer ved at automatisere processen med at skabe kunst.<\/p>\n\n\n\n<h3 class=\"wp-block-heading\" id=\"benefits-of-using-an-ai-drawing-generator\">Fordele ved at bruge en AI-tegningsgenerator<\/h3>\n\n\n\n<ol class=\"wp-block-list\">\n<li class=\"\"><strong>Forbedring af kreativiteten<\/strong>: AI-generatorer giver nye perspektiver og ideer og hj\u00e6lper med at \u00f8ge kreativiteten.<\/li>\n\n\n\n<li class=\"\"><strong>Tidseffektivitet<\/strong>: Generer hurtigt flere designs og koncepter.<\/li>\n\n\n\n<li class=\"\"><strong>Omkostningseffektiv<\/strong>: Reducerer behovet for dyre kunstartikler eller ans\u00e6ttelse af professionelle kunstnere.<\/li>\n\n\n\n<li class=\"\"><strong>Alsidighed<\/strong>: I stand til at producere forskellige stilarter og typer af kunstv\u00e6rker.<\/li>\n\n\n\n<li class=\"\"><strong>Tilg\u00e6ngelighed<\/strong>: G\u00f8r kunstskabelse tilg\u00e6ngelig for alle, uanset deres f\u00e6rdighedsniveau.<\/li>\n<\/ol>\n\n\n\n<h3 class=\"wp-block-heading\" id=\"when-to-use-an-ai-drawing-generator\">Hvorn\u00e5r skal man bruge en AI-tegningsgenerator?<\/h3>\n\n\n\n<p class=\"\">AI-tegningsgeneratorer er velegnede til forskellige scenarier:<\/p>\n\n\n\n<ul class=\"wp-block-list\">\n<li class=\"\"><strong>Kreative projekter<\/strong>: Til at skabe unikke kunstv\u00e6rker til personlige eller professionelle projekter.<\/li>\n\n\n\n<li class=\"\"><strong>Markedsf\u00f8ring og reklame<\/strong>: Skabe i\u00f8jnefaldende visuals til kampagner.<\/li>\n\n\n\n<li class=\"\"><strong>Indhold p\u00e5 sociale medier<\/strong>: Producerer engagerende og delbare billeder.<\/li>\n\n\n\n<li class=\"\"><strong>Uddannelsesm\u00e6ssige form\u00e5l<\/strong>: Undervisning og demonstration af AI- og kunstkoncepter.<\/li>\n\n\n\n<li class=\"\"><strong>Design af prototyper<\/strong>: Hurtig visualisering af koncepter og ideer.<\/li>\n<\/ul>\n\n\n\n<h3 class=\"wp-block-heading\" id=\"who-should-use-an-ai-drawing-generator\">Hvem b\u00f8r bruge en AI-tegningsgenerator?<\/h3>\n\n\n\n<ul class=\"wp-block-list\">\n<li class=\"\"><strong>Kunstnere<\/strong>: Til at udforske nye stilarter og ideer.<\/li>\n\n\n\n<li class=\"\"><strong>Designere<\/strong>: At str\u00f8mline designprocessen.<\/li>\n\n\n\n<li class=\"\"><strong>Markedsf\u00f8rere<\/strong>: Til at skabe overbevisende billeder.<\/li>\n\n\n\n<li class=\"\"><strong>P\u00e6dagoger<\/strong>: For at illustrere AI- og kunstemner.<\/li>\n\n\n\n<li class=\"\"><strong>Hobbyister<\/strong>: Alle, der er interesserede i at skabe kunst uden at have brug for avancerede f\u00e6rdigheder.<\/li>\n<\/ul>\n\n\n\n<h3 class=\"wp-block-heading\" id=\"tools-and-resources-for-ai-drawing-generators\">V\u00e6rkt\u00f8jer og ressourcer til AI-tegningsgeneratorer<\/h3>\n\n\n\n<p class=\"\">For at give omfattende information har vi unders\u00f8gt de nyeste AI-tegningsgeneratorer, der er tilg\u00e6ngelige online. Nedenfor er de 10 bedste v\u00e6rkt\u00f8jer sammen med en oversigt over deres styrker og svagheder:<\/p>\n\n\n\n<figure class=\"wp-block-table\"><table class=\"has-fixed-layout\"><thead><tr><th>V\u00e6rkt\u00f8j<\/th><th>URL<\/th><th>Fordele<\/th><th>Ulemper<\/th><\/tr><\/thead><tbody><tr><td>DeepArt<\/td><td><a href=\"https:\/\/deepart.io\" target=\"_blank\" rel=\"noopener\">deepart.io<\/a><\/td><td>Resultater af h\u00f8j kvalitet, forskellige stilarter<\/td><td>Behandlingstiden kan v\u00e6re langsom<\/td><\/tr><tr><td>Kunstopdr\u00e6tter<\/td><td><a href=\"https:\/\/artbreeder.com\" target=\"_blank\" rel=\"noopener\">artbreeder.com<\/a><\/td><td>Samarbejdsplatform, nem at bruge<\/td><td>Begr\u00e6nsede tilpasningsmuligheder<\/td><\/tr><tr><td>RunwayML<\/td><td><a href=\"https:\/\/runwayml.com\" target=\"_blank\" rel=\"noopener\">runwayml.com<\/a><\/td><td>Integration med forskellige AI-modeller, brugervenlig<\/td><td>Kr\u00e6ver abonnement for at f\u00e5 alle funktioner<\/td><\/tr><tr><td>DALL-E 2<\/td><td><a href=\"https:\/\/openai.com\/dall-e-2\" target=\"_blank\" rel=\"noopener\">openai.com\/dall-e-2<\/a><\/td><td>Genererer billeder i h\u00f8j opl\u00f8sning<\/td><td>Begr\u00e6nset tilg\u00e6ngelighed, h\u00f8je omkostninger<\/td><\/tr><tr><td>Generator for dybe dr\u00f8mme<\/td><td><a href=\"https:\/\/deepdreamgenerator.com\" target=\"_blank\" rel=\"noopener\">deepdreamgenerator.com<\/a><\/td><td>Kreative og surrealistiske effekter<\/td><td>Resultaterne kan v\u00e6re uforudsigelige<\/td><\/tr><tr><td>MalingK\u00e6de<\/td><td><a>paintschainer.preferred.tech<\/a><\/td><td>Let at bruge, automatisk farvning<\/td><td>Begr\u00e6nset til kunst i anime-stil<\/td><\/tr><tr><td>NightCafe Studio<\/td><td><a href=\"https:\/\/nightcafe.studio\" target=\"_blank\" rel=\"noopener\">nightcafe.studio<\/a><\/td><td>Brugervenlige, f\u00e6lles funktioner<\/td><td>Nogle funktioner kr\u00e6ver betaling<\/td><\/tr><tr><td>VQ-VAE-2<\/td><td><a href=\"https:\/\/github.com\/deepmind\/vq-vae-2\" target=\"_blank\" rel=\"noopener\">github.com\/deepmind\/vq-vae-2<\/a><\/td><td>Generativ model af h\u00f8j kvalitet<\/td><td>Kr\u00e6ver teknisk viden at bruge<\/td><\/tr><tr><td>GANPaint Studio<\/td><td><a href=\"https:\/\/ganpaint.io\" target=\"_blank\" rel=\"noopener\">ganpaint.io<\/a><\/td><td>Interaktiv redigering, realistiske billeder<\/td><td>Begr\u00e6nset til visse typer billeder<\/td><\/tr><tr><td><a href=\"https:\/\/aiartfree.online\/da\/ai-tegningsgenerator\/\">https:\/\/aiartfree.online\/ai-drawing-generator<\/a><\/td><td><a href=\"https:\/\/aiartfree.online\/da\/ai-tegningsgenerator\/\">aiartfree.online<\/a><\/td><td>Gratis, nem at bruge, alsidig<\/td><td>Begr\u00e6nsede avancerede funktioner<\/td><\/tr><\/tbody><\/table><\/figure>\n\n\n\n<p class=\"\"><strong>Anbefaling af bedste v\u00e6rkt\u00f8j<\/strong>: Det bedste v\u00e6rkt\u00f8j for de fleste brugere er <a href=\"https:\/\/aiartfree.online\/da\/ai-tegningsgenerator\/\">AI Art Free's AI-tegningsgenerator<\/a> p\u00e5 grund af dens kombination af tilg\u00e6ngelighed, brugervenlighed og alsidige funktioner.<\/p>\n\n\n\n<h3 class=\"wp-block-heading\" id=\"frequently-asked-questions-faq\">Ofte stillede sp\u00f8rgsm\u00e5l (FAQ)<\/h3>\n\n\n\n<ol class=\"wp-block-list\">\n<li class=\"\"><strong>Hvad er en AI-tegningsgenerator?<\/strong> En AI-tegningsgenerator er et v\u00e6rkt\u00f8j, der skaber billeder baseret p\u00e5 brugerinput ved hj\u00e6lp af algoritmer for kunstig intelligens.<\/li>\n\n\n\n<li class=\"\"><strong>Hvordan fungerer en AI-tegningsgenerator?<\/strong> Den behandler store datas\u00e6t af eksisterende kunstv\u00e6rker for at l\u00e6re m\u00f8nstre og stilarter og bruger derefter denne viden til at generere nye billeder.<\/li>\n\n\n\n<li class=\"\"><strong>Er AI-tegningsgeneratorer gratis at bruge?<\/strong> Nogle er gratis, som f.eks. <a href=\"https:\/\/aiartfree.online\/da\/ai-tegningsgenerator\/\">AI Art Free's AI-tegningsgenerator<\/a>mens andre kan kr\u00e6ve et abonnement eller en engangsbetaling.<\/li>\n\n\n\n<li class=\"\"><strong>Kan AI-tegningsgeneratorer producere realistiske billeder?<\/strong> Ja, mange AI-tegningsgeneratorer kan producere meget realistiske billeder afh\u00e6ngigt af modellen og det input, der gives.<\/li>\n\n\n\n<li class=\"\"><strong>Skal jeg kunne tegne for at bruge en AI-tegningsgenerator?<\/strong> Nej, disse v\u00e6rkt\u00f8jer er designet til at v\u00e6re brugervenlige og tilg\u00e6ngelige for alle, uanset deres kunstneriske evner.<\/li>\n\n\n\n<li class=\"\"><strong>Hvilke typer billeder kan jeg skabe med en AI Drawing Generator?<\/strong> Du kan skabe en bred vifte af billeder, herunder abstrakt kunst, portr\u00e6tter, landskaber og meget mere.<\/li>\n\n\n\n<li class=\"\"><strong>Hvordan kan AI-tegningsgeneratorer gavne min virksomhed?<\/strong> De kan spare tid og ressourcer p\u00e5 at skabe visuelt indhold, \u00f8ge kreativiteten og give unikke marketingmaterialer.<\/li>\n\n\n\n<li class=\"\"><strong>Er de billeder, der genereres af AI Drawing Generators, ophavsretligt beskyttet?<\/strong> Det afh\u00e6nger af v\u00e6rkt\u00f8jets servicevilk\u00e5r. Nogle tillader fri brug af genererede billeder, mens andre kan have begr\u00e6nsninger.<\/li>\n\n\n\n<li class=\"\"><strong>Hvad er begr\u00e6nsningerne ved AI-tegningsgeneratorer?<\/strong> Begr\u00e6nsninger kan omfatte behandlingstid, mangel p\u00e5 tilpasningsmuligheder og variation i outputkvalitet.<\/li>\n\n\n\n<li class=\"\"><strong>Hvilken AI-tegningsgenerator er den bedste?<\/strong> Baseret p\u00e5 vores forskning, <a href=\"https:\/\/aiartfree.online\/da\/ai-tegningsgenerator\/\">AI Art Free's AI-tegningsgenerator<\/a> tilbyder den bedste kombination af funktioner, tilg\u00e6ngelighed og brugervenlighed.<\/li>\n<\/ol>\n\n\n\n<p class=\"\">Ved at udnytte AI Drawing Generators kan du skabe fantastiske illustrationer med minimal indsats, hvilket g\u00f8r disse v\u00e6rkt\u00f8jer uvurderlige til en lang r\u00e6kke anvendelser.<\/p>","protected":false},"excerpt":{"rendered":"<p>Before vs After How to use AI Drawing Generator *&nbsp;Depending on your internet speed, loading the model may take a few seconds. Introduction of AI Drawing Generator AI Drawing Generators have revolutionized the art creation process by leveraging artificial intelligence to generate stunning images based on user inputs. This technology has opened new possibilities for &#8230; <a title=\"AI-tegningsgenerator\" class=\"read-more\" href=\"https:\/\/aiartfree.online\/da\/ai-tegningsgenerator\/\" aria-label=\"Read more about AI Drawing Generator\">L\u00e6s mere <\/a><\/p>","protected":false},"author":1,"featured_media":3408,"parent":0,"menu_order":0,"comment_status":"open","ping_status":"closed","template":"","meta":{"nf_dc_page":"","footnotes":""},"class_list":["post-2964","page","type-page","status-publish","has-post-thumbnail"],"jetpack_sharing_enabled":true,"_links":{"self":[{"href":"https:\/\/aiartfree.online\/da\/wp-json\/wp\/v2\/pages\/2964","targetHints":{"allow":["GET"]}}],"collection":[{"href":"https:\/\/aiartfree.online\/da\/wp-json\/wp\/v2\/pages"}],"about":[{"href":"https:\/\/aiartfree.online\/da\/wp-json\/wp\/v2\/types\/page"}],"author":[{"embeddable":true,"href":"https:\/\/aiartfree.online\/da\/wp-json\/wp\/v2\/users\/1"}],"replies":[{"embeddable":true,"href":"https:\/\/aiartfree.online\/da\/wp-json\/wp\/v2\/comments?post=2964"}],"version-history":[{"count":0,"href":"https:\/\/aiartfree.online\/da\/wp-json\/wp\/v2\/pages\/2964\/revisions"}],"wp:featuredmedia":[{"embeddable":true,"href":"https:\/\/aiartfree.online\/da\/wp-json\/wp\/v2\/media\/3408"}],"wp:attachment":[{"href":"https:\/\/aiartfree.online\/da\/wp-json\/wp\/v2\/media?parent=2964"}],"curies":[{"name":"wp","href":"https:\/\/api.w.org\/{rel}","templated":true}]}}