{"id":2941,"date":"2024-07-18T13:56:58","date_gmt":"2024-07-18T13:56:58","guid":{"rendered":"https:\/\/aiartfree.online\/?page_id=2941"},"modified":"2024-08-02T12:30:47","modified_gmt":"2024-08-02T12:30:47","slug":"ai-cartoon-generator","status":"publish","type":"page","link":"https:\/\/aiartfree.online\/da\/ai-tegneserie-generator\/","title":{"rendered":"AI-tegneseriegenerator"},"content":{"rendered":"<h2 class=\"wp-block-heading has-text-align-center\" id=\"before-vs-after\">F\u00f8r vs. efter<\/h2>\n\n\n\n<figure class=\"gb-block-image gb-block-image-1822da1f\"><img data-recalc-dims=\"1\" decoding=\"async\" loading=\"lazy\" width=\"1024\" height=\"508\" class=\"gb-image gb-image-1822da1f\" src=\"https:\/\/i0.wp.com\/aiartfree.online\/wp-content\/uploads\/2024\/07\/WX20240717-175407%402x-1-1-1.jpg?resize=1024%2C508&#038;ssl=1\" alt=\"AI-tegneseriegenerator\" title=\"WX20240717-175407@2x (1) (1) (1)\" srcset=\"https:\/\/i0.wp.com\/aiartfree.online\/wp-content\/uploads\/2024\/07\/WX20240717-175407%402x-1-1-1-scaled.jpg?resize=1024%2C508&amp;ssl=1 1024w, https:\/\/i0.wp.com\/aiartfree.online\/wp-content\/uploads\/2024\/07\/WX20240717-175407%402x-1-1-1-scaled.jpg?resize=300%2C149&amp;ssl=1 300w, https:\/\/i0.wp.com\/aiartfree.online\/wp-content\/uploads\/2024\/07\/WX20240717-175407%402x-1-1-1-scaled.jpg?resize=768%2C381&amp;ssl=1 768w, https:\/\/i0.wp.com\/aiartfree.online\/wp-content\/uploads\/2024\/07\/WX20240717-175407%402x-1-1-1-scaled.jpg?resize=1536%2C763&amp;ssl=1 1536w, https:\/\/i0.wp.com\/aiartfree.online\/wp-content\/uploads\/2024\/07\/WX20240717-175407%402x-1-1-1-scaled.jpg?resize=2048%2C1017&amp;ssl=1 2048w, https:\/\/i0.wp.com\/aiartfree.online\/wp-content\/uploads\/2024\/07\/WX20240717-175407%402x-1-1-1-scaled.jpg?resize=18%2C9&amp;ssl=1 18w, https:\/\/i0.wp.com\/aiartfree.online\/wp-content\/uploads\/2024\/07\/WX20240717-175407%402x-1-1-1-scaled.jpg?resize=600%2C298&amp;ssl=1 600w, https:\/\/i0.wp.com\/aiartfree.online\/wp-content\/uploads\/2024\/07\/WX20240717-175407%402x-1-1-1-scaled.jpg?w=2400&amp;ssl=1 2400w\" sizes=\"auto, (max-width: 1024px) 100vw, 1024px\" \/><\/figure>\n\n\n\n<h2 class=\"wp-block-heading\" id=\"how-to-use-ai-cartoon-generator\">S\u00e5dan bruger du AI Cartoon Generator<\/h2>\n\n\n\n<ol class=\"wp-block-list\">\n<li class=\"\">Drop eller upload dit foto eller et andet billede, du kan lide<\/li>\n\n\n\n<li class=\"\">Klik p\u00e5 \"Send\"<\/li>\n\n\n\n<li class=\"\">Vent, det er det!<\/li>\n<\/ol>\n\n\n\n<p class=\"\"><em>* Afh\u00e6ngigt af din internethastighed kan det tage et par sekunder at indl\u00e6se modellen.<br>* Der vil v\u00e6re caching under kontinuerlig generering, og det nye billede vil blive vist efter ca. 3 sekunder.<\/em><\/p>\n\n\n\n<div class=\"iframe-wrapper\" style=\"position: relative; width: 100%; height: 1800px;\">\n  <div class=\"loading\" style=\"position: absolute; top: 50px; left: 50%; transform: translate(-50%, -50%); width: 40px; height: 40px; border: 3px solid #f0f0f0; border-top: 3px solid #db7093; border-radius: 50%; animation: spin 1s linear infinite;\"><\/div>\n  <iframe loading=\"lazy\" src=\"https:\/\/akhaliq-animeganv2.hf.space\" frameborder=\"0\" width=\"100%\" height=\"100%\" style=\"position: absolute; top: 0; left: 0; opacity: 0; transition: opacity 0.3s;\" onload=\"this.style.opacity=1;this.previousElementSibling.style.display='none';\"><\/iframe>\n<\/div>\n\n<style>\n@keyframes spin {\n  0% { transform: translate(-50%, -50%) rotate(0deg); }\n  100% { transform: translate(-50%, -50%) rotate(360deg); }\n}\n<\/style>\n\n\n\n<div style=\"height:50px\" aria-hidden=\"true\" class=\"wp-block-spacer\"><\/div>\n\n\n\n<h2 class=\"wp-block-heading\" id=\"introduction-of-ai-cartoon-generator\">Introduktion til AI Cartoon Generator<\/h2>\n\n\n\n<p class=\"\">At lave tegneserieversioner af fotos er blevet en popul\u00e6r trend i de senere \u00e5r. Med en AI-tegneseriegenerator kan brugerne hurtigt og nemt forvandle deres fotos til tegneseriebilleder. I denne artikel vil vi unders\u00f8ge, hvad en AI-tegneseriegenerator er, hvorfor den er gavnlig, hvordan man bruger den, og hvem der kan f\u00e5 gavn af den. Derudover vil vi give en omfattende sammenligning af forskellige AI-tegneseriegeneratorer, der er tilg\u00e6ngelige online.<\/p>\n\n\n\n<div class=\"wp-block-rank-math-toc-block\" id=\"rank-math-toc\"><h3>Indholdsfortegnelse<\/h3><nav><ul><li><a href=\"#what-is-an-ai-cartoon-generator\">Hvad er en AI-tegneseriegenerator?<\/a><\/li><li><a href=\"#why-use-an-ai-cartoon-generator\">Hvorfor bruge en AI-tegneseriegenerator?<\/a><\/li><li><a href=\"#benefits-of-using-an-ai-cartoon-generator\">Fordele ved at bruge en AI-tegneseriegenerator<\/a><\/li><li><a href=\"#when-to-use-an-ai-cartoon-generator\">Hvorn\u00e5r skal man bruge en AI-tegneseriegenerator?<\/a><\/li><li><a href=\"#who-should-use-an-ai-cartoon-generator\">Hvem b\u00f8r bruge en AI-tegneseriegenerator?<\/a><\/li><li><a href=\"#comparison-of-ai-cartoon-generators\">Sammenligning af AI-tegneseriegeneratorer<\/a><\/li><li><a href=\"#faq\">OFTE STILLEDE SP\u00d8RGSM\u00c5L<\/a><\/li><\/ul><\/nav><\/div>\n\n\n\n<h3 class=\"wp-block-heading\" id=\"what-is-an-ai-cartoon-generator\">Hvad er en AI-tegneseriegenerator?<\/h3>\n\n\n\n<p class=\"\">En AI-tegneseriegenerator er et softwarev\u00e6rkt\u00f8j, der bruger kunstig intelligens til at omdanne et foto til et tegneseriebillede. Ved hj\u00e6lp af avancerede algoritmer og maskinl\u00e6ring kan disse v\u00e6rkt\u00f8jer tegne et billede og skabe unikke og personlige tegneseriefigurer eller avatarer ud fra dine fotos.<\/p>\n\n\n\n<h3 class=\"wp-block-heading\" id=\"why-use-an-ai-cartoon-generator\">Hvorfor bruge en AI-tegneseriegenerator?<\/h3>\n\n\n\n<p class=\"\">AI-tegneseriegeneratorer er blevet popul\u00e6re p\u00e5 grund af deres evne til hurtigt at forvandle billeder til tegneserier med minimal indsats. De tilbyder en sjov m\u00e5de at skabe tegneseriebilleder til sociale medier, profilbilleder eller bare til personlig forn\u00f8jelse.<\/p>\n\n\n\n<h3 class=\"wp-block-heading\" id=\"benefits-of-using-an-ai-cartoon-generator\">Fordele ved at bruge en AI-tegneseriegenerator<\/h3>\n\n\n\n<ol class=\"wp-block-list\">\n<li class=\"\"><strong>Let at bruge:<\/strong> De fleste AI-tegneseriegeneratorer kr\u00e6ver kun et par klik for at forvandle et foto til en tegneserie.<\/li>\n\n\n\n<li class=\"\"><strong>Hurtig behandling:<\/strong> AI-algoritmer kan hurtigt behandle billeder og give n\u00e6sten \u00f8jeblikkelige resultater.<\/li>\n\n\n\n<li class=\"\"><strong>H\u00f8j kvalitet:<\/strong> De genererede tegneseriebilleder er ofte af h\u00f8j kvalitet og egnede til forskellige form\u00e5l.<\/li>\n\n\n\n<li class=\"\"><strong>Tilpasning:<\/strong> Mange v\u00e6rkt\u00f8jer g\u00f8r det muligt at tilpasse tegneseriestilen, s\u00e5 hvert billede bliver unikt.<\/li>\n\n\n\n<li class=\"\"><strong>Gratis muligheder:<\/strong> Mange onlinev\u00e6rkt\u00f8jer tilbyder gratis tjenester til konvertering af fotos til tegneserier.<\/li>\n<\/ol>\n\n\n\n<h3 class=\"wp-block-heading\" id=\"when-to-use-an-ai-cartoon-generator\">Hvorn\u00e5r skal man bruge en AI-tegneseriegenerator?<\/h3>\n\n\n\n<p class=\"\">AI-tegneseriegeneratorer er ideelle til:<\/p>\n\n\n\n<ul class=\"wp-block-list\">\n<li class=\"\"><strong>Skabe indhold til sociale medier:<\/strong> Engagerende og unikke tegneseriebilleder kan forbedre opslag p\u00e5 sociale medier.<\/li>\n\n\n\n<li class=\"\"><strong>At lave profilbilleder:<\/strong> Tegneserieprofiler skiller sig ud og giver et personligt pr\u00e6g.<\/li>\n\n\n\n<li class=\"\"><strong>Sjove projekter:<\/strong> At forvandle sig selv til en tegneserie for sjov eller til kreative projekter.<\/li>\n\n\n\n<li class=\"\"><strong>Professionel brug:<\/strong> Illustratorer og designere kan bruge disse v\u00e6rkt\u00f8jer til hurtigt at skabe tegneseriebilleder.<\/li>\n<\/ul>\n\n\n\n<h3 class=\"wp-block-heading\" id=\"who-should-use-an-ai-cartoon-generator\">Hvem b\u00f8r bruge en AI-tegneseriegenerator?<\/h3>\n\n\n\n<p class=\"\">AI-tegneseriegeneratorer er velegnede til:<\/p>\n\n\n\n<ul class=\"wp-block-list\">\n<li class=\"\"><strong>Enkeltpersoner:<\/strong> Alle, der \u00f8nsker at skabe en tegneserieversion af deres foto.<\/li>\n\n\n\n<li class=\"\"><strong>Influencere p\u00e5 sociale medier:<\/strong> At skabe engagerende indhold.<\/li>\n\n\n\n<li class=\"\"><strong>Virksomheder:<\/strong> Til unikke marketingmaterialer.<\/li>\n\n\n\n<li class=\"\"><strong>Kunstnere og designere:<\/strong> Til hurtigt at generere ideer til tegneserier.<\/li>\n\n\n\n<li class=\"\"><strong>Skabere af indhold:<\/strong> For at tilf\u00f8je et sjovt element til deres indhold.<\/li>\n<\/ul>\n\n\n\n<h3 class=\"wp-block-heading\" id=\"comparison-of-ai-cartoon-generators\">Sammenligning af AI-tegneseriegeneratorer<\/h3>\n\n\n\n<figure class=\"wp-block-table\"><table class=\"has-fixed-layout\"><thead><tr><th>V\u00e6rkt\u00f8j<\/th><th>Fordele<\/th><th>Ulemper<\/th><th>Funktioner<\/th><th>Anbefalinger<\/th><\/tr><\/thead><tbody><tr><td><a href=\"https:\/\/aiartfree.online\/da\/ai-tegneserie-generator\/\" target=\"_blank\" data-type=\"link\" data-id=\"https:\/\/aiartfree.online\/ai-cartoon-generator\/\" rel=\"noreferrer noopener\">AI-tegneseriegenerator<\/a><\/td><td>Let at bruge, gratis<\/td><td>Begr\u00e6nset tilpasning<\/td><td>Foto til tegneserie, forskellige stilarter<\/td><td>God til grundl\u00e6ggende brug<\/td><\/tr><tr><td>ToonMe<\/td><td>H\u00f8j kvalitet, hurtig<\/td><td>Vandm\u00e6rke p\u00e5 gratis version<\/td><td>Forskellige tegneseriestilarter, hurtig behandling<\/td><td>Bedst til billeder i h\u00f8j kvalitet<\/td><\/tr><tr><td>Foto-laboratorium<\/td><td>Mange effekter<\/td><td>Reklamer i den gratis version<\/td><td>Flere effekter og filtre<\/td><td>Fantastisk til mange forskellige effekter<\/td><\/tr><tr><td>PicsArt<\/td><td>Alsidig, masser af v\u00e6rkt\u00f8jer<\/td><td>Kr\u00e6ver login<\/td><td>Fotoredigering, tegnefilmseffekter<\/td><td>Bedst til avancerede brugere<\/td><\/tr><tr><td>BeFunky<\/td><td>Let at bruge<\/td><td>Begr\u00e6nsede gratis funktioner<\/td><td>Enkel redigering, tegnefilmseffekter<\/td><td>God til begyndere<\/td><\/tr><tr><td>Dybe kunsteffekter<\/td><td>H\u00f8j kvalitet<\/td><td>Kr\u00e6ver betaling for HD<\/td><td>AI-genererede kunststilarter<\/td><td>Bedst til resultater af h\u00f8j kvalitet<\/td><\/tr><tr><td>Prisma<\/td><td>Stilfulde resultater<\/td><td>Begr\u00e6nset antal gratis styles<\/td><td>Forskellige kunstneriske filtre<\/td><td>Perfekt til kunstneriske stilarter<\/td><\/tr><tr><td>Painnt<\/td><td>Mange stilarter<\/td><td>Vandm\u00e6rke p\u00e5 gratis version<\/td><td>Kunstneriske filtre og stilarter<\/td><td>Bedst til kunstnerisk variation<\/td><\/tr><tr><td>LunaPic<\/td><td>Gratis, alsidig<\/td><td>For\u00e6ldet gr\u00e6nseflade<\/td><td>Mange effekter og v\u00e6rkt\u00f8jer<\/td><td>Bedst til fri brug<\/td><\/tr><tr><td>Fotor<\/td><td>Let at bruge, alsidig<\/td><td>Begr\u00e6nsede gratis funktioner<\/td><td>Redigeringsv\u00e6rkt\u00f8jer, tegnefilmseffekter<\/td><td>Bedst til generel brug<\/td><\/tr><\/tbody><\/table><\/figure>\n\n\n\n<h3 class=\"wp-block-heading\" id=\"faq\">OFTE STILLEDE SP\u00d8RGSM\u00c5L<\/h3>\n\n\n\n<p class=\"\"><strong>1. Hvad er en AI-tegneseriegenerator?<\/strong><br>En AI-tegneseriegenerator er et v\u00e6rkt\u00f8j, der bruger AI til at omdanne fotos til tegneseriebilleder.<\/p>\n\n\n\n<p class=\"\"><strong>2. Hvordan fungerer en AI-tegneseriegenerator?<\/strong><br>Den bruger maskinl\u00e6ringsalgoritmer til at analysere og konvertere fotofunktioner til tegneserielignende billeder.<\/p>\n\n\n\n<p class=\"\"><strong>3. Er AI-tegneseriegeneratorer gratis?<\/strong><br>Mange v\u00e6rkt\u00f8jer tilbyder gratis versioner med grundl\u00e6ggende funktioner, men nogle kan have premium-muligheder.<\/p>\n\n\n\n<p class=\"\"><strong>4. Hvad er de bedste AI-tegneseriegeneratorer?<\/strong><br>Nogle af de bedste v\u00e6rkt\u00f8jer er ToonMe, Photo Lab og Prisma.<\/p>\n\n\n\n<p class=\"\"><strong>5. Kan jeg tilpasse tegneseriestilene?<\/strong><br>Ja, mange v\u00e6rkt\u00f8jer giver mulighed for at tilpasse tegneseriestilarter.<\/p>\n\n\n\n<p class=\"\"><strong>6. Er det sikkert at bruge online AI-tegneseriegeneratorer?<\/strong><br>De fleste velrenommerede v\u00e6rkt\u00f8jer er sikre, men tjek altid sikkerheds- og privatlivspolitikken.<\/p>\n\n\n\n<p class=\"\"><strong>7. Kan jeg bruge AI-tegneseriegeneratorer til kommercielle form\u00e5l?<\/strong><br>Det afh\u00e6nger af v\u00e6rkt\u00f8jets brugsbetingelser; nogle tillader kommerciel brug, mens andre ikke g\u00f8r.<\/p>\n\n\n\n<p class=\"\"><strong>8. Hvor lang tid tager det at tegne et foto?<\/strong><br>Behandlingstiden varierer, men er generelt hurtig, ofte kun et par sekunder.<\/p>\n\n\n\n<p class=\"\"><strong>9. Kan AI-tegneseriegeneratorer fungere p\u00e5 et hvilket som helst foto?<\/strong><br>De fungerer bedst p\u00e5 klare fotos i h\u00f8j kvalitet.<\/p>\n\n\n\n<p class=\"\"><strong>10. Hvad er den bedste AI-tegneseriegenerator for begyndere?<\/strong><br>BeFunky og Cartoonify er gode muligheder for begyndere p\u00e5 grund af deres enkelhed og brugervenlighed.<\/p>\n\n\n\n<p class=\"\">At bruge en AI-tegneseriegenerator er en sjov og nem m\u00e5de at skabe unikke og engagerende tegneseriebilleder ud fra dine fotos. Uanset om du \u00f8nsker at skabe indhold til sociale medier, et unikt profilbillede eller bare have det sjovt, tilbyder disse v\u00e6rkt\u00f8jer en r\u00e6kke funktioner, der opfylder dine behov. <\/p>\n\n\n\n<p class=\"\">Hvis du har yderligere sp\u00f8rgsm\u00e5l, s\u00e5 sp\u00f8rg <a href=\"https:\/\/chatgpt4o.space\/\" data-type=\"link\" data-id=\"https:\/\/chatgpt4o.space\/\" target=\"_blank\" rel=\"noreferrer noopener\">gratis online ChatGPT 4o mini<\/a><\/p>","protected":false},"excerpt":{"rendered":"<p>Before vs After How to use AI Cartoon Generator *&nbsp;Depending on your internet speed, loading the model may take a few seconds.* There will be caching during continuous generation, and the new image will appear after about 3 seconds. Introduction of AI Cartoon Generator Creating cartoon versions of photos has become a popular trend in &#8230; <a title=\"AI-tegneseriegenerator\" class=\"read-more\" href=\"https:\/\/aiartfree.online\/da\/ai-tegneserie-generator\/\" aria-label=\"Read more about AI Cartoon Generator\">L\u00e6s mere <\/a><\/p>","protected":false},"author":1,"featured_media":2875,"parent":0,"menu_order":0,"comment_status":"open","ping_status":"closed","template":"","meta":{"nf_dc_page":"","footnotes":""},"class_list":["post-2941","page","type-page","status-publish","has-post-thumbnail"],"jetpack_sharing_enabled":true,"_links":{"self":[{"href":"https:\/\/aiartfree.online\/da\/wp-json\/wp\/v2\/pages\/2941","targetHints":{"allow":["GET"]}}],"collection":[{"href":"https:\/\/aiartfree.online\/da\/wp-json\/wp\/v2\/pages"}],"about":[{"href":"https:\/\/aiartfree.online\/da\/wp-json\/wp\/v2\/types\/page"}],"author":[{"embeddable":true,"href":"https:\/\/aiartfree.online\/da\/wp-json\/wp\/v2\/users\/1"}],"replies":[{"embeddable":true,"href":"https:\/\/aiartfree.online\/da\/wp-json\/wp\/v2\/comments?post=2941"}],"version-history":[{"count":0,"href":"https:\/\/aiartfree.online\/da\/wp-json\/wp\/v2\/pages\/2941\/revisions"}],"wp:featuredmedia":[{"embeddable":true,"href":"https:\/\/aiartfree.online\/da\/wp-json\/wp\/v2\/media\/2875"}],"wp:attachment":[{"href":"https:\/\/aiartfree.online\/da\/wp-json\/wp\/v2\/media?parent=2941"}],"curies":[{"name":"wp","href":"https:\/\/api.w.org\/{rel}","templated":true}]}}