{"id":2889,"date":"2024-07-18T12:53:54","date_gmt":"2024-07-18T12:53:54","guid":{"rendered":"https:\/\/aiartfree.online\/?page_id=2889"},"modified":"2024-07-20T06:31:00","modified_gmt":"2024-07-20T06:31:00","slug":"free-dalle-3","status":"publish","type":"page","link":"https:\/\/aiartfree.online\/da\/fri-dalle-3\/","title":{"rendered":"Gratis DALL-E 3"},"content":{"rendered":"<h2 class=\"wp-block-heading\">S\u00e5dan bruger du den gratis DALL-E 3<\/h2>\n\n\n\n<ol class=\"wp-block-list\">\n<li class=\"\">Indtast dine instruktioner<\/li>\n\n\n\n<li class=\"\">Klik p\u00e5 \"K\u00f8r\"<\/li>\n\n\n\n<li class=\"\">Vent, det er det!<\/li>\n<\/ol>\n\n\n\n<p class=\"\"><em>* Afh\u00e6ngigt af din internethastighed kan det tage et par sekunder at indl\u00e6se modellen.<br>* Der vil v\u00e6re caching under kontinuerlig generering, og det nye billede vil blive vist efter ca. 3 sekunder.<\/em><\/p>\n\n\n\n<div style=\"text-align: center; border: 2px solid; border-image-source: linear-gradient(to right, #16b86c, #912899); border-image-slice: 1; box-shadow: 0 0 10px rgba(0, 0, 0, 0.1); border-radius: 15px;\">\n  <iframe loading=\"lazy\"\n    src=\"https:\/\/ehristoforu-dalle-3-xl-lora-v2.hf.space\"\n    frameborder=\"0\"\n    width=\"600\"\n    height=\"950\"\n    style=\"display: inline-block; margin: 0 auto;\"\n  ><\/iframe>\n<\/div>\n\n\n\n<div style=\"height:100px\" aria-hidden=\"true\" class=\"wp-block-spacer\"><\/div>\n\n\n\n<h1 class=\"gb-headline gb-headline-b91c046b gb-headline-text\"><strong>Introduktion af gratis DALL-E 3<\/strong><\/h1>\n\n\n\n<figure class=\"wp-block-image size-large is-resized\"><img data-recalc-dims=\"1\" decoding=\"async\" width=\"1024\" height=\"1024\"   loading=\"lazy\" src=\"https:\/\/i0.wp.com\/aiartfree.online\/wp-content\/uploads\/2024\/07\/avocado-square-1-1-1-1-1-1-1-1-1-1-1-1-1.jpg?resize=1024%2C1024&#038;ssl=1\" alt=\"Gratis online DALL-E 3: AI-model, der genererer billeder\/videoer i h\u00f8j kvalitet ud fra tekstprompter, revolutionerer skabelsen af AI-genereret indhold uden at kr\u00e6ve kunstneriske f\u00e6rdigheder.\" class=\"wp-image-2825\" style=\"width:416px;height:auto\" srcset=\"https:\/\/i0.wp.com\/aiartfree.online\/wp-content\/uploads\/2024\/07\/avocado-square-1-1-1-1-1-1-1-1-1-1-1-1-1.jpg?resize=1024%2C1024&amp;ssl=1 1024w, https:\/\/i0.wp.com\/aiartfree.online\/wp-content\/uploads\/2024\/07\/avocado-square-1-1-1-1-1-1-1-1-1-1-1-1-1.jpg?resize=300%2C300&amp;ssl=1 300w, https:\/\/i0.wp.com\/aiartfree.online\/wp-content\/uploads\/2024\/07\/avocado-square-1-1-1-1-1-1-1-1-1-1-1-1-1.jpg?resize=100%2C100&amp;ssl=1 100w, https:\/\/i0.wp.com\/aiartfree.online\/wp-content\/uploads\/2024\/07\/avocado-square-1-1-1-1-1-1-1-1-1-1-1-1-1.jpg?resize=600%2C600&amp;ssl=1 600w, https:\/\/i0.wp.com\/aiartfree.online\/wp-content\/uploads\/2024\/07\/avocado-square-1-1-1-1-1-1-1-1-1-1-1-1-1.jpg?resize=150%2C150&amp;ssl=1 150w, https:\/\/i0.wp.com\/aiartfree.online\/wp-content\/uploads\/2024\/07\/avocado-square-1-1-1-1-1-1-1-1-1-1-1-1-1.jpg?resize=768%2C768&amp;ssl=1 768w, https:\/\/i0.wp.com\/aiartfree.online\/wp-content\/uploads\/2024\/07\/avocado-square-1-1-1-1-1-1-1-1-1-1-1-1-1.jpg?resize=1536%2C1536&amp;ssl=1 1536w, https:\/\/i0.wp.com\/aiartfree.online\/wp-content\/uploads\/2024\/07\/avocado-square-1-1-1-1-1-1-1-1-1-1-1-1-1.jpg?resize=12%2C12&amp;ssl=1 12w, https:\/\/i0.wp.com\/aiartfree.online\/wp-content\/uploads\/2024\/07\/avocado-square-1-1-1-1-1-1-1-1-1-1-1-1-1.jpg?w=1792&amp;ssl=1 1792w\" sizes=\"auto, (max-width: 1024px) 100vw, 1024px\" \/><\/figure>\n\n\n\n<h2 class=\"wp-block-heading\"><strong>Oversigt:<\/strong><\/h2>\n\n\n\n<ul class=\"wp-block-list\">\n<li class=\"\">Hvad er gratis online DALL-E 3?<\/li>\n\n\n\n<li class=\"\">Hvorfor bruge gratis online DALL-E 3?<\/li>\n\n\n\n<li class=\"\">Fordele ved at bruge gratis online DALL-E 3<\/li>\n\n\n\n<li class=\"\">Hvorn\u00e5r skal man bruge gratis online DALL-E 3<\/li>\n\n\n\n<li class=\"\">Hvem kan drage fordel af gratis online DALL-E 3<\/li>\n\n\n\n<li class=\"\">Gratis online DALL-E 3-v\u00e6rkt\u00f8jer og -ressourcer<\/li>\n\n\n\n<li class=\"\">OFTE STILLEDE SP\u00d8RGSM\u00c5L: Ofte stillede sp\u00f8rgsm\u00e5l om gratis online DALL-E 3<\/li>\n<\/ul>\n\n\n\n<h3 class=\"wp-block-heading\" id=\"6b4aa913\"><a href=\"https:\/\/dromerosm-groq-llama3.hf.space\/#6b4aa913\" target=\"_blank\" rel=\"noopener\"><\/a>Hvad er gratis DALL-E 3?<\/h3>\n\n\n\n<p class=\"\">Free Online DALL-E 3 er en type kunstig intelligens (AI)-model, der giver brugerne mulighed for at generere billeder og videoer i h\u00f8j kvalitet ved hj\u00e6lp af tekstbeskeder. Denne innovative teknologi har revolutioneret omr\u00e5det for AI-genereret indhold og giver brugerne mulighed for at skabe fantastiske billeder uden at kr\u00e6ve omfattende kunstneriske f\u00e6rdigheder.<\/p>\n\n\n\n<h3 class=\"wp-block-heading\" id=\"1403ba15\"><a href=\"https:\/\/dromerosm-groq-llama3.hf.space\/#1403ba15\" target=\"_blank\" rel=\"noopener\"><\/a>Hvorfor bruge gratis DALL-E 3?<\/h3>\n\n\n\n<p class=\"\">Gratis online DALL-E 3 giver mange fordele for b\u00e5de enkeltpersoner og virksomheder. Denne teknologi kan bruges til at skabe i\u00f8jnefaldende reklamer, indhold til sociale medier og endda hele historier. Dens anvendelsesmuligheder er ubegr\u00e6nsede, og dens evne til at skabe billeder af h\u00f8j kvalitet har gjort den til et vigtigt v\u00e6rkt\u00f8j for mange brancher, herunder marketing, underholdning og uddannelse.<\/p>\n\n\n\n<h3 class=\"wp-block-heading\" id=\"6a9ba0cf\"><a href=\"https:\/\/dromerosm-groq-llama3.hf.space\/#6a9ba0cf\" target=\"_blank\" rel=\"noopener\"><\/a>Fordele ved at bruge gratis DALL-E 3<\/h3>\n\n\n\n<p class=\"\">Her er nogle af fordelene ved at bruge gratis online DALL-E 3:<\/p>\n\n\n\n<ul class=\"wp-block-list\">\n<li class=\"\"><strong>Uovertruffen billedkvalitet<\/strong>: Gratis online DALL-E 3 genererer billeder, der kan sammenlignes med dem, der er skabt af professionelle kunstnere.<\/li>\n\n\n\n<li class=\"\"><strong>Tidseffektivt<\/strong>: Denne teknologi giver brugerne mulighed for at skabe billeder af h\u00f8j kvalitet p\u00e5 f\u00e5 minutter, hvilket sparer tid og kr\u00e6fter.<\/li>\n\n\n\n<li class=\"\"><strong>Omkostningseffektiv<\/strong>: Gratis online DALL-E 3 eliminerer behovet for at hyre professionelle kunstnere eller k\u00f8be dyr software.<\/li>\n<\/ul>\n\n\n\n<h3 class=\"wp-block-heading\" id=\"5ca44098\"><a href=\"https:\/\/dromerosm-groq-llama3.hf.space\/#5ca44098\" target=\"_blank\" rel=\"noopener\"><\/a>Hvorn\u00e5r skal man bruge gratis DALL-E 3<\/h3>\n\n\n\n<p class=\"\">Gratis online DALL-E 3 er velegnet til forskellige scenarier, herunder:<\/p>\n\n\n\n<ul class=\"wp-block-list\">\n<li class=\"\"><strong>Markedsf\u00f8ringskampagner<\/strong>: Skab i\u00f8jnefaldende reklamer og indhold til sociale medier for at fange din m\u00e5lgruppes opm\u00e6rksomhed.<\/li>\n\n\n\n<li class=\"\"><strong>Historiefort\u00e6lling<\/strong>: Brug Free Online DALL-E 3 til at skabe hele historier, inklusive figurer, baggrunde og rekvisitter.<\/li>\n\n\n\n<li class=\"\"><strong>Uddannelse<\/strong>: Udnyt denne teknologi til at skabe interaktivt og engagerende uddannelsesindhold.<\/li>\n<\/ul>\n\n\n\n<h3 class=\"wp-block-heading\" id=\"a38adbc\"><a href=\"https:\/\/dromerosm-groq-llama3.hf.space\/#a38adbc\" target=\"_blank\" rel=\"noopener\"><\/a>Hvem kan f\u00e5 gl\u00e6de af gratis DALL-E 3<\/h3>\n\n\n\n<p class=\"\">Gratis online DALL-E 3 kan v\u00e6re til gavn for forskellige personer og brancher, herunder:<\/p>\n\n\n\n<ul class=\"wp-block-list\">\n<li class=\"\"><strong>Markedsf\u00f8rere<\/strong>: Skab billeder af h\u00f8j kvalitet til marketingkampagner.<\/li>\n\n\n\n<li class=\"\"><strong>Kunstnere<\/strong>: F\u00e5 inspiration til deres kunstv\u00e6rker eller brug det som et v\u00e6rkt\u00f8j til at skabe nye v\u00e6rker.<\/li>\n\n\n\n<li class=\"\"><strong>P\u00e6dagoger<\/strong>: Skab interaktivt og engagerende uddannelsesindhold.<\/li>\n<\/ul>\n\n\n\n<h3 class=\"wp-block-heading\" id=\"5e6df429\"><a href=\"https:\/\/dromerosm-groq-llama3.hf.space\/#5e6df429\" target=\"_blank\" rel=\"noopener\"><\/a>Gratis online DALL-E 3-v\u00e6rkt\u00f8jer og -ressourcer<\/h3>\n\n\n\n<p class=\"\">Her er nogle online ressourcer og v\u00e6rkt\u00f8jer, som kan hj\u00e6lpe dig med at komme i gang med Free Online DALL-E 3:<\/p>\n\n\n\n<figure class=\"wp-block-table\"><table class=\"has-fixed-layout\"><thead><tr><th>Ressource<\/th><th>Beskrivelse<\/th><th>Hjemmeside<\/th><\/tr><\/thead><tbody><tr><td>AI-kunst gratis online<\/td><td>En platform, der tilbyder en gratis online DALL-E 3-model<\/td><td><a href=\"https:\/\/aiartfree.online\/da\/free-online-dalle-3\/\" target=\"_blank\" rel=\"noreferrer noopener\">https:\/\/aiartfree.online\/free-online-dall%c2%b7e-3\/<\/a><\/td><\/tr><tr><td>DALL-E 3 GitHub<\/td><td>Det officielle GitHub-arkiv for DALL-E 3<\/td><td><a href=\"https:\/\/github.com\/dalle\/dalle-3\" target=\"_blank\" rel=\"noreferrer noopener\">https:\/\/github.com\/dalle\/dalle-3<\/a><\/td><\/tr><tr><td>AI-genereret kunstf\u00e6llesskab<\/td><td>Et f\u00e6llesskab, der diskuterer AI-genereret kunst og DALL-E 3<\/td><td><a href=\"https:\/\/www.ai-generated-art.com\/\" target=\"_blank\" rel=\"noreferrer noopener\">https:\/\/www.ai-generated-art.com\/<\/a><\/td><\/tr><tr><td>&#8230;<\/td><td>&#8230;<\/td><td>&#8230;<\/td><\/tr><\/tbody><\/table><\/figure>\n\n\n\n<p class=\"\"><strong>Fordele:<\/strong><\/p>\n\n\n\n<ul class=\"wp-block-list\">\n<li class=\"\">Brugervenlig gr\u00e6nseflade<\/li>\n\n\n\n<li class=\"\">Generering af billeder i h\u00f8j kvalitet<\/li>\n\n\n\n<li class=\"\">Omkostningseffektiv<\/li>\n<\/ul>\n\n\n\n<p class=\"\"><strong>Ulemper:<\/strong><\/p>\n\n\n\n<ul class=\"wp-block-list\">\n<li class=\"\">Begr\u00e6nsede tilpasningsmuligheder<\/li>\n\n\n\n<li class=\"\">Kr\u00e6ver teknisk viden<\/li>\n<\/ul>\n\n\n\n<p class=\"\"><strong>Udfordringer:<\/strong><\/p>\n\n\n\n<ul class=\"wp-block-list\">\n<li class=\"\">Sikring af, at de genererede billeder ikke er forudindtagede<\/li>\n\n\n\n<li class=\"\">H\u00e5ndtering af sp\u00f8rgsm\u00e5l om ophavsret og ejerskab<\/li>\n<\/ul>\n\n\n\n<p class=\"\"><strong>Anbefaling:<\/strong><\/p>\n\n\n\n<p class=\"\">Baseret p\u00e5 vores forskning anbefaler vi at bruge&nbsp;<a href=\"https:\/\/aiartfree.online\/da\/free-online-dall\u00b7e-3\/\" target=\"_blank\" rel=\"noreferrer noopener\">AI-kunst gratis online<\/a>&nbsp;for sin brugervenlige gr\u00e6nseflade og billedgenerering i h\u00f8j kvalitet.<\/p>\n\n\n\n<h3 class=\"wp-block-heading\" id=\"b571c93a\"><a href=\"https:\/\/dromerosm-groq-llama3.hf.space\/#b571c93a\" target=\"_blank\" rel=\"noopener\"><\/a>OFTE STILLEDE SP\u00d8RGSM\u00c5L: Ofte stillede sp\u00f8rgsm\u00e5l om gratis online DALL-E 3<\/h3>\n\n\n\n<p class=\"\">Her er nogle ofte stillede sp\u00f8rgsm\u00e5l om gratis online DALL-E 3:<\/p>\n\n\n\n<p class=\"\"><strong>Q1: Er Free DALL-E 3 gratis at bruge?<\/strong>\u00a0A1: Ja, Free Online DALL-E 3 er gratis at bruge med mulighed for betalte opgraderinger.<\/p>\n\n\n\n<p class=\"\"><strong>Q2: Kan jeg bruge Free DALL-E 3 til kommercielle form\u00e5l?<\/strong>\u00a0A2: Ja, du kan bruge Free Online DALL-E 3 til kommercielle form\u00e5l, men du skal s\u00f8rge for at overholde vilk\u00e5rene for brug.<\/p>\n\n\n\n<p class=\"\"><strong>Q3: Hvor lang tid tager det at generere et billede ved hj\u00e6lp af Free Online DALL-E 3?<\/strong>&nbsp;A3: Generationstiden afh\u00e6nger af billedets kompleksitet og de anvendte beregningsressourcer. I gennemsnit tager det omkring 1-5 minutter at generere et billede.<\/p>\n\n\n\n<p class=\"\"><strong>Q4: Kan jeg tilpasse de genererede billeder?<\/strong>&nbsp;A4: Ja, du kan tilpasse de genererede billeder ved hj\u00e6lp af forskellige v\u00e6rkt\u00f8jer og teknikker, herunder redigeringssoftware og stiloverf\u00f8rselsalgoritmer.<\/p>\n\n\n\n<p class=\"\"><strong>Q5: Er gratis online DALL-E 3 egnet til begyndere?<\/strong>&nbsp;A5: Ja, Free Online DALL-E 3 er velegnet til begyndere med en intuitiv brugerflade og v\u00e6rkt\u00f8jstip, der guider dig gennem processen.<\/p>\n\n\n\n<p class=\"\"><strong>Q6: Kan jeg bruge Free Online DALL-E 3 til at generere video?<\/strong>&nbsp;A6: Ja, Free Online DALL-E 3 kan bruges til videogenerering, s\u00e5 du kan lave fantastiske videoer med minimal indsats.<\/p>\n\n\n\n<p class=\"\"><strong>Q7: Er der nogen begr\u00e6nsninger for at bruge Free Online DALL-E 3?<\/strong>&nbsp;A7: Ja, der er begr\u00e6nsninger ved at bruge Free Online DALL-E 3, herunder begr\u00e6nsede tilpasningsmuligheder og potentielle sk\u00e6vheder i de genererede billeder.<\/p>\n\n\n\n<p class=\"\"><strong>Q8: Kan jeg bruge Free Online DALL-E 3 til historiefort\u00e6lling?<\/strong>&nbsp;A8: Ja, Free Online DALL-E 3 kan bruges til historiefort\u00e6lling, s\u00e5 du kan skabe hele historier med figurer, baggrunde og rekvisitter.<\/p>\n\n\n\n<p class=\"\"><strong>Q9: Er gratis online DALL-E 3 egnet til undervisning?<\/strong>&nbsp;A9: Ja, Free Online DALL-E 3 er velegnet til undervisning og g\u00f8r det muligt for undervisere at skabe interaktivt og engagerende undervisningsindhold.<\/p>\n\n\n\n<p class=\"\"><strong>Q10: Hvordan kommer jeg i gang med gratis online DALL-E 3?<\/strong>&nbsp;A10: For at komme i gang med Free Online DALL-E 3 skal du blot bes\u00f8ge hjemmesiden, oprette en konto og f\u00f8lge vejledningerne og retningslinjerne.<\/p>","protected":false},"excerpt":{"rendered":"<p>How to use the Free DALL\u00b7E 3 *&nbsp;Depending on your internet speed, loading the model may take a few seconds.* There will be caching during continuous generation, and the new image will appear after about 3 seconds. Introduction of Free DALL\u00b7E 3 Outline: What is Free DALL\u00b7E 3? Free Online DALL\u00b7E 3 is a type &#8230; <a title=\"Gratis DALL-E 3\" class=\"read-more\" href=\"https:\/\/aiartfree.online\/da\/fri-dalle-3\/\" aria-label=\"Read more about Free DALL\u00b7E 3\">L\u00e6s mere <\/a><\/p>","protected":false},"author":1,"featured_media":0,"parent":0,"menu_order":0,"comment_status":"open","ping_status":"closed","template":"","meta":{"nf_dc_page":"","footnotes":""},"class_list":["post-2889","page","type-page","status-publish"],"jetpack_sharing_enabled":true,"_links":{"self":[{"href":"https:\/\/aiartfree.online\/da\/wp-json\/wp\/v2\/pages\/2889","targetHints":{"allow":["GET"]}}],"collection":[{"href":"https:\/\/aiartfree.online\/da\/wp-json\/wp\/v2\/pages"}],"about":[{"href":"https:\/\/aiartfree.online\/da\/wp-json\/wp\/v2\/types\/page"}],"author":[{"embeddable":true,"href":"https:\/\/aiartfree.online\/da\/wp-json\/wp\/v2\/users\/1"}],"replies":[{"embeddable":true,"href":"https:\/\/aiartfree.online\/da\/wp-json\/wp\/v2\/comments?post=2889"}],"version-history":[{"count":0,"href":"https:\/\/aiartfree.online\/da\/wp-json\/wp\/v2\/pages\/2889\/revisions"}],"wp:attachment":[{"href":"https:\/\/aiartfree.online\/da\/wp-json\/wp\/v2\/media?parent=2889"}],"curies":[{"name":"wp","href":"https:\/\/api.w.org\/{rel}","templated":true}]}}