{"id":2888,"date":"2024-07-18T11:45:49","date_gmt":"2024-07-18T11:45:49","guid":{"rendered":"https:\/\/aiartfree.online\/?page_id=2888"},"modified":"2025-03-07T08:01:42","modified_gmt":"2025-03-07T08:01:42","slug":"free-online-stable-diffusion-3","status":"publish","type":"page","link":"https:\/\/aiartfree.online\/da\/gratis-online-stabil-diffusion-3\/","title":{"rendered":"Gratis online stabil diffusion 3"},"content":{"rendered":"<h2 class=\"wp-block-heading has-text-align-center\" id=\"what-our-users-made\">Hvad vores brugere lavede<\/h2>\n\n\n\n<figure class=\"gb-block-image gb-block-image-1822da1f\"><img data-recalc-dims=\"1\" decoding=\"async\" loading=\"lazy\" width=\"1200\" height=\"199\" class=\"gb-image gb-image-1822da1f\" src=\"https:\/\/i0.wp.com\/aiartfree.online\/wp-content\/uploads\/2024\/08\/WX20240802-163255%402x-scaled.webp?resize=1200%2C199&#038;ssl=1\" alt=\"Stable Diffusion 3 er en AI-model, der giver brugerne mulighed for at generere billeder af h\u00f8j kvalitet ved hj\u00e6lp af tekstprompter, s\u00e5 brugerne kan skabe billeder uden kunstneriske f\u00e6rdigheder.\" title=\"WX20240802-163255@2x\" srcset=\"https:\/\/i0.wp.com\/aiartfree.online\/wp-content\/uploads\/2024\/08\/WX20240802-163255%402x-scaled.webp?w=2560&amp;ssl=1 2560w, https:\/\/i0.wp.com\/aiartfree.online\/wp-content\/uploads\/2024\/08\/WX20240802-163255%402x-scaled.webp?resize=300%2C50&amp;ssl=1 300w, https:\/\/i0.wp.com\/aiartfree.online\/wp-content\/uploads\/2024\/08\/WX20240802-163255%402x-scaled.webp?resize=1024%2C170&amp;ssl=1 1024w, https:\/\/i0.wp.com\/aiartfree.online\/wp-content\/uploads\/2024\/08\/WX20240802-163255%402x-scaled.webp?resize=768%2C127&amp;ssl=1 768w, https:\/\/i0.wp.com\/aiartfree.online\/wp-content\/uploads\/2024\/08\/WX20240802-163255%402x-scaled.webp?resize=1536%2C254&amp;ssl=1 1536w, https:\/\/i0.wp.com\/aiartfree.online\/wp-content\/uploads\/2024\/08\/WX20240802-163255%402x-scaled.webp?resize=2048%2C339&amp;ssl=1 2048w, https:\/\/i0.wp.com\/aiartfree.online\/wp-content\/uploads\/2024\/08\/WX20240802-163255%402x-scaled.webp?resize=18%2C3&amp;ssl=1 18w, https:\/\/i0.wp.com\/aiartfree.online\/wp-content\/uploads\/2024\/08\/WX20240802-163255%402x-scaled.webp?resize=600%2C99&amp;ssl=1 600w, https:\/\/i0.wp.com\/aiartfree.online\/wp-content\/uploads\/2024\/08\/WX20240802-163255%402x-scaled.webp?w=2400&amp;ssl=1 2400w\" sizes=\"auto, (max-width: 1200px) 100vw, 1200px\" \/><\/figure>\n\n\n\n<h2 class=\"wp-block-heading\" id=\"how-to-use-the-free-free-online-stable-diffusion-3\">S\u00e5dan bruger du gratis online stabil diffusion 3<\/h2>\n\n\n\n<ol class=\"wp-block-list\">\n<li class=\"\">Indtast dine instruktioner<\/li>\n\n\n\n<li class=\"\">Klik p\u00e5 \"K\u00f8r\"<\/li>\n\n\n\n<li class=\"\">Vent, det er det!<\/li>\n\n\n\n<li class=\"\">Er du ikke tilfreds med resultatet? <br>Intet problem! Brug nedenst\u00e5ende Prompt Generator til at f\u00e5 revolutionerede prompts \uff5e<\/li>\n\n\n\n<li class=\"\">Har du ingen tanker i hovedet?<br>Ikke noget problem! <a href=\"#maodian\" data-type=\"internal\" data-id=\"#maodian\">Klik for at se vores Prompt Gallery<\/a><\/li>\n<\/ol>\n\n\n\n<p class=\"\">* Du er velkommen til at pr\u00f8ve vores eksempler nedenfor, hvis du ikke har nogen tanker i hovedet.<\/p>\n\n\n\n<h3 class=\"wp-block-heading\" id=\"prompt-examples\">Eksempler p\u00e5 opfordringer<\/h3>\n\n\n\n<ol style=\"font-size:16px\" class=\"wp-block-list\">\n<li class=\"\">Betagende, meget detaljeret grafisk illustration af Morgan Freeman, der k\u00f8rer p\u00e5 en Harley Davidson-motorcykel, m\u00f8rk og dyster.<\/li>\n\n\n\n<li class=\"\">Betagende grafisk romanillustration Midt i den store stjernet\u00e5ge sv\u00e6ver en ensom astronaut fastsp\u00e6ndt til et lysende rumskib. De str\u00e5lende gasser i stjernet\u00e5gen danser rundt og reflekterer levende farver p\u00e5 dragten og skaber en ballet af lys og bev\u00e6gelse.<\/li>\n\n\n\n<li class=\"\">Betagende grafisk romanillustration af Ved en korsvej i en postapokalyptisk \u00f8demark synger en vandrer med en guitar lavet af metalskrot fort\u00e6llinger om den gamle verden. Mutante v\u00e6sener samles omkring lejrb\u00e5let, deres \u00f8jne er fyldt med l\u00e6ngsel.<\/li>\n\n\n\n<li class=\"\">Betagende grafisk romanillustration af et barn, der jager farverige sommerfugle p\u00e5 en livlig eng.<\/li>\n\n\n\n<li class=\"\">Betagende grafisk romanillustration P\u00e5 en strand, hvor b\u00f8lgerne er v\u00e6vet af historier, skaber en historiefort\u00e6ller med en v\u00e6v af m\u00e5neskin fort\u00e6llinger fra tidevandet. Skaller hvisker legender, og horisonten er et billedt\u00e6ppe af eventyr, der endnu ikke er fortalt.<\/li>\n\n\n\n<li class=\"\">Betagende grafisk romanillustration af en falk, der sv\u00e6ver over en \u00f8rken p\u00e5 jagt efter bytte.<\/li>\n\n\n\n<li class=\"\">Betagende grafisk romanillustration Dybt inde i den arktiske cirkel maler et nordlys himlen med levende nuancer af gr\u00f8n, pink og lilla. Sneen nedenunder reflekterer denne lysdans, og verden er indhyllet i en fascinerende farvesymfoni.<\/li>\n\n\n\n<li class=\"\">Betagende grafisk romanillustration af en tatov\u00f8r, der laver et indviklet design p\u00e5 en kundes ryg.<\/li>\n\n\n\n<li class=\"\">Betagende grafisk romanillustration af en kvinde, draperet i farverig silke, der l\u00e6ser tarotkort i et telt oplyst af stearinlys.<\/li>\n\n\n\n<li class=\"\">Betagende grafisk romanillustration af to sp\u00e9l\u00e9ologer, der kortl\u00e6gger en dyb hule med fakler, der lyser vejen op.<\/li>\n<\/ol>\n\n\n\n<figure class=\"gb-block-image gb-block-image-032aac41\"><a href=\"https:\/\/fas.st\/t\/9U4PYbm7\" target=\"_blank\" rel=\"noopener noreferrer\"><img data-recalc-dims=\"1\" decoding=\"async\" loading=\"lazy\" width=\"1200\" height=\"365\" class=\"gb-image gb-image-032aac41\" src=\"https:\/\/i0.wp.com\/aiartfree.online\/wp-content\/uploads\/2025\/03\/WX20250307-115412%402x.webp?resize=1200%2C365&#038;ssl=1\" alt=\"\" title=\"WX20250307-115412@2x\" srcset=\"https:\/\/i0.wp.com\/aiartfree.online\/wp-content\/uploads\/2025\/03\/WX20250307-115412%402x.webp?w=1942&amp;ssl=1 1942w, https:\/\/i0.wp.com\/aiartfree.online\/wp-content\/uploads\/2025\/03\/WX20250307-115412%402x.webp?resize=300%2C91&amp;ssl=1 300w, https:\/\/i0.wp.com\/aiartfree.online\/wp-content\/uploads\/2025\/03\/WX20250307-115412%402x.webp?resize=1024%2C312&amp;ssl=1 1024w, https:\/\/i0.wp.com\/aiartfree.online\/wp-content\/uploads\/2025\/03\/WX20250307-115412%402x.webp?resize=768%2C234&amp;ssl=1 768w, https:\/\/i0.wp.com\/aiartfree.online\/wp-content\/uploads\/2025\/03\/WX20250307-115412%402x.webp?resize=1536%2C467&amp;ssl=1 1536w, https:\/\/i0.wp.com\/aiartfree.online\/wp-content\/uploads\/2025\/03\/WX20250307-115412%402x.webp?resize=18%2C5&amp;ssl=1 18w, https:\/\/i0.wp.com\/aiartfree.online\/wp-content\/uploads\/2025\/03\/WX20250307-115412%402x.webp?resize=600%2C183&amp;ssl=1 600w\" sizes=\"auto, (max-width: 1200px) 100vw, 1200px\" \/><\/a><\/figure>\n\n\n\n<p class=\"\"><em>* Afh\u00e6ngigt af din internethastighed kan det tage et par sekunder at indl\u00e6se modellen.<br>* Der vil v\u00e6re caching under kontinuerlig generering, og det nye billede vil blive vist efter ca. 3 sekunder.<\/em><\/p>\n\n\n\n<div class=\"iframe-wrapper\" style=\"position: relative; width: 100%; height: 1260px;\">\n  <div class=\"loading\" style=\"position: absolute; top: 50px; left: 50%; transform: translate(-50%, -50%); width: 40px; height: 40px; border: 3px solid #f0f0f0; border-top: 3px solid #db7093; border-radius: 50%; animation: spin 1s linear infinite;\"><\/div>\n  <iframe loading=\"lazy\" src=\"https:\/\/prodia-fast-stable-diffusion.hf.space\" frameborder=\"0\" width=\"100%\" height=\"100%\" style=\"position: absolute; top: 0; left: 0; opacity: 0; transition: opacity 0.3s;\" onload=\"this.style.opacity=1;this.previousElementSibling.style.display='none';\"><\/iframe>\n<\/div>\n\n<style>\n@keyframes spin {\n  0% { transform: translate(-50%, -50%) rotate(0deg); }\n  100% { transform: translate(-50%, -50%) rotate(360deg); }\n}\n<\/style>\n\n\n\n<div style=\"text-align: center; border: 2px solid; border-image-source: linear-gradient(to right, #16b86c, #912899); border-image-slice: 1; box-shadow: 0 0 10px rgba(0, 0, 0, 0.1); border-radius: 15px;\">\n  <iframe loading=\"lazy\"\n    src=\"https:\/\/doevent-stable-diffusion-prompt-generator.hf.space\"\n    frameborder=\"0\"\n    width=\"100%\"\n    height=\"900\"\n    style=\"display: inline-block; margin: 0 auto;\"\n  ><\/iframe>\n<\/div>\n\n\n\n<div style=\"height:50px\" aria-hidden=\"true\" class=\"wp-block-spacer\"><\/div>\n\n\n\n<h2 class=\"wp-block-heading has-text-align-center\" id=\"drawing-prompts-gallery-of-stable-diffusion\">Tegneanvisninger Galleri af stabil diffusion<\/h2>\n\n\n\n<h3 class=\"wp-block-heading\" id=\"how-to-use-it\">Hvordan bruger man det?<\/h3>\n\n\n\n<ol class=\"wp-block-list\">\n<li class=\"\">Klik p\u00e5 ikonet \u00f8verst til h\u00f8jre i billedet for at duplikere beskeden<\/li>\n\n\n\n<li class=\"\">Rul op og inds\u00e6t din revolutionerede prompt til generationen<\/li>\n<\/ol>\n\n\n\n<div style=\"text-align: center; border: 2px solid; border-image-source: linear-gradient(to right, #16b86c, #912899); border-image-slice: 1; box-shadow: 0 0 10px rgba(0, 0, 0, 0.1); border-radius: 15px; position: relative;\">\n  <div id=\"loading\" style=\"position: absolute; top: 100px; left: 50%; transform: translate(-50%, -50%); z-index: 1000;\">\n    <div style=\"width: 50px; height: 50px; border: 5px solid #f3f3f3; border-top: 5px solid #16b86c; border-radius: 50%; animation: spin 1s linear infinite;\"><\/div>\n  <\/div>\n  <iframe loading=\"lazy\"\n    src=\"https:\/\/prithivmlmods-top-prompt-collection.static.hf.space\"\n    frameborder=\"0\"\n    width=\"100%\"\n    height=\"2600\"\n    style=\"display: inline-block; margin: 0 auto;\"\n    onload=\"document.getElementById('loading').style.display='none';\"\n  ><\/iframe>\n<\/div>\n\n<style>\n  @keyframes spin {\n    0% { transform: rotate(0deg); }\n    100% { transform: rotate(360deg); }\n  }\n<\/style>\n\n\n\n<div style=\"height:50px\" aria-hidden=\"true\" class=\"wp-block-spacer\"><\/div>\n\n\n\n<h2 class=\"wp-block-heading\" id=\"introduction-of-free-online-stable-diffusion-3\">Introduktion af gratis online stabil diffusion 3<\/h2>\n\n\n\n<p class=\"\">Opdag, hvordan Free Online Stable Diffusion 3 revolutionerer verdenen af AI-genereret kunst. Denne guide d\u00e6kker alt, hvad du har brug for at vide om dette kraftfulde v\u00e6rkt\u00f8j, fra dets definition og fordele til dets ideelle brugere og ofte stillede sp\u00f8rgsm\u00e5l.<\/p>\n\n\n\n<div class=\"wp-block-rank-math-toc-block\" id=\"rank-math-toc\"><h3>Indholdsfortegnelse<\/h3><nav><ul><li><a href=\"#how-to-use-it\">Hvordan bruger man det?<\/a><\/li><li><a href=\"#\ufffc-what-is-free-online-stable-diffusion-3\">\ufffcHvad er Free Online Stable Diffusion 3?<\/a><\/li><li><a href=\"#\ufffc-why-use-free-online-stable-diffusion-3\">\ufffcHvorfor bruge gratis online stabil diffusion 3?<\/a><\/li><li><a href=\"#\ufffc-benefits-of-using-free-online-stable-diffusion-3\">\ufffcFordelene ved at bruge gratis online stabil diffusion 3<\/a><\/li><li><a href=\"#\ufffc-when-to-use-free-online-stable-diffusion-3\">\ufffc Hvorn\u00e5r skal man bruge gratis online stabil diffusion 3<\/a><\/li><li><a href=\"#\ufffc-who-can-benefit-from-free-online-stable-diffusion-3\">\ufffcHvem kan f\u00e5 gavn af gratis online stabil diffusion 3<\/a><\/li><li><a href=\"#\ufffc-free-online-stable-diffusion-3-tools-and-resources\">\ufffcGratis online v\u00e6rkt\u00f8jer og ressourcer til stabil diffusion 3<\/a><\/li><li><a href=\"#\ufffcfaq-frequently-asked-questions-about-free-online-stable-diffusion-3\">\ufffcFAQ: Ofte stillede sp\u00f8rgsm\u00e5l om Free Online Stable Diffusion 3<\/a><\/li><\/ul><\/nav><\/div>\n\n\n\n<h3 class=\"wp-block-heading\" id=\"\ufffc-what-is-free-online-stable-diffusion-3\"><a href=\"https:\/\/dromerosm-groq-llama3.hf.space\/#57aaf246\" target=\"_blank\" rel=\"noopener\"><\/a>Hvad er Free Online Stable Diffusion 3?<\/h3>\n\n\n\n<p class=\"\">Free Online Stable Diffusion 3 er en type kunstig intelligens (AI)-model, der giver brugerne mulighed for at generere billeder og videoer i h\u00f8j kvalitet ved hj\u00e6lp af tekstbeskeder. Denne innovative teknologi har revolutioneret omr\u00e5det for AI-genereret indhold og giver brugerne mulighed for at skabe fantastiske billeder uden at kr\u00e6ve omfattende kunstneriske f\u00e6rdigheder.<\/p>\n\n\n\n<h3 class=\"wp-block-heading\" id=\"\ufffc-why-use-free-online-stable-diffusion-3\"><a href=\"https:\/\/dromerosm-groq-llama3.hf.space\/#1b6e5ba1\" target=\"_blank\" rel=\"noopener\"><\/a>Hvorfor bruge gratis online stabil diffusion 3?<\/h3>\n\n\n\n<p class=\"\">Free Online Stable Diffusion 3 giver mange fordele for b\u00e5de enkeltpersoner og virksomheder. Denne teknologi kan bruges til at skabe i\u00f8jnefaldende reklamer, indhold til sociale medier og endda hele historier. Dens anvendelsesmuligheder er ubegr\u00e6nsede, og dens evne til at skabe billeder af h\u00f8j kvalitet har gjort den til et vigtigt v\u00e6rkt\u00f8j for mange brancher, herunder marketing, underholdning og uddannelse.<\/p>\n\n\n\n<h3 class=\"wp-block-heading\" id=\"\ufffc-benefits-of-using-free-online-stable-diffusion-3\"><a href=\"https:\/\/dromerosm-groq-llama3.hf.space\/#10ad74a\" target=\"_blank\" rel=\"noopener\"><\/a>Fordele ved at bruge gratis online stabil diffusion 3<\/h3>\n\n\n\n<p class=\"\">Her er nogle af fordelene ved at bruge Free Online Stable Diffusion 3:<\/p>\n\n\n\n<ul class=\"wp-block-list\">\n<li class=\"\"><strong>Uovertruffen billedkvalitet<\/strong>: Free Online Stable Diffusion 3 genererer billeder, der kan sammenlignes med dem, der er skabt af professionelle kunstnere.<\/li>\n\n\n\n<li class=\"\"><strong>Tidseffektivt<\/strong>: Denne teknologi giver brugerne mulighed for at skabe billeder af h\u00f8j kvalitet p\u00e5 f\u00e5 minutter, hvilket sparer tid og kr\u00e6fter.<\/li>\n\n\n\n<li class=\"\"><strong>Omkostningseffektiv<\/strong>: Gratis online Stable Diffusion 3 eliminerer behovet for at hyre professionelle kunstnere eller k\u00f8be dyr software.<\/li>\n<\/ul>\n\n\n\n<h3 class=\"wp-block-heading\" id=\"\ufffc-when-to-use-free-online-stable-diffusion-3\"><a href=\"https:\/\/dromerosm-groq-llama3.hf.space\/#fa570b08\" target=\"_blank\" rel=\"noopener\"><\/a>Hvorn\u00e5r skal man bruge gratis online stabil diffusion 3<\/h3>\n\n\n\n<p class=\"\">Free Online Stable Diffusion 3 er velegnet til forskellige scenarier, herunder:<\/p>\n\n\n\n<ul class=\"wp-block-list\">\n<li class=\"\"><strong>Markedsf\u00f8ringskampagner<\/strong>: Skab i\u00f8jnefaldende reklamer og indhold til sociale medier for at fange din m\u00e5lgruppes opm\u00e6rksomhed.<\/li>\n\n\n\n<li class=\"\"><strong>Historiefort\u00e6lling<\/strong>: Brug Free Online Stable Diffusion 3 til at skabe hele historier, inklusive figurer, baggrunde og rekvisitter.<\/li>\n\n\n\n<li class=\"\"><strong>Uddannelse<\/strong>: Udnyt denne teknologi til at skabe interaktivt og engagerende uddannelsesindhold.<\/li>\n<\/ul>\n\n\n\n<h3 class=\"wp-block-heading\" id=\"\ufffc-who-can-benefit-from-free-online-stable-diffusion-3\"><a href=\"https:\/\/dromerosm-groq-llama3.hf.space\/#8a0a08f4\" target=\"_blank\" rel=\"noopener\"><\/a>Hvem kan f\u00e5 gavn af gratis online stabil diffusion 3<\/h3>\n\n\n\n<p class=\"\">Free Online Stable Diffusion 3 kan v\u00e6re til gavn for forskellige personer og brancher, herunder:<\/p>\n\n\n\n<ul class=\"wp-block-list\">\n<li class=\"\"><strong>Markedsf\u00f8rere<\/strong>: Skab billeder af h\u00f8j kvalitet til marketingkampagner.<\/li>\n\n\n\n<li class=\"\"><strong>Kunstnere<\/strong>: F\u00e5 inspiration til deres kunstv\u00e6rker eller brug det som et v\u00e6rkt\u00f8j til at skabe nye v\u00e6rker.<\/li>\n\n\n\n<li class=\"\"><strong>P\u00e6dagoger<\/strong>: Skab interaktivt og engagerende uddannelsesindhold.<\/li>\n<\/ul>\n\n\n\n<h3 class=\"wp-block-heading\" id=\"\ufffc-free-online-stable-diffusion-3-tools-and-resources\"><a href=\"https:\/\/dromerosm-groq-llama3.hf.space\/#d1f9532f\" target=\"_blank\" rel=\"noopener\"><\/a>Gratis online v\u00e6rkt\u00f8jer og ressourcer til stabil diffusion 3<\/h3>\n\n\n\n<p class=\"\">Her er nogle online ressourcer og v\u00e6rkt\u00f8jer, som kan hj\u00e6lpe dig med at komme i gang med Free Online Stable Diffusion 3:<\/p>\n\n\n\n<figure class=\"wp-block-table\"><table class=\"has-fixed-layout\"><thead><tr><th>Ressource<\/th><th>Beskrivelse<\/th><th>Hjemmeside<\/th><\/tr><\/thead><tbody><tr><td>AI-kunst gratis online<\/td><td>En platform, der tilbyder en gratis online stabil diffusionsmodel 3<\/td><td><a href=\"https:\/\/aiartfree.online\/da\/gratis-online-stabil-diffusion-3\/\" target=\"_blank\" rel=\"noreferrer noopener\">https:\/\/aiartfree.online\/free-online-stable-diffusion-3<\/a><\/td><\/tr><tr><td>Stabil diffusion 3 GitHub<\/td><td>Det officielle GitHub-arkiv for Stable Diffusion 3<\/td><td><a href=\"https:\/\/github.com\/stablediffusion\/stablediffusion-3\" target=\"_blank\" rel=\"noreferrer noopener\">https:\/\/github.com\/stablediffusion\/stablediffusion-3<\/a><\/td><\/tr><tr><td>AI-genereret kunstf\u00e6llesskab<\/td><td>Et f\u00e6llesskab, der diskuterer AI-genereret kunst og Stable Diffusion 3<\/td><td><a href=\"https:\/\/www.ai-generated-art.com\/\" target=\"_blank\" rel=\"noreferrer noopener\">https:\/\/www.ai-generated-art.com\/<\/a><\/td><\/tr><tr><td>&#8230;<\/td><td>&#8230;<\/td><td>&#8230;<\/td><\/tr><\/tbody><\/table><\/figure>\n\n\n\n<p class=\"\"><strong>Fordele:<\/strong><\/p>\n\n\n\n<ul class=\"wp-block-list\">\n<li class=\"\">Brugervenlig gr\u00e6nseflade<\/li>\n\n\n\n<li class=\"\">Generering af billeder i h\u00f8j kvalitet<\/li>\n\n\n\n<li class=\"\">Omkostningseffektiv<\/li>\n<\/ul>\n\n\n\n<p class=\"\"><strong>Ulemper:<\/strong><\/p>\n\n\n\n<ul class=\"wp-block-list\">\n<li class=\"\">Begr\u00e6nsede tilpasningsmuligheder<\/li>\n\n\n\n<li class=\"\">Kr\u00e6ver teknisk viden<\/li>\n<\/ul>\n\n\n\n<p class=\"\"><strong>Udfordringer:<\/strong><\/p>\n\n\n\n<ul class=\"wp-block-list\">\n<li class=\"\">Sikring af, at de genererede billeder ikke er forudindtagede<\/li>\n\n\n\n<li class=\"\">H\u00e5ndtering af sp\u00f8rgsm\u00e5l om ophavsret og ejerskab<\/li>\n<\/ul>\n\n\n\n<p class=\"\"><strong>Anbefaling:<\/strong><\/p>\n\n\n\n<p class=\"\">Baseret p\u00e5 vores forskning anbefaler vi at bruge&nbsp;<a href=\"https:\/\/aiartfree.online\/da\/gratis-online-stabil-diffusion-3\/\" target=\"_blank\" rel=\"noreferrer noopener\">AI-kunst gratis online<\/a>&nbsp;for sin brugervenlige gr\u00e6nseflade og billedgenerering i h\u00f8j kvalitet.<\/p>\n\n\n\n<h3 class=\"wp-block-heading\" id=\"\ufffcfaq-frequently-asked-questions-about-free-online-stable-diffusion-3\"><a href=\"https:\/\/dromerosm-groq-llama3.hf.space\/#5a006b1f\" target=\"_blank\" rel=\"noopener\"><\/a>OFTE STILLEDE SP\u00d8RGSM\u00c5L: Ofte stillede sp\u00f8rgsm\u00e5l om Free Online Stable Diffusion 3<\/h3>\n\n\n\n<p class=\"\">Her er nogle ofte stillede sp\u00f8rgsm\u00e5l om Free Online Stable Diffusion 3:<\/p>\n\n\n\n<p class=\"\"><strong>Q1: Er Free Online Stable Diffusion 3 gratis at bruge?<\/strong>&nbsp;A1: Ja, Free Online Stable Diffusion 3 er gratis at bruge med mulighed for betalte opgraderinger.<\/p>\n\n\n\n<p class=\"\"><strong>Q2: Kan jeg bruge Free Online Stable Diffusion 3 til kommercielle form\u00e5l?<\/strong>&nbsp;A2: Ja, du kan bruge Free Online Stable Diffusion 3 til kommercielle form\u00e5l, men du skal sikre dig, at du overholder vilk\u00e5rene for brug.<\/p>\n\n\n\n<p class=\"\"><strong>Q3: Hvor lang tid tager det at generere et billede ved hj\u00e6lp af Free Online Stable Diffusion 3?<\/strong>&nbsp;A3: Generationstiden afh\u00e6nger af billedets kompleksitet og de anvendte beregningsressourcer. I gennemsnit tager det omkring 1-5 minutter at generere et billede.<\/p>\n\n\n\n<p class=\"\"><strong>Q4: Kan jeg tilpasse de genererede billeder?<\/strong>&nbsp;A4: Ja, du kan tilpasse de genererede billeder ved hj\u00e6lp af forskellige v\u00e6rkt\u00f8jer og teknikker, herunder redigeringssoftware og stiloverf\u00f8rselsalgoritmer.<\/p>\n\n\n\n<p class=\"\"><strong>Q5: Er Free Online Stable Diffusion 3 velegnet til begyndere?<\/strong>&nbsp;A5: Ja, Free Online Stable Diffusion 3 er velegnet til begyndere med en intuitiv brugerflade og v\u00e6rkt\u00f8jstip, der guider dig gennem processen.<\/p>\n\n\n\n<p class=\"\"><strong>Q6: Kan jeg bruge Free Online Stable Diffusion 3 til at generere video?<\/strong>&nbsp;A6: Ja, Free Online Stable Diffusion 3 kan bruges til videogenerering, s\u00e5 du kan skabe fantastiske videoer med minimal indsats.<\/p>\n\n\n\n<p class=\"\"><strong>Q7: Er der nogen begr\u00e6nsninger i brugen af Free Online Stable Diffusion 3?<\/strong>&nbsp;A7: Ja, der er begr\u00e6nsninger ved at bruge Free Online Stable Diffusion 3, herunder begr\u00e6nsede tilpasningsmuligheder og potentielle sk\u00e6vheder i de genererede billeder.<\/p>\n\n\n\n<p class=\"\"><strong>Q8: Kan jeg bruge Free Online Stable Diffusion 3 til historiefort\u00e6lling?<\/strong>&nbsp;A8: Ja, Free Online Stable Diffusion 3 kan bruges til historiefort\u00e6lling, s\u00e5 du kan skabe hele historier med figurer, baggrunde og rekvisitter.<\/p>\n\n\n\n<p class=\"\"><strong>Q9: Er Free Online Stable Diffusion 3 velegnet til uddannelse?<\/strong>&nbsp;A9: Ja, Free Online Stable Diffusion 3 er velegnet til undervisning og g\u00f8r det muligt for undervisere at skabe interaktivt og engagerende undervisningsindhold.<\/p>\n\n\n\n<p class=\"\"><strong>Q10: Hvordan kommer jeg i gang med Free Online Stable Diffusion 3?<\/strong>&nbsp;A10: For at komme i gang med Free Online Stable Diffusion 3 skal du blot bes\u00f8ge hjemmesiden, oprette en konto og f\u00f8lge vejledningerne og retningslinjerne.<\/p>","protected":false},"excerpt":{"rendered":"<p>What our users made How to use the Free Free Online Stable Diffusion 3 * Feel free to try our examples below if you don&#8217;t have any thoughts in your mind Prompt Examples *&nbsp;Depending on your internet speed, loading the model may take a few seconds.* There will be caching during continuous generation, and the &#8230; <a title=\"Gratis online stabil diffusion 3\" class=\"read-more\" href=\"https:\/\/aiartfree.online\/da\/gratis-online-stabil-diffusion-3\/\" aria-label=\"Read more about Free Online Stable Diffusion 3\">L\u00e6s mere <\/a><\/p>","protected":false},"author":1,"featured_media":0,"parent":0,"menu_order":0,"comment_status":"open","ping_status":"closed","template":"","meta":{"nf_dc_page":"","footnotes":""},"class_list":["post-2888","page","type-page","status-publish"],"jetpack_sharing_enabled":true,"_links":{"self":[{"href":"https:\/\/aiartfree.online\/da\/wp-json\/wp\/v2\/pages\/2888","targetHints":{"allow":["GET"]}}],"collection":[{"href":"https:\/\/aiartfree.online\/da\/wp-json\/wp\/v2\/pages"}],"about":[{"href":"https:\/\/aiartfree.online\/da\/wp-json\/wp\/v2\/types\/page"}],"author":[{"embeddable":true,"href":"https:\/\/aiartfree.online\/da\/wp-json\/wp\/v2\/users\/1"}],"replies":[{"embeddable":true,"href":"https:\/\/aiartfree.online\/da\/wp-json\/wp\/v2\/comments?post=2888"}],"version-history":[{"count":1,"href":"https:\/\/aiartfree.online\/da\/wp-json\/wp\/v2\/pages\/2888\/revisions"}],"predecessor-version":[{"id":3592,"href":"https:\/\/aiartfree.online\/da\/wp-json\/wp\/v2\/pages\/2888\/revisions\/3592"}],"wp:attachment":[{"href":"https:\/\/aiartfree.online\/da\/wp-json\/wp\/v2\/media?parent=2888"}],"curies":[{"name":"wp","href":"https:\/\/api.w.org\/{rel}","templated":true}]}}